{"id":43632,"date":"2021-05-27T17:54:55","date_gmt":"2021-05-27T15:54:56","guid":{"rendered":"https:\/\/www.2twentyscooters.com\/?post_type=product&#038;p=43632"},"modified":"2022-04-08T13:37:35","modified_gmt":"2022-04-08T11:37:35","slug":"scooter-2twenty-roma-4800-black","status":"publish","type":"product","link":"https:\/\/www.2twentyscooters.com\/pt\/produto\/scooter-2twenty-roma-4800-black\/","title":{"rendered":"Scooter 2Twenty Roma 4800 &#8211; preta"},"content":{"rendered":"<p>Temos o orgulho de apresentar a mais recente adi\u00e7\u00e3o \u00e0 fam\u00edlia 2Twenty: a Roma 4800, a nossa primeira scooter el\u00e9trica equivalente a 125 cc!<br \/>\nEncontramos a mesma carroceria com um design retro atemporal do <a href=\"https:\/\/www.2twentyscooters.com\/produit\/scooter-electrique-2twenty-roma-argente\/\">Roma 2900,<\/a> bem como todas as inova\u00e7\u00f5es da s\u00e9rie 3 (dois modos de acelera\u00e7\u00e3o, fun\u00e7\u00e3o TRIP, far\u00f3is de LED, etc.) conduzida por um novo motor de 4.800 Watts que permitir\u00e3o a voc\u00ea ir at\u00e9 80 km \/ h. E isso n\u00e3o \u00e9 tudo, o Roma 4800 inclui os seguintes outros novos recursos em compara\u00e7\u00e3o com o 2900:<br \/>\n&#8211; rodas de 12 polegadas em vez de 10<br \/>\n&#8211; Amortecedores dianteiro e traseiro refor\u00e7ados<br \/>\n&#8211; Distribui\u00e7\u00e3o de freios dos freios CBS (Sistema de Frenagem Combinado)<br \/>\n&#8211; Controlador duplo (um por bateria)<br \/>\n&#8211; Vendido com um carregador cl\u00e1ssico de 6h e um carregador r\u00e1pido de 2h<\/p>\n<p>O Roma 4800 requer duas baterias montadas em paralelo para conduzir. Como no 2900, s\u00e3o baterias de l\u00edtio remov\u00edveis de 72V \/ 20Ah pesando aproximadamente 10 kg cada, que s\u00e3o alojadas sob a sela e s\u00e3o recarregadas em qualquer tomada padr\u00e3o de 220 V. Elas fornecem um alcance de aproximadamente 80 km. E cada uma tem um indicador LED de carga diretamente ligado a bateria, bem como seu pr\u00f3prio GFCI dentro da scooter.<br \/>\nDada a pot\u00eancia do motor, \u00e9 necess\u00e1rio possuir uma licen\u00e7a de duas rodas A1 (acess\u00edvel a partir dos 16 anos) para conduzir o Roma 4800.<br \/>\nSe pretende uma scooter que combine a pot\u00eancia de um equivalente a 125 cc com o conforto de utiliza\u00e7\u00e3o de uma scooter el\u00e9ctrica, respeitando o ambiente e sem necessidade de manuten\u00e7\u00e3o, a Roma 4800 \u00e9 para si!<\/p>\n<p><a href=\"https:\/\/www.2twentyscooters.com\/wp-content\/uploads\/2021\/05\/Manuel-utilisation-4800-17-09-20.pdf\" target=\"_blank\" rel=\"noopener noreferrer\"><span style=\"color: #339966;\"><strong>Fax<\/strong><\/span><span style=\"color: #339966;\"><strong> harger instru\u00e7\u00f5es de uso:<\/strong><\/span> Manual do usu\u00e1rio 2Twenty Roma 4800 <\/a><br \/>\n<span style=\"color: #339966;\"><strong>T<\/strong><\/span><a href=\"https:\/\/www.2twentyscooters.com\/tutoriels-dinstallation-et-reparation\/\" target=\"_blank\" rel=\"noopener noreferrer\"><span style=\"color: #339966;\"><strong> ferramentas de instala\u00e7\u00e3o e reparo<\/strong> :<\/span> Tutoriais<\/a><\/p>\n<p><strong>INFORMA\u00c7\u00d5ES T\u00c9CNICAS:<\/strong><\/p>\n<p>&#8211; Velocidade m\u00e1xima: 80 km \/ h<br \/>\n&#8211; Autonomia: 80 km<br \/>\n&#8211; Garantia: 2 anos (scooter e bateria)<br \/>\n&#8211; 2 modos de acelera\u00e7\u00e3o: esporte (forte acelera\u00e7\u00e3o) ou economia de energia (acelera\u00e7\u00e3o suave) &#8211;<a href=\"https:\/\/youtu.be\/g5Cn0TvuDmk\"> Clique aqui para ver o processo<\/a>.<br \/>\n&#8211; 2 baterias de l\u00edtio remov\u00edveis de 72V \/ 20 Ah com indicador de carga LED integrado. Requer ambos conectados em paralelo ao inversor.<br \/>\n&#8211; N\u00edvel de carga preciso indicado em% no medidor (comunica\u00e7\u00e3o BMS) para cada bateria<br \/>\n&#8211; Fun\u00e7\u00e3o TRIP com bot\u00e3o direito no guiador<br \/>\n&#8211; Tempo de carregamento: 50% em 2 he 100% em 6 h. O carregador pode ser conectado diretamente \u00e0 bateria ou ao soquete localizado no porta-luvas lateral.<br \/>\n&#8211; N\u00famero de ciclos: 900 (ou seja, cerca de 60.000 km para as duas baterias)<br \/>\n&#8211; Pot\u00eancia do motor: 4.800 Watts<br \/>\n&#8211; Torque do motor: 67,6 Nm<br \/>\n&#8211; Consumo \/ 100 km: 3,5 kWh<br \/>\n&#8211; Freio a disco dianteiro e traseiro com pin\u00e7a de pist\u00e3o duplo hidr\u00e1ulico, tecnologia CBS (distribuidor de freio)<br \/>\n&#8211; Amortecedores dianteiros cromados com mola e pist\u00e3o<br \/>\n&#8211; Far\u00f3is dianteiros e traseiros de LED de baixo consumo<br \/>\n&#8211; Pneus: 3,5-12 &#8220;Tubeless<br \/>\n&#8211; Press\u00e3o dos pneus: dianteiro 2,8 bar \/ traseiro 2,8 bar<br \/>\n&#8211; Peso (com baterias): 90 kg<br \/>\n&#8211; Peso da bateria: 10 kg<br \/>\n&#8211; Peso m\u00e1ximo a bordo: 150 Kg<br \/>\n&#8211; Comprimento 189 cm<br \/>\n&#8211; Largura: 78,5 cm<br \/>\n&#8211; Altura: 111 cm (diagrama em anexo)<br \/>\n&#8211; Altura do assento: 82 cm<\/p>\n<p><strong>Importante<\/strong> : verifique cuidadosamente a press\u00e3o dos pneus: 2,8 bar \u00e0 frente e atr\u00e1s. Se os pneus n\u00e3o est\u00e3o suficientemente cheios, isso reduz a velocidade m\u00e1xima, bem como a autonomia.<\/p>\n","protected":false},"excerpt":{"rendered":"<p>Scooter el\u00e9trica de dois lugares, requer licen\u00e7a A1 (duas rodas), equivalente a 125 cc<br \/>\n&#8211; Velocidade m\u00e1xima: 80 km \/ h<br \/>\n&#8211; Pot\u00eancia: 4.800 Watts<br \/>\n&#8211; Autonomia: 80 km com 2 baterias<br \/>\n&#8211; Baterias de l\u00edtio remov\u00edveis 10 Kg<br \/>\n&#8211; Vida \u00fatil da bateria: 900 ciclos (aproximadamente 60.000 km para duas baterias)<br \/>\n&#8211; Garantia de dois anos (scooter e bateria)<\/p>\n<p><strong><a href=\"https:\/\/www.2twentyscooters.com\/pt\/opcao-de-financiamento\/\">Cr\u00e9dito a partir de 95\u20ac \/ m\u00eas (60 m\u00eas)<\/a><\/strong><\/p>\n","protected":false},"featured_media":45550,"comment_status":"closed","ping_status":"closed","template":"","meta":[],"product_cat":[171],"product_tag":[],"yoast_head":"<!-- This site is optimized with the Yoast SEO plugin v18.4.1 - https:\/\/yoast.com\/wordpress\/plugins\/seo\/ -->\n<title>Compre uma scooter el\u00e9trica com um visual retr\u00f4. 2Twenty \u00e9 um ve\u00edculo de duas rodas franc\u00eas<\/title>\n<meta name=\"description\" content=\"Compre uma scooter el\u00e9trica 2Twenty com um look retro. Motor de 2900 watts, 65 ou 130km de autonomia com 1 ou 2 baterias remov\u00edveis. Garantimos tudo por 2 anos\" \/>\n<meta name=\"robots\" content=\"index, follow, max-snippet:-1, max-image-preview:large, max-video-preview:-1\" \/>\n<link rel=\"canonical\" href=\"https:\/\/www.2twentyscooters.com\/pt\/produto\/scooter-2twenty-roma-4800-black\/\" \/>\n<meta property=\"og:locale\" content=\"pt_PT\" \/>\n<meta property=\"og:type\" content=\"article\" \/>\n<meta property=\"og:title\" content=\"Compre uma scooter el\u00e9trica com um visual retr\u00f4. 2Twenty \u00e9 um ve\u00edculo de duas rodas franc\u00eas\" \/>\n<meta property=\"og:description\" content=\"Compre uma scooter el\u00e9trica 2Twenty com um look retro. Motor de 2900 watts, 65 ou 130km de autonomia com 1 ou 2 baterias remov\u00edveis. Garantimos tudo por 2 anos\" \/>\n<meta property=\"og:url\" content=\"https:\/\/www.2twentyscooters.com\/pt\/produto\/scooter-2twenty-roma-4800-black\/\" \/>\n<meta property=\"og:site_name\" content=\"2Twenty Scooter \u00e9lectrique\" \/>\n<meta property=\"article:modified_time\" content=\"2022-04-08T11:37:35+00:00\" \/>\n<meta property=\"og:image\" content=\"https:\/\/www.2twentyscooters.com\/wp-content\/uploads\/2021\/07\/Roma-4800-noir-1.jpg\" \/>\n\t<meta property=\"og:image:width\" content=\"800\" \/>\n\t<meta property=\"og:image:height\" content=\"600\" \/>\n\t<meta property=\"og:image:type\" content=\"image\/jpeg\" \/>\n<meta name=\"twitter:card\" content=\"summary\" \/>\n<meta name=\"twitter:label1\" content=\"Est. reading time\" \/>\n\t<meta name=\"twitter:data1\" content=\"3 minutos\" \/>\n<script type=\"application\/ld+json\" class=\"yoast-schema-graph\">{\"@context\":\"https:\/\/schema.org\",\"@graph\":[{\"@type\":\"Organization\",\"@id\":\"https:\/\/www.2twentyscooters.com\/en\/#organization\",\"name\":\"2twentyscooters\",\"url\":\"https:\/\/www.2twentyscooters.com\/en\/\",\"sameAs\":[],\"logo\":{\"@type\":\"ImageObject\",\"@id\":\"https:\/\/www.2twentyscooters.com\/en\/#logo\",\"inLanguage\":\"pt-AO\",\"url\":\"https:\/\/www.2twentyscooters.com\/wp-content\/uploads\/2022\/03\/2twenty-scooters-logo.png\",\"contentUrl\":\"https:\/\/www.2twentyscooters.com\/wp-content\/uploads\/2022\/03\/2twenty-scooters-logo.png\",\"width\":342,\"height\":55,\"caption\":\"2twentyscooters\"},\"image\":{\"@id\":\"https:\/\/www.2twentyscooters.com\/en\/#logo\"}},{\"@type\":\"WebSite\",\"@id\":\"https:\/\/www.2twentyscooters.com\/en\/#website\",\"url\":\"https:\/\/www.2twentyscooters.com\/en\/\",\"name\":\"2Twenty Scooter \u00e9lectrique\",\"description\":\"\",\"publisher\":{\"@id\":\"https:\/\/www.2twentyscooters.com\/en\/#organization\"},\"potentialAction\":[{\"@type\":\"SearchAction\",\"target\":{\"@type\":\"EntryPoint\",\"urlTemplate\":\"https:\/\/www.2twentyscooters.com\/en\/?s={search_term_string}\"},\"query-input\":\"required name=search_term_string\"}],\"inLanguage\":\"pt-AO\"},{\"@type\":\"ImageObject\",\"@id\":\"https:\/\/www.2twentyscooters.com\/pt\/produto\/scooter-2twenty-roma-4800-black\/#primaryimage\",\"inLanguage\":\"pt-AO\",\"url\":\"https:\/\/www.2twentyscooters.com\/wp-content\/uploads\/2021\/07\/Roma-4800-noir-1.jpg\",\"contentUrl\":\"https:\/\/www.2twentyscooters.com\/wp-content\/uploads\/2021\/07\/Roma-4800-noir-1.jpg\",\"width\":800,\"height\":600,\"caption\":\"Scooter electrique 125 cc Roma 4800 Noir\"},{\"@type\":\"WebPage\",\"@id\":\"https:\/\/www.2twentyscooters.com\/pt\/produto\/scooter-2twenty-roma-4800-black\/#webpage\",\"url\":\"https:\/\/www.2twentyscooters.com\/pt\/produto\/scooter-2twenty-roma-4800-black\/\",\"name\":\"Compre uma scooter el\u00e9trica com um visual retr\u00f4. 2Twenty \u00e9 um ve\u00edculo de duas rodas franc\u00eas\",\"isPartOf\":{\"@id\":\"https:\/\/www.2twentyscooters.com\/en\/#website\"},\"primaryImageOfPage\":{\"@id\":\"https:\/\/www.2twentyscooters.com\/pt\/produto\/scooter-2twenty-roma-4800-black\/#primaryimage\"},\"datePublished\":\"2021-05-27T15:54:56+00:00\",\"dateModified\":\"2022-04-08T11:37:35+00:00\",\"description\":\"Compre uma scooter el\u00e9trica 2Twenty com um look retro. Motor de 2900 watts, 65 ou 130km de autonomia com 1 ou 2 baterias remov\u00edveis. Garantimos tudo por 2 anos\",\"breadcrumb\":{\"@id\":\"https:\/\/www.2twentyscooters.com\/pt\/produto\/scooter-2twenty-roma-4800-black\/#breadcrumb\"},\"inLanguage\":\"pt-AO\",\"potentialAction\":[{\"@type\":\"ReadAction\",\"target\":[\"https:\/\/www.2twentyscooters.com\/pt\/produto\/scooter-2twenty-roma-4800-black\/\"]}]},{\"@type\":\"BreadcrumbList\",\"@id\":\"https:\/\/www.2twentyscooters.com\/pt\/produto\/scooter-2twenty-roma-4800-black\/#breadcrumb\",\"itemListElement\":[{\"@type\":\"ListItem\",\"position\":1,\"name\":\"Home\",\"item\":\"https:\/\/www.2twentyscooters.com\/pt\/homenew\/\"},{\"@type\":\"ListItem\",\"position\":2,\"name\":\"Loja\",\"item\":\"https:\/\/www.2twentyscooters.com\/pt\/loja\/\"},{\"@type\":\"ListItem\",\"position\":3,\"name\":\"Scooter\",\"item\":\"https:\/\/www.2twentyscooters.com\/pt\/categoria-produto\/scooter\/\"},{\"@type\":\"ListItem\",\"position\":4,\"name\":\"Scooter 2Twenty Roma 4800 &#8211; preta\"}]}]}<\/script>\n<!-- \/ Yoast SEO plugin. -->","yoast_head_json":{"title":"Compre uma scooter el\u00e9trica com um visual retr\u00f4. 2Twenty \u00e9 um ve\u00edculo de duas rodas franc\u00eas","description":"Compre uma scooter el\u00e9trica 2Twenty com um look retro. Motor de 2900 watts, 65 ou 130km de autonomia com 1 ou 2 baterias remov\u00edveis. Garantimos tudo por 2 anos","robots":{"index":"index","follow":"follow","max-snippet":"max-snippet:-1","max-image-preview":"max-image-preview:large","max-video-preview":"max-video-preview:-1"},"canonical":"https:\/\/www.2twentyscooters.com\/pt\/produto\/scooter-2twenty-roma-4800-black\/","og_locale":"pt_PT","og_type":"article","og_title":"Compre uma scooter el\u00e9trica com um visual retr\u00f4. 2Twenty \u00e9 um ve\u00edculo de duas rodas franc\u00eas","og_description":"Compre uma scooter el\u00e9trica 2Twenty com um look retro. Motor de 2900 watts, 65 ou 130km de autonomia com 1 ou 2 baterias remov\u00edveis. Garantimos tudo por 2 anos","og_url":"https:\/\/www.2twentyscooters.com\/pt\/produto\/scooter-2twenty-roma-4800-black\/","og_site_name":"2Twenty Scooter \u00e9lectrique","article_modified_time":"2022-04-08T11:37:35+00:00","og_image":[{"width":800,"height":600,"url":"https:\/\/www.2twentyscooters.com\/wp-content\/uploads\/2021\/07\/Roma-4800-noir-1.jpg","type":"image\/jpeg"}],"twitter_card":"summary","twitter_misc":{"Est. reading time":"3 minutos"},"schema":{"@context":"https:\/\/schema.org","@graph":[{"@type":"Organization","@id":"https:\/\/www.2twentyscooters.com\/en\/#organization","name":"2twentyscooters","url":"https:\/\/www.2twentyscooters.com\/en\/","sameAs":[],"logo":{"@type":"ImageObject","@id":"https:\/\/www.2twentyscooters.com\/en\/#logo","inLanguage":"pt-AO","url":"https:\/\/www.2twentyscooters.com\/wp-content\/uploads\/2022\/03\/2twenty-scooters-logo.png","contentUrl":"https:\/\/www.2twentyscooters.com\/wp-content\/uploads\/2022\/03\/2twenty-scooters-logo.png","width":342,"height":55,"caption":"2twentyscooters"},"image":{"@id":"https:\/\/www.2twentyscooters.com\/en\/#logo"}},{"@type":"WebSite","@id":"https:\/\/www.2twentyscooters.com\/en\/#website","url":"https:\/\/www.2twentyscooters.com\/en\/","name":"2Twenty Scooter \u00e9lectrique","description":"","publisher":{"@id":"https:\/\/www.2twentyscooters.com\/en\/#organization"},"potentialAction":[{"@type":"SearchAction","target":{"@type":"EntryPoint","urlTemplate":"https:\/\/www.2twentyscooters.com\/en\/?s={search_term_string}"},"query-input":"required name=search_term_string"}],"inLanguage":"pt-AO"},{"@type":"ImageObject","@id":"https:\/\/www.2twentyscooters.com\/pt\/produto\/scooter-2twenty-roma-4800-black\/#primaryimage","inLanguage":"pt-AO","url":"https:\/\/www.2twentyscooters.com\/wp-content\/uploads\/2021\/07\/Roma-4800-noir-1.jpg","contentUrl":"https:\/\/www.2twentyscooters.com\/wp-content\/uploads\/2021\/07\/Roma-4800-noir-1.jpg","width":800,"height":600,"caption":"Scooter electrique 125 cc Roma 4800 Noir"},{"@type":"WebPage","@id":"https:\/\/www.2twentyscooters.com\/pt\/produto\/scooter-2twenty-roma-4800-black\/#webpage","url":"https:\/\/www.2twentyscooters.com\/pt\/produto\/scooter-2twenty-roma-4800-black\/","name":"Compre uma scooter el\u00e9trica com um visual retr\u00f4. 2Twenty \u00e9 um ve\u00edculo de duas rodas franc\u00eas","isPartOf":{"@id":"https:\/\/www.2twentyscooters.com\/en\/#website"},"primaryImageOfPage":{"@id":"https:\/\/www.2twentyscooters.com\/pt\/produto\/scooter-2twenty-roma-4800-black\/#primaryimage"},"datePublished":"2021-05-27T15:54:56+00:00","dateModified":"2022-04-08T11:37:35+00:00","description":"Compre uma scooter el\u00e9trica 2Twenty com um look retro. Motor de 2900 watts, 65 ou 130km de autonomia com 1 ou 2 baterias remov\u00edveis. Garantimos tudo por 2 anos","breadcrumb":{"@id":"https:\/\/www.2twentyscooters.com\/pt\/produto\/scooter-2twenty-roma-4800-black\/#breadcrumb"},"inLanguage":"pt-AO","potentialAction":[{"@type":"ReadAction","target":["https:\/\/www.2twentyscooters.com\/pt\/produto\/scooter-2twenty-roma-4800-black\/"]}]},{"@type":"BreadcrumbList","@id":"https:\/\/www.2twentyscooters.com\/pt\/produto\/scooter-2twenty-roma-4800-black\/#breadcrumb","itemListElement":[{"@type":"ListItem","position":1,"name":"Home","item":"https:\/\/www.2twentyscooters.com\/pt\/homenew\/"},{"@type":"ListItem","position":2,"name":"Loja","item":"https:\/\/www.2twentyscooters.com\/pt\/loja\/"},{"@type":"ListItem","position":3,"name":"Scooter","item":"https:\/\/www.2twentyscooters.com\/pt\/categoria-produto\/scooter\/"},{"@type":"ListItem","position":4,"name":"Scooter 2Twenty Roma 4800 &#8211; preta"}]}]}},"_links":{"self":[{"href":"https:\/\/www.2twentyscooters.com\/pt\/wp-json\/wp\/v2\/product\/43632"}],"collection":[{"href":"https:\/\/www.2twentyscooters.com\/pt\/wp-json\/wp\/v2\/product"}],"about":[{"href":"https:\/\/www.2twentyscooters.com\/pt\/wp-json\/wp\/v2\/types\/product"}],"replies":[{"embeddable":true,"href":"https:\/\/www.2twentyscooters.com\/pt\/wp-json\/wp\/v2\/comments?post=43632"}],"version-history":[{"count":0,"href":"https:\/\/www.2twentyscooters.com\/pt\/wp-json\/wp\/v2\/product\/43632\/revisions"}],"wp:featuredmedia":[{"embeddable":true,"href":"https:\/\/www.2twentyscooters.com\/pt\/wp-json\/wp\/v2\/media\/45550"}],"wp:attachment":[{"href":"https:\/\/www.2twentyscooters.com\/pt\/wp-json\/wp\/v2\/media?parent=43632"}],"wp:term":[{"taxonomy":"product_cat","embeddable":true,"href":"https:\/\/www.2twentyscooters.com\/pt\/wp-json\/wp\/v2\/product_cat?post=43632"},{"taxonomy":"product_tag","embeddable":true,"href":"https:\/\/www.2twentyscooters.com\/pt\/wp-json\/wp\/v2\/product_tag?post=43632"}],"curies":[{"name":"wp","href":"https:\/\/api.w.org\/{rel}","templated":true}]}}