{"id":37606,"date":"2019-07-26T08:30:05","date_gmt":"2021-03-10T20:45:05","guid":{"rendered":"https:\/\/www.2twentyscooters.com\/?post_type=product&#038;p=37606"},"modified":"2021-03-11T14:26:38","modified_gmt":"2021-03-11T13:26:38","slug":"carregador-rapido-72v-2h","status":"publish","type":"product","link":"https:\/\/www.2twentyscooters.com\/pt\/produto\/carregador-rapido-72v-2h\/","title":{"rendered":"Carregador r\u00e1pido (2h) 72V-S3"},"content":{"rendered":"<p>2 Vinte bateria de l\u00edtio 72V-S3 carregador r\u00e1pido (2h), para s<span class=\"a-list-item\">Cooter el\u00e9trico Roma. Conecta-se a uma tomada de 220 V. <\/span><\/p>\n<ul>\n<li><span data-spm-anchor-id=\"a2g0w.12010108.1000023.i1.50a61dc56QBqvS\">Modelo de carregamento: AC \/ DC<\/span><\/li>\n<li><span data-spm-anchor-id=\"a2g0w.12010108.1000023.i3.50a61dc56QBqvS\">ENTRADA: AC 180-240 V ~ 10A 50 \u2500 60 Hz (tomada 220 V padr\u00e3o) <\/span><\/li>\n<li>SA\u00cdDA: 84,0 V \u2500 3,0 A<\/li>\n<li>Dimens\u00f5es: 205 x 100 x 50 mm<\/li>\n<li>Indicadores LED de carga. LED vermelho: carregando. LED verde: 100% carregado ou desconectado.<\/li>\n<li>Tempo de carregamento: 2 horas<\/li>\n<\/ul>\n<p>&nbsp;<\/p>\n","protected":false},"excerpt":{"rendered":"<p>2Vinte bateria de l\u00edtio 72V-S3 carregador r\u00e1pido (2h) para scooter el\u00e9trico Roma.<\/p>\n","protected":false},"featured_media":37612,"comment_status":"closed","ping_status":"closed","template":"","meta":[],"product_cat":[338],"product_tag":[],"yoast_head":"<!-- This site is optimized with the Yoast SEO plugin v18.4.1 - https:\/\/yoast.com\/wordpress\/plugins\/seo\/ -->\n<title>Carregador r\u00e1pido (2h) 72V-S3<\/title>\n<meta name=\"robots\" content=\"index, follow, max-snippet:-1, max-image-preview:large, max-video-preview:-1\" \/>\n<link rel=\"canonical\" href=\"https:\/\/www.2twentyscooters.com\/pt\/produto\/carregador-rapido-72v-2h\/\" \/>\n<meta property=\"og:locale\" content=\"pt_PT\" \/>\n<meta property=\"og:type\" content=\"article\" \/>\n<meta property=\"og:title\" content=\"Carregador r\u00e1pido (2h) 72V-S3\" \/>\n<meta property=\"og:description\" content=\"2Vinte bateria de l\u00edtio 72V-S3 carregador r\u00e1pido (2h) para scooter el\u00e9trico Roma.\" \/>\n<meta property=\"og:url\" content=\"https:\/\/www.2twentyscooters.com\/pt\/produto\/carregador-rapido-72v-2h\/\" \/>\n<meta property=\"og:site_name\" content=\"2Twenty Scooter \u00e9lectrique\" \/>\n<meta property=\"article:modified_time\" content=\"2021-03-11T13:26:38+00:00\" \/>\n<meta property=\"og:image\" content=\"https:\/\/www.2twentyscooters.com\/wp-content\/uploads\/2021\/03\/Chargeur-rapide-1.jpg\" \/>\n\t<meta property=\"og:image:width\" content=\"800\" \/>\n\t<meta property=\"og:image:height\" content=\"600\" \/>\n\t<meta property=\"og:image:type\" content=\"image\/jpeg\" \/>\n<meta name=\"twitter:card\" content=\"summary\" \/>\n<script type=\"application\/ld+json\" class=\"yoast-schema-graph\">{\"@context\":\"https:\/\/schema.org\",\"@graph\":[{\"@type\":\"Organization\",\"@id\":\"https:\/\/www.2twentyscooters.com\/en\/#organization\",\"name\":\"2twentyscooters\",\"url\":\"https:\/\/www.2twentyscooters.com\/en\/\",\"sameAs\":[],\"logo\":{\"@type\":\"ImageObject\",\"@id\":\"https:\/\/www.2twentyscooters.com\/en\/#logo\",\"inLanguage\":\"pt-AO\",\"url\":\"https:\/\/www.2twentyscooters.com\/wp-content\/uploads\/2022\/03\/2twenty-scooters-logo.png\",\"contentUrl\":\"https:\/\/www.2twentyscooters.com\/wp-content\/uploads\/2022\/03\/2twenty-scooters-logo.png\",\"width\":342,\"height\":55,\"caption\":\"2twentyscooters\"},\"image\":{\"@id\":\"https:\/\/www.2twentyscooters.com\/en\/#logo\"}},{\"@type\":\"WebSite\",\"@id\":\"https:\/\/www.2twentyscooters.com\/en\/#website\",\"url\":\"https:\/\/www.2twentyscooters.com\/en\/\",\"name\":\"2Twenty Scooter \u00e9lectrique\",\"description\":\"\",\"publisher\":{\"@id\":\"https:\/\/www.2twentyscooters.com\/en\/#organization\"},\"potentialAction\":[{\"@type\":\"SearchAction\",\"target\":{\"@type\":\"EntryPoint\",\"urlTemplate\":\"https:\/\/www.2twentyscooters.com\/en\/?s={search_term_string}\"},\"query-input\":\"required name=search_term_string\"}],\"inLanguage\":\"pt-AO\"},{\"@type\":\"ImageObject\",\"@id\":\"https:\/\/www.2twentyscooters.com\/pt\/produto\/carregador-rapido-72v-2h\/#primaryimage\",\"inLanguage\":\"pt-AO\",\"url\":\"https:\/\/www.2twentyscooters.com\/wp-content\/uploads\/2021\/03\/Chargeur-rapide-1.jpg\",\"contentUrl\":\"https:\/\/www.2twentyscooters.com\/wp-content\/uploads\/2021\/03\/Chargeur-rapide-1.jpg\",\"width\":800,\"height\":600},{\"@type\":\"WebPage\",\"@id\":\"https:\/\/www.2twentyscooters.com\/pt\/produto\/carregador-rapido-72v-2h\/#webpage\",\"url\":\"https:\/\/www.2twentyscooters.com\/pt\/produto\/carregador-rapido-72v-2h\/\",\"name\":\"Carregador r\u00e1pido (2h) 72V-S3\",\"isPartOf\":{\"@id\":\"https:\/\/www.2twentyscooters.com\/en\/#website\"},\"primaryImageOfPage\":{\"@id\":\"https:\/\/www.2twentyscooters.com\/pt\/produto\/carregador-rapido-72v-2h\/#primaryimage\"},\"datePublished\":\"2021-03-10T20:45:05+00:00\",\"dateModified\":\"2021-03-11T13:26:38+00:00\",\"breadcrumb\":{\"@id\":\"https:\/\/www.2twentyscooters.com\/pt\/produto\/carregador-rapido-72v-2h\/#breadcrumb\"},\"inLanguage\":\"pt-AO\",\"potentialAction\":[{\"@type\":\"ReadAction\",\"target\":[\"https:\/\/www.2twentyscooters.com\/pt\/produto\/carregador-rapido-72v-2h\/\"]}]},{\"@type\":\"BreadcrumbList\",\"@id\":\"https:\/\/www.2twentyscooters.com\/pt\/produto\/carregador-rapido-72v-2h\/#breadcrumb\",\"itemListElement\":[{\"@type\":\"ListItem\",\"position\":1,\"name\":\"Home\",\"item\":\"https:\/\/www.2twentyscooters.com\/pt\/homenew\/\"},{\"@type\":\"ListItem\",\"position\":2,\"name\":\"Loja\",\"item\":\"https:\/\/www.2twentyscooters.com\/pt\/loja\/\"},{\"@type\":\"ListItem\",\"position\":3,\"name\":\"Acess\u00f3rios\",\"item\":\"https:\/\/www.2twentyscooters.com\/pt\/categoria-produto\/acessorios\/\"},{\"@type\":\"ListItem\",\"position\":4,\"name\":\"Carregador r\u00e1pido (2h) 72V-S3\"}]}]}<\/script>\n<!-- \/ Yoast SEO plugin. -->","yoast_head_json":{"title":"Carregador r\u00e1pido (2h) 72V-S3","robots":{"index":"index","follow":"follow","max-snippet":"max-snippet:-1","max-image-preview":"max-image-preview:large","max-video-preview":"max-video-preview:-1"},"canonical":"https:\/\/www.2twentyscooters.com\/pt\/produto\/carregador-rapido-72v-2h\/","og_locale":"pt_PT","og_type":"article","og_title":"Carregador r\u00e1pido (2h) 72V-S3","og_description":"2Vinte bateria de l\u00edtio 72V-S3 carregador r\u00e1pido (2h) para scooter el\u00e9trico Roma.","og_url":"https:\/\/www.2twentyscooters.com\/pt\/produto\/carregador-rapido-72v-2h\/","og_site_name":"2Twenty Scooter \u00e9lectrique","article_modified_time":"2021-03-11T13:26:38+00:00","og_image":[{"width":800,"height":600,"url":"https:\/\/www.2twentyscooters.com\/wp-content\/uploads\/2021\/03\/Chargeur-rapide-1.jpg","type":"image\/jpeg"}],"twitter_card":"summary","schema":{"@context":"https:\/\/schema.org","@graph":[{"@type":"Organization","@id":"https:\/\/www.2twentyscooters.com\/en\/#organization","name":"2twentyscooters","url":"https:\/\/www.2twentyscooters.com\/en\/","sameAs":[],"logo":{"@type":"ImageObject","@id":"https:\/\/www.2twentyscooters.com\/en\/#logo","inLanguage":"pt-AO","url":"https:\/\/www.2twentyscooters.com\/wp-content\/uploads\/2022\/03\/2twenty-scooters-logo.png","contentUrl":"https:\/\/www.2twentyscooters.com\/wp-content\/uploads\/2022\/03\/2twenty-scooters-logo.png","width":342,"height":55,"caption":"2twentyscooters"},"image":{"@id":"https:\/\/www.2twentyscooters.com\/en\/#logo"}},{"@type":"WebSite","@id":"https:\/\/www.2twentyscooters.com\/en\/#website","url":"https:\/\/www.2twentyscooters.com\/en\/","name":"2Twenty Scooter \u00e9lectrique","description":"","publisher":{"@id":"https:\/\/www.2twentyscooters.com\/en\/#organization"},"potentialAction":[{"@type":"SearchAction","target":{"@type":"EntryPoint","urlTemplate":"https:\/\/www.2twentyscooters.com\/en\/?s={search_term_string}"},"query-input":"required name=search_term_string"}],"inLanguage":"pt-AO"},{"@type":"ImageObject","@id":"https:\/\/www.2twentyscooters.com\/pt\/produto\/carregador-rapido-72v-2h\/#primaryimage","inLanguage":"pt-AO","url":"https:\/\/www.2twentyscooters.com\/wp-content\/uploads\/2021\/03\/Chargeur-rapide-1.jpg","contentUrl":"https:\/\/www.2twentyscooters.com\/wp-content\/uploads\/2021\/03\/Chargeur-rapide-1.jpg","width":800,"height":600},{"@type":"WebPage","@id":"https:\/\/www.2twentyscooters.com\/pt\/produto\/carregador-rapido-72v-2h\/#webpage","url":"https:\/\/www.2twentyscooters.com\/pt\/produto\/carregador-rapido-72v-2h\/","name":"Carregador r\u00e1pido (2h) 72V-S3","isPartOf":{"@id":"https:\/\/www.2twentyscooters.com\/en\/#website"},"primaryImageOfPage":{"@id":"https:\/\/www.2twentyscooters.com\/pt\/produto\/carregador-rapido-72v-2h\/#primaryimage"},"datePublished":"2021-03-10T20:45:05+00:00","dateModified":"2021-03-11T13:26:38+00:00","breadcrumb":{"@id":"https:\/\/www.2twentyscooters.com\/pt\/produto\/carregador-rapido-72v-2h\/#breadcrumb"},"inLanguage":"pt-AO","potentialAction":[{"@type":"ReadAction","target":["https:\/\/www.2twentyscooters.com\/pt\/produto\/carregador-rapido-72v-2h\/"]}]},{"@type":"BreadcrumbList","@id":"https:\/\/www.2twentyscooters.com\/pt\/produto\/carregador-rapido-72v-2h\/#breadcrumb","itemListElement":[{"@type":"ListItem","position":1,"name":"Home","item":"https:\/\/www.2twentyscooters.com\/pt\/homenew\/"},{"@type":"ListItem","position":2,"name":"Loja","item":"https:\/\/www.2twentyscooters.com\/pt\/loja\/"},{"@type":"ListItem","position":3,"name":"Acess\u00f3rios","item":"https:\/\/www.2twentyscooters.com\/pt\/categoria-produto\/acessorios\/"},{"@type":"ListItem","position":4,"name":"Carregador r\u00e1pido (2h) 72V-S3"}]}]}},"_links":{"self":[{"href":"https:\/\/www.2twentyscooters.com\/pt\/wp-json\/wp\/v2\/product\/37606"}],"collection":[{"href":"https:\/\/www.2twentyscooters.com\/pt\/wp-json\/wp\/v2\/product"}],"about":[{"href":"https:\/\/www.2twentyscooters.com\/pt\/wp-json\/wp\/v2\/types\/product"}],"replies":[{"embeddable":true,"href":"https:\/\/www.2twentyscooters.com\/pt\/wp-json\/wp\/v2\/comments?post=37606"}],"version-history":[{"count":0,"href":"https:\/\/www.2twentyscooters.com\/pt\/wp-json\/wp\/v2\/product\/37606\/revisions"}],"wp:featuredmedia":[{"embeddable":true,"href":"https:\/\/www.2twentyscooters.com\/pt\/wp-json\/wp\/v2\/media\/37612"}],"wp:attachment":[{"href":"https:\/\/www.2twentyscooters.com\/pt\/wp-json\/wp\/v2\/media?parent=37606"}],"wp:term":[{"taxonomy":"product_cat","embeddable":true,"href":"https:\/\/www.2twentyscooters.com\/pt\/wp-json\/wp\/v2\/product_cat?post=37606"},{"taxonomy":"product_tag","embeddable":true,"href":"https:\/\/www.2twentyscooters.com\/pt\/wp-json\/wp\/v2\/product_tag?post=37606"}],"curies":[{"name":"wp","href":"https:\/\/api.w.org\/{rel}","templated":true}]}}