{"id":26209,"date":"2020-05-17T16:05:58","date_gmt":"2020-06-17T14:05:59","guid":{"rendered":"https:\/\/www.2twentyscooters.com\/?post_type=product&#038;p=26209"},"modified":"2021-03-11T12:58:36","modified_gmt":"2021-03-11T11:58:36","slug":"sela-premium-rosa-feita-na-franca","status":"publish","type":"product","link":"https:\/\/www.2twentyscooters.com\/pt\/produto\/sela-premium-rosa-feita-na-franca\/","title":{"rendered":"Selim listrado premium &#8211; Fabricado na Fran\u00e7a"},"content":{"rendered":"<p>Selim listrado premium feito na Fran\u00e7a.<\/p>\n<p>Dispon\u00edvel em renderiza\u00e7\u00e3o padr\u00e3o:<\/p>\n<ul>\n<li>Bordeaux<\/li>\n<li>Rosa pulverulento<\/li>\n<li>Marrom claro<\/li>\n<li>Marrom escuro<\/li>\n<li>Camelo<\/li>\n<li>Preto<\/li>\n<\/ul>\n<p>Ou bronzeado:<\/p>\n<ul>\n<li>Castanho<\/li>\n<li>Bege<\/li>\n<li>Areia<\/li>\n<li>Antracite<\/li>\n<li>Verde<\/li>\n<\/ul>\n<p>Acolchoado com costuras vis\u00edveis. A sela \u00e9 coberta com uma imita\u00e7\u00e3o de couro de alta qualidade.<br \/>\nPara sua informa\u00e7\u00e3o, o couro genu\u00edno n\u00e3o \u00e9 adequado para selins de scooter porque est\u00e1 muito exposto \u00e0 chuva e ao sol. Freq\u00fcentemente, ela precisaria ser tratada com cera, o que n\u00e3o \u00e9 ideal para uma sela (risco de manchar a roupa). \u00c9 por esta raz\u00e3o que optamos por uma imita\u00e7\u00e3o de pele de qualidade.<\/p>\n<p>Recomendado: em dias de chuva, use uma capa de selim quando a scooter estiver estacionada para evitar que a \u00e1gua penetre no forro atrav\u00e9s das costuras.<\/p>\n<p>Possibilidade de adicionar nome ou log\u00f3tipo no bordado (contacte-nos).<\/p>\n<p>Vendido com al\u00e7as combinando.<\/p>\n","protected":false},"excerpt":{"rendered":"<p>Selim premium feito na Fran\u00e7a para scooter el\u00e9trico 2Twenty<\/p>\n","protected":false},"featured_media":30968,"comment_status":"closed","ping_status":"closed","template":"","meta":[],"product_cat":[170],"product_tag":[],"yoast_head":"<!-- This site is optimized with the Yoast SEO plugin v18.4.1 - https:\/\/yoast.com\/wordpress\/plugins\/seo\/ -->\n<title>Selim listrado premium - Fabricado na Fran\u00e7a<\/title>\n<meta name=\"robots\" content=\"index, follow, max-snippet:-1, max-image-preview:large, max-video-preview:-1\" \/>\n<link rel=\"canonical\" href=\"https:\/\/www.2twentyscooters.com\/pt\/produto\/sela-premium-rosa-feita-na-franca\/\" \/>\n<meta property=\"og:locale\" content=\"pt_PT\" \/>\n<meta property=\"og:type\" content=\"article\" \/>\n<meta property=\"og:title\" content=\"Selim listrado premium - Fabricado na Fran\u00e7a\" \/>\n<meta property=\"og:description\" content=\"Selim premium feito na Fran\u00e7a para scooter el\u00e9trico 2Twenty\" \/>\n<meta property=\"og:url\" content=\"https:\/\/www.2twentyscooters.com\/pt\/produto\/sela-premium-rosa-feita-na-franca\/\" \/>\n<meta property=\"og:site_name\" content=\"2Twenty Scooter \u00e9lectrique\" \/>\n<meta property=\"article:modified_time\" content=\"2021-03-11T11:58:36+00:00\" \/>\n<meta property=\"og:image\" content=\"https:\/\/www.2twentyscooters.com\/wp-content\/uploads\/2021\/01\/camel-1.jpg\" \/>\n\t<meta property=\"og:image:width\" content=\"800\" \/>\n\t<meta property=\"og:image:height\" content=\"600\" \/>\n\t<meta property=\"og:image:type\" content=\"image\/jpeg\" \/>\n<meta name=\"twitter:card\" content=\"summary\" \/>\n<meta name=\"twitter:label1\" content=\"Est. reading time\" \/>\n\t<meta name=\"twitter:data1\" content=\"1 minuto\" \/>\n<script type=\"application\/ld+json\" class=\"yoast-schema-graph\">{\"@context\":\"https:\/\/schema.org\",\"@graph\":[{\"@type\":\"Organization\",\"@id\":\"https:\/\/www.2twentyscooters.com\/en\/#organization\",\"name\":\"2twentyscooters\",\"url\":\"https:\/\/www.2twentyscooters.com\/en\/\",\"sameAs\":[],\"logo\":{\"@type\":\"ImageObject\",\"@id\":\"https:\/\/www.2twentyscooters.com\/en\/#logo\",\"inLanguage\":\"pt-AO\",\"url\":\"https:\/\/www.2twentyscooters.com\/wp-content\/uploads\/2022\/03\/2twenty-scooters-logo.png\",\"contentUrl\":\"https:\/\/www.2twentyscooters.com\/wp-content\/uploads\/2022\/03\/2twenty-scooters-logo.png\",\"width\":342,\"height\":55,\"caption\":\"2twentyscooters\"},\"image\":{\"@id\":\"https:\/\/www.2twentyscooters.com\/en\/#logo\"}},{\"@type\":\"WebSite\",\"@id\":\"https:\/\/www.2twentyscooters.com\/en\/#website\",\"url\":\"https:\/\/www.2twentyscooters.com\/en\/\",\"name\":\"2Twenty Scooter \u00e9lectrique\",\"description\":\"\",\"publisher\":{\"@id\":\"https:\/\/www.2twentyscooters.com\/en\/#organization\"},\"potentialAction\":[{\"@type\":\"SearchAction\",\"target\":{\"@type\":\"EntryPoint\",\"urlTemplate\":\"https:\/\/www.2twentyscooters.com\/en\/?s={search_term_string}\"},\"query-input\":\"required name=search_term_string\"}],\"inLanguage\":\"pt-AO\"},{\"@type\":\"ImageObject\",\"@id\":\"https:\/\/www.2twentyscooters.com\/pt\/produto\/sela-premium-rosa-feita-na-franca\/#primaryimage\",\"inLanguage\":\"pt-AO\",\"url\":\"https:\/\/www.2twentyscooters.com\/wp-content\/uploads\/2021\/01\/camel-1.jpg\",\"contentUrl\":\"https:\/\/www.2twentyscooters.com\/wp-content\/uploads\/2021\/01\/camel-1.jpg\",\"width\":800,\"height\":600},{\"@type\":\"WebPage\",\"@id\":\"https:\/\/www.2twentyscooters.com\/pt\/produto\/sela-premium-rosa-feita-na-franca\/#webpage\",\"url\":\"https:\/\/www.2twentyscooters.com\/pt\/produto\/sela-premium-rosa-feita-na-franca\/\",\"name\":\"Selim listrado premium - Fabricado na Fran\u00e7a\",\"isPartOf\":{\"@id\":\"https:\/\/www.2twentyscooters.com\/en\/#website\"},\"primaryImageOfPage\":{\"@id\":\"https:\/\/www.2twentyscooters.com\/pt\/produto\/sela-premium-rosa-feita-na-franca\/#primaryimage\"},\"datePublished\":\"2020-06-17T14:05:59+00:00\",\"dateModified\":\"2021-03-11T11:58:36+00:00\",\"breadcrumb\":{\"@id\":\"https:\/\/www.2twentyscooters.com\/pt\/produto\/sela-premium-rosa-feita-na-franca\/#breadcrumb\"},\"inLanguage\":\"pt-AO\",\"potentialAction\":[{\"@type\":\"ReadAction\",\"target\":[\"https:\/\/www.2twentyscooters.com\/pt\/produto\/sela-premium-rosa-feita-na-franca\/\"]}]},{\"@type\":\"BreadcrumbList\",\"@id\":\"https:\/\/www.2twentyscooters.com\/pt\/produto\/sela-premium-rosa-feita-na-franca\/#breadcrumb\",\"itemListElement\":[{\"@type\":\"ListItem\",\"position\":1,\"name\":\"Home\",\"item\":\"https:\/\/www.2twentyscooters.com\/pt\/homenew\/\"},{\"@type\":\"ListItem\",\"position\":2,\"name\":\"Loja\",\"item\":\"https:\/\/www.2twentyscooters.com\/pt\/loja\/\"},{\"@type\":\"ListItem\",\"position\":3,\"name\":\"Acess\u00f3rios\",\"item\":\"https:\/\/www.2twentyscooters.com\/categorie-produit\/accessoires\/\"},{\"@type\":\"ListItem\",\"position\":4,\"name\":\"Selim listrado premium &#8211; Fabricado na Fran\u00e7a\"}]}]}<\/script>\n<!-- \/ Yoast SEO plugin. -->","yoast_head_json":{"title":"Selim listrado premium - Fabricado na Fran\u00e7a","robots":{"index":"index","follow":"follow","max-snippet":"max-snippet:-1","max-image-preview":"max-image-preview:large","max-video-preview":"max-video-preview:-1"},"canonical":"https:\/\/www.2twentyscooters.com\/pt\/produto\/sela-premium-rosa-feita-na-franca\/","og_locale":"pt_PT","og_type":"article","og_title":"Selim listrado premium - Fabricado na Fran\u00e7a","og_description":"Selim premium feito na Fran\u00e7a para scooter el\u00e9trico 2Twenty","og_url":"https:\/\/www.2twentyscooters.com\/pt\/produto\/sela-premium-rosa-feita-na-franca\/","og_site_name":"2Twenty Scooter \u00e9lectrique","article_modified_time":"2021-03-11T11:58:36+00:00","og_image":[{"width":800,"height":600,"url":"https:\/\/www.2twentyscooters.com\/wp-content\/uploads\/2021\/01\/camel-1.jpg","type":"image\/jpeg"}],"twitter_card":"summary","twitter_misc":{"Est. reading time":"1 minuto"},"schema":{"@context":"https:\/\/schema.org","@graph":[{"@type":"Organization","@id":"https:\/\/www.2twentyscooters.com\/en\/#organization","name":"2twentyscooters","url":"https:\/\/www.2twentyscooters.com\/en\/","sameAs":[],"logo":{"@type":"ImageObject","@id":"https:\/\/www.2twentyscooters.com\/en\/#logo","inLanguage":"pt-AO","url":"https:\/\/www.2twentyscooters.com\/wp-content\/uploads\/2022\/03\/2twenty-scooters-logo.png","contentUrl":"https:\/\/www.2twentyscooters.com\/wp-content\/uploads\/2022\/03\/2twenty-scooters-logo.png","width":342,"height":55,"caption":"2twentyscooters"},"image":{"@id":"https:\/\/www.2twentyscooters.com\/en\/#logo"}},{"@type":"WebSite","@id":"https:\/\/www.2twentyscooters.com\/en\/#website","url":"https:\/\/www.2twentyscooters.com\/en\/","name":"2Twenty Scooter \u00e9lectrique","description":"","publisher":{"@id":"https:\/\/www.2twentyscooters.com\/en\/#organization"},"potentialAction":[{"@type":"SearchAction","target":{"@type":"EntryPoint","urlTemplate":"https:\/\/www.2twentyscooters.com\/en\/?s={search_term_string}"},"query-input":"required name=search_term_string"}],"inLanguage":"pt-AO"},{"@type":"ImageObject","@id":"https:\/\/www.2twentyscooters.com\/pt\/produto\/sela-premium-rosa-feita-na-franca\/#primaryimage","inLanguage":"pt-AO","url":"https:\/\/www.2twentyscooters.com\/wp-content\/uploads\/2021\/01\/camel-1.jpg","contentUrl":"https:\/\/www.2twentyscooters.com\/wp-content\/uploads\/2021\/01\/camel-1.jpg","width":800,"height":600},{"@type":"WebPage","@id":"https:\/\/www.2twentyscooters.com\/pt\/produto\/sela-premium-rosa-feita-na-franca\/#webpage","url":"https:\/\/www.2twentyscooters.com\/pt\/produto\/sela-premium-rosa-feita-na-franca\/","name":"Selim listrado premium - Fabricado na Fran\u00e7a","isPartOf":{"@id":"https:\/\/www.2twentyscooters.com\/en\/#website"},"primaryImageOfPage":{"@id":"https:\/\/www.2twentyscooters.com\/pt\/produto\/sela-premium-rosa-feita-na-franca\/#primaryimage"},"datePublished":"2020-06-17T14:05:59+00:00","dateModified":"2021-03-11T11:58:36+00:00","breadcrumb":{"@id":"https:\/\/www.2twentyscooters.com\/pt\/produto\/sela-premium-rosa-feita-na-franca\/#breadcrumb"},"inLanguage":"pt-AO","potentialAction":[{"@type":"ReadAction","target":["https:\/\/www.2twentyscooters.com\/pt\/produto\/sela-premium-rosa-feita-na-franca\/"]}]},{"@type":"BreadcrumbList","@id":"https:\/\/www.2twentyscooters.com\/pt\/produto\/sela-premium-rosa-feita-na-franca\/#breadcrumb","itemListElement":[{"@type":"ListItem","position":1,"name":"Home","item":"https:\/\/www.2twentyscooters.com\/pt\/homenew\/"},{"@type":"ListItem","position":2,"name":"Loja","item":"https:\/\/www.2twentyscooters.com\/pt\/loja\/"},{"@type":"ListItem","position":3,"name":"Acess\u00f3rios","item":"https:\/\/www.2twentyscooters.com\/categorie-produit\/accessoires\/"},{"@type":"ListItem","position":4,"name":"Selim listrado premium &#8211; Fabricado na Fran\u00e7a"}]}]}},"_links":{"self":[{"href":"https:\/\/www.2twentyscooters.com\/pt\/wp-json\/wp\/v2\/product\/26209"}],"collection":[{"href":"https:\/\/www.2twentyscooters.com\/pt\/wp-json\/wp\/v2\/product"}],"about":[{"href":"https:\/\/www.2twentyscooters.com\/pt\/wp-json\/wp\/v2\/types\/product"}],"replies":[{"embeddable":true,"href":"https:\/\/www.2twentyscooters.com\/pt\/wp-json\/wp\/v2\/comments?post=26209"}],"version-history":[{"count":0,"href":"https:\/\/www.2twentyscooters.com\/pt\/wp-json\/wp\/v2\/product\/26209\/revisions"}],"wp:featuredmedia":[{"embeddable":true,"href":"https:\/\/www.2twentyscooters.com\/pt\/wp-json\/wp\/v2\/media\/30968"}],"wp:attachment":[{"href":"https:\/\/www.2twentyscooters.com\/pt\/wp-json\/wp\/v2\/media?parent=26209"}],"wp:term":[{"taxonomy":"product_cat","embeddable":true,"href":"https:\/\/www.2twentyscooters.com\/pt\/wp-json\/wp\/v2\/product_cat?post=26209"},{"taxonomy":"product_tag","embeddable":true,"href":"https:\/\/www.2twentyscooters.com\/pt\/wp-json\/wp\/v2\/product_tag?post=26209"}],"curies":[{"name":"wp","href":"https:\/\/api.w.org\/{rel}","templated":true}]}}