{"id":25763,"date":"2020-05-24T16:26:59","date_gmt":"2020-05-24T14:26:59","guid":{"rendered":"https:\/\/www.2twentyscooters.com\/?post_type=product&#038;p=25763"},"modified":"2021-03-11T14:26:30","modified_gmt":"2021-03-11T13:26:30","slug":"luva-de-couro-marrom","status":"publish","type":"product","link":"https:\/\/www.2twentyscooters.com\/pt\/produto\/luva-de-couro-marrom\/","title":{"rendered":"Luva de couro de vaca marrom"},"content":{"rendered":"<p>Luva Monaco Calfskin PRIMAVERA \/ VER\u00c3O<\/p>\n<ul>\n<li>Couro de flor integral perfurado mergulhado em couro bovino<\/li>\n<li>Refor\u00e7o de conforto na palma da m\u00e3o.<\/li>\n<\/ul>\n","protected":false},"excerpt":{"rendered":"<p>Luva Monaco Calfskin PRIMAVERA \/ VER\u00c3O<\/p>\n<ul>\n<li>Couro de flor integral perfurado mergulhado em couro bovino<\/li>\n<li>Refor\u00e7o de conforto na palma da m\u00e3o.<\/li>\n<\/ul>\n","protected":false},"featured_media":30888,"comment_status":"open","ping_status":"closed","template":"","meta":[],"product_cat":[338],"product_tag":[],"yoast_head":"<!-- This site is optimized with the Yoast SEO plugin v18.4.1 - https:\/\/yoast.com\/wordpress\/plugins\/seo\/ -->\n<title>Luva de couro de vaca marrom<\/title>\n<meta name=\"robots\" content=\"index, follow, max-snippet:-1, max-image-preview:large, max-video-preview:-1\" \/>\n<link rel=\"canonical\" href=\"https:\/\/www.2twentyscooters.com\/pt\/produto\/luva-de-couro-marrom\/\" \/>\n<meta property=\"og:locale\" content=\"pt_PT\" \/>\n<meta property=\"og:type\" content=\"article\" \/>\n<meta property=\"og:title\" content=\"Luva de couro de vaca marrom\" \/>\n<meta property=\"og:description\" content=\"Luva Monaco Calfskin PRIMAVERA \/ VER\u00c3O  Couro de flor integral perfurado mergulhado em couro bovino  Refor\u00e7o de conforto na palma da m\u00e3o.\" \/>\n<meta property=\"og:url\" content=\"https:\/\/www.2twentyscooters.com\/pt\/produto\/luva-de-couro-marrom\/\" \/>\n<meta property=\"og:site_name\" content=\"2Twenty Scooter \u00e9lectrique\" \/>\n<meta property=\"article:modified_time\" content=\"2021-03-11T13:26:30+00:00\" \/>\n<meta property=\"og:image\" content=\"https:\/\/www.2twentyscooters.com\/wp-content\/uploads\/2021\/01\/50000130-1.jpg\" \/>\n\t<meta property=\"og:image:width\" content=\"489\" \/>\n\t<meta property=\"og:image:height\" content=\"368\" \/>\n\t<meta property=\"og:image:type\" content=\"image\/jpeg\" \/>\n<meta name=\"twitter:card\" content=\"summary\" \/>\n<script type=\"application\/ld+json\" class=\"yoast-schema-graph\">{\"@context\":\"https:\/\/schema.org\",\"@graph\":[{\"@type\":\"Organization\",\"@id\":\"https:\/\/www.2twentyscooters.com\/en\/#organization\",\"name\":\"2twentyscooters\",\"url\":\"https:\/\/www.2twentyscooters.com\/en\/\",\"sameAs\":[],\"logo\":{\"@type\":\"ImageObject\",\"@id\":\"https:\/\/www.2twentyscooters.com\/en\/#logo\",\"inLanguage\":\"pt-AO\",\"url\":\"https:\/\/www.2twentyscooters.com\/wp-content\/uploads\/2022\/03\/2twenty-scooters-logo.png\",\"contentUrl\":\"https:\/\/www.2twentyscooters.com\/wp-content\/uploads\/2022\/03\/2twenty-scooters-logo.png\",\"width\":342,\"height\":55,\"caption\":\"2twentyscooters\"},\"image\":{\"@id\":\"https:\/\/www.2twentyscooters.com\/en\/#logo\"}},{\"@type\":\"WebSite\",\"@id\":\"https:\/\/www.2twentyscooters.com\/en\/#website\",\"url\":\"https:\/\/www.2twentyscooters.com\/en\/\",\"name\":\"2Twenty Scooter \u00e9lectrique\",\"description\":\"\",\"publisher\":{\"@id\":\"https:\/\/www.2twentyscooters.com\/en\/#organization\"},\"potentialAction\":[{\"@type\":\"SearchAction\",\"target\":{\"@type\":\"EntryPoint\",\"urlTemplate\":\"https:\/\/www.2twentyscooters.com\/en\/?s={search_term_string}\"},\"query-input\":\"required name=search_term_string\"}],\"inLanguage\":\"pt-AO\"},{\"@type\":\"ImageObject\",\"@id\":\"https:\/\/www.2twentyscooters.com\/pt\/produto\/luva-de-couro-marrom\/#primaryimage\",\"inLanguage\":\"pt-AO\",\"url\":\"https:\/\/www.2twentyscooters.com\/wp-content\/uploads\/2021\/01\/50000130-1.jpg\",\"contentUrl\":\"https:\/\/www.2twentyscooters.com\/wp-content\/uploads\/2021\/01\/50000130-1.jpg\",\"width\":489,\"height\":368},{\"@type\":\"WebPage\",\"@id\":\"https:\/\/www.2twentyscooters.com\/pt\/produto\/luva-de-couro-marrom\/#webpage\",\"url\":\"https:\/\/www.2twentyscooters.com\/pt\/produto\/luva-de-couro-marrom\/\",\"name\":\"Luva de couro de vaca marrom\",\"isPartOf\":{\"@id\":\"https:\/\/www.2twentyscooters.com\/en\/#website\"},\"primaryImageOfPage\":{\"@id\":\"https:\/\/www.2twentyscooters.com\/pt\/produto\/luva-de-couro-marrom\/#primaryimage\"},\"datePublished\":\"2020-05-24T14:26:59+00:00\",\"dateModified\":\"2021-03-11T13:26:30+00:00\",\"breadcrumb\":{\"@id\":\"https:\/\/www.2twentyscooters.com\/pt\/produto\/luva-de-couro-marrom\/#breadcrumb\"},\"inLanguage\":\"pt-AO\",\"potentialAction\":[{\"@type\":\"ReadAction\",\"target\":[\"https:\/\/www.2twentyscooters.com\/pt\/produto\/luva-de-couro-marrom\/\"]}]},{\"@type\":\"BreadcrumbList\",\"@id\":\"https:\/\/www.2twentyscooters.com\/pt\/produto\/luva-de-couro-marrom\/#breadcrumb\",\"itemListElement\":[{\"@type\":\"ListItem\",\"position\":1,\"name\":\"Home\",\"item\":\"https:\/\/www.2twentyscooters.com\/pt\/homenew\/\"},{\"@type\":\"ListItem\",\"position\":2,\"name\":\"Loja\",\"item\":\"https:\/\/www.2twentyscooters.com\/pt\/loja\/\"},{\"@type\":\"ListItem\",\"position\":3,\"name\":\"Non class\u00e9\",\"item\":\"https:\/\/www.2twentyscooters.com\/pt\/categoria-produto\/non-classe-pt\/\"},{\"@type\":\"ListItem\",\"position\":4,\"name\":\"Luva de couro de vaca marrom\"}]}]}<\/script>\n<!-- \/ Yoast SEO plugin. -->","yoast_head_json":{"title":"Luva de couro de vaca marrom","robots":{"index":"index","follow":"follow","max-snippet":"max-snippet:-1","max-image-preview":"max-image-preview:large","max-video-preview":"max-video-preview:-1"},"canonical":"https:\/\/www.2twentyscooters.com\/pt\/produto\/luva-de-couro-marrom\/","og_locale":"pt_PT","og_type":"article","og_title":"Luva de couro de vaca marrom","og_description":"Luva Monaco Calfskin PRIMAVERA \/ VER\u00c3O  Couro de flor integral perfurado mergulhado em couro bovino  Refor\u00e7o de conforto na palma da m\u00e3o.","og_url":"https:\/\/www.2twentyscooters.com\/pt\/produto\/luva-de-couro-marrom\/","og_site_name":"2Twenty Scooter \u00e9lectrique","article_modified_time":"2021-03-11T13:26:30+00:00","og_image":[{"width":489,"height":368,"url":"https:\/\/www.2twentyscooters.com\/wp-content\/uploads\/2021\/01\/50000130-1.jpg","type":"image\/jpeg"}],"twitter_card":"summary","schema":{"@context":"https:\/\/schema.org","@graph":[{"@type":"Organization","@id":"https:\/\/www.2twentyscooters.com\/en\/#organization","name":"2twentyscooters","url":"https:\/\/www.2twentyscooters.com\/en\/","sameAs":[],"logo":{"@type":"ImageObject","@id":"https:\/\/www.2twentyscooters.com\/en\/#logo","inLanguage":"pt-AO","url":"https:\/\/www.2twentyscooters.com\/wp-content\/uploads\/2022\/03\/2twenty-scooters-logo.png","contentUrl":"https:\/\/www.2twentyscooters.com\/wp-content\/uploads\/2022\/03\/2twenty-scooters-logo.png","width":342,"height":55,"caption":"2twentyscooters"},"image":{"@id":"https:\/\/www.2twentyscooters.com\/en\/#logo"}},{"@type":"WebSite","@id":"https:\/\/www.2twentyscooters.com\/en\/#website","url":"https:\/\/www.2twentyscooters.com\/en\/","name":"2Twenty Scooter \u00e9lectrique","description":"","publisher":{"@id":"https:\/\/www.2twentyscooters.com\/en\/#organization"},"potentialAction":[{"@type":"SearchAction","target":{"@type":"EntryPoint","urlTemplate":"https:\/\/www.2twentyscooters.com\/en\/?s={search_term_string}"},"query-input":"required name=search_term_string"}],"inLanguage":"pt-AO"},{"@type":"ImageObject","@id":"https:\/\/www.2twentyscooters.com\/pt\/produto\/luva-de-couro-marrom\/#primaryimage","inLanguage":"pt-AO","url":"https:\/\/www.2twentyscooters.com\/wp-content\/uploads\/2021\/01\/50000130-1.jpg","contentUrl":"https:\/\/www.2twentyscooters.com\/wp-content\/uploads\/2021\/01\/50000130-1.jpg","width":489,"height":368},{"@type":"WebPage","@id":"https:\/\/www.2twentyscooters.com\/pt\/produto\/luva-de-couro-marrom\/#webpage","url":"https:\/\/www.2twentyscooters.com\/pt\/produto\/luva-de-couro-marrom\/","name":"Luva de couro de vaca marrom","isPartOf":{"@id":"https:\/\/www.2twentyscooters.com\/en\/#website"},"primaryImageOfPage":{"@id":"https:\/\/www.2twentyscooters.com\/pt\/produto\/luva-de-couro-marrom\/#primaryimage"},"datePublished":"2020-05-24T14:26:59+00:00","dateModified":"2021-03-11T13:26:30+00:00","breadcrumb":{"@id":"https:\/\/www.2twentyscooters.com\/pt\/produto\/luva-de-couro-marrom\/#breadcrumb"},"inLanguage":"pt-AO","potentialAction":[{"@type":"ReadAction","target":["https:\/\/www.2twentyscooters.com\/pt\/produto\/luva-de-couro-marrom\/"]}]},{"@type":"BreadcrumbList","@id":"https:\/\/www.2twentyscooters.com\/pt\/produto\/luva-de-couro-marrom\/#breadcrumb","itemListElement":[{"@type":"ListItem","position":1,"name":"Home","item":"https:\/\/www.2twentyscooters.com\/pt\/homenew\/"},{"@type":"ListItem","position":2,"name":"Loja","item":"https:\/\/www.2twentyscooters.com\/pt\/loja\/"},{"@type":"ListItem","position":3,"name":"Non class\u00e9","item":"https:\/\/www.2twentyscooters.com\/pt\/categoria-produto\/non-classe-pt\/"},{"@type":"ListItem","position":4,"name":"Luva de couro de vaca marrom"}]}]}},"_links":{"self":[{"href":"https:\/\/www.2twentyscooters.com\/pt\/wp-json\/wp\/v2\/product\/25763"}],"collection":[{"href":"https:\/\/www.2twentyscooters.com\/pt\/wp-json\/wp\/v2\/product"}],"about":[{"href":"https:\/\/www.2twentyscooters.com\/pt\/wp-json\/wp\/v2\/types\/product"}],"replies":[{"embeddable":true,"href":"https:\/\/www.2twentyscooters.com\/pt\/wp-json\/wp\/v2\/comments?post=25763"}],"version-history":[{"count":0,"href":"https:\/\/www.2twentyscooters.com\/pt\/wp-json\/wp\/v2\/product\/25763\/revisions"}],"wp:featuredmedia":[{"embeddable":true,"href":"https:\/\/www.2twentyscooters.com\/pt\/wp-json\/wp\/v2\/media\/30888"}],"wp:attachment":[{"href":"https:\/\/www.2twentyscooters.com\/pt\/wp-json\/wp\/v2\/media?parent=25763"}],"wp:term":[{"taxonomy":"product_cat","embeddable":true,"href":"https:\/\/www.2twentyscooters.com\/pt\/wp-json\/wp\/v2\/product_cat?post=25763"},{"taxonomy":"product_tag","embeddable":true,"href":"https:\/\/www.2twentyscooters.com\/pt\/wp-json\/wp\/v2\/product_tag?post=25763"}],"curies":[{"name":"wp","href":"https:\/\/api.w.org\/{rel}","templated":true}]}}