{"id":21663,"date":"2019-05-17T12:01:15","date_gmt":"2019-05-17T10:01:15","guid":{"rendered":"https:\/\/www.2twentyscooters.com\/produit\/antirroubo-u-homologado-sra-tamanho-m\/"},"modified":"2021-03-11T14:16:49","modified_gmt":"2021-03-11T13:16:49","slug":"anti-roubo-2twenty-u-homolog-sra","status":"publish","type":"product","link":"https:\/\/www.2twentyscooters.com\/pt\/produto\/anti-roubo-2twenty-u-homolog-sra\/","title":{"rendered":"SRA aprovado U-lock (tamanho: M)"},"content":{"rendered":"<p>Este dispositivo anti-roubo aprovado ir\u00e1 proteger a sua scooter e para facilidade de utiliza\u00e7\u00e3o, certificamo-nos de que se encaixa sob o selim da 2Twenty no compartimento da 2\u00aa bateria para que possa ser facilmente transportada.<\/p>\n<ul>\n<li>Fechadura de a\u00e7o cimentado<\/li>\n<li>Chave de dupla face para facilidade de uso<\/li>\n<li>Manilha de a\u00e7o temperado com 18 mm de di\u00e2metro<\/li>\n<li>SRA C4 aprovado e, portanto, reconhecido por todas as seguradoras<\/li>\n<li>Dimens\u00f5es: largura 120 mm, comprimento 230 mm<\/li>\n<li>Dimens\u00f5es externas: largura 180 mm, comprimento 290 mm<\/li>\n<li>2 chaves s\u00e3o fornecidas<\/li>\n<\/ul>\n<p>Nada melhor para proteger a sua scooter el\u00e9trica contra roubo, j\u00e1 que a associa\u00e7\u00e3o SRA s\u00f3 concede a sua certifica\u00e7\u00e3o aos dispositivos anti-roubo mais resistentes. A maioria das seguradoras exige a compra de tal dispositivo anti-roubo certificado como parte da garantia contra roubo.<\/p>\n","protected":false},"excerpt":{"rendered":"<p>Este dispositivo anti-roubo aprovado ir\u00e1 proteger a sua scooter e para facilidade de utiliza\u00e7\u00e3o, certificamo-nos de que se encaixa sob o selim da 2Twenty no compartimento da 2\u00aa bateria para que possa ser facilmente transportada.<\/p>\n<ul>\n<li>Fechadura de a\u00e7o cimentado<\/li>\n<li>Chave de dupla face para facilidade de uso<\/li>\n<li>Manilha de a\u00e7o temperado com 18 mm de di\u00e2metro<\/li>\n<li>SRA C4 aprovado e, portanto, reconhecido por todas as seguradoras<\/li>\n<li>Dimens\u00f5es: largura 120 mm, comprimento 230 mm<\/li>\n<li>Dimens\u00f5es externas: largura 180 mm, comprimento 290 mm<\/li>\n<li>2 chaves s\u00e3o fornecidas<\/li>\n<\/ul>\n<p>Nada melhor para proteger a sua scooter el\u00e9trica contra roubo, j\u00e1 que a associa\u00e7\u00e3o SRA s\u00f3 concede a sua certifica\u00e7\u00e3o aos dispositivos anti-roubo mais resistentes. A maioria das seguradoras exige a compra de tal dispositivo anti-roubo certificado como parte da garantia contra roubo.<\/p>\n","protected":false},"featured_media":30468,"comment_status":"closed","ping_status":"closed","template":"","meta":[],"product_cat":[170],"product_tag":[],"yoast_head":"<!-- This site is optimized with the Yoast SEO plugin v18.4.1 - https:\/\/yoast.com\/wordpress\/plugins\/seo\/ -->\n<title>SRA aprovado U-lock (tamanho: M) 2Twenty scooter el\u00e9trico<\/title>\n<meta name=\"description\" content=\"Este dispositivo anti-roubo aprovado ir\u00e1 proteger a sua scooter e para facilidade de utiliza\u00e7\u00e3o, certificamo-nos de que se encaixa sob o selim da 2Twenty no compartimento da 2\u00aa bateria para que possa ser facilmente transportada.\" \/>\n<meta name=\"robots\" content=\"index, follow, max-snippet:-1, max-image-preview:large, max-video-preview:-1\" \/>\n<link rel=\"canonical\" href=\"https:\/\/www.2twentyscooters.com\/pt\/produto\/anti-roubo-2twenty-u-homolog-sra\/\" \/>\n<meta property=\"og:locale\" content=\"pt_PT\" \/>\n<meta property=\"og:type\" content=\"article\" \/>\n<meta property=\"og:title\" content=\"SRA aprovado U-lock (tamanho: M) 2Twenty scooter el\u00e9trico\" \/>\n<meta property=\"og:description\" content=\"Este dispositivo anti-roubo aprovado ir\u00e1 proteger a sua scooter e para facilidade de utiliza\u00e7\u00e3o, certificamo-nos de que se encaixa sob o selim da 2Twenty no compartimento da 2\u00aa bateria para que possa ser facilmente transportada.\" \/>\n<meta property=\"og:url\" content=\"https:\/\/www.2twentyscooters.com\/pt\/produto\/anti-roubo-2twenty-u-homolog-sra\/\" \/>\n<meta property=\"og:site_name\" content=\"2Twenty Scooter \u00e9lectrique\" \/>\n<meta property=\"article:modified_time\" content=\"2021-03-11T13:16:49+00:00\" \/>\n<meta property=\"og:image\" content=\"https:\/\/www.2twentyscooters.com\/wp-content\/uploads\/2021\/01\/Antivol-1-1.jpg\" \/>\n\t<meta property=\"og:image:width\" content=\"800\" \/>\n\t<meta property=\"og:image:height\" content=\"600\" \/>\n\t<meta property=\"og:image:type\" content=\"image\/jpeg\" \/>\n<meta name=\"twitter:card\" content=\"summary\" \/>\n<meta name=\"twitter:label1\" content=\"Est. reading time\" \/>\n\t<meta name=\"twitter:data1\" content=\"1 minuto\" \/>\n<script type=\"application\/ld+json\" class=\"yoast-schema-graph\">{\"@context\":\"https:\/\/schema.org\",\"@graph\":[{\"@type\":\"Organization\",\"@id\":\"https:\/\/www.2twentyscooters.com\/en\/#organization\",\"name\":\"2twentyscooters\",\"url\":\"https:\/\/www.2twentyscooters.com\/en\/\",\"sameAs\":[],\"logo\":{\"@type\":\"ImageObject\",\"@id\":\"https:\/\/www.2twentyscooters.com\/en\/#logo\",\"inLanguage\":\"pt-AO\",\"url\":\"https:\/\/www.2twentyscooters.com\/wp-content\/uploads\/2022\/03\/2twenty-scooters-logo.png\",\"contentUrl\":\"https:\/\/www.2twentyscooters.com\/wp-content\/uploads\/2022\/03\/2twenty-scooters-logo.png\",\"width\":342,\"height\":55,\"caption\":\"2twentyscooters\"},\"image\":{\"@id\":\"https:\/\/www.2twentyscooters.com\/en\/#logo\"}},{\"@type\":\"WebSite\",\"@id\":\"https:\/\/www.2twentyscooters.com\/en\/#website\",\"url\":\"https:\/\/www.2twentyscooters.com\/en\/\",\"name\":\"2Twenty Scooter \u00e9lectrique\",\"description\":\"\",\"publisher\":{\"@id\":\"https:\/\/www.2twentyscooters.com\/en\/#organization\"},\"potentialAction\":[{\"@type\":\"SearchAction\",\"target\":{\"@type\":\"EntryPoint\",\"urlTemplate\":\"https:\/\/www.2twentyscooters.com\/en\/?s={search_term_string}\"},\"query-input\":\"required name=search_term_string\"}],\"inLanguage\":\"pt-AO\"},{\"@type\":\"ImageObject\",\"@id\":\"https:\/\/www.2twentyscooters.com\/pt\/produto\/anti-roubo-2twenty-u-homolog-sra\/#primaryimage\",\"inLanguage\":\"pt-AO\",\"url\":\"https:\/\/www.2twentyscooters.com\/wp-content\/uploads\/2021\/01\/Antivol-1-1.jpg\",\"contentUrl\":\"https:\/\/www.2twentyscooters.com\/wp-content\/uploads\/2021\/01\/Antivol-1-1.jpg\",\"width\":800,\"height\":600},{\"@type\":\"WebPage\",\"@id\":\"https:\/\/www.2twentyscooters.com\/pt\/produto\/anti-roubo-2twenty-u-homolog-sra\/#webpage\",\"url\":\"https:\/\/www.2twentyscooters.com\/pt\/produto\/anti-roubo-2twenty-u-homolog-sra\/\",\"name\":\"SRA aprovado U-lock (tamanho: M) 2Twenty scooter el\u00e9trico\",\"isPartOf\":{\"@id\":\"https:\/\/www.2twentyscooters.com\/en\/#website\"},\"primaryImageOfPage\":{\"@id\":\"https:\/\/www.2twentyscooters.com\/pt\/produto\/anti-roubo-2twenty-u-homolog-sra\/#primaryimage\"},\"datePublished\":\"2019-05-17T10:01:15+00:00\",\"dateModified\":\"2021-03-11T13:16:49+00:00\",\"description\":\"Este dispositivo anti-roubo aprovado ir\u00e1 proteger a sua scooter e para facilidade de utiliza\u00e7\u00e3o, certificamo-nos de que se encaixa sob o selim da 2Twenty no compartimento da 2\u00aa bateria para que possa ser facilmente transportada.\",\"breadcrumb\":{\"@id\":\"https:\/\/www.2twentyscooters.com\/pt\/produto\/anti-roubo-2twenty-u-homolog-sra\/#breadcrumb\"},\"inLanguage\":\"pt-AO\",\"potentialAction\":[{\"@type\":\"ReadAction\",\"target\":[\"https:\/\/www.2twentyscooters.com\/pt\/produto\/anti-roubo-2twenty-u-homolog-sra\/\"]}]},{\"@type\":\"BreadcrumbList\",\"@id\":\"https:\/\/www.2twentyscooters.com\/pt\/produto\/anti-roubo-2twenty-u-homolog-sra\/#breadcrumb\",\"itemListElement\":[{\"@type\":\"ListItem\",\"position\":1,\"name\":\"Home\",\"item\":\"https:\/\/www.2twentyscooters.com\/pt\/homenew\/\"},{\"@type\":\"ListItem\",\"position\":2,\"name\":\"Loja\",\"item\":\"https:\/\/www.2twentyscooters.com\/pt\/loja\/\"},{\"@type\":\"ListItem\",\"position\":3,\"name\":\"Acess\u00f3rios\",\"item\":\"https:\/\/www.2twentyscooters.com\/pt\/categoria-produto\/acessorios\/\"},{\"@type\":\"ListItem\",\"position\":4,\"name\":\"SRA aprovado U-lock (tamanho: M)\"}]}]}<\/script>\n<!-- \/ Yoast SEO plugin. -->","yoast_head_json":{"title":"SRA aprovado U-lock (tamanho: M) 2Twenty scooter el\u00e9trico","description":"Este dispositivo anti-roubo aprovado ir\u00e1 proteger a sua scooter e para facilidade de utiliza\u00e7\u00e3o, certificamo-nos de que se encaixa sob o selim da 2Twenty no compartimento da 2\u00aa bateria para que possa ser facilmente transportada.","robots":{"index":"index","follow":"follow","max-snippet":"max-snippet:-1","max-image-preview":"max-image-preview:large","max-video-preview":"max-video-preview:-1"},"canonical":"https:\/\/www.2twentyscooters.com\/pt\/produto\/anti-roubo-2twenty-u-homolog-sra\/","og_locale":"pt_PT","og_type":"article","og_title":"SRA aprovado U-lock (tamanho: M) 2Twenty scooter el\u00e9trico","og_description":"Este dispositivo anti-roubo aprovado ir\u00e1 proteger a sua scooter e para facilidade de utiliza\u00e7\u00e3o, certificamo-nos de que se encaixa sob o selim da 2Twenty no compartimento da 2\u00aa bateria para que possa ser facilmente transportada.","og_url":"https:\/\/www.2twentyscooters.com\/pt\/produto\/anti-roubo-2twenty-u-homolog-sra\/","og_site_name":"2Twenty Scooter \u00e9lectrique","article_modified_time":"2021-03-11T13:16:49+00:00","og_image":[{"width":800,"height":600,"url":"https:\/\/www.2twentyscooters.com\/wp-content\/uploads\/2021\/01\/Antivol-1-1.jpg","type":"image\/jpeg"}],"twitter_card":"summary","twitter_misc":{"Est. reading time":"1 minuto"},"schema":{"@context":"https:\/\/schema.org","@graph":[{"@type":"Organization","@id":"https:\/\/www.2twentyscooters.com\/en\/#organization","name":"2twentyscooters","url":"https:\/\/www.2twentyscooters.com\/en\/","sameAs":[],"logo":{"@type":"ImageObject","@id":"https:\/\/www.2twentyscooters.com\/en\/#logo","inLanguage":"pt-AO","url":"https:\/\/www.2twentyscooters.com\/wp-content\/uploads\/2022\/03\/2twenty-scooters-logo.png","contentUrl":"https:\/\/www.2twentyscooters.com\/wp-content\/uploads\/2022\/03\/2twenty-scooters-logo.png","width":342,"height":55,"caption":"2twentyscooters"},"image":{"@id":"https:\/\/www.2twentyscooters.com\/en\/#logo"}},{"@type":"WebSite","@id":"https:\/\/www.2twentyscooters.com\/en\/#website","url":"https:\/\/www.2twentyscooters.com\/en\/","name":"2Twenty Scooter \u00e9lectrique","description":"","publisher":{"@id":"https:\/\/www.2twentyscooters.com\/en\/#organization"},"potentialAction":[{"@type":"SearchAction","target":{"@type":"EntryPoint","urlTemplate":"https:\/\/www.2twentyscooters.com\/en\/?s={search_term_string}"},"query-input":"required name=search_term_string"}],"inLanguage":"pt-AO"},{"@type":"ImageObject","@id":"https:\/\/www.2twentyscooters.com\/pt\/produto\/anti-roubo-2twenty-u-homolog-sra\/#primaryimage","inLanguage":"pt-AO","url":"https:\/\/www.2twentyscooters.com\/wp-content\/uploads\/2021\/01\/Antivol-1-1.jpg","contentUrl":"https:\/\/www.2twentyscooters.com\/wp-content\/uploads\/2021\/01\/Antivol-1-1.jpg","width":800,"height":600},{"@type":"WebPage","@id":"https:\/\/www.2twentyscooters.com\/pt\/produto\/anti-roubo-2twenty-u-homolog-sra\/#webpage","url":"https:\/\/www.2twentyscooters.com\/pt\/produto\/anti-roubo-2twenty-u-homolog-sra\/","name":"SRA aprovado U-lock (tamanho: M) 2Twenty scooter el\u00e9trico","isPartOf":{"@id":"https:\/\/www.2twentyscooters.com\/en\/#website"},"primaryImageOfPage":{"@id":"https:\/\/www.2twentyscooters.com\/pt\/produto\/anti-roubo-2twenty-u-homolog-sra\/#primaryimage"},"datePublished":"2019-05-17T10:01:15+00:00","dateModified":"2021-03-11T13:16:49+00:00","description":"Este dispositivo anti-roubo aprovado ir\u00e1 proteger a sua scooter e para facilidade de utiliza\u00e7\u00e3o, certificamo-nos de que se encaixa sob o selim da 2Twenty no compartimento da 2\u00aa bateria para que possa ser facilmente transportada.","breadcrumb":{"@id":"https:\/\/www.2twentyscooters.com\/pt\/produto\/anti-roubo-2twenty-u-homolog-sra\/#breadcrumb"},"inLanguage":"pt-AO","potentialAction":[{"@type":"ReadAction","target":["https:\/\/www.2twentyscooters.com\/pt\/produto\/anti-roubo-2twenty-u-homolog-sra\/"]}]},{"@type":"BreadcrumbList","@id":"https:\/\/www.2twentyscooters.com\/pt\/produto\/anti-roubo-2twenty-u-homolog-sra\/#breadcrumb","itemListElement":[{"@type":"ListItem","position":1,"name":"Home","item":"https:\/\/www.2twentyscooters.com\/pt\/homenew\/"},{"@type":"ListItem","position":2,"name":"Loja","item":"https:\/\/www.2twentyscooters.com\/pt\/loja\/"},{"@type":"ListItem","position":3,"name":"Acess\u00f3rios","item":"https:\/\/www.2twentyscooters.com\/pt\/categoria-produto\/acessorios\/"},{"@type":"ListItem","position":4,"name":"SRA aprovado U-lock (tamanho: M)"}]}]}},"_links":{"self":[{"href":"https:\/\/www.2twentyscooters.com\/pt\/wp-json\/wp\/v2\/product\/21663"}],"collection":[{"href":"https:\/\/www.2twentyscooters.com\/pt\/wp-json\/wp\/v2\/product"}],"about":[{"href":"https:\/\/www.2twentyscooters.com\/pt\/wp-json\/wp\/v2\/types\/product"}],"replies":[{"embeddable":true,"href":"https:\/\/www.2twentyscooters.com\/pt\/wp-json\/wp\/v2\/comments?post=21663"}],"version-history":[{"count":0,"href":"https:\/\/www.2twentyscooters.com\/pt\/wp-json\/wp\/v2\/product\/21663\/revisions"}],"wp:featuredmedia":[{"embeddable":true,"href":"https:\/\/www.2twentyscooters.com\/pt\/wp-json\/wp\/v2\/media\/30468"}],"wp:attachment":[{"href":"https:\/\/www.2twentyscooters.com\/pt\/wp-json\/wp\/v2\/media?parent=21663"}],"wp:term":[{"taxonomy":"product_cat","embeddable":true,"href":"https:\/\/www.2twentyscooters.com\/pt\/wp-json\/wp\/v2\/product_cat?post=21663"},{"taxonomy":"product_tag","embeddable":true,"href":"https:\/\/www.2twentyscooters.com\/pt\/wp-json\/wp\/v2\/product_tag?post=21663"}],"curies":[{"name":"wp","href":"https:\/\/api.w.org\/{rel}","templated":true}]}}