{"id":21491,"date":"2018-10-03T12:55:31","date_gmt":"2018-10-03T10:55:31","guid":{"rendered":"https:\/\/www.2twentyscooters.com\/produit\/protecao-2twenty-tucano-urbano\/"},"modified":"2021-03-11T14:00:13","modified_gmt":"2021-03-11T13:00:13","slug":"avental-2-vinte-tucano-urbano","status":"publish","type":"product","link":"https:\/\/www.2twentyscooters.com\/pt\/produto\/avental-2-vinte-tucano-urbano\/","title":{"rendered":"Avental 2 Vinte Tucano Urbano"},"content":{"rendered":"<p>Com este avental voc\u00ea estar\u00e1 pronto para enfrentar a tempestade com seus 2Twenty!<br \/>\n\u00c9 remov\u00edvel, pode ser instalado e removido em 5 minutos. Ele protege toda a sela quando est\u00e1 parado e pode at\u00e9 ser pendurado no pesco\u00e7o para prote\u00e7\u00e3o total da cabe\u00e7a aos p\u00e9s.<br \/>\nA Tucano Urbano \u00e9 refer\u00eancia em aventais imperme\u00e1veis, por isso \u00e9 parceira da 2Twenty.<\/p>\n<p>Este avental est\u00e1 equipado com o sistema SGAS (sistema insufl\u00e1vel anti-flutuante patenteado), gra\u00e7as \u00e0s c\u00e2maras de ar insufl\u00e1veis laterais, este acess\u00f3rio reduz a vibra\u00e7\u00e3o a alta velocidade. Constru\u00e7\u00e3o de tr\u00eas camadas para garantir um ajuste est\u00e1vel e prote\u00e7\u00e3o t\u00e9rmica: exterior de nylon resistente e est\u00e1vel com costura coberta, membrana interna 100% imperme\u00e1vel, interior forrado, SGAS (sistema anti-flutuante patenteado), anel anti-roubo (apenas em modelos n\u00e3o aparafusados), bolso para objetos grandes, incluindo capa de sela, faixas reflexivas.<\/p>\n<p>&nbsp;<\/p>\n<div class=\"videoWrapper\"><iframe src=\"https:\/\/www.youtube.com\/embed\/XrsuJJpBRSk\" width=\"560\" height=\"315\" frameborder=\"0\" allowfullscreen=\"allowfullscreen\"><\/iframe><\/div>\n","protected":false},"excerpt":{"rendered":"<p>Com este avental voc\u00ea estar\u00e1 pronto para enfrentar a tempestade com seus 2Twenty!<br \/>\n\u00c9 remov\u00edvel, pode ser instalado e removido em 5 minutos. Ele protege toda a sela quando est\u00e1 parado e pode at\u00e9 ser pendurado no pesco\u00e7o para prote\u00e7\u00e3o total da cabe\u00e7a aos p\u00e9s.<br \/>\nA Tucano Urbano \u00e9 refer\u00eancia em aventais imperme\u00e1veis, por isso \u00e9 parceira da 2Twenty.<\/p>\n","protected":false},"featured_media":29882,"comment_status":"closed","ping_status":"closed","template":"","meta":[],"product_cat":[170],"product_tag":[],"yoast_head":"<!-- This site is optimized with the Yoast SEO plugin v18.4.1 - https:\/\/yoast.com\/wordpress\/plugins\/seo\/ -->\n<title>Avental 2 Vinte Tucano Urbano imperme\u00e1vel e remov\u00edvel<\/title>\n<meta name=\"description\" content=\"Avental imperme\u00e1vel tucano urbano para scooter 2Twenty Roma. Instala\u00e7\u00e3o em 5 minutos e 1 ano de garantia contra roubo.\" \/>\n<meta name=\"robots\" content=\"index, follow, max-snippet:-1, max-image-preview:large, max-video-preview:-1\" \/>\n<link rel=\"canonical\" href=\"https:\/\/www.2twentyscooters.com\/pt\/produto\/avental-2-vinte-tucano-urbano\/\" \/>\n<meta property=\"og:locale\" content=\"pt_PT\" \/>\n<meta property=\"og:type\" content=\"article\" \/>\n<meta property=\"og:title\" content=\"Avental 2 Vinte Tucano Urbano imperme\u00e1vel e remov\u00edvel\" \/>\n<meta property=\"og:description\" content=\"Avental imperme\u00e1vel tucano urbano para scooter 2Twenty Roma. Instala\u00e7\u00e3o em 5 minutos e 1 ano de garantia contra roubo.\" \/>\n<meta property=\"og:url\" content=\"https:\/\/www.2twentyscooters.com\/pt\/produto\/avental-2-vinte-tucano-urbano\/\" \/>\n<meta property=\"og:site_name\" content=\"2Twenty Scooter \u00e9lectrique\" \/>\n<meta property=\"article:modified_time\" content=\"2021-03-11T13:00:13+00:00\" \/>\n<meta property=\"og:image\" content=\"https:\/\/www.2twentyscooters.com\/wp-content\/uploads\/2021\/01\/tablier-scooter-2.jpg\" \/>\n\t<meta property=\"og:image:width\" content=\"667\" \/>\n\t<meta property=\"og:image:height\" content=\"500\" \/>\n\t<meta property=\"og:image:type\" content=\"image\/jpeg\" \/>\n<meta name=\"twitter:card\" content=\"summary\" \/>\n<meta name=\"twitter:label1\" content=\"Est. reading time\" \/>\n\t<meta name=\"twitter:data1\" content=\"1 minuto\" \/>\n<script type=\"application\/ld+json\" class=\"yoast-schema-graph\">{\"@context\":\"https:\/\/schema.org\",\"@graph\":[{\"@type\":\"Organization\",\"@id\":\"https:\/\/www.2twentyscooters.com\/en\/#organization\",\"name\":\"2twentyscooters\",\"url\":\"https:\/\/www.2twentyscooters.com\/en\/\",\"sameAs\":[],\"logo\":{\"@type\":\"ImageObject\",\"@id\":\"https:\/\/www.2twentyscooters.com\/en\/#logo\",\"inLanguage\":\"pt-AO\",\"url\":\"https:\/\/www.2twentyscooters.com\/wp-content\/uploads\/2022\/03\/2twenty-scooters-logo.png\",\"contentUrl\":\"https:\/\/www.2twentyscooters.com\/wp-content\/uploads\/2022\/03\/2twenty-scooters-logo.png\",\"width\":342,\"height\":55,\"caption\":\"2twentyscooters\"},\"image\":{\"@id\":\"https:\/\/www.2twentyscooters.com\/en\/#logo\"}},{\"@type\":\"WebSite\",\"@id\":\"https:\/\/www.2twentyscooters.com\/en\/#website\",\"url\":\"https:\/\/www.2twentyscooters.com\/en\/\",\"name\":\"2Twenty Scooter \u00e9lectrique\",\"description\":\"\",\"publisher\":{\"@id\":\"https:\/\/www.2twentyscooters.com\/en\/#organization\"},\"potentialAction\":[{\"@type\":\"SearchAction\",\"target\":{\"@type\":\"EntryPoint\",\"urlTemplate\":\"https:\/\/www.2twentyscooters.com\/en\/?s={search_term_string}\"},\"query-input\":\"required name=search_term_string\"}],\"inLanguage\":\"pt-AO\"},{\"@type\":\"ImageObject\",\"@id\":\"https:\/\/www.2twentyscooters.com\/pt\/produto\/avental-2-vinte-tucano-urbano\/#primaryimage\",\"inLanguage\":\"pt-AO\",\"url\":\"https:\/\/www.2twentyscooters.com\/wp-content\/uploads\/2021\/01\/tablier-scooter-2.jpg\",\"contentUrl\":\"https:\/\/www.2twentyscooters.com\/wp-content\/uploads\/2021\/01\/tablier-scooter-2.jpg\",\"width\":667,\"height\":500},{\"@type\":\"WebPage\",\"@id\":\"https:\/\/www.2twentyscooters.com\/pt\/produto\/avental-2-vinte-tucano-urbano\/#webpage\",\"url\":\"https:\/\/www.2twentyscooters.com\/pt\/produto\/avental-2-vinte-tucano-urbano\/\",\"name\":\"Avental 2 Vinte Tucano Urbano imperme\u00e1vel e remov\u00edvel\",\"isPartOf\":{\"@id\":\"https:\/\/www.2twentyscooters.com\/en\/#website\"},\"primaryImageOfPage\":{\"@id\":\"https:\/\/www.2twentyscooters.com\/pt\/produto\/avental-2-vinte-tucano-urbano\/#primaryimage\"},\"datePublished\":\"2018-10-03T10:55:31+00:00\",\"dateModified\":\"2021-03-11T13:00:13+00:00\",\"description\":\"Avental imperme\u00e1vel tucano urbano para scooter 2Twenty Roma. Instala\u00e7\u00e3o em 5 minutos e 1 ano de garantia contra roubo.\",\"breadcrumb\":{\"@id\":\"https:\/\/www.2twentyscooters.com\/pt\/produto\/avental-2-vinte-tucano-urbano\/#breadcrumb\"},\"inLanguage\":\"pt-AO\",\"potentialAction\":[{\"@type\":\"ReadAction\",\"target\":[\"https:\/\/www.2twentyscooters.com\/pt\/produto\/avental-2-vinte-tucano-urbano\/\"]}]},{\"@type\":\"BreadcrumbList\",\"@id\":\"https:\/\/www.2twentyscooters.com\/pt\/produto\/avental-2-vinte-tucano-urbano\/#breadcrumb\",\"itemListElement\":[{\"@type\":\"ListItem\",\"position\":1,\"name\":\"Home\",\"item\":\"https:\/\/www.2twentyscooters.com\/pt\/homenew\/\"},{\"@type\":\"ListItem\",\"position\":2,\"name\":\"Loja\",\"item\":\"https:\/\/www.2twentyscooters.com\/pt\/loja\/\"},{\"@type\":\"ListItem\",\"position\":3,\"name\":\"Acess\u00f3rios\",\"item\":\"https:\/\/www.2twentyscooters.com\/pt\/categoria-produto\/acessorios\/\"},{\"@type\":\"ListItem\",\"position\":4,\"name\":\"Avental 2 Vinte Tucano Urbano\"}]}]}<\/script>\n<!-- \/ Yoast SEO plugin. -->","yoast_head_json":{"title":"Avental 2 Vinte Tucano Urbano imperme\u00e1vel e remov\u00edvel","description":"Avental imperme\u00e1vel tucano urbano para scooter 2Twenty Roma. Instala\u00e7\u00e3o em 5 minutos e 1 ano de garantia contra roubo.","robots":{"index":"index","follow":"follow","max-snippet":"max-snippet:-1","max-image-preview":"max-image-preview:large","max-video-preview":"max-video-preview:-1"},"canonical":"https:\/\/www.2twentyscooters.com\/pt\/produto\/avental-2-vinte-tucano-urbano\/","og_locale":"pt_PT","og_type":"article","og_title":"Avental 2 Vinte Tucano Urbano imperme\u00e1vel e remov\u00edvel","og_description":"Avental imperme\u00e1vel tucano urbano para scooter 2Twenty Roma. Instala\u00e7\u00e3o em 5 minutos e 1 ano de garantia contra roubo.","og_url":"https:\/\/www.2twentyscooters.com\/pt\/produto\/avental-2-vinte-tucano-urbano\/","og_site_name":"2Twenty Scooter \u00e9lectrique","article_modified_time":"2021-03-11T13:00:13+00:00","og_image":[{"width":667,"height":500,"url":"https:\/\/www.2twentyscooters.com\/wp-content\/uploads\/2021\/01\/tablier-scooter-2.jpg","type":"image\/jpeg"}],"twitter_card":"summary","twitter_misc":{"Est. reading time":"1 minuto"},"schema":{"@context":"https:\/\/schema.org","@graph":[{"@type":"Organization","@id":"https:\/\/www.2twentyscooters.com\/en\/#organization","name":"2twentyscooters","url":"https:\/\/www.2twentyscooters.com\/en\/","sameAs":[],"logo":{"@type":"ImageObject","@id":"https:\/\/www.2twentyscooters.com\/en\/#logo","inLanguage":"pt-AO","url":"https:\/\/www.2twentyscooters.com\/wp-content\/uploads\/2022\/03\/2twenty-scooters-logo.png","contentUrl":"https:\/\/www.2twentyscooters.com\/wp-content\/uploads\/2022\/03\/2twenty-scooters-logo.png","width":342,"height":55,"caption":"2twentyscooters"},"image":{"@id":"https:\/\/www.2twentyscooters.com\/en\/#logo"}},{"@type":"WebSite","@id":"https:\/\/www.2twentyscooters.com\/en\/#website","url":"https:\/\/www.2twentyscooters.com\/en\/","name":"2Twenty Scooter \u00e9lectrique","description":"","publisher":{"@id":"https:\/\/www.2twentyscooters.com\/en\/#organization"},"potentialAction":[{"@type":"SearchAction","target":{"@type":"EntryPoint","urlTemplate":"https:\/\/www.2twentyscooters.com\/en\/?s={search_term_string}"},"query-input":"required name=search_term_string"}],"inLanguage":"pt-AO"},{"@type":"ImageObject","@id":"https:\/\/www.2twentyscooters.com\/pt\/produto\/avental-2-vinte-tucano-urbano\/#primaryimage","inLanguage":"pt-AO","url":"https:\/\/www.2twentyscooters.com\/wp-content\/uploads\/2021\/01\/tablier-scooter-2.jpg","contentUrl":"https:\/\/www.2twentyscooters.com\/wp-content\/uploads\/2021\/01\/tablier-scooter-2.jpg","width":667,"height":500},{"@type":"WebPage","@id":"https:\/\/www.2twentyscooters.com\/pt\/produto\/avental-2-vinte-tucano-urbano\/#webpage","url":"https:\/\/www.2twentyscooters.com\/pt\/produto\/avental-2-vinte-tucano-urbano\/","name":"Avental 2 Vinte Tucano Urbano imperme\u00e1vel e remov\u00edvel","isPartOf":{"@id":"https:\/\/www.2twentyscooters.com\/en\/#website"},"primaryImageOfPage":{"@id":"https:\/\/www.2twentyscooters.com\/pt\/produto\/avental-2-vinte-tucano-urbano\/#primaryimage"},"datePublished":"2018-10-03T10:55:31+00:00","dateModified":"2021-03-11T13:00:13+00:00","description":"Avental imperme\u00e1vel tucano urbano para scooter 2Twenty Roma. Instala\u00e7\u00e3o em 5 minutos e 1 ano de garantia contra roubo.","breadcrumb":{"@id":"https:\/\/www.2twentyscooters.com\/pt\/produto\/avental-2-vinte-tucano-urbano\/#breadcrumb"},"inLanguage":"pt-AO","potentialAction":[{"@type":"ReadAction","target":["https:\/\/www.2twentyscooters.com\/pt\/produto\/avental-2-vinte-tucano-urbano\/"]}]},{"@type":"BreadcrumbList","@id":"https:\/\/www.2twentyscooters.com\/pt\/produto\/avental-2-vinte-tucano-urbano\/#breadcrumb","itemListElement":[{"@type":"ListItem","position":1,"name":"Home","item":"https:\/\/www.2twentyscooters.com\/pt\/homenew\/"},{"@type":"ListItem","position":2,"name":"Loja","item":"https:\/\/www.2twentyscooters.com\/pt\/loja\/"},{"@type":"ListItem","position":3,"name":"Acess\u00f3rios","item":"https:\/\/www.2twentyscooters.com\/pt\/categoria-produto\/acessorios\/"},{"@type":"ListItem","position":4,"name":"Avental 2 Vinte Tucano Urbano"}]}]}},"_links":{"self":[{"href":"https:\/\/www.2twentyscooters.com\/pt\/wp-json\/wp\/v2\/product\/21491"}],"collection":[{"href":"https:\/\/www.2twentyscooters.com\/pt\/wp-json\/wp\/v2\/product"}],"about":[{"href":"https:\/\/www.2twentyscooters.com\/pt\/wp-json\/wp\/v2\/types\/product"}],"replies":[{"embeddable":true,"href":"https:\/\/www.2twentyscooters.com\/pt\/wp-json\/wp\/v2\/comments?post=21491"}],"version-history":[{"count":0,"href":"https:\/\/www.2twentyscooters.com\/pt\/wp-json\/wp\/v2\/product\/21491\/revisions"}],"wp:featuredmedia":[{"embeddable":true,"href":"https:\/\/www.2twentyscooters.com\/pt\/wp-json\/wp\/v2\/media\/29882"}],"wp:attachment":[{"href":"https:\/\/www.2twentyscooters.com\/pt\/wp-json\/wp\/v2\/media?parent=21491"}],"wp:term":[{"taxonomy":"product_cat","embeddable":true,"href":"https:\/\/www.2twentyscooters.com\/pt\/wp-json\/wp\/v2\/product_cat?post=21491"},{"taxonomy":"product_tag","embeddable":true,"href":"https:\/\/www.2twentyscooters.com\/pt\/wp-json\/wp\/v2\/product_tag?post=21491"}],"curies":[{"name":"wp","href":"https:\/\/api.w.org\/{rel}","templated":true}]}}