{"id":21246,"date":"2017-09-28T11:27:10","date_gmt":"2017-09-28T09:27:10","guid":{"rendered":"https:\/\/www.2twentyscooters.com\/produit\/scooter-2twenty-roma-azul-celeste\/"},"modified":"2023-05-25T18:10:04","modified_gmt":"2023-05-25T16:10:04","slug":"scooter-2twenty-roma-azul-celeste","status":"publish","type":"product","link":"https:\/\/www.2twentyscooters.com\/pt\/produto\/scooter-2twenty-roma-azul-celeste\/","title":{"rendered":"2 Scooter Twenty Roma 2900 &#8211; Azul Azure"},"content":{"rendered":"<p>Aqui est\u00e1 o novo modelo Roma 2900, s\u00e9rie 3 (S3). Muitas melhorias foram feitas: uma nova bateria mais leve (10 Kg) com LED indicador de carga, novo painel colorido com n\u00edvel de carga preciso indicado em%, novos amortecedores cromados na frente, far\u00f3is dianteiros e traseiros LED de baixo consumo, apoio para os p\u00e9s em alum\u00ednio anodizado.<br \/>\nDo lado do motor, a pot\u00eancia \u00e9 agora de 2.900 watts, o que lhe d\u00e1 uma recupera\u00e7\u00e3o muito boa. Para a travagem, foi equipado com 2 trav\u00f5es de disco de pist\u00e3o duplo para controlar esta pot\u00eancia com total seguran\u00e7a. Outra novidade: dois modos de acelera\u00e7\u00e3o: esporte ou eco.<br \/>\nNo entanto, n\u00e3o mudamos o visual retro dos anos 1950.<br \/>\nE como antes, ainda n\u00e3o h\u00e1 necessidade de revisar. As baterias de l\u00edtio est\u00e3o alojadas sob a sela. Basta conect\u00e1-lo e voc\u00ea pode andar. A bateria pode ser recarregada em casa ou em outro lugar em uma tomada de 220 V padr\u00e3o na qual o carregador est\u00e1 conectado.<br \/>\nVoc\u00ea pode levar 1 ou 2 baterias de 72V \/ 20Ah permitindo um alcance de 50 km com uma bateria ou 100 km com ambas. Adicionamos uma fun\u00e7\u00e3o TRIP que pode ser redefinida para 0 usando um bot\u00e3o na al\u00e7a direita.<br \/>\nA scooter est\u00e1 equipada com um porta-bagagens traseiro refor\u00e7ado (j\u00e1 instalado). Existe a possibilidade de adicionar um porta-bagagens frontal (inclu\u00eddo na entrega, mas n\u00e3o montado).<br \/>\nAdministrativamente, a scooter Roma \u00e9 equivalente a uma t\u00e9rmica de 50 cc e, portanto, n\u00e3o requer carteira de motorista.<\/p>\n<p><a href=\"https:\/\/www.2twentyscooters.com\/wp-content\/uploads\/2019\/11\/Manuel-Utilisation-2Twenty-Roma-2900-10-5-2020.pdf\" target=\"_blank\" rel=\"noopener noreferrer\"><span style=\"color: #339966;\"><strong>Fax<\/strong><\/span><strong><span style=\"color: #339966;\"> harger manual<\/span> :<\/strong> Manual do usu\u00e1rio 2Twenty Roma 2900 &#8211; S3<\/a><br \/>\n<a href=\"https:\/\/www.2twentyscooters.com\/tutoriels-dinstallation-et-reparation\/\" target=\"_blank\" rel=\"noopener noreferrer\"><span style=\"color: #339966;\"><strong>Tutoriais de instala\u00e7\u00e3o e reparo<\/strong> :<\/span> Tutoriais<\/a><\/p>\n<p><strong>INFORMA\u00c7\u00d5ES T\u00c9CNICAS:<\/strong><\/p>\n<p>&#8211; Velocidade m\u00e1xima: 45 km \/ h<br \/>\n&#8211; Alcance: 50 km com uma bateria, 100 km com duas baterias<br \/>\n&#8211; Garantia: 2 anos (scooter e bateria)<br \/>\n&#8211; 2 modos: esporte (forte acelera\u00e7\u00e3o) ou economia de energia (acelera\u00e7\u00e3o suave) &#8211;<a href=\"https:\/\/youtu.be\/g5Cn0TvuDmk\"> clique aqui para ver o processo<\/a><br \/>\n&#8211; Bateria de l\u00edtio remov\u00edvel de 72V \/ 20 Ah com indicador LED de carga integrado. Possibilidade de colocar dois lado a lado.<br \/>\n&#8211; N\u00edvel de carga preciso indicado em% no medidor (comunica\u00e7\u00e3o BMS) + fun\u00e7\u00e3o TRIP com bot\u00e3o direito no guiador<br \/>\n&#8211; Tempo de carregamento: 50% em 2 he 100% em 6 h. O carregador pode ser conectado diretamente \u00e0 bateria ou ao soquete localizado no porta-luvas lateral.<br \/>\n&#8211; N\u00famero de ciclos: 900 (aproximadamente 40.000 km)<br \/>\n&#8211; Pot\u00eancia do motor: 2.900 Watts<br \/>\n&#8211; Consumo \/ 100 km: 2,8 kWh<br \/>\n&#8211; Freio a disco dianteiro e traseiro com pin\u00e7a de pist\u00e3o duplo hidr\u00e1ulico<br \/>\n&#8211; Amortecedores dianteiros cromados com mola e pist\u00e3o<br \/>\n&#8211; Far\u00f3is dianteiros e traseiros de LED de baixo consumo<br \/>\n&#8211; Pneus: 3,5-10 &#8220;Tubeless<br \/>\n&#8211; Press\u00e3o dos pneus: dianteiro 2,3 bar \/ traseiro 2,5 bar<br \/>\n&#8211; Peso (com bateria): 80 kg<br \/>\n&#8211; Peso da bateria: 10 kg<br \/>\n&#8211; Peso m\u00e1ximo a bordo: 150 Kg<br \/>\n&#8211; Comprimento 187 cm<br \/>\n&#8211; Largura: 75 cm<br \/>\n&#8211; Altura: 108,5 cm (diagrama em anexo)<br \/>\n&#8211; Altura do assento: 81 cm<br \/>\n&#8211; Cor: Azul Azure &#8211; c\u00f3digo Pantone: 7681C<\/p>\n<p><strong>Importante<\/strong> : verificar a press\u00e3o dos pneus: 2,3 bar \u00e0 frente e 2,5 bar atr\u00e1s. Quando os pneus n\u00e3o est\u00e3o suficientemente cheios, isso reduz a velocidade m\u00e1xima e tamb\u00e9m o alcance da scooter.<\/p>\n","protected":false},"excerpt":{"rendered":"<p>Scooter el\u00e9trica de dois lugares, sem necessidade de licen\u00e7a, equivalente a 50 cc<br \/>\n&#8211; Velocidade m\u00e1xima: 45 km \/ h<br \/>\n&#8211; Pot\u00eancia: 2.900 Watts<br \/>\n&#8211; Autonomia: 50 km com 1 bateria, 100 km com 2 baterias<br \/>\n&#8211; Bateria de l\u00edtio remov\u00edvel 10 Kg<br \/>\n&#8211; Vida \u00fatil da bateria: 900 ciclos (aproximadamente 40.000 km)<br \/>\n&#8211; Garantia de dois anos (scooter e bateria)<\/p>\n<p><strong><a href=\"https:\/\/www.2twentyscooters.com\/pt\/opcao-de-financiamento\/\">Cr\u00e9dito a partir de 65\u20ac \/ m\u00eas (60 m\u00eas )<\/a><\/strong><\/p>\n","protected":false},"featured_media":29452,"comment_status":"closed","ping_status":"closed","template":"","meta":[],"product_cat":[171],"product_tag":[],"yoast_head":"<!-- This site is optimized with the Yoast SEO plugin v18.4.1 - https:\/\/yoast.com\/wordpress\/plugins\/seo\/ -->\n<title>Scooter el\u00e9trico 2Twenty Roma garantido, sem licen\u00e7a equivalente de 50 cc<\/title>\n<meta name=\"description\" content=\"Compre uma scooter el\u00e9trica 2Twenty com um look retro. Motor de 2900 watts, 65 ou 130km de autonomia com 1 ou 2 baterias remov\u00edveis. Garantimos tudo por 2 anos\" \/>\n<meta name=\"robots\" content=\"index, follow, max-snippet:-1, max-image-preview:large, max-video-preview:-1\" \/>\n<link rel=\"canonical\" href=\"https:\/\/www.2twentyscooters.com\/pt\/produto\/scooter-2twenty-roma-azul-celeste\/\" \/>\n<meta property=\"og:locale\" content=\"pt_PT\" \/>\n<meta property=\"og:type\" content=\"article\" \/>\n<meta property=\"og:title\" content=\"Scooter el\u00e9trico 2Twenty Roma garantido, sem licen\u00e7a equivalente de 50 cc\" \/>\n<meta property=\"og:description\" content=\"Compre uma scooter el\u00e9trica 2Twenty com um look retro. Motor de 2900 watts, 65 ou 130km de autonomia com 1 ou 2 baterias remov\u00edveis. Garantimos tudo por 2 anos\" \/>\n<meta property=\"og:url\" content=\"https:\/\/www.2twentyscooters.com\/pt\/produto\/scooter-2twenty-roma-azul-celeste\/\" \/>\n<meta property=\"og:site_name\" content=\"2Twenty Scooter \u00e9lectrique\" \/>\n<meta property=\"article:modified_time\" content=\"2023-05-25T16:10:04+00:00\" \/>\n<meta property=\"og:image\" content=\"https:\/\/www.2twentyscooters.com\/wp-content\/uploads\/2021\/01\/Scooter-bleu-800x600-optimisee.jpg\" \/>\n\t<meta property=\"og:image:width\" content=\"800\" \/>\n\t<meta property=\"og:image:height\" content=\"600\" \/>\n\t<meta property=\"og:image:type\" content=\"image\/jpeg\" \/>\n<meta name=\"twitter:card\" content=\"summary\" \/>\n<meta name=\"twitter:label1\" content=\"Est. reading time\" \/>\n\t<meta name=\"twitter:data1\" content=\"3 minutos\" \/>\n<script type=\"application\/ld+json\" class=\"yoast-schema-graph\">{\"@context\":\"https:\/\/schema.org\",\"@graph\":[{\"@type\":\"Organization\",\"@id\":\"https:\/\/www.2twentyscooters.com\/en\/#organization\",\"name\":\"2twentyscooters\",\"url\":\"https:\/\/www.2twentyscooters.com\/en\/\",\"sameAs\":[],\"logo\":{\"@type\":\"ImageObject\",\"@id\":\"https:\/\/www.2twentyscooters.com\/en\/#logo\",\"inLanguage\":\"pt-AO\",\"url\":\"https:\/\/www.2twentyscooters.com\/wp-content\/uploads\/2022\/03\/2twenty-scooters-logo.png\",\"contentUrl\":\"https:\/\/www.2twentyscooters.com\/wp-content\/uploads\/2022\/03\/2twenty-scooters-logo.png\",\"width\":342,\"height\":55,\"caption\":\"2twentyscooters\"},\"image\":{\"@id\":\"https:\/\/www.2twentyscooters.com\/en\/#logo\"}},{\"@type\":\"WebSite\",\"@id\":\"https:\/\/www.2twentyscooters.com\/en\/#website\",\"url\":\"https:\/\/www.2twentyscooters.com\/en\/\",\"name\":\"2Twenty Scooter \u00e9lectrique\",\"description\":\"\",\"publisher\":{\"@id\":\"https:\/\/www.2twentyscooters.com\/en\/#organization\"},\"potentialAction\":[{\"@type\":\"SearchAction\",\"target\":{\"@type\":\"EntryPoint\",\"urlTemplate\":\"https:\/\/www.2twentyscooters.com\/en\/?s={search_term_string}\"},\"query-input\":\"required name=search_term_string\"}],\"inLanguage\":\"pt-AO\"},{\"@type\":\"ImageObject\",\"@id\":\"https:\/\/www.2twentyscooters.com\/pt\/produto\/scooter-2twenty-roma-azul-celeste\/#primaryimage\",\"inLanguage\":\"pt-AO\",\"url\":\"https:\/\/www.2twentyscooters.com\/wp-content\/uploads\/2021\/01\/Scooter-bleu-800x600-optimisee.jpg\",\"contentUrl\":\"https:\/\/www.2twentyscooters.com\/wp-content\/uploads\/2021\/01\/Scooter-bleu-800x600-optimisee.jpg\",\"width\":800,\"height\":600},{\"@type\":\"WebPage\",\"@id\":\"https:\/\/www.2twentyscooters.com\/pt\/produto\/scooter-2twenty-roma-azul-celeste\/#webpage\",\"url\":\"https:\/\/www.2twentyscooters.com\/pt\/produto\/scooter-2twenty-roma-azul-celeste\/\",\"name\":\"Scooter el\u00e9trico 2Twenty Roma garantido, sem licen\u00e7a equivalente de 50 cc\",\"isPartOf\":{\"@id\":\"https:\/\/www.2twentyscooters.com\/en\/#website\"},\"primaryImageOfPage\":{\"@id\":\"https:\/\/www.2twentyscooters.com\/pt\/produto\/scooter-2twenty-roma-azul-celeste\/#primaryimage\"},\"datePublished\":\"2017-09-28T09:27:10+00:00\",\"dateModified\":\"2023-05-25T16:10:04+00:00\",\"description\":\"Compre uma scooter el\u00e9trica 2Twenty com um look retro. Motor de 2900 watts, 65 ou 130km de autonomia com 1 ou 2 baterias remov\u00edveis. Garantimos tudo por 2 anos\",\"breadcrumb\":{\"@id\":\"https:\/\/www.2twentyscooters.com\/pt\/produto\/scooter-2twenty-roma-azul-celeste\/#breadcrumb\"},\"inLanguage\":\"pt-AO\",\"potentialAction\":[{\"@type\":\"ReadAction\",\"target\":[\"https:\/\/www.2twentyscooters.com\/pt\/produto\/scooter-2twenty-roma-azul-celeste\/\"]}]},{\"@type\":\"BreadcrumbList\",\"@id\":\"https:\/\/www.2twentyscooters.com\/pt\/produto\/scooter-2twenty-roma-azul-celeste\/#breadcrumb\",\"itemListElement\":[{\"@type\":\"ListItem\",\"position\":1,\"name\":\"Home\",\"item\":\"https:\/\/www.2twentyscooters.com\/pt\/homenew\/\"},{\"@type\":\"ListItem\",\"position\":2,\"name\":\"Loja\",\"item\":\"https:\/\/www.2twentyscooters.com\/pt\/loja\/\"},{\"@type\":\"ListItem\",\"position\":3,\"name\":\"Scooter\",\"item\":\"https:\/\/www.2twentyscooters.com\/pt\/categoria-produto\/scooter\/\"},{\"@type\":\"ListItem\",\"position\":4,\"name\":\"2 Scooter Twenty Roma 2900 &#8211; Azul Azure\"}]}]}<\/script>\n<!-- \/ Yoast SEO plugin. -->","yoast_head_json":{"title":"Scooter el\u00e9trico 2Twenty Roma garantido, sem licen\u00e7a equivalente de 50 cc","description":"Compre uma scooter el\u00e9trica 2Twenty com um look retro. Motor de 2900 watts, 65 ou 130km de autonomia com 1 ou 2 baterias remov\u00edveis. Garantimos tudo por 2 anos","robots":{"index":"index","follow":"follow","max-snippet":"max-snippet:-1","max-image-preview":"max-image-preview:large","max-video-preview":"max-video-preview:-1"},"canonical":"https:\/\/www.2twentyscooters.com\/pt\/produto\/scooter-2twenty-roma-azul-celeste\/","og_locale":"pt_PT","og_type":"article","og_title":"Scooter el\u00e9trico 2Twenty Roma garantido, sem licen\u00e7a equivalente de 50 cc","og_description":"Compre uma scooter el\u00e9trica 2Twenty com um look retro. Motor de 2900 watts, 65 ou 130km de autonomia com 1 ou 2 baterias remov\u00edveis. Garantimos tudo por 2 anos","og_url":"https:\/\/www.2twentyscooters.com\/pt\/produto\/scooter-2twenty-roma-azul-celeste\/","og_site_name":"2Twenty Scooter \u00e9lectrique","article_modified_time":"2023-05-25T16:10:04+00:00","og_image":[{"width":800,"height":600,"url":"https:\/\/www.2twentyscooters.com\/wp-content\/uploads\/2021\/01\/Scooter-bleu-800x600-optimisee.jpg","type":"image\/jpeg"}],"twitter_card":"summary","twitter_misc":{"Est. reading time":"3 minutos"},"schema":{"@context":"https:\/\/schema.org","@graph":[{"@type":"Organization","@id":"https:\/\/www.2twentyscooters.com\/en\/#organization","name":"2twentyscooters","url":"https:\/\/www.2twentyscooters.com\/en\/","sameAs":[],"logo":{"@type":"ImageObject","@id":"https:\/\/www.2twentyscooters.com\/en\/#logo","inLanguage":"pt-AO","url":"https:\/\/www.2twentyscooters.com\/wp-content\/uploads\/2022\/03\/2twenty-scooters-logo.png","contentUrl":"https:\/\/www.2twentyscooters.com\/wp-content\/uploads\/2022\/03\/2twenty-scooters-logo.png","width":342,"height":55,"caption":"2twentyscooters"},"image":{"@id":"https:\/\/www.2twentyscooters.com\/en\/#logo"}},{"@type":"WebSite","@id":"https:\/\/www.2twentyscooters.com\/en\/#website","url":"https:\/\/www.2twentyscooters.com\/en\/","name":"2Twenty Scooter \u00e9lectrique","description":"","publisher":{"@id":"https:\/\/www.2twentyscooters.com\/en\/#organization"},"potentialAction":[{"@type":"SearchAction","target":{"@type":"EntryPoint","urlTemplate":"https:\/\/www.2twentyscooters.com\/en\/?s={search_term_string}"},"query-input":"required name=search_term_string"}],"inLanguage":"pt-AO"},{"@type":"ImageObject","@id":"https:\/\/www.2twentyscooters.com\/pt\/produto\/scooter-2twenty-roma-azul-celeste\/#primaryimage","inLanguage":"pt-AO","url":"https:\/\/www.2twentyscooters.com\/wp-content\/uploads\/2021\/01\/Scooter-bleu-800x600-optimisee.jpg","contentUrl":"https:\/\/www.2twentyscooters.com\/wp-content\/uploads\/2021\/01\/Scooter-bleu-800x600-optimisee.jpg","width":800,"height":600},{"@type":"WebPage","@id":"https:\/\/www.2twentyscooters.com\/pt\/produto\/scooter-2twenty-roma-azul-celeste\/#webpage","url":"https:\/\/www.2twentyscooters.com\/pt\/produto\/scooter-2twenty-roma-azul-celeste\/","name":"Scooter el\u00e9trico 2Twenty Roma garantido, sem licen\u00e7a equivalente de 50 cc","isPartOf":{"@id":"https:\/\/www.2twentyscooters.com\/en\/#website"},"primaryImageOfPage":{"@id":"https:\/\/www.2twentyscooters.com\/pt\/produto\/scooter-2twenty-roma-azul-celeste\/#primaryimage"},"datePublished":"2017-09-28T09:27:10+00:00","dateModified":"2023-05-25T16:10:04+00:00","description":"Compre uma scooter el\u00e9trica 2Twenty com um look retro. Motor de 2900 watts, 65 ou 130km de autonomia com 1 ou 2 baterias remov\u00edveis. Garantimos tudo por 2 anos","breadcrumb":{"@id":"https:\/\/www.2twentyscooters.com\/pt\/produto\/scooter-2twenty-roma-azul-celeste\/#breadcrumb"},"inLanguage":"pt-AO","potentialAction":[{"@type":"ReadAction","target":["https:\/\/www.2twentyscooters.com\/pt\/produto\/scooter-2twenty-roma-azul-celeste\/"]}]},{"@type":"BreadcrumbList","@id":"https:\/\/www.2twentyscooters.com\/pt\/produto\/scooter-2twenty-roma-azul-celeste\/#breadcrumb","itemListElement":[{"@type":"ListItem","position":1,"name":"Home","item":"https:\/\/www.2twentyscooters.com\/pt\/homenew\/"},{"@type":"ListItem","position":2,"name":"Loja","item":"https:\/\/www.2twentyscooters.com\/pt\/loja\/"},{"@type":"ListItem","position":3,"name":"Scooter","item":"https:\/\/www.2twentyscooters.com\/pt\/categoria-produto\/scooter\/"},{"@type":"ListItem","position":4,"name":"2 Scooter Twenty Roma 2900 &#8211; Azul Azure"}]}]}},"_links":{"self":[{"href":"https:\/\/www.2twentyscooters.com\/pt\/wp-json\/wp\/v2\/product\/21246"}],"collection":[{"href":"https:\/\/www.2twentyscooters.com\/pt\/wp-json\/wp\/v2\/product"}],"about":[{"href":"https:\/\/www.2twentyscooters.com\/pt\/wp-json\/wp\/v2\/types\/product"}],"replies":[{"embeddable":true,"href":"https:\/\/www.2twentyscooters.com\/pt\/wp-json\/wp\/v2\/comments?post=21246"}],"version-history":[{"count":0,"href":"https:\/\/www.2twentyscooters.com\/pt\/wp-json\/wp\/v2\/product\/21246\/revisions"}],"wp:featuredmedia":[{"embeddable":true,"href":"https:\/\/www.2twentyscooters.com\/pt\/wp-json\/wp\/v2\/media\/29452"}],"wp:attachment":[{"href":"https:\/\/www.2twentyscooters.com\/pt\/wp-json\/wp\/v2\/media?parent=21246"}],"wp:term":[{"taxonomy":"product_cat","embeddable":true,"href":"https:\/\/www.2twentyscooters.com\/pt\/wp-json\/wp\/v2\/product_cat?post=21246"},{"taxonomy":"product_tag","embeddable":true,"href":"https:\/\/www.2twentyscooters.com\/pt\/wp-json\/wp\/v2\/product_tag?post=21246"}],"curies":[{"name":"wp","href":"https:\/\/api.w.org\/{rel}","templated":true}]}}