{"id":25069,"date":"2020-05-22T17:59:14","date_gmt":"2020-05-22T15:59:14","guid":{"rendered":"https:\/\/www.2twentyscooters.com\/?page_id=25069"},"modified":"2020-05-22T19:31:58","modified_gmt":"2020-05-22T17:31:58","slug":"quais-sao-os-materiais-que-compoem-a-carrocaria","status":"publish","type":"page","link":"https:\/\/www.2twentyscooters.com\/pt\/perguntas-frequentes\/quais-sao-os-materiais-que-compoem-a-carrocaria\/","title":{"rendered":"Quais s\u00e3o os materiais que comp\u00f5em a carro\u00e7aria?"},"content":{"rendered":"<p>A carro\u00e7aria da 2Twenty \u00e9 feita de pl\u00e1stico PVC. \u00c9 o caso, ali\u00e1s, da grande maioria das scooters no mercado. A \u00fanica exce\u00e7\u00e3o \u00e9 a marca Vespa, que continua a fazer grande parte da sua carro\u00e7aria em metal. A escolha do pl\u00e1stico tem muitas vantagens: as pe\u00e7as s\u00e3o mais leves, n\u00e3o enferrujam e \u00e9 simples e econ\u00f3mico substitu\u00ed-las. Com uma carro\u00e7aria de metal, para reparar danos causados por colis\u00e3o, \u00e9 necess\u00e1rio ir ao chapeiro.<\/p>\n","protected":false},"excerpt":{"rendered":"<p>A carro\u00e7aria da 2Twenty \u00e9 feita de pl\u00e1stico PVC. \u00c9 o caso, ali\u00e1s, da grande maioria das scooters no mercado. A \u00fanica exce\u00e7\u00e3o \u00e9 a marca Vespa, que continua a fazer grande parte da sua carro\u00e7aria em metal. A escolha do pl\u00e1stico tem muitas vantagens: as pe\u00e7as s\u00e3o mais leves, n\u00e3o enferrujam e \u00e9 simples&hellip;&nbsp;<a href=\"https:\/\/www.2twentyscooters.com\/pt\/perguntas-frequentes\/quais-sao-os-materiais-que-compoem-a-carrocaria\/\" class=\"\" rel=\"bookmark\">Read More &raquo;<span class=\"screen-reader-text\">Quais s\u00e3o os materiais que comp\u00f5em a carro\u00e7aria?<\/span><\/a><\/p>\n","protected":false},"author":1,"featured_media":0,"parent":24988,"menu_order":0,"comment_status":"closed","ping_status":"closed","template":"","meta":[],"yoast_head":"<!-- This site is optimized with the Yoast SEO plugin v18.4.1 - https:\/\/yoast.com\/wordpress\/plugins\/seo\/ -->\n<title>Quais s\u00e3o os materiais que comp\u00f5em a carro\u00e7aria?<\/title>\n<meta name=\"robots\" content=\"index, follow, max-snippet:-1, max-image-preview:large, max-video-preview:-1\" \/>\n<link rel=\"canonical\" href=\"https:\/\/www.2twentyscooters.com\/pt\/perguntas-frequentes\/quais-sao-os-materiais-que-compoem-a-carrocaria\/\" \/>\n<meta property=\"og:locale\" content=\"pt_PT\" \/>\n<meta property=\"og:type\" content=\"article\" \/>\n<meta property=\"og:title\" content=\"Quais s\u00e3o os materiais que comp\u00f5em a carro\u00e7aria?\" \/>\n<meta property=\"og:description\" content=\"A carro\u00e7aria da 2Twenty \u00e9 feita de pl\u00e1stico PVC. \u00c9 o caso, ali\u00e1s, da grande maioria das scooters no mercado. A \u00fanica exce\u00e7\u00e3o \u00e9 a marca Vespa, que continua a fazer grande parte da sua carro\u00e7aria em metal. A escolha do pl\u00e1stico tem muitas vantagens: as pe\u00e7as s\u00e3o mais leves, n\u00e3o enferrujam e \u00e9 simples&hellip;&nbsp;Read More &raquo;Quais s\u00e3o os materiais que comp\u00f5em a carro\u00e7aria?\" \/>\n<meta property=\"og:url\" content=\"https:\/\/www.2twentyscooters.com\/pt\/perguntas-frequentes\/quais-sao-os-materiais-que-compoem-a-carrocaria\/\" \/>\n<meta property=\"og:site_name\" content=\"2Twenty Scooter \u00e9lectrique\" \/>\n<meta property=\"article:modified_time\" content=\"2020-05-22T17:31:58+00:00\" \/>\n<meta name=\"twitter:card\" content=\"summary\" \/>\n<script type=\"application\/ld+json\" class=\"yoast-schema-graph\">{\"@context\":\"https:\/\/schema.org\",\"@graph\":[{\"@type\":\"Organization\",\"@id\":\"https:\/\/www.2twentyscooters.com\/en\/#organization\",\"name\":\"2twentyscooters\",\"url\":\"https:\/\/www.2twentyscooters.com\/en\/\",\"sameAs\":[],\"logo\":{\"@type\":\"ImageObject\",\"@id\":\"https:\/\/www.2twentyscooters.com\/en\/#logo\",\"inLanguage\":\"pt-AO\",\"url\":\"https:\/\/www.2twentyscooters.com\/wp-content\/uploads\/2022\/03\/2twenty-scooters-logo.png\",\"contentUrl\":\"https:\/\/www.2twentyscooters.com\/wp-content\/uploads\/2022\/03\/2twenty-scooters-logo.png\",\"width\":342,\"height\":55,\"caption\":\"2twentyscooters\"},\"image\":{\"@id\":\"https:\/\/www.2twentyscooters.com\/en\/#logo\"}},{\"@type\":\"WebSite\",\"@id\":\"https:\/\/www.2twentyscooters.com\/en\/#website\",\"url\":\"https:\/\/www.2twentyscooters.com\/en\/\",\"name\":\"2Twenty Scooter \u00e9lectrique\",\"description\":\"\",\"publisher\":{\"@id\":\"https:\/\/www.2twentyscooters.com\/en\/#organization\"},\"potentialAction\":[{\"@type\":\"SearchAction\",\"target\":{\"@type\":\"EntryPoint\",\"urlTemplate\":\"https:\/\/www.2twentyscooters.com\/en\/?s={search_term_string}\"},\"query-input\":\"required name=search_term_string\"}],\"inLanguage\":\"pt-AO\"},{\"@type\":\"WebPage\",\"@id\":\"https:\/\/www.2twentyscooters.com\/pt\/perguntas-frequentes\/quais-sao-os-materiais-que-compoem-a-carrocaria\/#webpage\",\"url\":\"https:\/\/www.2twentyscooters.com\/pt\/perguntas-frequentes\/quais-sao-os-materiais-que-compoem-a-carrocaria\/\",\"name\":\"Quais s\u00e3o os materiais que comp\u00f5em a carro\u00e7aria?\",\"isPartOf\":{\"@id\":\"https:\/\/www.2twentyscooters.com\/en\/#website\"},\"datePublished\":\"2020-05-22T15:59:14+00:00\",\"dateModified\":\"2020-05-22T17:31:58+00:00\",\"breadcrumb\":{\"@id\":\"https:\/\/www.2twentyscooters.com\/pt\/perguntas-frequentes\/quais-sao-os-materiais-que-compoem-a-carrocaria\/#breadcrumb\"},\"inLanguage\":\"pt-AO\",\"potentialAction\":[{\"@type\":\"ReadAction\",\"target\":[\"https:\/\/www.2twentyscooters.com\/pt\/perguntas-frequentes\/quais-sao-os-materiais-que-compoem-a-carrocaria\/\"]}]},{\"@type\":\"BreadcrumbList\",\"@id\":\"https:\/\/www.2twentyscooters.com\/pt\/perguntas-frequentes\/quais-sao-os-materiais-que-compoem-a-carrocaria\/#breadcrumb\",\"itemListElement\":[{\"@type\":\"ListItem\",\"position\":1,\"name\":\"Home\",\"item\":\"https:\/\/www.2twentyscooters.com\/pt\/homenew\/\"},{\"@type\":\"ListItem\",\"position\":2,\"name\":\"Perguntas frequentes\",\"item\":\"https:\/\/www.2twentyscooters.com\/pt\/perguntas-frequentes\/\"},{\"@type\":\"ListItem\",\"position\":3,\"name\":\"Quais s\u00e3o os materiais que comp\u00f5em a carro\u00e7aria?\"}]}]}<\/script>\n<!-- \/ Yoast SEO plugin. -->","yoast_head_json":{"title":"Quais s\u00e3o os materiais que comp\u00f5em a carro\u00e7aria?","robots":{"index":"index","follow":"follow","max-snippet":"max-snippet:-1","max-image-preview":"max-image-preview:large","max-video-preview":"max-video-preview:-1"},"canonical":"https:\/\/www.2twentyscooters.com\/pt\/perguntas-frequentes\/quais-sao-os-materiais-que-compoem-a-carrocaria\/","og_locale":"pt_PT","og_type":"article","og_title":"Quais s\u00e3o os materiais que comp\u00f5em a carro\u00e7aria?","og_description":"A carro\u00e7aria da 2Twenty \u00e9 feita de pl\u00e1stico PVC. \u00c9 o caso, ali\u00e1s, da grande maioria das scooters no mercado. A \u00fanica exce\u00e7\u00e3o \u00e9 a marca Vespa, que continua a fazer grande parte da sua carro\u00e7aria em metal. A escolha do pl\u00e1stico tem muitas vantagens: as pe\u00e7as s\u00e3o mais leves, n\u00e3o enferrujam e \u00e9 simples&hellip;&nbsp;Read More &raquo;Quais s\u00e3o os materiais que comp\u00f5em a carro\u00e7aria?","og_url":"https:\/\/www.2twentyscooters.com\/pt\/perguntas-frequentes\/quais-sao-os-materiais-que-compoem-a-carrocaria\/","og_site_name":"2Twenty Scooter \u00e9lectrique","article_modified_time":"2020-05-22T17:31:58+00:00","twitter_card":"summary","schema":{"@context":"https:\/\/schema.org","@graph":[{"@type":"Organization","@id":"https:\/\/www.2twentyscooters.com\/en\/#organization","name":"2twentyscooters","url":"https:\/\/www.2twentyscooters.com\/en\/","sameAs":[],"logo":{"@type":"ImageObject","@id":"https:\/\/www.2twentyscooters.com\/en\/#logo","inLanguage":"pt-AO","url":"https:\/\/www.2twentyscooters.com\/wp-content\/uploads\/2022\/03\/2twenty-scooters-logo.png","contentUrl":"https:\/\/www.2twentyscooters.com\/wp-content\/uploads\/2022\/03\/2twenty-scooters-logo.png","width":342,"height":55,"caption":"2twentyscooters"},"image":{"@id":"https:\/\/www.2twentyscooters.com\/en\/#logo"}},{"@type":"WebSite","@id":"https:\/\/www.2twentyscooters.com\/en\/#website","url":"https:\/\/www.2twentyscooters.com\/en\/","name":"2Twenty Scooter \u00e9lectrique","description":"","publisher":{"@id":"https:\/\/www.2twentyscooters.com\/en\/#organization"},"potentialAction":[{"@type":"SearchAction","target":{"@type":"EntryPoint","urlTemplate":"https:\/\/www.2twentyscooters.com\/en\/?s={search_term_string}"},"query-input":"required name=search_term_string"}],"inLanguage":"pt-AO"},{"@type":"WebPage","@id":"https:\/\/www.2twentyscooters.com\/pt\/perguntas-frequentes\/quais-sao-os-materiais-que-compoem-a-carrocaria\/#webpage","url":"https:\/\/www.2twentyscooters.com\/pt\/perguntas-frequentes\/quais-sao-os-materiais-que-compoem-a-carrocaria\/","name":"Quais s\u00e3o os materiais que comp\u00f5em a carro\u00e7aria?","isPartOf":{"@id":"https:\/\/www.2twentyscooters.com\/en\/#website"},"datePublished":"2020-05-22T15:59:14+00:00","dateModified":"2020-05-22T17:31:58+00:00","breadcrumb":{"@id":"https:\/\/www.2twentyscooters.com\/pt\/perguntas-frequentes\/quais-sao-os-materiais-que-compoem-a-carrocaria\/#breadcrumb"},"inLanguage":"pt-AO","potentialAction":[{"@type":"ReadAction","target":["https:\/\/www.2twentyscooters.com\/pt\/perguntas-frequentes\/quais-sao-os-materiais-que-compoem-a-carrocaria\/"]}]},{"@type":"BreadcrumbList","@id":"https:\/\/www.2twentyscooters.com\/pt\/perguntas-frequentes\/quais-sao-os-materiais-que-compoem-a-carrocaria\/#breadcrumb","itemListElement":[{"@type":"ListItem","position":1,"name":"Home","item":"https:\/\/www.2twentyscooters.com\/pt\/homenew\/"},{"@type":"ListItem","position":2,"name":"Perguntas frequentes","item":"https:\/\/www.2twentyscooters.com\/pt\/perguntas-frequentes\/"},{"@type":"ListItem","position":3,"name":"Quais s\u00e3o os materiais que comp\u00f5em a carro\u00e7aria?"}]}]}},"_links":{"self":[{"href":"https:\/\/www.2twentyscooters.com\/pt\/wp-json\/wp\/v2\/pages\/25069"}],"collection":[{"href":"https:\/\/www.2twentyscooters.com\/pt\/wp-json\/wp\/v2\/pages"}],"about":[{"href":"https:\/\/www.2twentyscooters.com\/pt\/wp-json\/wp\/v2\/types\/page"}],"author":[{"embeddable":true,"href":"https:\/\/www.2twentyscooters.com\/pt\/wp-json\/wp\/v2\/users\/1"}],"replies":[{"embeddable":true,"href":"https:\/\/www.2twentyscooters.com\/pt\/wp-json\/wp\/v2\/comments?post=25069"}],"version-history":[{"count":0,"href":"https:\/\/www.2twentyscooters.com\/pt\/wp-json\/wp\/v2\/pages\/25069\/revisions"}],"up":[{"embeddable":true,"href":"https:\/\/www.2twentyscooters.com\/pt\/wp-json\/wp\/v2\/pages\/24988"}],"wp:attachment":[{"href":"https:\/\/www.2twentyscooters.com\/pt\/wp-json\/wp\/v2\/media?parent=25069"}],"curies":[{"name":"wp","href":"https:\/\/api.w.org\/{rel}","templated":true}]}}