{"id":25060,"date":"2020-05-22T17:56:51","date_gmt":"2020-05-22T15:56:51","guid":{"rendered":"https:\/\/www.2twentyscooters.com\/?page_id=25060"},"modified":"2020-05-25T13:00:35","modified_gmt":"2020-05-25T11:00:35","slug":"existe-alguma-scooter-equivalente-as-125cc","status":"publish","type":"page","link":"https:\/\/www.2twentyscooters.com\/pt\/perguntas-frequentes\/existe-alguma-scooter-equivalente-as-125cc\/","title":{"rendered":"Existe alguma scooter equivalente \u00e0s 125cc?"},"content":{"rendered":"<p>Est\u00e1 a ser preparado &#8211; atualmente em testes de homologa\u00e7\u00e3o na Europa &#8211; um modelo 2Twenty equivalente \u00e0s 125cc (categoria L3e). Nome do modelo: 2Twenty High Speed.<br \/>\nIn\u00edcio de produ\u00e7\u00e3o: Junho de 2020<br \/>\nComercializa\u00e7\u00e3o: a partir de Agosto de 2020.<\/p>\n<p>A 2Twenty High Speed tem uma velocidade m\u00e1xima de 90 km\/hora e uma autonomia de 80 km.<br \/>\nEst\u00e1 equipada com duas baterias de 72V \/ 20Ah ligadas em paralelo e o seu pre\u00e7o de venda ser\u00e1 de 4.490\u20ac (TTC). A carro\u00e7aria \u00e9 id\u00eantica \u00e0 do modelo Roma. As diferen\u00e7as para o modelo Roma s\u00e3o as seguintes:<\/p>\n<p>Motor de 4.000 W (em vez de 2.900 W)<\/p>\n<p>Rodas ligeiramente maiores (12 polegadas no lugar de 10 polegadas)<\/p>\n<p>Amortecedores dianteiros e traseiros refor\u00e7ados<\/p>\n<p>Travagem com compensador<\/p>\n<p>Controlador duplo (um por bateria)<\/p>\n<p>S\u00f3 pode ser conduzida com as 2 baterias ligadas<\/p>\n<p><img src=\"https:\/\/www.2twentyscooters.com\/wp-content\/uploads\/2020\/04\/HP-2.jpg\" \/><\/p>\n<p>Palavras-chave: equivalente a 125, 125cc<\/p>\n","protected":false},"excerpt":{"rendered":"<p>Est\u00e1 a ser preparado &#8211; atualmente em testes de homologa\u00e7\u00e3o na Europa &#8211; um modelo 2Twenty equivalente \u00e0s 125cc (categoria L3e). Nome do modelo: 2Twenty High Speed. In\u00edcio de produ\u00e7\u00e3o: Junho de 2020 Comercializa\u00e7\u00e3o: a partir de Agosto de 2020. A 2Twenty High Speed tem uma velocidade m\u00e1xima de 90 km\/hora e uma autonomia de&hellip;&nbsp;<a href=\"https:\/\/www.2twentyscooters.com\/pt\/perguntas-frequentes\/existe-alguma-scooter-equivalente-as-125cc\/\" class=\"\" rel=\"bookmark\">Read More &raquo;<span class=\"screen-reader-text\">Existe alguma scooter equivalente \u00e0s 125cc?<\/span><\/a><\/p>\n","protected":false},"author":1,"featured_media":0,"parent":24988,"menu_order":0,"comment_status":"closed","ping_status":"closed","template":"","meta":[],"yoast_head":"<!-- This site is optimized with the Yoast SEO plugin v18.4.1 - https:\/\/yoast.com\/wordpress\/plugins\/seo\/ -->\n<title>Existe alguma scooter equivalente \u00e0s 125cc?<\/title>\n<meta name=\"robots\" content=\"index, follow, max-snippet:-1, max-image-preview:large, max-video-preview:-1\" \/>\n<link rel=\"canonical\" href=\"https:\/\/www.2twentyscooters.com\/pt\/perguntas-frequentes\/existe-alguma-scooter-equivalente-as-125cc\/\" \/>\n<meta property=\"og:locale\" content=\"pt_PT\" \/>\n<meta property=\"og:type\" content=\"article\" \/>\n<meta property=\"og:title\" content=\"Existe alguma scooter equivalente \u00e0s 125cc?\" \/>\n<meta property=\"og:description\" content=\"Est\u00e1 a ser preparado &#8211; atualmente em testes de homologa\u00e7\u00e3o na Europa &#8211; um modelo 2Twenty equivalente \u00e0s 125cc (categoria L3e). Nome do modelo: 2Twenty High Speed. In\u00edcio de produ\u00e7\u00e3o: Junho de 2020 Comercializa\u00e7\u00e3o: a partir de Agosto de 2020. A 2Twenty High Speed tem uma velocidade m\u00e1xima de 90 km\/hora e uma autonomia de&hellip;&nbsp;Read More &raquo;Existe alguma scooter equivalente \u00e0s 125cc?\" \/>\n<meta property=\"og:url\" content=\"https:\/\/www.2twentyscooters.com\/pt\/perguntas-frequentes\/existe-alguma-scooter-equivalente-as-125cc\/\" \/>\n<meta property=\"og:site_name\" content=\"2Twenty Scooter \u00e9lectrique\" \/>\n<meta property=\"article:modified_time\" content=\"2020-05-25T11:00:35+00:00\" \/>\n<meta property=\"og:image\" content=\"https:\/\/www.2twentyscooters.com\/wp-content\/uploads\/2020\/04\/HP-2.jpg\" \/>\n<meta name=\"twitter:card\" content=\"summary\" \/>\n<meta name=\"twitter:label1\" content=\"Est. reading time\" \/>\n\t<meta name=\"twitter:data1\" content=\"1 minuto\" \/>\n<script type=\"application\/ld+json\" class=\"yoast-schema-graph\">{\"@context\":\"https:\/\/schema.org\",\"@graph\":[{\"@type\":\"Organization\",\"@id\":\"https:\/\/www.2twentyscooters.com\/en\/#organization\",\"name\":\"2twentyscooters\",\"url\":\"https:\/\/www.2twentyscooters.com\/en\/\",\"sameAs\":[],\"logo\":{\"@type\":\"ImageObject\",\"@id\":\"https:\/\/www.2twentyscooters.com\/en\/#logo\",\"inLanguage\":\"pt-AO\",\"url\":\"https:\/\/www.2twentyscooters.com\/wp-content\/uploads\/2022\/03\/2twenty-scooters-logo.png\",\"contentUrl\":\"https:\/\/www.2twentyscooters.com\/wp-content\/uploads\/2022\/03\/2twenty-scooters-logo.png\",\"width\":342,\"height\":55,\"caption\":\"2twentyscooters\"},\"image\":{\"@id\":\"https:\/\/www.2twentyscooters.com\/en\/#logo\"}},{\"@type\":\"WebSite\",\"@id\":\"https:\/\/www.2twentyscooters.com\/en\/#website\",\"url\":\"https:\/\/www.2twentyscooters.com\/en\/\",\"name\":\"2Twenty Scooter \u00e9lectrique\",\"description\":\"\",\"publisher\":{\"@id\":\"https:\/\/www.2twentyscooters.com\/en\/#organization\"},\"potentialAction\":[{\"@type\":\"SearchAction\",\"target\":{\"@type\":\"EntryPoint\",\"urlTemplate\":\"https:\/\/www.2twentyscooters.com\/en\/?s={search_term_string}\"},\"query-input\":\"required name=search_term_string\"}],\"inLanguage\":\"pt-AO\"},{\"@type\":\"ImageObject\",\"@id\":\"https:\/\/www.2twentyscooters.com\/pt\/perguntas-frequentes\/existe-alguma-scooter-equivalente-as-125cc\/#primaryimage\",\"inLanguage\":\"pt-AO\",\"url\":\"https:\/\/www.2twentyscooters.com\/wp-content\/uploads\/2020\/04\/HP-2.jpg\",\"contentUrl\":\"https:\/\/www.2twentyscooters.com\/wp-content\/uploads\/2020\/04\/HP-2.jpg\",\"width\":500,\"height\":363},{\"@type\":\"WebPage\",\"@id\":\"https:\/\/www.2twentyscooters.com\/pt\/perguntas-frequentes\/existe-alguma-scooter-equivalente-as-125cc\/#webpage\",\"url\":\"https:\/\/www.2twentyscooters.com\/pt\/perguntas-frequentes\/existe-alguma-scooter-equivalente-as-125cc\/\",\"name\":\"Existe alguma scooter equivalente \u00e0s 125cc?\",\"isPartOf\":{\"@id\":\"https:\/\/www.2twentyscooters.com\/en\/#website\"},\"primaryImageOfPage\":{\"@id\":\"https:\/\/www.2twentyscooters.com\/pt\/perguntas-frequentes\/existe-alguma-scooter-equivalente-as-125cc\/#primaryimage\"},\"datePublished\":\"2020-05-22T15:56:51+00:00\",\"dateModified\":\"2020-05-25T11:00:35+00:00\",\"breadcrumb\":{\"@id\":\"https:\/\/www.2twentyscooters.com\/pt\/perguntas-frequentes\/existe-alguma-scooter-equivalente-as-125cc\/#breadcrumb\"},\"inLanguage\":\"pt-AO\",\"potentialAction\":[{\"@type\":\"ReadAction\",\"target\":[\"https:\/\/www.2twentyscooters.com\/pt\/perguntas-frequentes\/existe-alguma-scooter-equivalente-as-125cc\/\"]}]},{\"@type\":\"BreadcrumbList\",\"@id\":\"https:\/\/www.2twentyscooters.com\/pt\/perguntas-frequentes\/existe-alguma-scooter-equivalente-as-125cc\/#breadcrumb\",\"itemListElement\":[{\"@type\":\"ListItem\",\"position\":1,\"name\":\"Home\",\"item\":\"https:\/\/www.2twentyscooters.com\/pt\/homenew\/\"},{\"@type\":\"ListItem\",\"position\":2,\"name\":\"Perguntas frequentes\",\"item\":\"https:\/\/www.2twentyscooters.com\/pt\/perguntas-frequentes\/\"},{\"@type\":\"ListItem\",\"position\":3,\"name\":\"Existe alguma scooter equivalente \u00e0s 125cc?\"}]}]}<\/script>\n<!-- \/ Yoast SEO plugin. -->","yoast_head_json":{"title":"Existe alguma scooter equivalente \u00e0s 125cc?","robots":{"index":"index","follow":"follow","max-snippet":"max-snippet:-1","max-image-preview":"max-image-preview:large","max-video-preview":"max-video-preview:-1"},"canonical":"https:\/\/www.2twentyscooters.com\/pt\/perguntas-frequentes\/existe-alguma-scooter-equivalente-as-125cc\/","og_locale":"pt_PT","og_type":"article","og_title":"Existe alguma scooter equivalente \u00e0s 125cc?","og_description":"Est\u00e1 a ser preparado &#8211; atualmente em testes de homologa\u00e7\u00e3o na Europa &#8211; um modelo 2Twenty equivalente \u00e0s 125cc (categoria L3e). Nome do modelo: 2Twenty High Speed. In\u00edcio de produ\u00e7\u00e3o: Junho de 2020 Comercializa\u00e7\u00e3o: a partir de Agosto de 2020. A 2Twenty High Speed tem uma velocidade m\u00e1xima de 90 km\/hora e uma autonomia de&hellip;&nbsp;Read More &raquo;Existe alguma scooter equivalente \u00e0s 125cc?","og_url":"https:\/\/www.2twentyscooters.com\/pt\/perguntas-frequentes\/existe-alguma-scooter-equivalente-as-125cc\/","og_site_name":"2Twenty Scooter \u00e9lectrique","article_modified_time":"2020-05-25T11:00:35+00:00","og_image":[{"url":"https:\/\/www.2twentyscooters.com\/wp-content\/uploads\/2020\/04\/HP-2.jpg"}],"twitter_card":"summary","twitter_misc":{"Est. reading time":"1 minuto"},"schema":{"@context":"https:\/\/schema.org","@graph":[{"@type":"Organization","@id":"https:\/\/www.2twentyscooters.com\/en\/#organization","name":"2twentyscooters","url":"https:\/\/www.2twentyscooters.com\/en\/","sameAs":[],"logo":{"@type":"ImageObject","@id":"https:\/\/www.2twentyscooters.com\/en\/#logo","inLanguage":"pt-AO","url":"https:\/\/www.2twentyscooters.com\/wp-content\/uploads\/2022\/03\/2twenty-scooters-logo.png","contentUrl":"https:\/\/www.2twentyscooters.com\/wp-content\/uploads\/2022\/03\/2twenty-scooters-logo.png","width":342,"height":55,"caption":"2twentyscooters"},"image":{"@id":"https:\/\/www.2twentyscooters.com\/en\/#logo"}},{"@type":"WebSite","@id":"https:\/\/www.2twentyscooters.com\/en\/#website","url":"https:\/\/www.2twentyscooters.com\/en\/","name":"2Twenty Scooter \u00e9lectrique","description":"","publisher":{"@id":"https:\/\/www.2twentyscooters.com\/en\/#organization"},"potentialAction":[{"@type":"SearchAction","target":{"@type":"EntryPoint","urlTemplate":"https:\/\/www.2twentyscooters.com\/en\/?s={search_term_string}"},"query-input":"required name=search_term_string"}],"inLanguage":"pt-AO"},{"@type":"ImageObject","@id":"https:\/\/www.2twentyscooters.com\/pt\/perguntas-frequentes\/existe-alguma-scooter-equivalente-as-125cc\/#primaryimage","inLanguage":"pt-AO","url":"https:\/\/www.2twentyscooters.com\/wp-content\/uploads\/2020\/04\/HP-2.jpg","contentUrl":"https:\/\/www.2twentyscooters.com\/wp-content\/uploads\/2020\/04\/HP-2.jpg","width":500,"height":363},{"@type":"WebPage","@id":"https:\/\/www.2twentyscooters.com\/pt\/perguntas-frequentes\/existe-alguma-scooter-equivalente-as-125cc\/#webpage","url":"https:\/\/www.2twentyscooters.com\/pt\/perguntas-frequentes\/existe-alguma-scooter-equivalente-as-125cc\/","name":"Existe alguma scooter equivalente \u00e0s 125cc?","isPartOf":{"@id":"https:\/\/www.2twentyscooters.com\/en\/#website"},"primaryImageOfPage":{"@id":"https:\/\/www.2twentyscooters.com\/pt\/perguntas-frequentes\/existe-alguma-scooter-equivalente-as-125cc\/#primaryimage"},"datePublished":"2020-05-22T15:56:51+00:00","dateModified":"2020-05-25T11:00:35+00:00","breadcrumb":{"@id":"https:\/\/www.2twentyscooters.com\/pt\/perguntas-frequentes\/existe-alguma-scooter-equivalente-as-125cc\/#breadcrumb"},"inLanguage":"pt-AO","potentialAction":[{"@type":"ReadAction","target":["https:\/\/www.2twentyscooters.com\/pt\/perguntas-frequentes\/existe-alguma-scooter-equivalente-as-125cc\/"]}]},{"@type":"BreadcrumbList","@id":"https:\/\/www.2twentyscooters.com\/pt\/perguntas-frequentes\/existe-alguma-scooter-equivalente-as-125cc\/#breadcrumb","itemListElement":[{"@type":"ListItem","position":1,"name":"Home","item":"https:\/\/www.2twentyscooters.com\/pt\/homenew\/"},{"@type":"ListItem","position":2,"name":"Perguntas frequentes","item":"https:\/\/www.2twentyscooters.com\/pt\/perguntas-frequentes\/"},{"@type":"ListItem","position":3,"name":"Existe alguma scooter equivalente \u00e0s 125cc?"}]}]}},"_links":{"self":[{"href":"https:\/\/www.2twentyscooters.com\/pt\/wp-json\/wp\/v2\/pages\/25060"}],"collection":[{"href":"https:\/\/www.2twentyscooters.com\/pt\/wp-json\/wp\/v2\/pages"}],"about":[{"href":"https:\/\/www.2twentyscooters.com\/pt\/wp-json\/wp\/v2\/types\/page"}],"author":[{"embeddable":true,"href":"https:\/\/www.2twentyscooters.com\/pt\/wp-json\/wp\/v2\/users\/1"}],"replies":[{"embeddable":true,"href":"https:\/\/www.2twentyscooters.com\/pt\/wp-json\/wp\/v2\/comments?post=25060"}],"version-history":[{"count":0,"href":"https:\/\/www.2twentyscooters.com\/pt\/wp-json\/wp\/v2\/pages\/25060\/revisions"}],"up":[{"embeddable":true,"href":"https:\/\/www.2twentyscooters.com\/pt\/wp-json\/wp\/v2\/pages\/24988"}],"wp:attachment":[{"href":"https:\/\/www.2twentyscooters.com\/pt\/wp-json\/wp\/v2\/media?parent=25060"}],"curies":[{"name":"wp","href":"https:\/\/api.w.org\/{rel}","templated":true}]}}