{"id":25053,"date":"2020-05-22T17:55:09","date_gmt":"2020-05-22T15:55:09","guid":{"rendered":"https:\/\/www.2twentyscooters.com\/?page_id=25053"},"modified":"2020-05-22T19:19:50","modified_gmt":"2020-05-22T17:19:50","slug":"revendedor-mais-proximo","status":"publish","type":"page","link":"https:\/\/www.2twentyscooters.com\/pt\/perguntas-frequentes\/revendedor-mais-proximo\/","title":{"rendered":"Revendedor mais pr\u00f3ximo"},"content":{"rendered":"<p>Para encontrar o revendedor 2Twenty mais pr\u00f3ximo visite a p\u00e1gina:<\/p>\n<p>Pontos de venda:<br \/>\n<a href=\"https:\/\/www.2twentyscooters.com\/pt\/pontos-de-venda\/\">https:\/\/www.2twentyscooters.com\/pt\/pontos-de-venda\/<\/a><\/p>\n<p>Se n\u00e3o encontrar nenhum revendedor por perto, poder\u00e1 fazer o pedido online no nosso site.<\/p>\n<p>A scooter \u00e9 entregue numa caixa de estrutura met\u00e1lica revestida com cart\u00e3o.<br \/>\nAqui est\u00e1 o v\u00eddeo da desembalagem no nosso canal do Youtube:<\/p>\n<p><iframe src=\"https:\/\/www.youtube.com\/embed\/hTUcov88Z8s\" width=\"560\" height=\"315\" frameborder=\"0\" allowfullscreen=\"allowfullscreen\"><\/iframe><\/p>\n<p>A scooter e a bateria t\u00eam 2 anos de garantia. Em caso de problema, enviamos as pe\u00e7as com defeito. Todos os acess\u00f3rios e pe\u00e7as de substitui\u00e7\u00e3o est\u00e3o em stock e dispon\u00edveis no nosso site:<\/p>\n<p>Pe\u00e7as de substitui\u00e7\u00e3o:<\/p>\n<p><a href=\"https:\/\/www.2twentyscooters.com\/pt\/acessorios-e-pecas-sobressalentes\/\"><strong>Acess\u00f3rios e pe\u00e7as de substitui\u00e7\u00e3o<\/strong><\/a><\/p>\n<p>Para manuten\u00e7\u00e3o e repara\u00e7\u00e3o basta encontrar uma oficina de scooters que lhe seja conveniente, para onde possamos enviar as pe\u00e7as necess\u00e1rias (como fazem para as outras marcas)<\/p>\n<p>Palavras-chave: revendedor, ponto de venda, local de venda, loja, concess\u00e3o, concession\u00e1ria<\/p>\n","protected":false},"excerpt":{"rendered":"<p>Para encontrar o revendedor 2Twenty mais pr\u00f3ximo visite a p\u00e1gina: Pontos de venda: https:\/\/www.2twentyscooters.com\/pt\/pontos-de-venda\/ Se n\u00e3o encontrar nenhum revendedor por perto, poder\u00e1 fazer o pedido online no nosso site. A scooter \u00e9 entregue numa caixa de estrutura met\u00e1lica revestida com cart\u00e3o. Aqui est\u00e1 o v\u00eddeo da desembalagem no nosso canal do Youtube: A scooter e&hellip;&nbsp;<a href=\"https:\/\/www.2twentyscooters.com\/pt\/perguntas-frequentes\/revendedor-mais-proximo\/\" class=\"\" rel=\"bookmark\">Read More &raquo;<span class=\"screen-reader-text\">Revendedor mais pr\u00f3ximo<\/span><\/a><\/p>\n","protected":false},"author":1,"featured_media":0,"parent":24988,"menu_order":0,"comment_status":"closed","ping_status":"closed","template":"","meta":[],"yoast_head":"<!-- This site is optimized with the Yoast SEO plugin v18.4.1 - https:\/\/yoast.com\/wordpress\/plugins\/seo\/ -->\n<title>Revendedor mais pr\u00f3ximo<\/title>\n<meta name=\"robots\" content=\"index, follow, max-snippet:-1, max-image-preview:large, max-video-preview:-1\" \/>\n<link rel=\"canonical\" href=\"https:\/\/www.2twentyscooters.com\/pt\/perguntas-frequentes\/revendedor-mais-proximo\/\" \/>\n<meta property=\"og:locale\" content=\"pt_PT\" \/>\n<meta property=\"og:type\" content=\"article\" \/>\n<meta property=\"og:title\" content=\"Revendedor mais pr\u00f3ximo\" \/>\n<meta property=\"og:description\" content=\"Para encontrar o revendedor 2Twenty mais pr\u00f3ximo visite a p\u00e1gina: Pontos de venda: https:\/\/www.2twentyscooters.com\/pt\/pontos-de-venda\/ Se n\u00e3o encontrar nenhum revendedor por perto, poder\u00e1 fazer o pedido online no nosso site. A scooter \u00e9 entregue numa caixa de estrutura met\u00e1lica revestida com cart\u00e3o. Aqui est\u00e1 o v\u00eddeo da desembalagem no nosso canal do Youtube: A scooter e&hellip;&nbsp;Read More &raquo;Revendedor mais pr\u00f3ximo\" \/>\n<meta property=\"og:url\" content=\"https:\/\/www.2twentyscooters.com\/pt\/perguntas-frequentes\/revendedor-mais-proximo\/\" \/>\n<meta property=\"og:site_name\" content=\"2Twenty Scooter \u00e9lectrique\" \/>\n<meta property=\"article:modified_time\" content=\"2020-05-22T17:19:50+00:00\" \/>\n<meta name=\"twitter:card\" content=\"summary\" \/>\n<meta name=\"twitter:label1\" content=\"Est. reading time\" \/>\n\t<meta name=\"twitter:data1\" content=\"1 minuto\" \/>\n<script type=\"application\/ld+json\" class=\"yoast-schema-graph\">{\"@context\":\"https:\/\/schema.org\",\"@graph\":[{\"@type\":\"Organization\",\"@id\":\"https:\/\/www.2twentyscooters.com\/en\/#organization\",\"name\":\"2twentyscooters\",\"url\":\"https:\/\/www.2twentyscooters.com\/en\/\",\"sameAs\":[],\"logo\":{\"@type\":\"ImageObject\",\"@id\":\"https:\/\/www.2twentyscooters.com\/en\/#logo\",\"inLanguage\":\"pt-AO\",\"url\":\"https:\/\/www.2twentyscooters.com\/wp-content\/uploads\/2022\/03\/2twenty-scooters-logo.png\",\"contentUrl\":\"https:\/\/www.2twentyscooters.com\/wp-content\/uploads\/2022\/03\/2twenty-scooters-logo.png\",\"width\":342,\"height\":55,\"caption\":\"2twentyscooters\"},\"image\":{\"@id\":\"https:\/\/www.2twentyscooters.com\/en\/#logo\"}},{\"@type\":\"WebSite\",\"@id\":\"https:\/\/www.2twentyscooters.com\/en\/#website\",\"url\":\"https:\/\/www.2twentyscooters.com\/en\/\",\"name\":\"2Twenty Scooter \u00e9lectrique\",\"description\":\"\",\"publisher\":{\"@id\":\"https:\/\/www.2twentyscooters.com\/en\/#organization\"},\"potentialAction\":[{\"@type\":\"SearchAction\",\"target\":{\"@type\":\"EntryPoint\",\"urlTemplate\":\"https:\/\/www.2twentyscooters.com\/en\/?s={search_term_string}\"},\"query-input\":\"required name=search_term_string\"}],\"inLanguage\":\"pt-AO\"},{\"@type\":\"WebPage\",\"@id\":\"https:\/\/www.2twentyscooters.com\/pt\/perguntas-frequentes\/revendedor-mais-proximo\/#webpage\",\"url\":\"https:\/\/www.2twentyscooters.com\/pt\/perguntas-frequentes\/revendedor-mais-proximo\/\",\"name\":\"Revendedor mais pr\u00f3ximo\",\"isPartOf\":{\"@id\":\"https:\/\/www.2twentyscooters.com\/en\/#website\"},\"datePublished\":\"2020-05-22T15:55:09+00:00\",\"dateModified\":\"2020-05-22T17:19:50+00:00\",\"breadcrumb\":{\"@id\":\"https:\/\/www.2twentyscooters.com\/pt\/perguntas-frequentes\/revendedor-mais-proximo\/#breadcrumb\"},\"inLanguage\":\"pt-AO\",\"potentialAction\":[{\"@type\":\"ReadAction\",\"target\":[\"https:\/\/www.2twentyscooters.com\/pt\/perguntas-frequentes\/revendedor-mais-proximo\/\"]}]},{\"@type\":\"BreadcrumbList\",\"@id\":\"https:\/\/www.2twentyscooters.com\/pt\/perguntas-frequentes\/revendedor-mais-proximo\/#breadcrumb\",\"itemListElement\":[{\"@type\":\"ListItem\",\"position\":1,\"name\":\"Home\",\"item\":\"https:\/\/www.2twentyscooters.com\/pt\/homenew\/\"},{\"@type\":\"ListItem\",\"position\":2,\"name\":\"Perguntas frequentes\",\"item\":\"https:\/\/www.2twentyscooters.com\/pt\/perguntas-frequentes\/\"},{\"@type\":\"ListItem\",\"position\":3,\"name\":\"Revendedor mais pr\u00f3ximo\"}]}]}<\/script>\n<!-- \/ Yoast SEO plugin. -->","yoast_head_json":{"title":"Revendedor mais pr\u00f3ximo","robots":{"index":"index","follow":"follow","max-snippet":"max-snippet:-1","max-image-preview":"max-image-preview:large","max-video-preview":"max-video-preview:-1"},"canonical":"https:\/\/www.2twentyscooters.com\/pt\/perguntas-frequentes\/revendedor-mais-proximo\/","og_locale":"pt_PT","og_type":"article","og_title":"Revendedor mais pr\u00f3ximo","og_description":"Para encontrar o revendedor 2Twenty mais pr\u00f3ximo visite a p\u00e1gina: Pontos de venda: https:\/\/www.2twentyscooters.com\/pt\/pontos-de-venda\/ Se n\u00e3o encontrar nenhum revendedor por perto, poder\u00e1 fazer o pedido online no nosso site. A scooter \u00e9 entregue numa caixa de estrutura met\u00e1lica revestida com cart\u00e3o. Aqui est\u00e1 o v\u00eddeo da desembalagem no nosso canal do Youtube: A scooter e&hellip;&nbsp;Read More &raquo;Revendedor mais pr\u00f3ximo","og_url":"https:\/\/www.2twentyscooters.com\/pt\/perguntas-frequentes\/revendedor-mais-proximo\/","og_site_name":"2Twenty Scooter \u00e9lectrique","article_modified_time":"2020-05-22T17:19:50+00:00","twitter_card":"summary","twitter_misc":{"Est. reading time":"1 minuto"},"schema":{"@context":"https:\/\/schema.org","@graph":[{"@type":"Organization","@id":"https:\/\/www.2twentyscooters.com\/en\/#organization","name":"2twentyscooters","url":"https:\/\/www.2twentyscooters.com\/en\/","sameAs":[],"logo":{"@type":"ImageObject","@id":"https:\/\/www.2twentyscooters.com\/en\/#logo","inLanguage":"pt-AO","url":"https:\/\/www.2twentyscooters.com\/wp-content\/uploads\/2022\/03\/2twenty-scooters-logo.png","contentUrl":"https:\/\/www.2twentyscooters.com\/wp-content\/uploads\/2022\/03\/2twenty-scooters-logo.png","width":342,"height":55,"caption":"2twentyscooters"},"image":{"@id":"https:\/\/www.2twentyscooters.com\/en\/#logo"}},{"@type":"WebSite","@id":"https:\/\/www.2twentyscooters.com\/en\/#website","url":"https:\/\/www.2twentyscooters.com\/en\/","name":"2Twenty Scooter \u00e9lectrique","description":"","publisher":{"@id":"https:\/\/www.2twentyscooters.com\/en\/#organization"},"potentialAction":[{"@type":"SearchAction","target":{"@type":"EntryPoint","urlTemplate":"https:\/\/www.2twentyscooters.com\/en\/?s={search_term_string}"},"query-input":"required name=search_term_string"}],"inLanguage":"pt-AO"},{"@type":"WebPage","@id":"https:\/\/www.2twentyscooters.com\/pt\/perguntas-frequentes\/revendedor-mais-proximo\/#webpage","url":"https:\/\/www.2twentyscooters.com\/pt\/perguntas-frequentes\/revendedor-mais-proximo\/","name":"Revendedor mais pr\u00f3ximo","isPartOf":{"@id":"https:\/\/www.2twentyscooters.com\/en\/#website"},"datePublished":"2020-05-22T15:55:09+00:00","dateModified":"2020-05-22T17:19:50+00:00","breadcrumb":{"@id":"https:\/\/www.2twentyscooters.com\/pt\/perguntas-frequentes\/revendedor-mais-proximo\/#breadcrumb"},"inLanguage":"pt-AO","potentialAction":[{"@type":"ReadAction","target":["https:\/\/www.2twentyscooters.com\/pt\/perguntas-frequentes\/revendedor-mais-proximo\/"]}]},{"@type":"BreadcrumbList","@id":"https:\/\/www.2twentyscooters.com\/pt\/perguntas-frequentes\/revendedor-mais-proximo\/#breadcrumb","itemListElement":[{"@type":"ListItem","position":1,"name":"Home","item":"https:\/\/www.2twentyscooters.com\/pt\/homenew\/"},{"@type":"ListItem","position":2,"name":"Perguntas frequentes","item":"https:\/\/www.2twentyscooters.com\/pt\/perguntas-frequentes\/"},{"@type":"ListItem","position":3,"name":"Revendedor mais pr\u00f3ximo"}]}]}},"_links":{"self":[{"href":"https:\/\/www.2twentyscooters.com\/pt\/wp-json\/wp\/v2\/pages\/25053"}],"collection":[{"href":"https:\/\/www.2twentyscooters.com\/pt\/wp-json\/wp\/v2\/pages"}],"about":[{"href":"https:\/\/www.2twentyscooters.com\/pt\/wp-json\/wp\/v2\/types\/page"}],"author":[{"embeddable":true,"href":"https:\/\/www.2twentyscooters.com\/pt\/wp-json\/wp\/v2\/users\/1"}],"replies":[{"embeddable":true,"href":"https:\/\/www.2twentyscooters.com\/pt\/wp-json\/wp\/v2\/comments?post=25053"}],"version-history":[{"count":0,"href":"https:\/\/www.2twentyscooters.com\/pt\/wp-json\/wp\/v2\/pages\/25053\/revisions"}],"up":[{"embeddable":true,"href":"https:\/\/www.2twentyscooters.com\/pt\/wp-json\/wp\/v2\/pages\/24988"}],"wp:attachment":[{"href":"https:\/\/www.2twentyscooters.com\/pt\/wp-json\/wp\/v2\/media?parent=25053"}],"curies":[{"name":"wp","href":"https:\/\/api.w.org\/{rel}","templated":true}]}}