{"id":25042,"date":"2020-05-22T17:43:09","date_gmt":"2020-05-22T15:43:09","guid":{"rendered":"https:\/\/www.2twentyscooters.com\/?page_id=25042"},"modified":"2020-05-22T19:31:45","modified_gmt":"2020-05-22T17:31:45","slug":"qual-a-autonomia-da-minha-scooter-2twenty","status":"publish","type":"page","link":"https:\/\/www.2twentyscooters.com\/pt\/perguntas-frequentes\/qual-a-autonomia-da-minha-scooter-2twenty\/","title":{"rendered":"Qual a autonomia da minha scooter 2Twenty?"},"content":{"rendered":"<p>A autonomia m\u00e9dia por bateria \u00e9 de 50 km (100 km com 2 baterias). Esta autonomia foi medida com um condutor de 75 kg em circula\u00e7\u00e3o na \u00e1rea de Paris.<\/p>\n<p>Aqui est\u00e3o os fatores que fazem variar a autonomia:<\/p>\n<p>Peso do condutor. Tem uma influ\u00eancia quase proporcional na autonomia.<br \/>\nA autonomia diminui significativamente com duas pessoas na scooter.<\/p>\n<p>Percurso: n\u00famero de paragens e inclina\u00e7\u00f5es. Em piso plano e sem paragens, a autonomia poder\u00e1 chegar aos 70 km, mas em cidade, com todos os sem\u00e1foros e paragens, a autonomia diminui, pois cada arranque significa um grande consumo de energia. O mesmo vale para as subidas. Para deixar uma margem de seguran\u00e7a, \u00e9 aconselh\u00e1vel contar com 40 km de autonomia antes de ter de carregar ou trocar a bateria.<\/p>\n<p>Temperatura. A 0\u00b0 C, a perda de autonomia pode andar por volta dos 20%.<\/p>\n<p>&nbsp;<\/p>\n<p>Palavras-chave: autonomia, n\u00famero de km, dist\u00e2ncia<\/p>\n","protected":false},"excerpt":{"rendered":"<p>A autonomia m\u00e9dia por bateria \u00e9 de 50 km (100 km com 2 baterias). Esta autonomia foi medida com um condutor de 75 kg em circula\u00e7\u00e3o na \u00e1rea de Paris. Aqui est\u00e3o os fatores que fazem variar a autonomia: Peso do condutor. Tem uma influ\u00eancia quase proporcional na autonomia. A autonomia diminui significativamente com duas&hellip;&nbsp;<a href=\"https:\/\/www.2twentyscooters.com\/pt\/perguntas-frequentes\/qual-a-autonomia-da-minha-scooter-2twenty\/\" class=\"\" rel=\"bookmark\">Read More &raquo;<span class=\"screen-reader-text\">Qual a autonomia da minha scooter 2Twenty?<\/span><\/a><\/p>\n","protected":false},"author":1,"featured_media":0,"parent":24988,"menu_order":0,"comment_status":"closed","ping_status":"closed","template":"","meta":[],"yoast_head":"<!-- This site is optimized with the Yoast SEO plugin v18.4.1 - https:\/\/yoast.com\/wordpress\/plugins\/seo\/ -->\n<title>Qual a autonomia da minha scooter 2Twenty?<\/title>\n<meta name=\"robots\" content=\"index, follow, max-snippet:-1, max-image-preview:large, max-video-preview:-1\" \/>\n<link rel=\"canonical\" href=\"https:\/\/www.2twentyscooters.com\/pt\/perguntas-frequentes\/qual-a-autonomia-da-minha-scooter-2twenty\/\" \/>\n<meta property=\"og:locale\" content=\"pt_PT\" \/>\n<meta property=\"og:type\" content=\"article\" \/>\n<meta property=\"og:title\" content=\"Qual a autonomia da minha scooter 2Twenty?\" \/>\n<meta property=\"og:description\" content=\"A autonomia m\u00e9dia por bateria \u00e9 de 50 km (100 km com 2 baterias). Esta autonomia foi medida com um condutor de 75 kg em circula\u00e7\u00e3o na \u00e1rea de Paris. Aqui est\u00e3o os fatores que fazem variar a autonomia: Peso do condutor. Tem uma influ\u00eancia quase proporcional na autonomia. A autonomia diminui significativamente com duas&hellip;&nbsp;Read More &raquo;Qual a autonomia da minha scooter 2Twenty?\" \/>\n<meta property=\"og:url\" content=\"https:\/\/www.2twentyscooters.com\/pt\/perguntas-frequentes\/qual-a-autonomia-da-minha-scooter-2twenty\/\" \/>\n<meta property=\"og:site_name\" content=\"2Twenty Scooter \u00e9lectrique\" \/>\n<meta property=\"article:modified_time\" content=\"2020-05-22T17:31:45+00:00\" \/>\n<meta name=\"twitter:card\" content=\"summary\" \/>\n<meta name=\"twitter:label1\" content=\"Est. reading time\" \/>\n\t<meta name=\"twitter:data1\" content=\"1 minuto\" \/>\n<script type=\"application\/ld+json\" class=\"yoast-schema-graph\">{\"@context\":\"https:\/\/schema.org\",\"@graph\":[{\"@type\":\"Organization\",\"@id\":\"https:\/\/www.2twentyscooters.com\/en\/#organization\",\"name\":\"2twentyscooters\",\"url\":\"https:\/\/www.2twentyscooters.com\/en\/\",\"sameAs\":[],\"logo\":{\"@type\":\"ImageObject\",\"@id\":\"https:\/\/www.2twentyscooters.com\/en\/#logo\",\"inLanguage\":\"pt-AO\",\"url\":\"https:\/\/www.2twentyscooters.com\/wp-content\/uploads\/2022\/03\/2twenty-scooters-logo.png\",\"contentUrl\":\"https:\/\/www.2twentyscooters.com\/wp-content\/uploads\/2022\/03\/2twenty-scooters-logo.png\",\"width\":342,\"height\":55,\"caption\":\"2twentyscooters\"},\"image\":{\"@id\":\"https:\/\/www.2twentyscooters.com\/en\/#logo\"}},{\"@type\":\"WebSite\",\"@id\":\"https:\/\/www.2twentyscooters.com\/en\/#website\",\"url\":\"https:\/\/www.2twentyscooters.com\/en\/\",\"name\":\"2Twenty Scooter \u00e9lectrique\",\"description\":\"\",\"publisher\":{\"@id\":\"https:\/\/www.2twentyscooters.com\/en\/#organization\"},\"potentialAction\":[{\"@type\":\"SearchAction\",\"target\":{\"@type\":\"EntryPoint\",\"urlTemplate\":\"https:\/\/www.2twentyscooters.com\/en\/?s={search_term_string}\"},\"query-input\":\"required name=search_term_string\"}],\"inLanguage\":\"pt-AO\"},{\"@type\":\"WebPage\",\"@id\":\"https:\/\/www.2twentyscooters.com\/pt\/perguntas-frequentes\/qual-a-autonomia-da-minha-scooter-2twenty\/#webpage\",\"url\":\"https:\/\/www.2twentyscooters.com\/pt\/perguntas-frequentes\/qual-a-autonomia-da-minha-scooter-2twenty\/\",\"name\":\"Qual a autonomia da minha scooter 2Twenty?\",\"isPartOf\":{\"@id\":\"https:\/\/www.2twentyscooters.com\/en\/#website\"},\"datePublished\":\"2020-05-22T15:43:09+00:00\",\"dateModified\":\"2020-05-22T17:31:45+00:00\",\"breadcrumb\":{\"@id\":\"https:\/\/www.2twentyscooters.com\/pt\/perguntas-frequentes\/qual-a-autonomia-da-minha-scooter-2twenty\/#breadcrumb\"},\"inLanguage\":\"pt-AO\",\"potentialAction\":[{\"@type\":\"ReadAction\",\"target\":[\"https:\/\/www.2twentyscooters.com\/pt\/perguntas-frequentes\/qual-a-autonomia-da-minha-scooter-2twenty\/\"]}]},{\"@type\":\"BreadcrumbList\",\"@id\":\"https:\/\/www.2twentyscooters.com\/pt\/perguntas-frequentes\/qual-a-autonomia-da-minha-scooter-2twenty\/#breadcrumb\",\"itemListElement\":[{\"@type\":\"ListItem\",\"position\":1,\"name\":\"Home\",\"item\":\"https:\/\/www.2twentyscooters.com\/pt\/homenew\/\"},{\"@type\":\"ListItem\",\"position\":2,\"name\":\"Perguntas frequentes\",\"item\":\"https:\/\/www.2twentyscooters.com\/pt\/perguntas-frequentes\/\"},{\"@type\":\"ListItem\",\"position\":3,\"name\":\"Qual a autonomia da minha scooter 2Twenty?\"}]}]}<\/script>\n<!-- \/ Yoast SEO plugin. -->","yoast_head_json":{"title":"Qual a autonomia da minha scooter 2Twenty?","robots":{"index":"index","follow":"follow","max-snippet":"max-snippet:-1","max-image-preview":"max-image-preview:large","max-video-preview":"max-video-preview:-1"},"canonical":"https:\/\/www.2twentyscooters.com\/pt\/perguntas-frequentes\/qual-a-autonomia-da-minha-scooter-2twenty\/","og_locale":"pt_PT","og_type":"article","og_title":"Qual a autonomia da minha scooter 2Twenty?","og_description":"A autonomia m\u00e9dia por bateria \u00e9 de 50 km (100 km com 2 baterias). Esta autonomia foi medida com um condutor de 75 kg em circula\u00e7\u00e3o na \u00e1rea de Paris. Aqui est\u00e3o os fatores que fazem variar a autonomia: Peso do condutor. Tem uma influ\u00eancia quase proporcional na autonomia. A autonomia diminui significativamente com duas&hellip;&nbsp;Read More &raquo;Qual a autonomia da minha scooter 2Twenty?","og_url":"https:\/\/www.2twentyscooters.com\/pt\/perguntas-frequentes\/qual-a-autonomia-da-minha-scooter-2twenty\/","og_site_name":"2Twenty Scooter \u00e9lectrique","article_modified_time":"2020-05-22T17:31:45+00:00","twitter_card":"summary","twitter_misc":{"Est. reading time":"1 minuto"},"schema":{"@context":"https:\/\/schema.org","@graph":[{"@type":"Organization","@id":"https:\/\/www.2twentyscooters.com\/en\/#organization","name":"2twentyscooters","url":"https:\/\/www.2twentyscooters.com\/en\/","sameAs":[],"logo":{"@type":"ImageObject","@id":"https:\/\/www.2twentyscooters.com\/en\/#logo","inLanguage":"pt-AO","url":"https:\/\/www.2twentyscooters.com\/wp-content\/uploads\/2022\/03\/2twenty-scooters-logo.png","contentUrl":"https:\/\/www.2twentyscooters.com\/wp-content\/uploads\/2022\/03\/2twenty-scooters-logo.png","width":342,"height":55,"caption":"2twentyscooters"},"image":{"@id":"https:\/\/www.2twentyscooters.com\/en\/#logo"}},{"@type":"WebSite","@id":"https:\/\/www.2twentyscooters.com\/en\/#website","url":"https:\/\/www.2twentyscooters.com\/en\/","name":"2Twenty Scooter \u00e9lectrique","description":"","publisher":{"@id":"https:\/\/www.2twentyscooters.com\/en\/#organization"},"potentialAction":[{"@type":"SearchAction","target":{"@type":"EntryPoint","urlTemplate":"https:\/\/www.2twentyscooters.com\/en\/?s={search_term_string}"},"query-input":"required name=search_term_string"}],"inLanguage":"pt-AO"},{"@type":"WebPage","@id":"https:\/\/www.2twentyscooters.com\/pt\/perguntas-frequentes\/qual-a-autonomia-da-minha-scooter-2twenty\/#webpage","url":"https:\/\/www.2twentyscooters.com\/pt\/perguntas-frequentes\/qual-a-autonomia-da-minha-scooter-2twenty\/","name":"Qual a autonomia da minha scooter 2Twenty?","isPartOf":{"@id":"https:\/\/www.2twentyscooters.com\/en\/#website"},"datePublished":"2020-05-22T15:43:09+00:00","dateModified":"2020-05-22T17:31:45+00:00","breadcrumb":{"@id":"https:\/\/www.2twentyscooters.com\/pt\/perguntas-frequentes\/qual-a-autonomia-da-minha-scooter-2twenty\/#breadcrumb"},"inLanguage":"pt-AO","potentialAction":[{"@type":"ReadAction","target":["https:\/\/www.2twentyscooters.com\/pt\/perguntas-frequentes\/qual-a-autonomia-da-minha-scooter-2twenty\/"]}]},{"@type":"BreadcrumbList","@id":"https:\/\/www.2twentyscooters.com\/pt\/perguntas-frequentes\/qual-a-autonomia-da-minha-scooter-2twenty\/#breadcrumb","itemListElement":[{"@type":"ListItem","position":1,"name":"Home","item":"https:\/\/www.2twentyscooters.com\/pt\/homenew\/"},{"@type":"ListItem","position":2,"name":"Perguntas frequentes","item":"https:\/\/www.2twentyscooters.com\/pt\/perguntas-frequentes\/"},{"@type":"ListItem","position":3,"name":"Qual a autonomia da minha scooter 2Twenty?"}]}]}},"_links":{"self":[{"href":"https:\/\/www.2twentyscooters.com\/pt\/wp-json\/wp\/v2\/pages\/25042"}],"collection":[{"href":"https:\/\/www.2twentyscooters.com\/pt\/wp-json\/wp\/v2\/pages"}],"about":[{"href":"https:\/\/www.2twentyscooters.com\/pt\/wp-json\/wp\/v2\/types\/page"}],"author":[{"embeddable":true,"href":"https:\/\/www.2twentyscooters.com\/pt\/wp-json\/wp\/v2\/users\/1"}],"replies":[{"embeddable":true,"href":"https:\/\/www.2twentyscooters.com\/pt\/wp-json\/wp\/v2\/comments?post=25042"}],"version-history":[{"count":0,"href":"https:\/\/www.2twentyscooters.com\/pt\/wp-json\/wp\/v2\/pages\/25042\/revisions"}],"up":[{"embeddable":true,"href":"https:\/\/www.2twentyscooters.com\/pt\/wp-json\/wp\/v2\/pages\/24988"}],"wp:attachment":[{"href":"https:\/\/www.2twentyscooters.com\/pt\/wp-json\/wp\/v2\/media?parent=25042"}],"curies":[{"name":"wp","href":"https:\/\/api.w.org\/{rel}","templated":true}]}}