{"id":25032,"date":"2020-05-22T17:39:59","date_gmt":"2020-05-22T15:39:59","guid":{"rendered":"https:\/\/www.2twentyscooters.com\/?page_id=25032"},"modified":"2020-05-22T19:10:31","modified_gmt":"2020-05-22T17:10:31","slug":"posso-fazer-subidas-acentuadas-com-duas-pessoas-numa-scooter-2twenty","status":"publish","type":"page","link":"https:\/\/www.2twentyscooters.com\/pt\/perguntas-frequentes\/posso-fazer-subidas-acentuadas-com-duas-pessoas-numa-scooter-2twenty\/","title":{"rendered":"Posso fazer subidas acentuadas com duas pessoas numa scooter 2Twenty?"},"content":{"rendered":"<p>\u00c9 dif\u00edcil responder a essa pergunta. Depende da subida e do peso dos passageiros.<br \/>\nDe qualquer forma, a velocidade diminuir\u00e1 na subida, mas o bin\u00e1rio do motor de 2.900 W \u00e9 elevado (60Nm), o que torna as presta\u00e7\u00f5es deste modelo bastante eficientes.<\/p>\n<p>Palavras-chave: subida, declive, subidas, declives, declive \u00edngreme, declives \u00edngremes, subida \u00edngreme, subidas \u00edngremes, inclina\u00e7\u00e3o forte<\/p>\n","protected":false},"excerpt":{"rendered":"<p>\u00c9 dif\u00edcil responder a essa pergunta. Depende da subida e do peso dos passageiros. De qualquer forma, a velocidade diminuir\u00e1 na subida, mas o bin\u00e1rio do motor de 2.900 W \u00e9 elevado (60Nm), o que torna as presta\u00e7\u00f5es deste modelo bastante eficientes. Palavras-chave: subida, declive, subidas, declives, declive \u00edngreme, declives \u00edngremes, subida \u00edngreme, subidas \u00edngremes,&hellip;&nbsp;<a href=\"https:\/\/www.2twentyscooters.com\/pt\/perguntas-frequentes\/posso-fazer-subidas-acentuadas-com-duas-pessoas-numa-scooter-2twenty\/\" class=\"\" rel=\"bookmark\">Read More &raquo;<span class=\"screen-reader-text\">Posso fazer subidas acentuadas com duas pessoas numa scooter 2Twenty?<\/span><\/a><\/p>\n","protected":false},"author":1,"featured_media":0,"parent":24988,"menu_order":0,"comment_status":"closed","ping_status":"closed","template":"","meta":[],"yoast_head":"<!-- This site is optimized with the Yoast SEO plugin v18.4.1 - https:\/\/yoast.com\/wordpress\/plugins\/seo\/ -->\n<title>Posso fazer subidas acentuadas com duas pessoas numa scooter 2Twenty?<\/title>\n<meta name=\"robots\" content=\"index, follow, max-snippet:-1, max-image-preview:large, max-video-preview:-1\" \/>\n<link rel=\"canonical\" href=\"https:\/\/www.2twentyscooters.com\/pt\/perguntas-frequentes\/posso-fazer-subidas-acentuadas-com-duas-pessoas-numa-scooter-2twenty\/\" \/>\n<meta property=\"og:locale\" content=\"pt_PT\" \/>\n<meta property=\"og:type\" content=\"article\" \/>\n<meta property=\"og:title\" content=\"Posso fazer subidas acentuadas com duas pessoas numa scooter 2Twenty?\" \/>\n<meta property=\"og:description\" content=\"\u00c9 dif\u00edcil responder a essa pergunta. Depende da subida e do peso dos passageiros. De qualquer forma, a velocidade diminuir\u00e1 na subida, mas o bin\u00e1rio do motor de 2.900 W \u00e9 elevado (60Nm), o que torna as presta\u00e7\u00f5es deste modelo bastante eficientes. Palavras-chave: subida, declive, subidas, declives, declive \u00edngreme, declives \u00edngremes, subida \u00edngreme, subidas \u00edngremes,&hellip;&nbsp;Read More &raquo;Posso fazer subidas acentuadas com duas pessoas numa scooter 2Twenty?\" \/>\n<meta property=\"og:url\" content=\"https:\/\/www.2twentyscooters.com\/pt\/perguntas-frequentes\/posso-fazer-subidas-acentuadas-com-duas-pessoas-numa-scooter-2twenty\/\" \/>\n<meta property=\"og:site_name\" content=\"2Twenty Scooter \u00e9lectrique\" \/>\n<meta property=\"article:modified_time\" content=\"2020-05-22T17:10:31+00:00\" \/>\n<meta name=\"twitter:card\" content=\"summary\" \/>\n<script type=\"application\/ld+json\" class=\"yoast-schema-graph\">{\"@context\":\"https:\/\/schema.org\",\"@graph\":[{\"@type\":\"Organization\",\"@id\":\"https:\/\/www.2twentyscooters.com\/en\/#organization\",\"name\":\"2twentyscooters\",\"url\":\"https:\/\/www.2twentyscooters.com\/en\/\",\"sameAs\":[],\"logo\":{\"@type\":\"ImageObject\",\"@id\":\"https:\/\/www.2twentyscooters.com\/en\/#logo\",\"inLanguage\":\"pt-AO\",\"url\":\"https:\/\/www.2twentyscooters.com\/wp-content\/uploads\/2022\/03\/2twenty-scooters-logo.png\",\"contentUrl\":\"https:\/\/www.2twentyscooters.com\/wp-content\/uploads\/2022\/03\/2twenty-scooters-logo.png\",\"width\":342,\"height\":55,\"caption\":\"2twentyscooters\"},\"image\":{\"@id\":\"https:\/\/www.2twentyscooters.com\/en\/#logo\"}},{\"@type\":\"WebSite\",\"@id\":\"https:\/\/www.2twentyscooters.com\/en\/#website\",\"url\":\"https:\/\/www.2twentyscooters.com\/en\/\",\"name\":\"2Twenty Scooter \u00e9lectrique\",\"description\":\"\",\"publisher\":{\"@id\":\"https:\/\/www.2twentyscooters.com\/en\/#organization\"},\"potentialAction\":[{\"@type\":\"SearchAction\",\"target\":{\"@type\":\"EntryPoint\",\"urlTemplate\":\"https:\/\/www.2twentyscooters.com\/en\/?s={search_term_string}\"},\"query-input\":\"required name=search_term_string\"}],\"inLanguage\":\"pt-AO\"},{\"@type\":\"WebPage\",\"@id\":\"https:\/\/www.2twentyscooters.com\/pt\/perguntas-frequentes\/posso-fazer-subidas-acentuadas-com-duas-pessoas-numa-scooter-2twenty\/#webpage\",\"url\":\"https:\/\/www.2twentyscooters.com\/pt\/perguntas-frequentes\/posso-fazer-subidas-acentuadas-com-duas-pessoas-numa-scooter-2twenty\/\",\"name\":\"Posso fazer subidas acentuadas com duas pessoas numa scooter 2Twenty?\",\"isPartOf\":{\"@id\":\"https:\/\/www.2twentyscooters.com\/en\/#website\"},\"datePublished\":\"2020-05-22T15:39:59+00:00\",\"dateModified\":\"2020-05-22T17:10:31+00:00\",\"breadcrumb\":{\"@id\":\"https:\/\/www.2twentyscooters.com\/pt\/perguntas-frequentes\/posso-fazer-subidas-acentuadas-com-duas-pessoas-numa-scooter-2twenty\/#breadcrumb\"},\"inLanguage\":\"pt-AO\",\"potentialAction\":[{\"@type\":\"ReadAction\",\"target\":[\"https:\/\/www.2twentyscooters.com\/pt\/perguntas-frequentes\/posso-fazer-subidas-acentuadas-com-duas-pessoas-numa-scooter-2twenty\/\"]}]},{\"@type\":\"BreadcrumbList\",\"@id\":\"https:\/\/www.2twentyscooters.com\/pt\/perguntas-frequentes\/posso-fazer-subidas-acentuadas-com-duas-pessoas-numa-scooter-2twenty\/#breadcrumb\",\"itemListElement\":[{\"@type\":\"ListItem\",\"position\":1,\"name\":\"Home\",\"item\":\"https:\/\/www.2twentyscooters.com\/pt\/homenew\/\"},{\"@type\":\"ListItem\",\"position\":2,\"name\":\"Perguntas frequentes\",\"item\":\"https:\/\/www.2twentyscooters.com\/pt\/perguntas-frequentes\/\"},{\"@type\":\"ListItem\",\"position\":3,\"name\":\"Posso fazer subidas acentuadas com duas pessoas numa scooter 2Twenty?\"}]}]}<\/script>\n<!-- \/ Yoast SEO plugin. -->","yoast_head_json":{"title":"Posso fazer subidas acentuadas com duas pessoas numa scooter 2Twenty?","robots":{"index":"index","follow":"follow","max-snippet":"max-snippet:-1","max-image-preview":"max-image-preview:large","max-video-preview":"max-video-preview:-1"},"canonical":"https:\/\/www.2twentyscooters.com\/pt\/perguntas-frequentes\/posso-fazer-subidas-acentuadas-com-duas-pessoas-numa-scooter-2twenty\/","og_locale":"pt_PT","og_type":"article","og_title":"Posso fazer subidas acentuadas com duas pessoas numa scooter 2Twenty?","og_description":"\u00c9 dif\u00edcil responder a essa pergunta. Depende da subida e do peso dos passageiros. De qualquer forma, a velocidade diminuir\u00e1 na subida, mas o bin\u00e1rio do motor de 2.900 W \u00e9 elevado (60Nm), o que torna as presta\u00e7\u00f5es deste modelo bastante eficientes. Palavras-chave: subida, declive, subidas, declives, declive \u00edngreme, declives \u00edngremes, subida \u00edngreme, subidas \u00edngremes,&hellip;&nbsp;Read More &raquo;Posso fazer subidas acentuadas com duas pessoas numa scooter 2Twenty?","og_url":"https:\/\/www.2twentyscooters.com\/pt\/perguntas-frequentes\/posso-fazer-subidas-acentuadas-com-duas-pessoas-numa-scooter-2twenty\/","og_site_name":"2Twenty Scooter \u00e9lectrique","article_modified_time":"2020-05-22T17:10:31+00:00","twitter_card":"summary","schema":{"@context":"https:\/\/schema.org","@graph":[{"@type":"Organization","@id":"https:\/\/www.2twentyscooters.com\/en\/#organization","name":"2twentyscooters","url":"https:\/\/www.2twentyscooters.com\/en\/","sameAs":[],"logo":{"@type":"ImageObject","@id":"https:\/\/www.2twentyscooters.com\/en\/#logo","inLanguage":"pt-AO","url":"https:\/\/www.2twentyscooters.com\/wp-content\/uploads\/2022\/03\/2twenty-scooters-logo.png","contentUrl":"https:\/\/www.2twentyscooters.com\/wp-content\/uploads\/2022\/03\/2twenty-scooters-logo.png","width":342,"height":55,"caption":"2twentyscooters"},"image":{"@id":"https:\/\/www.2twentyscooters.com\/en\/#logo"}},{"@type":"WebSite","@id":"https:\/\/www.2twentyscooters.com\/en\/#website","url":"https:\/\/www.2twentyscooters.com\/en\/","name":"2Twenty Scooter \u00e9lectrique","description":"","publisher":{"@id":"https:\/\/www.2twentyscooters.com\/en\/#organization"},"potentialAction":[{"@type":"SearchAction","target":{"@type":"EntryPoint","urlTemplate":"https:\/\/www.2twentyscooters.com\/en\/?s={search_term_string}"},"query-input":"required name=search_term_string"}],"inLanguage":"pt-AO"},{"@type":"WebPage","@id":"https:\/\/www.2twentyscooters.com\/pt\/perguntas-frequentes\/posso-fazer-subidas-acentuadas-com-duas-pessoas-numa-scooter-2twenty\/#webpage","url":"https:\/\/www.2twentyscooters.com\/pt\/perguntas-frequentes\/posso-fazer-subidas-acentuadas-com-duas-pessoas-numa-scooter-2twenty\/","name":"Posso fazer subidas acentuadas com duas pessoas numa scooter 2Twenty?","isPartOf":{"@id":"https:\/\/www.2twentyscooters.com\/en\/#website"},"datePublished":"2020-05-22T15:39:59+00:00","dateModified":"2020-05-22T17:10:31+00:00","breadcrumb":{"@id":"https:\/\/www.2twentyscooters.com\/pt\/perguntas-frequentes\/posso-fazer-subidas-acentuadas-com-duas-pessoas-numa-scooter-2twenty\/#breadcrumb"},"inLanguage":"pt-AO","potentialAction":[{"@type":"ReadAction","target":["https:\/\/www.2twentyscooters.com\/pt\/perguntas-frequentes\/posso-fazer-subidas-acentuadas-com-duas-pessoas-numa-scooter-2twenty\/"]}]},{"@type":"BreadcrumbList","@id":"https:\/\/www.2twentyscooters.com\/pt\/perguntas-frequentes\/posso-fazer-subidas-acentuadas-com-duas-pessoas-numa-scooter-2twenty\/#breadcrumb","itemListElement":[{"@type":"ListItem","position":1,"name":"Home","item":"https:\/\/www.2twentyscooters.com\/pt\/homenew\/"},{"@type":"ListItem","position":2,"name":"Perguntas frequentes","item":"https:\/\/www.2twentyscooters.com\/pt\/perguntas-frequentes\/"},{"@type":"ListItem","position":3,"name":"Posso fazer subidas acentuadas com duas pessoas numa scooter 2Twenty?"}]}]}},"_links":{"self":[{"href":"https:\/\/www.2twentyscooters.com\/pt\/wp-json\/wp\/v2\/pages\/25032"}],"collection":[{"href":"https:\/\/www.2twentyscooters.com\/pt\/wp-json\/wp\/v2\/pages"}],"about":[{"href":"https:\/\/www.2twentyscooters.com\/pt\/wp-json\/wp\/v2\/types\/page"}],"author":[{"embeddable":true,"href":"https:\/\/www.2twentyscooters.com\/pt\/wp-json\/wp\/v2\/users\/1"}],"replies":[{"embeddable":true,"href":"https:\/\/www.2twentyscooters.com\/pt\/wp-json\/wp\/v2\/comments?post=25032"}],"version-history":[{"count":0,"href":"https:\/\/www.2twentyscooters.com\/pt\/wp-json\/wp\/v2\/pages\/25032\/revisions"}],"up":[{"embeddable":true,"href":"https:\/\/www.2twentyscooters.com\/pt\/wp-json\/wp\/v2\/pages\/24988"}],"wp:attachment":[{"href":"https:\/\/www.2twentyscooters.com\/pt\/wp-json\/wp\/v2\/media?parent=25032"}],"curies":[{"name":"wp","href":"https:\/\/api.w.org\/{rel}","templated":true}]}}