{"id":25024,"date":"2020-05-22T17:38:33","date_gmt":"2020-05-22T15:38:33","guid":{"rendered":"https:\/\/www.2twentyscooters.com\/?page_id=25024"},"modified":"2020-05-25T12:47:02","modified_gmt":"2020-05-25T10:47:02","slug":"posso-levar-um-passageiro-na-scooter-2twenty","status":"publish","type":"page","link":"https:\/\/www.2twentyscooters.com\/pt\/perguntas-frequentes\/posso-levar-um-passageiro-na-scooter-2twenty\/","title":{"rendered":"Posso levar um passageiro na scooter 2Twenty?"},"content":{"rendered":"<p>Sim, a 2Twenty est\u00e1 homologada para duas pessoas (condutor + passageiro).<br \/>\nEsta informa\u00e7\u00e3o consta do certificado de matr\u00edcula na sec\u00e7\u00e3o S.1, n\u00famero de lugares, incluindo o condutor: 2<\/p>\n<p><img class=\"alignnone size-full wp-image-25178\" src=\"https:\/\/www.2twentyscooters.com\/wp-content\/uploads\/2019\/11\/scooter-rouge-13.jpg\" alt=\"\" width=\"800\" height=\"600\" srcset=\"https:\/\/www.2twentyscooters.com\/wp-content\/uploads\/2019\/11\/scooter-rouge-13.jpg 800w, https:\/\/www.2twentyscooters.com\/wp-content\/uploads\/2019\/11\/scooter-rouge-13-500x375.jpg 500w, https:\/\/www.2twentyscooters.com\/wp-content\/uploads\/2019\/11\/scooter-rouge-13-700x525.jpg 700w, https:\/\/www.2twentyscooters.com\/wp-content\/uploads\/2019\/11\/scooter-rouge-13-300x225.jpg 300w, https:\/\/www.2twentyscooters.com\/wp-content\/uploads\/2019\/11\/scooter-rouge-13-768x576.jpg 768w, https:\/\/www.2twentyscooters.com\/wp-content\/uploads\/2019\/11\/scooter-rouge-13-50x38.jpg 50w, https:\/\/www.2twentyscooters.com\/wp-content\/uploads\/2019\/11\/scooter-rouge-13-200x150.jpg 200w, https:\/\/www.2twentyscooters.com\/wp-content\/uploads\/2019\/11\/scooter-rouge-13-400x300.jpg 400w, https:\/\/www.2twentyscooters.com\/wp-content\/uploads\/2019\/11\/scooter-rouge-13-600x450.jpg 600w\" sizes=\"(max-width: 800px) 100vw, 800px\" \/><\/p>\n<p>Palavras-chave: duas pessoas, 2 pessoas, dois passageiros, 2 passageiros<\/p>\n","protected":false},"excerpt":{"rendered":"<p>Sim, a 2Twenty est\u00e1 homologada para duas pessoas (condutor + passageiro). Esta informa\u00e7\u00e3o consta do certificado de matr\u00edcula na sec\u00e7\u00e3o S.1, n\u00famero de lugares, incluindo o condutor: 2 Palavras-chave: duas pessoas, 2 pessoas, dois passageiros, 2 passageiros<\/p>\n","protected":false},"author":1,"featured_media":0,"parent":24988,"menu_order":0,"comment_status":"closed","ping_status":"closed","template":"","meta":[],"yoast_head":"<!-- This site is optimized with the Yoast SEO plugin v18.4.1 - https:\/\/yoast.com\/wordpress\/plugins\/seo\/ -->\n<title>Posso levar um passageiro na scooter 2Twenty?<\/title>\n<meta name=\"robots\" content=\"index, follow, max-snippet:-1, max-image-preview:large, max-video-preview:-1\" \/>\n<link rel=\"canonical\" href=\"https:\/\/www.2twentyscooters.com\/pt\/perguntas-frequentes\/posso-levar-um-passageiro-na-scooter-2twenty\/\" \/>\n<meta property=\"og:locale\" content=\"pt_PT\" \/>\n<meta property=\"og:type\" content=\"article\" \/>\n<meta property=\"og:title\" content=\"Posso levar um passageiro na scooter 2Twenty?\" \/>\n<meta property=\"og:description\" content=\"Sim, a 2Twenty est\u00e1 homologada para duas pessoas (condutor + passageiro). Esta informa\u00e7\u00e3o consta do certificado de matr\u00edcula na sec\u00e7\u00e3o S.1, n\u00famero de lugares, incluindo o condutor: 2 Palavras-chave: duas pessoas, 2 pessoas, dois passageiros, 2 passageiros\" \/>\n<meta property=\"og:url\" content=\"https:\/\/www.2twentyscooters.com\/pt\/perguntas-frequentes\/posso-levar-um-passageiro-na-scooter-2twenty\/\" \/>\n<meta property=\"og:site_name\" content=\"2Twenty Scooter \u00e9lectrique\" \/>\n<meta property=\"article:modified_time\" content=\"2020-05-25T10:47:02+00:00\" \/>\n<meta property=\"og:image\" content=\"https:\/\/www.2twentyscooters.com\/wp-content\/uploads\/2019\/11\/scooter-rouge-13.jpg\" \/>\n<meta name=\"twitter:card\" content=\"summary\" \/>\n<script type=\"application\/ld+json\" class=\"yoast-schema-graph\">{\"@context\":\"https:\/\/schema.org\",\"@graph\":[{\"@type\":\"Organization\",\"@id\":\"https:\/\/www.2twentyscooters.com\/en\/#organization\",\"name\":\"2twentyscooters\",\"url\":\"https:\/\/www.2twentyscooters.com\/en\/\",\"sameAs\":[],\"logo\":{\"@type\":\"ImageObject\",\"@id\":\"https:\/\/www.2twentyscooters.com\/en\/#logo\",\"inLanguage\":\"pt-AO\",\"url\":\"https:\/\/www.2twentyscooters.com\/wp-content\/uploads\/2022\/03\/2twenty-scooters-logo.png\",\"contentUrl\":\"https:\/\/www.2twentyscooters.com\/wp-content\/uploads\/2022\/03\/2twenty-scooters-logo.png\",\"width\":342,\"height\":55,\"caption\":\"2twentyscooters\"},\"image\":{\"@id\":\"https:\/\/www.2twentyscooters.com\/en\/#logo\"}},{\"@type\":\"WebSite\",\"@id\":\"https:\/\/www.2twentyscooters.com\/en\/#website\",\"url\":\"https:\/\/www.2twentyscooters.com\/en\/\",\"name\":\"2Twenty Scooter \u00e9lectrique\",\"description\":\"\",\"publisher\":{\"@id\":\"https:\/\/www.2twentyscooters.com\/en\/#organization\"},\"potentialAction\":[{\"@type\":\"SearchAction\",\"target\":{\"@type\":\"EntryPoint\",\"urlTemplate\":\"https:\/\/www.2twentyscooters.com\/en\/?s={search_term_string}\"},\"query-input\":\"required name=search_term_string\"}],\"inLanguage\":\"pt-AO\"},{\"@type\":\"ImageObject\",\"@id\":\"https:\/\/www.2twentyscooters.com\/pt\/perguntas-frequentes\/posso-levar-um-passageiro-na-scooter-2twenty\/#primaryimage\",\"inLanguage\":\"pt-AO\",\"url\":\"https:\/\/www.2twentyscooters.com\/wp-content\/uploads\/2019\/11\/scooter-rouge-13.jpg\",\"contentUrl\":\"https:\/\/www.2twentyscooters.com\/wp-content\/uploads\/2019\/11\/scooter-rouge-13.jpg\",\"width\":800,\"height\":600},{\"@type\":\"WebPage\",\"@id\":\"https:\/\/www.2twentyscooters.com\/pt\/perguntas-frequentes\/posso-levar-um-passageiro-na-scooter-2twenty\/#webpage\",\"url\":\"https:\/\/www.2twentyscooters.com\/pt\/perguntas-frequentes\/posso-levar-um-passageiro-na-scooter-2twenty\/\",\"name\":\"Posso levar um passageiro na scooter 2Twenty?\",\"isPartOf\":{\"@id\":\"https:\/\/www.2twentyscooters.com\/en\/#website\"},\"primaryImageOfPage\":{\"@id\":\"https:\/\/www.2twentyscooters.com\/pt\/perguntas-frequentes\/posso-levar-um-passageiro-na-scooter-2twenty\/#primaryimage\"},\"datePublished\":\"2020-05-22T15:38:33+00:00\",\"dateModified\":\"2020-05-25T10:47:02+00:00\",\"breadcrumb\":{\"@id\":\"https:\/\/www.2twentyscooters.com\/pt\/perguntas-frequentes\/posso-levar-um-passageiro-na-scooter-2twenty\/#breadcrumb\"},\"inLanguage\":\"pt-AO\",\"potentialAction\":[{\"@type\":\"ReadAction\",\"target\":[\"https:\/\/www.2twentyscooters.com\/pt\/perguntas-frequentes\/posso-levar-um-passageiro-na-scooter-2twenty\/\"]}]},{\"@type\":\"BreadcrumbList\",\"@id\":\"https:\/\/www.2twentyscooters.com\/pt\/perguntas-frequentes\/posso-levar-um-passageiro-na-scooter-2twenty\/#breadcrumb\",\"itemListElement\":[{\"@type\":\"ListItem\",\"position\":1,\"name\":\"Home\",\"item\":\"https:\/\/www.2twentyscooters.com\/pt\/homenew\/\"},{\"@type\":\"ListItem\",\"position\":2,\"name\":\"Perguntas frequentes\",\"item\":\"https:\/\/www.2twentyscooters.com\/pt\/perguntas-frequentes\/\"},{\"@type\":\"ListItem\",\"position\":3,\"name\":\"Posso levar um passageiro na scooter 2Twenty?\"}]}]}<\/script>\n<!-- \/ Yoast SEO plugin. -->","yoast_head_json":{"title":"Posso levar um passageiro na scooter 2Twenty?","robots":{"index":"index","follow":"follow","max-snippet":"max-snippet:-1","max-image-preview":"max-image-preview:large","max-video-preview":"max-video-preview:-1"},"canonical":"https:\/\/www.2twentyscooters.com\/pt\/perguntas-frequentes\/posso-levar-um-passageiro-na-scooter-2twenty\/","og_locale":"pt_PT","og_type":"article","og_title":"Posso levar um passageiro na scooter 2Twenty?","og_description":"Sim, a 2Twenty est\u00e1 homologada para duas pessoas (condutor + passageiro). Esta informa\u00e7\u00e3o consta do certificado de matr\u00edcula na sec\u00e7\u00e3o S.1, n\u00famero de lugares, incluindo o condutor: 2 Palavras-chave: duas pessoas, 2 pessoas, dois passageiros, 2 passageiros","og_url":"https:\/\/www.2twentyscooters.com\/pt\/perguntas-frequentes\/posso-levar-um-passageiro-na-scooter-2twenty\/","og_site_name":"2Twenty Scooter \u00e9lectrique","article_modified_time":"2020-05-25T10:47:02+00:00","og_image":[{"url":"https:\/\/www.2twentyscooters.com\/wp-content\/uploads\/2019\/11\/scooter-rouge-13.jpg"}],"twitter_card":"summary","schema":{"@context":"https:\/\/schema.org","@graph":[{"@type":"Organization","@id":"https:\/\/www.2twentyscooters.com\/en\/#organization","name":"2twentyscooters","url":"https:\/\/www.2twentyscooters.com\/en\/","sameAs":[],"logo":{"@type":"ImageObject","@id":"https:\/\/www.2twentyscooters.com\/en\/#logo","inLanguage":"pt-AO","url":"https:\/\/www.2twentyscooters.com\/wp-content\/uploads\/2022\/03\/2twenty-scooters-logo.png","contentUrl":"https:\/\/www.2twentyscooters.com\/wp-content\/uploads\/2022\/03\/2twenty-scooters-logo.png","width":342,"height":55,"caption":"2twentyscooters"},"image":{"@id":"https:\/\/www.2twentyscooters.com\/en\/#logo"}},{"@type":"WebSite","@id":"https:\/\/www.2twentyscooters.com\/en\/#website","url":"https:\/\/www.2twentyscooters.com\/en\/","name":"2Twenty Scooter \u00e9lectrique","description":"","publisher":{"@id":"https:\/\/www.2twentyscooters.com\/en\/#organization"},"potentialAction":[{"@type":"SearchAction","target":{"@type":"EntryPoint","urlTemplate":"https:\/\/www.2twentyscooters.com\/en\/?s={search_term_string}"},"query-input":"required name=search_term_string"}],"inLanguage":"pt-AO"},{"@type":"ImageObject","@id":"https:\/\/www.2twentyscooters.com\/pt\/perguntas-frequentes\/posso-levar-um-passageiro-na-scooter-2twenty\/#primaryimage","inLanguage":"pt-AO","url":"https:\/\/www.2twentyscooters.com\/wp-content\/uploads\/2019\/11\/scooter-rouge-13.jpg","contentUrl":"https:\/\/www.2twentyscooters.com\/wp-content\/uploads\/2019\/11\/scooter-rouge-13.jpg","width":800,"height":600},{"@type":"WebPage","@id":"https:\/\/www.2twentyscooters.com\/pt\/perguntas-frequentes\/posso-levar-um-passageiro-na-scooter-2twenty\/#webpage","url":"https:\/\/www.2twentyscooters.com\/pt\/perguntas-frequentes\/posso-levar-um-passageiro-na-scooter-2twenty\/","name":"Posso levar um passageiro na scooter 2Twenty?","isPartOf":{"@id":"https:\/\/www.2twentyscooters.com\/en\/#website"},"primaryImageOfPage":{"@id":"https:\/\/www.2twentyscooters.com\/pt\/perguntas-frequentes\/posso-levar-um-passageiro-na-scooter-2twenty\/#primaryimage"},"datePublished":"2020-05-22T15:38:33+00:00","dateModified":"2020-05-25T10:47:02+00:00","breadcrumb":{"@id":"https:\/\/www.2twentyscooters.com\/pt\/perguntas-frequentes\/posso-levar-um-passageiro-na-scooter-2twenty\/#breadcrumb"},"inLanguage":"pt-AO","potentialAction":[{"@type":"ReadAction","target":["https:\/\/www.2twentyscooters.com\/pt\/perguntas-frequentes\/posso-levar-um-passageiro-na-scooter-2twenty\/"]}]},{"@type":"BreadcrumbList","@id":"https:\/\/www.2twentyscooters.com\/pt\/perguntas-frequentes\/posso-levar-um-passageiro-na-scooter-2twenty\/#breadcrumb","itemListElement":[{"@type":"ListItem","position":1,"name":"Home","item":"https:\/\/www.2twentyscooters.com\/pt\/homenew\/"},{"@type":"ListItem","position":2,"name":"Perguntas frequentes","item":"https:\/\/www.2twentyscooters.com\/pt\/perguntas-frequentes\/"},{"@type":"ListItem","position":3,"name":"Posso levar um passageiro na scooter 2Twenty?"}]}]}},"_links":{"self":[{"href":"https:\/\/www.2twentyscooters.com\/pt\/wp-json\/wp\/v2\/pages\/25024"}],"collection":[{"href":"https:\/\/www.2twentyscooters.com\/pt\/wp-json\/wp\/v2\/pages"}],"about":[{"href":"https:\/\/www.2twentyscooters.com\/pt\/wp-json\/wp\/v2\/types\/page"}],"author":[{"embeddable":true,"href":"https:\/\/www.2twentyscooters.com\/pt\/wp-json\/wp\/v2\/users\/1"}],"replies":[{"embeddable":true,"href":"https:\/\/www.2twentyscooters.com\/pt\/wp-json\/wp\/v2\/comments?post=25024"}],"version-history":[{"count":0,"href":"https:\/\/www.2twentyscooters.com\/pt\/wp-json\/wp\/v2\/pages\/25024\/revisions"}],"up":[{"embeddable":true,"href":"https:\/\/www.2twentyscooters.com\/pt\/wp-json\/wp\/v2\/pages\/24988"}],"wp:attachment":[{"href":"https:\/\/www.2twentyscooters.com\/pt\/wp-json\/wp\/v2\/media?parent=25024"}],"curies":[{"name":"wp","href":"https:\/\/api.w.org\/{rel}","templated":true}]}}