{"id":25022,"date":"2020-05-22T17:36:14","date_gmt":"2020-05-22T15:36:14","guid":{"rendered":"https:\/\/www.2twentyscooters.com\/?page_id=25022"},"modified":"2020-05-25T12:48:32","modified_gmt":"2020-05-25T10:48:32","slug":"qual-a-manutencao-e-revisao-previstas-para-a-minha-2twenty","status":"publish","type":"page","link":"https:\/\/www.2twentyscooters.com\/pt\/perguntas-frequentes\/qual-a-manutencao-e-revisao-previstas-para-a-minha-2twenty\/","title":{"rendered":"Qual a manuten\u00e7\u00e3o e revis\u00e3o previstas para a minha 2Twenty?"},"content":{"rendered":"<p>A 2Twenty n\u00e3o requer qualquer revis\u00e3o regular, ao contr\u00e1rio dos ve\u00edculos com motor de combust\u00e3o interna, uma vez que o motor el\u00e9trico n\u00e3o causa atrito nas pe\u00e7as. Logo, n\u00e3o h\u00e1 desgaste. As \u00fanicas verifica\u00e7\u00f5es a realizar s\u00e3o a press\u00e3o dos pneus (a cada dois meses, porque isto afeta a velocidade e o alcance m\u00e1ximos), o desgaste dos pneus e dos trav\u00f5es, como em qualquer outro ve\u00edculo.<\/p>\n<p>Podemos tratar da manuten\u00e7\u00e3o da sua 2Twenty, mas tem tamb\u00e9m a liberdade de ir a qualquer loja de scooters para trocar os pneus ou verificar os trav\u00f5es.<\/p>\n<p>Temos em stock todas as pe\u00e7as de substitui\u00e7\u00e3o para a sua 2Twenty, em todas as cores, em caso de avaria ou acidente. Todas as pe\u00e7as est\u00e3o dispon\u00edveis para compra no nosso site:<\/p>\n<p><span style=\"color: #ff0000;\"><a style=\"color: #ff0000;\" href=\"https:\/\/www.2twentyscooters.com\/pt\/acessorios-e-pecas-sobressalentes\/\">Acess\u00f3rios e pe\u00e7as de substitui\u00e7\u00e3o<\/a><\/span><\/p>\n","protected":false},"excerpt":{"rendered":"<p>A 2Twenty n\u00e3o requer qualquer revis\u00e3o regular, ao contr\u00e1rio dos ve\u00edculos com motor de combust\u00e3o interna, uma vez que o motor el\u00e9trico n\u00e3o causa atrito nas pe\u00e7as. Logo, n\u00e3o h\u00e1 desgaste. As \u00fanicas verifica\u00e7\u00f5es a realizar s\u00e3o a press\u00e3o dos pneus (a cada dois meses, porque isto afeta a velocidade e o alcance m\u00e1ximos), o&hellip;&nbsp;<a href=\"https:\/\/www.2twentyscooters.com\/pt\/perguntas-frequentes\/qual-a-manutencao-e-revisao-previstas-para-a-minha-2twenty\/\" class=\"\" rel=\"bookmark\">Read More &raquo;<span class=\"screen-reader-text\">Qual a manuten\u00e7\u00e3o e revis\u00e3o previstas para a minha 2Twenty?<\/span><\/a><\/p>\n","protected":false},"author":1,"featured_media":0,"parent":24988,"menu_order":0,"comment_status":"closed","ping_status":"closed","template":"","meta":[],"yoast_head":"<!-- This site is optimized with the Yoast SEO plugin v18.4.1 - https:\/\/yoast.com\/wordpress\/plugins\/seo\/ -->\n<title>Qual a manuten\u00e7\u00e3o e revis\u00e3o previstas para a minha 2Twenty?<\/title>\n<meta name=\"robots\" content=\"index, follow, max-snippet:-1, max-image-preview:large, max-video-preview:-1\" \/>\n<link rel=\"canonical\" href=\"https:\/\/www.2twentyscooters.com\/pt\/perguntas-frequentes\/qual-a-manutencao-e-revisao-previstas-para-a-minha-2twenty\/\" \/>\n<meta property=\"og:locale\" content=\"pt_PT\" \/>\n<meta property=\"og:type\" content=\"article\" \/>\n<meta property=\"og:title\" content=\"Qual a manuten\u00e7\u00e3o e revis\u00e3o previstas para a minha 2Twenty?\" \/>\n<meta property=\"og:description\" content=\"A 2Twenty n\u00e3o requer qualquer revis\u00e3o regular, ao contr\u00e1rio dos ve\u00edculos com motor de combust\u00e3o interna, uma vez que o motor el\u00e9trico n\u00e3o causa atrito nas pe\u00e7as. Logo, n\u00e3o h\u00e1 desgaste. As \u00fanicas verifica\u00e7\u00f5es a realizar s\u00e3o a press\u00e3o dos pneus (a cada dois meses, porque isto afeta a velocidade e o alcance m\u00e1ximos), o&hellip;&nbsp;Read More &raquo;Qual a manuten\u00e7\u00e3o e revis\u00e3o previstas para a minha 2Twenty?\" \/>\n<meta property=\"og:url\" content=\"https:\/\/www.2twentyscooters.com\/pt\/perguntas-frequentes\/qual-a-manutencao-e-revisao-previstas-para-a-minha-2twenty\/\" \/>\n<meta property=\"og:site_name\" content=\"2Twenty Scooter \u00e9lectrique\" \/>\n<meta property=\"article:modified_time\" content=\"2020-05-25T10:48:32+00:00\" \/>\n<meta name=\"twitter:card\" content=\"summary\" \/>\n<meta name=\"twitter:label1\" content=\"Est. reading time\" \/>\n\t<meta name=\"twitter:data1\" content=\"1 minuto\" \/>\n<script type=\"application\/ld+json\" class=\"yoast-schema-graph\">{\"@context\":\"https:\/\/schema.org\",\"@graph\":[{\"@type\":\"Organization\",\"@id\":\"https:\/\/www.2twentyscooters.com\/en\/#organization\",\"name\":\"2twentyscooters\",\"url\":\"https:\/\/www.2twentyscooters.com\/en\/\",\"sameAs\":[],\"logo\":{\"@type\":\"ImageObject\",\"@id\":\"https:\/\/www.2twentyscooters.com\/en\/#logo\",\"inLanguage\":\"pt-AO\",\"url\":\"https:\/\/www.2twentyscooters.com\/wp-content\/uploads\/2022\/03\/2twenty-scooters-logo.png\",\"contentUrl\":\"https:\/\/www.2twentyscooters.com\/wp-content\/uploads\/2022\/03\/2twenty-scooters-logo.png\",\"width\":342,\"height\":55,\"caption\":\"2twentyscooters\"},\"image\":{\"@id\":\"https:\/\/www.2twentyscooters.com\/en\/#logo\"}},{\"@type\":\"WebSite\",\"@id\":\"https:\/\/www.2twentyscooters.com\/en\/#website\",\"url\":\"https:\/\/www.2twentyscooters.com\/en\/\",\"name\":\"2Twenty Scooter \u00e9lectrique\",\"description\":\"\",\"publisher\":{\"@id\":\"https:\/\/www.2twentyscooters.com\/en\/#organization\"},\"potentialAction\":[{\"@type\":\"SearchAction\",\"target\":{\"@type\":\"EntryPoint\",\"urlTemplate\":\"https:\/\/www.2twentyscooters.com\/en\/?s={search_term_string}\"},\"query-input\":\"required name=search_term_string\"}],\"inLanguage\":\"pt-AO\"},{\"@type\":\"WebPage\",\"@id\":\"https:\/\/www.2twentyscooters.com\/pt\/perguntas-frequentes\/qual-a-manutencao-e-revisao-previstas-para-a-minha-2twenty\/#webpage\",\"url\":\"https:\/\/www.2twentyscooters.com\/pt\/perguntas-frequentes\/qual-a-manutencao-e-revisao-previstas-para-a-minha-2twenty\/\",\"name\":\"Qual a manuten\u00e7\u00e3o e revis\u00e3o previstas para a minha 2Twenty?\",\"isPartOf\":{\"@id\":\"https:\/\/www.2twentyscooters.com\/en\/#website\"},\"datePublished\":\"2020-05-22T15:36:14+00:00\",\"dateModified\":\"2020-05-25T10:48:32+00:00\",\"breadcrumb\":{\"@id\":\"https:\/\/www.2twentyscooters.com\/pt\/perguntas-frequentes\/qual-a-manutencao-e-revisao-previstas-para-a-minha-2twenty\/#breadcrumb\"},\"inLanguage\":\"pt-AO\",\"potentialAction\":[{\"@type\":\"ReadAction\",\"target\":[\"https:\/\/www.2twentyscooters.com\/pt\/perguntas-frequentes\/qual-a-manutencao-e-revisao-previstas-para-a-minha-2twenty\/\"]}]},{\"@type\":\"BreadcrumbList\",\"@id\":\"https:\/\/www.2twentyscooters.com\/pt\/perguntas-frequentes\/qual-a-manutencao-e-revisao-previstas-para-a-minha-2twenty\/#breadcrumb\",\"itemListElement\":[{\"@type\":\"ListItem\",\"position\":1,\"name\":\"Home\",\"item\":\"https:\/\/www.2twentyscooters.com\/pt\/homenew\/\"},{\"@type\":\"ListItem\",\"position\":2,\"name\":\"Perguntas frequentes\",\"item\":\"https:\/\/www.2twentyscooters.com\/pt\/perguntas-frequentes\/\"},{\"@type\":\"ListItem\",\"position\":3,\"name\":\"Qual a manuten\u00e7\u00e3o e revis\u00e3o previstas para a minha 2Twenty?\"}]}]}<\/script>\n<!-- \/ Yoast SEO plugin. -->","yoast_head_json":{"title":"Qual a manuten\u00e7\u00e3o e revis\u00e3o previstas para a minha 2Twenty?","robots":{"index":"index","follow":"follow","max-snippet":"max-snippet:-1","max-image-preview":"max-image-preview:large","max-video-preview":"max-video-preview:-1"},"canonical":"https:\/\/www.2twentyscooters.com\/pt\/perguntas-frequentes\/qual-a-manutencao-e-revisao-previstas-para-a-minha-2twenty\/","og_locale":"pt_PT","og_type":"article","og_title":"Qual a manuten\u00e7\u00e3o e revis\u00e3o previstas para a minha 2Twenty?","og_description":"A 2Twenty n\u00e3o requer qualquer revis\u00e3o regular, ao contr\u00e1rio dos ve\u00edculos com motor de combust\u00e3o interna, uma vez que o motor el\u00e9trico n\u00e3o causa atrito nas pe\u00e7as. Logo, n\u00e3o h\u00e1 desgaste. As \u00fanicas verifica\u00e7\u00f5es a realizar s\u00e3o a press\u00e3o dos pneus (a cada dois meses, porque isto afeta a velocidade e o alcance m\u00e1ximos), o&hellip;&nbsp;Read More &raquo;Qual a manuten\u00e7\u00e3o e revis\u00e3o previstas para a minha 2Twenty?","og_url":"https:\/\/www.2twentyscooters.com\/pt\/perguntas-frequentes\/qual-a-manutencao-e-revisao-previstas-para-a-minha-2twenty\/","og_site_name":"2Twenty Scooter \u00e9lectrique","article_modified_time":"2020-05-25T10:48:32+00:00","twitter_card":"summary","twitter_misc":{"Est. reading time":"1 minuto"},"schema":{"@context":"https:\/\/schema.org","@graph":[{"@type":"Organization","@id":"https:\/\/www.2twentyscooters.com\/en\/#organization","name":"2twentyscooters","url":"https:\/\/www.2twentyscooters.com\/en\/","sameAs":[],"logo":{"@type":"ImageObject","@id":"https:\/\/www.2twentyscooters.com\/en\/#logo","inLanguage":"pt-AO","url":"https:\/\/www.2twentyscooters.com\/wp-content\/uploads\/2022\/03\/2twenty-scooters-logo.png","contentUrl":"https:\/\/www.2twentyscooters.com\/wp-content\/uploads\/2022\/03\/2twenty-scooters-logo.png","width":342,"height":55,"caption":"2twentyscooters"},"image":{"@id":"https:\/\/www.2twentyscooters.com\/en\/#logo"}},{"@type":"WebSite","@id":"https:\/\/www.2twentyscooters.com\/en\/#website","url":"https:\/\/www.2twentyscooters.com\/en\/","name":"2Twenty Scooter \u00e9lectrique","description":"","publisher":{"@id":"https:\/\/www.2twentyscooters.com\/en\/#organization"},"potentialAction":[{"@type":"SearchAction","target":{"@type":"EntryPoint","urlTemplate":"https:\/\/www.2twentyscooters.com\/en\/?s={search_term_string}"},"query-input":"required name=search_term_string"}],"inLanguage":"pt-AO"},{"@type":"WebPage","@id":"https:\/\/www.2twentyscooters.com\/pt\/perguntas-frequentes\/qual-a-manutencao-e-revisao-previstas-para-a-minha-2twenty\/#webpage","url":"https:\/\/www.2twentyscooters.com\/pt\/perguntas-frequentes\/qual-a-manutencao-e-revisao-previstas-para-a-minha-2twenty\/","name":"Qual a manuten\u00e7\u00e3o e revis\u00e3o previstas para a minha 2Twenty?","isPartOf":{"@id":"https:\/\/www.2twentyscooters.com\/en\/#website"},"datePublished":"2020-05-22T15:36:14+00:00","dateModified":"2020-05-25T10:48:32+00:00","breadcrumb":{"@id":"https:\/\/www.2twentyscooters.com\/pt\/perguntas-frequentes\/qual-a-manutencao-e-revisao-previstas-para-a-minha-2twenty\/#breadcrumb"},"inLanguage":"pt-AO","potentialAction":[{"@type":"ReadAction","target":["https:\/\/www.2twentyscooters.com\/pt\/perguntas-frequentes\/qual-a-manutencao-e-revisao-previstas-para-a-minha-2twenty\/"]}]},{"@type":"BreadcrumbList","@id":"https:\/\/www.2twentyscooters.com\/pt\/perguntas-frequentes\/qual-a-manutencao-e-revisao-previstas-para-a-minha-2twenty\/#breadcrumb","itemListElement":[{"@type":"ListItem","position":1,"name":"Home","item":"https:\/\/www.2twentyscooters.com\/pt\/homenew\/"},{"@type":"ListItem","position":2,"name":"Perguntas frequentes","item":"https:\/\/www.2twentyscooters.com\/pt\/perguntas-frequentes\/"},{"@type":"ListItem","position":3,"name":"Qual a manuten\u00e7\u00e3o e revis\u00e3o previstas para a minha 2Twenty?"}]}]}},"_links":{"self":[{"href":"https:\/\/www.2twentyscooters.com\/pt\/wp-json\/wp\/v2\/pages\/25022"}],"collection":[{"href":"https:\/\/www.2twentyscooters.com\/pt\/wp-json\/wp\/v2\/pages"}],"about":[{"href":"https:\/\/www.2twentyscooters.com\/pt\/wp-json\/wp\/v2\/types\/page"}],"author":[{"embeddable":true,"href":"https:\/\/www.2twentyscooters.com\/pt\/wp-json\/wp\/v2\/users\/1"}],"replies":[{"embeddable":true,"href":"https:\/\/www.2twentyscooters.com\/pt\/wp-json\/wp\/v2\/comments?post=25022"}],"version-history":[{"count":0,"href":"https:\/\/www.2twentyscooters.com\/pt\/wp-json\/wp\/v2\/pages\/25022\/revisions"}],"up":[{"embeddable":true,"href":"https:\/\/www.2twentyscooters.com\/pt\/wp-json\/wp\/v2\/pages\/24988"}],"wp:attachment":[{"href":"https:\/\/www.2twentyscooters.com\/pt\/wp-json\/wp\/v2\/media?parent=25022"}],"curies":[{"name":"wp","href":"https:\/\/api.w.org\/{rel}","templated":true}]}}