{"id":25020,"date":"2020-05-22T17:30:50","date_gmt":"2020-05-22T15:30:50","guid":{"rendered":"https:\/\/www.2twentyscooters.com\/?page_id=25020"},"modified":"2020-05-25T13:13:50","modified_gmt":"2020-05-25T11:13:50","slug":"preciso-de-seguro","status":"publish","type":"page","link":"https:\/\/www.2twentyscooters.com\/pt\/perguntas-frequentes\/preciso-de-seguro\/","title":{"rendered":"Preciso de seguro?"},"content":{"rendered":"<p>O seguro \u00e9 obrigat\u00f3rio para todos os ve\u00edculos matriculados. Basta comunicar ao seguro os primeiros 8 d\u00edgitos do VIN ou o n\u00famero de chassis:\u00a0 LXRBE1GY. Para a maioria das companhias de seguros isto \u00e9 suficiente. Caso contr\u00e1rio, pe\u00e7a-lhes que entrem em contacto connosco.<\/p>\n<p>Mais informa\u00e7\u00f5es: como fazer um seguro para a sua scooter ? Tel contato : <a class=\"numLink\" href=\"tel:+351 224 089 793\">+351 224 089 793<\/a><\/p>\n<p>Palavras-chave: seguro, certificado de seguro, carta verde<\/p>\n","protected":false},"excerpt":{"rendered":"<p>O seguro \u00e9 obrigat\u00f3rio para todos os ve\u00edculos matriculados. Basta comunicar ao seguro os primeiros 8 d\u00edgitos do VIN ou o n\u00famero de chassis:\u00a0 LXRBE1GY. Para a maioria das companhias de seguros isto \u00e9 suficiente. Caso contr\u00e1rio, pe\u00e7a-lhes que entrem em contacto connosco. Mais informa\u00e7\u00f5es: como fazer um seguro para a sua scooter ? Tel&hellip;&nbsp;<a href=\"https:\/\/www.2twentyscooters.com\/pt\/perguntas-frequentes\/preciso-de-seguro\/\" class=\"\" rel=\"bookmark\">Read More &raquo;<span class=\"screen-reader-text\">Preciso de seguro?<\/span><\/a><\/p>\n","protected":false},"author":1,"featured_media":0,"parent":24988,"menu_order":0,"comment_status":"closed","ping_status":"closed","template":"","meta":[],"yoast_head":"<!-- This site is optimized with the Yoast SEO plugin v18.4.1 - https:\/\/yoast.com\/wordpress\/plugins\/seo\/ -->\n<title>Preciso de seguro?<\/title>\n<meta name=\"robots\" content=\"index, follow, max-snippet:-1, max-image-preview:large, max-video-preview:-1\" \/>\n<link rel=\"canonical\" href=\"https:\/\/www.2twentyscooters.com\/pt\/perguntas-frequentes\/preciso-de-seguro\/\" \/>\n<meta property=\"og:locale\" content=\"pt_PT\" \/>\n<meta property=\"og:type\" content=\"article\" \/>\n<meta property=\"og:title\" content=\"Preciso de seguro?\" \/>\n<meta property=\"og:description\" content=\"O seguro \u00e9 obrigat\u00f3rio para todos os ve\u00edculos matriculados. Basta comunicar ao seguro os primeiros 8 d\u00edgitos do VIN ou o n\u00famero de chassis:\u00a0 LXRBE1GY. Para a maioria das companhias de seguros isto \u00e9 suficiente. Caso contr\u00e1rio, pe\u00e7a-lhes que entrem em contacto connosco. Mais informa\u00e7\u00f5es: como fazer um seguro para a sua scooter ? Tel&hellip;&nbsp;Read More &raquo;Preciso de seguro?\" \/>\n<meta property=\"og:url\" content=\"https:\/\/www.2twentyscooters.com\/pt\/perguntas-frequentes\/preciso-de-seguro\/\" \/>\n<meta property=\"og:site_name\" content=\"2Twenty Scooter \u00e9lectrique\" \/>\n<meta property=\"article:modified_time\" content=\"2020-05-25T11:13:50+00:00\" \/>\n<meta name=\"twitter:card\" content=\"summary\" \/>\n<script type=\"application\/ld+json\" class=\"yoast-schema-graph\">{\"@context\":\"https:\/\/schema.org\",\"@graph\":[{\"@type\":\"Organization\",\"@id\":\"https:\/\/www.2twentyscooters.com\/en\/#organization\",\"name\":\"2twentyscooters\",\"url\":\"https:\/\/www.2twentyscooters.com\/en\/\",\"sameAs\":[],\"logo\":{\"@type\":\"ImageObject\",\"@id\":\"https:\/\/www.2twentyscooters.com\/en\/#logo\",\"inLanguage\":\"pt-AO\",\"url\":\"https:\/\/www.2twentyscooters.com\/wp-content\/uploads\/2022\/03\/2twenty-scooters-logo.png\",\"contentUrl\":\"https:\/\/www.2twentyscooters.com\/wp-content\/uploads\/2022\/03\/2twenty-scooters-logo.png\",\"width\":342,\"height\":55,\"caption\":\"2twentyscooters\"},\"image\":{\"@id\":\"https:\/\/www.2twentyscooters.com\/en\/#logo\"}},{\"@type\":\"WebSite\",\"@id\":\"https:\/\/www.2twentyscooters.com\/en\/#website\",\"url\":\"https:\/\/www.2twentyscooters.com\/en\/\",\"name\":\"2Twenty Scooter \u00e9lectrique\",\"description\":\"\",\"publisher\":{\"@id\":\"https:\/\/www.2twentyscooters.com\/en\/#organization\"},\"potentialAction\":[{\"@type\":\"SearchAction\",\"target\":{\"@type\":\"EntryPoint\",\"urlTemplate\":\"https:\/\/www.2twentyscooters.com\/en\/?s={search_term_string}\"},\"query-input\":\"required name=search_term_string\"}],\"inLanguage\":\"pt-AO\"},{\"@type\":\"WebPage\",\"@id\":\"https:\/\/www.2twentyscooters.com\/pt\/perguntas-frequentes\/preciso-de-seguro\/#webpage\",\"url\":\"https:\/\/www.2twentyscooters.com\/pt\/perguntas-frequentes\/preciso-de-seguro\/\",\"name\":\"Preciso de seguro?\",\"isPartOf\":{\"@id\":\"https:\/\/www.2twentyscooters.com\/en\/#website\"},\"datePublished\":\"2020-05-22T15:30:50+00:00\",\"dateModified\":\"2020-05-25T11:13:50+00:00\",\"breadcrumb\":{\"@id\":\"https:\/\/www.2twentyscooters.com\/pt\/perguntas-frequentes\/preciso-de-seguro\/#breadcrumb\"},\"inLanguage\":\"pt-AO\",\"potentialAction\":[{\"@type\":\"ReadAction\",\"target\":[\"https:\/\/www.2twentyscooters.com\/pt\/perguntas-frequentes\/preciso-de-seguro\/\"]}]},{\"@type\":\"BreadcrumbList\",\"@id\":\"https:\/\/www.2twentyscooters.com\/pt\/perguntas-frequentes\/preciso-de-seguro\/#breadcrumb\",\"itemListElement\":[{\"@type\":\"ListItem\",\"position\":1,\"name\":\"Home\",\"item\":\"https:\/\/www.2twentyscooters.com\/pt\/homenew\/\"},{\"@type\":\"ListItem\",\"position\":2,\"name\":\"Perguntas frequentes\",\"item\":\"https:\/\/www.2twentyscooters.com\/pt\/perguntas-frequentes\/\"},{\"@type\":\"ListItem\",\"position\":3,\"name\":\"Preciso de seguro?\"}]}]}<\/script>\n<!-- \/ Yoast SEO plugin. -->","yoast_head_json":{"title":"Preciso de seguro?","robots":{"index":"index","follow":"follow","max-snippet":"max-snippet:-1","max-image-preview":"max-image-preview:large","max-video-preview":"max-video-preview:-1"},"canonical":"https:\/\/www.2twentyscooters.com\/pt\/perguntas-frequentes\/preciso-de-seguro\/","og_locale":"pt_PT","og_type":"article","og_title":"Preciso de seguro?","og_description":"O seguro \u00e9 obrigat\u00f3rio para todos os ve\u00edculos matriculados. Basta comunicar ao seguro os primeiros 8 d\u00edgitos do VIN ou o n\u00famero de chassis:\u00a0 LXRBE1GY. Para a maioria das companhias de seguros isto \u00e9 suficiente. Caso contr\u00e1rio, pe\u00e7a-lhes que entrem em contacto connosco. Mais informa\u00e7\u00f5es: como fazer um seguro para a sua scooter ? Tel&hellip;&nbsp;Read More &raquo;Preciso de seguro?","og_url":"https:\/\/www.2twentyscooters.com\/pt\/perguntas-frequentes\/preciso-de-seguro\/","og_site_name":"2Twenty Scooter \u00e9lectrique","article_modified_time":"2020-05-25T11:13:50+00:00","twitter_card":"summary","schema":{"@context":"https:\/\/schema.org","@graph":[{"@type":"Organization","@id":"https:\/\/www.2twentyscooters.com\/en\/#organization","name":"2twentyscooters","url":"https:\/\/www.2twentyscooters.com\/en\/","sameAs":[],"logo":{"@type":"ImageObject","@id":"https:\/\/www.2twentyscooters.com\/en\/#logo","inLanguage":"pt-AO","url":"https:\/\/www.2twentyscooters.com\/wp-content\/uploads\/2022\/03\/2twenty-scooters-logo.png","contentUrl":"https:\/\/www.2twentyscooters.com\/wp-content\/uploads\/2022\/03\/2twenty-scooters-logo.png","width":342,"height":55,"caption":"2twentyscooters"},"image":{"@id":"https:\/\/www.2twentyscooters.com\/en\/#logo"}},{"@type":"WebSite","@id":"https:\/\/www.2twentyscooters.com\/en\/#website","url":"https:\/\/www.2twentyscooters.com\/en\/","name":"2Twenty Scooter \u00e9lectrique","description":"","publisher":{"@id":"https:\/\/www.2twentyscooters.com\/en\/#organization"},"potentialAction":[{"@type":"SearchAction","target":{"@type":"EntryPoint","urlTemplate":"https:\/\/www.2twentyscooters.com\/en\/?s={search_term_string}"},"query-input":"required name=search_term_string"}],"inLanguage":"pt-AO"},{"@type":"WebPage","@id":"https:\/\/www.2twentyscooters.com\/pt\/perguntas-frequentes\/preciso-de-seguro\/#webpage","url":"https:\/\/www.2twentyscooters.com\/pt\/perguntas-frequentes\/preciso-de-seguro\/","name":"Preciso de seguro?","isPartOf":{"@id":"https:\/\/www.2twentyscooters.com\/en\/#website"},"datePublished":"2020-05-22T15:30:50+00:00","dateModified":"2020-05-25T11:13:50+00:00","breadcrumb":{"@id":"https:\/\/www.2twentyscooters.com\/pt\/perguntas-frequentes\/preciso-de-seguro\/#breadcrumb"},"inLanguage":"pt-AO","potentialAction":[{"@type":"ReadAction","target":["https:\/\/www.2twentyscooters.com\/pt\/perguntas-frequentes\/preciso-de-seguro\/"]}]},{"@type":"BreadcrumbList","@id":"https:\/\/www.2twentyscooters.com\/pt\/perguntas-frequentes\/preciso-de-seguro\/#breadcrumb","itemListElement":[{"@type":"ListItem","position":1,"name":"Home","item":"https:\/\/www.2twentyscooters.com\/pt\/homenew\/"},{"@type":"ListItem","position":2,"name":"Perguntas frequentes","item":"https:\/\/www.2twentyscooters.com\/pt\/perguntas-frequentes\/"},{"@type":"ListItem","position":3,"name":"Preciso de seguro?"}]}]}},"_links":{"self":[{"href":"https:\/\/www.2twentyscooters.com\/pt\/wp-json\/wp\/v2\/pages\/25020"}],"collection":[{"href":"https:\/\/www.2twentyscooters.com\/pt\/wp-json\/wp\/v2\/pages"}],"about":[{"href":"https:\/\/www.2twentyscooters.com\/pt\/wp-json\/wp\/v2\/types\/page"}],"author":[{"embeddable":true,"href":"https:\/\/www.2twentyscooters.com\/pt\/wp-json\/wp\/v2\/users\/1"}],"replies":[{"embeddable":true,"href":"https:\/\/www.2twentyscooters.com\/pt\/wp-json\/wp\/v2\/comments?post=25020"}],"version-history":[{"count":0,"href":"https:\/\/www.2twentyscooters.com\/pt\/wp-json\/wp\/v2\/pages\/25020\/revisions"}],"up":[{"embeddable":true,"href":"https:\/\/www.2twentyscooters.com\/pt\/wp-json\/wp\/v2\/pages\/24988"}],"wp:attachment":[{"href":"https:\/\/www.2twentyscooters.com\/pt\/wp-json\/wp\/v2\/media?parent=25020"}],"curies":[{"name":"wp","href":"https:\/\/api.w.org\/{rel}","templated":true}]}}