{"id":25018,"date":"2020-05-22T17:28:32","date_gmt":"2020-05-22T15:28:32","guid":{"rendered":"https:\/\/www.2twentyscooters.com\/?page_id=25018"},"modified":"2020-05-22T19:31:00","modified_gmt":"2020-05-22T17:31:00","slug":"qual-a-licenca-necessaria-para-conduzir-a-scooter-2twenty-roma","status":"publish","type":"page","link":"https:\/\/www.2twentyscooters.com\/pt\/perguntas-frequentes\/qual-a-licenca-necessaria-para-conduzir-a-scooter-2twenty-roma\/","title":{"rendered":"Qual a licen\u00e7a necess\u00e1ria para conduzir a scooter 2Twenty Roma?"},"content":{"rendered":"<p>A habilita\u00e7\u00e3o necess\u00e1ria para conduzir ciclomotor depende da obten\u00e7\u00e3o de licen\u00e7a de condu\u00e7\u00e3o, mediante aprova\u00e7\u00e3o em exame de condu\u00e7\u00e3o constitu\u00eddo por prova te\u00f3rica e prova pr\u00e1tica. A inscri\u00e7\u00e3o em escola de condu\u00e7\u00e3o \u00e9 facultativa.<\/p>\n<p><strong>Requisitos\u00a0<\/strong><\/p>\n<p>Para obter a licen\u00e7a de condu\u00e7\u00e3o de ciclomotor \u00e9 necess\u00e1rio preencher os seguintes requisitos:<\/p>\n<ul>\n<li>Ter 14 anos de idade com autoriza\u00e7\u00e3o escrita de quem exer\u00e7a o poder paternal;<\/li>\n<li>Aptid\u00e3o f\u00edsica e mental;<\/li>\n<li>Residir em Portugal;<\/li>\n<li>N\u00e3o estar a cumprir proibi\u00e7\u00e3o ou inibi\u00e7\u00e3o de conduzir ou medida de seguran\u00e7a de interdi\u00e7\u00e3o de concess\u00e3o de carta de condu\u00e7\u00e3o;<\/li>\n<li>Aprovar no exame de condu\u00e7\u00e3o \u2013 os titulares de carta de condu\u00e7\u00e3o est\u00e3o dispensados da prova te\u00f3rica e os condutores habilitados com a categoria B obtida at\u00e9 30 de Mar\u00e7o de 1998 consideram-se habilitados a conduzir ciclomotores;<\/li>\n<li>Saber ler e escrever.<\/li>\n<\/ul>\n<p><strong>Documentos\u00a0<\/strong><\/p>\n<p>Para requerer a emiss\u00e3o da licen\u00e7a de aprendizagem e o exame de condu\u00e7\u00e3o s\u00e3o necess\u00e1rios os seguintes documentos:<\/p>\n<ul>\n<li>Fotoc\u00f3pia do documento de identifica\u00e7\u00e3o pessoal e exibi\u00e7\u00e3o do original;<\/li>\n<li>Apresenta\u00e7\u00e3o do N\u00famero de Identifica\u00e7\u00e3o Fiscal;<\/li>\n<li>2 fotografias atuais (tipo passe), a cores e de fundo liso;<\/li>\n<li>Atestado m\u00e9dico emitido por qualquer m\u00e9dico no exerc\u00edcio da sua profiss\u00e3o;<\/li>\n<li>Certid\u00e3o de nascimento narrativa completa (s\u00f3 para menores de 18 anos);<\/li>\n<li>Autoriza\u00e7\u00e3o de pessoa que exerce o poder paternal acompanhada do respectivo bilhete de identidade ou cart\u00e3o de cidad\u00e3o e fotoc\u00f3pia respectiva (s\u00f3 para candidatos menores de 18 anos);<\/li>\n<li>Fotoc\u00f3pia dos documentos do ve\u00edculo que vai ser utilizado na prova pr\u00e1tica;<\/li>\n<\/ul>\n<p><strong>Taxas:<\/strong><\/p>\n<ul>\n<li>Licen\u00e7a de Aprendizagem \u20ac 10;<\/li>\n<li>Prova te\u00f3rica (s\u00f3 para candidatos n\u00e3o habilitados com carta de condu\u00e7\u00e3o) \u20ac 15;<\/li>\n<li>Prova pr\u00e1tica \u20ac 15;<\/li>\n<li>Emiss\u00e3o de Licen\u00e7a de Condu\u00e7\u00e3o \u20ac 15.<\/li>\n<\/ul>\n<p><strong>Procedimentos<\/strong><\/p>\n<p>Caso n\u00e3o se tenha inscrito em escola de condu\u00e7\u00e3o, para realizar o pedido de licen\u00e7a de aprendizagem e a marca\u00e7\u00e3o do exame \u00e9 necess\u00e1rio:<\/p>\n<ul>\n<li>Preencher o formul\u00e1rio\u00a0<a href=\"about:blank\">Modelo 1 IMTT<\/a>\u00a0&#8211; pedido de licen\u00e7a de aprendizagem &#8211; em duplicado, diretamente no computador ou manualmente depois de impresso, e assinar.\u00a0Se optar pelo preenchimento \u00e0 m\u00e3o,\u00a0utilize sempre\u00a0uma esferogr\u00e1fica preta\u00a0sobre superf\u00edcie dura.\u00a0(Consultar\u00a0<a href=\"about:blank\">Instru\u00e7\u00f5es de Preenchimento<\/a>);<\/li>\n<\/ul>\n<ul>\n<li>Preencher e assinar o formul\u00e1rio\u00a0<a href=\"about:blank\">Modelo 2 IMTT\u00a0<\/a>\u2013 pedido de exame;<\/li>\n<\/ul>\n<ul>\n<li>Entregar os documentos nos\u00a0<a href=\"about:blank\">Balc\u00f5es de Atendimento\u00a0<\/a>do Servi\u00e7o Regional e Distrital do IMTT\u00a0da sua \u00e1rea de resid\u00eancia.<\/li>\n<\/ul>\n<p>Os impressos est\u00e3o dispon\u00edveis no s\u00edtio do IMTT em\u00a0<a href=\"about:blank\">Formul\u00e1rios \u2013 Condutores e Ve\u00edculos<\/a>.<\/p>\n<p><strong>Enquadramento Legal\u00a0<\/strong><\/p>\n<p>Artigos 124.\u00ba e 126.\u00ba do C\u00f3digo da Estrada, alterado e republicado em anexo\u00a0pelo\u00a0<a href=\"about:blank\">Decreto-Lei n.\u00ba 44\/2005<\/a>, de 23 de Fevereiro<\/p>\n<p><a href=\"about:blank\">Despacho n.\u00ba 17 692\/2005<\/a>, de 18 de Agosto, que estabelece o n\u00famero m\u00ednimo, redu\u00e7\u00e3o e dispensa de li\u00e7\u00f5es do curso de candidatos a condutores\u00a0<em>(opcional para ciclomotores)<\/em><\/p>\n","protected":false},"excerpt":{"rendered":"<p>A habilita\u00e7\u00e3o necess\u00e1ria para conduzir ciclomotor depende da obten\u00e7\u00e3o de licen\u00e7a de condu\u00e7\u00e3o, mediante aprova\u00e7\u00e3o em exame de condu\u00e7\u00e3o constitu\u00eddo por prova te\u00f3rica e prova pr\u00e1tica. A inscri\u00e7\u00e3o em escola de condu\u00e7\u00e3o \u00e9 facultativa. Requisitos\u00a0 Para obter a licen\u00e7a de condu\u00e7\u00e3o de ciclomotor \u00e9 necess\u00e1rio preencher os seguintes requisitos: Ter 14 anos de idade com&hellip;&nbsp;<a href=\"https:\/\/www.2twentyscooters.com\/pt\/perguntas-frequentes\/qual-a-licenca-necessaria-para-conduzir-a-scooter-2twenty-roma\/\" class=\"\" rel=\"bookmark\">Read More &raquo;<span class=\"screen-reader-text\">Qual a licen\u00e7a necess\u00e1ria para conduzir a scooter 2Twenty Roma?<\/span><\/a><\/p>\n","protected":false},"author":1,"featured_media":0,"parent":24988,"menu_order":0,"comment_status":"closed","ping_status":"closed","template":"","meta":[],"yoast_head":"<!-- This site is optimized with the Yoast SEO plugin v18.4.1 - https:\/\/yoast.com\/wordpress\/plugins\/seo\/ -->\n<title>Qual a licen\u00e7a necess\u00e1ria para conduzir a scooter 2Twenty Roma?<\/title>\n<meta name=\"robots\" content=\"index, follow, max-snippet:-1, max-image-preview:large, max-video-preview:-1\" \/>\n<link rel=\"canonical\" href=\"https:\/\/www.2twentyscooters.com\/pt\/perguntas-frequentes\/qual-a-licenca-necessaria-para-conduzir-a-scooter-2twenty-roma\/\" \/>\n<meta property=\"og:locale\" content=\"pt_PT\" \/>\n<meta property=\"og:type\" content=\"article\" \/>\n<meta property=\"og:title\" content=\"Qual a licen\u00e7a necess\u00e1ria para conduzir a scooter 2Twenty Roma?\" \/>\n<meta property=\"og:description\" content=\"A habilita\u00e7\u00e3o necess\u00e1ria para conduzir ciclomotor depende da obten\u00e7\u00e3o de licen\u00e7a de condu\u00e7\u00e3o, mediante aprova\u00e7\u00e3o em exame de condu\u00e7\u00e3o constitu\u00eddo por prova te\u00f3rica e prova pr\u00e1tica. A inscri\u00e7\u00e3o em escola de condu\u00e7\u00e3o \u00e9 facultativa. Requisitos\u00a0 Para obter a licen\u00e7a de condu\u00e7\u00e3o de ciclomotor \u00e9 necess\u00e1rio preencher os seguintes requisitos: Ter 14 anos de idade com&hellip;&nbsp;Read More &raquo;Qual a licen\u00e7a necess\u00e1ria para conduzir a scooter 2Twenty Roma?\" \/>\n<meta property=\"og:url\" content=\"https:\/\/www.2twentyscooters.com\/pt\/perguntas-frequentes\/qual-a-licenca-necessaria-para-conduzir-a-scooter-2twenty-roma\/\" \/>\n<meta property=\"og:site_name\" content=\"2Twenty Scooter \u00e9lectrique\" \/>\n<meta property=\"article:modified_time\" content=\"2020-05-22T17:31:00+00:00\" \/>\n<meta name=\"twitter:card\" content=\"summary\" \/>\n<meta name=\"twitter:label1\" content=\"Est. reading time\" \/>\n\t<meta name=\"twitter:data1\" content=\"2 minutos\" \/>\n<script type=\"application\/ld+json\" class=\"yoast-schema-graph\">{\"@context\":\"https:\/\/schema.org\",\"@graph\":[{\"@type\":\"Organization\",\"@id\":\"https:\/\/www.2twentyscooters.com\/en\/#organization\",\"name\":\"2twentyscooters\",\"url\":\"https:\/\/www.2twentyscooters.com\/en\/\",\"sameAs\":[],\"logo\":{\"@type\":\"ImageObject\",\"@id\":\"https:\/\/www.2twentyscooters.com\/en\/#logo\",\"inLanguage\":\"pt-AO\",\"url\":\"https:\/\/www.2twentyscooters.com\/wp-content\/uploads\/2022\/03\/2twenty-scooters-logo.png\",\"contentUrl\":\"https:\/\/www.2twentyscooters.com\/wp-content\/uploads\/2022\/03\/2twenty-scooters-logo.png\",\"width\":342,\"height\":55,\"caption\":\"2twentyscooters\"},\"image\":{\"@id\":\"https:\/\/www.2twentyscooters.com\/en\/#logo\"}},{\"@type\":\"WebSite\",\"@id\":\"https:\/\/www.2twentyscooters.com\/en\/#website\",\"url\":\"https:\/\/www.2twentyscooters.com\/en\/\",\"name\":\"2Twenty Scooter \u00e9lectrique\",\"description\":\"\",\"publisher\":{\"@id\":\"https:\/\/www.2twentyscooters.com\/en\/#organization\"},\"potentialAction\":[{\"@type\":\"SearchAction\",\"target\":{\"@type\":\"EntryPoint\",\"urlTemplate\":\"https:\/\/www.2twentyscooters.com\/en\/?s={search_term_string}\"},\"query-input\":\"required name=search_term_string\"}],\"inLanguage\":\"pt-AO\"},{\"@type\":\"WebPage\",\"@id\":\"https:\/\/www.2twentyscooters.com\/pt\/perguntas-frequentes\/qual-a-licenca-necessaria-para-conduzir-a-scooter-2twenty-roma\/#webpage\",\"url\":\"https:\/\/www.2twentyscooters.com\/pt\/perguntas-frequentes\/qual-a-licenca-necessaria-para-conduzir-a-scooter-2twenty-roma\/\",\"name\":\"Qual a licen\u00e7a necess\u00e1ria para conduzir a scooter 2Twenty Roma?\",\"isPartOf\":{\"@id\":\"https:\/\/www.2twentyscooters.com\/en\/#website\"},\"datePublished\":\"2020-05-22T15:28:32+00:00\",\"dateModified\":\"2020-05-22T17:31:00+00:00\",\"breadcrumb\":{\"@id\":\"https:\/\/www.2twentyscooters.com\/pt\/perguntas-frequentes\/qual-a-licenca-necessaria-para-conduzir-a-scooter-2twenty-roma\/#breadcrumb\"},\"inLanguage\":\"pt-AO\",\"potentialAction\":[{\"@type\":\"ReadAction\",\"target\":[\"https:\/\/www.2twentyscooters.com\/pt\/perguntas-frequentes\/qual-a-licenca-necessaria-para-conduzir-a-scooter-2twenty-roma\/\"]}]},{\"@type\":\"BreadcrumbList\",\"@id\":\"https:\/\/www.2twentyscooters.com\/pt\/perguntas-frequentes\/qual-a-licenca-necessaria-para-conduzir-a-scooter-2twenty-roma\/#breadcrumb\",\"itemListElement\":[{\"@type\":\"ListItem\",\"position\":1,\"name\":\"Home\",\"item\":\"https:\/\/www.2twentyscooters.com\/pt\/homenew\/\"},{\"@type\":\"ListItem\",\"position\":2,\"name\":\"Perguntas frequentes\",\"item\":\"https:\/\/www.2twentyscooters.com\/pt\/perguntas-frequentes\/\"},{\"@type\":\"ListItem\",\"position\":3,\"name\":\"Qual a licen\u00e7a necess\u00e1ria para conduzir a scooter 2Twenty Roma?\"}]}]}<\/script>\n<!-- \/ Yoast SEO plugin. -->","yoast_head_json":{"title":"Qual a licen\u00e7a necess\u00e1ria para conduzir a scooter 2Twenty Roma?","robots":{"index":"index","follow":"follow","max-snippet":"max-snippet:-1","max-image-preview":"max-image-preview:large","max-video-preview":"max-video-preview:-1"},"canonical":"https:\/\/www.2twentyscooters.com\/pt\/perguntas-frequentes\/qual-a-licenca-necessaria-para-conduzir-a-scooter-2twenty-roma\/","og_locale":"pt_PT","og_type":"article","og_title":"Qual a licen\u00e7a necess\u00e1ria para conduzir a scooter 2Twenty Roma?","og_description":"A habilita\u00e7\u00e3o necess\u00e1ria para conduzir ciclomotor depende da obten\u00e7\u00e3o de licen\u00e7a de condu\u00e7\u00e3o, mediante aprova\u00e7\u00e3o em exame de condu\u00e7\u00e3o constitu\u00eddo por prova te\u00f3rica e prova pr\u00e1tica. A inscri\u00e7\u00e3o em escola de condu\u00e7\u00e3o \u00e9 facultativa. Requisitos\u00a0 Para obter a licen\u00e7a de condu\u00e7\u00e3o de ciclomotor \u00e9 necess\u00e1rio preencher os seguintes requisitos: Ter 14 anos de idade com&hellip;&nbsp;Read More &raquo;Qual a licen\u00e7a necess\u00e1ria para conduzir a scooter 2Twenty Roma?","og_url":"https:\/\/www.2twentyscooters.com\/pt\/perguntas-frequentes\/qual-a-licenca-necessaria-para-conduzir-a-scooter-2twenty-roma\/","og_site_name":"2Twenty Scooter \u00e9lectrique","article_modified_time":"2020-05-22T17:31:00+00:00","twitter_card":"summary","twitter_misc":{"Est. reading time":"2 minutos"},"schema":{"@context":"https:\/\/schema.org","@graph":[{"@type":"Organization","@id":"https:\/\/www.2twentyscooters.com\/en\/#organization","name":"2twentyscooters","url":"https:\/\/www.2twentyscooters.com\/en\/","sameAs":[],"logo":{"@type":"ImageObject","@id":"https:\/\/www.2twentyscooters.com\/en\/#logo","inLanguage":"pt-AO","url":"https:\/\/www.2twentyscooters.com\/wp-content\/uploads\/2022\/03\/2twenty-scooters-logo.png","contentUrl":"https:\/\/www.2twentyscooters.com\/wp-content\/uploads\/2022\/03\/2twenty-scooters-logo.png","width":342,"height":55,"caption":"2twentyscooters"},"image":{"@id":"https:\/\/www.2twentyscooters.com\/en\/#logo"}},{"@type":"WebSite","@id":"https:\/\/www.2twentyscooters.com\/en\/#website","url":"https:\/\/www.2twentyscooters.com\/en\/","name":"2Twenty Scooter \u00e9lectrique","description":"","publisher":{"@id":"https:\/\/www.2twentyscooters.com\/en\/#organization"},"potentialAction":[{"@type":"SearchAction","target":{"@type":"EntryPoint","urlTemplate":"https:\/\/www.2twentyscooters.com\/en\/?s={search_term_string}"},"query-input":"required name=search_term_string"}],"inLanguage":"pt-AO"},{"@type":"WebPage","@id":"https:\/\/www.2twentyscooters.com\/pt\/perguntas-frequentes\/qual-a-licenca-necessaria-para-conduzir-a-scooter-2twenty-roma\/#webpage","url":"https:\/\/www.2twentyscooters.com\/pt\/perguntas-frequentes\/qual-a-licenca-necessaria-para-conduzir-a-scooter-2twenty-roma\/","name":"Qual a licen\u00e7a necess\u00e1ria para conduzir a scooter 2Twenty Roma?","isPartOf":{"@id":"https:\/\/www.2twentyscooters.com\/en\/#website"},"datePublished":"2020-05-22T15:28:32+00:00","dateModified":"2020-05-22T17:31:00+00:00","breadcrumb":{"@id":"https:\/\/www.2twentyscooters.com\/pt\/perguntas-frequentes\/qual-a-licenca-necessaria-para-conduzir-a-scooter-2twenty-roma\/#breadcrumb"},"inLanguage":"pt-AO","potentialAction":[{"@type":"ReadAction","target":["https:\/\/www.2twentyscooters.com\/pt\/perguntas-frequentes\/qual-a-licenca-necessaria-para-conduzir-a-scooter-2twenty-roma\/"]}]},{"@type":"BreadcrumbList","@id":"https:\/\/www.2twentyscooters.com\/pt\/perguntas-frequentes\/qual-a-licenca-necessaria-para-conduzir-a-scooter-2twenty-roma\/#breadcrumb","itemListElement":[{"@type":"ListItem","position":1,"name":"Home","item":"https:\/\/www.2twentyscooters.com\/pt\/homenew\/"},{"@type":"ListItem","position":2,"name":"Perguntas frequentes","item":"https:\/\/www.2twentyscooters.com\/pt\/perguntas-frequentes\/"},{"@type":"ListItem","position":3,"name":"Qual a licen\u00e7a necess\u00e1ria para conduzir a scooter 2Twenty Roma?"}]}]}},"_links":{"self":[{"href":"https:\/\/www.2twentyscooters.com\/pt\/wp-json\/wp\/v2\/pages\/25018"}],"collection":[{"href":"https:\/\/www.2twentyscooters.com\/pt\/wp-json\/wp\/v2\/pages"}],"about":[{"href":"https:\/\/www.2twentyscooters.com\/pt\/wp-json\/wp\/v2\/types\/page"}],"author":[{"embeddable":true,"href":"https:\/\/www.2twentyscooters.com\/pt\/wp-json\/wp\/v2\/users\/1"}],"replies":[{"embeddable":true,"href":"https:\/\/www.2twentyscooters.com\/pt\/wp-json\/wp\/v2\/comments?post=25018"}],"version-history":[{"count":0,"href":"https:\/\/www.2twentyscooters.com\/pt\/wp-json\/wp\/v2\/pages\/25018\/revisions"}],"up":[{"embeddable":true,"href":"https:\/\/www.2twentyscooters.com\/pt\/wp-json\/wp\/v2\/pages\/24988"}],"wp:attachment":[{"href":"https:\/\/www.2twentyscooters.com\/pt\/wp-json\/wp\/v2\/media?parent=25018"}],"curies":[{"name":"wp","href":"https:\/\/api.w.org\/{rel}","templated":true}]}}