{"id":25009,"date":"2020-05-22T17:22:21","date_gmt":"2020-05-22T15:22:21","guid":{"rendered":"https:\/\/www.2twentyscooters.com\/?page_id=25009"},"modified":"2020-05-25T12:39:50","modified_gmt":"2020-05-25T10:39:50","slug":"qual-e-a-vida-util-de-uma-bateria","status":"publish","type":"page","link":"https:\/\/www.2twentyscooters.com\/pt\/perguntas-frequentes\/qual-e-a-vida-util-de-uma-bateria\/","title":{"rendered":"Qual \u00e9 a vida \u00fatil de uma bateria?"},"content":{"rendered":"<p>A manuten\u00e7\u00e3o da bateria de pol\u00edmero de l\u00edtio \u00e9 realizada atrav\u00e9s de um sistema BMS (Battery Management System) para otimiza\u00e7\u00e3o dos ciclos de carga e descarga. A bateria foi projetada para suportar 900 ciclos de carga e descarga. Caso percorra uma m\u00e9dia de 40 km por ciclo, um total de 900 ciclos corresponder\u00e1 a 36.000 km. Para al\u00e9m disso, a nossa bateria est\u00e1 equipada com uma fun\u00e7\u00e3o de hiberna\u00e7\u00e3o para evitar a descarga total no decorrer de um per\u00edodo prolongado de inatividade, o que poderia danificar a capacidade das baterias. Uma simples liga\u00e7\u00e3o ao carregador, por alguns minutos, ir\u00e1 reativar a bateria.<\/p>\n<p><img class=\"alignnone size-full wp-image-23812\" src=\"https:\/\/www.2twentyscooters.com\/wp-content\/uploads\/2020\/04\/Batterie-S3-1-small.jpg\" alt=\"\" width=\"500\" height=\"375\" srcset=\"https:\/\/www.2twentyscooters.com\/wp-content\/uploads\/2020\/04\/Batterie-S3-1-small.jpg 500w, https:\/\/www.2twentyscooters.com\/wp-content\/uploads\/2020\/04\/Batterie-S3-1-small-300x225.jpg 300w, https:\/\/www.2twentyscooters.com\/wp-content\/uploads\/2020\/04\/Batterie-S3-1-small-50x38.jpg 50w, https:\/\/www.2twentyscooters.com\/wp-content\/uploads\/2020\/04\/Batterie-S3-1-small-200x150.jpg 200w, https:\/\/www.2twentyscooters.com\/wp-content\/uploads\/2020\/04\/Batterie-S3-1-small-400x300.jpg 400w\" sizes=\"(max-width: 500px) 100vw, 500px\" \/><\/p>\n<p>Palavras-chave: dura\u00e7\u00e3o da bateria, dura\u00e7\u00e3o da vida \u00fatil da bateria, longevidade da bateria, n\u00famero de ciclos, n\u00famero de cargas, BMS.<\/p>\n","protected":false},"excerpt":{"rendered":"<p>A manuten\u00e7\u00e3o da bateria de pol\u00edmero de l\u00edtio \u00e9 realizada atrav\u00e9s de um sistema BMS (Battery Management System) para otimiza\u00e7\u00e3o dos ciclos de carga e descarga. A bateria foi projetada para suportar 900 ciclos de carga e descarga. Caso percorra uma m\u00e9dia de 40 km por ciclo, um total de 900 ciclos corresponder\u00e1 a 36.000&hellip;&nbsp;<a href=\"https:\/\/www.2twentyscooters.com\/pt\/perguntas-frequentes\/qual-e-a-vida-util-de-uma-bateria\/\" class=\"\" rel=\"bookmark\">Read More &raquo;<span class=\"screen-reader-text\">Qual \u00e9 a vida \u00fatil de uma bateria?<\/span><\/a><\/p>\n","protected":false},"author":1,"featured_media":0,"parent":24988,"menu_order":0,"comment_status":"closed","ping_status":"closed","template":"","meta":[],"yoast_head":"<!-- This site is optimized with the Yoast SEO plugin v18.4.1 - https:\/\/yoast.com\/wordpress\/plugins\/seo\/ -->\n<title>Qual \u00e9 a vida \u00fatil de uma bateria?<\/title>\n<meta name=\"robots\" content=\"index, follow, max-snippet:-1, max-image-preview:large, max-video-preview:-1\" \/>\n<link rel=\"canonical\" href=\"https:\/\/www.2twentyscooters.com\/pt\/perguntas-frequentes\/qual-e-a-vida-util-de-uma-bateria\/\" \/>\n<meta property=\"og:locale\" content=\"pt_PT\" \/>\n<meta property=\"og:type\" content=\"article\" \/>\n<meta property=\"og:title\" content=\"Qual \u00e9 a vida \u00fatil de uma bateria?\" \/>\n<meta property=\"og:description\" content=\"A manuten\u00e7\u00e3o da bateria de pol\u00edmero de l\u00edtio \u00e9 realizada atrav\u00e9s de um sistema BMS (Battery Management System) para otimiza\u00e7\u00e3o dos ciclos de carga e descarga. A bateria foi projetada para suportar 900 ciclos de carga e descarga. Caso percorra uma m\u00e9dia de 40 km por ciclo, um total de 900 ciclos corresponder\u00e1 a 36.000&hellip;&nbsp;Read More &raquo;Qual \u00e9 a vida \u00fatil de uma bateria?\" \/>\n<meta property=\"og:url\" content=\"https:\/\/www.2twentyscooters.com\/pt\/perguntas-frequentes\/qual-e-a-vida-util-de-uma-bateria\/\" \/>\n<meta property=\"og:site_name\" content=\"2Twenty Scooter \u00e9lectrique\" \/>\n<meta property=\"article:modified_time\" content=\"2020-05-25T10:39:50+00:00\" \/>\n<meta property=\"og:image\" content=\"https:\/\/www.2twentyscooters.com\/wp-content\/uploads\/2020\/04\/Batterie-S3-1-small.jpg\" \/>\n<meta name=\"twitter:card\" content=\"summary\" \/>\n<meta name=\"twitter:label1\" content=\"Est. reading time\" \/>\n\t<meta name=\"twitter:data1\" content=\"1 minuto\" \/>\n<script type=\"application\/ld+json\" class=\"yoast-schema-graph\">{\"@context\":\"https:\/\/schema.org\",\"@graph\":[{\"@type\":\"Organization\",\"@id\":\"https:\/\/www.2twentyscooters.com\/en\/#organization\",\"name\":\"2twentyscooters\",\"url\":\"https:\/\/www.2twentyscooters.com\/en\/\",\"sameAs\":[],\"logo\":{\"@type\":\"ImageObject\",\"@id\":\"https:\/\/www.2twentyscooters.com\/en\/#logo\",\"inLanguage\":\"pt-AO\",\"url\":\"https:\/\/www.2twentyscooters.com\/wp-content\/uploads\/2022\/03\/2twenty-scooters-logo.png\",\"contentUrl\":\"https:\/\/www.2twentyscooters.com\/wp-content\/uploads\/2022\/03\/2twenty-scooters-logo.png\",\"width\":342,\"height\":55,\"caption\":\"2twentyscooters\"},\"image\":{\"@id\":\"https:\/\/www.2twentyscooters.com\/en\/#logo\"}},{\"@type\":\"WebSite\",\"@id\":\"https:\/\/www.2twentyscooters.com\/en\/#website\",\"url\":\"https:\/\/www.2twentyscooters.com\/en\/\",\"name\":\"2Twenty Scooter \u00e9lectrique\",\"description\":\"\",\"publisher\":{\"@id\":\"https:\/\/www.2twentyscooters.com\/en\/#organization\"},\"potentialAction\":[{\"@type\":\"SearchAction\",\"target\":{\"@type\":\"EntryPoint\",\"urlTemplate\":\"https:\/\/www.2twentyscooters.com\/en\/?s={search_term_string}\"},\"query-input\":\"required name=search_term_string\"}],\"inLanguage\":\"pt-AO\"},{\"@type\":\"ImageObject\",\"@id\":\"https:\/\/www.2twentyscooters.com\/pt\/perguntas-frequentes\/qual-e-a-vida-util-de-uma-bateria\/#primaryimage\",\"inLanguage\":\"pt-AO\",\"url\":\"https:\/\/www.2twentyscooters.com\/wp-content\/uploads\/2020\/04\/Batterie-S3-1-small.jpg\",\"contentUrl\":\"https:\/\/www.2twentyscooters.com\/wp-content\/uploads\/2020\/04\/Batterie-S3-1-small.jpg\",\"width\":500,\"height\":375},{\"@type\":\"WebPage\",\"@id\":\"https:\/\/www.2twentyscooters.com\/pt\/perguntas-frequentes\/qual-e-a-vida-util-de-uma-bateria\/#webpage\",\"url\":\"https:\/\/www.2twentyscooters.com\/pt\/perguntas-frequentes\/qual-e-a-vida-util-de-uma-bateria\/\",\"name\":\"Qual \u00e9 a vida \u00fatil de uma bateria?\",\"isPartOf\":{\"@id\":\"https:\/\/www.2twentyscooters.com\/en\/#website\"},\"primaryImageOfPage\":{\"@id\":\"https:\/\/www.2twentyscooters.com\/pt\/perguntas-frequentes\/qual-e-a-vida-util-de-uma-bateria\/#primaryimage\"},\"datePublished\":\"2020-05-22T15:22:21+00:00\",\"dateModified\":\"2020-05-25T10:39:50+00:00\",\"breadcrumb\":{\"@id\":\"https:\/\/www.2twentyscooters.com\/pt\/perguntas-frequentes\/qual-e-a-vida-util-de-uma-bateria\/#breadcrumb\"},\"inLanguage\":\"pt-AO\",\"potentialAction\":[{\"@type\":\"ReadAction\",\"target\":[\"https:\/\/www.2twentyscooters.com\/pt\/perguntas-frequentes\/qual-e-a-vida-util-de-uma-bateria\/\"]}]},{\"@type\":\"BreadcrumbList\",\"@id\":\"https:\/\/www.2twentyscooters.com\/pt\/perguntas-frequentes\/qual-e-a-vida-util-de-uma-bateria\/#breadcrumb\",\"itemListElement\":[{\"@type\":\"ListItem\",\"position\":1,\"name\":\"Home\",\"item\":\"https:\/\/www.2twentyscooters.com\/pt\/homenew\/\"},{\"@type\":\"ListItem\",\"position\":2,\"name\":\"Perguntas frequentes\",\"item\":\"https:\/\/www.2twentyscooters.com\/pt\/perguntas-frequentes\/\"},{\"@type\":\"ListItem\",\"position\":3,\"name\":\"Qual \u00e9 a vida \u00fatil de uma bateria?\"}]}]}<\/script>\n<!-- \/ Yoast SEO plugin. -->","yoast_head_json":{"title":"Qual \u00e9 a vida \u00fatil de uma bateria?","robots":{"index":"index","follow":"follow","max-snippet":"max-snippet:-1","max-image-preview":"max-image-preview:large","max-video-preview":"max-video-preview:-1"},"canonical":"https:\/\/www.2twentyscooters.com\/pt\/perguntas-frequentes\/qual-e-a-vida-util-de-uma-bateria\/","og_locale":"pt_PT","og_type":"article","og_title":"Qual \u00e9 a vida \u00fatil de uma bateria?","og_description":"A manuten\u00e7\u00e3o da bateria de pol\u00edmero de l\u00edtio \u00e9 realizada atrav\u00e9s de um sistema BMS (Battery Management System) para otimiza\u00e7\u00e3o dos ciclos de carga e descarga. A bateria foi projetada para suportar 900 ciclos de carga e descarga. Caso percorra uma m\u00e9dia de 40 km por ciclo, um total de 900 ciclos corresponder\u00e1 a 36.000&hellip;&nbsp;Read More &raquo;Qual \u00e9 a vida \u00fatil de uma bateria?","og_url":"https:\/\/www.2twentyscooters.com\/pt\/perguntas-frequentes\/qual-e-a-vida-util-de-uma-bateria\/","og_site_name":"2Twenty Scooter \u00e9lectrique","article_modified_time":"2020-05-25T10:39:50+00:00","og_image":[{"url":"https:\/\/www.2twentyscooters.com\/wp-content\/uploads\/2020\/04\/Batterie-S3-1-small.jpg"}],"twitter_card":"summary","twitter_misc":{"Est. reading time":"1 minuto"},"schema":{"@context":"https:\/\/schema.org","@graph":[{"@type":"Organization","@id":"https:\/\/www.2twentyscooters.com\/en\/#organization","name":"2twentyscooters","url":"https:\/\/www.2twentyscooters.com\/en\/","sameAs":[],"logo":{"@type":"ImageObject","@id":"https:\/\/www.2twentyscooters.com\/en\/#logo","inLanguage":"pt-AO","url":"https:\/\/www.2twentyscooters.com\/wp-content\/uploads\/2022\/03\/2twenty-scooters-logo.png","contentUrl":"https:\/\/www.2twentyscooters.com\/wp-content\/uploads\/2022\/03\/2twenty-scooters-logo.png","width":342,"height":55,"caption":"2twentyscooters"},"image":{"@id":"https:\/\/www.2twentyscooters.com\/en\/#logo"}},{"@type":"WebSite","@id":"https:\/\/www.2twentyscooters.com\/en\/#website","url":"https:\/\/www.2twentyscooters.com\/en\/","name":"2Twenty Scooter \u00e9lectrique","description":"","publisher":{"@id":"https:\/\/www.2twentyscooters.com\/en\/#organization"},"potentialAction":[{"@type":"SearchAction","target":{"@type":"EntryPoint","urlTemplate":"https:\/\/www.2twentyscooters.com\/en\/?s={search_term_string}"},"query-input":"required name=search_term_string"}],"inLanguage":"pt-AO"},{"@type":"ImageObject","@id":"https:\/\/www.2twentyscooters.com\/pt\/perguntas-frequentes\/qual-e-a-vida-util-de-uma-bateria\/#primaryimage","inLanguage":"pt-AO","url":"https:\/\/www.2twentyscooters.com\/wp-content\/uploads\/2020\/04\/Batterie-S3-1-small.jpg","contentUrl":"https:\/\/www.2twentyscooters.com\/wp-content\/uploads\/2020\/04\/Batterie-S3-1-small.jpg","width":500,"height":375},{"@type":"WebPage","@id":"https:\/\/www.2twentyscooters.com\/pt\/perguntas-frequentes\/qual-e-a-vida-util-de-uma-bateria\/#webpage","url":"https:\/\/www.2twentyscooters.com\/pt\/perguntas-frequentes\/qual-e-a-vida-util-de-uma-bateria\/","name":"Qual \u00e9 a vida \u00fatil de uma bateria?","isPartOf":{"@id":"https:\/\/www.2twentyscooters.com\/en\/#website"},"primaryImageOfPage":{"@id":"https:\/\/www.2twentyscooters.com\/pt\/perguntas-frequentes\/qual-e-a-vida-util-de-uma-bateria\/#primaryimage"},"datePublished":"2020-05-22T15:22:21+00:00","dateModified":"2020-05-25T10:39:50+00:00","breadcrumb":{"@id":"https:\/\/www.2twentyscooters.com\/pt\/perguntas-frequentes\/qual-e-a-vida-util-de-uma-bateria\/#breadcrumb"},"inLanguage":"pt-AO","potentialAction":[{"@type":"ReadAction","target":["https:\/\/www.2twentyscooters.com\/pt\/perguntas-frequentes\/qual-e-a-vida-util-de-uma-bateria\/"]}]},{"@type":"BreadcrumbList","@id":"https:\/\/www.2twentyscooters.com\/pt\/perguntas-frequentes\/qual-e-a-vida-util-de-uma-bateria\/#breadcrumb","itemListElement":[{"@type":"ListItem","position":1,"name":"Home","item":"https:\/\/www.2twentyscooters.com\/pt\/homenew\/"},{"@type":"ListItem","position":2,"name":"Perguntas frequentes","item":"https:\/\/www.2twentyscooters.com\/pt\/perguntas-frequentes\/"},{"@type":"ListItem","position":3,"name":"Qual \u00e9 a vida \u00fatil de uma bateria?"}]}]}},"_links":{"self":[{"href":"https:\/\/www.2twentyscooters.com\/pt\/wp-json\/wp\/v2\/pages\/25009"}],"collection":[{"href":"https:\/\/www.2twentyscooters.com\/pt\/wp-json\/wp\/v2\/pages"}],"about":[{"href":"https:\/\/www.2twentyscooters.com\/pt\/wp-json\/wp\/v2\/types\/page"}],"author":[{"embeddable":true,"href":"https:\/\/www.2twentyscooters.com\/pt\/wp-json\/wp\/v2\/users\/1"}],"replies":[{"embeddable":true,"href":"https:\/\/www.2twentyscooters.com\/pt\/wp-json\/wp\/v2\/comments?post=25009"}],"version-history":[{"count":0,"href":"https:\/\/www.2twentyscooters.com\/pt\/wp-json\/wp\/v2\/pages\/25009\/revisions"}],"up":[{"embeddable":true,"href":"https:\/\/www.2twentyscooters.com\/pt\/wp-json\/wp\/v2\/pages\/24988"}],"wp:attachment":[{"href":"https:\/\/www.2twentyscooters.com\/pt\/wp-json\/wp\/v2\/media?parent=25009"}],"curies":[{"name":"wp","href":"https:\/\/api.w.org\/{rel}","templated":true}]}}