{"id":25007,"date":"2020-05-22T17:21:16","date_gmt":"2020-05-22T15:21:16","guid":{"rendered":"https:\/\/www.2twentyscooters.com\/?page_id=25007"},"modified":"2020-05-25T13:07:58","modified_gmt":"2020-05-25T11:07:58","slug":"como-carrego-a-bateria-da-minha-2twenty","status":"publish","type":"page","link":"https:\/\/www.2twentyscooters.com\/pt\/perguntas-frequentes\/como-carrego-a-bateria-da-minha-2twenty\/","title":{"rendered":"Como carrego a bateria da minha 2Twenty?"},"content":{"rendered":"<p>Gra\u00e7as \u00e0 sua bateria de baixo peso (10 Kg) amov\u00edvel, o carregamento pode ser feito em qualquer tomada comum de 220v, em casa ou no escrit\u00f3rio.<\/p>\n<p>Se pretende carregar a sua scooter num parque de estacionamento ou na sua garagem, poder\u00e1 tamb\u00e9m ligar o carregador \u00e0 tomada que est\u00e1 no porta-luvas da aba direita evitando, assim, o transporte da bateria.<\/p>\n<p>Existem, ent\u00e3o, duas formas de carregar a bateria:<\/p>\n<ul>\n<li>Ligar o carregador diretamente \u00e0 bateria.<\/li>\n<li>Ligar o carregador \u00e0 tomada que est\u00e1 no porta-luvas (abertura na aba direita).<\/li>\n<\/ul>\n<p><img class=\"alignnone size-full wp-image-23885\" src=\"https:\/\/www.2twentyscooters.com\/wp-content\/uploads\/2020\/04\/Scooter-poids-2.jpg\" alt=\"\" width=\"600\" height=\"450\" srcset=\"https:\/\/www.2twentyscooters.com\/wp-content\/uploads\/2020\/04\/Scooter-poids-2.jpg 600w, https:\/\/www.2twentyscooters.com\/wp-content\/uploads\/2020\/04\/Scooter-poids-2-500x375.jpg 500w, https:\/\/www.2twentyscooters.com\/wp-content\/uploads\/2020\/04\/Scooter-poids-2-300x225.jpg 300w, https:\/\/www.2twentyscooters.com\/wp-content\/uploads\/2020\/04\/Scooter-poids-2-50x38.jpg 50w, https:\/\/www.2twentyscooters.com\/wp-content\/uploads\/2020\/04\/Scooter-poids-2-200x150.jpg 200w, https:\/\/www.2twentyscooters.com\/wp-content\/uploads\/2020\/04\/Scooter-poids-2-400x300.jpg 400w\" sizes=\"(max-width: 600px) 100vw, 600px\" \/><\/p>\n<p><img class=\"alignnone size-full wp-image-23968\" src=\"https:\/\/www.2twentyscooters.com\/wp-content\/uploads\/2019\/07\/chargeur-1.jpg\" alt=\"\" width=\"800\" height=\"600\" srcset=\"https:\/\/www.2twentyscooters.com\/wp-content\/uploads\/2019\/07\/chargeur-1.jpg 800w, https:\/\/www.2twentyscooters.com\/wp-content\/uploads\/2019\/07\/chargeur-1-500x375.jpg 500w, https:\/\/www.2twentyscooters.com\/wp-content\/uploads\/2019\/07\/chargeur-1-700x525.jpg 700w, https:\/\/www.2twentyscooters.com\/wp-content\/uploads\/2019\/07\/chargeur-1-300x225.jpg 300w, https:\/\/www.2twentyscooters.com\/wp-content\/uploads\/2019\/07\/chargeur-1-768x576.jpg 768w, https:\/\/www.2twentyscooters.com\/wp-content\/uploads\/2019\/07\/chargeur-1-50x38.jpg 50w, https:\/\/www.2twentyscooters.com\/wp-content\/uploads\/2019\/07\/chargeur-1-200x150.jpg 200w, https:\/\/www.2twentyscooters.com\/wp-content\/uploads\/2019\/07\/chargeur-1-400x300.jpg 400w, https:\/\/www.2twentyscooters.com\/wp-content\/uploads\/2019\/07\/chargeur-1-600x450.jpg 600w\" sizes=\"(max-width: 800px) 100vw, 800px\" \/><\/p>\n<p><img class=\"alignnone size-full wp-image-23778\" src=\"https:\/\/www.2twentyscooters.com\/wp-content\/uploads\/2020\/04\/Charge-box-1.jpg\" alt=\"\" width=\"1024\" height=\"768\" srcset=\"https:\/\/www.2twentyscooters.com\/wp-content\/uploads\/2020\/04\/Charge-box-1.jpg 1024w, https:\/\/www.2twentyscooters.com\/wp-content\/uploads\/2020\/04\/Charge-box-1-500x375.jpg 500w, https:\/\/www.2twentyscooters.com\/wp-content\/uploads\/2020\/04\/Charge-box-1-700x525.jpg 700w, https:\/\/www.2twentyscooters.com\/wp-content\/uploads\/2020\/04\/Charge-box-1-300x225.jpg 300w, https:\/\/www.2twentyscooters.com\/wp-content\/uploads\/2020\/04\/Charge-box-1-768x576.jpg 768w, https:\/\/www.2twentyscooters.com\/wp-content\/uploads\/2020\/04\/Charge-box-1-50x38.jpg 50w, https:\/\/www.2twentyscooters.com\/wp-content\/uploads\/2020\/04\/Charge-box-1-200x150.jpg 200w, https:\/\/www.2twentyscooters.com\/wp-content\/uploads\/2020\/04\/Charge-box-1-400x300.jpg 400w, https:\/\/www.2twentyscooters.com\/wp-content\/uploads\/2020\/04\/Charge-box-1-600x450.jpg 600w, https:\/\/www.2twentyscooters.com\/wp-content\/uploads\/2020\/04\/Charge-box-1-800x600.jpg 800w\" sizes=\"(max-width: 1024px) 100vw, 1024px\" \/><\/p>\n<p>Palavras-chave: carga, carregar, carregador, carregar bateria, carregador bateria, tempo de carga, dura\u00e7\u00e3o da carga, tempo de carregamento, dura\u00e7\u00e3o do carregamento<\/p>\n<p>&nbsp;<\/p>\n","protected":false},"excerpt":{"rendered":"<p>Gra\u00e7as \u00e0 sua bateria de baixo peso (10 Kg) amov\u00edvel, o carregamento pode ser feito em qualquer tomada comum de 220v, em casa ou no escrit\u00f3rio. Se pretende carregar a sua scooter num parque de estacionamento ou na sua garagem, poder\u00e1 tamb\u00e9m ligar o carregador \u00e0 tomada que est\u00e1 no porta-luvas da aba direita evitando,&hellip;&nbsp;<a href=\"https:\/\/www.2twentyscooters.com\/pt\/perguntas-frequentes\/como-carrego-a-bateria-da-minha-2twenty\/\" class=\"\" rel=\"bookmark\">Read More &raquo;<span class=\"screen-reader-text\">Como carrego a bateria da minha 2Twenty?<\/span><\/a><\/p>\n","protected":false},"author":1,"featured_media":0,"parent":24988,"menu_order":0,"comment_status":"closed","ping_status":"closed","template":"","meta":[],"yoast_head":"<!-- This site is optimized with the Yoast SEO plugin v18.4.1 - https:\/\/yoast.com\/wordpress\/plugins\/seo\/ -->\n<title>Como carrego a bateria da minha 2Twenty?<\/title>\n<meta name=\"robots\" content=\"index, follow, max-snippet:-1, max-image-preview:large, max-video-preview:-1\" \/>\n<link rel=\"canonical\" href=\"https:\/\/www.2twentyscooters.com\/pt\/perguntas-frequentes\/como-carrego-a-bateria-da-minha-2twenty\/\" \/>\n<meta property=\"og:locale\" content=\"pt_PT\" \/>\n<meta property=\"og:type\" content=\"article\" \/>\n<meta property=\"og:title\" content=\"Como carrego a bateria da minha 2Twenty?\" \/>\n<meta property=\"og:description\" content=\"Gra\u00e7as \u00e0 sua bateria de baixo peso (10 Kg) amov\u00edvel, o carregamento pode ser feito em qualquer tomada comum de 220v, em casa ou no escrit\u00f3rio. Se pretende carregar a sua scooter num parque de estacionamento ou na sua garagem, poder\u00e1 tamb\u00e9m ligar o carregador \u00e0 tomada que est\u00e1 no porta-luvas da aba direita evitando,&hellip;&nbsp;Read More &raquo;Como carrego a bateria da minha 2Twenty?\" \/>\n<meta property=\"og:url\" content=\"https:\/\/www.2twentyscooters.com\/pt\/perguntas-frequentes\/como-carrego-a-bateria-da-minha-2twenty\/\" \/>\n<meta property=\"og:site_name\" content=\"2Twenty Scooter \u00e9lectrique\" \/>\n<meta property=\"article:modified_time\" content=\"2020-05-25T11:07:58+00:00\" \/>\n<meta property=\"og:image\" content=\"https:\/\/www.2twentyscooters.com\/wp-content\/uploads\/2020\/04\/Scooter-poids-2.jpg\" \/>\n<meta name=\"twitter:card\" content=\"summary\" \/>\n<meta name=\"twitter:label1\" content=\"Est. reading time\" \/>\n\t<meta name=\"twitter:data1\" content=\"1 minuto\" \/>\n<script type=\"application\/ld+json\" class=\"yoast-schema-graph\">{\"@context\":\"https:\/\/schema.org\",\"@graph\":[{\"@type\":\"Organization\",\"@id\":\"https:\/\/www.2twentyscooters.com\/en\/#organization\",\"name\":\"2twentyscooters\",\"url\":\"https:\/\/www.2twentyscooters.com\/en\/\",\"sameAs\":[],\"logo\":{\"@type\":\"ImageObject\",\"@id\":\"https:\/\/www.2twentyscooters.com\/en\/#logo\",\"inLanguage\":\"pt-AO\",\"url\":\"https:\/\/www.2twentyscooters.com\/wp-content\/uploads\/2022\/03\/2twenty-scooters-logo.png\",\"contentUrl\":\"https:\/\/www.2twentyscooters.com\/wp-content\/uploads\/2022\/03\/2twenty-scooters-logo.png\",\"width\":342,\"height\":55,\"caption\":\"2twentyscooters\"},\"image\":{\"@id\":\"https:\/\/www.2twentyscooters.com\/en\/#logo\"}},{\"@type\":\"WebSite\",\"@id\":\"https:\/\/www.2twentyscooters.com\/en\/#website\",\"url\":\"https:\/\/www.2twentyscooters.com\/en\/\",\"name\":\"2Twenty Scooter \u00e9lectrique\",\"description\":\"\",\"publisher\":{\"@id\":\"https:\/\/www.2twentyscooters.com\/en\/#organization\"},\"potentialAction\":[{\"@type\":\"SearchAction\",\"target\":{\"@type\":\"EntryPoint\",\"urlTemplate\":\"https:\/\/www.2twentyscooters.com\/en\/?s={search_term_string}\"},\"query-input\":\"required name=search_term_string\"}],\"inLanguage\":\"pt-AO\"},{\"@type\":\"ImageObject\",\"@id\":\"https:\/\/www.2twentyscooters.com\/pt\/perguntas-frequentes\/como-carrego-a-bateria-da-minha-2twenty\/#primaryimage\",\"inLanguage\":\"pt-AO\",\"url\":\"https:\/\/www.2twentyscooters.com\/wp-content\/uploads\/2020\/04\/Scooter-poids-2.jpg\",\"contentUrl\":\"https:\/\/www.2twentyscooters.com\/wp-content\/uploads\/2020\/04\/Scooter-poids-2.jpg\",\"width\":600,\"height\":450},{\"@type\":\"WebPage\",\"@id\":\"https:\/\/www.2twentyscooters.com\/pt\/perguntas-frequentes\/como-carrego-a-bateria-da-minha-2twenty\/#webpage\",\"url\":\"https:\/\/www.2twentyscooters.com\/pt\/perguntas-frequentes\/como-carrego-a-bateria-da-minha-2twenty\/\",\"name\":\"Como carrego a bateria da minha 2Twenty?\",\"isPartOf\":{\"@id\":\"https:\/\/www.2twentyscooters.com\/en\/#website\"},\"primaryImageOfPage\":{\"@id\":\"https:\/\/www.2twentyscooters.com\/pt\/perguntas-frequentes\/como-carrego-a-bateria-da-minha-2twenty\/#primaryimage\"},\"datePublished\":\"2020-05-22T15:21:16+00:00\",\"dateModified\":\"2020-05-25T11:07:58+00:00\",\"breadcrumb\":{\"@id\":\"https:\/\/www.2twentyscooters.com\/pt\/perguntas-frequentes\/como-carrego-a-bateria-da-minha-2twenty\/#breadcrumb\"},\"inLanguage\":\"pt-AO\",\"potentialAction\":[{\"@type\":\"ReadAction\",\"target\":[\"https:\/\/www.2twentyscooters.com\/pt\/perguntas-frequentes\/como-carrego-a-bateria-da-minha-2twenty\/\"]}]},{\"@type\":\"BreadcrumbList\",\"@id\":\"https:\/\/www.2twentyscooters.com\/pt\/perguntas-frequentes\/como-carrego-a-bateria-da-minha-2twenty\/#breadcrumb\",\"itemListElement\":[{\"@type\":\"ListItem\",\"position\":1,\"name\":\"Home\",\"item\":\"https:\/\/www.2twentyscooters.com\/pt\/homenew\/\"},{\"@type\":\"ListItem\",\"position\":2,\"name\":\"Perguntas frequentes\",\"item\":\"https:\/\/www.2twentyscooters.com\/pt\/perguntas-frequentes\/\"},{\"@type\":\"ListItem\",\"position\":3,\"name\":\"Como carrego a bateria da minha 2Twenty?\"}]}]}<\/script>\n<!-- \/ Yoast SEO plugin. -->","yoast_head_json":{"title":"Como carrego a bateria da minha 2Twenty?","robots":{"index":"index","follow":"follow","max-snippet":"max-snippet:-1","max-image-preview":"max-image-preview:large","max-video-preview":"max-video-preview:-1"},"canonical":"https:\/\/www.2twentyscooters.com\/pt\/perguntas-frequentes\/como-carrego-a-bateria-da-minha-2twenty\/","og_locale":"pt_PT","og_type":"article","og_title":"Como carrego a bateria da minha 2Twenty?","og_description":"Gra\u00e7as \u00e0 sua bateria de baixo peso (10 Kg) amov\u00edvel, o carregamento pode ser feito em qualquer tomada comum de 220v, em casa ou no escrit\u00f3rio. Se pretende carregar a sua scooter num parque de estacionamento ou na sua garagem, poder\u00e1 tamb\u00e9m ligar o carregador \u00e0 tomada que est\u00e1 no porta-luvas da aba direita evitando,&hellip;&nbsp;Read More &raquo;Como carrego a bateria da minha 2Twenty?","og_url":"https:\/\/www.2twentyscooters.com\/pt\/perguntas-frequentes\/como-carrego-a-bateria-da-minha-2twenty\/","og_site_name":"2Twenty Scooter \u00e9lectrique","article_modified_time":"2020-05-25T11:07:58+00:00","og_image":[{"url":"https:\/\/www.2twentyscooters.com\/wp-content\/uploads\/2020\/04\/Scooter-poids-2.jpg"}],"twitter_card":"summary","twitter_misc":{"Est. reading time":"1 minuto"},"schema":{"@context":"https:\/\/schema.org","@graph":[{"@type":"Organization","@id":"https:\/\/www.2twentyscooters.com\/en\/#organization","name":"2twentyscooters","url":"https:\/\/www.2twentyscooters.com\/en\/","sameAs":[],"logo":{"@type":"ImageObject","@id":"https:\/\/www.2twentyscooters.com\/en\/#logo","inLanguage":"pt-AO","url":"https:\/\/www.2twentyscooters.com\/wp-content\/uploads\/2022\/03\/2twenty-scooters-logo.png","contentUrl":"https:\/\/www.2twentyscooters.com\/wp-content\/uploads\/2022\/03\/2twenty-scooters-logo.png","width":342,"height":55,"caption":"2twentyscooters"},"image":{"@id":"https:\/\/www.2twentyscooters.com\/en\/#logo"}},{"@type":"WebSite","@id":"https:\/\/www.2twentyscooters.com\/en\/#website","url":"https:\/\/www.2twentyscooters.com\/en\/","name":"2Twenty Scooter \u00e9lectrique","description":"","publisher":{"@id":"https:\/\/www.2twentyscooters.com\/en\/#organization"},"potentialAction":[{"@type":"SearchAction","target":{"@type":"EntryPoint","urlTemplate":"https:\/\/www.2twentyscooters.com\/en\/?s={search_term_string}"},"query-input":"required name=search_term_string"}],"inLanguage":"pt-AO"},{"@type":"ImageObject","@id":"https:\/\/www.2twentyscooters.com\/pt\/perguntas-frequentes\/como-carrego-a-bateria-da-minha-2twenty\/#primaryimage","inLanguage":"pt-AO","url":"https:\/\/www.2twentyscooters.com\/wp-content\/uploads\/2020\/04\/Scooter-poids-2.jpg","contentUrl":"https:\/\/www.2twentyscooters.com\/wp-content\/uploads\/2020\/04\/Scooter-poids-2.jpg","width":600,"height":450},{"@type":"WebPage","@id":"https:\/\/www.2twentyscooters.com\/pt\/perguntas-frequentes\/como-carrego-a-bateria-da-minha-2twenty\/#webpage","url":"https:\/\/www.2twentyscooters.com\/pt\/perguntas-frequentes\/como-carrego-a-bateria-da-minha-2twenty\/","name":"Como carrego a bateria da minha 2Twenty?","isPartOf":{"@id":"https:\/\/www.2twentyscooters.com\/en\/#website"},"primaryImageOfPage":{"@id":"https:\/\/www.2twentyscooters.com\/pt\/perguntas-frequentes\/como-carrego-a-bateria-da-minha-2twenty\/#primaryimage"},"datePublished":"2020-05-22T15:21:16+00:00","dateModified":"2020-05-25T11:07:58+00:00","breadcrumb":{"@id":"https:\/\/www.2twentyscooters.com\/pt\/perguntas-frequentes\/como-carrego-a-bateria-da-minha-2twenty\/#breadcrumb"},"inLanguage":"pt-AO","potentialAction":[{"@type":"ReadAction","target":["https:\/\/www.2twentyscooters.com\/pt\/perguntas-frequentes\/como-carrego-a-bateria-da-minha-2twenty\/"]}]},{"@type":"BreadcrumbList","@id":"https:\/\/www.2twentyscooters.com\/pt\/perguntas-frequentes\/como-carrego-a-bateria-da-minha-2twenty\/#breadcrumb","itemListElement":[{"@type":"ListItem","position":1,"name":"Home","item":"https:\/\/www.2twentyscooters.com\/pt\/homenew\/"},{"@type":"ListItem","position":2,"name":"Perguntas frequentes","item":"https:\/\/www.2twentyscooters.com\/pt\/perguntas-frequentes\/"},{"@type":"ListItem","position":3,"name":"Como carrego a bateria da minha 2Twenty?"}]}]}},"_links":{"self":[{"href":"https:\/\/www.2twentyscooters.com\/pt\/wp-json\/wp\/v2\/pages\/25007"}],"collection":[{"href":"https:\/\/www.2twentyscooters.com\/pt\/wp-json\/wp\/v2\/pages"}],"about":[{"href":"https:\/\/www.2twentyscooters.com\/pt\/wp-json\/wp\/v2\/types\/page"}],"author":[{"embeddable":true,"href":"https:\/\/www.2twentyscooters.com\/pt\/wp-json\/wp\/v2\/users\/1"}],"replies":[{"embeddable":true,"href":"https:\/\/www.2twentyscooters.com\/pt\/wp-json\/wp\/v2\/comments?post=25007"}],"version-history":[{"count":0,"href":"https:\/\/www.2twentyscooters.com\/pt\/wp-json\/wp\/v2\/pages\/25007\/revisions"}],"up":[{"embeddable":true,"href":"https:\/\/www.2twentyscooters.com\/pt\/wp-json\/wp\/v2\/pages\/24988"}],"wp:attachment":[{"href":"https:\/\/www.2twentyscooters.com\/pt\/wp-json\/wp\/v2\/media?parent=25007"}],"curies":[{"name":"wp","href":"https:\/\/api.w.org\/{rel}","templated":true}]}}