{"id":25005,"date":"2020-05-22T17:19:20","date_gmt":"2020-05-22T15:19:20","guid":{"rendered":"https:\/\/www.2twentyscooters.com\/?page_id=25005"},"modified":"2020-05-25T12:37:49","modified_gmt":"2020-05-25T10:37:49","slug":"quanto-tempo-demora-a-carregar-a-bateria","status":"publish","type":"page","link":"https:\/\/www.2twentyscooters.com\/pt\/perguntas-frequentes\/quanto-tempo-demora-a-carregar-a-bateria\/","title":{"rendered":"Quanto tempo demora a carregar a bateria?"},"content":{"rendered":"<p>O carregador de 72 volts fornecido na compra da sua scooter 2Twenty carrega 50% da bateria em 2 horas e 100% em 6 horas. Quando a bateria estiver 100% carregada, o carregador p\u00e1ra de carregar automaticamente e a luz LED indicadora muda de vermelho para verde.<\/p>\n<p>NUNCA use um carregador que n\u00e3o o fornecido na compra da sua 2Twenty, uma vez que este foi concebido para uma bateria e voltagem espec\u00edficas.<\/p>\n<p><img class=\"alignnone size-full wp-image-23973\" src=\"https:\/\/www.2twentyscooters.com\/wp-content\/uploads\/2019\/07\/chargeur-2.jpg\" alt=\"\" width=\"800\" height=\"600\" srcset=\"https:\/\/www.2twentyscooters.com\/wp-content\/uploads\/2019\/07\/chargeur-2.jpg 800w, https:\/\/www.2twentyscooters.com\/wp-content\/uploads\/2019\/07\/chargeur-2-500x375.jpg 500w, https:\/\/www.2twentyscooters.com\/wp-content\/uploads\/2019\/07\/chargeur-2-700x525.jpg 700w, https:\/\/www.2twentyscooters.com\/wp-content\/uploads\/2019\/07\/chargeur-2-300x225.jpg 300w, https:\/\/www.2twentyscooters.com\/wp-content\/uploads\/2019\/07\/chargeur-2-768x576.jpg 768w, https:\/\/www.2twentyscooters.com\/wp-content\/uploads\/2019\/07\/chargeur-2-50x38.jpg 50w, https:\/\/www.2twentyscooters.com\/wp-content\/uploads\/2019\/07\/chargeur-2-200x150.jpg 200w, https:\/\/www.2twentyscooters.com\/wp-content\/uploads\/2019\/07\/chargeur-2-400x300.jpg 400w, https:\/\/www.2twentyscooters.com\/wp-content\/uploads\/2019\/07\/chargeur-2-600x450.jpg 600w\" sizes=\"(max-width: 800px) 100vw, 800px\" \/><\/p>\n<p>Palavras-chave: carga, carregar, carregador, carregar bateria, carregador bateria, tempo de carga, dura\u00e7\u00e3o da carga, tempo de carregamento, dura\u00e7\u00e3o do carregamento<\/p>\n","protected":false},"excerpt":{"rendered":"<p>O carregador de 72 volts fornecido na compra da sua scooter 2Twenty carrega 50% da bateria em 2 horas e 100% em 6 horas. Quando a bateria estiver 100% carregada, o carregador p\u00e1ra de carregar automaticamente e a luz LED indicadora muda de vermelho para verde. NUNCA use um carregador que n\u00e3o o fornecido na&hellip;&nbsp;<a href=\"https:\/\/www.2twentyscooters.com\/pt\/perguntas-frequentes\/quanto-tempo-demora-a-carregar-a-bateria\/\" class=\"\" rel=\"bookmark\">Read More &raquo;<span class=\"screen-reader-text\">Quanto tempo demora a carregar a bateria?<\/span><\/a><\/p>\n","protected":false},"author":1,"featured_media":0,"parent":24988,"menu_order":0,"comment_status":"closed","ping_status":"closed","template":"","meta":[],"yoast_head":"<!-- This site is optimized with the Yoast SEO plugin v18.4.1 - https:\/\/yoast.com\/wordpress\/plugins\/seo\/ -->\n<title>Quanto tempo demora a carregar a bateria?<\/title>\n<meta name=\"robots\" content=\"index, follow, max-snippet:-1, max-image-preview:large, max-video-preview:-1\" \/>\n<link rel=\"canonical\" href=\"https:\/\/www.2twentyscooters.com\/pt\/perguntas-frequentes\/quanto-tempo-demora-a-carregar-a-bateria\/\" \/>\n<meta property=\"og:locale\" content=\"pt_PT\" \/>\n<meta property=\"og:type\" content=\"article\" \/>\n<meta property=\"og:title\" content=\"Quanto tempo demora a carregar a bateria?\" \/>\n<meta property=\"og:description\" content=\"O carregador de 72 volts fornecido na compra da sua scooter 2Twenty carrega 50% da bateria em 2 horas e 100% em 6 horas. Quando a bateria estiver 100% carregada, o carregador p\u00e1ra de carregar automaticamente e a luz LED indicadora muda de vermelho para verde. NUNCA use um carregador que n\u00e3o o fornecido na&hellip;&nbsp;Read More &raquo;Quanto tempo demora a carregar a bateria?\" \/>\n<meta property=\"og:url\" content=\"https:\/\/www.2twentyscooters.com\/pt\/perguntas-frequentes\/quanto-tempo-demora-a-carregar-a-bateria\/\" \/>\n<meta property=\"og:site_name\" content=\"2Twenty Scooter \u00e9lectrique\" \/>\n<meta property=\"article:modified_time\" content=\"2020-05-25T10:37:49+00:00\" \/>\n<meta property=\"og:image\" content=\"https:\/\/www.2twentyscooters.com\/wp-content\/uploads\/2019\/07\/chargeur-2.jpg\" \/>\n<meta name=\"twitter:card\" content=\"summary\" \/>\n<script type=\"application\/ld+json\" class=\"yoast-schema-graph\">{\"@context\":\"https:\/\/schema.org\",\"@graph\":[{\"@type\":\"Organization\",\"@id\":\"https:\/\/www.2twentyscooters.com\/en\/#organization\",\"name\":\"2twentyscooters\",\"url\":\"https:\/\/www.2twentyscooters.com\/en\/\",\"sameAs\":[],\"logo\":{\"@type\":\"ImageObject\",\"@id\":\"https:\/\/www.2twentyscooters.com\/en\/#logo\",\"inLanguage\":\"pt-AO\",\"url\":\"https:\/\/www.2twentyscooters.com\/wp-content\/uploads\/2022\/03\/2twenty-scooters-logo.png\",\"contentUrl\":\"https:\/\/www.2twentyscooters.com\/wp-content\/uploads\/2022\/03\/2twenty-scooters-logo.png\",\"width\":342,\"height\":55,\"caption\":\"2twentyscooters\"},\"image\":{\"@id\":\"https:\/\/www.2twentyscooters.com\/en\/#logo\"}},{\"@type\":\"WebSite\",\"@id\":\"https:\/\/www.2twentyscooters.com\/en\/#website\",\"url\":\"https:\/\/www.2twentyscooters.com\/en\/\",\"name\":\"2Twenty Scooter \u00e9lectrique\",\"description\":\"\",\"publisher\":{\"@id\":\"https:\/\/www.2twentyscooters.com\/en\/#organization\"},\"potentialAction\":[{\"@type\":\"SearchAction\",\"target\":{\"@type\":\"EntryPoint\",\"urlTemplate\":\"https:\/\/www.2twentyscooters.com\/en\/?s={search_term_string}\"},\"query-input\":\"required name=search_term_string\"}],\"inLanguage\":\"pt-AO\"},{\"@type\":\"ImageObject\",\"@id\":\"https:\/\/www.2twentyscooters.com\/pt\/perguntas-frequentes\/quanto-tempo-demora-a-carregar-a-bateria\/#primaryimage\",\"inLanguage\":\"pt-AO\",\"url\":\"https:\/\/www.2twentyscooters.com\/wp-content\/uploads\/2019\/07\/chargeur-2.jpg\",\"contentUrl\":\"https:\/\/www.2twentyscooters.com\/wp-content\/uploads\/2019\/07\/chargeur-2.jpg\",\"width\":800,\"height\":600},{\"@type\":\"WebPage\",\"@id\":\"https:\/\/www.2twentyscooters.com\/pt\/perguntas-frequentes\/quanto-tempo-demora-a-carregar-a-bateria\/#webpage\",\"url\":\"https:\/\/www.2twentyscooters.com\/pt\/perguntas-frequentes\/quanto-tempo-demora-a-carregar-a-bateria\/\",\"name\":\"Quanto tempo demora a carregar a bateria?\",\"isPartOf\":{\"@id\":\"https:\/\/www.2twentyscooters.com\/en\/#website\"},\"primaryImageOfPage\":{\"@id\":\"https:\/\/www.2twentyscooters.com\/pt\/perguntas-frequentes\/quanto-tempo-demora-a-carregar-a-bateria\/#primaryimage\"},\"datePublished\":\"2020-05-22T15:19:20+00:00\",\"dateModified\":\"2020-05-25T10:37:49+00:00\",\"breadcrumb\":{\"@id\":\"https:\/\/www.2twentyscooters.com\/pt\/perguntas-frequentes\/quanto-tempo-demora-a-carregar-a-bateria\/#breadcrumb\"},\"inLanguage\":\"pt-AO\",\"potentialAction\":[{\"@type\":\"ReadAction\",\"target\":[\"https:\/\/www.2twentyscooters.com\/pt\/perguntas-frequentes\/quanto-tempo-demora-a-carregar-a-bateria\/\"]}]},{\"@type\":\"BreadcrumbList\",\"@id\":\"https:\/\/www.2twentyscooters.com\/pt\/perguntas-frequentes\/quanto-tempo-demora-a-carregar-a-bateria\/#breadcrumb\",\"itemListElement\":[{\"@type\":\"ListItem\",\"position\":1,\"name\":\"Home\",\"item\":\"https:\/\/www.2twentyscooters.com\/pt\/homenew\/\"},{\"@type\":\"ListItem\",\"position\":2,\"name\":\"Perguntas frequentes\",\"item\":\"https:\/\/www.2twentyscooters.com\/pt\/perguntas-frequentes\/\"},{\"@type\":\"ListItem\",\"position\":3,\"name\":\"Quanto tempo demora a carregar a bateria?\"}]}]}<\/script>\n<!-- \/ Yoast SEO plugin. -->","yoast_head_json":{"title":"Quanto tempo demora a carregar a bateria?","robots":{"index":"index","follow":"follow","max-snippet":"max-snippet:-1","max-image-preview":"max-image-preview:large","max-video-preview":"max-video-preview:-1"},"canonical":"https:\/\/www.2twentyscooters.com\/pt\/perguntas-frequentes\/quanto-tempo-demora-a-carregar-a-bateria\/","og_locale":"pt_PT","og_type":"article","og_title":"Quanto tempo demora a carregar a bateria?","og_description":"O carregador de 72 volts fornecido na compra da sua scooter 2Twenty carrega 50% da bateria em 2 horas e 100% em 6 horas. Quando a bateria estiver 100% carregada, o carregador p\u00e1ra de carregar automaticamente e a luz LED indicadora muda de vermelho para verde. NUNCA use um carregador que n\u00e3o o fornecido na&hellip;&nbsp;Read More &raquo;Quanto tempo demora a carregar a bateria?","og_url":"https:\/\/www.2twentyscooters.com\/pt\/perguntas-frequentes\/quanto-tempo-demora-a-carregar-a-bateria\/","og_site_name":"2Twenty Scooter \u00e9lectrique","article_modified_time":"2020-05-25T10:37:49+00:00","og_image":[{"url":"https:\/\/www.2twentyscooters.com\/wp-content\/uploads\/2019\/07\/chargeur-2.jpg"}],"twitter_card":"summary","schema":{"@context":"https:\/\/schema.org","@graph":[{"@type":"Organization","@id":"https:\/\/www.2twentyscooters.com\/en\/#organization","name":"2twentyscooters","url":"https:\/\/www.2twentyscooters.com\/en\/","sameAs":[],"logo":{"@type":"ImageObject","@id":"https:\/\/www.2twentyscooters.com\/en\/#logo","inLanguage":"pt-AO","url":"https:\/\/www.2twentyscooters.com\/wp-content\/uploads\/2022\/03\/2twenty-scooters-logo.png","contentUrl":"https:\/\/www.2twentyscooters.com\/wp-content\/uploads\/2022\/03\/2twenty-scooters-logo.png","width":342,"height":55,"caption":"2twentyscooters"},"image":{"@id":"https:\/\/www.2twentyscooters.com\/en\/#logo"}},{"@type":"WebSite","@id":"https:\/\/www.2twentyscooters.com\/en\/#website","url":"https:\/\/www.2twentyscooters.com\/en\/","name":"2Twenty Scooter \u00e9lectrique","description":"","publisher":{"@id":"https:\/\/www.2twentyscooters.com\/en\/#organization"},"potentialAction":[{"@type":"SearchAction","target":{"@type":"EntryPoint","urlTemplate":"https:\/\/www.2twentyscooters.com\/en\/?s={search_term_string}"},"query-input":"required name=search_term_string"}],"inLanguage":"pt-AO"},{"@type":"ImageObject","@id":"https:\/\/www.2twentyscooters.com\/pt\/perguntas-frequentes\/quanto-tempo-demora-a-carregar-a-bateria\/#primaryimage","inLanguage":"pt-AO","url":"https:\/\/www.2twentyscooters.com\/wp-content\/uploads\/2019\/07\/chargeur-2.jpg","contentUrl":"https:\/\/www.2twentyscooters.com\/wp-content\/uploads\/2019\/07\/chargeur-2.jpg","width":800,"height":600},{"@type":"WebPage","@id":"https:\/\/www.2twentyscooters.com\/pt\/perguntas-frequentes\/quanto-tempo-demora-a-carregar-a-bateria\/#webpage","url":"https:\/\/www.2twentyscooters.com\/pt\/perguntas-frequentes\/quanto-tempo-demora-a-carregar-a-bateria\/","name":"Quanto tempo demora a carregar a bateria?","isPartOf":{"@id":"https:\/\/www.2twentyscooters.com\/en\/#website"},"primaryImageOfPage":{"@id":"https:\/\/www.2twentyscooters.com\/pt\/perguntas-frequentes\/quanto-tempo-demora-a-carregar-a-bateria\/#primaryimage"},"datePublished":"2020-05-22T15:19:20+00:00","dateModified":"2020-05-25T10:37:49+00:00","breadcrumb":{"@id":"https:\/\/www.2twentyscooters.com\/pt\/perguntas-frequentes\/quanto-tempo-demora-a-carregar-a-bateria\/#breadcrumb"},"inLanguage":"pt-AO","potentialAction":[{"@type":"ReadAction","target":["https:\/\/www.2twentyscooters.com\/pt\/perguntas-frequentes\/quanto-tempo-demora-a-carregar-a-bateria\/"]}]},{"@type":"BreadcrumbList","@id":"https:\/\/www.2twentyscooters.com\/pt\/perguntas-frequentes\/quanto-tempo-demora-a-carregar-a-bateria\/#breadcrumb","itemListElement":[{"@type":"ListItem","position":1,"name":"Home","item":"https:\/\/www.2twentyscooters.com\/pt\/homenew\/"},{"@type":"ListItem","position":2,"name":"Perguntas frequentes","item":"https:\/\/www.2twentyscooters.com\/pt\/perguntas-frequentes\/"},{"@type":"ListItem","position":3,"name":"Quanto tempo demora a carregar a bateria?"}]}]}},"_links":{"self":[{"href":"https:\/\/www.2twentyscooters.com\/pt\/wp-json\/wp\/v2\/pages\/25005"}],"collection":[{"href":"https:\/\/www.2twentyscooters.com\/pt\/wp-json\/wp\/v2\/pages"}],"about":[{"href":"https:\/\/www.2twentyscooters.com\/pt\/wp-json\/wp\/v2\/types\/page"}],"author":[{"embeddable":true,"href":"https:\/\/www.2twentyscooters.com\/pt\/wp-json\/wp\/v2\/users\/1"}],"replies":[{"embeddable":true,"href":"https:\/\/www.2twentyscooters.com\/pt\/wp-json\/wp\/v2\/comments?post=25005"}],"version-history":[{"count":0,"href":"https:\/\/www.2twentyscooters.com\/pt\/wp-json\/wp\/v2\/pages\/25005\/revisions"}],"up":[{"embeddable":true,"href":"https:\/\/www.2twentyscooters.com\/pt\/wp-json\/wp\/v2\/pages\/24988"}],"wp:attachment":[{"href":"https:\/\/www.2twentyscooters.com\/pt\/wp-json\/wp\/v2\/media?parent=25005"}],"curies":[{"name":"wp","href":"https:\/\/api.w.org\/{rel}","templated":true}]}}