{"id":24992,"date":"2020-05-22T16:32:37","date_gmt":"2020-05-22T14:32:37","guid":{"rendered":"https:\/\/www.2twentyscooters.com\/?page_id=24992"},"modified":"2020-05-25T12:58:23","modified_gmt":"2020-05-25T10:58:23","slug":"a-scooter-2twenty-esta-pronta-para-ser-utilizada-ao-tirar-da-caixa","status":"publish","type":"page","link":"https:\/\/www.2twentyscooters.com\/pt\/perguntas-frequentes\/a-scooter-2twenty-esta-pronta-para-ser-utilizada-ao-tirar-da-caixa\/","title":{"rendered":"A scooter 2Twenty est\u00e1 pronta para ser utilizada ao tirar da caixa?"},"content":{"rendered":"<p>Para os clientes que optam pela entrega ao domic\u00edlio, convidamos a ver o v\u00eddeo abaixo, que mostra a embalagem da scooter. Uma vez fora da caixa, basta ligar ON o interruptor que fica por debaixo do assento e a scooter est\u00e1 pronta a arrancar. Em seguida, encha os pneus numa esta\u00e7\u00e3o de servi\u00e7o (2,3 bar na frente e 2,5 bar na traseira). Para finalizar, para poder conduzir em estrada, resta fazer o seguro e pedir a matr\u00edcula.<\/p>\n<p>Outros v\u00eddeos e tutoriais da nossa p\u00e1gina do <a href=\"https:\/\/www.2twentyscooters.com\/pt\/tutoriais-de-instalacao-e-reparacoes\/\">Youtube<\/a><\/p>\n<div class=\"nv-iframe-embed\"><iframe title=\"D\u00e9ballage scooter 2Twenty\" width=\"1200\" height=\"675\" src=\"https:\/\/www.youtube.com\/embed\/hTUcov88Z8s?feature=oembed\" frameborder=\"0\" allow=\"accelerometer; autoplay; clipboard-write; encrypted-media; gyroscope; picture-in-picture\" allowfullscreen><\/iframe><\/div>\n<p>&nbsp;<\/p>\n<p>Palavras-chave: desembalagem, funcionamento, colocar a trabalhar, pronta a usar, utiliza\u00e7\u00e3o<\/p>\n","protected":false},"excerpt":{"rendered":"<p>Para os clientes que optam pela entrega ao domic\u00edlio, convidamos a ver o v\u00eddeo abaixo, que mostra a embalagem da scooter. Uma vez fora da caixa, basta ligar ON o interruptor que fica por debaixo do assento e a scooter est\u00e1 pronta a arrancar. Em seguida, encha os pneus numa esta\u00e7\u00e3o de servi\u00e7o (2,3 bar&hellip;&nbsp;<a href=\"https:\/\/www.2twentyscooters.com\/pt\/perguntas-frequentes\/a-scooter-2twenty-esta-pronta-para-ser-utilizada-ao-tirar-da-caixa\/\" class=\"\" rel=\"bookmark\">Read More &raquo;<span class=\"screen-reader-text\">A scooter 2Twenty est\u00e1 pronta para ser utilizada ao tirar da caixa?<\/span><\/a><\/p>\n","protected":false},"author":1,"featured_media":0,"parent":24988,"menu_order":0,"comment_status":"closed","ping_status":"closed","template":"","meta":[],"yoast_head":"<!-- This site is optimized with the Yoast SEO plugin v18.4.1 - https:\/\/yoast.com\/wordpress\/plugins\/seo\/ -->\n<title>A scooter 2Twenty est\u00e1 pronta para ser utilizada ao tirar da caixa?<\/title>\n<meta name=\"robots\" content=\"index, follow, max-snippet:-1, max-image-preview:large, max-video-preview:-1\" \/>\n<link rel=\"canonical\" href=\"https:\/\/www.2twentyscooters.com\/pt\/perguntas-frequentes\/a-scooter-2twenty-esta-pronta-para-ser-utilizada-ao-tirar-da-caixa\/\" \/>\n<meta property=\"og:locale\" content=\"pt_PT\" \/>\n<meta property=\"og:type\" content=\"article\" \/>\n<meta property=\"og:title\" content=\"A scooter 2Twenty est\u00e1 pronta para ser utilizada ao tirar da caixa?\" \/>\n<meta property=\"og:description\" content=\"Para os clientes que optam pela entrega ao domic\u00edlio, convidamos a ver o v\u00eddeo abaixo, que mostra a embalagem da scooter. Uma vez fora da caixa, basta ligar ON o interruptor que fica por debaixo do assento e a scooter est\u00e1 pronta a arrancar. Em seguida, encha os pneus numa esta\u00e7\u00e3o de servi\u00e7o (2,3 bar&hellip;&nbsp;Read More &raquo;A scooter 2Twenty est\u00e1 pronta para ser utilizada ao tirar da caixa?\" \/>\n<meta property=\"og:url\" content=\"https:\/\/www.2twentyscooters.com\/pt\/perguntas-frequentes\/a-scooter-2twenty-esta-pronta-para-ser-utilizada-ao-tirar-da-caixa\/\" \/>\n<meta property=\"og:site_name\" content=\"2Twenty Scooter \u00e9lectrique\" \/>\n<meta property=\"article:modified_time\" content=\"2020-05-25T10:58:23+00:00\" \/>\n<meta name=\"twitter:card\" content=\"summary\" \/>\n<meta name=\"twitter:label1\" content=\"Est. reading time\" \/>\n\t<meta name=\"twitter:data1\" content=\"1 minuto\" \/>\n<script type=\"application\/ld+json\" class=\"yoast-schema-graph\">{\"@context\":\"https:\/\/schema.org\",\"@graph\":[{\"@type\":\"Organization\",\"@id\":\"https:\/\/www.2twentyscooters.com\/en\/#organization\",\"name\":\"2twentyscooters\",\"url\":\"https:\/\/www.2twentyscooters.com\/en\/\",\"sameAs\":[],\"logo\":{\"@type\":\"ImageObject\",\"@id\":\"https:\/\/www.2twentyscooters.com\/en\/#logo\",\"inLanguage\":\"pt-AO\",\"url\":\"https:\/\/www.2twentyscooters.com\/wp-content\/uploads\/2022\/03\/2twenty-scooters-logo.png\",\"contentUrl\":\"https:\/\/www.2twentyscooters.com\/wp-content\/uploads\/2022\/03\/2twenty-scooters-logo.png\",\"width\":342,\"height\":55,\"caption\":\"2twentyscooters\"},\"image\":{\"@id\":\"https:\/\/www.2twentyscooters.com\/en\/#logo\"}},{\"@type\":\"WebSite\",\"@id\":\"https:\/\/www.2twentyscooters.com\/en\/#website\",\"url\":\"https:\/\/www.2twentyscooters.com\/en\/\",\"name\":\"2Twenty Scooter \u00e9lectrique\",\"description\":\"\",\"publisher\":{\"@id\":\"https:\/\/www.2twentyscooters.com\/en\/#organization\"},\"potentialAction\":[{\"@type\":\"SearchAction\",\"target\":{\"@type\":\"EntryPoint\",\"urlTemplate\":\"https:\/\/www.2twentyscooters.com\/en\/?s={search_term_string}\"},\"query-input\":\"required name=search_term_string\"}],\"inLanguage\":\"pt-AO\"},{\"@type\":\"WebPage\",\"@id\":\"https:\/\/www.2twentyscooters.com\/pt\/perguntas-frequentes\/a-scooter-2twenty-esta-pronta-para-ser-utilizada-ao-tirar-da-caixa\/#webpage\",\"url\":\"https:\/\/www.2twentyscooters.com\/pt\/perguntas-frequentes\/a-scooter-2twenty-esta-pronta-para-ser-utilizada-ao-tirar-da-caixa\/\",\"name\":\"A scooter 2Twenty est\u00e1 pronta para ser utilizada ao tirar da caixa?\",\"isPartOf\":{\"@id\":\"https:\/\/www.2twentyscooters.com\/en\/#website\"},\"datePublished\":\"2020-05-22T14:32:37+00:00\",\"dateModified\":\"2020-05-25T10:58:23+00:00\",\"breadcrumb\":{\"@id\":\"https:\/\/www.2twentyscooters.com\/pt\/perguntas-frequentes\/a-scooter-2twenty-esta-pronta-para-ser-utilizada-ao-tirar-da-caixa\/#breadcrumb\"},\"inLanguage\":\"pt-AO\",\"potentialAction\":[{\"@type\":\"ReadAction\",\"target\":[\"https:\/\/www.2twentyscooters.com\/pt\/perguntas-frequentes\/a-scooter-2twenty-esta-pronta-para-ser-utilizada-ao-tirar-da-caixa\/\"]}]},{\"@type\":\"BreadcrumbList\",\"@id\":\"https:\/\/www.2twentyscooters.com\/pt\/perguntas-frequentes\/a-scooter-2twenty-esta-pronta-para-ser-utilizada-ao-tirar-da-caixa\/#breadcrumb\",\"itemListElement\":[{\"@type\":\"ListItem\",\"position\":1,\"name\":\"Home\",\"item\":\"https:\/\/www.2twentyscooters.com\/pt\/homenew\/\"},{\"@type\":\"ListItem\",\"position\":2,\"name\":\"Perguntas frequentes\",\"item\":\"https:\/\/www.2twentyscooters.com\/pt\/perguntas-frequentes\/\"},{\"@type\":\"ListItem\",\"position\":3,\"name\":\"A scooter 2Twenty est\u00e1 pronta para ser utilizada ao tirar da caixa?\"}]}]}<\/script>\n<!-- \/ Yoast SEO plugin. -->","yoast_head_json":{"title":"A scooter 2Twenty est\u00e1 pronta para ser utilizada ao tirar da caixa?","robots":{"index":"index","follow":"follow","max-snippet":"max-snippet:-1","max-image-preview":"max-image-preview:large","max-video-preview":"max-video-preview:-1"},"canonical":"https:\/\/www.2twentyscooters.com\/pt\/perguntas-frequentes\/a-scooter-2twenty-esta-pronta-para-ser-utilizada-ao-tirar-da-caixa\/","og_locale":"pt_PT","og_type":"article","og_title":"A scooter 2Twenty est\u00e1 pronta para ser utilizada ao tirar da caixa?","og_description":"Para os clientes que optam pela entrega ao domic\u00edlio, convidamos a ver o v\u00eddeo abaixo, que mostra a embalagem da scooter. Uma vez fora da caixa, basta ligar ON o interruptor que fica por debaixo do assento e a scooter est\u00e1 pronta a arrancar. Em seguida, encha os pneus numa esta\u00e7\u00e3o de servi\u00e7o (2,3 bar&hellip;&nbsp;Read More &raquo;A scooter 2Twenty est\u00e1 pronta para ser utilizada ao tirar da caixa?","og_url":"https:\/\/www.2twentyscooters.com\/pt\/perguntas-frequentes\/a-scooter-2twenty-esta-pronta-para-ser-utilizada-ao-tirar-da-caixa\/","og_site_name":"2Twenty Scooter \u00e9lectrique","article_modified_time":"2020-05-25T10:58:23+00:00","twitter_card":"summary","twitter_misc":{"Est. reading time":"1 minuto"},"schema":{"@context":"https:\/\/schema.org","@graph":[{"@type":"Organization","@id":"https:\/\/www.2twentyscooters.com\/en\/#organization","name":"2twentyscooters","url":"https:\/\/www.2twentyscooters.com\/en\/","sameAs":[],"logo":{"@type":"ImageObject","@id":"https:\/\/www.2twentyscooters.com\/en\/#logo","inLanguage":"pt-AO","url":"https:\/\/www.2twentyscooters.com\/wp-content\/uploads\/2022\/03\/2twenty-scooters-logo.png","contentUrl":"https:\/\/www.2twentyscooters.com\/wp-content\/uploads\/2022\/03\/2twenty-scooters-logo.png","width":342,"height":55,"caption":"2twentyscooters"},"image":{"@id":"https:\/\/www.2twentyscooters.com\/en\/#logo"}},{"@type":"WebSite","@id":"https:\/\/www.2twentyscooters.com\/en\/#website","url":"https:\/\/www.2twentyscooters.com\/en\/","name":"2Twenty Scooter \u00e9lectrique","description":"","publisher":{"@id":"https:\/\/www.2twentyscooters.com\/en\/#organization"},"potentialAction":[{"@type":"SearchAction","target":{"@type":"EntryPoint","urlTemplate":"https:\/\/www.2twentyscooters.com\/en\/?s={search_term_string}"},"query-input":"required name=search_term_string"}],"inLanguage":"pt-AO"},{"@type":"WebPage","@id":"https:\/\/www.2twentyscooters.com\/pt\/perguntas-frequentes\/a-scooter-2twenty-esta-pronta-para-ser-utilizada-ao-tirar-da-caixa\/#webpage","url":"https:\/\/www.2twentyscooters.com\/pt\/perguntas-frequentes\/a-scooter-2twenty-esta-pronta-para-ser-utilizada-ao-tirar-da-caixa\/","name":"A scooter 2Twenty est\u00e1 pronta para ser utilizada ao tirar da caixa?","isPartOf":{"@id":"https:\/\/www.2twentyscooters.com\/en\/#website"},"datePublished":"2020-05-22T14:32:37+00:00","dateModified":"2020-05-25T10:58:23+00:00","breadcrumb":{"@id":"https:\/\/www.2twentyscooters.com\/pt\/perguntas-frequentes\/a-scooter-2twenty-esta-pronta-para-ser-utilizada-ao-tirar-da-caixa\/#breadcrumb"},"inLanguage":"pt-AO","potentialAction":[{"@type":"ReadAction","target":["https:\/\/www.2twentyscooters.com\/pt\/perguntas-frequentes\/a-scooter-2twenty-esta-pronta-para-ser-utilizada-ao-tirar-da-caixa\/"]}]},{"@type":"BreadcrumbList","@id":"https:\/\/www.2twentyscooters.com\/pt\/perguntas-frequentes\/a-scooter-2twenty-esta-pronta-para-ser-utilizada-ao-tirar-da-caixa\/#breadcrumb","itemListElement":[{"@type":"ListItem","position":1,"name":"Home","item":"https:\/\/www.2twentyscooters.com\/pt\/homenew\/"},{"@type":"ListItem","position":2,"name":"Perguntas frequentes","item":"https:\/\/www.2twentyscooters.com\/pt\/perguntas-frequentes\/"},{"@type":"ListItem","position":3,"name":"A scooter 2Twenty est\u00e1 pronta para ser utilizada ao tirar da caixa?"}]}]}},"_links":{"self":[{"href":"https:\/\/www.2twentyscooters.com\/pt\/wp-json\/wp\/v2\/pages\/24992"}],"collection":[{"href":"https:\/\/www.2twentyscooters.com\/pt\/wp-json\/wp\/v2\/pages"}],"about":[{"href":"https:\/\/www.2twentyscooters.com\/pt\/wp-json\/wp\/v2\/types\/page"}],"author":[{"embeddable":true,"href":"https:\/\/www.2twentyscooters.com\/pt\/wp-json\/wp\/v2\/users\/1"}],"replies":[{"embeddable":true,"href":"https:\/\/www.2twentyscooters.com\/pt\/wp-json\/wp\/v2\/comments?post=24992"}],"version-history":[{"count":0,"href":"https:\/\/www.2twentyscooters.com\/pt\/wp-json\/wp\/v2\/pages\/24992\/revisions"}],"up":[{"embeddable":true,"href":"https:\/\/www.2twentyscooters.com\/pt\/wp-json\/wp\/v2\/pages\/24988"}],"wp:attachment":[{"href":"https:\/\/www.2twentyscooters.com\/pt\/wp-json\/wp\/v2\/media?parent=24992"}],"curies":[{"name":"wp","href":"https:\/\/api.w.org\/{rel}","templated":true}]}}