{"id":24988,"date":"2020-05-22T16:22:20","date_gmt":"2020-05-22T14:22:20","guid":{"rendered":"https:\/\/www.2twentyscooters.com\/perguntas-frequentes\/"},"modified":"2020-12-18T09:35:46","modified_gmt":"2020-12-18T08:35:46","slug":"perguntas-frequentes","status":"publish","type":"page","link":"https:\/\/www.2twentyscooters.com\/pt\/perguntas-frequentes\/","title":{"rendered":"Perguntas frequentes"},"content":{"rendered":"\t\t<div data-elementor-type=\"wp-page\" data-elementor-id=\"24988\" class=\"elementor elementor-24988 elementor-23474\" data-elementor-settings=\"[]\">\n\t\t\t\t\t\t<div class=\"elementor-inner\">\n\t\t\t\t\t\t\t<div class=\"elementor-section-wrap\">\n\t\t\t\t\t\t\t<section class=\"elementor-section elementor-top-section elementor-element elementor-element-7db22764 elementor-section-boxed elementor-section-height-default elementor-section-height-default\" data-id=\"7db22764\" data-element_type=\"section\">\n\t\t\t\t\t\t<div class=\"elementor-container elementor-column-gap-default\">\n\t\t\t\t\t\t\t<div class=\"elementor-row\">\n\t\t\t\t\t<div class=\"elementor-column elementor-col-100 elementor-top-column elementor-element elementor-element-24abd23d\" data-id=\"24abd23d\" data-element_type=\"column\">\n\t\t\t<div class=\"elementor-column-wrap elementor-element-populated\">\n\t\t\t\t\t\t\t<div class=\"elementor-widget-wrap\">\n\t\t\t\t\t\t<div class=\"elementor-element elementor-element-9301fd2 elementor-widget elementor-widget-heading\" data-id=\"9301fd2\" data-element_type=\"widget\" data-widget_type=\"heading.default\">\n\t\t\t\t<div class=\"elementor-widget-container\">\n\t\t\t<h1 class=\"elementor-heading-title elementor-size-default\">Perguntas frequentes<\/h1>\t\t<\/div>\n\t\t\t\t<\/div>\n\t\t\t\t<div class=\"elementor-element elementor-element-3039054 elementor-widget elementor-widget-shortcode\" data-id=\"3039054\" data-element_type=\"widget\" data-widget_type=\"shortcode.default\">\n\t\t\t\t<div class=\"elementor-widget-container\">\n\t\t\t\t\t<div class=\"elementor-shortcode\"><form data-min-no-for-search=1 data-result-box-max-height=400 data-form-id=29278 class=\"is-search-form is-form-style is-form-style-3 is-form-id-29278 is-ajax-search\" action=\"https:\/\/www.2twentyscooters.com\/pt\/\" method=\"get\" role=\"search\" ><label for=\"is-search-input-29278\"><span class=\"is-screen-reader-text\">Search for:<\/span><input  type=\"search\" id=\"is-search-input-29278\" name=\"s\" value=\"\" class=\"is-search-input\" placeholder=\"Search here...\" autocomplete=off \/><span class=\"is-loader-image\" style=\"display: none;background-image:url(https:\/\/www.2twentyscooters.com\/wp-content\/plugins\/add-search-to-menu\/public\/images\/spinner.gif);\" ><\/span><\/label><button type=\"submit\" class=\"is-search-submit\"><span class=\"is-screen-reader-text\">Search Button<\/span><span class=\"is-search-icon\"><svg focusable=\"false\" aria-label=\"Search\" xmlns=\"http:\/\/www.w3.org\/2000\/svg\" viewBox=\"0 0 24 24\" width=\"24px\"><path d=\"M15.5 14h-.79l-.28-.27C15.41 12.59 16 11.11 16 9.5 16 5.91 13.09 3 9.5 3S3 5.91 3 9.5 5.91 16 9.5 16c1.61 0 3.09-.59 4.23-1.57l.27.28v.79l5 4.99L20.49 19l-4.99-5zm-6 0C7.01 14 5 11.99 5 9.5S7.01 5 9.5 5 14 7.01 14 9.5 11.99 14 9.5 14z\"><\/path><\/svg><\/span><\/button><input type=\"hidden\" name=\"id\" value=\"29278\" \/><input type=\"hidden\" name=\"post_type\" value=\"page\" \/><\/form><\/div>\n\t\t\t\t<\/div>\n\t\t\t\t<\/div>\n\t\t\t\t<div class=\"elementor-element elementor-element-2ef7d03e elementor-widget elementor-widget-text-editor\" data-id=\"2ef7d03e\" data-element_type=\"widget\" data-widget_type=\"text-editor.default\">\n\t\t\t\t<div class=\"elementor-widget-container\">\n\t\t\t\t\t\t\t\t<div class=\"elementor-text-editor elementor-clearfix\">\n\t\t\t\t<ul>\n \t<li><a href=\"\/pt\/perguntas-frequentes\/a-scooter-2twenty-esta-pronta-para-ser-utilizada-ao-tirar-da-caixa\/\" aria-current=\"page\">A scooter 2Twenty est\u00e1 pronta para ser utilizada ao tirar da caixa?<\/a><\/li>\n \t<li><a href=\"\/pt\/perguntas-frequentes\/quanto-tempo-demora-a-carregar-a-bateria\/\">Quanto tempo demora a carregar a bateria?<\/a><\/li>\n \t<li><a href=\"\/pt\/perguntas-frequentes\/como-carrego-a-bateria-da-minha-2twenty\/\">Como carrego a bateria da minha 2Twenty?<\/a><\/li>\n \t<li><a href=\"\/pt\/perguntas-frequentes\/qual-e-a-vida-util-de-uma-bateria\/\">Qual \u00e9 a vida \u00fatil de uma bateria?<\/a><\/li>\n \t<li><a href=\"\/pt\/perguntas-frequentes\/qual-a-licenca-necessaria-para-conduzir-a-scooter-2twenty-roma\/\">Qual a licen\u00e7a necess\u00e1ria para conduzir a scooter 2Twenty Roma?<\/a><\/li>\n \t<li><a href=\"\/pt\/perguntas-frequentes\/preciso-de-seguro\/\">Preciso de seguro?<\/a><\/li>\n \t<li><a href=\"\/pt\/perguntas-frequentes\/qual-a-manutencao-e-revisao-previstas-para-a-minha-2twenty\/\">Qual a manuten\u00e7\u00e3o e revis\u00e3o previstas para a minha 2Twenty?<\/a><\/li>\n \t<li><a href=\"\/pt\/perguntas-frequentes\/posso-levar-um-passageiro-na-scooter-2twenty\/\">Posso levar um passageiro na scooter 2Twenty?<\/a><\/li>\n \t<li><a href=\"\/pt\/perguntas-frequentes\/posso-fazer-subidas-acentuadas-com-duas-pessoas-numa-scooter-2twenty\/\">Posso fazer subidas acentuadas com duas pessoas numa scooter 2Twenty?<\/a><\/li>\n \t<li><a href=\"\/pt\/perguntas-frequentes\/quanto-pesa-a-minha-scooter-2twenty\/\">Quanto pesa a minha scooter 2Twenty?<\/a><\/li>\n \t<li><a href=\"\/pt\/perguntas-frequentes\/qual-a-autonomia-da-minha-scooter-2twenty\/\">Qual a autonomia da minha scooter 2Twenty?<\/a><\/li>\n \t<li><a href=\"\/pt\/perguntas-frequentes\/como-obter-pecas-de-substituicao\/\">Como obter pe\u00e7as de substitui\u00e7\u00e3o?<\/a><\/li>\n \t<li><a href=\"\/pt\/perguntas-frequentes\/como-posso-reparar-a-minha-scooter-se-nao-moro-perto-de-um-revendedor-2twenty\/\">Como posso reparar a minha scooter se n\u00e3o moro perto de um revendedor 2Twenty?<\/a><\/li>\n \t<li><a href=\"\/pt\/perguntas-frequentes\/onde-e-fabricada-a-scooter-2twenty\/\">Onde \u00e9 fabricada a scooter 2Twenty?<\/a><\/li>\n \t<li><a href=\"\/pt\/perguntas-frequentes\/revendedor-mais-proximo\/\">Revendedor mais pr\u00f3ximo<\/a><\/li>\n \t<li><a href=\"\/pt\/perguntas-frequentes\/existe-alguma-scooter-equivalente-as-125cc\/\">Existe alguma scooter equivalente \u00e0s 125cc?<\/a><\/li>\n \t<li><a href=\"\/pt\/perguntas-frequentes\/quais-sao-os-materiais-que-compoem-a-carrocaria\/\">Quais s\u00e3o os materiais que comp\u00f5em a carro\u00e7aria?<\/a><\/li>\n \t<li><a href=\"\/pt\/perguntas-frequentes\/em-que-paises-pode-circular-a-scooter-2twenty\/\">Em que pa\u00edses pode circular a scooter 2Twenty?<\/a><\/li>\n<\/ul>\t\t\t\t\t<\/div>\n\t\t\t\t\t\t<\/div>\n\t\t\t\t<\/div>\n\t\t\t\t\t\t<\/div>\n\t\t\t\t\t<\/div>\n\t\t<\/div>\n\t\t\t\t\t\t\t\t<\/div>\n\t\t\t\t\t<\/div>\n\t\t<\/section>\n\t\t\t\t\t\t<\/div>\n\t\t\t\t\t\t<\/div>\n\t\t\t\t\t<\/div>\n\t\t","protected":false},"excerpt":{"rendered":"<p>A scooter 2Twenty est\u00e1 pronta para ser utilizada ao tirar da caixa? Quanto tempo demora a carregar a bateria? Como carrego a bateria da minha 2Twenty? Qual \u00e9 a vida \u00fatil de uma bateria? Qual a licen\u00e7a necess\u00e1ria para conduzir a scooter 2Twenty Roma? Preciso de seguro? Qual a manuten\u00e7\u00e3o e revis\u00e3o previstas para a&hellip;&nbsp;<a href=\"https:\/\/www.2twentyscooters.com\/pt\/perguntas-frequentes\/\" class=\"\" rel=\"bookmark\">Read More &raquo;<span class=\"screen-reader-text\">Perguntas frequentes<\/span><\/a><\/p>\n","protected":false},"author":1,"featured_media":0,"parent":0,"menu_order":0,"comment_status":"closed","ping_status":"closed","template":"elementor_header_footer","meta":[],"yoast_head":"<!-- This site is optimized with the Yoast SEO plugin v18.4.1 - https:\/\/yoast.com\/wordpress\/plugins\/seo\/ -->\n<title>Perguntas frequentes<\/title>\n<meta name=\"robots\" content=\"index, follow, max-snippet:-1, max-image-preview:large, max-video-preview:-1\" \/>\n<link rel=\"canonical\" href=\"https:\/\/www.2twentyscooters.com\/pt\/perguntas-frequentes\/\" \/>\n<meta property=\"og:locale\" content=\"pt_PT\" \/>\n<meta property=\"og:type\" content=\"article\" \/>\n<meta property=\"og:title\" content=\"Perguntas frequentes\" \/>\n<meta property=\"og:description\" content=\"A scooter 2Twenty est\u00e1 pronta para ser utilizada ao tirar da caixa? Quanto tempo demora a carregar a bateria? Como carrego a bateria da minha 2Twenty? Qual \u00e9 a vida \u00fatil de uma bateria? Qual a licen\u00e7a necess\u00e1ria para conduzir a scooter 2Twenty Roma? Preciso de seguro? Qual a manuten\u00e7\u00e3o e revis\u00e3o previstas para a&hellip;&nbsp;Read More &raquo;Perguntas frequentes\" \/>\n<meta property=\"og:url\" content=\"https:\/\/www.2twentyscooters.com\/pt\/perguntas-frequentes\/\" \/>\n<meta property=\"og:site_name\" content=\"2Twenty Scooter \u00e9lectrique\" \/>\n<meta property=\"article:modified_time\" content=\"2020-12-18T08:35:46+00:00\" \/>\n<meta name=\"twitter:card\" content=\"summary\" \/>\n<meta name=\"twitter:label1\" content=\"Est. reading time\" \/>\n\t<meta name=\"twitter:data1\" content=\"1 minuto\" \/>\n<script type=\"application\/ld+json\" class=\"yoast-schema-graph\">{\"@context\":\"https:\/\/schema.org\",\"@graph\":[{\"@type\":\"Organization\",\"@id\":\"https:\/\/www.2twentyscooters.com\/en\/#organization\",\"name\":\"2twentyscooters\",\"url\":\"https:\/\/www.2twentyscooters.com\/en\/\",\"sameAs\":[],\"logo\":{\"@type\":\"ImageObject\",\"@id\":\"https:\/\/www.2twentyscooters.com\/en\/#logo\",\"inLanguage\":\"pt-AO\",\"url\":\"https:\/\/www.2twentyscooters.com\/wp-content\/uploads\/2022\/03\/2twenty-scooters-logo.png\",\"contentUrl\":\"https:\/\/www.2twentyscooters.com\/wp-content\/uploads\/2022\/03\/2twenty-scooters-logo.png\",\"width\":342,\"height\":55,\"caption\":\"2twentyscooters\"},\"image\":{\"@id\":\"https:\/\/www.2twentyscooters.com\/en\/#logo\"}},{\"@type\":\"WebSite\",\"@id\":\"https:\/\/www.2twentyscooters.com\/en\/#website\",\"url\":\"https:\/\/www.2twentyscooters.com\/en\/\",\"name\":\"2Twenty Scooter \u00e9lectrique\",\"description\":\"\",\"publisher\":{\"@id\":\"https:\/\/www.2twentyscooters.com\/en\/#organization\"},\"potentialAction\":[{\"@type\":\"SearchAction\",\"target\":{\"@type\":\"EntryPoint\",\"urlTemplate\":\"https:\/\/www.2twentyscooters.com\/en\/?s={search_term_string}\"},\"query-input\":\"required name=search_term_string\"}],\"inLanguage\":\"pt-AO\"},{\"@type\":\"WebPage\",\"@id\":\"https:\/\/www.2twentyscooters.com\/pt\/perguntas-frequentes\/#webpage\",\"url\":\"https:\/\/www.2twentyscooters.com\/pt\/perguntas-frequentes\/\",\"name\":\"Perguntas frequentes\",\"isPartOf\":{\"@id\":\"https:\/\/www.2twentyscooters.com\/en\/#website\"},\"datePublished\":\"2020-05-22T14:22:20+00:00\",\"dateModified\":\"2020-12-18T08:35:46+00:00\",\"breadcrumb\":{\"@id\":\"https:\/\/www.2twentyscooters.com\/pt\/perguntas-frequentes\/#breadcrumb\"},\"inLanguage\":\"pt-AO\",\"potentialAction\":[{\"@type\":\"ReadAction\",\"target\":[\"https:\/\/www.2twentyscooters.com\/pt\/perguntas-frequentes\/\"]}]},{\"@type\":\"BreadcrumbList\",\"@id\":\"https:\/\/www.2twentyscooters.com\/pt\/perguntas-frequentes\/#breadcrumb\",\"itemListElement\":[{\"@type\":\"ListItem\",\"position\":1,\"name\":\"Home\",\"item\":\"https:\/\/www.2twentyscooters.com\/pt\/homenew\/\"},{\"@type\":\"ListItem\",\"position\":2,\"name\":\"Perguntas frequentes\"}]}]}<\/script>\n<!-- \/ Yoast SEO plugin. -->","yoast_head_json":{"title":"Perguntas frequentes","robots":{"index":"index","follow":"follow","max-snippet":"max-snippet:-1","max-image-preview":"max-image-preview:large","max-video-preview":"max-video-preview:-1"},"canonical":"https:\/\/www.2twentyscooters.com\/pt\/perguntas-frequentes\/","og_locale":"pt_PT","og_type":"article","og_title":"Perguntas frequentes","og_description":"A scooter 2Twenty est\u00e1 pronta para ser utilizada ao tirar da caixa? Quanto tempo demora a carregar a bateria? Como carrego a bateria da minha 2Twenty? Qual \u00e9 a vida \u00fatil de uma bateria? Qual a licen\u00e7a necess\u00e1ria para conduzir a scooter 2Twenty Roma? Preciso de seguro? Qual a manuten\u00e7\u00e3o e revis\u00e3o previstas para a&hellip;&nbsp;Read More &raquo;Perguntas frequentes","og_url":"https:\/\/www.2twentyscooters.com\/pt\/perguntas-frequentes\/","og_site_name":"2Twenty Scooter \u00e9lectrique","article_modified_time":"2020-12-18T08:35:46+00:00","twitter_card":"summary","twitter_misc":{"Est. reading time":"1 minuto"},"schema":{"@context":"https:\/\/schema.org","@graph":[{"@type":"Organization","@id":"https:\/\/www.2twentyscooters.com\/en\/#organization","name":"2twentyscooters","url":"https:\/\/www.2twentyscooters.com\/en\/","sameAs":[],"logo":{"@type":"ImageObject","@id":"https:\/\/www.2twentyscooters.com\/en\/#logo","inLanguage":"pt-AO","url":"https:\/\/www.2twentyscooters.com\/wp-content\/uploads\/2022\/03\/2twenty-scooters-logo.png","contentUrl":"https:\/\/www.2twentyscooters.com\/wp-content\/uploads\/2022\/03\/2twenty-scooters-logo.png","width":342,"height":55,"caption":"2twentyscooters"},"image":{"@id":"https:\/\/www.2twentyscooters.com\/en\/#logo"}},{"@type":"WebSite","@id":"https:\/\/www.2twentyscooters.com\/en\/#website","url":"https:\/\/www.2twentyscooters.com\/en\/","name":"2Twenty Scooter \u00e9lectrique","description":"","publisher":{"@id":"https:\/\/www.2twentyscooters.com\/en\/#organization"},"potentialAction":[{"@type":"SearchAction","target":{"@type":"EntryPoint","urlTemplate":"https:\/\/www.2twentyscooters.com\/en\/?s={search_term_string}"},"query-input":"required name=search_term_string"}],"inLanguage":"pt-AO"},{"@type":"WebPage","@id":"https:\/\/www.2twentyscooters.com\/pt\/perguntas-frequentes\/#webpage","url":"https:\/\/www.2twentyscooters.com\/pt\/perguntas-frequentes\/","name":"Perguntas frequentes","isPartOf":{"@id":"https:\/\/www.2twentyscooters.com\/en\/#website"},"datePublished":"2020-05-22T14:22:20+00:00","dateModified":"2020-12-18T08:35:46+00:00","breadcrumb":{"@id":"https:\/\/www.2twentyscooters.com\/pt\/perguntas-frequentes\/#breadcrumb"},"inLanguage":"pt-AO","potentialAction":[{"@type":"ReadAction","target":["https:\/\/www.2twentyscooters.com\/pt\/perguntas-frequentes\/"]}]},{"@type":"BreadcrumbList","@id":"https:\/\/www.2twentyscooters.com\/pt\/perguntas-frequentes\/#breadcrumb","itemListElement":[{"@type":"ListItem","position":1,"name":"Home","item":"https:\/\/www.2twentyscooters.com\/pt\/homenew\/"},{"@type":"ListItem","position":2,"name":"Perguntas frequentes"}]}]}},"_links":{"self":[{"href":"https:\/\/www.2twentyscooters.com\/pt\/wp-json\/wp\/v2\/pages\/24988"}],"collection":[{"href":"https:\/\/www.2twentyscooters.com\/pt\/wp-json\/wp\/v2\/pages"}],"about":[{"href":"https:\/\/www.2twentyscooters.com\/pt\/wp-json\/wp\/v2\/types\/page"}],"author":[{"embeddable":true,"href":"https:\/\/www.2twentyscooters.com\/pt\/wp-json\/wp\/v2\/users\/1"}],"replies":[{"embeddable":true,"href":"https:\/\/www.2twentyscooters.com\/pt\/wp-json\/wp\/v2\/comments?post=24988"}],"version-history":[{"count":0,"href":"https:\/\/www.2twentyscooters.com\/pt\/wp-json\/wp\/v2\/pages\/24988\/revisions"}],"wp:attachment":[{"href":"https:\/\/www.2twentyscooters.com\/pt\/wp-json\/wp\/v2\/media?parent=24988"}],"curies":[{"name":"wp","href":"https:\/\/api.w.org\/{rel}","templated":true}]}}