{"id":21938,"date":"2019-11-01T14:49:19","date_gmt":"2019-11-01T13:49:19","guid":{"rendered":"https:\/\/www.2twentyscooters.com\/condicoes-general-de-venda\/"},"modified":"2020-11-11T23:56:01","modified_gmt":"2020-11-11T22:56:01","slug":"condicoes-general-de-venda","status":"publish","type":"page","link":"https:\/\/www.2twentyscooters.com\/pt\/condicoes-general-de-venda\/","title":{"rendered":"Condi\u00e7\u00f5es general de venda"},"content":{"rendered":"<p><strong>Pre\u00e2mbulo<\/strong> <strong>2 TWENTY\u00a0<\/strong>\u00e9 uma marca que pertence \u00e0 sociedade <strong>E-MOBILITY SERVICE.<\/strong> O site \u00e9 a propriedade da sociedade E-MOBILITY na sua totalidade, assim como o conjunto de direitos dele decorrentes. Qualquer reprodu\u00e7\u00e3o, integral ou parcial, \u00e9 sistematicamente sujeita \u00e0 autoriza\u00e7\u00e3o dos propriet\u00e1rios. Contudo, as hiperliga\u00e7\u00f5es para o site s\u00e3o autorizadas sem solicita\u00e7\u00e3o espec\u00edfica.<\/p>\n<ol>\n<li><strong>Aceita\u00e7\u00e3o dos termos e condi\u00e7\u00f5es<\/strong><\/li>\n<\/ol>\n<p>O cliente reconhece ter tomado conhecimento, no momento da encomenda, dos termos e condi\u00e7\u00f5es particulares de venda enunciados neste ecr\u00e3 e declara expressamente aceitar os mesmos sem reservas. As presentes condi\u00e7\u00f5es gerais de venda regem as rela\u00e7\u00f5es contratuais entre a sociedade E-MOBILITY SERVICE e o seu cliente, as mesmas sendo aceites por ambas as partes sem reservas. Essas condi\u00e7\u00f5es gerais de venda prevalecer\u00e3o sobre qualquer outra condi\u00e7\u00e3o constante em qualquer outro documento, salvo derroga\u00e7\u00e3o pr\u00e9via, expressa e escrita.<\/p>\n<ol start=\"2\">\n<li><strong>Encomenda<\/strong><\/li>\n<\/ol>\n<p>Os sistemas de registo autom\u00e1tico s\u00e3o considerados como prova da natureza, do conte\u00fado e da data da encomenda. A E-MOBILITY SERVICE confirma a aceita\u00e7\u00e3o da encomenda ao cliente para o correio eletr\u00f3nico que esse ter\u00e1 comunicado. A venda s\u00f3 estar\u00e1 conclu\u00edda a partir da confirma\u00e7\u00e3o da encomenda. A E-MOBILITY SERVICE reserva-se o direito de cancelar qualquer encomenda de um cliente com o qual possa existir um lit\u00edgio relativo ao pagamento de uma encomenda anterior. As informa\u00e7\u00f5es enunciadas pelo comprador, durante a encomenda, vinculam o mesmo: em caso de erro na reda\u00e7\u00e3o das coordenadas do destinat\u00e1rio, o vendedor n\u00e3o ser\u00e1 responsabilizado pela impossibilidade na qual se possa encontrar, de entregar o produto.<\/p>\n<ol start=\"3\">\n<li><strong>Entrega<\/strong><\/li>\n<\/ol>\n<p>Ap\u00f3s confirma\u00e7\u00e3o da encomenda, a E-MOBILITY SERVICE compromete-se a entregar \u00e0 sua transportadora todas as refer\u00eancias encomendadas pelo comprador, dentro do prazo indicado na ficha do artigo na sec\u00e7\u00e3o \u201cPrazo de entrega\u201d. A transportadora compromete-se, por sua vez, por contrato com a E-MOBILITY SERVICE, a entregar a encomenda na morada do comprador fornecida pela E-MOBILITY SERVICE. Eventuais atrasos n\u00e3o conferem ao comprador o direito de exigir uma indemniza\u00e7\u00e3o por danos. Mas em caso de prazo de entrega demasiado tardio, o cliente pode, a qualquer momento, cancelar a sua encomenda e solicitar um reembolso \u00e0 E-MOBILITY SERVICE. Em caso de defeito aparente, o comprador beneficia do direito de devolu\u00e7\u00e3o nos termos das condi\u00e7\u00f5es previstas neste documento (artigo Retra\u00e7\u00e3o).<\/p>\n<ol start=\"4\">\n<li><strong>Retra\u00e7\u00e3o e pol\u00edtica de devolu\u00e7\u00e3o<\/strong><\/li>\n<\/ol>\n<p>O cliente tem 15 dias (a partir da rece\u00e7\u00e3o do artigo) para formar uma opini\u00e3o e, em caso de insatisfa\u00e7\u00e3o, devolver a mercadoria. Para conseguir uma troca ou um reembolso, dever\u00e1 reenviar o(s) artigo(s) novo(s) e n\u00e3o matriculados na(s) sua(s) embalagem(embalagens) de origem, intacto(s), acompanhado(s) de todos os eventuais acess\u00f3rios, manuais de uso e documenta\u00e7\u00f5es para a seguinte morada: <strong>E-MOBILITY SERVICE<\/strong> 14 av Andr\u00e9 Morizet 92100 Boulogne Billancourt Fran\u00e7a Em caso de exerc\u00edcio do direito de retra\u00e7\u00e3o antes do registo de matr\u00edcula do ve\u00edculo, a E-MOBILITY SERVICE ter\u00e1 de reembolsar os montantes pagos pelo cliente. O reembolso \u00e9 devido dentro de um prazo m\u00e1ximo de 15 dias. Em caso de registo de matr\u00edcula efetuado (que n\u00e3o pode ser cancelado pela prefeitura), a devolu\u00e7\u00e3o \u00e9 poss\u00edvel, mas os custos de devolu\u00e7\u00e3o ficam a cargo do cliente e o reembolso n\u00e3o incluir\u00e1 os custos de registo nem o ou os subs\u00eddios que s\u00f3 poder\u00e3o ser recebidos pelo comprador inicial. Ademais, a propriedade do ve\u00edculo registado dever\u00e1 ser transferida para a sociedade E-mobility service para receber o reembolso. Por exemplo, em 2019, o pr\u00e9mio ecol\u00f3gico atribu\u00eddo pelo governo s\u00f3 pode ser recebido para uma scooter nova, ap\u00f3s o primeiro registo de matr\u00edcula. Um cliente que ter\u00e1 comprado uma scooter com uma \u00fanica bateria de 72V20ah e que ter\u00e1 feito o registo de matr\u00edcula poder\u00e1, portanto, receber um reembolso de 2890-360 (valor do subs\u00eddio) = 2 530\u20ac \u00a0<\/p>\n<ol start=\"5\">\n<li><strong>Pre\u00e7o<\/strong><\/li>\n<\/ol>\n<p>Os pre\u00e7os mencionados est\u00e3o em euros. Os pre\u00e7os do transporte s\u00e3o mencionados nas fichas de produto. Este pre\u00e7o inclui o pre\u00e7o dos produtos, os custos de manuten\u00e7\u00e3o, de embalagem e de conserva\u00e7\u00e3o dos produtos e os custos de transporte.<\/p>\n<ol start=\"6\">\n<li><strong>Pagamento<\/strong><\/li>\n<\/ol>\n<p>O pre\u00e7o faturado ao cliente \u00e9 o pre\u00e7o indicado na confirma\u00e7\u00e3o de encomenda enviada por E-MOBILITY SERVICE. O pre\u00e7o dos produtos \u00e9 pago em uma s\u00f3 vez no dia da encomenda efetiva. O pagamento pode ser efetuado por cart\u00e3o ou por transfer\u00eancia.<\/p>\n<ol start=\"7\">\n<li><strong>Lit\u00edgios<\/strong><\/li>\n<\/ol>\n<p>O presente contrato est\u00e1 regido pelo direito belga. A E-MOBILITY SERVICE n\u00e3o pode ser responsabilizada por danos de qualquer natureza, tanto materiais como imateriais ou corporais, que possam resultar de um mau funcionamento ou uso dos produtos comercializados. O mesmo se aplica a eventuais altera\u00e7\u00f5es dos produtos por parte dos fabricantes. A responsabilidade da E-MOBILITY SERVICE ser\u00e1, em todo caso, limitada ao valor da encomenda e n\u00e3o ser\u00e1 posta em causa por simples erros ou omiss\u00f5es que poder\u00e3o ter subsistido apesar de todas as precau\u00e7\u00f5es tomadas na apresenta\u00e7\u00e3o dos produtos. Em caso de dificuldades na aplica\u00e7\u00e3o do presente contrato, o comprador tem a possibilidade, antes de qualquer a\u00e7\u00e3o em justi\u00e7a, de procurar uma solu\u00e7\u00e3o amig\u00e1vel nomeadamente com a ajuda de uma associa\u00e7\u00e3o profissional, de uma associa\u00e7\u00e3o de consumidores ou de qualquer outro conselho da sua escolha. Relembramos que a procura da solu\u00e7\u00e3o amig\u00e1vel n\u00e3o interrompe o \u201ccurto prazo\u201d da garantia legal, nem a dura\u00e7\u00e3o da garantia contratual. Relembramos que, de maneira general e com reserva da aprecia\u00e7\u00e3o dos tribunais, o respeito das disposi\u00e7\u00f5es do presente contrato relativo \u00e0 garantia contratual sup\u00f5e que o comprador honre os seus compromissos financeiros para com o vendedor. As reclama\u00e7\u00f5es ou contesta\u00e7\u00f5es ser\u00e3o sempre recebidas com atenta benevol\u00eancia, a boa f\u00e9 sendo sempre assumida naquele que se d\u00e1 ao trabalho de expor as suas situa\u00e7\u00f5es.<\/p>\n<ol start=\"8\">\n<li><strong>Garantia<\/strong><\/li>\n<\/ol>\n<p>Todos os nossos artigos t\u00eam garantia de 2 anos (baterias inclu\u00eddas). Em todos os casos, a E-MOBILITY SERVICE n\u00e3o ser\u00e1 responsabilizada pelo incumprimento das disposi\u00e7\u00f5es regulamentares e legislativas em vigor no pa\u00eds de rece\u00e7\u00e3o\u00a0; a responsabilidade da E-MOBILITY SERVICE \u00e9 sistematicamente limitada ao valor do produto posto em causa, valor \u00e0 data de venda e sem possibilidade de recurso \u00e0 marca ou \u00e0 sociedade produtora do produto. \u00a0<\/p>\n","protected":false},"excerpt":{"rendered":"<p>Pre\u00e2mbulo 2 TWENTY\u00a0\u00e9 uma marca que pertence \u00e0 sociedade E-MOBILITY SERVICE. O site \u00e9 a propriedade da sociedade E-MOBILITY na sua totalidade, assim como o conjunto de direitos dele decorrentes. Qualquer reprodu\u00e7\u00e3o, integral ou parcial, \u00e9 sistematicamente sujeita \u00e0 autoriza\u00e7\u00e3o dos propriet\u00e1rios. Contudo, as hiperliga\u00e7\u00f5es para o site s\u00e3o autorizadas sem solicita\u00e7\u00e3o espec\u00edfica. Aceita\u00e7\u00e3o dos&hellip;&nbsp;<a href=\"https:\/\/www.2twentyscooters.com\/pt\/condicoes-general-de-venda\/\" class=\"\" rel=\"bookmark\">Read More &raquo;<span class=\"screen-reader-text\">Condi\u00e7\u00f5es general de venda<\/span><\/a><\/p>\n","protected":false},"author":1,"featured_media":0,"parent":0,"menu_order":0,"comment_status":"closed","ping_status":"closed","template":"elementor_header_footer","meta":[],"yoast_head":"<!-- This site is optimized with the Yoast SEO plugin v18.4.1 - https:\/\/yoast.com\/wordpress\/plugins\/seo\/ -->\n<title>Condi\u00e7\u00f5es general de venda<\/title>\n<meta name=\"robots\" content=\"noindex, nofollow\" \/>\n<meta property=\"og:locale\" content=\"pt_PT\" \/>\n<meta property=\"og:type\" content=\"article\" \/>\n<meta property=\"og:title\" content=\"Condi\u00e7\u00f5es general de venda\" \/>\n<meta property=\"og:description\" content=\"Pre\u00e2mbulo 2 TWENTY\u00a0\u00e9 uma marca que pertence \u00e0 sociedade E-MOBILITY SERVICE. O site \u00e9 a propriedade da sociedade E-MOBILITY na sua totalidade, assim como o conjunto de direitos dele decorrentes. Qualquer reprodu\u00e7\u00e3o, integral ou parcial, \u00e9 sistematicamente sujeita \u00e0 autoriza\u00e7\u00e3o dos propriet\u00e1rios. Contudo, as hiperliga\u00e7\u00f5es para o site s\u00e3o autorizadas sem solicita\u00e7\u00e3o espec\u00edfica. Aceita\u00e7\u00e3o dos&hellip;&nbsp;Read More &raquo;Condi\u00e7\u00f5es general de venda\" \/>\n<meta property=\"og:url\" content=\"https:\/\/www.2twentyscooters.com\/pt\/condicoes-general-de-venda\/\" \/>\n<meta property=\"og:site_name\" content=\"2Twenty Scooter \u00e9lectrique\" \/>\n<meta property=\"article:modified_time\" content=\"2020-11-11T22:56:01+00:00\" \/>\n<meta name=\"twitter:card\" content=\"summary\" \/>\n<meta name=\"twitter:label1\" content=\"Est. reading time\" \/>\n\t<meta name=\"twitter:data1\" content=\"5 minutos\" \/>\n<script type=\"application\/ld+json\" class=\"yoast-schema-graph\">{\"@context\":\"https:\/\/schema.org\",\"@graph\":[{\"@type\":\"Organization\",\"@id\":\"https:\/\/www.2twentyscooters.com\/en\/#organization\",\"name\":\"2twentyscooters\",\"url\":\"https:\/\/www.2twentyscooters.com\/en\/\",\"sameAs\":[],\"logo\":{\"@type\":\"ImageObject\",\"@id\":\"https:\/\/www.2twentyscooters.com\/en\/#logo\",\"inLanguage\":\"pt-AO\",\"url\":\"https:\/\/www.2twentyscooters.com\/wp-content\/uploads\/2022\/03\/2twenty-scooters-logo.png\",\"contentUrl\":\"https:\/\/www.2twentyscooters.com\/wp-content\/uploads\/2022\/03\/2twenty-scooters-logo.png\",\"width\":342,\"height\":55,\"caption\":\"2twentyscooters\"},\"image\":{\"@id\":\"https:\/\/www.2twentyscooters.com\/en\/#logo\"}},{\"@type\":\"WebSite\",\"@id\":\"https:\/\/www.2twentyscooters.com\/en\/#website\",\"url\":\"https:\/\/www.2twentyscooters.com\/en\/\",\"name\":\"2Twenty Scooter \u00e9lectrique\",\"description\":\"\",\"publisher\":{\"@id\":\"https:\/\/www.2twentyscooters.com\/en\/#organization\"},\"potentialAction\":[{\"@type\":\"SearchAction\",\"target\":{\"@type\":\"EntryPoint\",\"urlTemplate\":\"https:\/\/www.2twentyscooters.com\/en\/?s={search_term_string}\"},\"query-input\":\"required name=search_term_string\"}],\"inLanguage\":\"pt-AO\"},{\"@type\":\"WebPage\",\"@id\":\"https:\/\/www.2twentyscooters.com\/pt\/condicoes-general-de-venda\/#webpage\",\"url\":\"https:\/\/www.2twentyscooters.com\/pt\/condicoes-general-de-venda\/\",\"name\":\"Condi\u00e7\u00f5es general de venda\",\"isPartOf\":{\"@id\":\"https:\/\/www.2twentyscooters.com\/en\/#website\"},\"datePublished\":\"2019-11-01T13:49:19+00:00\",\"dateModified\":\"2020-11-11T22:56:01+00:00\",\"breadcrumb\":{\"@id\":\"https:\/\/www.2twentyscooters.com\/pt\/condicoes-general-de-venda\/#breadcrumb\"},\"inLanguage\":\"pt-AO\",\"potentialAction\":[{\"@type\":\"ReadAction\",\"target\":[\"https:\/\/www.2twentyscooters.com\/pt\/condicoes-general-de-venda\/\"]}]},{\"@type\":\"BreadcrumbList\",\"@id\":\"https:\/\/www.2twentyscooters.com\/pt\/condicoes-general-de-venda\/#breadcrumb\",\"itemListElement\":[{\"@type\":\"ListItem\",\"position\":1,\"name\":\"Home\",\"item\":\"https:\/\/www.2twentyscooters.com\/pt\/homenew\/\"},{\"@type\":\"ListItem\",\"position\":2,\"name\":\"Condi\u00e7\u00f5es general de venda\"}]}]}<\/script>\n<!-- \/ Yoast SEO plugin. -->","yoast_head_json":{"title":"Condi\u00e7\u00f5es general de venda","robots":{"index":"noindex","follow":"nofollow"},"og_locale":"pt_PT","og_type":"article","og_title":"Condi\u00e7\u00f5es general de venda","og_description":"Pre\u00e2mbulo 2 TWENTY\u00a0\u00e9 uma marca que pertence \u00e0 sociedade E-MOBILITY SERVICE. O site \u00e9 a propriedade da sociedade E-MOBILITY na sua totalidade, assim como o conjunto de direitos dele decorrentes. Qualquer reprodu\u00e7\u00e3o, integral ou parcial, \u00e9 sistematicamente sujeita \u00e0 autoriza\u00e7\u00e3o dos propriet\u00e1rios. Contudo, as hiperliga\u00e7\u00f5es para o site s\u00e3o autorizadas sem solicita\u00e7\u00e3o espec\u00edfica. Aceita\u00e7\u00e3o dos&hellip;&nbsp;Read More &raquo;Condi\u00e7\u00f5es general de venda","og_url":"https:\/\/www.2twentyscooters.com\/pt\/condicoes-general-de-venda\/","og_site_name":"2Twenty Scooter \u00e9lectrique","article_modified_time":"2020-11-11T22:56:01+00:00","twitter_card":"summary","twitter_misc":{"Est. reading time":"5 minutos"},"schema":{"@context":"https:\/\/schema.org","@graph":[{"@type":"Organization","@id":"https:\/\/www.2twentyscooters.com\/en\/#organization","name":"2twentyscooters","url":"https:\/\/www.2twentyscooters.com\/en\/","sameAs":[],"logo":{"@type":"ImageObject","@id":"https:\/\/www.2twentyscooters.com\/en\/#logo","inLanguage":"pt-AO","url":"https:\/\/www.2twentyscooters.com\/wp-content\/uploads\/2022\/03\/2twenty-scooters-logo.png","contentUrl":"https:\/\/www.2twentyscooters.com\/wp-content\/uploads\/2022\/03\/2twenty-scooters-logo.png","width":342,"height":55,"caption":"2twentyscooters"},"image":{"@id":"https:\/\/www.2twentyscooters.com\/en\/#logo"}},{"@type":"WebSite","@id":"https:\/\/www.2twentyscooters.com\/en\/#website","url":"https:\/\/www.2twentyscooters.com\/en\/","name":"2Twenty Scooter \u00e9lectrique","description":"","publisher":{"@id":"https:\/\/www.2twentyscooters.com\/en\/#organization"},"potentialAction":[{"@type":"SearchAction","target":{"@type":"EntryPoint","urlTemplate":"https:\/\/www.2twentyscooters.com\/en\/?s={search_term_string}"},"query-input":"required name=search_term_string"}],"inLanguage":"pt-AO"},{"@type":"WebPage","@id":"https:\/\/www.2twentyscooters.com\/pt\/condicoes-general-de-venda\/#webpage","url":"https:\/\/www.2twentyscooters.com\/pt\/condicoes-general-de-venda\/","name":"Condi\u00e7\u00f5es general de venda","isPartOf":{"@id":"https:\/\/www.2twentyscooters.com\/en\/#website"},"datePublished":"2019-11-01T13:49:19+00:00","dateModified":"2020-11-11T22:56:01+00:00","breadcrumb":{"@id":"https:\/\/www.2twentyscooters.com\/pt\/condicoes-general-de-venda\/#breadcrumb"},"inLanguage":"pt-AO","potentialAction":[{"@type":"ReadAction","target":["https:\/\/www.2twentyscooters.com\/pt\/condicoes-general-de-venda\/"]}]},{"@type":"BreadcrumbList","@id":"https:\/\/www.2twentyscooters.com\/pt\/condicoes-general-de-venda\/#breadcrumb","itemListElement":[{"@type":"ListItem","position":1,"name":"Home","item":"https:\/\/www.2twentyscooters.com\/pt\/homenew\/"},{"@type":"ListItem","position":2,"name":"Condi\u00e7\u00f5es general de venda"}]}]}},"_links":{"self":[{"href":"https:\/\/www.2twentyscooters.com\/pt\/wp-json\/wp\/v2\/pages\/21938"}],"collection":[{"href":"https:\/\/www.2twentyscooters.com\/pt\/wp-json\/wp\/v2\/pages"}],"about":[{"href":"https:\/\/www.2twentyscooters.com\/pt\/wp-json\/wp\/v2\/types\/page"}],"author":[{"embeddable":true,"href":"https:\/\/www.2twentyscooters.com\/pt\/wp-json\/wp\/v2\/users\/1"}],"replies":[{"embeddable":true,"href":"https:\/\/www.2twentyscooters.com\/pt\/wp-json\/wp\/v2\/comments?post=21938"}],"version-history":[{"count":0,"href":"https:\/\/www.2twentyscooters.com\/pt\/wp-json\/wp\/v2\/pages\/21938\/revisions"}],"wp:attachment":[{"href":"https:\/\/www.2twentyscooters.com\/pt\/wp-json\/wp\/v2\/media?parent=21938"}],"curies":[{"name":"wp","href":"https:\/\/api.w.org\/{rel}","templated":true}]}}