{"id":21937,"date":"2019-11-01T14:26:06","date_gmt":"2019-11-01T13:26:06","guid":{"rendered":"https:\/\/www.2twentyscooters.com\/condicoes-legais\/"},"modified":"2019-11-01T14:26:06","modified_gmt":"2019-11-01T13:26:06","slug":"condicoes-legais","status":"publish","type":"page","link":"https:\/\/www.2twentyscooters.com\/pt\/condicoes-legais\/","title":{"rendered":"Condi\u00e7\u00f5es legais"},"content":{"rendered":"<p><strong>CONDI\u00c7\u00d5ES LEGAIS<\/strong><\/p>\n<p>Solicita-se que leia com aten\u00e7\u00e3o as diferentes condi\u00e7\u00f5es de uso do presente site antes de percorrer as suas p\u00e1ginas. Ao conectar-se a este site, aceita sem reservas as presentes condi\u00e7\u00f5es. Pelo que, de acordo com o artigo 6 da Lei n\u00b02004-575 de 21 de junho de 2004 para a confian\u00e7a na economia num\u00e9rica, os respons\u00e1veis pelo presente site\u00a0<a href=\"http:\/\/www.2twentyscooters.com\/\">www.2twentyscooters.com<\/a>\u00a0s\u00e3o:<\/p>\n<p><strong>E-Mobility Service<\/strong><strong><br \/>\n<\/strong>NIPC :\u00a0 82423871100017<br \/>\nRespons\u00e1vel editorial\u00a0: Philippe HAUVETTE<br \/>\n7 rue des Quatre Chemin\u00e9es, 92100 Boulogne Billancourt<br \/>\nEmail :\u00a0<a href=\"mailto:contact@2twentyscooters.com\">contact@2twentyscooters.com<\/a><br \/>\n<strong><br \/>\nPrestador de p\u00e1gina web<br \/>\n<\/strong>OVH \u2013 SAS com capital de 10 069 020 \u20ac RCS Lille M\u00e9tropole 424 761 419 00045 C\u00f3digo APE 2620Z N\u00b0 TVA : FR 22 424 761 419<br \/>\nSede, 2 rue Kellermann \u2013 59100 Roubaix \u2013 France<br \/>\nSite:\u00a0<a href=\"http:\/\/www.ovh.com\/\">www.ovh.com<\/a><\/p>\n<p><strong>Programador<\/strong><br \/>\nPhilippe HAUVETTE<\/p>\n<p>Morada:\u00a014, avenue Andr\u00e9 Morizet, 92100 Boulogne Billancourt<br \/>\nSite:\u00a0<a href=\"http:\/\/www.2twentyscooters.com\/\">www.2twentyscooters.com<\/a><\/p>\n<p>Este site est\u00e1 dispon\u00edvel em diversas linguagens de programa\u00e7\u00e3o (HTML, HTML5, Javascript, CSS, etc\u2026); para um melhor conforto de uso e gr\u00e1ficos mais agrad\u00e1veis, recomendamos que use navegadores modernos como Internet Explorer, Safari, Firefox, Google Chrome, etc\u2026<\/p>\n<p>A E-Mobility Service implementa todos os meios ao seu dispor para garantir uma informa\u00e7\u00e3o fi\u00e1vel e uma atualiza\u00e7\u00e3o fi\u00e1vel de todos os seus sites. Contudo, erros e omiss\u00f5es podem ocorrer. O internauta dever\u00e1, portanto, verificar a exatid\u00e3o das informa\u00e7\u00f5es com o nosso servi\u00e7o comercial e assinalar qualquer altera\u00e7\u00e3o do site que considere \u00fatil. A E-Mobility Service n\u00e3o ser\u00e1, de maneira nenhuma, respons\u00e1vel pelo uso feito dessas informa\u00e7\u00f5es e por qualquer preju\u00edzo direto ou indireto que possa decorrer do mesmo.<br \/>\nO site poder\u00e1 solicitar-lhe a aceita\u00e7\u00e3o de cookies para necessidades de estat\u00edsticas e de visualiza\u00e7\u00e3o. Uma cookie \u00e9 uma informa\u00e7\u00e3o depositada no seu disco r\u00edgido pelo servidor do site que visita. Cont\u00e9m v\u00e1rios dados que s\u00e3o armazenados no seu computador num simples ficheiro de texto ao qual um servidor acede para ler e registar informa\u00e7\u00f5es. Algumas partes deste site n\u00e3o podem ser funcionais sem a aceita\u00e7\u00e3o de cookies.<\/p>\n<p>As p\u00e1ginas web podem oferecer liga\u00e7\u00f5es para outras p\u00e1ginas web ou outros recursos dispon\u00edveis na Internet. A E-Mobility Service\u00a0n\u00e3o disp\u00f5e de qualquer meio de controlar os sites ligados a esses sites e n\u00e3o responde pela disponibilidade desses sites e fontes externas, nem a garante. N\u00e3o pode ser responsabilizada por qualquer dano, de qualquer natureza que seja, resultante do conte\u00fado desses sites ou fontes externas, e nomeadamente das informa\u00e7\u00f5es, produtos ou servi\u00e7os que prop\u00f5em, ou de qualquer uso que possa ser feito desses elementos. Os riscos ligados a este uso competem plenamente ao internauta, que tem de se conformar \u00e0s suas condi\u00e7\u00f5es de uso.<\/p>\n<p>Os utilizadores, os subscritores e os visitantes dos sites n\u00e3o podem estabelecer hiperliga\u00e7\u00f5es para esse site sem autoriza\u00e7\u00e3o expressa e pr\u00e9via da E-Mobility Service.<\/p>\n<p>Caso um utilizador ou visitante deseje estabelecer uma hiperliga\u00e7\u00e3o para um dos sites da E-Mobility Service, ter\u00e1 de enviar um email acess\u00edvel atrav\u00e9s do site para formular o seu pedido de implementa\u00e7\u00e3o de uma hiperliga\u00e7\u00e3o. A E-Mobility Service reserva-se o direito de aceitar ou de recusar uma hiperliga\u00e7\u00e3o sem ter de justificar a sua decis\u00e3o.<\/p>\n<p><strong>Servi\u00e7os fornecidos<\/strong><br \/>\nO conjunto das atividades da sociedade, assim como as suas informa\u00e7\u00f5es est\u00e3o apresentadas no nosso site <a href=\"http:\/\/www.2twentyscooters.com\/\">www.2twentyscooters.com<\/a>. A E-Mobility Service\u00a0esfor\u00e7a-se por fornecer no site informa\u00e7\u00f5es o mais precisas poss\u00edvel. As informa\u00e7\u00f5es apresentadas no site n\u00e3o s\u00e3o exaustivas e as fotografias n\u00e3o-contratuais. S\u00e3o fornecidas sob reserva de altera\u00e7\u00f5es que possam ter ocorrido desde que foram colocadas online. Por outro lado, todas as informa\u00e7\u00f5es indicadas no site s\u00e3o fornecidas a t\u00edtulo indicativo, e s\u00e3o suscet\u00edveis de mudar ou de evoluir sem aviso pr\u00e9vio.<br \/>\nLimita\u00e7\u00f5es contratuais sobre os dados<\/p>\n<p>As informa\u00e7\u00f5es contidas neste site s\u00e3o o mais precisas poss\u00edvel e o site \u00e9 atualizado v\u00e1rias vezes ao ano, mas pode, contudo, conter imprecis\u00f5es ou omiss\u00f5es. Se constatar uma lacuna, um erro ou o que parece ser uma disfun\u00e7\u00e3o, agradecemos que o indique por email para o endere\u00e7o\u00a0<a href=\"mailto:contact@2twentyscooters.com\">contact@2twentyscooters.com<\/a>, descrevendo o problema da forma mais precisa poss\u00edvel (p\u00e1gina com problema, tipo de computador e de navegador usado, \u2026).<\/p>\n<p>Qualquer conte\u00fado descarregado ser\u00e1 feito por conta e risco do utilizador e \u00e0 sua responsabilidade. Por conseguinte, a sociedade n\u00e3o ser\u00e1 responsabilizada por qualquer dano sofrido pelo computador do utilizador ou por qualquer perda de dados consequentes do descarregamento. Ademais, o utilizador do site compromete-se a aceder ao site usando material recente, n\u00e3o contendo v\u00edrus e usando um navegador de \u00faltima gera\u00e7\u00e3o atualizado.<\/p>\n<p>As hiperliga\u00e7\u00f5es estabelecidas no \u00e2mbito deste site para outros recursos presentes na rede internet n\u00e3o permitir\u00e3o responsabilizar a E-Mobility Service.<br \/>\n<strong><br \/>\nPropriedade intelectual<br \/>\n<\/strong>Todo o conte\u00fado presente no site <a href=\"http:\/\/www.2twentyscooters.com\/\">www.2twentyscooters.com<\/a>, inclusive, de forma n\u00e3o limitativa, os gr\u00e1ficos, imagens, textos, v\u00eddeos, anima\u00e7\u00f5es, sons, log\u00f3tipos, gifs e \u00edcones, assim como a sua formata\u00e7\u00e3o, s\u00e3o a propriedade exclusiva da sociedade exceto as marcas, log\u00f3tipos ou conte\u00fados que pertencem a outras sociedades parceiras ou autores.<\/p>\n<p>Qualquer reprodu\u00e7\u00e3o, distribui\u00e7\u00e3o, modifica\u00e7\u00e3o, adapta\u00e7\u00e3o, retransmiss\u00e3o ou publica\u00e7\u00e3o, ainda que parcial, desses diferentes elementos, \u00e9 estritamente proibida sem o acordo expresso por escrito da E-Mobility Service. Esta representa\u00e7\u00e3o ou reprodu\u00e7\u00e3o, por qualquer processo que seja, constitui uma falsifica\u00e7\u00e3o sancionada pelos artigos L.335-2 e seguintes do C\u00f3digo da propriedade intelectual franc\u00eas. O incumprimento desta proibi\u00e7\u00e3o constitui uma falsifica\u00e7\u00e3o que pode fazer incorrer o infrator em responsabilidade civil e criminal. Ademais, os propriet\u00e1rios dos Conte\u00fados copiados poder\u00e3o recorrer a meios legais contra si.<br \/>\n<strong><br \/>\nDeclara\u00e7\u00e3o \u00e0 CNIL<br \/>\n<\/strong>De acordo com a lei 78-17 de 6 de janeiro de 1978 (modificada pela lei 2004-801 de 6 de agosto de 2004 relativa \u00e0 prote\u00e7\u00e3o das pessoas f\u00edsicas em termos de tratamentos de dados de cariz pessoal) relativa \u00e0 inform\u00e1tica, aos ficheiros e \u00e0s liberdades, este site foi alvo de uma declara\u00e7\u00e3o n\u00b0<strong>\u00a0<\/strong>&amp;G42439842N\u00a0perante a Comiss\u00e3o nacional de inform\u00e1tica e das liberdades <a href=\"http:\/\/www.cnil.fr\/\">www.cnil.fr\/<\/a><\/p>\n<p><strong>Lit\u00edgios<\/strong><strong><br \/>\n<\/strong>As presentes condi\u00e7\u00f5es do site\u00a0www.2twentyscooters.com\u00a0s\u00e3o regidas pelas leis francesas e qualquer contesta\u00e7\u00e3o ou lit\u00edgio que possam emergir da interpreta\u00e7\u00e3o ou da execu\u00e7\u00e3o das mesmas ser\u00e3o da compet\u00eancia exclusiva dos tribunais dos quais depende a sede da sociedade. A l\u00edngua de refer\u00eancia, para a resolu\u00e7\u00e3o de eventuais lit\u00edgios, \u00e9 o franc\u00eas.<\/p>\n<p><strong>Dados pessoais<\/strong><strong><br \/>\n<\/strong>De maneira geral, n\u00e3o tem de nos comunicar os seus dados pessoais quando visita o nosso site <a href=\"http:\/\/www.2twentyscooters.com\/\">www.2twentyscooters.com<\/a>.<\/p>\n<p>Contudo, este princ\u00edpio tem algumas exce\u00e7\u00f5es. De facto, para certos servi\u00e7os propostos pelo nosso site, pode ser levado a comunicar-nos certos dados tais como: o seu nome, a sua profiss\u00e3o, o nome da sua sociedade, o seu correio eletr\u00f3nico, e o seu n\u00famero de telefone. \u00c9 nomeadamente o caso quando preenche o formul\u00e1rio que \u00e9 proposto online, na sec\u00e7\u00e3o \u201cContacto\u201d. De qualquer forma, pode recusar fornecer os seus dados pessoais. Nesse caso, n\u00e3o poder\u00e1 usar os servi\u00e7os do site, nomeadamente solicitar informa\u00e7\u00f5es sobre a nossa sociedade, ou receber newsletters.<\/p>\n<p>Por fim, podemos recolher de forma autom\u00e1tica algumas informa\u00e7\u00f5es a seu respeito durante uma simples navega\u00e7\u00e3o na nossa p\u00e1gina web, nomeadamente: informa\u00e7\u00f5es relativas \u00e0 utiliza\u00e7\u00e3o do nosso site, tais como as zonas que visita e os servi\u00e7os aos quais acede, o seu endere\u00e7o IP, o seu tipo de navegador, o seu tempo de acesso. Essas informa\u00e7\u00f5es s\u00e3o usadas exclusivamente para fins de estat\u00edsticas internas, de forma a melhorar a qualidade dos servi\u00e7os que lhe s\u00e3o propostos. As bases de dados s\u00e3o protegidas pelo disposto na lei de 1 de julho de 1988 que transp\u00f5e a diretiva 96\/9 de 11 de mar\u00e7o de 1996 relativa \u00e0 prote\u00e7\u00e3o jur\u00eddica das bases de dados.<\/p>\n<p>&nbsp;<\/p>\n","protected":false},"excerpt":{"rendered":"<p>CONDI\u00c7\u00d5ES LEGAIS Solicita-se que leia com aten\u00e7\u00e3o as diferentes condi\u00e7\u00f5es de uso do presente site antes de percorrer as suas p\u00e1ginas. Ao conectar-se a este site, aceita sem reservas as presentes condi\u00e7\u00f5es. Pelo que, de acordo com o artigo 6 da Lei n\u00b02004-575 de 21 de junho de 2004 para a confian\u00e7a na economia num\u00e9rica,&hellip;&nbsp;<a href=\"https:\/\/www.2twentyscooters.com\/pt\/condicoes-legais\/\" class=\"\" rel=\"bookmark\">Read More &raquo;<span class=\"screen-reader-text\">Condi\u00e7\u00f5es legais<\/span><\/a><\/p>\n","protected":false},"author":1,"featured_media":0,"parent":0,"menu_order":0,"comment_status":"closed","ping_status":"closed","template":"elementor_header_footer","meta":[],"yoast_head":"<!-- This site is optimized with the Yoast SEO plugin v18.4.1 - https:\/\/yoast.com\/wordpress\/plugins\/seo\/ -->\n<title>Condi\u00e7\u00f5es legais<\/title>\n<meta name=\"robots\" content=\"noindex, nofollow\" \/>\n<meta property=\"og:locale\" content=\"pt_PT\" \/>\n<meta property=\"og:type\" content=\"article\" \/>\n<meta property=\"og:title\" content=\"Condi\u00e7\u00f5es legais\" \/>\n<meta property=\"og:description\" content=\"CONDI\u00c7\u00d5ES LEGAIS Solicita-se que leia com aten\u00e7\u00e3o as diferentes condi\u00e7\u00f5es de uso do presente site antes de percorrer as suas p\u00e1ginas. Ao conectar-se a este site, aceita sem reservas as presentes condi\u00e7\u00f5es. Pelo que, de acordo com o artigo 6 da Lei n\u00b02004-575 de 21 de junho de 2004 para a confian\u00e7a na economia num\u00e9rica,&hellip;&nbsp;Read More &raquo;Condi\u00e7\u00f5es legais\" \/>\n<meta property=\"og:url\" content=\"https:\/\/www.2twentyscooters.com\/pt\/condicoes-legais\/\" \/>\n<meta property=\"og:site_name\" content=\"2Twenty Scooter \u00e9lectrique\" \/>\n<meta name=\"twitter:card\" content=\"summary\" \/>\n<meta name=\"twitter:label1\" content=\"Est. reading time\" \/>\n\t<meta name=\"twitter:data1\" content=\"7 minutos\" \/>\n<script type=\"application\/ld+json\" class=\"yoast-schema-graph\">{\"@context\":\"https:\/\/schema.org\",\"@graph\":[{\"@type\":\"Organization\",\"@id\":\"https:\/\/www.2twentyscooters.com\/en\/#organization\",\"name\":\"2twentyscooters\",\"url\":\"https:\/\/www.2twentyscooters.com\/en\/\",\"sameAs\":[],\"logo\":{\"@type\":\"ImageObject\",\"@id\":\"https:\/\/www.2twentyscooters.com\/en\/#logo\",\"inLanguage\":\"pt-AO\",\"url\":\"https:\/\/www.2twentyscooters.com\/wp-content\/uploads\/2022\/03\/2twenty-scooters-logo.png\",\"contentUrl\":\"https:\/\/www.2twentyscooters.com\/wp-content\/uploads\/2022\/03\/2twenty-scooters-logo.png\",\"width\":342,\"height\":55,\"caption\":\"2twentyscooters\"},\"image\":{\"@id\":\"https:\/\/www.2twentyscooters.com\/en\/#logo\"}},{\"@type\":\"WebSite\",\"@id\":\"https:\/\/www.2twentyscooters.com\/en\/#website\",\"url\":\"https:\/\/www.2twentyscooters.com\/en\/\",\"name\":\"2Twenty Scooter \u00e9lectrique\",\"description\":\"\",\"publisher\":{\"@id\":\"https:\/\/www.2twentyscooters.com\/en\/#organization\"},\"potentialAction\":[{\"@type\":\"SearchAction\",\"target\":{\"@type\":\"EntryPoint\",\"urlTemplate\":\"https:\/\/www.2twentyscooters.com\/en\/?s={search_term_string}\"},\"query-input\":\"required name=search_term_string\"}],\"inLanguage\":\"pt-AO\"},{\"@type\":\"WebPage\",\"@id\":\"https:\/\/www.2twentyscooters.com\/pt\/condicoes-legais\/#webpage\",\"url\":\"https:\/\/www.2twentyscooters.com\/pt\/condicoes-legais\/\",\"name\":\"Condi\u00e7\u00f5es legais\",\"isPartOf\":{\"@id\":\"https:\/\/www.2twentyscooters.com\/en\/#website\"},\"datePublished\":\"2019-11-01T13:26:06+00:00\",\"dateModified\":\"2019-11-01T13:26:06+00:00\",\"breadcrumb\":{\"@id\":\"https:\/\/www.2twentyscooters.com\/pt\/condicoes-legais\/#breadcrumb\"},\"inLanguage\":\"pt-AO\",\"potentialAction\":[{\"@type\":\"ReadAction\",\"target\":[\"https:\/\/www.2twentyscooters.com\/pt\/condicoes-legais\/\"]}]},{\"@type\":\"BreadcrumbList\",\"@id\":\"https:\/\/www.2twentyscooters.com\/pt\/condicoes-legais\/#breadcrumb\",\"itemListElement\":[{\"@type\":\"ListItem\",\"position\":1,\"name\":\"Home\",\"item\":\"https:\/\/www.2twentyscooters.com\/pt\/homenew\/\"},{\"@type\":\"ListItem\",\"position\":2,\"name\":\"Condi\u00e7\u00f5es legais\"}]}]}<\/script>\n<!-- \/ Yoast SEO plugin. -->","yoast_head_json":{"title":"Condi\u00e7\u00f5es legais","robots":{"index":"noindex","follow":"nofollow"},"og_locale":"pt_PT","og_type":"article","og_title":"Condi\u00e7\u00f5es legais","og_description":"CONDI\u00c7\u00d5ES LEGAIS Solicita-se que leia com aten\u00e7\u00e3o as diferentes condi\u00e7\u00f5es de uso do presente site antes de percorrer as suas p\u00e1ginas. Ao conectar-se a este site, aceita sem reservas as presentes condi\u00e7\u00f5es. Pelo que, de acordo com o artigo 6 da Lei n\u00b02004-575 de 21 de junho de 2004 para a confian\u00e7a na economia num\u00e9rica,&hellip;&nbsp;Read More &raquo;Condi\u00e7\u00f5es legais","og_url":"https:\/\/www.2twentyscooters.com\/pt\/condicoes-legais\/","og_site_name":"2Twenty Scooter \u00e9lectrique","twitter_card":"summary","twitter_misc":{"Est. reading time":"7 minutos"},"schema":{"@context":"https:\/\/schema.org","@graph":[{"@type":"Organization","@id":"https:\/\/www.2twentyscooters.com\/en\/#organization","name":"2twentyscooters","url":"https:\/\/www.2twentyscooters.com\/en\/","sameAs":[],"logo":{"@type":"ImageObject","@id":"https:\/\/www.2twentyscooters.com\/en\/#logo","inLanguage":"pt-AO","url":"https:\/\/www.2twentyscooters.com\/wp-content\/uploads\/2022\/03\/2twenty-scooters-logo.png","contentUrl":"https:\/\/www.2twentyscooters.com\/wp-content\/uploads\/2022\/03\/2twenty-scooters-logo.png","width":342,"height":55,"caption":"2twentyscooters"},"image":{"@id":"https:\/\/www.2twentyscooters.com\/en\/#logo"}},{"@type":"WebSite","@id":"https:\/\/www.2twentyscooters.com\/en\/#website","url":"https:\/\/www.2twentyscooters.com\/en\/","name":"2Twenty Scooter \u00e9lectrique","description":"","publisher":{"@id":"https:\/\/www.2twentyscooters.com\/en\/#organization"},"potentialAction":[{"@type":"SearchAction","target":{"@type":"EntryPoint","urlTemplate":"https:\/\/www.2twentyscooters.com\/en\/?s={search_term_string}"},"query-input":"required name=search_term_string"}],"inLanguage":"pt-AO"},{"@type":"WebPage","@id":"https:\/\/www.2twentyscooters.com\/pt\/condicoes-legais\/#webpage","url":"https:\/\/www.2twentyscooters.com\/pt\/condicoes-legais\/","name":"Condi\u00e7\u00f5es legais","isPartOf":{"@id":"https:\/\/www.2twentyscooters.com\/en\/#website"},"datePublished":"2019-11-01T13:26:06+00:00","dateModified":"2019-11-01T13:26:06+00:00","breadcrumb":{"@id":"https:\/\/www.2twentyscooters.com\/pt\/condicoes-legais\/#breadcrumb"},"inLanguage":"pt-AO","potentialAction":[{"@type":"ReadAction","target":["https:\/\/www.2twentyscooters.com\/pt\/condicoes-legais\/"]}]},{"@type":"BreadcrumbList","@id":"https:\/\/www.2twentyscooters.com\/pt\/condicoes-legais\/#breadcrumb","itemListElement":[{"@type":"ListItem","position":1,"name":"Home","item":"https:\/\/www.2twentyscooters.com\/pt\/homenew\/"},{"@type":"ListItem","position":2,"name":"Condi\u00e7\u00f5es legais"}]}]}},"_links":{"self":[{"href":"https:\/\/www.2twentyscooters.com\/pt\/wp-json\/wp\/v2\/pages\/21937"}],"collection":[{"href":"https:\/\/www.2twentyscooters.com\/pt\/wp-json\/wp\/v2\/pages"}],"about":[{"href":"https:\/\/www.2twentyscooters.com\/pt\/wp-json\/wp\/v2\/types\/page"}],"author":[{"embeddable":true,"href":"https:\/\/www.2twentyscooters.com\/pt\/wp-json\/wp\/v2\/users\/1"}],"replies":[{"embeddable":true,"href":"https:\/\/www.2twentyscooters.com\/pt\/wp-json\/wp\/v2\/comments?post=21937"}],"version-history":[{"count":0,"href":"https:\/\/www.2twentyscooters.com\/pt\/wp-json\/wp\/v2\/pages\/21937\/revisions"}],"wp:attachment":[{"href":"https:\/\/www.2twentyscooters.com\/pt\/wp-json\/wp\/v2\/media?parent=21937"}],"curies":[{"name":"wp","href":"https:\/\/api.w.org\/{rel}","templated":true}]}}