{"id":21139,"date":"2019-10-22T12:05:48","date_gmt":"2019-10-22T10:05:48","guid":{"rendered":"https:\/\/www.2twentyscooters.com\/quem-somos\/"},"modified":"2021-01-11T14:46:41","modified_gmt":"2021-01-11T13:46:41","slug":"quem-somos","status":"publish","type":"page","link":"https:\/\/www.2twentyscooters.com\/pt\/quem-somos\/","title":{"rendered":"Quem somos"},"content":{"rendered":"\t\t<div data-elementor-type=\"wp-page\" data-elementor-id=\"21139\" class=\"elementor elementor-21139 elementor-12964\" data-elementor-settings=\"[]\">\n\t\t\t\t\t\t<div class=\"elementor-inner\">\n\t\t\t\t\t\t\t<div class=\"elementor-section-wrap\">\n\t\t\t\t\t\t\t<section class=\"elementor-section elementor-top-section elementor-element elementor-element-44e30612 elementor-section-boxed elementor-section-height-default elementor-section-height-default\" data-id=\"44e30612\" data-element_type=\"section\">\n\t\t\t\t\t\t<div class=\"elementor-container elementor-column-gap-default\">\n\t\t\t\t\t\t\t<div class=\"elementor-row\">\n\t\t\t\t\t<div class=\"elementor-column elementor-col-100 elementor-top-column elementor-element elementor-element-408fc0df\" data-id=\"408fc0df\" data-element_type=\"column\">\n\t\t\t<div class=\"elementor-column-wrap elementor-element-populated\">\n\t\t\t\t\t\t\t<div class=\"elementor-widget-wrap\">\n\t\t\t\t\t\t<div class=\"elementor-element elementor-element-7aca939 elementor-widget elementor-widget-heading\" data-id=\"7aca939\" data-element_type=\"widget\" data-widget_type=\"heading.default\">\n\t\t\t\t<div class=\"elementor-widget-container\">\n\t\t\t<h1 class=\"elementor-heading-title elementor-size-default\">QUEM SOMOS<\/h1>\t\t<\/div>\n\t\t\t\t<\/div>\n\t\t\t\t<div class=\"elementor-element elementor-element-2050f480 elementor-widget elementor-widget-text-editor\" data-id=\"2050f480\" data-element_type=\"widget\" data-widget_type=\"text-editor.default\">\n\t\t\t\t<div class=\"elementor-widget-container\">\n\t\t\t\t\t\t\t\t<div class=\"elementor-text-editor elementor-clearfix\">\n\t\t\t\t<p>A marca 2Twenty \u00e9 de propriedade do E-Mobility Service N\u00f3s importamos e distribu\u00edmos 2Twenty scooters e fornecemos 2 anos de garantia e servi\u00e7o p\u00f3s-venda. Nossos clientes t\u00eam um \u00fanico contato que garante toda a cadeia de responsabilidade.<\/p><p>O projeto 2Twenty nasceu em 2016 da vontade de democratizar as scooters el\u00e9tricas para todo o mundo para facilitar a transi\u00e7\u00e3o ecol\u00f3gica. O nosso objetivo \u00e9 de criar belas scooters retro mantendo sempre um pre\u00e7o justo. Permitimos assim que seja finalmente rent\u00e1vel para todos esquecer as scooters t\u00e9rmicas. Focamos toda a nossa aten\u00e7\u00e3o na qualidade do atendimento ao cliente para garantir uma serenidade absoluta. Com 2twenty, os problemas desaparecem !<\/p><p>Em 2017, ap\u00f3s v\u00e1rias itera\u00e7\u00f5es, lan\u00e7amos o nosso primeiro modelo. O Roma tem um visual deliciosamente retro pois baseia-se num modelo m\u00edtico dos anos 1950. Mas trabalhamos arduamente para eliminar todos os defeitos do modelo original e assim obter uma scooter muito fi\u00e1vel e est\u00e1vel. E que, obviamente, n\u00e3o arranque com uma nuvem de fumo e sons de disparo repetitivos !<\/p><p><strong>E-Mobility Service<\/strong><br \/>SAS registado em Nanterre RCS 824 238 711 \u2013 TVA : FR 02 824 238 711<br \/>Sede : 14 av Andr\u00e9 Morizet, 92100 Boulogne Billancourt<br \/>Escritorio comercial : Marechal 1551 \u2013 Avenida Marechal Gomes da Costa 1551 \u2013 4150-360 Porto<br \/>Tel : +351 224 089 793<\/p><p><img class=\"img-responsive wp-image-21064 lazy-loaded aligncenter\" title=\"logo-2twentyscooter-vertical\" src=\"https:\/\/www.2twentyscooters.com\/wp-content\/uploads\/2016\/08\/logo-2twentyscooter-vertical-1.png\" alt=\"bateria de l\u00edtio scooter el\u00e9trico\" width=\"166\" height=\"120\" data-lazy-type=\"image\" data-src=\"https:\/\/www.2twentyscooters.com\/wp-content\/uploads\/2016\/08\/logo-2twentyscooter-vertical-1.png\" \/><\/p>\t\t\t\t\t<\/div>\n\t\t\t\t\t\t<\/div>\n\t\t\t\t<\/div>\n\t\t\t\t\t\t<\/div>\n\t\t\t\t\t<\/div>\n\t\t<\/div>\n\t\t\t\t\t\t\t\t<\/div>\n\t\t\t\t\t<\/div>\n\t\t<\/section>\n\t\t\t\t\t\t<\/div>\n\t\t\t\t\t\t<\/div>\n\t\t\t\t\t<\/div>\n\t\t","protected":false},"excerpt":{"rendered":"<p>QUEM SOMOS A marca 2Twenty \u00e9 de propriedade do E-Mobility Service N\u00f3s importamos e distribu\u00edmos 2Twenty scooters e fornecemos 2 anos de garantia e servi\u00e7o p\u00f3s-venda. Nossos clientes t\u00eam um \u00fanico contato que garante toda a cadeia de responsabilidade. O projeto 2Twenty nasceu em 2016 da vontade de democratizar as scooters el\u00e9tricas para todo o&hellip;&nbsp;<a href=\"https:\/\/www.2twentyscooters.com\/pt\/quem-somos\/\" class=\"\" rel=\"bookmark\">Read More &raquo;<span class=\"screen-reader-text\">Quem somos<\/span><\/a><\/p>\n","protected":false},"author":1,"featured_media":0,"parent":0,"menu_order":0,"comment_status":"closed","ping_status":"closed","template":"elementor_header_footer","meta":[],"yoast_head":"<!-- This site is optimized with the Yoast SEO plugin v18.4.1 - https:\/\/yoast.com\/wordpress\/plugins\/seo\/ -->\n<title>Quem somos<\/title>\n<meta name=\"robots\" content=\"index, follow, max-snippet:-1, max-image-preview:large, max-video-preview:-1\" \/>\n<link rel=\"canonical\" href=\"https:\/\/www.2twentyscooters.com\/pt\/quem-somos\/\" \/>\n<meta property=\"og:locale\" content=\"pt_PT\" \/>\n<meta property=\"og:type\" content=\"article\" \/>\n<meta property=\"og:title\" content=\"Quem somos\" \/>\n<meta property=\"og:description\" content=\"QUEM SOMOS A marca 2Twenty \u00e9 de propriedade do E-Mobility Service N\u00f3s importamos e distribu\u00edmos 2Twenty scooters e fornecemos 2 anos de garantia e servi\u00e7o p\u00f3s-venda. Nossos clientes t\u00eam um \u00fanico contato que garante toda a cadeia de responsabilidade. O projeto 2Twenty nasceu em 2016 da vontade de democratizar as scooters el\u00e9tricas para todo o&hellip;&nbsp;Read More &raquo;Quem somos\" \/>\n<meta property=\"og:url\" content=\"https:\/\/www.2twentyscooters.com\/pt\/quem-somos\/\" \/>\n<meta property=\"og:site_name\" content=\"2Twenty Scooter \u00e9lectrique\" \/>\n<meta property=\"article:modified_time\" content=\"2021-01-11T13:46:41+00:00\" \/>\n<meta property=\"og:image\" content=\"https:\/\/www.2twentyscooters.com\/wp-content\/uploads\/2016\/08\/logo-2twentyscooter-vertical-1.png\" \/>\n<meta name=\"twitter:card\" content=\"summary\" \/>\n<meta name=\"twitter:label1\" content=\"Est. reading time\" \/>\n\t<meta name=\"twitter:data1\" content=\"1 minuto\" \/>\n<script type=\"application\/ld+json\" class=\"yoast-schema-graph\">{\"@context\":\"https:\/\/schema.org\",\"@graph\":[{\"@type\":\"Organization\",\"@id\":\"https:\/\/www.2twentyscooters.com\/en\/#organization\",\"name\":\"2twentyscooters\",\"url\":\"https:\/\/www.2twentyscooters.com\/en\/\",\"sameAs\":[],\"logo\":{\"@type\":\"ImageObject\",\"@id\":\"https:\/\/www.2twentyscooters.com\/en\/#logo\",\"inLanguage\":\"pt-AO\",\"url\":\"https:\/\/www.2twentyscooters.com\/wp-content\/uploads\/2022\/03\/2twenty-scooters-logo.png\",\"contentUrl\":\"https:\/\/www.2twentyscooters.com\/wp-content\/uploads\/2022\/03\/2twenty-scooters-logo.png\",\"width\":342,\"height\":55,\"caption\":\"2twentyscooters\"},\"image\":{\"@id\":\"https:\/\/www.2twentyscooters.com\/en\/#logo\"}},{\"@type\":\"WebSite\",\"@id\":\"https:\/\/www.2twentyscooters.com\/en\/#website\",\"url\":\"https:\/\/www.2twentyscooters.com\/en\/\",\"name\":\"2Twenty Scooter \u00e9lectrique\",\"description\":\"\",\"publisher\":{\"@id\":\"https:\/\/www.2twentyscooters.com\/en\/#organization\"},\"potentialAction\":[{\"@type\":\"SearchAction\",\"target\":{\"@type\":\"EntryPoint\",\"urlTemplate\":\"https:\/\/www.2twentyscooters.com\/en\/?s={search_term_string}\"},\"query-input\":\"required name=search_term_string\"}],\"inLanguage\":\"pt-AO\"},{\"@type\":\"ImageObject\",\"@id\":\"https:\/\/www.2twentyscooters.com\/pt\/quem-somos\/#primaryimage\",\"inLanguage\":\"pt-AO\",\"url\":\"https:\/\/www.2twentyscooters.com\/wp-content\/uploads\/2016\/08\/logo-2twentyscooter-vertical-1.png\",\"contentUrl\":\"https:\/\/www.2twentyscooters.com\/wp-content\/uploads\/2016\/08\/logo-2twentyscooter-vertical-1.png\",\"width\":166,\"height\":120,\"caption\":\"scooter \u00e9lectrique batterie lithium\"},{\"@type\":\"WebPage\",\"@id\":\"https:\/\/www.2twentyscooters.com\/pt\/quem-somos\/#webpage\",\"url\":\"https:\/\/www.2twentyscooters.com\/pt\/quem-somos\/\",\"name\":\"Quem somos\",\"isPartOf\":{\"@id\":\"https:\/\/www.2twentyscooters.com\/en\/#website\"},\"primaryImageOfPage\":{\"@id\":\"https:\/\/www.2twentyscooters.com\/pt\/quem-somos\/#primaryimage\"},\"datePublished\":\"2019-10-22T10:05:48+00:00\",\"dateModified\":\"2021-01-11T13:46:41+00:00\",\"breadcrumb\":{\"@id\":\"https:\/\/www.2twentyscooters.com\/pt\/quem-somos\/#breadcrumb\"},\"inLanguage\":\"pt-AO\",\"potentialAction\":[{\"@type\":\"ReadAction\",\"target\":[\"https:\/\/www.2twentyscooters.com\/pt\/quem-somos\/\"]}]},{\"@type\":\"BreadcrumbList\",\"@id\":\"https:\/\/www.2twentyscooters.com\/pt\/quem-somos\/#breadcrumb\",\"itemListElement\":[{\"@type\":\"ListItem\",\"position\":1,\"name\":\"Home\",\"item\":\"https:\/\/www.2twentyscooters.com\/pt\/homenew\/\"},{\"@type\":\"ListItem\",\"position\":2,\"name\":\"Quem somos\"}]}]}<\/script>\n<!-- \/ Yoast SEO plugin. -->","yoast_head_json":{"title":"Quem somos","robots":{"index":"index","follow":"follow","max-snippet":"max-snippet:-1","max-image-preview":"max-image-preview:large","max-video-preview":"max-video-preview:-1"},"canonical":"https:\/\/www.2twentyscooters.com\/pt\/quem-somos\/","og_locale":"pt_PT","og_type":"article","og_title":"Quem somos","og_description":"QUEM SOMOS A marca 2Twenty \u00e9 de propriedade do E-Mobility Service N\u00f3s importamos e distribu\u00edmos 2Twenty scooters e fornecemos 2 anos de garantia e servi\u00e7o p\u00f3s-venda. Nossos clientes t\u00eam um \u00fanico contato que garante toda a cadeia de responsabilidade. O projeto 2Twenty nasceu em 2016 da vontade de democratizar as scooters el\u00e9tricas para todo o&hellip;&nbsp;Read More &raquo;Quem somos","og_url":"https:\/\/www.2twentyscooters.com\/pt\/quem-somos\/","og_site_name":"2Twenty Scooter \u00e9lectrique","article_modified_time":"2021-01-11T13:46:41+00:00","og_image":[{"url":"https:\/\/www.2twentyscooters.com\/wp-content\/uploads\/2016\/08\/logo-2twentyscooter-vertical-1.png"}],"twitter_card":"summary","twitter_misc":{"Est. reading time":"1 minuto"},"schema":{"@context":"https:\/\/schema.org","@graph":[{"@type":"Organization","@id":"https:\/\/www.2twentyscooters.com\/en\/#organization","name":"2twentyscooters","url":"https:\/\/www.2twentyscooters.com\/en\/","sameAs":[],"logo":{"@type":"ImageObject","@id":"https:\/\/www.2twentyscooters.com\/en\/#logo","inLanguage":"pt-AO","url":"https:\/\/www.2twentyscooters.com\/wp-content\/uploads\/2022\/03\/2twenty-scooters-logo.png","contentUrl":"https:\/\/www.2twentyscooters.com\/wp-content\/uploads\/2022\/03\/2twenty-scooters-logo.png","width":342,"height":55,"caption":"2twentyscooters"},"image":{"@id":"https:\/\/www.2twentyscooters.com\/en\/#logo"}},{"@type":"WebSite","@id":"https:\/\/www.2twentyscooters.com\/en\/#website","url":"https:\/\/www.2twentyscooters.com\/en\/","name":"2Twenty Scooter \u00e9lectrique","description":"","publisher":{"@id":"https:\/\/www.2twentyscooters.com\/en\/#organization"},"potentialAction":[{"@type":"SearchAction","target":{"@type":"EntryPoint","urlTemplate":"https:\/\/www.2twentyscooters.com\/en\/?s={search_term_string}"},"query-input":"required name=search_term_string"}],"inLanguage":"pt-AO"},{"@type":"ImageObject","@id":"https:\/\/www.2twentyscooters.com\/pt\/quem-somos\/#primaryimage","inLanguage":"pt-AO","url":"https:\/\/www.2twentyscooters.com\/wp-content\/uploads\/2016\/08\/logo-2twentyscooter-vertical-1.png","contentUrl":"https:\/\/www.2twentyscooters.com\/wp-content\/uploads\/2016\/08\/logo-2twentyscooter-vertical-1.png","width":166,"height":120,"caption":"scooter \u00e9lectrique batterie lithium"},{"@type":"WebPage","@id":"https:\/\/www.2twentyscooters.com\/pt\/quem-somos\/#webpage","url":"https:\/\/www.2twentyscooters.com\/pt\/quem-somos\/","name":"Quem somos","isPartOf":{"@id":"https:\/\/www.2twentyscooters.com\/en\/#website"},"primaryImageOfPage":{"@id":"https:\/\/www.2twentyscooters.com\/pt\/quem-somos\/#primaryimage"},"datePublished":"2019-10-22T10:05:48+00:00","dateModified":"2021-01-11T13:46:41+00:00","breadcrumb":{"@id":"https:\/\/www.2twentyscooters.com\/pt\/quem-somos\/#breadcrumb"},"inLanguage":"pt-AO","potentialAction":[{"@type":"ReadAction","target":["https:\/\/www.2twentyscooters.com\/pt\/quem-somos\/"]}]},{"@type":"BreadcrumbList","@id":"https:\/\/www.2twentyscooters.com\/pt\/quem-somos\/#breadcrumb","itemListElement":[{"@type":"ListItem","position":1,"name":"Home","item":"https:\/\/www.2twentyscooters.com\/pt\/homenew\/"},{"@type":"ListItem","position":2,"name":"Quem somos"}]}]}},"_links":{"self":[{"href":"https:\/\/www.2twentyscooters.com\/pt\/wp-json\/wp\/v2\/pages\/21139"}],"collection":[{"href":"https:\/\/www.2twentyscooters.com\/pt\/wp-json\/wp\/v2\/pages"}],"about":[{"href":"https:\/\/www.2twentyscooters.com\/pt\/wp-json\/wp\/v2\/types\/page"}],"author":[{"embeddable":true,"href":"https:\/\/www.2twentyscooters.com\/pt\/wp-json\/wp\/v2\/users\/1"}],"replies":[{"embeddable":true,"href":"https:\/\/www.2twentyscooters.com\/pt\/wp-json\/wp\/v2\/comments?post=21139"}],"version-history":[{"count":0,"href":"https:\/\/www.2twentyscooters.com\/pt\/wp-json\/wp\/v2\/pages\/21139\/revisions"}],"wp:attachment":[{"href":"https:\/\/www.2twentyscooters.com\/pt\/wp-json\/wp\/v2\/media?parent=21139"}],"curies":[{"name":"wp","href":"https:\/\/api.w.org\/{rel}","templated":true}]}}