{"id":44041,"date":"2021-06-02T18:14:27","date_gmt":"2021-06-02T16:14:27","guid":{"rendered":"https:\/\/www.2twentyscooters.com\/produit\/scooter-2twenty-roma-4800-rouge\/"},"modified":"2023-05-30T18:42:21","modified_gmt":"2023-05-30T16:42:21","slug":"scooter-2twenty-roma-4800-rouge","status":"publish","type":"product","link":"https:\/\/www.2twentyscooters.com\/nl_BEl\/produit\/scooter-2twenty-roma-4800-rouge\/","title":{"rendered":"Scooter 2Twenty Roma 4800 &#8211; Rood"},"content":{"rendered":"<p>Met trots presenteren wij de nieuwste toevoeging aan de 2Twenty-familie: de Roma 4800, onze eerste 125 cc equivalente elektrische scooter!<br \/>\nWe vinden dezelfde carrosserie met een tijdloos retro-design als de<a href=\"https:\/\/www.2twentyscooters.com\/produit\/scooter-electrique-2twenty-roma-argente\/\"> Rome 2900<\/a> evenals alle innovaties van de 3-serie (twee versnellingsmodi, TRIP-functie, LED-koplampen, enz.) Die worden gedragen door een nieuwe motor van 4.800 watt waarmee u tot 85 km \/ u kunt gaan. En dat is niet alles, de Roma 4800 bevat de volgende andere nieuwe functies in vergelijking met de 2900:<br \/>\n&#8211; 12 inch wielen ipv 10<br \/>\n&#8211; Versterkte schokdempers voor en achter<br \/>\n&#8211; CBS-remmen (gecombineerd remsysteem) remdistributie<br \/>\n&#8211; Dubbele controller (\u00e9\u00e9n per batterij)<br \/>\n&#8211; Verkocht met een klassieke 6h-oplader en een 2h-snellader<\/p>\n<p>De Roma 4800 heeft twee parallel gemonteerde accu&#8217;s nodig om te kunnen rijden. Net als bij de 2900 zijn dit verwijderbare lithiumbatterijen van 72 V \/ 20 Ah met een gewicht van elk ongeveer 10 kg, die onder het zadel worden geplaatst en worden opgeladen op elk standaard stopcontact van 220 V. Ze bieden een bereik van ongeveer 80 km en hebben elk een LED-laadindicator direct op de batterij evenals hun eigen GFCI in de scooter.<br \/>\nGezien het vermogen van de motor is het noodzakelijk om in het bezit te zijn van een A1 tweewielig rijbewijs (toegankelijk vanaf 16 jaar) om de Roma 4800 te besturen.<br \/>\nAls u een scooter wilt die het vermogen van een 125 cc-equivalent combineert met het gebruikscomfort van een elektrische scooter, met respect voor het milieu en zonder onderhoud, dan is de Roma 4800 iets voor u!<\/p>\n<p><a href=\"https:\/\/www.2twentyscooters.com\/wp-content\/uploads\/2021\/05\/Manuel-utilisation-4800-17-09-20.pdf\" target=\"_blank\" rel=\"noopener noreferrer\"><span style=\"color: #339966;\"><strong>Fax<\/strong><\/span><span style=\"color: #339966;\"><strong> harger gebruiksaanwijzing:<\/strong><\/span> Gebruikershandleiding 2Twenty Roma 4800 <\/a><br \/>\n<span style=\"color: #339966;\"><strong>T<\/strong><\/span><a href=\"https:\/\/www.2twentyscooters.com\/tutoriels-dinstallation-et-reparation\/\" target=\"_blank\" rel=\"noopener noreferrer\"><span style=\"color: #339966;\"><strong> installatie- en reparatiehulpmiddelen<\/strong>\u200b<\/span> Tutorials<\/a><\/p>\n<p><strong>TECHNISCHE INFORMATIE :<\/strong><\/p>\n<p>&#8211; Max snelheid: 80 km \/ h<br \/>\n&#8211; Autonomie: 80 km<br \/>\n&#8211; Garantie: 2 jaar (scooter en accu)<br \/>\n&#8211; 2 versnellingsmodi: sport (sterke acceleratie) of energiebesparing (zachte acceleratie) &#8211;<a href=\"https:\/\/youtu.be\/g5Cn0TvuDmk\"> Klik hier om het proces te zien<\/a>\u200b De scootmobiel wordt standaard geleverd in eco-modus.<br \/>\n&#8211; 2 verwijderbare 72V \/ 20 Ah Lithium-batterijen met ge\u00efntegreerde LED-laadindicator. Vereist dat beide parallel zijn aangesloten om te kunnen rijden.<br \/>\n&#8211; Nauwkeurig laadniveau aangegeven in% op de meter (communicerende BMS) voor elke batterij<br \/>\n&#8211; TRIP-functie met rechterknop op het stuur<br \/>\n&#8211; Oplaadtijd: 50% in 2 uur en 100% in 6 uur. De oplader kan rechtstreeks op de batterij worden aangesloten of op het stopcontact in het zijhandschoenenkastje.<br \/>\n&#8211; Aantal cycli: 900 (d.w.z. ongeveer 60.000 km voor de twee accu&#8217;s)<br \/>\n&#8211; Motorvermogen: 4.800 Watt<br \/>\n&#8211; Verbruik \/ 100 km: 3,5 kWh<br \/>\n&#8211; Schijfrem voor en achter met hydraulische dubbele zuiger remklauw, CBS-technologie (remverdeler)<br \/>\n&#8211; Chromen schokdempers vooraan met veer en zuiger<br \/>\n&#8211; Laag verbruik LED-koplampen voor en achter<br \/>\n&#8211; Banden: 110\/70-12 &#8220;Tubeless<br \/>\n&#8211; Bandenspanning: voor 2,8 bar \/ achter 2,8 bar<br \/>\n&#8211; Gewicht (met batterijen): 90 kg<br \/>\n&#8211; Gewicht batterij: 10 kg<br \/>\n&#8211; Maximaal gewicht aan boord: 150 kg<br \/>\n&#8211; Lengte 189 cm<br \/>\n&#8211; Breedte: 78,5 cm<br \/>\n&#8211; Hoogte: 111 cm (bijgevoegd schema)<br \/>\n&#8211; Zithoogte: 82 cm<\/p>\n<p><strong>Belangrijk<\/strong> : controleer zorgvuldig de bandenspanning: 2,8 bar voor en 2,8 bar achter. Als de banden niet voldoende opgepompt zijn, vermindert dit zowel de maximumsnelheid als de actieradius.<\/p>\n","protected":false},"excerpt":{"rendered":"<p>Tweezits elektrische scooter, vereist A1-rijbewijs (twee wielen), 125 cc-equivalent<br \/>\n&#8211; Max snelheid: 80 km \/ h<br \/>\n&#8211; Vermogen: 4.800 Watt<br \/>\n&#8211; Autonomie: 80 km met 2 batterijen<br \/>\n&#8211; Verwijderbare lithiumbatterijen 10 Kg<br \/>\n&#8211; Levensduur batterij: 900 cycli (ongeveer 60.000 km voor twee batterijen)<br \/>\n&#8211; Twee jaar garantie (scooter en accu)<\/p>\n","protected":false},"featured_media":45315,"comment_status":"closed","ping_status":"closed","template":"","meta":[],"product_cat":[532],"product_tag":[],"yoast_head":"<!-- This site is optimized with the Yoast SEO plugin v18.4.1 - https:\/\/yoast.com\/wordpress\/plugins\/seo\/ -->\n<title>Achat scooter \u00e9lectrique au look r\u00e9tro. 2Twenty est un deux roues fran\u00e7ais<\/title>\n<meta name=\"description\" content=\"Acheter un scooter \u00e9lectrique 2Twenty au look r\u00e9tro. Moteur 2900 Watt, 65 ou 130km d&#039;autonomie avec 1 ou 2 batterie amovible. On garantie tout pendant 2 ans\" \/>\n<meta name=\"robots\" content=\"index, follow, max-snippet:-1, max-image-preview:large, max-video-preview:-1\" \/>\n<link rel=\"canonical\" href=\"https:\/\/www.2twentyscooters.com\/nl_BEl\/produit\/scooter-2twenty-roma-4800-rouge\/\" \/>\n<meta property=\"og:locale\" content=\"nl_BE\" \/>\n<meta property=\"og:type\" content=\"article\" \/>\n<meta property=\"og:title\" content=\"Achat scooter \u00e9lectrique au look r\u00e9tro. 2Twenty est un deux roues fran\u00e7ais\" \/>\n<meta property=\"og:description\" content=\"Acheter un scooter \u00e9lectrique 2Twenty au look r\u00e9tro. Moteur 2900 Watt, 65 ou 130km d&#039;autonomie avec 1 ou 2 batterie amovible. On garantie tout pendant 2 ans\" \/>\n<meta property=\"og:url\" content=\"https:\/\/www.2twentyscooters.com\/nl_BEl\/produit\/scooter-2twenty-roma-4800-rouge\/\" \/>\n<meta property=\"og:site_name\" content=\"2Twenty Scooter \u00e9lectrique\" \/>\n<meta property=\"article:modified_time\" content=\"2023-05-30T16:42:21+00:00\" \/>\n<meta property=\"og:image\" content=\"https:\/\/www.2twentyscooters.com\/wp-content\/uploads\/2021\/06\/Roma-4800-rouge-1.jpg\" \/>\n\t<meta property=\"og:image:width\" content=\"800\" \/>\n\t<meta property=\"og:image:height\" content=\"600\" \/>\n\t<meta property=\"og:image:type\" content=\"image\/jpeg\" \/>\n<meta name=\"twitter:card\" content=\"summary\" \/>\n<meta name=\"twitter:label1\" content=\"Geschatte leestijd\" \/>\n\t<meta name=\"twitter:data1\" content=\"3 minuten\" \/>\n<script type=\"application\/ld+json\" class=\"yoast-schema-graph\">{\"@context\":\"https:\/\/schema.org\",\"@graph\":[{\"@type\":\"Organization\",\"@id\":\"https:\/\/www.2twentyscooters.com\/en\/#organization\",\"name\":\"2twentyscooters\",\"url\":\"https:\/\/www.2twentyscooters.com\/en\/\",\"sameAs\":[],\"logo\":{\"@type\":\"ImageObject\",\"@id\":\"https:\/\/www.2twentyscooters.com\/en\/#logo\",\"inLanguage\":\"nl-BE\",\"url\":\"https:\/\/www.2twentyscooters.com\/wp-content\/uploads\/2022\/03\/2twenty-scooters-logo.png\",\"contentUrl\":\"https:\/\/www.2twentyscooters.com\/wp-content\/uploads\/2022\/03\/2twenty-scooters-logo.png\",\"width\":342,\"height\":55,\"caption\":\"2twentyscooters\"},\"image\":{\"@id\":\"https:\/\/www.2twentyscooters.com\/en\/#logo\"}},{\"@type\":\"WebSite\",\"@id\":\"https:\/\/www.2twentyscooters.com\/en\/#website\",\"url\":\"https:\/\/www.2twentyscooters.com\/en\/\",\"name\":\"2Twenty Scooter \u00e9lectrique\",\"description\":\"\",\"publisher\":{\"@id\":\"https:\/\/www.2twentyscooters.com\/en\/#organization\"},\"potentialAction\":[{\"@type\":\"SearchAction\",\"target\":{\"@type\":\"EntryPoint\",\"urlTemplate\":\"https:\/\/www.2twentyscooters.com\/en\/?s={search_term_string}\"},\"query-input\":\"required name=search_term_string\"}],\"inLanguage\":\"nl-BE\"},{\"@type\":\"ImageObject\",\"@id\":\"https:\/\/www.2twentyscooters.com\/nl_BEl\/produit\/scooter-2twenty-roma-4800-rouge\/#primaryimage\",\"inLanguage\":\"nl-BE\",\"url\":\"https:\/\/www.2twentyscooters.com\/wp-content\/uploads\/2021\/06\/Roma-4800-rouge-1.jpg\",\"contentUrl\":\"https:\/\/www.2twentyscooters.com\/wp-content\/uploads\/2021\/06\/Roma-4800-rouge-1.jpg\",\"width\":800,\"height\":600,\"caption\":\"Scooter 125 Roma 4800 rouge\"},{\"@type\":\"WebPage\",\"@id\":\"https:\/\/www.2twentyscooters.com\/nl_BEl\/produit\/scooter-2twenty-roma-4800-rouge\/#webpage\",\"url\":\"https:\/\/www.2twentyscooters.com\/nl_BEl\/produit\/scooter-2twenty-roma-4800-rouge\/\",\"name\":\"Achat scooter \u00e9lectrique au look r\u00e9tro. 2Twenty est un deux roues fran\u00e7ais\",\"isPartOf\":{\"@id\":\"https:\/\/www.2twentyscooters.com\/en\/#website\"},\"primaryImageOfPage\":{\"@id\":\"https:\/\/www.2twentyscooters.com\/nl_BEl\/produit\/scooter-2twenty-roma-4800-rouge\/#primaryimage\"},\"datePublished\":\"2021-06-02T16:14:27+00:00\",\"dateModified\":\"2023-05-30T16:42:21+00:00\",\"description\":\"Acheter un scooter \u00e9lectrique 2Twenty au look r\u00e9tro. Moteur 2900 Watt, 65 ou 130km d'autonomie avec 1 ou 2 batterie amovible. On garantie tout pendant 2 ans\",\"breadcrumb\":{\"@id\":\"https:\/\/www.2twentyscooters.com\/nl_BEl\/produit\/scooter-2twenty-roma-4800-rouge\/#breadcrumb\"},\"inLanguage\":\"nl-BE\",\"potentialAction\":[{\"@type\":\"ReadAction\",\"target\":[\"https:\/\/www.2twentyscooters.com\/nl_BEl\/produit\/scooter-2twenty-roma-4800-rouge\/\"]}]},{\"@type\":\"BreadcrumbList\",\"@id\":\"https:\/\/www.2twentyscooters.com\/nl_BEl\/produit\/scooter-2twenty-roma-4800-rouge\/#breadcrumb\",\"itemListElement\":[{\"@type\":\"ListItem\",\"position\":1,\"name\":\"Home\",\"item\":\"https:\/\/www.2twentyscooters.com\/nl_BEl\/\"},{\"@type\":\"ListItem\",\"position\":2,\"name\":\"Winkel\",\"item\":\"https:\/\/www.2twentyscooters.com\/nl_BEl\/winkel\/\"},{\"@type\":\"ListItem\",\"position\":3,\"name\":\"Scooters\",\"item\":\"https:\/\/www.2twentyscooters.com\/nl_BEl\/categorie-produit\/scooters\/\"},{\"@type\":\"ListItem\",\"position\":4,\"name\":\"Scooter 2Twenty Roma 4800 &#8211; Rood\"}]}]}<\/script>\n<!-- \/ Yoast SEO plugin. -->","yoast_head_json":{"title":"Achat scooter \u00e9lectrique au look r\u00e9tro. 2Twenty est un deux roues fran\u00e7ais","description":"Acheter un scooter \u00e9lectrique 2Twenty au look r\u00e9tro. Moteur 2900 Watt, 65 ou 130km d'autonomie avec 1 ou 2 batterie amovible. On garantie tout pendant 2 ans","robots":{"index":"index","follow":"follow","max-snippet":"max-snippet:-1","max-image-preview":"max-image-preview:large","max-video-preview":"max-video-preview:-1"},"canonical":"https:\/\/www.2twentyscooters.com\/nl_BEl\/produit\/scooter-2twenty-roma-4800-rouge\/","og_locale":"nl_BE","og_type":"article","og_title":"Achat scooter \u00e9lectrique au look r\u00e9tro. 2Twenty est un deux roues fran\u00e7ais","og_description":"Acheter un scooter \u00e9lectrique 2Twenty au look r\u00e9tro. Moteur 2900 Watt, 65 ou 130km d'autonomie avec 1 ou 2 batterie amovible. On garantie tout pendant 2 ans","og_url":"https:\/\/www.2twentyscooters.com\/nl_BEl\/produit\/scooter-2twenty-roma-4800-rouge\/","og_site_name":"2Twenty Scooter \u00e9lectrique","article_modified_time":"2023-05-30T16:42:21+00:00","og_image":[{"width":800,"height":600,"url":"https:\/\/www.2twentyscooters.com\/wp-content\/uploads\/2021\/06\/Roma-4800-rouge-1.jpg","type":"image\/jpeg"}],"twitter_card":"summary","twitter_misc":{"Geschatte leestijd":"3 minuten"},"schema":{"@context":"https:\/\/schema.org","@graph":[{"@type":"Organization","@id":"https:\/\/www.2twentyscooters.com\/en\/#organization","name":"2twentyscooters","url":"https:\/\/www.2twentyscooters.com\/en\/","sameAs":[],"logo":{"@type":"ImageObject","@id":"https:\/\/www.2twentyscooters.com\/en\/#logo","inLanguage":"nl-BE","url":"https:\/\/www.2twentyscooters.com\/wp-content\/uploads\/2022\/03\/2twenty-scooters-logo.png","contentUrl":"https:\/\/www.2twentyscooters.com\/wp-content\/uploads\/2022\/03\/2twenty-scooters-logo.png","width":342,"height":55,"caption":"2twentyscooters"},"image":{"@id":"https:\/\/www.2twentyscooters.com\/en\/#logo"}},{"@type":"WebSite","@id":"https:\/\/www.2twentyscooters.com\/en\/#website","url":"https:\/\/www.2twentyscooters.com\/en\/","name":"2Twenty Scooter \u00e9lectrique","description":"","publisher":{"@id":"https:\/\/www.2twentyscooters.com\/en\/#organization"},"potentialAction":[{"@type":"SearchAction","target":{"@type":"EntryPoint","urlTemplate":"https:\/\/www.2twentyscooters.com\/en\/?s={search_term_string}"},"query-input":"required name=search_term_string"}],"inLanguage":"nl-BE"},{"@type":"ImageObject","@id":"https:\/\/www.2twentyscooters.com\/nl_BEl\/produit\/scooter-2twenty-roma-4800-rouge\/#primaryimage","inLanguage":"nl-BE","url":"https:\/\/www.2twentyscooters.com\/wp-content\/uploads\/2021\/06\/Roma-4800-rouge-1.jpg","contentUrl":"https:\/\/www.2twentyscooters.com\/wp-content\/uploads\/2021\/06\/Roma-4800-rouge-1.jpg","width":800,"height":600,"caption":"Scooter 125 Roma 4800 rouge"},{"@type":"WebPage","@id":"https:\/\/www.2twentyscooters.com\/nl_BEl\/produit\/scooter-2twenty-roma-4800-rouge\/#webpage","url":"https:\/\/www.2twentyscooters.com\/nl_BEl\/produit\/scooter-2twenty-roma-4800-rouge\/","name":"Achat scooter \u00e9lectrique au look r\u00e9tro. 2Twenty est un deux roues fran\u00e7ais","isPartOf":{"@id":"https:\/\/www.2twentyscooters.com\/en\/#website"},"primaryImageOfPage":{"@id":"https:\/\/www.2twentyscooters.com\/nl_BEl\/produit\/scooter-2twenty-roma-4800-rouge\/#primaryimage"},"datePublished":"2021-06-02T16:14:27+00:00","dateModified":"2023-05-30T16:42:21+00:00","description":"Acheter un scooter \u00e9lectrique 2Twenty au look r\u00e9tro. Moteur 2900 Watt, 65 ou 130km d'autonomie avec 1 ou 2 batterie amovible. On garantie tout pendant 2 ans","breadcrumb":{"@id":"https:\/\/www.2twentyscooters.com\/nl_BEl\/produit\/scooter-2twenty-roma-4800-rouge\/#breadcrumb"},"inLanguage":"nl-BE","potentialAction":[{"@type":"ReadAction","target":["https:\/\/www.2twentyscooters.com\/nl_BEl\/produit\/scooter-2twenty-roma-4800-rouge\/"]}]},{"@type":"BreadcrumbList","@id":"https:\/\/www.2twentyscooters.com\/nl_BEl\/produit\/scooter-2twenty-roma-4800-rouge\/#breadcrumb","itemListElement":[{"@type":"ListItem","position":1,"name":"Home","item":"https:\/\/www.2twentyscooters.com\/nl_BEl\/"},{"@type":"ListItem","position":2,"name":"Winkel","item":"https:\/\/www.2twentyscooters.com\/nl_BEl\/winkel\/"},{"@type":"ListItem","position":3,"name":"Scooters","item":"https:\/\/www.2twentyscooters.com\/nl_BEl\/categorie-produit\/scooters\/"},{"@type":"ListItem","position":4,"name":"Scooter 2Twenty Roma 4800 &#8211; Rood"}]}]}},"_links":{"self":[{"href":"https:\/\/www.2twentyscooters.com\/nl_BEl\/wp-json\/wp\/v2\/product\/44041"}],"collection":[{"href":"https:\/\/www.2twentyscooters.com\/nl_BEl\/wp-json\/wp\/v2\/product"}],"about":[{"href":"https:\/\/www.2twentyscooters.com\/nl_BEl\/wp-json\/wp\/v2\/types\/product"}],"replies":[{"embeddable":true,"href":"https:\/\/www.2twentyscooters.com\/nl_BEl\/wp-json\/wp\/v2\/comments?post=44041"}],"version-history":[{"count":0,"href":"https:\/\/www.2twentyscooters.com\/nl_BEl\/wp-json\/wp\/v2\/product\/44041\/revisions"}],"wp:featuredmedia":[{"embeddable":true,"href":"https:\/\/www.2twentyscooters.com\/nl_BEl\/wp-json\/wp\/v2\/media\/45315"}],"wp:attachment":[{"href":"https:\/\/www.2twentyscooters.com\/nl_BEl\/wp-json\/wp\/v2\/media?parent=44041"}],"wp:term":[{"taxonomy":"product_cat","embeddable":true,"href":"https:\/\/www.2twentyscooters.com\/nl_BEl\/wp-json\/wp\/v2\/product_cat?post=44041"},{"taxonomy":"product_tag","embeddable":true,"href":"https:\/\/www.2twentyscooters.com\/nl_BEl\/wp-json\/wp\/v2\/product_tag?post=44041"}],"curies":[{"name":"wp","href":"https:\/\/api.w.org\/{rel}","templated":true}]}}