{"id":43608,"date":"2021-05-26T12:27:28","date_gmt":"2021-05-26T10:27:29","guid":{"rendered":"https:\/\/www.2twentyscooters.com\/?post_type=product&#038;p=43608"},"modified":"2022-04-08T13:59:35","modified_gmt":"2022-04-08T11:59:35","slug":"moto-2twenty-roma-4800-plata-gris","status":"publish","type":"product","link":"https:\/\/www.2twentyscooters.com\/es\/produit\/moto-2twenty-roma-4800-plata-gris\/","title":{"rendered":"Moto 2Twenty Roma 4800 &#8211; Gris Plata"},"content":{"rendered":"<p>Estamos orgullosos de presentar la \u00faltima incorporaci\u00f3n a la familia 2Twenty: \u00a1la Roma 4800, nuestra primera Moto el\u00e9ctrica equivalente a 125 cc!<br \/>\nEncontramos la misma carrocer\u00eda con un dise\u00f1o retro atemporal que la <a href=\"https:\/\/www.2twentyscooters.com\/produit\/scooter-electrique-2twenty-roma-argente\/\">Roma 2900<\/a> as\u00ed como todas las innovaciones de la serie 3 (dos modos de aceleraci\u00f3n, funci\u00f3n TRIP, faros LED, etc.) llevadas por un nuevo motor de 4.800 vatios que te permitir\u00e1n para subir a 80 km \/ h. Y eso no es todo, el Roma 4800 incluye las siguientes otras caracter\u00edsticas nuevas en comparaci\u00f3n con el 2900:<br \/>\n&#8211; Ruedas de 12 pulgadas en lugar de 10<br \/>\n&#8211; Amortiguadores delanteros y traseros reforzados<br \/>\n&#8211; Distribuci\u00f3n de los frenos CBS Brakes (Combined Braking System)<br \/>\n&#8211; Controlador dual (uno por bater\u00eda)<br \/>\n&#8211; Se vende con un cargador cl\u00e1sico de 6 horas y un cargador r\u00e1pido de 2 horas.<\/p>\n<p>El Roma 4800 requiere dos bater\u00edas montadas en paralelo para funcionar. Al igual que en el 2900, se trata de bater\u00edas de litio extra\u00edbles de 72 V \/ 20 Ah que pesan aproximadamente 10 kg cada una, que se encuentran debajo del sill\u00edn y se recargan en cualquier toma de corriente est\u00e1ndar de 220 V. Proporcionan un alcance de aproximadamente 80 km y cada una tiene un indicador de carga LED directamente encendido la bater\u00eda, as\u00ed como su propio GFCI dentro del scooter.<br \/>\nDada la potencia del motor, es necesario poseer un carnet de dos ruedas A1 (accesible a partir de los 16 a\u00f1os) para conducir la Roma 4800.<br \/>\nSi quieres un patinete que combine la potencia de un equivalente a 125 cc con la comodidad de uso de un patinete el\u00e9ctrico respetando el medio ambiente y sin necesidad de mantenimiento, \u00a1el Roma 4800 es para ti!<\/p>\n<p><a href=\"https:\/\/www.2twentyscooters.com\/wp-content\/uploads\/2021\/05\/Manuel-utilisation-4800-17-09-20.pdf\" target=\"_blank\" rel=\"noopener noreferrer\"><span style=\"color: #339966;\"><strong>Fax<\/strong><\/span><span style=\"color: #339966;\"><strong> instrucciones de uso m\u00e1s estrictas:<\/strong><\/span> Manual de usuario 2Twenty Roma 4800 <\/a><br \/>\n<span style=\"color: #339966;\"><strong>T<\/strong><\/span><a href=\"https:\/\/www.2twentyscooters.com\/tutoriels-dinstallation-et-reparation\/\" target=\"_blank\" rel=\"noopener noreferrer\"><span style=\"color: #339966;\"><strong> herramientas de instalaci\u00f3n y reparaci\u00f3n<\/strong> :<\/span> Tutoriales<\/a><\/p>\n<p><strong>INFORMACIONES T\u00c9CNICAS:<\/strong><\/p>\n<p>&#8211; Velocidad m\u00e1xima: 80 km \/ h<br \/>\n&#8211; Autonom\u00eda: 80 km<br \/>\n&#8211; Garant\u00eda: 2 a\u00f1os (scooter y bater\u00eda)<br \/>\n&#8211; 2 modos de aceleraci\u00f3n: deportivo (fuerte aceleraci\u00f3n) o ahorro de energ\u00eda (suave aceleraci\u00f3n) &#8211;<a href=\"https:\/\/youtu.be\/g5Cn0TvuDmk\"> Haga clic aqu\u00ed para ver el proceso<\/a>.<br \/>\n&#8211; 2 bater\u00edas de litio extra\u00edbles de 72V \/ 20 Ah con indicador de carga LED integrado. Requiere ambos conectados en paralelo para conducir.<br \/>\n&#8211; Nivel de carga preciso indicado en% en el medidor (comunicando BMS) para cada bater\u00eda<br \/>\n&#8211; Funci\u00f3n TRIP con bot\u00f3n derecho en el manillar<br \/>\n&#8211; Tiempo de carga: 50% en 2 hy 100% en 6 h. El cargador se puede conectar directamente a la bater\u00eda o al enchufe colocado en la guantera lateral.<br \/>\n&#8211; N\u00famero de ciclos: 900 (es decir, unos 60.000 km para las dos bater\u00edas)<br \/>\n&#8211; Potencia del motor: 4.800 Watts<br \/>\n&#8211; Par motor: 67,6 Nm<br \/>\n&#8211; Consumo \/ 100 km: 3,5 kWh<br \/>\n&#8211; Freno de disco delantero y trasero con pinza hidr\u00e1ulica de doble pist\u00f3n, tecnolog\u00eda CBS (distribuidor de frenos)<br \/>\n&#8211; Amortiguadores delanteros cromados con resorte y pist\u00f3n<br \/>\n&#8211; Faros delanteros y traseros LED de bajo consumo<br \/>\n&#8211; Neum\u00e1ticos: 3.5-12 \u00absin c\u00e1mara<br \/>\n&#8211; Presi\u00f3n de los neum\u00e1ticos: delantero 2,8 bar \/ trasero 2,8 bar<br \/>\n&#8211; Peso (con pilas): 90 kg<br \/>\n&#8211; Peso de la bater\u00eda: 10 kg<br \/>\n&#8211; Peso m\u00e1ximo a bordo: 150 Kg<br \/>\n&#8211; Longitud 189 cm<br \/>\n&#8211; Ancho: 78,5 cm<br \/>\n&#8211; Alto: 111 cm (diagrama adjunto)<br \/>\n&#8211; Altura del asiento: 82 cm<br \/>\n&#8211; Color: gris plateado &#8211; C\u00f3digo Pantone: Cool Grey 10C<\/p>\n<p><strong>Importante<\/strong> : controle cuidadosamente la presi\u00f3n de los neum\u00e1ticos: 2,8 bar delante y detr\u00e1s. Si los neum\u00e1ticos no est\u00e1n lo suficientemente inflados, esto reduce la velocidad m\u00e1xima y la autonom\u00eda.<\/p>\n","protected":false},"excerpt":{"rendered":"<p>Moto el\u00e9ctrica biplaza, equivalente a 125 cc<br \/>\n\u2013 Velocidad m\u00e1xima: 80 km \/ h<br \/>\n\u2013 Potencia: 4.800 Watts<br \/>\n\u2013 Autonom\u00eda: 80 km con 2 bater\u00edas<br \/>\n\u2013 Bater\u00edas de litio extra\u00edbles de 10 Kg.<br \/>\n\u2013 Duraci\u00f3n de la bater\u00eda: 900 ciclos (aproximadamente 60.000 km para dos bater\u00edas)<br \/>\n\u2013 Garant\u00eda de dos a\u00f1os (moto y bater\u00eda)<\/p>\n","protected":false},"featured_media":45434,"comment_status":"closed","ping_status":"closed","template":"","meta":[],"product_cat":[377],"product_tag":[],"yoast_head":"<!-- This site is optimized with the Yoast SEO plugin v18.4.1 - https:\/\/yoast.com\/wordpress\/plugins\/seo\/ -->\n<title>Compra una moto electrica con un estilo retro. 2Twenty es un veh\u00edculo franc\u00e9s de dos ruedas<\/title>\n<meta name=\"description\" content=\"Compra una moto el\u00e9ctrica 2Twenty con estilo retro. Motor de 2900 Watt, 65 o 130km de autonom\u00eda con 1 o 2 bater\u00edas extra\u00edbles. Garantizamos todo por 2 a\u00f1os\" \/>\n<meta name=\"robots\" content=\"index, follow, max-snippet:-1, max-image-preview:large, max-video-preview:-1\" \/>\n<link rel=\"canonical\" href=\"https:\/\/www.2twentyscooters.com\/es\/produit\/moto-2twenty-roma-4800-plata-gris\/\" \/>\n<meta property=\"og:locale\" content=\"es_ES\" \/>\n<meta property=\"og:type\" content=\"article\" \/>\n<meta property=\"og:title\" content=\"Compra una moto electrica con un estilo retro. 2Twenty es un veh\u00edculo franc\u00e9s de dos ruedas\" \/>\n<meta property=\"og:description\" content=\"Compra una moto el\u00e9ctrica 2Twenty con estilo retro. Motor de 2900 Watt, 65 o 130km de autonom\u00eda con 1 o 2 bater\u00edas extra\u00edbles. Garantizamos todo por 2 a\u00f1os\" \/>\n<meta property=\"og:url\" content=\"https:\/\/www.2twentyscooters.com\/es\/produit\/moto-2twenty-roma-4800-plata-gris\/\" \/>\n<meta property=\"og:site_name\" content=\"2Twenty Scooter \u00e9lectrique\" \/>\n<meta property=\"article:modified_time\" content=\"2022-04-08T11:59:35+00:00\" \/>\n<meta property=\"og:image\" content=\"https:\/\/www.2twentyscooters.com\/wp-content\/uploads\/2021\/05\/4800-gris-1.jpg\" \/>\n\t<meta property=\"og:image:width\" content=\"800\" \/>\n\t<meta property=\"og:image:height\" content=\"600\" \/>\n\t<meta property=\"og:image:type\" content=\"image\/jpeg\" \/>\n<meta name=\"twitter:card\" content=\"summary\" \/>\n<meta name=\"twitter:label1\" content=\"Tiempo de lectura\" \/>\n\t<meta name=\"twitter:data1\" content=\"3 minutos\" \/>\n<script type=\"application\/ld+json\" class=\"yoast-schema-graph\">{\"@context\":\"https:\/\/schema.org\",\"@graph\":[{\"@type\":\"Organization\",\"@id\":\"https:\/\/www.2twentyscooters.com\/en\/#organization\",\"name\":\"2twentyscooters\",\"url\":\"https:\/\/www.2twentyscooters.com\/en\/\",\"sameAs\":[],\"logo\":{\"@type\":\"ImageObject\",\"@id\":\"https:\/\/www.2twentyscooters.com\/en\/#logo\",\"inLanguage\":\"es\",\"url\":\"https:\/\/www.2twentyscooters.com\/wp-content\/uploads\/2022\/03\/2twenty-scooters-logo.png\",\"contentUrl\":\"https:\/\/www.2twentyscooters.com\/wp-content\/uploads\/2022\/03\/2twenty-scooters-logo.png\",\"width\":342,\"height\":55,\"caption\":\"2twentyscooters\"},\"image\":{\"@id\":\"https:\/\/www.2twentyscooters.com\/en\/#logo\"}},{\"@type\":\"WebSite\",\"@id\":\"https:\/\/www.2twentyscooters.com\/en\/#website\",\"url\":\"https:\/\/www.2twentyscooters.com\/en\/\",\"name\":\"2Twenty Scooter \u00e9lectrique\",\"description\":\"\",\"publisher\":{\"@id\":\"https:\/\/www.2twentyscooters.com\/en\/#organization\"},\"potentialAction\":[{\"@type\":\"SearchAction\",\"target\":{\"@type\":\"EntryPoint\",\"urlTemplate\":\"https:\/\/www.2twentyscooters.com\/en\/?s={search_term_string}\"},\"query-input\":\"required name=search_term_string\"}],\"inLanguage\":\"es\"},{\"@type\":\"ImageObject\",\"@id\":\"https:\/\/www.2twentyscooters.com\/es\/produit\/moto-2twenty-roma-4800-plata-gris\/#primaryimage\",\"inLanguage\":\"es\",\"url\":\"https:\/\/www.2twentyscooters.com\/wp-content\/uploads\/2021\/05\/4800-gris-1.jpg\",\"contentUrl\":\"https:\/\/www.2twentyscooters.com\/wp-content\/uploads\/2021\/05\/4800-gris-1.jpg\",\"width\":800,\"height\":600,\"caption\":\"Scooter Roma 4800 Gris Argent\u00e9\"},{\"@type\":\"WebPage\",\"@id\":\"https:\/\/www.2twentyscooters.com\/es\/produit\/moto-2twenty-roma-4800-plata-gris\/#webpage\",\"url\":\"https:\/\/www.2twentyscooters.com\/es\/produit\/moto-2twenty-roma-4800-plata-gris\/\",\"name\":\"Compra una moto electrica con un estilo retro. 2Twenty es un veh\u00edculo franc\u00e9s de dos ruedas\",\"isPartOf\":{\"@id\":\"https:\/\/www.2twentyscooters.com\/en\/#website\"},\"primaryImageOfPage\":{\"@id\":\"https:\/\/www.2twentyscooters.com\/es\/produit\/moto-2twenty-roma-4800-plata-gris\/#primaryimage\"},\"datePublished\":\"2021-05-26T10:27:29+00:00\",\"dateModified\":\"2022-04-08T11:59:35+00:00\",\"description\":\"Compra una moto el\u00e9ctrica 2Twenty con estilo retro. Motor de 2900 Watt, 65 o 130km de autonom\u00eda con 1 o 2 bater\u00edas extra\u00edbles. Garantizamos todo por 2 a\u00f1os\",\"breadcrumb\":{\"@id\":\"https:\/\/www.2twentyscooters.com\/es\/produit\/moto-2twenty-roma-4800-plata-gris\/#breadcrumb\"},\"inLanguage\":\"es\",\"potentialAction\":[{\"@type\":\"ReadAction\",\"target\":[\"https:\/\/www.2twentyscooters.com\/es\/produit\/moto-2twenty-roma-4800-plata-gris\/\"]}]},{\"@type\":\"BreadcrumbList\",\"@id\":\"https:\/\/www.2twentyscooters.com\/es\/produit\/moto-2twenty-roma-4800-plata-gris\/#breadcrumb\",\"itemListElement\":[{\"@type\":\"ListItem\",\"position\":1,\"name\":\"Home\",\"item\":\"https:\/\/www.2twentyscooters.com\/es\/\"},{\"@type\":\"ListItem\",\"position\":2,\"name\":\"Boutique\",\"item\":\"https:\/\/www.2twentyscooters.com\/boutique\/\"},{\"@type\":\"ListItem\",\"position\":3,\"name\":\"Motos\",\"item\":\"https:\/\/www.2twentyscooters.com\/es\/categorie-produit\/motos-es\/\"},{\"@type\":\"ListItem\",\"position\":4,\"name\":\"Moto 2Twenty Roma 4800 &#8211; Gris Plata\"}]}]}<\/script>\n<!-- \/ Yoast SEO plugin. -->","yoast_head_json":{"title":"Compra una moto electrica con un estilo retro. 2Twenty es un veh\u00edculo franc\u00e9s de dos ruedas","description":"Compra una moto el\u00e9ctrica 2Twenty con estilo retro. Motor de 2900 Watt, 65 o 130km de autonom\u00eda con 1 o 2 bater\u00edas extra\u00edbles. Garantizamos todo por 2 a\u00f1os","robots":{"index":"index","follow":"follow","max-snippet":"max-snippet:-1","max-image-preview":"max-image-preview:large","max-video-preview":"max-video-preview:-1"},"canonical":"https:\/\/www.2twentyscooters.com\/es\/produit\/moto-2twenty-roma-4800-plata-gris\/","og_locale":"es_ES","og_type":"article","og_title":"Compra una moto electrica con un estilo retro. 2Twenty es un veh\u00edculo franc\u00e9s de dos ruedas","og_description":"Compra una moto el\u00e9ctrica 2Twenty con estilo retro. Motor de 2900 Watt, 65 o 130km de autonom\u00eda con 1 o 2 bater\u00edas extra\u00edbles. Garantizamos todo por 2 a\u00f1os","og_url":"https:\/\/www.2twentyscooters.com\/es\/produit\/moto-2twenty-roma-4800-plata-gris\/","og_site_name":"2Twenty Scooter \u00e9lectrique","article_modified_time":"2022-04-08T11:59:35+00:00","og_image":[{"width":800,"height":600,"url":"https:\/\/www.2twentyscooters.com\/wp-content\/uploads\/2021\/05\/4800-gris-1.jpg","type":"image\/jpeg"}],"twitter_card":"summary","twitter_misc":{"Tiempo de lectura":"3 minutos"},"schema":{"@context":"https:\/\/schema.org","@graph":[{"@type":"Organization","@id":"https:\/\/www.2twentyscooters.com\/en\/#organization","name":"2twentyscooters","url":"https:\/\/www.2twentyscooters.com\/en\/","sameAs":[],"logo":{"@type":"ImageObject","@id":"https:\/\/www.2twentyscooters.com\/en\/#logo","inLanguage":"es","url":"https:\/\/www.2twentyscooters.com\/wp-content\/uploads\/2022\/03\/2twenty-scooters-logo.png","contentUrl":"https:\/\/www.2twentyscooters.com\/wp-content\/uploads\/2022\/03\/2twenty-scooters-logo.png","width":342,"height":55,"caption":"2twentyscooters"},"image":{"@id":"https:\/\/www.2twentyscooters.com\/en\/#logo"}},{"@type":"WebSite","@id":"https:\/\/www.2twentyscooters.com\/en\/#website","url":"https:\/\/www.2twentyscooters.com\/en\/","name":"2Twenty Scooter \u00e9lectrique","description":"","publisher":{"@id":"https:\/\/www.2twentyscooters.com\/en\/#organization"},"potentialAction":[{"@type":"SearchAction","target":{"@type":"EntryPoint","urlTemplate":"https:\/\/www.2twentyscooters.com\/en\/?s={search_term_string}"},"query-input":"required name=search_term_string"}],"inLanguage":"es"},{"@type":"ImageObject","@id":"https:\/\/www.2twentyscooters.com\/es\/produit\/moto-2twenty-roma-4800-plata-gris\/#primaryimage","inLanguage":"es","url":"https:\/\/www.2twentyscooters.com\/wp-content\/uploads\/2021\/05\/4800-gris-1.jpg","contentUrl":"https:\/\/www.2twentyscooters.com\/wp-content\/uploads\/2021\/05\/4800-gris-1.jpg","width":800,"height":600,"caption":"Scooter Roma 4800 Gris Argent\u00e9"},{"@type":"WebPage","@id":"https:\/\/www.2twentyscooters.com\/es\/produit\/moto-2twenty-roma-4800-plata-gris\/#webpage","url":"https:\/\/www.2twentyscooters.com\/es\/produit\/moto-2twenty-roma-4800-plata-gris\/","name":"Compra una moto electrica con un estilo retro. 2Twenty es un veh\u00edculo franc\u00e9s de dos ruedas","isPartOf":{"@id":"https:\/\/www.2twentyscooters.com\/en\/#website"},"primaryImageOfPage":{"@id":"https:\/\/www.2twentyscooters.com\/es\/produit\/moto-2twenty-roma-4800-plata-gris\/#primaryimage"},"datePublished":"2021-05-26T10:27:29+00:00","dateModified":"2022-04-08T11:59:35+00:00","description":"Compra una moto el\u00e9ctrica 2Twenty con estilo retro. Motor de 2900 Watt, 65 o 130km de autonom\u00eda con 1 o 2 bater\u00edas extra\u00edbles. Garantizamos todo por 2 a\u00f1os","breadcrumb":{"@id":"https:\/\/www.2twentyscooters.com\/es\/produit\/moto-2twenty-roma-4800-plata-gris\/#breadcrumb"},"inLanguage":"es","potentialAction":[{"@type":"ReadAction","target":["https:\/\/www.2twentyscooters.com\/es\/produit\/moto-2twenty-roma-4800-plata-gris\/"]}]},{"@type":"BreadcrumbList","@id":"https:\/\/www.2twentyscooters.com\/es\/produit\/moto-2twenty-roma-4800-plata-gris\/#breadcrumb","itemListElement":[{"@type":"ListItem","position":1,"name":"Home","item":"https:\/\/www.2twentyscooters.com\/es\/"},{"@type":"ListItem","position":2,"name":"Boutique","item":"https:\/\/www.2twentyscooters.com\/boutique\/"},{"@type":"ListItem","position":3,"name":"Motos","item":"https:\/\/www.2twentyscooters.com\/es\/categorie-produit\/motos-es\/"},{"@type":"ListItem","position":4,"name":"Moto 2Twenty Roma 4800 &#8211; Gris Plata"}]}]}},"_links":{"self":[{"href":"https:\/\/www.2twentyscooters.com\/es\/wp-json\/wp\/v2\/product\/43608"}],"collection":[{"href":"https:\/\/www.2twentyscooters.com\/es\/wp-json\/wp\/v2\/product"}],"about":[{"href":"https:\/\/www.2twentyscooters.com\/es\/wp-json\/wp\/v2\/types\/product"}],"replies":[{"embeddable":true,"href":"https:\/\/www.2twentyscooters.com\/es\/wp-json\/wp\/v2\/comments?post=43608"}],"version-history":[{"count":0,"href":"https:\/\/www.2twentyscooters.com\/es\/wp-json\/wp\/v2\/product\/43608\/revisions"}],"wp:featuredmedia":[{"embeddable":true,"href":"https:\/\/www.2twentyscooters.com\/es\/wp-json\/wp\/v2\/media\/45434"}],"wp:attachment":[{"href":"https:\/\/www.2twentyscooters.com\/es\/wp-json\/wp\/v2\/media?parent=43608"}],"wp:term":[{"taxonomy":"product_cat","embeddable":true,"href":"https:\/\/www.2twentyscooters.com\/es\/wp-json\/wp\/v2\/product_cat?post=43608"},{"taxonomy":"product_tag","embeddable":true,"href":"https:\/\/www.2twentyscooters.com\/es\/wp-json\/wp\/v2\/product_tag?post=43608"}],"curies":[{"name":"wp","href":"https:\/\/api.w.org\/{rel}","templated":true}]}}