{"id":37888,"date":"2018-05-17T00:30:26","date_gmt":"2021-03-11T13:00:00","guid":{"rendered":"https:\/\/www.2twentyscooters.com\/produit\/servicio-de-registro\/"},"modified":"2021-03-19T14:43:39","modified_gmt":"2021-03-19T13:43:39","slug":"servicio-de-registro","status":"publish","type":"product","link":"https:\/\/www.2twentyscooters.com\/es\/produit\/servicio-de-registro\/","title":{"rendered":"Servicio de registro"},"content":{"rendered":"<p>Realizamos las gestiones necesarias para matricular el veh\u00edculo y obtener el documento de matriculaci\u00f3n.<\/p>\n<p>Documentos necesarios (en Francia):<\/p>\n<p><strong>PARA UN INDIVIDUO:<\/strong><\/p>\n<p>1- Copia de ambos lados del documente de identidad (o pasaporte)<br \/>\n2- Justificante de domicilio (factura de luz o tel\u00e9fono, recibo de alquiler, etc.)<br \/>\n3- Certificado de seguro (para ello, entregue al seguro los primeros 8 caracteres del veh\u00edculo: LXRBE1GY)<br \/>\n4- Para personas nacidas en 1988 o despu\u00e9s: copia de ambos lados del carnet de conducir o del BSR (Certificado de Seguridad Vial)<br \/>\n5- Escaneo del Certificado de Veh\u00edculo Europeo (documento amarillo) &gt;&gt; entregado con la moto y colocado debajo del sill\u00edn<br \/>\n6- Mandatar Cerfa 13757 * 03, completar solo las primeras 3 l\u00edneas, nombre, direcci\u00f3n y firmar. Descarga el mandato &gt;&gt; <a href=\"https:\/\/www.formulaires.modernisation.gouv.fr\/gf\/cerfa_13757.do\">Aqu\u00ed<\/a><br \/>\n7- Formulario de Solicitud de Certificado de Matr\u00edcula Cerfa 13750 * 05, complete solo los 2 primeros p\u00e1rrafos Veh\u00edculo y Titular. Descarga el formulario &gt;&gt; <a href=\"https:\/\/www.formulaires.modernisation.gouv.fr\/gf\/cerfa_13750.do\">Aqu\u00ed<\/a><\/p>\n<p><strong>PARA UNA EMPRESA :<\/strong><\/p>\n<p>1- Copia de la Kbis o SIREN de la empresa para profesionales y aut\u00f3nomos (+ comprobante de domicilio si solo SIREN)<br \/>\n2- Copia de ambos lados del documento de identidad del gerente (o pasaporte)<br \/>\n3- Certificado de seguro (para ello, entregue al seguro los primeros 8 caracteres del veh\u00edculo: LXRBE1GY)<br \/>\n4- Escaneo del Certificado de Veh\u00edculo Europeo (documento amarillo del scooter) &gt;&gt; entregado con la moto y colocado debajo del sill\u00edn<br \/>\n5- Mandato Cerfa 13757 * 03, llene solo las 3 primeras l\u00edneas: nombre de la empresa, direcci\u00f3n, (a firmar con sello). Descarga el mandato: &gt;&gt; <a href=\"https:\/\/www.formulaires.modernisation.gouv.fr\/gf\/cerfa_13757.do\">Aqu\u00ed<\/a><br \/>\n6- Formulario de Solicitud de Certificado de Matr\u00edcula Cerfa 13750 * 05, complete solo los 2 primeros p\u00e1rrafos Veh\u00edculo y Titular. Descarga el formulario &gt;&gt; <a href=\"https:\/\/www.formulaires.modernisation.gouv.fr\/gf\/cerfa_13750.do\">Aqu\u00ed<\/a><\/p>\n<p><strong>Informaci\u00f3n administrativa para el registro:<\/strong><br \/>\n&#8211; (D.1) Marca: 2 TWENTY<br \/>\n&#8211; (D.2) Tipo-Variante-Versi\u00f3n: LMJR01<br \/>\n&#8211; (D.2.1) C\u00f3digo de identificaci\u00f3n de tipo nacional (CNIT): L1EGJBCL000D003<br \/>\n&#8211; (D.3) Nombre comercial: LMJR<br \/>\n&#8211; (E) N\u00famero de identificaci\u00f3n del veh\u00edculo (VIN): aparece en el certificado entregado con la moto (documento amarillo), comienza con LXRBE1GY &#8230;<br \/>\n&#8211; (F.1) Masa m\u00e1xima en carga t\u00e9cnicamente admisible (en kg): 238<br \/>\n&#8211; (F.2) Masa m\u00e1xima en carga admisible del veh\u00edculo en uso (en kg): 238<br \/>\n&#8211; (G) Masa del veh\u00edculo en servicio (en kg): 71<br \/>\n&#8211; (G.1) Peso en vac\u00edo nacional: 71<br \/>\n&#8211; (J) Categor\u00eda de veh\u00edculo CE: L1e-B<br \/>\n&#8211; (J.1) Genero nacional: CL<br \/>\n&#8211; (J.3) Carrocer\u00eda (denominaci\u00f3n nacional): SOLO<br \/>\n&#8211; (S.1) N\u00famero de asientos incluido el del conductor: 2<br \/>\n&#8211; (K) N\u00famero de homologaci\u00f3n de tipo: e13 * 168\/2013 * 00372 * 00<br \/>\n&#8211; (P.3) Tipo de combustible: EL<\/p>\n<p>Informaci\u00f3n para el seguro (para obtener el certificado de seguro provisional):<br \/>\n&#8211; primeros 8 caracteres del n\u00famero de serie VIN: LXRBE1GY<\/p>\n<p>Nos env\u00eda todos los documentos enumerados anteriormente y nosotros nos encargamos del proceso de registro. Estamos a su disposici\u00f3n para ayudarle en la recopilaci\u00f3n de documentos.<br \/>\nUna vez realizado el servicio, le enviaremos el certificado de registro provisional por correo electr\u00f3nico.<br \/>\nUnos d\u00edas despu\u00e9s recibir\u00e1 el documento de registro por carta certificada en su domicilio. La tarjeta gris es enviada directamente por la prefectura.<br \/>\nEs importante que la direcci\u00f3n de su casa sea v\u00e1lida y que su nombre aparezca en su buz\u00f3n.<\/p>\n","protected":false},"excerpt":{"rendered":"<p>Servicio de matriculaci\u00f3n de moto en Francia<\/p>\n","protected":false},"featured_media":37889,"comment_status":"closed","ping_status":"closed","template":"","meta":[],"product_cat":[371],"product_tag":[],"yoast_head":"<!-- This site is optimized with the Yoast SEO plugin v18.4.1 - https:\/\/yoast.com\/wordpress\/plugins\/seo\/ -->\n<title>Servicio de registro<\/title>\n<meta name=\"description\" content=\"Servicio de matriculaci\u00f3n de moto en Francia\" \/>\n<meta name=\"robots\" content=\"index, follow, max-snippet:-1, max-image-preview:large, max-video-preview:-1\" \/>\n<link rel=\"canonical\" href=\"https:\/\/www.2twentyscooters.com\/es\/produit\/servicio-de-registro\/\" \/>\n<meta property=\"og:locale\" content=\"es_ES\" \/>\n<meta property=\"og:type\" content=\"article\" \/>\n<meta property=\"og:title\" content=\"Servicio de registro\" \/>\n<meta property=\"og:description\" content=\"Servicio de matriculaci\u00f3n de moto en Francia\" \/>\n<meta property=\"og:url\" content=\"https:\/\/www.2twentyscooters.com\/es\/produit\/servicio-de-registro\/\" \/>\n<meta property=\"og:site_name\" content=\"2Twenty Scooter \u00e9lectrique\" \/>\n<meta property=\"article:modified_time\" content=\"2021-03-19T13:43:39+00:00\" \/>\n<meta property=\"og:image\" content=\"https:\/\/www.2twentyscooters.com\/wp-content\/uploads\/2021\/01\/carte-grise.jpg\" \/>\n\t<meta property=\"og:image:width\" content=\"1120\" \/>\n\t<meta property=\"og:image:height\" content=\"830\" \/>\n\t<meta property=\"og:image:type\" content=\"image\/jpeg\" \/>\n<meta name=\"twitter:card\" content=\"summary\" \/>\n<meta name=\"twitter:label1\" content=\"Tiempo de lectura\" \/>\n\t<meta name=\"twitter:data1\" content=\"3 minutos\" \/>\n<script type=\"application\/ld+json\" class=\"yoast-schema-graph\">{\"@context\":\"https:\/\/schema.org\",\"@graph\":[{\"@type\":\"Organization\",\"@id\":\"https:\/\/www.2twentyscooters.com\/en\/#organization\",\"name\":\"2twentyscooters\",\"url\":\"https:\/\/www.2twentyscooters.com\/en\/\",\"sameAs\":[],\"logo\":{\"@type\":\"ImageObject\",\"@id\":\"https:\/\/www.2twentyscooters.com\/en\/#logo\",\"inLanguage\":\"es\",\"url\":\"https:\/\/www.2twentyscooters.com\/wp-content\/uploads\/2022\/03\/2twenty-scooters-logo.png\",\"contentUrl\":\"https:\/\/www.2twentyscooters.com\/wp-content\/uploads\/2022\/03\/2twenty-scooters-logo.png\",\"width\":342,\"height\":55,\"caption\":\"2twentyscooters\"},\"image\":{\"@id\":\"https:\/\/www.2twentyscooters.com\/en\/#logo\"}},{\"@type\":\"WebSite\",\"@id\":\"https:\/\/www.2twentyscooters.com\/en\/#website\",\"url\":\"https:\/\/www.2twentyscooters.com\/en\/\",\"name\":\"2Twenty Scooter \u00e9lectrique\",\"description\":\"\",\"publisher\":{\"@id\":\"https:\/\/www.2twentyscooters.com\/en\/#organization\"},\"potentialAction\":[{\"@type\":\"SearchAction\",\"target\":{\"@type\":\"EntryPoint\",\"urlTemplate\":\"https:\/\/www.2twentyscooters.com\/en\/?s={search_term_string}\"},\"query-input\":\"required name=search_term_string\"}],\"inLanguage\":\"es\"},{\"@type\":\"ImageObject\",\"@id\":\"https:\/\/www.2twentyscooters.com\/es\/produit\/servicio-de-registro\/#primaryimage\",\"inLanguage\":\"es\",\"url\":\"https:\/\/www.2twentyscooters.com\/wp-content\/uploads\/2021\/01\/carte-grise.jpg\",\"contentUrl\":\"https:\/\/www.2twentyscooters.com\/wp-content\/uploads\/2021\/01\/carte-grise.jpg\",\"width\":1120,\"height\":830},{\"@type\":\"WebPage\",\"@id\":\"https:\/\/www.2twentyscooters.com\/es\/produit\/servicio-de-registro\/#webpage\",\"url\":\"https:\/\/www.2twentyscooters.com\/es\/produit\/servicio-de-registro\/\",\"name\":\"Servicio de registro\",\"isPartOf\":{\"@id\":\"https:\/\/www.2twentyscooters.com\/en\/#website\"},\"primaryImageOfPage\":{\"@id\":\"https:\/\/www.2twentyscooters.com\/es\/produit\/servicio-de-registro\/#primaryimage\"},\"datePublished\":\"2021-03-11T13:00:00+00:00\",\"dateModified\":\"2021-03-19T13:43:39+00:00\",\"description\":\"Servicio de matriculaci\u00f3n de moto en Francia\",\"breadcrumb\":{\"@id\":\"https:\/\/www.2twentyscooters.com\/es\/produit\/servicio-de-registro\/#breadcrumb\"},\"inLanguage\":\"es\",\"potentialAction\":[{\"@type\":\"ReadAction\",\"target\":[\"https:\/\/www.2twentyscooters.com\/es\/produit\/servicio-de-registro\/\"]}]},{\"@type\":\"BreadcrumbList\",\"@id\":\"https:\/\/www.2twentyscooters.com\/es\/produit\/servicio-de-registro\/#breadcrumb\",\"itemListElement\":[{\"@type\":\"ListItem\",\"position\":1,\"name\":\"Home\",\"item\":\"https:\/\/www.2twentyscooters.com\/es\/\"},{\"@type\":\"ListItem\",\"position\":2,\"name\":\"Boutique\",\"item\":\"https:\/\/www.2twentyscooters.com\/boutique\/\"},{\"@type\":\"ListItem\",\"position\":3,\"name\":\"Accesorios\",\"item\":\"https:\/\/www.2twentyscooters.com\/es\/categorie-produit\/accesorios\/\"},{\"@type\":\"ListItem\",\"position\":4,\"name\":\"Servicio de registro\"}]}]}<\/script>\n<!-- \/ Yoast SEO plugin. -->","yoast_head_json":{"title":"Servicio de registro","description":"Servicio de matriculaci\u00f3n de moto en Francia","robots":{"index":"index","follow":"follow","max-snippet":"max-snippet:-1","max-image-preview":"max-image-preview:large","max-video-preview":"max-video-preview:-1"},"canonical":"https:\/\/www.2twentyscooters.com\/es\/produit\/servicio-de-registro\/","og_locale":"es_ES","og_type":"article","og_title":"Servicio de registro","og_description":"Servicio de matriculaci\u00f3n de moto en Francia","og_url":"https:\/\/www.2twentyscooters.com\/es\/produit\/servicio-de-registro\/","og_site_name":"2Twenty Scooter \u00e9lectrique","article_modified_time":"2021-03-19T13:43:39+00:00","og_image":[{"width":1120,"height":830,"url":"https:\/\/www.2twentyscooters.com\/wp-content\/uploads\/2021\/01\/carte-grise.jpg","type":"image\/jpeg"}],"twitter_card":"summary","twitter_misc":{"Tiempo de lectura":"3 minutos"},"schema":{"@context":"https:\/\/schema.org","@graph":[{"@type":"Organization","@id":"https:\/\/www.2twentyscooters.com\/en\/#organization","name":"2twentyscooters","url":"https:\/\/www.2twentyscooters.com\/en\/","sameAs":[],"logo":{"@type":"ImageObject","@id":"https:\/\/www.2twentyscooters.com\/en\/#logo","inLanguage":"es","url":"https:\/\/www.2twentyscooters.com\/wp-content\/uploads\/2022\/03\/2twenty-scooters-logo.png","contentUrl":"https:\/\/www.2twentyscooters.com\/wp-content\/uploads\/2022\/03\/2twenty-scooters-logo.png","width":342,"height":55,"caption":"2twentyscooters"},"image":{"@id":"https:\/\/www.2twentyscooters.com\/en\/#logo"}},{"@type":"WebSite","@id":"https:\/\/www.2twentyscooters.com\/en\/#website","url":"https:\/\/www.2twentyscooters.com\/en\/","name":"2Twenty Scooter \u00e9lectrique","description":"","publisher":{"@id":"https:\/\/www.2twentyscooters.com\/en\/#organization"},"potentialAction":[{"@type":"SearchAction","target":{"@type":"EntryPoint","urlTemplate":"https:\/\/www.2twentyscooters.com\/en\/?s={search_term_string}"},"query-input":"required name=search_term_string"}],"inLanguage":"es"},{"@type":"ImageObject","@id":"https:\/\/www.2twentyscooters.com\/es\/produit\/servicio-de-registro\/#primaryimage","inLanguage":"es","url":"https:\/\/www.2twentyscooters.com\/wp-content\/uploads\/2021\/01\/carte-grise.jpg","contentUrl":"https:\/\/www.2twentyscooters.com\/wp-content\/uploads\/2021\/01\/carte-grise.jpg","width":1120,"height":830},{"@type":"WebPage","@id":"https:\/\/www.2twentyscooters.com\/es\/produit\/servicio-de-registro\/#webpage","url":"https:\/\/www.2twentyscooters.com\/es\/produit\/servicio-de-registro\/","name":"Servicio de registro","isPartOf":{"@id":"https:\/\/www.2twentyscooters.com\/en\/#website"},"primaryImageOfPage":{"@id":"https:\/\/www.2twentyscooters.com\/es\/produit\/servicio-de-registro\/#primaryimage"},"datePublished":"2021-03-11T13:00:00+00:00","dateModified":"2021-03-19T13:43:39+00:00","description":"Servicio de matriculaci\u00f3n de moto en Francia","breadcrumb":{"@id":"https:\/\/www.2twentyscooters.com\/es\/produit\/servicio-de-registro\/#breadcrumb"},"inLanguage":"es","potentialAction":[{"@type":"ReadAction","target":["https:\/\/www.2twentyscooters.com\/es\/produit\/servicio-de-registro\/"]}]},{"@type":"BreadcrumbList","@id":"https:\/\/www.2twentyscooters.com\/es\/produit\/servicio-de-registro\/#breadcrumb","itemListElement":[{"@type":"ListItem","position":1,"name":"Home","item":"https:\/\/www.2twentyscooters.com\/es\/"},{"@type":"ListItem","position":2,"name":"Boutique","item":"https:\/\/www.2twentyscooters.com\/boutique\/"},{"@type":"ListItem","position":3,"name":"Accesorios","item":"https:\/\/www.2twentyscooters.com\/es\/categorie-produit\/accesorios\/"},{"@type":"ListItem","position":4,"name":"Servicio de registro"}]}]}},"_links":{"self":[{"href":"https:\/\/www.2twentyscooters.com\/es\/wp-json\/wp\/v2\/product\/37888"}],"collection":[{"href":"https:\/\/www.2twentyscooters.com\/es\/wp-json\/wp\/v2\/product"}],"about":[{"href":"https:\/\/www.2twentyscooters.com\/es\/wp-json\/wp\/v2\/types\/product"}],"replies":[{"embeddable":true,"href":"https:\/\/www.2twentyscooters.com\/es\/wp-json\/wp\/v2\/comments?post=37888"}],"version-history":[{"count":0,"href":"https:\/\/www.2twentyscooters.com\/es\/wp-json\/wp\/v2\/product\/37888\/revisions"}],"wp:featuredmedia":[{"embeddable":true,"href":"https:\/\/www.2twentyscooters.com\/es\/wp-json\/wp\/v2\/media\/37889"}],"wp:attachment":[{"href":"https:\/\/www.2twentyscooters.com\/es\/wp-json\/wp\/v2\/media?parent=37888"}],"wp:term":[{"taxonomy":"product_cat","embeddable":true,"href":"https:\/\/www.2twentyscooters.com\/es\/wp-json\/wp\/v2\/product_cat?post=37888"},{"taxonomy":"product_tag","embeddable":true,"href":"https:\/\/www.2twentyscooters.com\/es\/wp-json\/wp\/v2\/product_tag?post=37888"}],"curies":[{"name":"wp","href":"https:\/\/api.w.org\/{rel}","templated":true}]}}