{"id":36627,"date":"2017-09-28T11:27:10","date_gmt":"2021-03-04T22:36:19","guid":{"rendered":"https:\/\/www.2twentyscooters.com\/produit\/scooter-2twenty-roma-2900-azul-celeste\/"},"modified":"2022-04-08T11:49:26","modified_gmt":"2022-04-08T09:49:26","slug":"scooter-electrico-2twenty-roma-blue","status":"publish","type":"product","link":"https:\/\/www.2twentyscooters.com\/es\/produit\/scooter-electrico-2twenty-roma-blue\/","title":{"rendered":"Scooter 2Twenty Roma 2900 Azul Celeste"},"content":{"rendered":"<p>Aqu\u00ed est\u00e1 el nuevo modelo Roma 2900, serie 3 (S3). Se han realizado muchas mejoras: una nueva bater\u00eda m\u00e1s ligera (10 Kg) con indicador de carga LED, nuevo salpicadero en color con nivel de carga preciso indicado en%, nuevos amortiguadores cromados en la parte delantera, faros delanteros y traseros LED de bajo consumo, reposapi\u00e9s de aluminio anodizado.<br \/>\nDel lado del motor, la potencia es ahora de 2.900 vatios, lo que le da una muy buena recuperaci\u00f3n. Para frenar, lo hemos equipado con 2 frenos de disco de doble pist\u00f3n para controlar esta potencia de forma segura. Otra novedad: dos modos de aceleraci\u00f3n: sport o eco.<br \/>\nSin embargo, no hemos cambiado el aspecto retro de la d\u00e9cada de 1950.<br \/>\nY como antes, todav\u00eda no hay necesidad de revisar. Las bater\u00edas de litio se encuentran debajo del sill\u00edn. Simplemente con\u00e9ctelo y podr\u00e1 montar. La bater\u00eda se puede recargar en casa o en cualquier otro lugar en un enchufe est\u00e1ndar de 220 V en el que est\u00e1 enchufado el cargador.<br \/>\nPuedes llevar 1 o 2 bater\u00edas de 72V \/ 20Ah que permiten una autonom\u00eda de 50 km con una bater\u00eda o 100 km con ambas. Hemos agregado una funci\u00f3n TRIP que se puede restablecer a 0 usando un bot\u00f3n en el mango derecho.<br \/>\nEl scooter est\u00e1 equipado con un portaequipajes trasero reforzado (ya instalado). Existe la posibilidad de a\u00f1adir un portaequipajes delantero (incluido en la entrega pero no instalado).<br \/>\nAdministrativamente, la scooter Roma equivale a una t\u00e9rmica de 50 cc y, por tanto, no requiere carnet de conducir.<\/p>\n<p><a href=\"https:\/\/www.2twentyscooters.com\/wp-content\/uploads\/2019\/11\/Manuel-Utilisation-2Twenty-Roma-2900-10-5-2020.pdf\" target=\"_blank\" rel=\"noopener noreferrer\"><span style=\"color: #339966;\"><strong>Fax<\/strong><\/span><strong><span style=\"color: #339966;\"> manual de harger<\/span> :<\/strong> Manual de instrucciones 2Twenty Roma 2900 &#8211; S3<\/a><br \/>\n<a href=\"https:\/\/www.2twentyscooters.com\/tutoriels-dinstallation-et-reparation\/\" target=\"_blank\" rel=\"noopener noreferrer\"><span style=\"color: #339966;\"><strong>Tutoriales de instalaci\u00f3n y reparaci\u00f3n<\/strong> :<\/span> Tutoriales<\/a><\/p>\n<p><strong>INFORMACI\u00d3N T\u00c9CNICA:<\/strong><\/p>\n<p>&#8211; Velocidad m\u00e1xima: 45 km \/ h<br \/>\n&#8211; Alcance: 50 km con una bater\u00eda, 100 km con dos bater\u00edas<br \/>\n&#8211; Garant\u00eda: 2 a\u00f1os (scooter y bater\u00eda)<br \/>\n&#8211; 2 modos: deportivo (fuerte aceleraci\u00f3n) o ahorro de energ\u00eda (suave aceleraci\u00f3n) &#8211;<a href=\"https:\/\/youtu.be\/g5Cn0TvuDmk\"> haga clic aqu\u00ed para ver el proceso<\/a><br \/>\n&#8211; Bater\u00eda de litio extra\u00edble de 72V \/ 20 Ah con indicador de carga LED integrado. Posibilidad de poner dos uno al lado del otro.<br \/>\n&#8211; Nivel de carga preciso indicado en% en el medidor (comunicaci\u00f3n BMS) + funci\u00f3n TRIP con bot\u00f3n derecho en el manillar<br \/>\n&#8211; Tiempo de carga: 50% en 2 hy 100% en 6 h. El cargador se puede conectar directamente a la bater\u00eda o al enchufe colocado en la guantera lateral.<br \/>\n&#8211; N\u00famero de ciclos: 900 (aproximadamente 40.000 km)<br \/>\n&#8211; Potencia del motor: 2.900 Watts<br \/>\n&#8211; Par motor: 60 Nm<br \/>\n&#8211; Consumo \/ 100 km: 2,8 kWh<br \/>\n&#8211; Freno de disco delantero y trasero con pinza hidr\u00e1ulica de doble pist\u00f3n<br \/>\n&#8211; Amortiguadores delanteros cromados con resorte y pist\u00f3n<br \/>\n&#8211; Faros delanteros y traseros LED de bajo consumo<br \/>\n&#8211; Neum\u00e1ticos: 3.5-10 \u00absin c\u00e1mara<br \/>\n&#8211; Presi\u00f3n de los neum\u00e1ticos: delantero 2,3 bar \/ trasero 2,5 bar<br \/>\n&#8211; Peso (con bater\u00eda): 80 kg<br \/>\n&#8211; Peso de la bater\u00eda: 10 kg<br \/>\n&#8211; Peso m\u00e1ximo a bordo: 150 Kg<br \/>\n&#8211; Longitud 187 cm<br \/>\n&#8211; Ancho: 75 cm<br \/>\n&#8211; Alto: 108,5 cm (diagrama adjunto)<br \/>\n&#8211; Altura del asiento: 81 cm<br \/>\n&#8211; Color: Azul celeste &#8211; C\u00f3digo Pantone: 7681C<\/p>\n<p><strong>Importante<\/strong> : compruebe la presi\u00f3n de los neum\u00e1ticos: 2,3 bar delante y 2,5 bar detr\u00e1s. Cuando los neum\u00e1ticos no est\u00e1n lo suficientemente inflados, esto reduce la velocidad m\u00e1xima y la autonom\u00eda del scooter.<\/p>\n","protected":false},"excerpt":{"rendered":"<p>Scooter el\u00e9ctrico biplaza, no requiere licencia, equivalente a 50 cc<br \/>\n&#8211; Velocidad m\u00e1xima: 45 km \/ h<br \/>\n&#8211; Potencia: 2.900 Watts<br \/>\n&#8211; Autonom\u00eda: 50 km con 1 bater\u00eda, 100 km con 2 bater\u00edas<br \/>\n&#8211; Bater\u00eda de litio extra\u00edble de 10 Kg.<br \/>\n&#8211; Duraci\u00f3n de la bater\u00eda: 900 ciclos (aproximadamente 40.000 km)<br \/>\n&#8211; Garant\u00eda de dos a\u00f1os (scooter y bater\u00eda)<\/p>\n","protected":false},"featured_media":36664,"comment_status":"closed","ping_status":"closed","template":"","meta":[],"product_cat":[377],"product_tag":[],"yoast_head":"<!-- This site is optimized with the Yoast SEO plugin v18.4.1 - https:\/\/yoast.com\/wordpress\/plugins\/seo\/ -->\n<title>Patinete el\u00e9ctrico 2Twenty Roma garantizado, sin licencia equivalente de 50cc<\/title>\n<meta name=\"description\" content=\"Compra un patinete el\u00e9ctrico 2Twenty con estilo retro. Motor de 2900 Watt, 65 o 130km de autonom\u00eda con 1 o 2 bater\u00edas extra\u00edbles. Garantizamos todo por 2 a\u00f1os\" \/>\n<meta name=\"robots\" content=\"index, follow, max-snippet:-1, max-image-preview:large, max-video-preview:-1\" \/>\n<link rel=\"canonical\" href=\"https:\/\/www.2twentyscooters.com\/es\/produit\/scooter-electrico-2twenty-roma-blue\/\" \/>\n<meta property=\"og:locale\" content=\"es_ES\" \/>\n<meta property=\"og:type\" content=\"article\" \/>\n<meta property=\"og:title\" content=\"Patinete el\u00e9ctrico 2Twenty Roma garantizado, sin licencia equivalente de 50cc\" \/>\n<meta property=\"og:description\" content=\"Compra un patinete el\u00e9ctrico 2Twenty con estilo retro. Motor de 2900 Watt, 65 o 130km de autonom\u00eda con 1 o 2 bater\u00edas extra\u00edbles. Garantizamos todo por 2 a\u00f1os\" \/>\n<meta property=\"og:url\" content=\"https:\/\/www.2twentyscooters.com\/es\/produit\/scooter-electrico-2twenty-roma-blue\/\" \/>\n<meta property=\"og:site_name\" content=\"2Twenty Scooter \u00e9lectrique\" \/>\n<meta property=\"article:modified_time\" content=\"2022-04-08T09:49:26+00:00\" \/>\n<meta property=\"og:image\" content=\"https:\/\/www.2twentyscooters.com\/wp-content\/uploads\/2021\/01\/Scooter-bleu-800x600-optimisee.jpg\" \/>\n\t<meta property=\"og:image:width\" content=\"800\" \/>\n\t<meta property=\"og:image:height\" content=\"600\" \/>\n\t<meta property=\"og:image:type\" content=\"image\/jpeg\" \/>\n<meta name=\"twitter:card\" content=\"summary\" \/>\n<meta name=\"twitter:label1\" content=\"Tiempo de lectura\" \/>\n\t<meta name=\"twitter:data1\" content=\"3 minutos\" \/>\n<script type=\"application\/ld+json\" class=\"yoast-schema-graph\">{\"@context\":\"https:\/\/schema.org\",\"@graph\":[{\"@type\":\"Organization\",\"@id\":\"https:\/\/www.2twentyscooters.com\/en\/#organization\",\"name\":\"2twentyscooters\",\"url\":\"https:\/\/www.2twentyscooters.com\/en\/\",\"sameAs\":[],\"logo\":{\"@type\":\"ImageObject\",\"@id\":\"https:\/\/www.2twentyscooters.com\/en\/#logo\",\"inLanguage\":\"es\",\"url\":\"https:\/\/www.2twentyscooters.com\/wp-content\/uploads\/2022\/03\/2twenty-scooters-logo.png\",\"contentUrl\":\"https:\/\/www.2twentyscooters.com\/wp-content\/uploads\/2022\/03\/2twenty-scooters-logo.png\",\"width\":342,\"height\":55,\"caption\":\"2twentyscooters\"},\"image\":{\"@id\":\"https:\/\/www.2twentyscooters.com\/en\/#logo\"}},{\"@type\":\"WebSite\",\"@id\":\"https:\/\/www.2twentyscooters.com\/en\/#website\",\"url\":\"https:\/\/www.2twentyscooters.com\/en\/\",\"name\":\"2Twenty Scooter \u00e9lectrique\",\"description\":\"\",\"publisher\":{\"@id\":\"https:\/\/www.2twentyscooters.com\/en\/#organization\"},\"potentialAction\":[{\"@type\":\"SearchAction\",\"target\":{\"@type\":\"EntryPoint\",\"urlTemplate\":\"https:\/\/www.2twentyscooters.com\/en\/?s={search_term_string}\"},\"query-input\":\"required name=search_term_string\"}],\"inLanguage\":\"es\"},{\"@type\":\"ImageObject\",\"@id\":\"https:\/\/www.2twentyscooters.com\/es\/produit\/scooter-electrico-2twenty-roma-blue\/#primaryimage\",\"inLanguage\":\"es\",\"url\":\"https:\/\/www.2twentyscooters.com\/wp-content\/uploads\/2021\/01\/Scooter-bleu-800x600-optimisee.jpg\",\"contentUrl\":\"https:\/\/www.2twentyscooters.com\/wp-content\/uploads\/2021\/01\/Scooter-bleu-800x600-optimisee.jpg\",\"width\":800,\"height\":600},{\"@type\":\"WebPage\",\"@id\":\"https:\/\/www.2twentyscooters.com\/es\/produit\/scooter-electrico-2twenty-roma-blue\/#webpage\",\"url\":\"https:\/\/www.2twentyscooters.com\/es\/produit\/scooter-electrico-2twenty-roma-blue\/\",\"name\":\"Patinete el\u00e9ctrico 2Twenty Roma garantizado, sin licencia equivalente de 50cc\",\"isPartOf\":{\"@id\":\"https:\/\/www.2twentyscooters.com\/en\/#website\"},\"primaryImageOfPage\":{\"@id\":\"https:\/\/www.2twentyscooters.com\/es\/produit\/scooter-electrico-2twenty-roma-blue\/#primaryimage\"},\"datePublished\":\"2021-03-04T22:36:19+00:00\",\"dateModified\":\"2022-04-08T09:49:26+00:00\",\"description\":\"Compra un patinete el\u00e9ctrico 2Twenty con estilo retro. Motor de 2900 Watt, 65 o 130km de autonom\u00eda con 1 o 2 bater\u00edas extra\u00edbles. Garantizamos todo por 2 a\u00f1os\",\"breadcrumb\":{\"@id\":\"https:\/\/www.2twentyscooters.com\/es\/produit\/scooter-electrico-2twenty-roma-blue\/#breadcrumb\"},\"inLanguage\":\"es\",\"potentialAction\":[{\"@type\":\"ReadAction\",\"target\":[\"https:\/\/www.2twentyscooters.com\/es\/produit\/scooter-electrico-2twenty-roma-blue\/\"]}]},{\"@type\":\"BreadcrumbList\",\"@id\":\"https:\/\/www.2twentyscooters.com\/es\/produit\/scooter-electrico-2twenty-roma-blue\/#breadcrumb\",\"itemListElement\":[{\"@type\":\"ListItem\",\"position\":1,\"name\":\"Home\",\"item\":\"https:\/\/www.2twentyscooters.com\/es\/\"},{\"@type\":\"ListItem\",\"position\":2,\"name\":\"Boutique\",\"item\":\"https:\/\/www.2twentyscooters.com\/boutique\/\"},{\"@type\":\"ListItem\",\"position\":3,\"name\":\"Motos\",\"item\":\"https:\/\/www.2twentyscooters.com\/es\/categorie-produit\/motos-es\/\"},{\"@type\":\"ListItem\",\"position\":4,\"name\":\"Scooter 2Twenty Roma 2900 Azul Celeste\"}]}]}<\/script>\n<!-- \/ Yoast SEO plugin. -->","yoast_head_json":{"title":"Patinete el\u00e9ctrico 2Twenty Roma garantizado, sin licencia equivalente de 50cc","description":"Compra un patinete el\u00e9ctrico 2Twenty con estilo retro. Motor de 2900 Watt, 65 o 130km de autonom\u00eda con 1 o 2 bater\u00edas extra\u00edbles. Garantizamos todo por 2 a\u00f1os","robots":{"index":"index","follow":"follow","max-snippet":"max-snippet:-1","max-image-preview":"max-image-preview:large","max-video-preview":"max-video-preview:-1"},"canonical":"https:\/\/www.2twentyscooters.com\/es\/produit\/scooter-electrico-2twenty-roma-blue\/","og_locale":"es_ES","og_type":"article","og_title":"Patinete el\u00e9ctrico 2Twenty Roma garantizado, sin licencia equivalente de 50cc","og_description":"Compra un patinete el\u00e9ctrico 2Twenty con estilo retro. Motor de 2900 Watt, 65 o 130km de autonom\u00eda con 1 o 2 bater\u00edas extra\u00edbles. Garantizamos todo por 2 a\u00f1os","og_url":"https:\/\/www.2twentyscooters.com\/es\/produit\/scooter-electrico-2twenty-roma-blue\/","og_site_name":"2Twenty Scooter \u00e9lectrique","article_modified_time":"2022-04-08T09:49:26+00:00","og_image":[{"width":800,"height":600,"url":"https:\/\/www.2twentyscooters.com\/wp-content\/uploads\/2021\/01\/Scooter-bleu-800x600-optimisee.jpg","type":"image\/jpeg"}],"twitter_card":"summary","twitter_misc":{"Tiempo de lectura":"3 minutos"},"schema":{"@context":"https:\/\/schema.org","@graph":[{"@type":"Organization","@id":"https:\/\/www.2twentyscooters.com\/en\/#organization","name":"2twentyscooters","url":"https:\/\/www.2twentyscooters.com\/en\/","sameAs":[],"logo":{"@type":"ImageObject","@id":"https:\/\/www.2twentyscooters.com\/en\/#logo","inLanguage":"es","url":"https:\/\/www.2twentyscooters.com\/wp-content\/uploads\/2022\/03\/2twenty-scooters-logo.png","contentUrl":"https:\/\/www.2twentyscooters.com\/wp-content\/uploads\/2022\/03\/2twenty-scooters-logo.png","width":342,"height":55,"caption":"2twentyscooters"},"image":{"@id":"https:\/\/www.2twentyscooters.com\/en\/#logo"}},{"@type":"WebSite","@id":"https:\/\/www.2twentyscooters.com\/en\/#website","url":"https:\/\/www.2twentyscooters.com\/en\/","name":"2Twenty Scooter \u00e9lectrique","description":"","publisher":{"@id":"https:\/\/www.2twentyscooters.com\/en\/#organization"},"potentialAction":[{"@type":"SearchAction","target":{"@type":"EntryPoint","urlTemplate":"https:\/\/www.2twentyscooters.com\/en\/?s={search_term_string}"},"query-input":"required name=search_term_string"}],"inLanguage":"es"},{"@type":"ImageObject","@id":"https:\/\/www.2twentyscooters.com\/es\/produit\/scooter-electrico-2twenty-roma-blue\/#primaryimage","inLanguage":"es","url":"https:\/\/www.2twentyscooters.com\/wp-content\/uploads\/2021\/01\/Scooter-bleu-800x600-optimisee.jpg","contentUrl":"https:\/\/www.2twentyscooters.com\/wp-content\/uploads\/2021\/01\/Scooter-bleu-800x600-optimisee.jpg","width":800,"height":600},{"@type":"WebPage","@id":"https:\/\/www.2twentyscooters.com\/es\/produit\/scooter-electrico-2twenty-roma-blue\/#webpage","url":"https:\/\/www.2twentyscooters.com\/es\/produit\/scooter-electrico-2twenty-roma-blue\/","name":"Patinete el\u00e9ctrico 2Twenty Roma garantizado, sin licencia equivalente de 50cc","isPartOf":{"@id":"https:\/\/www.2twentyscooters.com\/en\/#website"},"primaryImageOfPage":{"@id":"https:\/\/www.2twentyscooters.com\/es\/produit\/scooter-electrico-2twenty-roma-blue\/#primaryimage"},"datePublished":"2021-03-04T22:36:19+00:00","dateModified":"2022-04-08T09:49:26+00:00","description":"Compra un patinete el\u00e9ctrico 2Twenty con estilo retro. Motor de 2900 Watt, 65 o 130km de autonom\u00eda con 1 o 2 bater\u00edas extra\u00edbles. Garantizamos todo por 2 a\u00f1os","breadcrumb":{"@id":"https:\/\/www.2twentyscooters.com\/es\/produit\/scooter-electrico-2twenty-roma-blue\/#breadcrumb"},"inLanguage":"es","potentialAction":[{"@type":"ReadAction","target":["https:\/\/www.2twentyscooters.com\/es\/produit\/scooter-electrico-2twenty-roma-blue\/"]}]},{"@type":"BreadcrumbList","@id":"https:\/\/www.2twentyscooters.com\/es\/produit\/scooter-electrico-2twenty-roma-blue\/#breadcrumb","itemListElement":[{"@type":"ListItem","position":1,"name":"Home","item":"https:\/\/www.2twentyscooters.com\/es\/"},{"@type":"ListItem","position":2,"name":"Boutique","item":"https:\/\/www.2twentyscooters.com\/boutique\/"},{"@type":"ListItem","position":3,"name":"Motos","item":"https:\/\/www.2twentyscooters.com\/es\/categorie-produit\/motos-es\/"},{"@type":"ListItem","position":4,"name":"Scooter 2Twenty Roma 2900 Azul Celeste"}]}]}},"_links":{"self":[{"href":"https:\/\/www.2twentyscooters.com\/es\/wp-json\/wp\/v2\/product\/36627"}],"collection":[{"href":"https:\/\/www.2twentyscooters.com\/es\/wp-json\/wp\/v2\/product"}],"about":[{"href":"https:\/\/www.2twentyscooters.com\/es\/wp-json\/wp\/v2\/types\/product"}],"replies":[{"embeddable":true,"href":"https:\/\/www.2twentyscooters.com\/es\/wp-json\/wp\/v2\/comments?post=36627"}],"version-history":[{"count":0,"href":"https:\/\/www.2twentyscooters.com\/es\/wp-json\/wp\/v2\/product\/36627\/revisions"}],"wp:featuredmedia":[{"embeddable":true,"href":"https:\/\/www.2twentyscooters.com\/es\/wp-json\/wp\/v2\/media\/36664"}],"wp:attachment":[{"href":"https:\/\/www.2twentyscooters.com\/es\/wp-json\/wp\/v2\/media?parent=36627"}],"wp:term":[{"taxonomy":"product_cat","embeddable":true,"href":"https:\/\/www.2twentyscooters.com\/es\/wp-json\/wp\/v2\/product_cat?post=36627"},{"taxonomy":"product_tag","embeddable":true,"href":"https:\/\/www.2twentyscooters.com\/es\/wp-json\/wp\/v2\/product_tag?post=36627"}],"curies":[{"name":"wp","href":"https:\/\/api.w.org\/{rel}","templated":true}]}}