{"id":36463,"date":"2017-04-17T16:07:43","date_gmt":"2021-03-04T22:36:16","guid":{"rendered":"https:\/\/www.2twentyscooters.com\/produit\/scooter-2twenty-roma-2900-gris-plata\/"},"modified":"2022-04-08T12:08:39","modified_gmt":"2022-04-08T10:08:39","slug":"moto-electrica-2twenty-roma-silver","status":"publish","type":"product","link":"https:\/\/www.2twentyscooters.com\/es\/produit\/moto-electrica-2twenty-roma-silver\/","title":{"rendered":"Moto 2Twenty Roma 2900 &#8211; Gris Plata"},"content":{"rendered":"<p>Aqu\u00ed est\u00e1 nuestro nuevo modelo Roma 2900, serie 3 (S3). Hemos realizado muchas mejoras:<br \/>\n&#8211; Bater\u00eda ligera (10 kg) equipada con un indicador de carga LED<br \/>\n&#8211; Panel de control a color con nivel de carga preciso mostrado en %<br \/>\n&#8211; Nuevos amortiguadores de pist\u00f3n y resorte cromados<br \/>\n&#8211; Faros delanteros y traseros LED de bajo consumo<br \/>\n&#8211; Reposapi\u00e9s de aluminio anodizado<br \/>\n&#8211; Dos modos de aceleraci\u00f3n: deportivo y ecol\u00f3gico<br \/>\nLa potencia del motor se ha aumentado a 2.900 vatios, lo que proporciona una muy buena recuperaci\u00f3n y un mayor par. La frenada consta de 2 frenos de disco de doble pist\u00f3n que permiten una frenada de emergencia con total seguridad. Por otro lado, \u00a1no hemos cambiado nada en su look retro de los a\u00f1os 50 que hace todo su encanto!<br \/>\nY como antes, todav\u00eda no es necesario hacer ninguna revisi\u00f3n. Las bater\u00edas de litio se encuentran debajo del sill\u00edn. Simplemente active el encendido y podr\u00e1 conducir. La bater\u00eda se puede recargar en casa o en cualquier otro lugar utilizando una toma de corriente est\u00e1ndar de 220 V.<br \/>\nPuede llevar 1 o 2 bater\u00edas extra\u00edbles de 72V \/ 20Ah que permiten una autonom\u00eda de 50 km con una bater\u00eda o 100 km con ambas. Hemos instalado una funci\u00f3n TRIP que se pone mediante un pulsador situado en la empu\u00f1adera derecha del manillar.<\/p>\n<p><a href=\"https:\/\/www.2twentyscooters.com\/wp-content\/uploads\/2019\/11\/Manuel-Utilisation-2Twenty-Roma-2900-10-5-2020.pdf\" target=\"_blank\" rel=\"noopener noreferrer\"><span style=\"color: #339966;\"><strong>Descargar instrucciones de uso:<\/strong><\/span> Manual de instrucciones 2Twenty Roma 2900 &#8211; S3<\/a><br \/>\n<a href=\"https:\/\/www.2twentyscooters.com\/tutoriels-dinstallation-et-reparation\/\" target=\"_blank\" rel=\"noopener noreferrer\"><span style=\"color: #339966;\"><strong>Herramientas de instalaci\u00f3n y reparaci\u00f3n<\/strong>:<\/span> Tutoriales<\/a><\/p>\n<p><strong>INFORMACI\u00d3N T\u00c9CNICA:<\/strong><\/p>\n<p>&#8211; Velocidad m\u00e1xima: 45 km \/ h<br \/>\n&#8211; Alcance: 50 km con una bater\u00eda, 100 km con dos bater\u00edas<br \/>\n&#8211; Garant\u00eda: 2 a\u00f1os (moto y bater\u00eda)<br \/>\n&#8211; 2 modos de aceleraci\u00f3n: deportivo (fuerte aceleraci\u00f3n) o ahorro de energ\u00eda (suave aceleraci\u00f3n) &#8211;<a href=\"https:\/\/youtu.be\/g5Cn0TvuDmk\"> Haga clic aqu\u00ed para ver el proceso de cambio<\/a> . La moto se entrega en modo eco.<br \/>\n&#8211; Bater\u00eda de litio extra\u00edble de 72V \/ 20 Ah con indicador de carga LED integrado. Posibilidad de poner dos bater\u00edas una al lado de la otra.<br \/>\n&#8211; Nivel de carga preciso indicado en% en el medidor (comunicaci\u00f3n BMS) + funci\u00f3n TRIP con bot\u00f3n derecho en la empu\u00f1adera derecha del manillar<br \/>\n&#8211; Tiempo de carga: 50% en 2 h, 100% en 6 h. El cargador se puede conectar directamente a la bater\u00eda o al enchufe colocado en la guantera lateral.<br \/>\n&#8211; N\u00famero de ciclos: 900 (aproximadamente 40.000 km)<br \/>\n&#8211; Potencia del motor: 2.900 Vatios<br \/>\n&#8211; Consumo \/ 100 km: 2,8 kWh<br \/>\n&#8211; Freno de disco delantero y trasero con pinza hidr\u00e1ulica de doble pist\u00f3n<br \/>\n&#8211; Amortiguadores delanteros cromados con resorte y pist\u00f3n<br \/>\n&#8211; Faros delanteros y traseros LED de bajo consumo<br \/>\n&#8211; Neum\u00e1ticos: 3.5-10&#8243; sin c\u00e1mara<br \/>\n&#8211; Presi\u00f3n de los neum\u00e1ticos: delantero 2,3 bar \/ trasero 2,5 bar<br \/>\n&#8211; Peso (con bater\u00eda): 80 kg<br \/>\n&#8211; Peso de la bater\u00eda: 10 kg<br \/>\n&#8211; Peso m\u00e1ximo a bordo: 150 Kg<br \/>\n&#8211; Longitud 187 cm<br \/>\n&#8211; Ancho: 75 cm<br \/>\n&#8211; Alto: 108,5 cm (diagrama adjunto)<br \/>\n&#8211; Altura del asiento: 81 cm<br \/>\n&#8211; Color: gris plateado &#8211; C\u00f3digo Pantone: Cool Grey 10C<\/p>\n<p><strong>Importante<\/strong> : controle cuidadosamente la presi\u00f3n de los neum\u00e1ticos: 2,3 bar delante y 2,5 bar detr\u00e1s. Si los neum\u00e1ticos no est\u00e1n lo suficientemente inflados, esto reduce la velocidad m\u00e1xima y la autonom\u00eda.<\/p>\n","protected":false},"excerpt":{"rendered":"<p>Moto el\u00e9ctrica biplaza, no requiere licencia, equivalente 50 cc<br \/>\n&#8211; Velocidad m\u00e1xima: 45 km \/ h<br \/>\n&#8211; Potencia: 2.900 Vatios<br \/>\n&#8211; Autonom\u00eda: 50 km con 1 bater\u00eda, 100 km con 2 bater\u00edas<br \/>\n&#8211; Bater\u00eda de litio extra\u00edble de 10 Kg.<br \/>\n&#8211; Duraci\u00f3n de la bater\u00eda: 900 ciclos (aproximadamente 40.000 km)<br \/>\n&#8211; Garant\u00eda de dos a\u00f1os (moto y bater\u00eda)<\/p>\n","protected":false},"featured_media":36482,"comment_status":"closed","ping_status":"closed","template":"","meta":[],"product_cat":[377],"product_tag":[],"yoast_head":"<!-- This site is optimized with the Yoast SEO plugin v18.4.1 - https:\/\/yoast.com\/wordpress\/plugins\/seo\/ -->\n<title>Compra una moto el\u00e9ctrica con estilo retro. 2Twenty es un veh\u00edculo franc\u00e9s de dos ruedas<\/title>\n<meta name=\"description\" content=\"Compra una moto el\u00e9ctrica 2Twenty con estilo retro. Motor de 2900 Watt, 50 o 100km de autonom\u00eda con 1 o 2 bater\u00edas extra\u00edbles. Garantizamos todo por 2 a\u00f1os\" \/>\n<meta name=\"robots\" content=\"index, follow, max-snippet:-1, max-image-preview:large, max-video-preview:-1\" \/>\n<link rel=\"canonical\" href=\"https:\/\/www.2twentyscooters.com\/es\/produit\/moto-electrica-2twenty-roma-silver\/\" \/>\n<meta property=\"og:locale\" content=\"es_ES\" \/>\n<meta property=\"og:type\" content=\"article\" \/>\n<meta property=\"og:title\" content=\"Compra una moto el\u00e9ctrica con estilo retro. 2Twenty es un veh\u00edculo franc\u00e9s de dos ruedas\" \/>\n<meta property=\"og:description\" content=\"Compra una moto el\u00e9ctrica 2Twenty con estilo retro. Motor de 2900 Watt, 50 o 100km de autonom\u00eda con 1 o 2 bater\u00edas extra\u00edbles. Garantizamos todo por 2 a\u00f1os\" \/>\n<meta property=\"og:url\" content=\"https:\/\/www.2twentyscooters.com\/es\/produit\/moto-electrica-2twenty-roma-silver\/\" \/>\n<meta property=\"og:site_name\" content=\"2Twenty Scooter \u00e9lectrique\" \/>\n<meta property=\"article:modified_time\" content=\"2022-04-08T10:08:39+00:00\" \/>\n<meta property=\"og:image\" content=\"https:\/\/www.2twentyscooters.com\/wp-content\/uploads\/2021\/01\/Scooter-gris-B-800x600-optimisee.jpg\" \/>\n\t<meta property=\"og:image:width\" content=\"800\" \/>\n\t<meta property=\"og:image:height\" content=\"600\" \/>\n\t<meta property=\"og:image:type\" content=\"image\/jpeg\" \/>\n<meta name=\"twitter:card\" content=\"summary\" \/>\n<meta name=\"twitter:label1\" content=\"Tiempo de lectura\" \/>\n\t<meta name=\"twitter:data1\" content=\"3 minutos\" \/>\n<script type=\"application\/ld+json\" class=\"yoast-schema-graph\">{\"@context\":\"https:\/\/schema.org\",\"@graph\":[{\"@type\":\"Organization\",\"@id\":\"https:\/\/www.2twentyscooters.com\/en\/#organization\",\"name\":\"2twentyscooters\",\"url\":\"https:\/\/www.2twentyscooters.com\/en\/\",\"sameAs\":[],\"logo\":{\"@type\":\"ImageObject\",\"@id\":\"https:\/\/www.2twentyscooters.com\/en\/#logo\",\"inLanguage\":\"es\",\"url\":\"https:\/\/www.2twentyscooters.com\/wp-content\/uploads\/2022\/03\/2twenty-scooters-logo.png\",\"contentUrl\":\"https:\/\/www.2twentyscooters.com\/wp-content\/uploads\/2022\/03\/2twenty-scooters-logo.png\",\"width\":342,\"height\":55,\"caption\":\"2twentyscooters\"},\"image\":{\"@id\":\"https:\/\/www.2twentyscooters.com\/en\/#logo\"}},{\"@type\":\"WebSite\",\"@id\":\"https:\/\/www.2twentyscooters.com\/en\/#website\",\"url\":\"https:\/\/www.2twentyscooters.com\/en\/\",\"name\":\"2Twenty Scooter \u00e9lectrique\",\"description\":\"\",\"publisher\":{\"@id\":\"https:\/\/www.2twentyscooters.com\/en\/#organization\"},\"potentialAction\":[{\"@type\":\"SearchAction\",\"target\":{\"@type\":\"EntryPoint\",\"urlTemplate\":\"https:\/\/www.2twentyscooters.com\/en\/?s={search_term_string}\"},\"query-input\":\"required name=search_term_string\"}],\"inLanguage\":\"es\"},{\"@type\":\"ImageObject\",\"@id\":\"https:\/\/www.2twentyscooters.com\/es\/produit\/moto-electrica-2twenty-roma-silver\/#primaryimage\",\"inLanguage\":\"es\",\"url\":\"https:\/\/www.2twentyscooters.com\/wp-content\/uploads\/2021\/01\/Scooter-gris-B-800x600-optimisee.jpg\",\"contentUrl\":\"https:\/\/www.2twentyscooters.com\/wp-content\/uploads\/2021\/01\/Scooter-gris-B-800x600-optimisee.jpg\",\"width\":800,\"height\":600},{\"@type\":\"WebPage\",\"@id\":\"https:\/\/www.2twentyscooters.com\/es\/produit\/moto-electrica-2twenty-roma-silver\/#webpage\",\"url\":\"https:\/\/www.2twentyscooters.com\/es\/produit\/moto-electrica-2twenty-roma-silver\/\",\"name\":\"Compra una moto el\u00e9ctrica con estilo retro. 2Twenty es un veh\u00edculo franc\u00e9s de dos ruedas\",\"isPartOf\":{\"@id\":\"https:\/\/www.2twentyscooters.com\/en\/#website\"},\"primaryImageOfPage\":{\"@id\":\"https:\/\/www.2twentyscooters.com\/es\/produit\/moto-electrica-2twenty-roma-silver\/#primaryimage\"},\"datePublished\":\"2021-03-04T22:36:16+00:00\",\"dateModified\":\"2022-04-08T10:08:39+00:00\",\"description\":\"Compra una moto el\u00e9ctrica 2Twenty con estilo retro. Motor de 2900 Watt, 50 o 100km de autonom\u00eda con 1 o 2 bater\u00edas extra\u00edbles. Garantizamos todo por 2 a\u00f1os\",\"breadcrumb\":{\"@id\":\"https:\/\/www.2twentyscooters.com\/es\/produit\/moto-electrica-2twenty-roma-silver\/#breadcrumb\"},\"inLanguage\":\"es\",\"potentialAction\":[{\"@type\":\"ReadAction\",\"target\":[\"https:\/\/www.2twentyscooters.com\/es\/produit\/moto-electrica-2twenty-roma-silver\/\"]}]},{\"@type\":\"BreadcrumbList\",\"@id\":\"https:\/\/www.2twentyscooters.com\/es\/produit\/moto-electrica-2twenty-roma-silver\/#breadcrumb\",\"itemListElement\":[{\"@type\":\"ListItem\",\"position\":1,\"name\":\"Home\",\"item\":\"https:\/\/www.2twentyscooters.com\/es\/\"},{\"@type\":\"ListItem\",\"position\":2,\"name\":\"Boutique\",\"item\":\"https:\/\/www.2twentyscooters.com\/boutique\/\"},{\"@type\":\"ListItem\",\"position\":3,\"name\":\"Motos\",\"item\":\"https:\/\/www.2twentyscooters.com\/es\/categorie-produit\/motos-es\/\"},{\"@type\":\"ListItem\",\"position\":4,\"name\":\"Moto 2Twenty Roma 2900 &#8211; Gris Plata\"}]}]}<\/script>\n<!-- \/ Yoast SEO plugin. -->","yoast_head_json":{"title":"Compra una moto el\u00e9ctrica con estilo retro. 2Twenty es un veh\u00edculo franc\u00e9s de dos ruedas","description":"Compra una moto el\u00e9ctrica 2Twenty con estilo retro. Motor de 2900 Watt, 50 o 100km de autonom\u00eda con 1 o 2 bater\u00edas extra\u00edbles. Garantizamos todo por 2 a\u00f1os","robots":{"index":"index","follow":"follow","max-snippet":"max-snippet:-1","max-image-preview":"max-image-preview:large","max-video-preview":"max-video-preview:-1"},"canonical":"https:\/\/www.2twentyscooters.com\/es\/produit\/moto-electrica-2twenty-roma-silver\/","og_locale":"es_ES","og_type":"article","og_title":"Compra una moto el\u00e9ctrica con estilo retro. 2Twenty es un veh\u00edculo franc\u00e9s de dos ruedas","og_description":"Compra una moto el\u00e9ctrica 2Twenty con estilo retro. Motor de 2900 Watt, 50 o 100km de autonom\u00eda con 1 o 2 bater\u00edas extra\u00edbles. Garantizamos todo por 2 a\u00f1os","og_url":"https:\/\/www.2twentyscooters.com\/es\/produit\/moto-electrica-2twenty-roma-silver\/","og_site_name":"2Twenty Scooter \u00e9lectrique","article_modified_time":"2022-04-08T10:08:39+00:00","og_image":[{"width":800,"height":600,"url":"https:\/\/www.2twentyscooters.com\/wp-content\/uploads\/2021\/01\/Scooter-gris-B-800x600-optimisee.jpg","type":"image\/jpeg"}],"twitter_card":"summary","twitter_misc":{"Tiempo de lectura":"3 minutos"},"schema":{"@context":"https:\/\/schema.org","@graph":[{"@type":"Organization","@id":"https:\/\/www.2twentyscooters.com\/en\/#organization","name":"2twentyscooters","url":"https:\/\/www.2twentyscooters.com\/en\/","sameAs":[],"logo":{"@type":"ImageObject","@id":"https:\/\/www.2twentyscooters.com\/en\/#logo","inLanguage":"es","url":"https:\/\/www.2twentyscooters.com\/wp-content\/uploads\/2022\/03\/2twenty-scooters-logo.png","contentUrl":"https:\/\/www.2twentyscooters.com\/wp-content\/uploads\/2022\/03\/2twenty-scooters-logo.png","width":342,"height":55,"caption":"2twentyscooters"},"image":{"@id":"https:\/\/www.2twentyscooters.com\/en\/#logo"}},{"@type":"WebSite","@id":"https:\/\/www.2twentyscooters.com\/en\/#website","url":"https:\/\/www.2twentyscooters.com\/en\/","name":"2Twenty Scooter \u00e9lectrique","description":"","publisher":{"@id":"https:\/\/www.2twentyscooters.com\/en\/#organization"},"potentialAction":[{"@type":"SearchAction","target":{"@type":"EntryPoint","urlTemplate":"https:\/\/www.2twentyscooters.com\/en\/?s={search_term_string}"},"query-input":"required name=search_term_string"}],"inLanguage":"es"},{"@type":"ImageObject","@id":"https:\/\/www.2twentyscooters.com\/es\/produit\/moto-electrica-2twenty-roma-silver\/#primaryimage","inLanguage":"es","url":"https:\/\/www.2twentyscooters.com\/wp-content\/uploads\/2021\/01\/Scooter-gris-B-800x600-optimisee.jpg","contentUrl":"https:\/\/www.2twentyscooters.com\/wp-content\/uploads\/2021\/01\/Scooter-gris-B-800x600-optimisee.jpg","width":800,"height":600},{"@type":"WebPage","@id":"https:\/\/www.2twentyscooters.com\/es\/produit\/moto-electrica-2twenty-roma-silver\/#webpage","url":"https:\/\/www.2twentyscooters.com\/es\/produit\/moto-electrica-2twenty-roma-silver\/","name":"Compra una moto el\u00e9ctrica con estilo retro. 2Twenty es un veh\u00edculo franc\u00e9s de dos ruedas","isPartOf":{"@id":"https:\/\/www.2twentyscooters.com\/en\/#website"},"primaryImageOfPage":{"@id":"https:\/\/www.2twentyscooters.com\/es\/produit\/moto-electrica-2twenty-roma-silver\/#primaryimage"},"datePublished":"2021-03-04T22:36:16+00:00","dateModified":"2022-04-08T10:08:39+00:00","description":"Compra una moto el\u00e9ctrica 2Twenty con estilo retro. Motor de 2900 Watt, 50 o 100km de autonom\u00eda con 1 o 2 bater\u00edas extra\u00edbles. Garantizamos todo por 2 a\u00f1os","breadcrumb":{"@id":"https:\/\/www.2twentyscooters.com\/es\/produit\/moto-electrica-2twenty-roma-silver\/#breadcrumb"},"inLanguage":"es","potentialAction":[{"@type":"ReadAction","target":["https:\/\/www.2twentyscooters.com\/es\/produit\/moto-electrica-2twenty-roma-silver\/"]}]},{"@type":"BreadcrumbList","@id":"https:\/\/www.2twentyscooters.com\/es\/produit\/moto-electrica-2twenty-roma-silver\/#breadcrumb","itemListElement":[{"@type":"ListItem","position":1,"name":"Home","item":"https:\/\/www.2twentyscooters.com\/es\/"},{"@type":"ListItem","position":2,"name":"Boutique","item":"https:\/\/www.2twentyscooters.com\/boutique\/"},{"@type":"ListItem","position":3,"name":"Motos","item":"https:\/\/www.2twentyscooters.com\/es\/categorie-produit\/motos-es\/"},{"@type":"ListItem","position":4,"name":"Moto 2Twenty Roma 2900 &#8211; Gris Plata"}]}]}},"_links":{"self":[{"href":"https:\/\/www.2twentyscooters.com\/es\/wp-json\/wp\/v2\/product\/36463"}],"collection":[{"href":"https:\/\/www.2twentyscooters.com\/es\/wp-json\/wp\/v2\/product"}],"about":[{"href":"https:\/\/www.2twentyscooters.com\/es\/wp-json\/wp\/v2\/types\/product"}],"replies":[{"embeddable":true,"href":"https:\/\/www.2twentyscooters.com\/es\/wp-json\/wp\/v2\/comments?post=36463"}],"version-history":[{"count":0,"href":"https:\/\/www.2twentyscooters.com\/es\/wp-json\/wp\/v2\/product\/36463\/revisions"}],"wp:featuredmedia":[{"embeddable":true,"href":"https:\/\/www.2twentyscooters.com\/es\/wp-json\/wp\/v2\/media\/36482"}],"wp:attachment":[{"href":"https:\/\/www.2twentyscooters.com\/es\/wp-json\/wp\/v2\/media?parent=36463"}],"wp:term":[{"taxonomy":"product_cat","embeddable":true,"href":"https:\/\/www.2twentyscooters.com\/es\/wp-json\/wp\/v2\/product_cat?post=36463"},{"taxonomy":"product_tag","embeddable":true,"href":"https:\/\/www.2twentyscooters.com\/es\/wp-json\/wp\/v2\/product_tag?post=36463"}],"curies":[{"name":"wp","href":"https:\/\/api.w.org\/{rel}","templated":true}]}}