{"id":35166,"date":"2018-10-03T12:55:31","date_gmt":"2021-03-03T22:01:51","guid":{"rendered":"https:\/\/www.2twentyscooters.com\/produit\/delantal-2twenty-tucano-urbano\/"},"modified":"2021-03-16T20:37:38","modified_gmt":"2021-03-16T19:37:38","slug":"delantal-tucano-urbano","status":"publish","type":"product","link":"https:\/\/www.2twentyscooters.com\/es\/produit\/delantal-tucano-urbano\/","title":{"rendered":"Delantal Tucano Urbano"},"content":{"rendered":"<p>\u00a1Con este delantal estar\u00e1s listo para afrontar la tormenta con tu 2Twenty!<br \/>\nEs extra\u00edble, se puede instalar y quitar en 5 minutos. Protege todo el sill\u00edn cuando est\u00e1 la moto parada e incluso se puede colgar alrededor del cuello para una protecci\u00f3n completa de la cabeza a los pies.<\/p>\n<p>Tucano Urbano es el referente en delantales impermeables, y por eso es socio de 2Twenty.<\/p>\n<p>Este delantal est\u00e1 equipado con el sistema SGAS (sistema inflable anti-flotante patentado), gracias a las c\u00e1maras de aire inflables en los laterales. Este accesorio reduce el aleteo a alta velocidad.<\/p>\n<p>Construcci\u00f3n de tres capas para garantizar un ajuste estable y protecci\u00f3n t\u00e9rmica: exterior de nailon resistente y estable con costura cubierta, membrana interna 100% impermeable, interior forrado, SGAS (sistema anti-flotaci\u00f3n patentado), anillo antirrobo (solo en modelos no atornillados), gran bolsillo para objetos, funda del sill\u00edn incluida, tiras reflectantes.<\/p>\n<p>&nbsp;<\/p>\n<div class=\"videoWrapper\"><\/div>\n","protected":false},"excerpt":{"rendered":"<p>\u00a1Con este delantal estar\u00e1s listo para capear la tormenta con tu 2Twenty!<br \/>\nEs extra\u00edble, se puede instalar y quitar en 5 minutos. Protege todo el sill\u00edn cuando est\u00e1 parado e incluso se puede colgar alrededor del cuello para una protecci\u00f3n completa de la cabeza a los pies.<\/p>\n<p>Tucano Urbano es el referente en delantales impermeables, y por eso es socio de 2Twenty.<\/p>\n","protected":false},"featured_media":35167,"comment_status":"closed","ping_status":"closed","template":"","meta":[],"product_cat":[371],"product_tag":[],"yoast_head":"<!-- This site is optimized with the Yoast SEO plugin v18.4.1 - https:\/\/yoast.com\/wordpress\/plugins\/seo\/ -->\n<title>Delantal Tucano Urbano impermeable y extra\u00edble<\/title>\n<meta name=\"description\" content=\"Delantal impermeable tucano urbano para la moto 2Twenty Roma. Instalaci\u00f3n en 5 minutos y 1 a\u00f1o de garant\u00eda contra robo. \u00a1Con este delantal estar\u00e1s listo para afrontar la tormenta con tu 2Twenty! Tucano Urbano es el referente en delantales impermeables, y por eso es socio de 2Twenty.\" \/>\n<meta name=\"robots\" content=\"index, follow, max-snippet:-1, max-image-preview:large, max-video-preview:-1\" \/>\n<link rel=\"canonical\" href=\"https:\/\/www.2twentyscooters.com\/es\/produit\/delantal-tucano-urbano\/\" \/>\n<meta property=\"og:locale\" content=\"es_ES\" \/>\n<meta property=\"og:type\" content=\"article\" \/>\n<meta property=\"og:title\" content=\"Delantal Tucano Urbano impermeable y extra\u00edble\" \/>\n<meta property=\"og:description\" content=\"Delantal impermeable tucano urbano para la moto 2Twenty Roma. Instalaci\u00f3n en 5 minutos y 1 a\u00f1o de garant\u00eda contra robo. \u00a1Con este delantal estar\u00e1s listo para afrontar la tormenta con tu 2Twenty! Tucano Urbano es el referente en delantales impermeables, y por eso es socio de 2Twenty.\" \/>\n<meta property=\"og:url\" content=\"https:\/\/www.2twentyscooters.com\/es\/produit\/delantal-tucano-urbano\/\" \/>\n<meta property=\"og:site_name\" content=\"2Twenty Scooter \u00e9lectrique\" \/>\n<meta property=\"article:modified_time\" content=\"2021-03-16T19:37:38+00:00\" \/>\n<meta property=\"og:image\" content=\"https:\/\/www.2twentyscooters.com\/wp-content\/uploads\/2021\/01\/tablier-scooter-2.jpg\" \/>\n\t<meta property=\"og:image:width\" content=\"667\" \/>\n\t<meta property=\"og:image:height\" content=\"500\" \/>\n\t<meta property=\"og:image:type\" content=\"image\/jpeg\" \/>\n<meta name=\"twitter:card\" content=\"summary\" \/>\n<meta name=\"twitter:label1\" content=\"Tiempo de lectura\" \/>\n\t<meta name=\"twitter:data1\" content=\"1 minuto\" \/>\n<script type=\"application\/ld+json\" class=\"yoast-schema-graph\">{\"@context\":\"https:\/\/schema.org\",\"@graph\":[{\"@type\":\"Organization\",\"@id\":\"https:\/\/www.2twentyscooters.com\/en\/#organization\",\"name\":\"2twentyscooters\",\"url\":\"https:\/\/www.2twentyscooters.com\/en\/\",\"sameAs\":[],\"logo\":{\"@type\":\"ImageObject\",\"@id\":\"https:\/\/www.2twentyscooters.com\/en\/#logo\",\"inLanguage\":\"es\",\"url\":\"https:\/\/www.2twentyscooters.com\/wp-content\/uploads\/2022\/03\/2twenty-scooters-logo.png\",\"contentUrl\":\"https:\/\/www.2twentyscooters.com\/wp-content\/uploads\/2022\/03\/2twenty-scooters-logo.png\",\"width\":342,\"height\":55,\"caption\":\"2twentyscooters\"},\"image\":{\"@id\":\"https:\/\/www.2twentyscooters.com\/en\/#logo\"}},{\"@type\":\"WebSite\",\"@id\":\"https:\/\/www.2twentyscooters.com\/en\/#website\",\"url\":\"https:\/\/www.2twentyscooters.com\/en\/\",\"name\":\"2Twenty Scooter \u00e9lectrique\",\"description\":\"\",\"publisher\":{\"@id\":\"https:\/\/www.2twentyscooters.com\/en\/#organization\"},\"potentialAction\":[{\"@type\":\"SearchAction\",\"target\":{\"@type\":\"EntryPoint\",\"urlTemplate\":\"https:\/\/www.2twentyscooters.com\/en\/?s={search_term_string}\"},\"query-input\":\"required name=search_term_string\"}],\"inLanguage\":\"es\"},{\"@type\":\"ImageObject\",\"@id\":\"https:\/\/www.2twentyscooters.com\/es\/produit\/delantal-tucano-urbano\/#primaryimage\",\"inLanguage\":\"es\",\"url\":\"https:\/\/www.2twentyscooters.com\/wp-content\/uploads\/2021\/01\/tablier-scooter-2.jpg\",\"contentUrl\":\"https:\/\/www.2twentyscooters.com\/wp-content\/uploads\/2021\/01\/tablier-scooter-2.jpg\",\"width\":667,\"height\":500},{\"@type\":\"WebPage\",\"@id\":\"https:\/\/www.2twentyscooters.com\/es\/produit\/delantal-tucano-urbano\/#webpage\",\"url\":\"https:\/\/www.2twentyscooters.com\/es\/produit\/delantal-tucano-urbano\/\",\"name\":\"Delantal Tucano Urbano impermeable y extra\u00edble\",\"isPartOf\":{\"@id\":\"https:\/\/www.2twentyscooters.com\/en\/#website\"},\"primaryImageOfPage\":{\"@id\":\"https:\/\/www.2twentyscooters.com\/es\/produit\/delantal-tucano-urbano\/#primaryimage\"},\"datePublished\":\"2021-03-03T22:01:51+00:00\",\"dateModified\":\"2021-03-16T19:37:38+00:00\",\"description\":\"Delantal impermeable tucano urbano para la moto 2Twenty Roma. Instalaci\u00f3n en 5 minutos y 1 a\u00f1o de garant\u00eda contra robo. \u00a1Con este delantal estar\u00e1s listo para afrontar la tormenta con tu 2Twenty! Tucano Urbano es el referente en delantales impermeables, y por eso es socio de 2Twenty.\",\"breadcrumb\":{\"@id\":\"https:\/\/www.2twentyscooters.com\/es\/produit\/delantal-tucano-urbano\/#breadcrumb\"},\"inLanguage\":\"es\",\"potentialAction\":[{\"@type\":\"ReadAction\",\"target\":[\"https:\/\/www.2twentyscooters.com\/es\/produit\/delantal-tucano-urbano\/\"]}]},{\"@type\":\"BreadcrumbList\",\"@id\":\"https:\/\/www.2twentyscooters.com\/es\/produit\/delantal-tucano-urbano\/#breadcrumb\",\"itemListElement\":[{\"@type\":\"ListItem\",\"position\":1,\"name\":\"Home\",\"item\":\"https:\/\/www.2twentyscooters.com\/es\/\"},{\"@type\":\"ListItem\",\"position\":2,\"name\":\"Boutique\",\"item\":\"https:\/\/www.2twentyscooters.com\/boutique\/\"},{\"@type\":\"ListItem\",\"position\":3,\"name\":\"Accesorios\",\"item\":\"https:\/\/www.2twentyscooters.com\/es\/categorie-produit\/accesorios\/\"},{\"@type\":\"ListItem\",\"position\":4,\"name\":\"Delantal Tucano Urbano\"}]}]}<\/script>\n<!-- \/ Yoast SEO plugin. -->","yoast_head_json":{"title":"Delantal Tucano Urbano impermeable y extra\u00edble","description":"Delantal impermeable tucano urbano para la moto 2Twenty Roma. Instalaci\u00f3n en 5 minutos y 1 a\u00f1o de garant\u00eda contra robo. \u00a1Con este delantal estar\u00e1s listo para afrontar la tormenta con tu 2Twenty! Tucano Urbano es el referente en delantales impermeables, y por eso es socio de 2Twenty.","robots":{"index":"index","follow":"follow","max-snippet":"max-snippet:-1","max-image-preview":"max-image-preview:large","max-video-preview":"max-video-preview:-1"},"canonical":"https:\/\/www.2twentyscooters.com\/es\/produit\/delantal-tucano-urbano\/","og_locale":"es_ES","og_type":"article","og_title":"Delantal Tucano Urbano impermeable y extra\u00edble","og_description":"Delantal impermeable tucano urbano para la moto 2Twenty Roma. Instalaci\u00f3n en 5 minutos y 1 a\u00f1o de garant\u00eda contra robo. \u00a1Con este delantal estar\u00e1s listo para afrontar la tormenta con tu 2Twenty! Tucano Urbano es el referente en delantales impermeables, y por eso es socio de 2Twenty.","og_url":"https:\/\/www.2twentyscooters.com\/es\/produit\/delantal-tucano-urbano\/","og_site_name":"2Twenty Scooter \u00e9lectrique","article_modified_time":"2021-03-16T19:37:38+00:00","og_image":[{"width":667,"height":500,"url":"https:\/\/www.2twentyscooters.com\/wp-content\/uploads\/2021\/01\/tablier-scooter-2.jpg","type":"image\/jpeg"}],"twitter_card":"summary","twitter_misc":{"Tiempo de lectura":"1 minuto"},"schema":{"@context":"https:\/\/schema.org","@graph":[{"@type":"Organization","@id":"https:\/\/www.2twentyscooters.com\/en\/#organization","name":"2twentyscooters","url":"https:\/\/www.2twentyscooters.com\/en\/","sameAs":[],"logo":{"@type":"ImageObject","@id":"https:\/\/www.2twentyscooters.com\/en\/#logo","inLanguage":"es","url":"https:\/\/www.2twentyscooters.com\/wp-content\/uploads\/2022\/03\/2twenty-scooters-logo.png","contentUrl":"https:\/\/www.2twentyscooters.com\/wp-content\/uploads\/2022\/03\/2twenty-scooters-logo.png","width":342,"height":55,"caption":"2twentyscooters"},"image":{"@id":"https:\/\/www.2twentyscooters.com\/en\/#logo"}},{"@type":"WebSite","@id":"https:\/\/www.2twentyscooters.com\/en\/#website","url":"https:\/\/www.2twentyscooters.com\/en\/","name":"2Twenty Scooter \u00e9lectrique","description":"","publisher":{"@id":"https:\/\/www.2twentyscooters.com\/en\/#organization"},"potentialAction":[{"@type":"SearchAction","target":{"@type":"EntryPoint","urlTemplate":"https:\/\/www.2twentyscooters.com\/en\/?s={search_term_string}"},"query-input":"required name=search_term_string"}],"inLanguage":"es"},{"@type":"ImageObject","@id":"https:\/\/www.2twentyscooters.com\/es\/produit\/delantal-tucano-urbano\/#primaryimage","inLanguage":"es","url":"https:\/\/www.2twentyscooters.com\/wp-content\/uploads\/2021\/01\/tablier-scooter-2.jpg","contentUrl":"https:\/\/www.2twentyscooters.com\/wp-content\/uploads\/2021\/01\/tablier-scooter-2.jpg","width":667,"height":500},{"@type":"WebPage","@id":"https:\/\/www.2twentyscooters.com\/es\/produit\/delantal-tucano-urbano\/#webpage","url":"https:\/\/www.2twentyscooters.com\/es\/produit\/delantal-tucano-urbano\/","name":"Delantal Tucano Urbano impermeable y extra\u00edble","isPartOf":{"@id":"https:\/\/www.2twentyscooters.com\/en\/#website"},"primaryImageOfPage":{"@id":"https:\/\/www.2twentyscooters.com\/es\/produit\/delantal-tucano-urbano\/#primaryimage"},"datePublished":"2021-03-03T22:01:51+00:00","dateModified":"2021-03-16T19:37:38+00:00","description":"Delantal impermeable tucano urbano para la moto 2Twenty Roma. Instalaci\u00f3n en 5 minutos y 1 a\u00f1o de garant\u00eda contra robo. \u00a1Con este delantal estar\u00e1s listo para afrontar la tormenta con tu 2Twenty! Tucano Urbano es el referente en delantales impermeables, y por eso es socio de 2Twenty.","breadcrumb":{"@id":"https:\/\/www.2twentyscooters.com\/es\/produit\/delantal-tucano-urbano\/#breadcrumb"},"inLanguage":"es","potentialAction":[{"@type":"ReadAction","target":["https:\/\/www.2twentyscooters.com\/es\/produit\/delantal-tucano-urbano\/"]}]},{"@type":"BreadcrumbList","@id":"https:\/\/www.2twentyscooters.com\/es\/produit\/delantal-tucano-urbano\/#breadcrumb","itemListElement":[{"@type":"ListItem","position":1,"name":"Home","item":"https:\/\/www.2twentyscooters.com\/es\/"},{"@type":"ListItem","position":2,"name":"Boutique","item":"https:\/\/www.2twentyscooters.com\/boutique\/"},{"@type":"ListItem","position":3,"name":"Accesorios","item":"https:\/\/www.2twentyscooters.com\/es\/categorie-produit\/accesorios\/"},{"@type":"ListItem","position":4,"name":"Delantal Tucano Urbano"}]}]}},"_links":{"self":[{"href":"https:\/\/www.2twentyscooters.com\/es\/wp-json\/wp\/v2\/product\/35166"}],"collection":[{"href":"https:\/\/www.2twentyscooters.com\/es\/wp-json\/wp\/v2\/product"}],"about":[{"href":"https:\/\/www.2twentyscooters.com\/es\/wp-json\/wp\/v2\/types\/product"}],"replies":[{"embeddable":true,"href":"https:\/\/www.2twentyscooters.com\/es\/wp-json\/wp\/v2\/comments?post=35166"}],"version-history":[{"count":0,"href":"https:\/\/www.2twentyscooters.com\/es\/wp-json\/wp\/v2\/product\/35166\/revisions"}],"wp:featuredmedia":[{"embeddable":true,"href":"https:\/\/www.2twentyscooters.com\/es\/wp-json\/wp\/v2\/media\/35167"}],"wp:attachment":[{"href":"https:\/\/www.2twentyscooters.com\/es\/wp-json\/wp\/v2\/media?parent=35166"}],"wp:term":[{"taxonomy":"product_cat","embeddable":true,"href":"https:\/\/www.2twentyscooters.com\/es\/wp-json\/wp\/v2\/product_cat?post=35166"},{"taxonomy":"product_tag","embeddable":true,"href":"https:\/\/www.2twentyscooters.com\/es\/wp-json\/wp\/v2\/product_tag?post=35166"}],"curies":[{"name":"wp","href":"https:\/\/api.w.org\/{rel}","templated":true}]}}