{"id":35146,"date":"2019-05-17T12:01:15","date_gmt":"2021-03-03T22:00:56","guid":{"rendered":"https:\/\/www.2twentyscooters.com\/produit\/candado-en-u-aprobado-por-sra-tamano-m\/"},"modified":"2021-03-16T13:30:47","modified_gmt":"2021-03-16T12:30:47","slug":"antirrobo-2twenty","status":"publish","type":"product","link":"https:\/\/www.2twentyscooters.com\/es\/produit\/antirrobo-2twenty\/","title":{"rendered":"Candado en U aprobado por SRA (tama\u00f1o: M)"},"content":{"rendered":"<p>Este dispositivo antirrobo aprobado proteger\u00e1 su moto y, para facilitar su uso, nos hemos asegurado de que quepa debajo del sill\u00edn del modelo 2Twenty, en el segundo compartimento de la bater\u00eda, para que pueda transportarse f\u00e1cilmente.<\/p>\n<ul>\n<li>Cerradura de acero cementado<\/li>\n<li>Llave de doble cara para facilitar su uso<\/li>\n<li>Grillete de acero cementado de 18 mm de di\u00e1metro<\/li>\n<li>Aprobado por SRA C4 y por lo tanto reconocido por todas las aseguradoras<\/li>\n<li>Dimensiones: ancho 120 mm, largo 230 mm<\/li>\n<li>Dimensiones externas: ancho 180 mm, largo 290 mm<\/li>\n<li>Se proporcionan 2 llaves<\/li>\n<\/ul>\n<p>Nada mejor para proteger tu moto el\u00e9ctrica contra robos ya que la asociaci\u00f3n SRA solo otorga su certificaci\u00f3n a los dispositivos antirrobo m\u00e1s resistentes. La mayor\u00eda de las compa\u00f1\u00edas de seguro exigen la compra de un dispositivo antirrobo certificado como parte de la garant\u00eda antirrobo.<\/p>\n","protected":false},"excerpt":{"rendered":"<p>Este dispositivo antirrobo aprobado proteger\u00e1 su moto y, para facilitar su uso, nos hemos asegurado de que quepa debajo del sill\u00edn del modelo 2Twenty, en el segundo compartimento de la bater\u00eda, para que pueda transportarse f\u00e1cilmente.<\/p>\n<ul>\n<li>Cerradura de acero cementado<\/li>\n<li>Llave de doble cara para facilitar su uso<\/li>\n<li>Grillete de acero cementado de 18 mm de di\u00e1metro<\/li>\n<li>Aprobado por SRA C4 y por lo tanto reconocido por todas las aseguradoras<\/li>\n<li>Dimensiones: ancho 120 mm, largo 230 mm<\/li>\n<li>Dimensiones externas: ancho 180 mm, largo 290 mm<\/li>\n<li>Se proporcionan 2 llaves<\/li>\n<\/ul>\n<p>Nada mejor para proteger tu moto el\u00e9ctrica contra robos ya que la asociaci\u00f3n SRA solo otorga su certificaci\u00f3n a los dispositivos antirrobo m\u00e1s resistentes. La mayor\u00eda de las compa\u00f1\u00edas de seguro exigen la compra de un dispositivo antirrobo certificado como parte de la garant\u00eda antirrobo.<\/p>\n","protected":false},"featured_media":35147,"comment_status":"closed","ping_status":"closed","template":"","meta":[],"product_cat":[371],"product_tag":[],"yoast_head":"<!-- This site is optimized with the Yoast SEO plugin v18.4.1 - https:\/\/yoast.com\/wordpress\/plugins\/seo\/ -->\n<title>Candado en U aprobado por SRA (tama\u00f1o: M) 2Twenty scooter el\u00e9ctrico<\/title>\n<meta name=\"description\" content=\"Este dispositivo antirrobo aprobado proteger\u00e1 su scooter y, para facilitar su uso, nos hemos asegurado de que quepa debajo del sill\u00edn del 2Twenty en el segundo compartimento de la bater\u00eda para que pueda transportarse f\u00e1cilmente.\" \/>\n<meta name=\"robots\" content=\"index, follow, max-snippet:-1, max-image-preview:large, max-video-preview:-1\" \/>\n<link rel=\"canonical\" href=\"https:\/\/www.2twentyscooters.com\/es\/produit\/antirrobo-2twenty\/\" \/>\n<meta property=\"og:locale\" content=\"es_ES\" \/>\n<meta property=\"og:type\" content=\"article\" \/>\n<meta property=\"og:title\" content=\"Candado en U aprobado por SRA (tama\u00f1o: M) 2Twenty scooter el\u00e9ctrico\" \/>\n<meta property=\"og:description\" content=\"Este dispositivo antirrobo aprobado proteger\u00e1 su scooter y, para facilitar su uso, nos hemos asegurado de que quepa debajo del sill\u00edn del 2Twenty en el segundo compartimento de la bater\u00eda para que pueda transportarse f\u00e1cilmente.\" \/>\n<meta property=\"og:url\" content=\"https:\/\/www.2twentyscooters.com\/es\/produit\/antirrobo-2twenty\/\" \/>\n<meta property=\"og:site_name\" content=\"2Twenty Scooter \u00e9lectrique\" \/>\n<meta property=\"article:modified_time\" content=\"2021-03-16T12:30:47+00:00\" \/>\n<meta property=\"og:image\" content=\"https:\/\/www.2twentyscooters.com\/wp-content\/uploads\/2021\/01\/Antivol-1-1.jpg\" \/>\n\t<meta property=\"og:image:width\" content=\"800\" \/>\n\t<meta property=\"og:image:height\" content=\"600\" \/>\n\t<meta property=\"og:image:type\" content=\"image\/jpeg\" \/>\n<meta name=\"twitter:card\" content=\"summary\" \/>\n<meta name=\"twitter:label1\" content=\"Tiempo de lectura\" \/>\n\t<meta name=\"twitter:data1\" content=\"1 minuto\" \/>\n<script type=\"application\/ld+json\" class=\"yoast-schema-graph\">{\"@context\":\"https:\/\/schema.org\",\"@graph\":[{\"@type\":\"Organization\",\"@id\":\"https:\/\/www.2twentyscooters.com\/en\/#organization\",\"name\":\"2twentyscooters\",\"url\":\"https:\/\/www.2twentyscooters.com\/en\/\",\"sameAs\":[],\"logo\":{\"@type\":\"ImageObject\",\"@id\":\"https:\/\/www.2twentyscooters.com\/en\/#logo\",\"inLanguage\":\"es\",\"url\":\"https:\/\/www.2twentyscooters.com\/wp-content\/uploads\/2022\/03\/2twenty-scooters-logo.png\",\"contentUrl\":\"https:\/\/www.2twentyscooters.com\/wp-content\/uploads\/2022\/03\/2twenty-scooters-logo.png\",\"width\":342,\"height\":55,\"caption\":\"2twentyscooters\"},\"image\":{\"@id\":\"https:\/\/www.2twentyscooters.com\/en\/#logo\"}},{\"@type\":\"WebSite\",\"@id\":\"https:\/\/www.2twentyscooters.com\/en\/#website\",\"url\":\"https:\/\/www.2twentyscooters.com\/en\/\",\"name\":\"2Twenty Scooter \u00e9lectrique\",\"description\":\"\",\"publisher\":{\"@id\":\"https:\/\/www.2twentyscooters.com\/en\/#organization\"},\"potentialAction\":[{\"@type\":\"SearchAction\",\"target\":{\"@type\":\"EntryPoint\",\"urlTemplate\":\"https:\/\/www.2twentyscooters.com\/en\/?s={search_term_string}\"},\"query-input\":\"required name=search_term_string\"}],\"inLanguage\":\"es\"},{\"@type\":\"ImageObject\",\"@id\":\"https:\/\/www.2twentyscooters.com\/es\/produit\/antirrobo-2twenty\/#primaryimage\",\"inLanguage\":\"es\",\"url\":\"https:\/\/www.2twentyscooters.com\/wp-content\/uploads\/2021\/01\/Antivol-1-1.jpg\",\"contentUrl\":\"https:\/\/www.2twentyscooters.com\/wp-content\/uploads\/2021\/01\/Antivol-1-1.jpg\",\"width\":800,\"height\":600},{\"@type\":\"WebPage\",\"@id\":\"https:\/\/www.2twentyscooters.com\/es\/produit\/antirrobo-2twenty\/#webpage\",\"url\":\"https:\/\/www.2twentyscooters.com\/es\/produit\/antirrobo-2twenty\/\",\"name\":\"Candado en U aprobado por SRA (tama\u00f1o: M) 2Twenty scooter el\u00e9ctrico\",\"isPartOf\":{\"@id\":\"https:\/\/www.2twentyscooters.com\/en\/#website\"},\"primaryImageOfPage\":{\"@id\":\"https:\/\/www.2twentyscooters.com\/es\/produit\/antirrobo-2twenty\/#primaryimage\"},\"datePublished\":\"2021-03-03T22:00:56+00:00\",\"dateModified\":\"2021-03-16T12:30:47+00:00\",\"description\":\"Este dispositivo antirrobo aprobado proteger\u00e1 su scooter y, para facilitar su uso, nos hemos asegurado de que quepa debajo del sill\u00edn del 2Twenty en el segundo compartimento de la bater\u00eda para que pueda transportarse f\u00e1cilmente.\",\"breadcrumb\":{\"@id\":\"https:\/\/www.2twentyscooters.com\/es\/produit\/antirrobo-2twenty\/#breadcrumb\"},\"inLanguage\":\"es\",\"potentialAction\":[{\"@type\":\"ReadAction\",\"target\":[\"https:\/\/www.2twentyscooters.com\/es\/produit\/antirrobo-2twenty\/\"]}]},{\"@type\":\"BreadcrumbList\",\"@id\":\"https:\/\/www.2twentyscooters.com\/es\/produit\/antirrobo-2twenty\/#breadcrumb\",\"itemListElement\":[{\"@type\":\"ListItem\",\"position\":1,\"name\":\"Home\",\"item\":\"https:\/\/www.2twentyscooters.com\/es\/\"},{\"@type\":\"ListItem\",\"position\":2,\"name\":\"Boutique\",\"item\":\"https:\/\/www.2twentyscooters.com\/boutique\/\"},{\"@type\":\"ListItem\",\"position\":3,\"name\":\"Accesorios\",\"item\":\"https:\/\/www.2twentyscooters.com\/es\/categorie-produit\/accesorios\/\"},{\"@type\":\"ListItem\",\"position\":4,\"name\":\"Candado en U aprobado por SRA (tama\u00f1o: M)\"}]}]}<\/script>\n<!-- \/ Yoast SEO plugin. -->","yoast_head_json":{"title":"Candado en U aprobado por SRA (tama\u00f1o: M) 2Twenty scooter el\u00e9ctrico","description":"Este dispositivo antirrobo aprobado proteger\u00e1 su scooter y, para facilitar su uso, nos hemos asegurado de que quepa debajo del sill\u00edn del 2Twenty en el segundo compartimento de la bater\u00eda para que pueda transportarse f\u00e1cilmente.","robots":{"index":"index","follow":"follow","max-snippet":"max-snippet:-1","max-image-preview":"max-image-preview:large","max-video-preview":"max-video-preview:-1"},"canonical":"https:\/\/www.2twentyscooters.com\/es\/produit\/antirrobo-2twenty\/","og_locale":"es_ES","og_type":"article","og_title":"Candado en U aprobado por SRA (tama\u00f1o: M) 2Twenty scooter el\u00e9ctrico","og_description":"Este dispositivo antirrobo aprobado proteger\u00e1 su scooter y, para facilitar su uso, nos hemos asegurado de que quepa debajo del sill\u00edn del 2Twenty en el segundo compartimento de la bater\u00eda para que pueda transportarse f\u00e1cilmente.","og_url":"https:\/\/www.2twentyscooters.com\/es\/produit\/antirrobo-2twenty\/","og_site_name":"2Twenty Scooter \u00e9lectrique","article_modified_time":"2021-03-16T12:30:47+00:00","og_image":[{"width":800,"height":600,"url":"https:\/\/www.2twentyscooters.com\/wp-content\/uploads\/2021\/01\/Antivol-1-1.jpg","type":"image\/jpeg"}],"twitter_card":"summary","twitter_misc":{"Tiempo de lectura":"1 minuto"},"schema":{"@context":"https:\/\/schema.org","@graph":[{"@type":"Organization","@id":"https:\/\/www.2twentyscooters.com\/en\/#organization","name":"2twentyscooters","url":"https:\/\/www.2twentyscooters.com\/en\/","sameAs":[],"logo":{"@type":"ImageObject","@id":"https:\/\/www.2twentyscooters.com\/en\/#logo","inLanguage":"es","url":"https:\/\/www.2twentyscooters.com\/wp-content\/uploads\/2022\/03\/2twenty-scooters-logo.png","contentUrl":"https:\/\/www.2twentyscooters.com\/wp-content\/uploads\/2022\/03\/2twenty-scooters-logo.png","width":342,"height":55,"caption":"2twentyscooters"},"image":{"@id":"https:\/\/www.2twentyscooters.com\/en\/#logo"}},{"@type":"WebSite","@id":"https:\/\/www.2twentyscooters.com\/en\/#website","url":"https:\/\/www.2twentyscooters.com\/en\/","name":"2Twenty Scooter \u00e9lectrique","description":"","publisher":{"@id":"https:\/\/www.2twentyscooters.com\/en\/#organization"},"potentialAction":[{"@type":"SearchAction","target":{"@type":"EntryPoint","urlTemplate":"https:\/\/www.2twentyscooters.com\/en\/?s={search_term_string}"},"query-input":"required name=search_term_string"}],"inLanguage":"es"},{"@type":"ImageObject","@id":"https:\/\/www.2twentyscooters.com\/es\/produit\/antirrobo-2twenty\/#primaryimage","inLanguage":"es","url":"https:\/\/www.2twentyscooters.com\/wp-content\/uploads\/2021\/01\/Antivol-1-1.jpg","contentUrl":"https:\/\/www.2twentyscooters.com\/wp-content\/uploads\/2021\/01\/Antivol-1-1.jpg","width":800,"height":600},{"@type":"WebPage","@id":"https:\/\/www.2twentyscooters.com\/es\/produit\/antirrobo-2twenty\/#webpage","url":"https:\/\/www.2twentyscooters.com\/es\/produit\/antirrobo-2twenty\/","name":"Candado en U aprobado por SRA (tama\u00f1o: M) 2Twenty scooter el\u00e9ctrico","isPartOf":{"@id":"https:\/\/www.2twentyscooters.com\/en\/#website"},"primaryImageOfPage":{"@id":"https:\/\/www.2twentyscooters.com\/es\/produit\/antirrobo-2twenty\/#primaryimage"},"datePublished":"2021-03-03T22:00:56+00:00","dateModified":"2021-03-16T12:30:47+00:00","description":"Este dispositivo antirrobo aprobado proteger\u00e1 su scooter y, para facilitar su uso, nos hemos asegurado de que quepa debajo del sill\u00edn del 2Twenty en el segundo compartimento de la bater\u00eda para que pueda transportarse f\u00e1cilmente.","breadcrumb":{"@id":"https:\/\/www.2twentyscooters.com\/es\/produit\/antirrobo-2twenty\/#breadcrumb"},"inLanguage":"es","potentialAction":[{"@type":"ReadAction","target":["https:\/\/www.2twentyscooters.com\/es\/produit\/antirrobo-2twenty\/"]}]},{"@type":"BreadcrumbList","@id":"https:\/\/www.2twentyscooters.com\/es\/produit\/antirrobo-2twenty\/#breadcrumb","itemListElement":[{"@type":"ListItem","position":1,"name":"Home","item":"https:\/\/www.2twentyscooters.com\/es\/"},{"@type":"ListItem","position":2,"name":"Boutique","item":"https:\/\/www.2twentyscooters.com\/boutique\/"},{"@type":"ListItem","position":3,"name":"Accesorios","item":"https:\/\/www.2twentyscooters.com\/es\/categorie-produit\/accesorios\/"},{"@type":"ListItem","position":4,"name":"Candado en U aprobado por SRA (tama\u00f1o: M)"}]}]}},"_links":{"self":[{"href":"https:\/\/www.2twentyscooters.com\/es\/wp-json\/wp\/v2\/product\/35146"}],"collection":[{"href":"https:\/\/www.2twentyscooters.com\/es\/wp-json\/wp\/v2\/product"}],"about":[{"href":"https:\/\/www.2twentyscooters.com\/es\/wp-json\/wp\/v2\/types\/product"}],"replies":[{"embeddable":true,"href":"https:\/\/www.2twentyscooters.com\/es\/wp-json\/wp\/v2\/comments?post=35146"}],"version-history":[{"count":0,"href":"https:\/\/www.2twentyscooters.com\/es\/wp-json\/wp\/v2\/product\/35146\/revisions"}],"wp:featuredmedia":[{"embeddable":true,"href":"https:\/\/www.2twentyscooters.com\/es\/wp-json\/wp\/v2\/media\/35147"}],"wp:attachment":[{"href":"https:\/\/www.2twentyscooters.com\/es\/wp-json\/wp\/v2\/media?parent=35146"}],"wp:term":[{"taxonomy":"product_cat","embeddable":true,"href":"https:\/\/www.2twentyscooters.com\/es\/wp-json\/wp\/v2\/product_cat?post=35146"},{"taxonomy":"product_tag","embeddable":true,"href":"https:\/\/www.2twentyscooters.com\/es\/wp-json\/wp\/v2\/product_tag?post=35146"}],"curies":[{"name":"wp","href":"https:\/\/api.w.org\/{rel}","templated":true}]}}