{"id":34955,"date":"2019-07-26T10:00:52","date_gmt":"2021-03-03T21:57:29","guid":{"rendered":"https:\/\/www.2twentyscooters.com\/produit\/bateria-de-litio-adicional-72v-s2\/"},"modified":"2021-03-19T15:41:42","modified_gmt":"2021-03-19T14:41:42","slug":"bateria-de-litio-adicional-72v-s2","status":"publish","type":"product","link":"https:\/\/www.2twentyscooters.com\/es\/produit\/bateria-de-litio-adicional-72v-s2\/","title":{"rendered":"Bater\u00eda de litio adicional 72V-S2"},"content":{"rendered":"<p>Bater\u00eda de litio extra\u00edble 72V-S2 2Twenty<\/p>\n<p><strong>Informaci\u00f3n t\u00e9cnica:<\/strong><\/p>\n<p>Compatibilidad: moto el\u00e9ctrica 2Twenty Roma<br \/>\nAutonom\u00eda: 50 km por bater\u00eda (hasta 2 bater\u00edas en la moto)<br \/>\nCapacidad: 72 V \/ 20 Ah &#8211; 1.440 Wh<br \/>\nPeso: 11 kg<br \/>\nTiempo de carga: 6 horas<\/p>\n<p>Dimensiones:<br \/>\nAlto 38 cm \/ Ancho 21 cm \/ Profundidad 7 cm<\/p>\n<p>Enviado en un embalaje seguro a prueba de golpes.<\/p>\n<p>&nbsp;<\/p>\n","protected":false},"excerpt":{"rendered":"<p>La moto 2Twenty Roma viene con una bater\u00eda de 72V \/ 20Ah que da una autonom\u00eda de unos 50 km.<br \/>\nComo es posible acomodar 2 bater\u00edas en el compartimento de la bater\u00eda, puede equiparse con una bater\u00eda adicional, lo que le da a la moto una autonom\u00eda de aproximadamente 100 km.<br \/>\nRecargable al 100% en 6 horas (50% en 2 horas) donde sea con el cargador 2Twenty.<\/p>\n","protected":false},"featured_media":34956,"comment_status":"closed","ping_status":"closed","template":"","meta":[],"product_cat":[114],"product_tag":[],"yoast_head":"<!-- This site is optimized with the Yoast SEO plugin v18.4.1 - https:\/\/yoast.com\/wordpress\/plugins\/seo\/ -->\n<title>Bater\u00eda de litio adicional 72V-S2<\/title>\n<meta name=\"description\" content=\"La moto 2Twenty Roma viene con una bater\u00eda de 72V \/ 20Ah que da una autonom\u00eda de unos 50 km.Como es posible acomodar 2 bater\u00edas en el compartimento de la bater\u00eda, puede equiparse con una bater\u00eda adicional, lo que le da a la moto una autonom\u00eda de aproximadamente 100 km. Recargable al 100% en 6 horas (50% en 2 horas) donde sea con el cargador 2Twenty.\" \/>\n<meta name=\"robots\" content=\"index, follow, max-snippet:-1, max-image-preview:large, max-video-preview:-1\" \/>\n<link rel=\"canonical\" href=\"https:\/\/www.2twentyscooters.com\/es\/produit\/bateria-de-litio-adicional-72v-s2\/\" \/>\n<meta property=\"og:locale\" content=\"es_ES\" \/>\n<meta property=\"og:type\" content=\"article\" \/>\n<meta property=\"og:title\" content=\"Bater\u00eda de litio adicional 72V-S2\" \/>\n<meta property=\"og:description\" content=\"La moto 2Twenty Roma viene con una bater\u00eda de 72V \/ 20Ah que da una autonom\u00eda de unos 50 km.Como es posible acomodar 2 bater\u00edas en el compartimento de la bater\u00eda, puede equiparse con una bater\u00eda adicional, lo que le da a la moto una autonom\u00eda de aproximadamente 100 km. Recargable al 100% en 6 horas (50% en 2 horas) donde sea con el cargador 2Twenty.\" \/>\n<meta property=\"og:url\" content=\"https:\/\/www.2twentyscooters.com\/es\/produit\/bateria-de-litio-adicional-72v-s2\/\" \/>\n<meta property=\"og:site_name\" content=\"2Twenty Scooter \u00e9lectrique\" \/>\n<meta property=\"article:modified_time\" content=\"2021-03-19T14:41:42+00:00\" \/>\n<meta property=\"og:image\" content=\"https:\/\/www.2twentyscooters.com\/wp-content\/uploads\/2021\/01\/Scooter-batterie-2.jpg\" \/>\n\t<meta property=\"og:image:width\" content=\"800\" \/>\n\t<meta property=\"og:image:height\" content=\"600\" \/>\n\t<meta property=\"og:image:type\" content=\"image\/jpeg\" \/>\n<meta name=\"twitter:card\" content=\"summary\" \/>\n<meta name=\"twitter:label1\" content=\"Tiempo de lectura\" \/>\n\t<meta name=\"twitter:data1\" content=\"1 minuto\" \/>\n<script type=\"application\/ld+json\" class=\"yoast-schema-graph\">{\"@context\":\"https:\/\/schema.org\",\"@graph\":[{\"@type\":\"Organization\",\"@id\":\"https:\/\/www.2twentyscooters.com\/en\/#organization\",\"name\":\"2twentyscooters\",\"url\":\"https:\/\/www.2twentyscooters.com\/en\/\",\"sameAs\":[],\"logo\":{\"@type\":\"ImageObject\",\"@id\":\"https:\/\/www.2twentyscooters.com\/en\/#logo\",\"inLanguage\":\"es\",\"url\":\"https:\/\/www.2twentyscooters.com\/wp-content\/uploads\/2022\/03\/2twenty-scooters-logo.png\",\"contentUrl\":\"https:\/\/www.2twentyscooters.com\/wp-content\/uploads\/2022\/03\/2twenty-scooters-logo.png\",\"width\":342,\"height\":55,\"caption\":\"2twentyscooters\"},\"image\":{\"@id\":\"https:\/\/www.2twentyscooters.com\/en\/#logo\"}},{\"@type\":\"WebSite\",\"@id\":\"https:\/\/www.2twentyscooters.com\/en\/#website\",\"url\":\"https:\/\/www.2twentyscooters.com\/en\/\",\"name\":\"2Twenty Scooter \u00e9lectrique\",\"description\":\"\",\"publisher\":{\"@id\":\"https:\/\/www.2twentyscooters.com\/en\/#organization\"},\"potentialAction\":[{\"@type\":\"SearchAction\",\"target\":{\"@type\":\"EntryPoint\",\"urlTemplate\":\"https:\/\/www.2twentyscooters.com\/en\/?s={search_term_string}\"},\"query-input\":\"required name=search_term_string\"}],\"inLanguage\":\"es\"},{\"@type\":\"ImageObject\",\"@id\":\"https:\/\/www.2twentyscooters.com\/es\/produit\/bateria-de-litio-adicional-72v-s2\/#primaryimage\",\"inLanguage\":\"es\",\"url\":\"https:\/\/www.2twentyscooters.com\/wp-content\/uploads\/2021\/01\/Scooter-batterie-2.jpg\",\"contentUrl\":\"https:\/\/www.2twentyscooters.com\/wp-content\/uploads\/2021\/01\/Scooter-batterie-2.jpg\",\"width\":800,\"height\":600},{\"@type\":\"WebPage\",\"@id\":\"https:\/\/www.2twentyscooters.com\/es\/produit\/bateria-de-litio-adicional-72v-s2\/#webpage\",\"url\":\"https:\/\/www.2twentyscooters.com\/es\/produit\/bateria-de-litio-adicional-72v-s2\/\",\"name\":\"Bater\u00eda de litio adicional 72V-S2\",\"isPartOf\":{\"@id\":\"https:\/\/www.2twentyscooters.com\/en\/#website\"},\"primaryImageOfPage\":{\"@id\":\"https:\/\/www.2twentyscooters.com\/es\/produit\/bateria-de-litio-adicional-72v-s2\/#primaryimage\"},\"datePublished\":\"2021-03-03T21:57:29+00:00\",\"dateModified\":\"2021-03-19T14:41:42+00:00\",\"description\":\"La moto 2Twenty Roma viene con una bater\u00eda de 72V \/ 20Ah que da una autonom\u00eda de unos 50 km.Como es posible acomodar 2 bater\u00edas en el compartimento de la bater\u00eda, puede equiparse con una bater\u00eda adicional, lo que le da a la moto una autonom\u00eda de aproximadamente 100 km. Recargable al 100% en 6 horas (50% en 2 horas) donde sea con el cargador 2Twenty.\",\"breadcrumb\":{\"@id\":\"https:\/\/www.2twentyscooters.com\/es\/produit\/bateria-de-litio-adicional-72v-s2\/#breadcrumb\"},\"inLanguage\":\"es\",\"potentialAction\":[{\"@type\":\"ReadAction\",\"target\":[\"https:\/\/www.2twentyscooters.com\/es\/produit\/bateria-de-litio-adicional-72v-s2\/\"]}]},{\"@type\":\"BreadcrumbList\",\"@id\":\"https:\/\/www.2twentyscooters.com\/es\/produit\/bateria-de-litio-adicional-72v-s2\/#breadcrumb\",\"itemListElement\":[{\"@type\":\"ListItem\",\"position\":1,\"name\":\"Home\",\"item\":\"https:\/\/www.2twentyscooters.com\/es\/\"},{\"@type\":\"ListItem\",\"position\":2,\"name\":\"Boutique\",\"item\":\"https:\/\/www.2twentyscooters.com\/boutique\/\"},{\"@type\":\"ListItem\",\"position\":3,\"name\":\"Non classifi\u00e9(e)\",\"item\":\"https:\/\/www.2twentyscooters.com\/it\/categoria-prodotto\/non-classifiee\/\"},{\"@type\":\"ListItem\",\"position\":4,\"name\":\"Bater\u00eda de litio adicional 72V-S2\"}]}]}<\/script>\n<!-- \/ Yoast SEO plugin. -->","yoast_head_json":{"title":"Bater\u00eda de litio adicional 72V-S2","description":"La moto 2Twenty Roma viene con una bater\u00eda de 72V \/ 20Ah que da una autonom\u00eda de unos 50 km.Como es posible acomodar 2 bater\u00edas en el compartimento de la bater\u00eda, puede equiparse con una bater\u00eda adicional, lo que le da a la moto una autonom\u00eda de aproximadamente 100 km. Recargable al 100% en 6 horas (50% en 2 horas) donde sea con el cargador 2Twenty.","robots":{"index":"index","follow":"follow","max-snippet":"max-snippet:-1","max-image-preview":"max-image-preview:large","max-video-preview":"max-video-preview:-1"},"canonical":"https:\/\/www.2twentyscooters.com\/es\/produit\/bateria-de-litio-adicional-72v-s2\/","og_locale":"es_ES","og_type":"article","og_title":"Bater\u00eda de litio adicional 72V-S2","og_description":"La moto 2Twenty Roma viene con una bater\u00eda de 72V \/ 20Ah que da una autonom\u00eda de unos 50 km.Como es posible acomodar 2 bater\u00edas en el compartimento de la bater\u00eda, puede equiparse con una bater\u00eda adicional, lo que le da a la moto una autonom\u00eda de aproximadamente 100 km. Recargable al 100% en 6 horas (50% en 2 horas) donde sea con el cargador 2Twenty.","og_url":"https:\/\/www.2twentyscooters.com\/es\/produit\/bateria-de-litio-adicional-72v-s2\/","og_site_name":"2Twenty Scooter \u00e9lectrique","article_modified_time":"2021-03-19T14:41:42+00:00","og_image":[{"width":800,"height":600,"url":"https:\/\/www.2twentyscooters.com\/wp-content\/uploads\/2021\/01\/Scooter-batterie-2.jpg","type":"image\/jpeg"}],"twitter_card":"summary","twitter_misc":{"Tiempo de lectura":"1 minuto"},"schema":{"@context":"https:\/\/schema.org","@graph":[{"@type":"Organization","@id":"https:\/\/www.2twentyscooters.com\/en\/#organization","name":"2twentyscooters","url":"https:\/\/www.2twentyscooters.com\/en\/","sameAs":[],"logo":{"@type":"ImageObject","@id":"https:\/\/www.2twentyscooters.com\/en\/#logo","inLanguage":"es","url":"https:\/\/www.2twentyscooters.com\/wp-content\/uploads\/2022\/03\/2twenty-scooters-logo.png","contentUrl":"https:\/\/www.2twentyscooters.com\/wp-content\/uploads\/2022\/03\/2twenty-scooters-logo.png","width":342,"height":55,"caption":"2twentyscooters"},"image":{"@id":"https:\/\/www.2twentyscooters.com\/en\/#logo"}},{"@type":"WebSite","@id":"https:\/\/www.2twentyscooters.com\/en\/#website","url":"https:\/\/www.2twentyscooters.com\/en\/","name":"2Twenty Scooter \u00e9lectrique","description":"","publisher":{"@id":"https:\/\/www.2twentyscooters.com\/en\/#organization"},"potentialAction":[{"@type":"SearchAction","target":{"@type":"EntryPoint","urlTemplate":"https:\/\/www.2twentyscooters.com\/en\/?s={search_term_string}"},"query-input":"required name=search_term_string"}],"inLanguage":"es"},{"@type":"ImageObject","@id":"https:\/\/www.2twentyscooters.com\/es\/produit\/bateria-de-litio-adicional-72v-s2\/#primaryimage","inLanguage":"es","url":"https:\/\/www.2twentyscooters.com\/wp-content\/uploads\/2021\/01\/Scooter-batterie-2.jpg","contentUrl":"https:\/\/www.2twentyscooters.com\/wp-content\/uploads\/2021\/01\/Scooter-batterie-2.jpg","width":800,"height":600},{"@type":"WebPage","@id":"https:\/\/www.2twentyscooters.com\/es\/produit\/bateria-de-litio-adicional-72v-s2\/#webpage","url":"https:\/\/www.2twentyscooters.com\/es\/produit\/bateria-de-litio-adicional-72v-s2\/","name":"Bater\u00eda de litio adicional 72V-S2","isPartOf":{"@id":"https:\/\/www.2twentyscooters.com\/en\/#website"},"primaryImageOfPage":{"@id":"https:\/\/www.2twentyscooters.com\/es\/produit\/bateria-de-litio-adicional-72v-s2\/#primaryimage"},"datePublished":"2021-03-03T21:57:29+00:00","dateModified":"2021-03-19T14:41:42+00:00","description":"La moto 2Twenty Roma viene con una bater\u00eda de 72V \/ 20Ah que da una autonom\u00eda de unos 50 km.Como es posible acomodar 2 bater\u00edas en el compartimento de la bater\u00eda, puede equiparse con una bater\u00eda adicional, lo que le da a la moto una autonom\u00eda de aproximadamente 100 km. Recargable al 100% en 6 horas (50% en 2 horas) donde sea con el cargador 2Twenty.","breadcrumb":{"@id":"https:\/\/www.2twentyscooters.com\/es\/produit\/bateria-de-litio-adicional-72v-s2\/#breadcrumb"},"inLanguage":"es","potentialAction":[{"@type":"ReadAction","target":["https:\/\/www.2twentyscooters.com\/es\/produit\/bateria-de-litio-adicional-72v-s2\/"]}]},{"@type":"BreadcrumbList","@id":"https:\/\/www.2twentyscooters.com\/es\/produit\/bateria-de-litio-adicional-72v-s2\/#breadcrumb","itemListElement":[{"@type":"ListItem","position":1,"name":"Home","item":"https:\/\/www.2twentyscooters.com\/es\/"},{"@type":"ListItem","position":2,"name":"Boutique","item":"https:\/\/www.2twentyscooters.com\/boutique\/"},{"@type":"ListItem","position":3,"name":"Non classifi\u00e9(e)","item":"https:\/\/www.2twentyscooters.com\/it\/categoria-prodotto\/non-classifiee\/"},{"@type":"ListItem","position":4,"name":"Bater\u00eda de litio adicional 72V-S2"}]}]}},"_links":{"self":[{"href":"https:\/\/www.2twentyscooters.com\/es\/wp-json\/wp\/v2\/product\/34955"}],"collection":[{"href":"https:\/\/www.2twentyscooters.com\/es\/wp-json\/wp\/v2\/product"}],"about":[{"href":"https:\/\/www.2twentyscooters.com\/es\/wp-json\/wp\/v2\/types\/product"}],"replies":[{"embeddable":true,"href":"https:\/\/www.2twentyscooters.com\/es\/wp-json\/wp\/v2\/comments?post=34955"}],"version-history":[{"count":0,"href":"https:\/\/www.2twentyscooters.com\/es\/wp-json\/wp\/v2\/product\/34955\/revisions"}],"wp:featuredmedia":[{"embeddable":true,"href":"https:\/\/www.2twentyscooters.com\/es\/wp-json\/wp\/v2\/media\/34956"}],"wp:attachment":[{"href":"https:\/\/www.2twentyscooters.com\/es\/wp-json\/wp\/v2\/media?parent=34955"}],"wp:term":[{"taxonomy":"product_cat","embeddable":true,"href":"https:\/\/www.2twentyscooters.com\/es\/wp-json\/wp\/v2\/product_cat?post=34955"},{"taxonomy":"product_tag","embeddable":true,"href":"https:\/\/www.2twentyscooters.com\/es\/wp-json\/wp\/v2\/product_tag?post=34955"}],"curies":[{"name":"wp","href":"https:\/\/api.w.org\/{rel}","templated":true}]}}