{"id":34764,"date":"2020-05-17T15:30:35","date_gmt":"2021-03-03T21:51:13","guid":{"rendered":"https:\/\/www.2twentyscooters.com\/produit\/sillin-liso-premium-fabricado-en-francia\/"},"modified":"2021-03-19T15:08:43","modified_gmt":"2021-03-19T14:08:43","slug":"asiento-premium-liso-fabricado-en-francia","status":"publish","type":"product","link":"https:\/\/www.2twentyscooters.com\/es\/produit\/asiento-premium-liso-fabricado-en-francia\/","title":{"rendered":"Asiento liso premium &#8211; Fabricado en Francia"},"content":{"rendered":"<p>Asiento liso premium fabricado en Francia.<\/p>\n<p>Disponible en renderizado est\u00e1ndar:<\/p>\n<ul>\n<li>Burdeos<\/li>\n<li>Rosa<\/li>\n<li>Marr\u00f3n claro<\/li>\n<li>Marr\u00f3n oscuro<\/li>\n<li>Camello<\/li>\n<li>Negro<\/li>\n<\/ul>\n<p>O renderizado curado:<\/p>\n<ul>\n<li>Casta\u00f1o<\/li>\n<li>Beige<\/li>\n<li>Arena<\/li>\n<li>Antracita<\/li>\n<li>Verde<\/li>\n<\/ul>\n<p>El asiento est\u00e1 revestido con una piel sint\u00e9tica de alta gama. La ventaja de este acabado liso es que es completamente impermeable, a diferencia de otros con acolchado y costuras.<\/p>\n<p>Para su informaci\u00f3n, el cuero genuino no es adecuado para los asientos de moto porque est\u00e1 demasiado expuesto a la lluvia y al sol. Deber\u00eda tratarse con frecuencia con cera, lo que no es ideal para una silla de montar (riesgo de manchar la ropa). Es por ello que hemos optado por una piel sint\u00e9tica de calidad.<\/p>\n<p>Ventaja del acabado liso: el asiento es completamente impermeable.<\/p>\n<p>Posibilidad de a\u00f1adir un nombre o logo en bordado (cons\u00faltanos).<\/p>\n<p>Se vende con empu\u00f1aduras a juego.<\/p>\n","protected":false},"excerpt":{"rendered":"<p>Asiento premium fabricado en Francia para moto el\u00e9ctrica 2Twenty<\/p>\n","protected":false},"featured_media":34765,"comment_status":"closed","ping_status":"closed","template":"","meta":[],"product_cat":[371],"product_tag":[],"yoast_head":"<!-- This site is optimized with the Yoast SEO plugin v18.4.1 - https:\/\/yoast.com\/wordpress\/plugins\/seo\/ -->\n<title>Asiento liso premium - Fabricado en Francia<\/title>\n<meta name=\"description\" content=\"Asiento liso premium fabricado en Francia. El sill\u00edn est\u00e1 revestido con una piel sint\u00e9tica de alta gama. Completamente impermeable\" \/>\n<meta name=\"robots\" content=\"index, follow, max-snippet:-1, max-image-preview:large, max-video-preview:-1\" \/>\n<link rel=\"canonical\" href=\"https:\/\/www.2twentyscooters.com\/es\/produit\/asiento-premium-liso-fabricado-en-francia\/\" \/>\n<meta property=\"og:locale\" content=\"es_ES\" \/>\n<meta property=\"og:type\" content=\"article\" \/>\n<meta property=\"og:title\" content=\"Asiento liso premium - Fabricado en Francia\" \/>\n<meta property=\"og:description\" content=\"Asiento liso premium fabricado en Francia. El sill\u00edn est\u00e1 revestido con una piel sint\u00e9tica de alta gama. Completamente impermeable\" \/>\n<meta property=\"og:url\" content=\"https:\/\/www.2twentyscooters.com\/es\/produit\/asiento-premium-liso-fabricado-en-francia\/\" \/>\n<meta property=\"og:site_name\" content=\"2Twenty Scooter \u00e9lectrique\" \/>\n<meta property=\"article:modified_time\" content=\"2021-03-19T14:08:43+00:00\" \/>\n<meta property=\"og:image\" content=\"https:\/\/www.2twentyscooters.com\/wp-content\/uploads\/2021\/01\/seel-lisse-marron-fonce\u0301-tanne\u0301-1-5.jpg\" \/>\n\t<meta property=\"og:image:width\" content=\"800\" \/>\n\t<meta property=\"og:image:height\" content=\"600\" \/>\n\t<meta property=\"og:image:type\" content=\"image\/jpeg\" \/>\n<meta name=\"twitter:card\" content=\"summary\" \/>\n<meta name=\"twitter:label1\" content=\"Tiempo de lectura\" \/>\n\t<meta name=\"twitter:data1\" content=\"1 minuto\" \/>\n<script type=\"application\/ld+json\" class=\"yoast-schema-graph\">{\"@context\":\"https:\/\/schema.org\",\"@graph\":[{\"@type\":\"Organization\",\"@id\":\"https:\/\/www.2twentyscooters.com\/en\/#organization\",\"name\":\"2twentyscooters\",\"url\":\"https:\/\/www.2twentyscooters.com\/en\/\",\"sameAs\":[],\"logo\":{\"@type\":\"ImageObject\",\"@id\":\"https:\/\/www.2twentyscooters.com\/en\/#logo\",\"inLanguage\":\"es\",\"url\":\"https:\/\/www.2twentyscooters.com\/wp-content\/uploads\/2022\/03\/2twenty-scooters-logo.png\",\"contentUrl\":\"https:\/\/www.2twentyscooters.com\/wp-content\/uploads\/2022\/03\/2twenty-scooters-logo.png\",\"width\":342,\"height\":55,\"caption\":\"2twentyscooters\"},\"image\":{\"@id\":\"https:\/\/www.2twentyscooters.com\/en\/#logo\"}},{\"@type\":\"WebSite\",\"@id\":\"https:\/\/www.2twentyscooters.com\/en\/#website\",\"url\":\"https:\/\/www.2twentyscooters.com\/en\/\",\"name\":\"2Twenty Scooter \u00e9lectrique\",\"description\":\"\",\"publisher\":{\"@id\":\"https:\/\/www.2twentyscooters.com\/en\/#organization\"},\"potentialAction\":[{\"@type\":\"SearchAction\",\"target\":{\"@type\":\"EntryPoint\",\"urlTemplate\":\"https:\/\/www.2twentyscooters.com\/en\/?s={search_term_string}\"},\"query-input\":\"required name=search_term_string\"}],\"inLanguage\":\"es\"},{\"@type\":\"ImageObject\",\"@id\":\"https:\/\/www.2twentyscooters.com\/es\/produit\/asiento-premium-liso-fabricado-en-francia\/#primaryimage\",\"inLanguage\":\"es\",\"url\":\"https:\/\/www.2twentyscooters.com\/wp-content\/uploads\/2021\/01\/seel-lisse-marron-fonce\u0301-tanne\u0301-1-5.jpg\",\"contentUrl\":\"https:\/\/www.2twentyscooters.com\/wp-content\/uploads\/2021\/01\/seel-lisse-marron-fonce\u0301-tanne\u0301-1-5.jpg\",\"width\":800,\"height\":600},{\"@type\":\"WebPage\",\"@id\":\"https:\/\/www.2twentyscooters.com\/es\/produit\/asiento-premium-liso-fabricado-en-francia\/#webpage\",\"url\":\"https:\/\/www.2twentyscooters.com\/es\/produit\/asiento-premium-liso-fabricado-en-francia\/\",\"name\":\"Asiento liso premium - Fabricado en Francia\",\"isPartOf\":{\"@id\":\"https:\/\/www.2twentyscooters.com\/en\/#website\"},\"primaryImageOfPage\":{\"@id\":\"https:\/\/www.2twentyscooters.com\/es\/produit\/asiento-premium-liso-fabricado-en-francia\/#primaryimage\"},\"datePublished\":\"2021-03-03T21:51:13+00:00\",\"dateModified\":\"2021-03-19T14:08:43+00:00\",\"description\":\"Asiento liso premium fabricado en Francia. El sill\u00edn est\u00e1 revestido con una piel sint\u00e9tica de alta gama. Completamente impermeable\",\"breadcrumb\":{\"@id\":\"https:\/\/www.2twentyscooters.com\/es\/produit\/asiento-premium-liso-fabricado-en-francia\/#breadcrumb\"},\"inLanguage\":\"es\",\"potentialAction\":[{\"@type\":\"ReadAction\",\"target\":[\"https:\/\/www.2twentyscooters.com\/es\/produit\/asiento-premium-liso-fabricado-en-francia\/\"]}]},{\"@type\":\"BreadcrumbList\",\"@id\":\"https:\/\/www.2twentyscooters.com\/es\/produit\/asiento-premium-liso-fabricado-en-francia\/#breadcrumb\",\"itemListElement\":[{\"@type\":\"ListItem\",\"position\":1,\"name\":\"Home\",\"item\":\"https:\/\/www.2twentyscooters.com\/es\/\"},{\"@type\":\"ListItem\",\"position\":2,\"name\":\"Boutique\",\"item\":\"https:\/\/www.2twentyscooters.com\/boutique\/\"},{\"@type\":\"ListItem\",\"position\":3,\"name\":\"Accesorios\",\"item\":\"https:\/\/www.2twentyscooters.com\/categorie-produit\/accessoires\/\"},{\"@type\":\"ListItem\",\"position\":4,\"name\":\"Asiento liso premium &#8211; Fabricado en Francia\"}]}]}<\/script>\n<!-- \/ Yoast SEO plugin. -->","yoast_head_json":{"title":"Asiento liso premium - Fabricado en Francia","description":"Asiento liso premium fabricado en Francia. El sill\u00edn est\u00e1 revestido con una piel sint\u00e9tica de alta gama. Completamente impermeable","robots":{"index":"index","follow":"follow","max-snippet":"max-snippet:-1","max-image-preview":"max-image-preview:large","max-video-preview":"max-video-preview:-1"},"canonical":"https:\/\/www.2twentyscooters.com\/es\/produit\/asiento-premium-liso-fabricado-en-francia\/","og_locale":"es_ES","og_type":"article","og_title":"Asiento liso premium - Fabricado en Francia","og_description":"Asiento liso premium fabricado en Francia. El sill\u00edn est\u00e1 revestido con una piel sint\u00e9tica de alta gama. Completamente impermeable","og_url":"https:\/\/www.2twentyscooters.com\/es\/produit\/asiento-premium-liso-fabricado-en-francia\/","og_site_name":"2Twenty Scooter \u00e9lectrique","article_modified_time":"2021-03-19T14:08:43+00:00","og_image":[{"width":800,"height":600,"url":"https:\/\/www.2twentyscooters.com\/wp-content\/uploads\/2021\/01\/seel-lisse-marron-fonce\u0301-tanne\u0301-1-5.jpg","type":"image\/jpeg"}],"twitter_card":"summary","twitter_misc":{"Tiempo de lectura":"1 minuto"},"schema":{"@context":"https:\/\/schema.org","@graph":[{"@type":"Organization","@id":"https:\/\/www.2twentyscooters.com\/en\/#organization","name":"2twentyscooters","url":"https:\/\/www.2twentyscooters.com\/en\/","sameAs":[],"logo":{"@type":"ImageObject","@id":"https:\/\/www.2twentyscooters.com\/en\/#logo","inLanguage":"es","url":"https:\/\/www.2twentyscooters.com\/wp-content\/uploads\/2022\/03\/2twenty-scooters-logo.png","contentUrl":"https:\/\/www.2twentyscooters.com\/wp-content\/uploads\/2022\/03\/2twenty-scooters-logo.png","width":342,"height":55,"caption":"2twentyscooters"},"image":{"@id":"https:\/\/www.2twentyscooters.com\/en\/#logo"}},{"@type":"WebSite","@id":"https:\/\/www.2twentyscooters.com\/en\/#website","url":"https:\/\/www.2twentyscooters.com\/en\/","name":"2Twenty Scooter \u00e9lectrique","description":"","publisher":{"@id":"https:\/\/www.2twentyscooters.com\/en\/#organization"},"potentialAction":[{"@type":"SearchAction","target":{"@type":"EntryPoint","urlTemplate":"https:\/\/www.2twentyscooters.com\/en\/?s={search_term_string}"},"query-input":"required name=search_term_string"}],"inLanguage":"es"},{"@type":"ImageObject","@id":"https:\/\/www.2twentyscooters.com\/es\/produit\/asiento-premium-liso-fabricado-en-francia\/#primaryimage","inLanguage":"es","url":"https:\/\/www.2twentyscooters.com\/wp-content\/uploads\/2021\/01\/seel-lisse-marron-fonce\u0301-tanne\u0301-1-5.jpg","contentUrl":"https:\/\/www.2twentyscooters.com\/wp-content\/uploads\/2021\/01\/seel-lisse-marron-fonce\u0301-tanne\u0301-1-5.jpg","width":800,"height":600},{"@type":"WebPage","@id":"https:\/\/www.2twentyscooters.com\/es\/produit\/asiento-premium-liso-fabricado-en-francia\/#webpage","url":"https:\/\/www.2twentyscooters.com\/es\/produit\/asiento-premium-liso-fabricado-en-francia\/","name":"Asiento liso premium - Fabricado en Francia","isPartOf":{"@id":"https:\/\/www.2twentyscooters.com\/en\/#website"},"primaryImageOfPage":{"@id":"https:\/\/www.2twentyscooters.com\/es\/produit\/asiento-premium-liso-fabricado-en-francia\/#primaryimage"},"datePublished":"2021-03-03T21:51:13+00:00","dateModified":"2021-03-19T14:08:43+00:00","description":"Asiento liso premium fabricado en Francia. El sill\u00edn est\u00e1 revestido con una piel sint\u00e9tica de alta gama. Completamente impermeable","breadcrumb":{"@id":"https:\/\/www.2twentyscooters.com\/es\/produit\/asiento-premium-liso-fabricado-en-francia\/#breadcrumb"},"inLanguage":"es","potentialAction":[{"@type":"ReadAction","target":["https:\/\/www.2twentyscooters.com\/es\/produit\/asiento-premium-liso-fabricado-en-francia\/"]}]},{"@type":"BreadcrumbList","@id":"https:\/\/www.2twentyscooters.com\/es\/produit\/asiento-premium-liso-fabricado-en-francia\/#breadcrumb","itemListElement":[{"@type":"ListItem","position":1,"name":"Home","item":"https:\/\/www.2twentyscooters.com\/es\/"},{"@type":"ListItem","position":2,"name":"Boutique","item":"https:\/\/www.2twentyscooters.com\/boutique\/"},{"@type":"ListItem","position":3,"name":"Accesorios","item":"https:\/\/www.2twentyscooters.com\/categorie-produit\/accessoires\/"},{"@type":"ListItem","position":4,"name":"Asiento liso premium &#8211; Fabricado en Francia"}]}]}},"_links":{"self":[{"href":"https:\/\/www.2twentyscooters.com\/es\/wp-json\/wp\/v2\/product\/34764"}],"collection":[{"href":"https:\/\/www.2twentyscooters.com\/es\/wp-json\/wp\/v2\/product"}],"about":[{"href":"https:\/\/www.2twentyscooters.com\/es\/wp-json\/wp\/v2\/types\/product"}],"replies":[{"embeddable":true,"href":"https:\/\/www.2twentyscooters.com\/es\/wp-json\/wp\/v2\/comments?post=34764"}],"version-history":[{"count":0,"href":"https:\/\/www.2twentyscooters.com\/es\/wp-json\/wp\/v2\/product\/34764\/revisions"}],"wp:featuredmedia":[{"embeddable":true,"href":"https:\/\/www.2twentyscooters.com\/es\/wp-json\/wp\/v2\/media\/34765"}],"wp:attachment":[{"href":"https:\/\/www.2twentyscooters.com\/es\/wp-json\/wp\/v2\/media?parent=34764"}],"wp:term":[{"taxonomy":"product_cat","embeddable":true,"href":"https:\/\/www.2twentyscooters.com\/es\/wp-json\/wp\/v2\/product_cat?post=34764"},{"taxonomy":"product_tag","embeddable":true,"href":"https:\/\/www.2twentyscooters.com\/es\/wp-json\/wp\/v2\/product_tag?post=34764"}],"curies":[{"name":"wp","href":"https:\/\/api.w.org\/{rel}","templated":true}]}}