{"id":34708,"date":"2020-05-17T15:31:26","date_gmt":"2021-03-03T21:50:20","guid":{"rendered":"https:\/\/www.2twentyscooters.com\/produit\/sillin-de-jacquard-premium-fabricado-en-francia\/"},"modified":"2021-03-19T15:10:38","modified_gmt":"2021-03-19T14:10:38","slug":"asiento-premium-jacquard-made-in-france","status":"publish","type":"product","link":"https:\/\/www.2twentyscooters.com\/es\/produit\/asiento-premium-jacquard-made-in-france\/","title":{"rendered":"Asiento Jacquard Premium &#8211; Fabricado en Francia"},"content":{"rendered":"<p>Asiento Premium con motivo de rombos Jacquard, fabricado en Francia.<\/p>\n<p>Disponible en renderizado estandar:<\/p>\n<ul>\n<li>Burdeos<\/li>\n<li>Rosa empolvado<\/li>\n<li>Marr\u00f3n claro<\/li>\n<li>Marr\u00f3n oscuro<\/li>\n<li>Camello<\/li>\n<li>Negro<\/li>\n<\/ul>\n<p>O renderizado curado:<\/p>\n<ul>\n<li>Casta\u00f1o<\/li>\n<li>Beige<\/li>\n<li>Arena<\/li>\n<li>Antracita<\/li>\n<li>Verde<\/li>\n<\/ul>\n<p>Materiales acolchados, de alta gama, costuras visibles.<br \/>\nEl asiento est\u00e1 revestido con una piel sint\u00e9tica de alta gama. Para su informaci\u00f3n, el cuero genuino no es adecuado para los asientos de moto porque est\u00e1 demasiado expuesto a la lluvia y al sol. Deber\u00eda tratarse con frecuencia con cera, lo que no es ideal para una silla de montar (riesgo de manchar la ropa). Es por ello que hemos optado por una piel sint\u00e9tica de calidad.<\/p>\n<p>Recomendado: en un d\u00eda lluvioso, use una funda para el asiento cuando la moto est\u00e9 aparcada para evitar que el agua se filtre en el acolchado a trav\u00e9s de las costuras.<\/p>\n<p>Posibilidad de a\u00f1adir un nombre o logo en bordado (cons\u00faltanos).<\/p>\n<p>Se vende con empu\u00f1aduras a juego.<\/p>\n","protected":false},"excerpt":{"rendered":"<p>Asiento premium fabricado en Francia para moto el\u00e9ctrica 2Twenty<\/p>\n","protected":false},"featured_media":34709,"comment_status":"closed","ping_status":"closed","template":"","meta":[],"product_cat":[371],"product_tag":[],"yoast_head":"<!-- This site is optimized with the Yoast SEO plugin v18.4.1 - https:\/\/yoast.com\/wordpress\/plugins\/seo\/ -->\n<title>Asiento Jacquard Premium - Fabricado en Francia<\/title>\n<meta name=\"description\" content=\"Asiento Premium con motivo de rombos Jacquard, fabricado en Francia.Materiales acolchados, de alta gama, costuras visibles. El asiento est\u00e1 revestido con una piel sint\u00e9tica de alta gama.\" \/>\n<meta name=\"robots\" content=\"index, follow, max-snippet:-1, max-image-preview:large, max-video-preview:-1\" \/>\n<link rel=\"canonical\" href=\"https:\/\/www.2twentyscooters.com\/es\/produit\/asiento-premium-jacquard-made-in-france\/\" \/>\n<meta property=\"og:locale\" content=\"es_ES\" \/>\n<meta property=\"og:type\" content=\"article\" \/>\n<meta property=\"og:title\" content=\"Asiento Jacquard Premium - Fabricado en Francia\" \/>\n<meta property=\"og:description\" content=\"Asiento Premium con motivo de rombos Jacquard, fabricado en Francia.Materiales acolchados, de alta gama, costuras visibles. El asiento est\u00e1 revestido con una piel sint\u00e9tica de alta gama.\" \/>\n<meta property=\"og:url\" content=\"https:\/\/www.2twentyscooters.com\/es\/produit\/asiento-premium-jacquard-made-in-france\/\" \/>\n<meta property=\"og:site_name\" content=\"2Twenty Scooter \u00e9lectrique\" \/>\n<meta property=\"article:modified_time\" content=\"2021-03-19T14:10:38+00:00\" \/>\n<meta property=\"og:image\" content=\"https:\/\/www.2twentyscooters.com\/wp-content\/uploads\/2021\/01\/Selle-jacquard-beige.jpg\" \/>\n\t<meta property=\"og:image:width\" content=\"800\" \/>\n\t<meta property=\"og:image:height\" content=\"600\" \/>\n\t<meta property=\"og:image:type\" content=\"image\/jpeg\" \/>\n<meta name=\"twitter:card\" content=\"summary\" \/>\n<meta name=\"twitter:label1\" content=\"Tiempo de lectura\" \/>\n\t<meta name=\"twitter:data1\" content=\"1 minuto\" \/>\n<script type=\"application\/ld+json\" class=\"yoast-schema-graph\">{\"@context\":\"https:\/\/schema.org\",\"@graph\":[{\"@type\":\"Organization\",\"@id\":\"https:\/\/www.2twentyscooters.com\/en\/#organization\",\"name\":\"2twentyscooters\",\"url\":\"https:\/\/www.2twentyscooters.com\/en\/\",\"sameAs\":[],\"logo\":{\"@type\":\"ImageObject\",\"@id\":\"https:\/\/www.2twentyscooters.com\/en\/#logo\",\"inLanguage\":\"es\",\"url\":\"https:\/\/www.2twentyscooters.com\/wp-content\/uploads\/2022\/03\/2twenty-scooters-logo.png\",\"contentUrl\":\"https:\/\/www.2twentyscooters.com\/wp-content\/uploads\/2022\/03\/2twenty-scooters-logo.png\",\"width\":342,\"height\":55,\"caption\":\"2twentyscooters\"},\"image\":{\"@id\":\"https:\/\/www.2twentyscooters.com\/en\/#logo\"}},{\"@type\":\"WebSite\",\"@id\":\"https:\/\/www.2twentyscooters.com\/en\/#website\",\"url\":\"https:\/\/www.2twentyscooters.com\/en\/\",\"name\":\"2Twenty Scooter \u00e9lectrique\",\"description\":\"\",\"publisher\":{\"@id\":\"https:\/\/www.2twentyscooters.com\/en\/#organization\"},\"potentialAction\":[{\"@type\":\"SearchAction\",\"target\":{\"@type\":\"EntryPoint\",\"urlTemplate\":\"https:\/\/www.2twentyscooters.com\/en\/?s={search_term_string}\"},\"query-input\":\"required name=search_term_string\"}],\"inLanguage\":\"es\"},{\"@type\":\"ImageObject\",\"@id\":\"https:\/\/www.2twentyscooters.com\/es\/produit\/asiento-premium-jacquard-made-in-france\/#primaryimage\",\"inLanguage\":\"es\",\"url\":\"https:\/\/www.2twentyscooters.com\/wp-content\/uploads\/2021\/01\/Selle-jacquard-beige.jpg\",\"contentUrl\":\"https:\/\/www.2twentyscooters.com\/wp-content\/uploads\/2021\/01\/Selle-jacquard-beige.jpg\",\"width\":800,\"height\":600},{\"@type\":\"WebPage\",\"@id\":\"https:\/\/www.2twentyscooters.com\/es\/produit\/asiento-premium-jacquard-made-in-france\/#webpage\",\"url\":\"https:\/\/www.2twentyscooters.com\/es\/produit\/asiento-premium-jacquard-made-in-france\/\",\"name\":\"Asiento Jacquard Premium - Fabricado en Francia\",\"isPartOf\":{\"@id\":\"https:\/\/www.2twentyscooters.com\/en\/#website\"},\"primaryImageOfPage\":{\"@id\":\"https:\/\/www.2twentyscooters.com\/es\/produit\/asiento-premium-jacquard-made-in-france\/#primaryimage\"},\"datePublished\":\"2021-03-03T21:50:20+00:00\",\"dateModified\":\"2021-03-19T14:10:38+00:00\",\"description\":\"Asiento Premium con motivo de rombos Jacquard, fabricado en Francia.Materiales acolchados, de alta gama, costuras visibles. El asiento est\u00e1 revestido con una piel sint\u00e9tica de alta gama.\",\"breadcrumb\":{\"@id\":\"https:\/\/www.2twentyscooters.com\/es\/produit\/asiento-premium-jacquard-made-in-france\/#breadcrumb\"},\"inLanguage\":\"es\",\"potentialAction\":[{\"@type\":\"ReadAction\",\"target\":[\"https:\/\/www.2twentyscooters.com\/es\/produit\/asiento-premium-jacquard-made-in-france\/\"]}]},{\"@type\":\"BreadcrumbList\",\"@id\":\"https:\/\/www.2twentyscooters.com\/es\/produit\/asiento-premium-jacquard-made-in-france\/#breadcrumb\",\"itemListElement\":[{\"@type\":\"ListItem\",\"position\":1,\"name\":\"Home\",\"item\":\"https:\/\/www.2twentyscooters.com\/es\/\"},{\"@type\":\"ListItem\",\"position\":2,\"name\":\"Boutique\",\"item\":\"https:\/\/www.2twentyscooters.com\/boutique\/\"},{\"@type\":\"ListItem\",\"position\":3,\"name\":\"Accesorios\",\"item\":\"https:\/\/www.2twentyscooters.com\/categorie-produit\/accessoires\/\"},{\"@type\":\"ListItem\",\"position\":4,\"name\":\"Asiento Jacquard Premium &#8211; Fabricado en Francia\"}]}]}<\/script>\n<!-- \/ Yoast SEO plugin. -->","yoast_head_json":{"title":"Asiento Jacquard Premium - Fabricado en Francia","description":"Asiento Premium con motivo de rombos Jacquard, fabricado en Francia.Materiales acolchados, de alta gama, costuras visibles. El asiento est\u00e1 revestido con una piel sint\u00e9tica de alta gama.","robots":{"index":"index","follow":"follow","max-snippet":"max-snippet:-1","max-image-preview":"max-image-preview:large","max-video-preview":"max-video-preview:-1"},"canonical":"https:\/\/www.2twentyscooters.com\/es\/produit\/asiento-premium-jacquard-made-in-france\/","og_locale":"es_ES","og_type":"article","og_title":"Asiento Jacquard Premium - Fabricado en Francia","og_description":"Asiento Premium con motivo de rombos Jacquard, fabricado en Francia.Materiales acolchados, de alta gama, costuras visibles. El asiento est\u00e1 revestido con una piel sint\u00e9tica de alta gama.","og_url":"https:\/\/www.2twentyscooters.com\/es\/produit\/asiento-premium-jacquard-made-in-france\/","og_site_name":"2Twenty Scooter \u00e9lectrique","article_modified_time":"2021-03-19T14:10:38+00:00","og_image":[{"width":800,"height":600,"url":"https:\/\/www.2twentyscooters.com\/wp-content\/uploads\/2021\/01\/Selle-jacquard-beige.jpg","type":"image\/jpeg"}],"twitter_card":"summary","twitter_misc":{"Tiempo de lectura":"1 minuto"},"schema":{"@context":"https:\/\/schema.org","@graph":[{"@type":"Organization","@id":"https:\/\/www.2twentyscooters.com\/en\/#organization","name":"2twentyscooters","url":"https:\/\/www.2twentyscooters.com\/en\/","sameAs":[],"logo":{"@type":"ImageObject","@id":"https:\/\/www.2twentyscooters.com\/en\/#logo","inLanguage":"es","url":"https:\/\/www.2twentyscooters.com\/wp-content\/uploads\/2022\/03\/2twenty-scooters-logo.png","contentUrl":"https:\/\/www.2twentyscooters.com\/wp-content\/uploads\/2022\/03\/2twenty-scooters-logo.png","width":342,"height":55,"caption":"2twentyscooters"},"image":{"@id":"https:\/\/www.2twentyscooters.com\/en\/#logo"}},{"@type":"WebSite","@id":"https:\/\/www.2twentyscooters.com\/en\/#website","url":"https:\/\/www.2twentyscooters.com\/en\/","name":"2Twenty Scooter \u00e9lectrique","description":"","publisher":{"@id":"https:\/\/www.2twentyscooters.com\/en\/#organization"},"potentialAction":[{"@type":"SearchAction","target":{"@type":"EntryPoint","urlTemplate":"https:\/\/www.2twentyscooters.com\/en\/?s={search_term_string}"},"query-input":"required name=search_term_string"}],"inLanguage":"es"},{"@type":"ImageObject","@id":"https:\/\/www.2twentyscooters.com\/es\/produit\/asiento-premium-jacquard-made-in-france\/#primaryimage","inLanguage":"es","url":"https:\/\/www.2twentyscooters.com\/wp-content\/uploads\/2021\/01\/Selle-jacquard-beige.jpg","contentUrl":"https:\/\/www.2twentyscooters.com\/wp-content\/uploads\/2021\/01\/Selle-jacquard-beige.jpg","width":800,"height":600},{"@type":"WebPage","@id":"https:\/\/www.2twentyscooters.com\/es\/produit\/asiento-premium-jacquard-made-in-france\/#webpage","url":"https:\/\/www.2twentyscooters.com\/es\/produit\/asiento-premium-jacquard-made-in-france\/","name":"Asiento Jacquard Premium - Fabricado en Francia","isPartOf":{"@id":"https:\/\/www.2twentyscooters.com\/en\/#website"},"primaryImageOfPage":{"@id":"https:\/\/www.2twentyscooters.com\/es\/produit\/asiento-premium-jacquard-made-in-france\/#primaryimage"},"datePublished":"2021-03-03T21:50:20+00:00","dateModified":"2021-03-19T14:10:38+00:00","description":"Asiento Premium con motivo de rombos Jacquard, fabricado en Francia.Materiales acolchados, de alta gama, costuras visibles. El asiento est\u00e1 revestido con una piel sint\u00e9tica de alta gama.","breadcrumb":{"@id":"https:\/\/www.2twentyscooters.com\/es\/produit\/asiento-premium-jacquard-made-in-france\/#breadcrumb"},"inLanguage":"es","potentialAction":[{"@type":"ReadAction","target":["https:\/\/www.2twentyscooters.com\/es\/produit\/asiento-premium-jacquard-made-in-france\/"]}]},{"@type":"BreadcrumbList","@id":"https:\/\/www.2twentyscooters.com\/es\/produit\/asiento-premium-jacquard-made-in-france\/#breadcrumb","itemListElement":[{"@type":"ListItem","position":1,"name":"Home","item":"https:\/\/www.2twentyscooters.com\/es\/"},{"@type":"ListItem","position":2,"name":"Boutique","item":"https:\/\/www.2twentyscooters.com\/boutique\/"},{"@type":"ListItem","position":3,"name":"Accesorios","item":"https:\/\/www.2twentyscooters.com\/categorie-produit\/accessoires\/"},{"@type":"ListItem","position":4,"name":"Asiento Jacquard Premium &#8211; Fabricado en Francia"}]}]}},"_links":{"self":[{"href":"https:\/\/www.2twentyscooters.com\/es\/wp-json\/wp\/v2\/product\/34708"}],"collection":[{"href":"https:\/\/www.2twentyscooters.com\/es\/wp-json\/wp\/v2\/product"}],"about":[{"href":"https:\/\/www.2twentyscooters.com\/es\/wp-json\/wp\/v2\/types\/product"}],"replies":[{"embeddable":true,"href":"https:\/\/www.2twentyscooters.com\/es\/wp-json\/wp\/v2\/comments?post=34708"}],"version-history":[{"count":0,"href":"https:\/\/www.2twentyscooters.com\/es\/wp-json\/wp\/v2\/product\/34708\/revisions"}],"wp:featuredmedia":[{"embeddable":true,"href":"https:\/\/www.2twentyscooters.com\/es\/wp-json\/wp\/v2\/media\/34709"}],"wp:attachment":[{"href":"https:\/\/www.2twentyscooters.com\/es\/wp-json\/wp\/v2\/media?parent=34708"}],"wp:term":[{"taxonomy":"product_cat","embeddable":true,"href":"https:\/\/www.2twentyscooters.com\/es\/wp-json\/wp\/v2\/product_cat?post=34708"},{"taxonomy":"product_tag","embeddable":true,"href":"https:\/\/www.2twentyscooters.com\/es\/wp-json\/wp\/v2\/product_tag?post=34708"}],"curies":[{"name":"wp","href":"https:\/\/api.w.org\/{rel}","templated":true}]}}