{"id":34391,"date":"2021-01-20T20:55:13","date_gmt":"2021-03-03T21:35:59","guid":{"rendered":"https:\/\/www.2twentyscooters.com\/produit\/casco-jet-challenge-retro-gris-raton\/"},"modified":"2021-07-27T13:43:46","modified_gmt":"2021-07-27T11:43:46","slug":"jet-helmet-challenge-retro-mouse-gris","status":"publish","type":"product","link":"https:\/\/www.2twentyscooters.com\/es\/produit\/jet-helmet-challenge-retro-mouse-gris\/","title":{"rendered":"Casco Jet Challenge Retro Gris Rat\u00f3n"},"content":{"rendered":"<p>CASCO JET CHALLENGE con visera interna<\/p>\n<p>&#8211; carcasa de resina termopl\u00e1stica inyectada<br \/>\n&#8211; interior extra\u00edble y lavable<br \/>\n&#8211; cierre de barbilla microm\u00e9trica para hacer clic<br \/>\n&#8211; protector solar interno con tratamiento antirayaduras y antivaho<br \/>\n&#8211; entregado con una funda protectora<br \/>\n&#8211; peso 1150 g (+\/- 50g)<\/p>\n<p>Disponible en 5 tama\u00f1os *:<br \/>\nXS (53-54cm) S (55-56cm) M (57-58cm)<br \/>\nL (59-60 cm) XL (61-62 cm)<\/p>\n","protected":false},"excerpt":{"rendered":"<p>CASCO JET CHALLENGE con visera interna<\/p>\n<p>Est\u00e1ndar aprobado R2205<\/p>\n<p>Disponible en 5 tama\u00f1os<\/p>\n","protected":false},"featured_media":34392,"comment_status":"open","ping_status":"closed","template":"","meta":[],"product_cat":[114],"product_tag":[],"yoast_head":"<!-- This site is optimized with the Yoast SEO plugin v18.4.1 - https:\/\/yoast.com\/wordpress\/plugins\/seo\/ -->\n<title>Casco Jet Challenge Retro Gris Rat\u00f3n<\/title>\n<meta name=\"description\" content=\"CASCO JET CHALLENGE con pantalla interna. Est\u00e1ndar aprobado R2205. Disponible en 5 tama\u00f1os\" \/>\n<meta name=\"robots\" content=\"index, follow, max-snippet:-1, max-image-preview:large, max-video-preview:-1\" \/>\n<link rel=\"canonical\" href=\"https:\/\/www.2twentyscooters.com\/es\/produit\/jet-helmet-challenge-retro-mouse-gris\/\" \/>\n<meta property=\"og:locale\" content=\"es_ES\" \/>\n<meta property=\"og:type\" content=\"article\" \/>\n<meta property=\"og:title\" content=\"Casco Jet Challenge Retro Gris Rat\u00f3n\" \/>\n<meta property=\"og:description\" content=\"CASCO JET CHALLENGE con pantalla interna. Est\u00e1ndar aprobado R2205. Disponible en 5 tama\u00f1os\" \/>\n<meta property=\"og:url\" content=\"https:\/\/www.2twentyscooters.com\/es\/produit\/jet-helmet-challenge-retro-mouse-gris\/\" \/>\n<meta property=\"og:site_name\" content=\"2Twenty Scooter \u00e9lectrique\" \/>\n<meta property=\"article:modified_time\" content=\"2021-07-27T11:43:46+00:00\" \/>\n<meta property=\"og:image\" content=\"https:\/\/www.2twentyscooters.com\/wp-content\/uploads\/2021\/01\/casques1.jpg\" \/>\n\t<meta property=\"og:image:width\" content=\"800\" \/>\n\t<meta property=\"og:image:height\" content=\"600\" \/>\n\t<meta property=\"og:image:type\" content=\"image\/jpeg\" \/>\n<meta name=\"twitter:card\" content=\"summary\" \/>\n<meta name=\"twitter:label1\" content=\"Tiempo de lectura\" \/>\n\t<meta name=\"twitter:data1\" content=\"1 minuto\" \/>\n<script type=\"application\/ld+json\" class=\"yoast-schema-graph\">{\"@context\":\"https:\/\/schema.org\",\"@graph\":[{\"@type\":\"Organization\",\"@id\":\"https:\/\/www.2twentyscooters.com\/en\/#organization\",\"name\":\"2twentyscooters\",\"url\":\"https:\/\/www.2twentyscooters.com\/en\/\",\"sameAs\":[],\"logo\":{\"@type\":\"ImageObject\",\"@id\":\"https:\/\/www.2twentyscooters.com\/en\/#logo\",\"inLanguage\":\"es\",\"url\":\"https:\/\/www.2twentyscooters.com\/wp-content\/uploads\/2022\/03\/2twenty-scooters-logo.png\",\"contentUrl\":\"https:\/\/www.2twentyscooters.com\/wp-content\/uploads\/2022\/03\/2twenty-scooters-logo.png\",\"width\":342,\"height\":55,\"caption\":\"2twentyscooters\"},\"image\":{\"@id\":\"https:\/\/www.2twentyscooters.com\/en\/#logo\"}},{\"@type\":\"WebSite\",\"@id\":\"https:\/\/www.2twentyscooters.com\/en\/#website\",\"url\":\"https:\/\/www.2twentyscooters.com\/en\/\",\"name\":\"2Twenty Scooter \u00e9lectrique\",\"description\":\"\",\"publisher\":{\"@id\":\"https:\/\/www.2twentyscooters.com\/en\/#organization\"},\"potentialAction\":[{\"@type\":\"SearchAction\",\"target\":{\"@type\":\"EntryPoint\",\"urlTemplate\":\"https:\/\/www.2twentyscooters.com\/en\/?s={search_term_string}\"},\"query-input\":\"required name=search_term_string\"}],\"inLanguage\":\"es\"},{\"@type\":\"ImageObject\",\"@id\":\"https:\/\/www.2twentyscooters.com\/es\/produit\/jet-helmet-challenge-retro-mouse-gris\/#primaryimage\",\"inLanguage\":\"es\",\"url\":\"https:\/\/www.2twentyscooters.com\/wp-content\/uploads\/2021\/01\/casques1.jpg\",\"contentUrl\":\"https:\/\/www.2twentyscooters.com\/wp-content\/uploads\/2021\/01\/casques1.jpg\",\"width\":800,\"height\":600},{\"@type\":\"WebPage\",\"@id\":\"https:\/\/www.2twentyscooters.com\/es\/produit\/jet-helmet-challenge-retro-mouse-gris\/#webpage\",\"url\":\"https:\/\/www.2twentyscooters.com\/es\/produit\/jet-helmet-challenge-retro-mouse-gris\/\",\"name\":\"Casco Jet Challenge Retro Gris Rat\u00f3n\",\"isPartOf\":{\"@id\":\"https:\/\/www.2twentyscooters.com\/en\/#website\"},\"primaryImageOfPage\":{\"@id\":\"https:\/\/www.2twentyscooters.com\/es\/produit\/jet-helmet-challenge-retro-mouse-gris\/#primaryimage\"},\"datePublished\":\"2021-03-03T21:35:59+00:00\",\"dateModified\":\"2021-07-27T11:43:46+00:00\",\"description\":\"CASCO JET CHALLENGE con pantalla interna. Est\u00e1ndar aprobado R2205. Disponible en 5 tama\u00f1os\",\"breadcrumb\":{\"@id\":\"https:\/\/www.2twentyscooters.com\/es\/produit\/jet-helmet-challenge-retro-mouse-gris\/#breadcrumb\"},\"inLanguage\":\"es\",\"potentialAction\":[{\"@type\":\"ReadAction\",\"target\":[\"https:\/\/www.2twentyscooters.com\/es\/produit\/jet-helmet-challenge-retro-mouse-gris\/\"]}]},{\"@type\":\"BreadcrumbList\",\"@id\":\"https:\/\/www.2twentyscooters.com\/es\/produit\/jet-helmet-challenge-retro-mouse-gris\/#breadcrumb\",\"itemListElement\":[{\"@type\":\"ListItem\",\"position\":1,\"name\":\"Home\",\"item\":\"https:\/\/www.2twentyscooters.com\/es\/\"},{\"@type\":\"ListItem\",\"position\":2,\"name\":\"Boutique\",\"item\":\"https:\/\/www.2twentyscooters.com\/boutique\/\"},{\"@type\":\"ListItem\",\"position\":3,\"name\":\"Non classifi\u00e9(e)\",\"item\":\"https:\/\/www.2twentyscooters.com\/it\/categoria-prodotto\/non-classifiee\/\"},{\"@type\":\"ListItem\",\"position\":4,\"name\":\"Casco Jet Challenge Retro Gris Rat\u00f3n\"}]}]}<\/script>\n<!-- \/ Yoast SEO plugin. -->","yoast_head_json":{"title":"Casco Jet Challenge Retro Gris Rat\u00f3n","description":"CASCO JET CHALLENGE con pantalla interna. Est\u00e1ndar aprobado R2205. Disponible en 5 tama\u00f1os","robots":{"index":"index","follow":"follow","max-snippet":"max-snippet:-1","max-image-preview":"max-image-preview:large","max-video-preview":"max-video-preview:-1"},"canonical":"https:\/\/www.2twentyscooters.com\/es\/produit\/jet-helmet-challenge-retro-mouse-gris\/","og_locale":"es_ES","og_type":"article","og_title":"Casco Jet Challenge Retro Gris Rat\u00f3n","og_description":"CASCO JET CHALLENGE con pantalla interna. Est\u00e1ndar aprobado R2205. Disponible en 5 tama\u00f1os","og_url":"https:\/\/www.2twentyscooters.com\/es\/produit\/jet-helmet-challenge-retro-mouse-gris\/","og_site_name":"2Twenty Scooter \u00e9lectrique","article_modified_time":"2021-07-27T11:43:46+00:00","og_image":[{"width":800,"height":600,"url":"https:\/\/www.2twentyscooters.com\/wp-content\/uploads\/2021\/01\/casques1.jpg","type":"image\/jpeg"}],"twitter_card":"summary","twitter_misc":{"Tiempo de lectura":"1 minuto"},"schema":{"@context":"https:\/\/schema.org","@graph":[{"@type":"Organization","@id":"https:\/\/www.2twentyscooters.com\/en\/#organization","name":"2twentyscooters","url":"https:\/\/www.2twentyscooters.com\/en\/","sameAs":[],"logo":{"@type":"ImageObject","@id":"https:\/\/www.2twentyscooters.com\/en\/#logo","inLanguage":"es","url":"https:\/\/www.2twentyscooters.com\/wp-content\/uploads\/2022\/03\/2twenty-scooters-logo.png","contentUrl":"https:\/\/www.2twentyscooters.com\/wp-content\/uploads\/2022\/03\/2twenty-scooters-logo.png","width":342,"height":55,"caption":"2twentyscooters"},"image":{"@id":"https:\/\/www.2twentyscooters.com\/en\/#logo"}},{"@type":"WebSite","@id":"https:\/\/www.2twentyscooters.com\/en\/#website","url":"https:\/\/www.2twentyscooters.com\/en\/","name":"2Twenty Scooter \u00e9lectrique","description":"","publisher":{"@id":"https:\/\/www.2twentyscooters.com\/en\/#organization"},"potentialAction":[{"@type":"SearchAction","target":{"@type":"EntryPoint","urlTemplate":"https:\/\/www.2twentyscooters.com\/en\/?s={search_term_string}"},"query-input":"required name=search_term_string"}],"inLanguage":"es"},{"@type":"ImageObject","@id":"https:\/\/www.2twentyscooters.com\/es\/produit\/jet-helmet-challenge-retro-mouse-gris\/#primaryimage","inLanguage":"es","url":"https:\/\/www.2twentyscooters.com\/wp-content\/uploads\/2021\/01\/casques1.jpg","contentUrl":"https:\/\/www.2twentyscooters.com\/wp-content\/uploads\/2021\/01\/casques1.jpg","width":800,"height":600},{"@type":"WebPage","@id":"https:\/\/www.2twentyscooters.com\/es\/produit\/jet-helmet-challenge-retro-mouse-gris\/#webpage","url":"https:\/\/www.2twentyscooters.com\/es\/produit\/jet-helmet-challenge-retro-mouse-gris\/","name":"Casco Jet Challenge Retro Gris Rat\u00f3n","isPartOf":{"@id":"https:\/\/www.2twentyscooters.com\/en\/#website"},"primaryImageOfPage":{"@id":"https:\/\/www.2twentyscooters.com\/es\/produit\/jet-helmet-challenge-retro-mouse-gris\/#primaryimage"},"datePublished":"2021-03-03T21:35:59+00:00","dateModified":"2021-07-27T11:43:46+00:00","description":"CASCO JET CHALLENGE con pantalla interna. Est\u00e1ndar aprobado R2205. Disponible en 5 tama\u00f1os","breadcrumb":{"@id":"https:\/\/www.2twentyscooters.com\/es\/produit\/jet-helmet-challenge-retro-mouse-gris\/#breadcrumb"},"inLanguage":"es","potentialAction":[{"@type":"ReadAction","target":["https:\/\/www.2twentyscooters.com\/es\/produit\/jet-helmet-challenge-retro-mouse-gris\/"]}]},{"@type":"BreadcrumbList","@id":"https:\/\/www.2twentyscooters.com\/es\/produit\/jet-helmet-challenge-retro-mouse-gris\/#breadcrumb","itemListElement":[{"@type":"ListItem","position":1,"name":"Home","item":"https:\/\/www.2twentyscooters.com\/es\/"},{"@type":"ListItem","position":2,"name":"Boutique","item":"https:\/\/www.2twentyscooters.com\/boutique\/"},{"@type":"ListItem","position":3,"name":"Non classifi\u00e9(e)","item":"https:\/\/www.2twentyscooters.com\/it\/categoria-prodotto\/non-classifiee\/"},{"@type":"ListItem","position":4,"name":"Casco Jet Challenge Retro Gris Rat\u00f3n"}]}]}},"_links":{"self":[{"href":"https:\/\/www.2twentyscooters.com\/es\/wp-json\/wp\/v2\/product\/34391"}],"collection":[{"href":"https:\/\/www.2twentyscooters.com\/es\/wp-json\/wp\/v2\/product"}],"about":[{"href":"https:\/\/www.2twentyscooters.com\/es\/wp-json\/wp\/v2\/types\/product"}],"replies":[{"embeddable":true,"href":"https:\/\/www.2twentyscooters.com\/es\/wp-json\/wp\/v2\/comments?post=34391"}],"version-history":[{"count":0,"href":"https:\/\/www.2twentyscooters.com\/es\/wp-json\/wp\/v2\/product\/34391\/revisions"}],"wp:featuredmedia":[{"embeddable":true,"href":"https:\/\/www.2twentyscooters.com\/es\/wp-json\/wp\/v2\/media\/34392"}],"wp:attachment":[{"href":"https:\/\/www.2twentyscooters.com\/es\/wp-json\/wp\/v2\/media?parent=34391"}],"wp:term":[{"taxonomy":"product_cat","embeddable":true,"href":"https:\/\/www.2twentyscooters.com\/es\/wp-json\/wp\/v2\/product_cat?post=34391"},{"taxonomy":"product_tag","embeddable":true,"href":"https:\/\/www.2twentyscooters.com\/es\/wp-json\/wp\/v2\/product_tag?post=34391"}],"curies":[{"name":"wp","href":"https:\/\/api.w.org\/{rel}","templated":true}]}}