{"id":37437,"date":"2017-09-26T10:23:11","date_gmt":"2017-09-26T08:23:11","guid":{"rendered":"https:\/\/www.2twentyscooters.com\/uber-uns\/"},"modified":"2021-03-05T00:43:07","modified_gmt":"2021-03-04T23:43:07","slug":"quienes-somos","status":"publish","type":"page","link":"https:\/\/www.2twentyscooters.com\/es\/quienes-somos\/","title":{"rendered":"QUI\u00c9NES SOMOS"},"content":{"rendered":"\t\t<div data-elementor-type=\"wp-page\" data-elementor-id=\"37437\" class=\"elementor elementor-37437 elementor-12964\" data-elementor-settings=\"[]\">\n\t\t\t\t\t\t<div class=\"elementor-inner\">\n\t\t\t\t\t\t\t<div class=\"elementor-section-wrap\">\n\t\t\t\t\t\t\t<section class=\"elementor-section elementor-top-section elementor-element elementor-element-35fc838 elementor-section-boxed elementor-section-height-default elementor-section-height-default\" data-id=\"35fc838\" data-element_type=\"section\">\n\t\t\t\t\t\t<div class=\"elementor-container elementor-column-gap-default\">\n\t\t\t\t\t\t\t<div class=\"elementor-row\">\n\t\t\t\t\t<div class=\"elementor-column elementor-col-100 elementor-top-column elementor-element elementor-element-32b9794\" data-id=\"32b9794\" data-element_type=\"column\">\n\t\t\t<div class=\"elementor-column-wrap elementor-element-populated\">\n\t\t\t\t\t\t\t<div class=\"elementor-widget-wrap\">\n\t\t\t\t\t\t<div class=\"elementor-element elementor-element-35f98ab elementor-widget elementor-widget-heading\" data-id=\"35f98ab\" data-element_type=\"widget\" data-widget_type=\"heading.default\">\n\t\t\t\t<div class=\"elementor-widget-container\">\n\t\t\t<h1 class=\"elementor-heading-title elementor-size-default\">QUI\u00c9NES SOMOS<\/h1>\t\t<\/div>\n\t\t\t\t<\/div>\n\t\t\t\t<div class=\"elementor-element elementor-element-518bb7f2 elementor-widget elementor-widget-text-editor\" data-id=\"518bb7f2\" data-element_type=\"widget\" data-widget_type=\"text-editor.default\">\n\t\t\t\t<div class=\"elementor-widget-container\">\n\t\t\t\t\t\t\t\t<div class=\"elementor-text-editor elementor-clearfix\">\n\t\t\t\t<p>La marca <strong>2Twenty<\/strong> es propiedad de la empresa <strong>E-Mobility Service<\/strong><\/p><p>Importamos y distribuimos las motos el\u00e9ctricas 2Twenty, y ofrecemos 2 a\u00f1os de garant\u00eda y servicio postventa. Nuestros clientes tienen as\u00ed un \u00fanico interlocutor que asegura toda la cadena de responsabilidad.<\/p><p>El proyecto 2Twenty naci\u00f3 en el 2016 del deseo de democratizar las motos el\u00e9ctricas 2Twenty a todos y ayudar a la transici\u00f3n ecol\u00f3gica. Nuestro objetivo es hacer bonitos modelos de motos retro, manteniendo siempre un precio justo. Para que finalmente el el\u00e9ctrico sea rentable para todos, y que podamos olvidarnos de los veh\u00edculos a combusti\u00f3n.<\/p><p>Nos enfocamos en la calidad del servicio al cliente para garantizar una tranquilidad absoluta. \u00a1Con 2twenty, los problemas vuelan!<br \/>En el 2017, despu\u00e9s de muchas iteraciones, lanzamos nuestro primer modelo. El Roma tiene un aspecto retro, ya que est\u00e1 basado en un modelo legendario de la d\u00e9cada de 1950. Excepto que hemos trabajado duro para eliminar todos los defectos del modelo original y as\u00ed tener una moto m\u00e1s confiable y estable. \u00a1Y que obviamente no desaparece en una nube de humo mientras circule!<\/p><p><strong>Servicio de movilidad el\u00e9ctrica<\/strong><br \/>SAS registrada en Nanterre RCS 824238711 &#8211; IVA: FR 02824238711<br \/>Direcci\u00f3n: 7 rue des Quatre Chemin\u00e9es, 92100 Boulogne Billancourt<br \/>Abierto: martes a s\u00e1bado de 10h a 19h (cerrado domingos y lunes)<br \/>Pr\u00f3xima apertura en Barcelona<br \/>Tel\u00e9fono: <a href=\"tel:+ 34 623 103 400\">+ 34 623 103 400<\/a><\/p>\t\t\t\t\t<\/div>\n\t\t\t\t\t\t<\/div>\n\t\t\t\t<\/div>\n\t\t\t\t\t\t<\/div>\n\t\t\t\t\t<\/div>\n\t\t<\/div>\n\t\t\t\t\t\t\t\t<\/div>\n\t\t\t\t\t<\/div>\n\t\t<\/section>\n\t\t\t\t\t\t<\/div>\n\t\t\t\t\t\t<\/div>\n\t\t\t\t\t<\/div>\n\t\t","protected":false},"excerpt":{"rendered":"<p>QUI\u00c9NES SOMOS La marca 2Twenty es propiedad de la empresa E-Mobility Service Importamos y distribuimos las motos el\u00e9ctricas 2Twenty, y ofrecemos 2 a\u00f1os de garant\u00eda y servicio postventa. Nuestros clientes tienen as\u00ed un \u00fanico interlocutor que asegura toda la cadena de responsabilidad. El proyecto 2Twenty naci\u00f3 en el 2016 del deseo de democratizar las motos&hellip;&nbsp;<a href=\"https:\/\/www.2twentyscooters.com\/es\/quienes-somos\/\" class=\"\" rel=\"bookmark\">Leer m\u00e1s &raquo;<span class=\"screen-reader-text\">QUI\u00c9NES SOMOS<\/span><\/a><\/p>\n","protected":false},"author":1,"featured_media":0,"parent":0,"menu_order":0,"comment_status":"closed","ping_status":"closed","template":"elementor_header_footer","meta":[],"yoast_head":"<!-- This site is optimized with the Yoast SEO plugin v18.4.1 - https:\/\/yoast.com\/wordpress\/plugins\/seo\/ -->\n<title>QUI\u00c9NES SOMOS<\/title>\n<meta name=\"robots\" content=\"index, follow, max-snippet:-1, max-image-preview:large, max-video-preview:-1\" \/>\n<link rel=\"canonical\" href=\"https:\/\/www.2twentyscooters.com\/es\/quienes-somos\/\" \/>\n<meta property=\"og:locale\" content=\"es_ES\" \/>\n<meta property=\"og:type\" content=\"article\" \/>\n<meta property=\"og:title\" content=\"QUI\u00c9NES SOMOS\" \/>\n<meta property=\"og:description\" content=\"QUI\u00c9NES SOMOS La marca 2Twenty es propiedad de la empresa E-Mobility Service Importamos y distribuimos las motos el\u00e9ctricas 2Twenty, y ofrecemos 2 a\u00f1os de garant\u00eda y servicio postventa. Nuestros clientes tienen as\u00ed un \u00fanico interlocutor que asegura toda la cadena de responsabilidad. El proyecto 2Twenty naci\u00f3 en el 2016 del deseo de democratizar las motos&hellip;&nbsp;Leer m\u00e1s &raquo;QUI\u00c9NES SOMOS\" \/>\n<meta property=\"og:url\" content=\"https:\/\/www.2twentyscooters.com\/es\/quienes-somos\/\" \/>\n<meta property=\"og:site_name\" content=\"2Twenty Scooter \u00e9lectrique\" \/>\n<meta property=\"article:modified_time\" content=\"2021-03-04T23:43:07+00:00\" \/>\n<meta name=\"twitter:card\" content=\"summary\" \/>\n<meta name=\"twitter:label1\" content=\"Tiempo de lectura\" \/>\n\t<meta name=\"twitter:data1\" content=\"1 minuto\" \/>\n<script type=\"application\/ld+json\" class=\"yoast-schema-graph\">{\"@context\":\"https:\/\/schema.org\",\"@graph\":[{\"@type\":\"Organization\",\"@id\":\"https:\/\/www.2twentyscooters.com\/en\/#organization\",\"name\":\"2twentyscooters\",\"url\":\"https:\/\/www.2twentyscooters.com\/en\/\",\"sameAs\":[],\"logo\":{\"@type\":\"ImageObject\",\"@id\":\"https:\/\/www.2twentyscooters.com\/en\/#logo\",\"inLanguage\":\"es\",\"url\":\"https:\/\/www.2twentyscooters.com\/wp-content\/uploads\/2022\/03\/2twenty-scooters-logo.png\",\"contentUrl\":\"https:\/\/www.2twentyscooters.com\/wp-content\/uploads\/2022\/03\/2twenty-scooters-logo.png\",\"width\":342,\"height\":55,\"caption\":\"2twentyscooters\"},\"image\":{\"@id\":\"https:\/\/www.2twentyscooters.com\/en\/#logo\"}},{\"@type\":\"WebSite\",\"@id\":\"https:\/\/www.2twentyscooters.com\/en\/#website\",\"url\":\"https:\/\/www.2twentyscooters.com\/en\/\",\"name\":\"2Twenty Scooter \u00e9lectrique\",\"description\":\"\",\"publisher\":{\"@id\":\"https:\/\/www.2twentyscooters.com\/en\/#organization\"},\"potentialAction\":[{\"@type\":\"SearchAction\",\"target\":{\"@type\":\"EntryPoint\",\"urlTemplate\":\"https:\/\/www.2twentyscooters.com\/en\/?s={search_term_string}\"},\"query-input\":\"required name=search_term_string\"}],\"inLanguage\":\"es\"},{\"@type\":\"WebPage\",\"@id\":\"https:\/\/www.2twentyscooters.com\/es\/quienes-somos\/#webpage\",\"url\":\"https:\/\/www.2twentyscooters.com\/es\/quienes-somos\/\",\"name\":\"QUI\u00c9NES SOMOS\",\"isPartOf\":{\"@id\":\"https:\/\/www.2twentyscooters.com\/en\/#website\"},\"datePublished\":\"2017-09-26T08:23:11+00:00\",\"dateModified\":\"2021-03-04T23:43:07+00:00\",\"breadcrumb\":{\"@id\":\"https:\/\/www.2twentyscooters.com\/es\/quienes-somos\/#breadcrumb\"},\"inLanguage\":\"es\",\"potentialAction\":[{\"@type\":\"ReadAction\",\"target\":[\"https:\/\/www.2twentyscooters.com\/es\/quienes-somos\/\"]}]},{\"@type\":\"BreadcrumbList\",\"@id\":\"https:\/\/www.2twentyscooters.com\/es\/quienes-somos\/#breadcrumb\",\"itemListElement\":[{\"@type\":\"ListItem\",\"position\":1,\"name\":\"Home\",\"item\":\"https:\/\/www.2twentyscooters.com\/es\/\"},{\"@type\":\"ListItem\",\"position\":2,\"name\":\"QUI\u00c9NES SOMOS\"}]}]}<\/script>\n<!-- \/ Yoast SEO plugin. -->","yoast_head_json":{"title":"QUI\u00c9NES SOMOS","robots":{"index":"index","follow":"follow","max-snippet":"max-snippet:-1","max-image-preview":"max-image-preview:large","max-video-preview":"max-video-preview:-1"},"canonical":"https:\/\/www.2twentyscooters.com\/es\/quienes-somos\/","og_locale":"es_ES","og_type":"article","og_title":"QUI\u00c9NES SOMOS","og_description":"QUI\u00c9NES SOMOS La marca 2Twenty es propiedad de la empresa E-Mobility Service Importamos y distribuimos las motos el\u00e9ctricas 2Twenty, y ofrecemos 2 a\u00f1os de garant\u00eda y servicio postventa. Nuestros clientes tienen as\u00ed un \u00fanico interlocutor que asegura toda la cadena de responsabilidad. El proyecto 2Twenty naci\u00f3 en el 2016 del deseo de democratizar las motos&hellip;&nbsp;Leer m\u00e1s &raquo;QUI\u00c9NES SOMOS","og_url":"https:\/\/www.2twentyscooters.com\/es\/quienes-somos\/","og_site_name":"2Twenty Scooter \u00e9lectrique","article_modified_time":"2021-03-04T23:43:07+00:00","twitter_card":"summary","twitter_misc":{"Tiempo de lectura":"1 minuto"},"schema":{"@context":"https:\/\/schema.org","@graph":[{"@type":"Organization","@id":"https:\/\/www.2twentyscooters.com\/en\/#organization","name":"2twentyscooters","url":"https:\/\/www.2twentyscooters.com\/en\/","sameAs":[],"logo":{"@type":"ImageObject","@id":"https:\/\/www.2twentyscooters.com\/en\/#logo","inLanguage":"es","url":"https:\/\/www.2twentyscooters.com\/wp-content\/uploads\/2022\/03\/2twenty-scooters-logo.png","contentUrl":"https:\/\/www.2twentyscooters.com\/wp-content\/uploads\/2022\/03\/2twenty-scooters-logo.png","width":342,"height":55,"caption":"2twentyscooters"},"image":{"@id":"https:\/\/www.2twentyscooters.com\/en\/#logo"}},{"@type":"WebSite","@id":"https:\/\/www.2twentyscooters.com\/en\/#website","url":"https:\/\/www.2twentyscooters.com\/en\/","name":"2Twenty Scooter \u00e9lectrique","description":"","publisher":{"@id":"https:\/\/www.2twentyscooters.com\/en\/#organization"},"potentialAction":[{"@type":"SearchAction","target":{"@type":"EntryPoint","urlTemplate":"https:\/\/www.2twentyscooters.com\/en\/?s={search_term_string}"},"query-input":"required name=search_term_string"}],"inLanguage":"es"},{"@type":"WebPage","@id":"https:\/\/www.2twentyscooters.com\/es\/quienes-somos\/#webpage","url":"https:\/\/www.2twentyscooters.com\/es\/quienes-somos\/","name":"QUI\u00c9NES SOMOS","isPartOf":{"@id":"https:\/\/www.2twentyscooters.com\/en\/#website"},"datePublished":"2017-09-26T08:23:11+00:00","dateModified":"2021-03-04T23:43:07+00:00","breadcrumb":{"@id":"https:\/\/www.2twentyscooters.com\/es\/quienes-somos\/#breadcrumb"},"inLanguage":"es","potentialAction":[{"@type":"ReadAction","target":["https:\/\/www.2twentyscooters.com\/es\/quienes-somos\/"]}]},{"@type":"BreadcrumbList","@id":"https:\/\/www.2twentyscooters.com\/es\/quienes-somos\/#breadcrumb","itemListElement":[{"@type":"ListItem","position":1,"name":"Home","item":"https:\/\/www.2twentyscooters.com\/es\/"},{"@type":"ListItem","position":2,"name":"QUI\u00c9NES SOMOS"}]}]}},"_links":{"self":[{"href":"https:\/\/www.2twentyscooters.com\/es\/wp-json\/wp\/v2\/pages\/37437"}],"collection":[{"href":"https:\/\/www.2twentyscooters.com\/es\/wp-json\/wp\/v2\/pages"}],"about":[{"href":"https:\/\/www.2twentyscooters.com\/es\/wp-json\/wp\/v2\/types\/page"}],"author":[{"embeddable":true,"href":"https:\/\/www.2twentyscooters.com\/es\/wp-json\/wp\/v2\/users\/1"}],"replies":[{"embeddable":true,"href":"https:\/\/www.2twentyscooters.com\/es\/wp-json\/wp\/v2\/comments?post=37437"}],"version-history":[{"count":0,"href":"https:\/\/www.2twentyscooters.com\/es\/wp-json\/wp\/v2\/pages\/37437\/revisions"}],"wp:attachment":[{"href":"https:\/\/www.2twentyscooters.com\/es\/wp-json\/wp\/v2\/media?parent=37437"}],"curies":[{"name":"wp","href":"https:\/\/api.w.org\/{rel}","templated":true}]}}