{"id":37433,"date":"2018-01-25T16:40:59","date_gmt":"2018-01-25T15:40:59","guid":{"rendered":"https:\/\/www.2twentyscooters.com\/impressum\/"},"modified":"2021-03-05T00:32:13","modified_gmt":"2021-03-04T23:32:13","slug":"menciones-legales","status":"publish","type":"page","link":"https:\/\/www.2twentyscooters.com\/es\/menciones-legales\/","title":{"rendered":"Menciones legales"},"content":{"rendered":"<h1>Menciones legales<\/h1>\n<p>Lea atentamente los diferentes t\u00e9rminos de uso de esta p\u00e1gina web antes de navegar. Al conectarse a esta p\u00e1gina web, acepta completamente estos t\u00e9rminos y condiciones. Asimismo, de conformidad con el art\u00edculo n \u00b0 6 de la Ley n \u00b0 2004-575 del 21 de junio de 2004 sobre confianza en la econom\u00eda digital, los responsables de esta p\u00e1gina web www.2twentyscooters.com son:<\/p>\n<p><strong>Propietario: <\/strong>E-Mobility Service<\/p>\n<p>7, rue des Quatre Chemin\u00e9es, 92100 Boulogne Billancourt<\/p>\n<p>N\u00famero SIRET: 82423871100017<\/p>\n<p>Correo electr\u00f3nico: <a href=\"mailto:contact@2twentyscooters.com\">contact@2twentyscooters.com<\/a><\/p>\n<p><strong>Director editorial y webmaster:<\/strong> E-Mobility Service<\/p>\n<p>7, rue des Quatre Chemin\u00e9es, 92100 Boulogne Billancourt<\/p>\n<p>N\u00famero SIRET: 82423871100017<\/p>\n<p>Correo electr\u00f3nico: <a href=\"mailto:contact@2twentyscooters.com\">contact@2twentyscooters.com<\/a><\/p>\n<p><strong>Alojador:<\/strong><\/p>\n<p>OVH &#8211; SAS con capital de 10.069.020\u20ac RCS Lille M\u00e9tropole 424 761 419 00045 Code APE 2620Z N\u00b0 TVA : FR 22 424 761 419<\/p>\n<p>Sede, 2 rue Kellermann &#8211; 59100 Roubaix &#8211; Francia<\/p>\n<p>P\u00e1gina web: www.ovh.com<\/p>\n<p>Esta p\u00e1gina web est\u00e1 disponible en diferentes lenguajes web (HTML, HTML5, Javascript, CSS, etc.) para una mayor comodidad del usuario y gr\u00e1ficos m\u00e1s agradables. Le recomendamos que utilice navegadores modernos como Internet Explorer, Safari, Firefox, Google Chrome, etc.<\/p>\n<p>E-Mobility Service implementa todos los medios a su alcance para asegurar una informaci\u00f3n confiable y una actualizaci\u00f3n de sus p\u00e1ginas web. Sin embargo, pueden ocurrir errores u omisiones. Por lo tanto, el usuario tendr\u00e1 que asegurarse de la veracidad de la informaci\u00f3n con nuestro departamento de ventas, e informar de cualquier cambio en la p\u00e1gina que considere \u00fatil.<\/p>\n<p>E-Mobility Service no se hace responsable en modo alguno del uso que se haga de esta informaci\u00f3n y de cualquier da\u00f1o directo o indirecto que pueda resultar de ella. La p\u00e1gina puede solicitarle que acepte cookies con fines estad\u00edsticos y de visualizaci\u00f3n. Una cookie es informaci\u00f3n depositada en su disco duro por el servidor de la p\u00e1gina que est\u00e1 visitando. Contiene varios datos que se almacenan en su ordenador en un archivo de texto simple al que accede un servidor para leer y guardar informaci\u00f3n. Es posible que algunas partes de esta p\u00e1gina no funcionen sin la aceptaci\u00f3n de cookies. Las p\u00e1gina web pueden proporcionar enlaces a otras p\u00e1ginas web u otros recursos disponibles en Internet. E-Mobility Service no tiene forma de controlar las p\u00e1ginas en conexi\u00f3n con sus propias p\u00e1ginas web y no responde por la disponibilidad de dichas p\u00e1ginas y fuentes externas, ni lo garantiza. No se hace responsable de los da\u00f1os, de cualquier naturaleza, que resulten del contenido de estas p\u00e1ginas o fuentes externas, y en particular de la informaci\u00f3n, productos o servicios que ofrecen, o del uso que se pueda hacer de estos elementos. Los riesgos asociados a este uso recaen \u00edntegramente en el usuario, quien debe cumplir con sus condiciones de uso.<\/p>\n<p>Los usuarios, suscriptores y visitantes de p\u00e1ginas web no pueden configurar un enlace a estas p\u00e1ginas sin la autorizaci\u00f3n previa y expresa del E-Mobility Service. En el caso de que un usuario o visitante desee configurar un enlace a una de las p\u00e1ginas web de E-Mobility Service, ser\u00e1 su responsabilidad enviar un correo electr\u00f3nico a la direcci\u00f3n accesible en la pagina para formular su solicitud de implementaci\u00f3n. E-Mobility Service se reserva el derecho de aceptar o rechazar un enlace sin tener que justificar su decisi\u00f3n.<\/p>\n<p><strong>Servicios prestados <\/strong><\/p>\n<p>Todas las actividades e informaci\u00f3n de la empresa se presentan en nuestra p\u00e1gina web www.2twentyscooters.com. E-Mobility Service se esfuerza por proporcionar a la p\u00e1gina la informaci\u00f3n m\u00e1s precisa posible. La informaci\u00f3n en la p\u00e1gina no es exhaustiva y las fotos no son contractuales. Se proporcionan a reserva de que se hayan realizado modificaciones desde que se pusieron en l\u00ednea. Adem\u00e1s, toda la informaci\u00f3n indicada en la p\u00e1gina se proporciona a t\u00edtulo indicativo y es probable que cambie o evolucione sin previo aviso.<\/p>\n<p><strong>Limitaci\u00f3n contractual de datos<\/strong><\/p>\n<p>La informaci\u00f3n de esta p\u00e1gina es lo m\u00e1s precisa posible y se actualiza en diferentes \u00e9pocas del a\u00f1o, pero puede contener inexactitudes u omisiones. Si nota una brecha, un error o lo que parece ser un mal funcionamiento, inf\u00f3rmelo por correo electr\u00f3nico a contact@2twentyscooters.com, describiendo el problema con la mayor precisi\u00f3n posible (p\u00e1gina con el problema, tipo de ordenador y navegador utilizado, etc.) .<\/p>\n<p>Cualquier contenido descargado se realiza por cuenta y riesgo del usuario y bajo su exclusiva responsabilidad. En consecuencia, E-Mobility Service no se hace responsable de ning\u00fan da\u00f1o al ordenador del usuario o cualquier p\u00e9rdida de datos resultante de la descarga. Adem\u00e1s, el usuario se compromete a acceder a la p\u00e1gina utilizando equipos recientes, que no contienen virus y con un navegador actualizado de \u00faltima generaci\u00f3n.<\/p>\n<p>Los enlaces de hipertexto establecidos en el marco de esta p\u00e1gina web a otros recursos presentes en la red de Internet no pueden comprometer la responsabilidad de E-Mobility Service.<\/p>\n<p><strong>Propiedad intelectual<\/strong><\/p>\n<p>Todo el contenido de la p\u00e1gina www.2twentyscooters.com, incluidos, a t\u00edtulo enunciativo y no limitativo, los gr\u00e1ficos, im\u00e1genes, textos, videos, animaciones, sonidos, logotipos, gifs e iconos, as\u00ed como su formato son propiedad exclusiva de la empresa, a excepci\u00f3n de marcas, logotipos o contenidos pertenecientes a otras empresas colaboradoras o autores.<\/p>\n<p>Cualquier reproducci\u00f3n, distribuci\u00f3n, modificaci\u00f3n, adaptaci\u00f3n, retransmisi\u00f3n o publicaci\u00f3n, incluso parcial, de estos diversos elementos est\u00e1 estrictamente prohibida sin el consentimiento expreso por escrito de E-Mobility Service. Esta representaci\u00f3n o reproducci\u00f3n, por cualquier medio, constituye una infracci\u00f3n sancionada por los art\u00edculos L.335-2 y siguientes del C\u00f3digo de propiedad intelectual. El incumplimiento de esta prohibici\u00f3n constituye una infracci\u00f3n que puede implicar la responsabilidad civil y penal del infractor. Adem\u00e1s, los propietarios del contenido copiado podr\u00edan emprender acciones legales en su contra.<\/p>\n<p><strong>Declaraci\u00f3n a la CNIL<\/strong><\/p>\n<p>De acuerdo con la ley 78-17 del 6 de enero de 1978 (modificada por la ley 200 del 6 de agosto de 2004 relativa a la protecci\u00f3n de las personas con respecto al procesamiento de datos personales) relacionados con la inform\u00e1tica, archivos y libertades, esta p\u00e1gina ha sido objeto de una declaraci\u00f3n n\u00b0 &amp; G42439842N de la <em>Commission nationale de l&#8217;informatique et des libert\u00e9s <\/em>francesa <a href=\"http:\/\/www.cnil.fr\/\"><em>www.cnil.fr\/<\/em><\/a><\/p>\n<p><strong>Disputas<\/strong><\/p>\n<p>Las presentes condiciones de la p\u00e1gina www.2twentyscooters.com se rigen por la ley francesa y cualquier disputa o litigio que pueda surgir de la interpretaci\u00f3n o ejecuci\u00f3n de las mismas ser\u00e1 competencia exclusiva de los tribunales de los que depende la sede social de la empresa. El idioma de referencia para resolver cualquier disputa es el franc\u00e9s.<\/p>\n<p><strong>Datos personales<\/strong><\/p>\n<p>En general, no est\u00e1 obligado a proporcionarnos sus datos personales cuando visita nuestra p\u00e1gina web <a href=\"http:\/\/www.2twentyscooters.com\">www.2twentyscooters.com<\/a>.<\/p>\n<p>Sin embargo, este principio tiene ciertas excepciones. De hecho, para ciertos servicios ofrecidos por nuestra p\u00e1gina, es posible que deba proporcionarnos ciertos datos como: su nombre, su empleo, el nombre de su empresa, su direcci\u00f3n de correo electr\u00f3nico y su n\u00famero de tel\u00e9fono. Este es el caso cuando rellenas el formulario que se te ofrece online, en la secci\u00f3n de \u201ccontacto\u201d.<\/p>\n<p>En cualquier caso, puede negarse a facilitar sus datos personales. En este caso, no podr\u00e1 utilizar los servicios de la p\u00e1gina, en particular el de solicitar informaci\u00f3n sobre nuestra empresa, o de recibir boletines.<\/p>\n<p>Finalmente, podemos recopilar autom\u00e1ticamente cierta informaci\u00f3n sobre usted cuando simplemente navega por nuestra p\u00e1gina web, en particular: informaci\u00f3n sobre el uso de nuestra p\u00e1gina, como las \u00e1reas que visita y los servicios a los que accede, su direcci\u00f3n IP, su tipo de navegador, sus tiempos de acceso. Dicha informaci\u00f3n se utiliza exclusivamente con fines estad\u00edsticos internos, con el fin de mejorar la calidad de los servicios que se le ofrecen. Las bases de datos est\u00e1n protegidas por las disposiciones de la ley del 1 de julio de 1998 que transpone la Directiva 96\/9 del 11 de marzo de 1996 sobre la protecci\u00f3n jur\u00eddica de las bases de datos.<\/p>\n","protected":false},"excerpt":{"rendered":"<p>Menciones legales Lea atentamente los diferentes t\u00e9rminos de uso de esta p\u00e1gina web antes de navegar. Al conectarse a esta p\u00e1gina web, acepta completamente estos t\u00e9rminos y condiciones. Asimismo, de conformidad con el art\u00edculo n \u00b0 6 de la Ley n \u00b0 2004-575 del 21 de junio de 2004 sobre confianza en la econom\u00eda digital,&hellip;&nbsp;<a href=\"https:\/\/www.2twentyscooters.com\/es\/menciones-legales\/\" class=\"\" rel=\"bookmark\">Leer m\u00e1s &raquo;<span class=\"screen-reader-text\">Menciones legales<\/span><\/a><\/p>\n","protected":false},"author":1,"featured_media":0,"parent":0,"menu_order":0,"comment_status":"closed","ping_status":"closed","template":"elementor_header_footer","meta":[],"yoast_head":"<!-- This site is optimized with the Yoast SEO plugin v18.4.1 - https:\/\/yoast.com\/wordpress\/plugins\/seo\/ -->\n<title>Menciones legales<\/title>\n<meta name=\"robots\" content=\"noindex, nofollow\" \/>\n<meta property=\"og:locale\" content=\"es_ES\" \/>\n<meta property=\"og:type\" content=\"article\" \/>\n<meta property=\"og:title\" content=\"Menciones legales\" \/>\n<meta property=\"og:description\" content=\"Menciones legales Lea atentamente los diferentes t\u00e9rminos de uso de esta p\u00e1gina web antes de navegar. Al conectarse a esta p\u00e1gina web, acepta completamente estos t\u00e9rminos y condiciones. Asimismo, de conformidad con el art\u00edculo n \u00b0 6 de la Ley n \u00b0 2004-575 del 21 de junio de 2004 sobre confianza en la econom\u00eda digital,&hellip;&nbsp;Leer m\u00e1s &raquo;Menciones legales\" \/>\n<meta property=\"og:url\" content=\"https:\/\/www.2twentyscooters.com\/es\/menciones-legales\/\" \/>\n<meta property=\"og:site_name\" content=\"2Twenty Scooter \u00e9lectrique\" \/>\n<meta property=\"article:modified_time\" content=\"2021-03-04T23:32:13+00:00\" \/>\n<meta name=\"twitter:card\" content=\"summary\" \/>\n<meta name=\"twitter:label1\" content=\"Tiempo de lectura\" \/>\n\t<meta name=\"twitter:data1\" content=\"6 minutos\" \/>\n<script type=\"application\/ld+json\" class=\"yoast-schema-graph\">{\"@context\":\"https:\/\/schema.org\",\"@graph\":[{\"@type\":\"Organization\",\"@id\":\"https:\/\/www.2twentyscooters.com\/en\/#organization\",\"name\":\"2twentyscooters\",\"url\":\"https:\/\/www.2twentyscooters.com\/en\/\",\"sameAs\":[],\"logo\":{\"@type\":\"ImageObject\",\"@id\":\"https:\/\/www.2twentyscooters.com\/en\/#logo\",\"inLanguage\":\"es\",\"url\":\"https:\/\/www.2twentyscooters.com\/wp-content\/uploads\/2022\/03\/2twenty-scooters-logo.png\",\"contentUrl\":\"https:\/\/www.2twentyscooters.com\/wp-content\/uploads\/2022\/03\/2twenty-scooters-logo.png\",\"width\":342,\"height\":55,\"caption\":\"2twentyscooters\"},\"image\":{\"@id\":\"https:\/\/www.2twentyscooters.com\/en\/#logo\"}},{\"@type\":\"WebSite\",\"@id\":\"https:\/\/www.2twentyscooters.com\/en\/#website\",\"url\":\"https:\/\/www.2twentyscooters.com\/en\/\",\"name\":\"2Twenty Scooter \u00e9lectrique\",\"description\":\"\",\"publisher\":{\"@id\":\"https:\/\/www.2twentyscooters.com\/en\/#organization\"},\"potentialAction\":[{\"@type\":\"SearchAction\",\"target\":{\"@type\":\"EntryPoint\",\"urlTemplate\":\"https:\/\/www.2twentyscooters.com\/en\/?s={search_term_string}\"},\"query-input\":\"required name=search_term_string\"}],\"inLanguage\":\"es\"},{\"@type\":\"WebPage\",\"@id\":\"https:\/\/www.2twentyscooters.com\/es\/menciones-legales\/#webpage\",\"url\":\"https:\/\/www.2twentyscooters.com\/es\/menciones-legales\/\",\"name\":\"Menciones legales\",\"isPartOf\":{\"@id\":\"https:\/\/www.2twentyscooters.com\/en\/#website\"},\"datePublished\":\"2018-01-25T15:40:59+00:00\",\"dateModified\":\"2021-03-04T23:32:13+00:00\",\"breadcrumb\":{\"@id\":\"https:\/\/www.2twentyscooters.com\/es\/menciones-legales\/#breadcrumb\"},\"inLanguage\":\"es\",\"potentialAction\":[{\"@type\":\"ReadAction\",\"target\":[\"https:\/\/www.2twentyscooters.com\/es\/menciones-legales\/\"]}]},{\"@type\":\"BreadcrumbList\",\"@id\":\"https:\/\/www.2twentyscooters.com\/es\/menciones-legales\/#breadcrumb\",\"itemListElement\":[{\"@type\":\"ListItem\",\"position\":1,\"name\":\"Home\",\"item\":\"https:\/\/www.2twentyscooters.com\/es\/\"},{\"@type\":\"ListItem\",\"position\":2,\"name\":\"Menciones legales\"}]}]}<\/script>\n<!-- \/ Yoast SEO plugin. -->","yoast_head_json":{"title":"Menciones legales","robots":{"index":"noindex","follow":"nofollow"},"og_locale":"es_ES","og_type":"article","og_title":"Menciones legales","og_description":"Menciones legales Lea atentamente los diferentes t\u00e9rminos de uso de esta p\u00e1gina web antes de navegar. Al conectarse a esta p\u00e1gina web, acepta completamente estos t\u00e9rminos y condiciones. Asimismo, de conformidad con el art\u00edculo n \u00b0 6 de la Ley n \u00b0 2004-575 del 21 de junio de 2004 sobre confianza en la econom\u00eda digital,&hellip;&nbsp;Leer m\u00e1s &raquo;Menciones legales","og_url":"https:\/\/www.2twentyscooters.com\/es\/menciones-legales\/","og_site_name":"2Twenty Scooter \u00e9lectrique","article_modified_time":"2021-03-04T23:32:13+00:00","twitter_card":"summary","twitter_misc":{"Tiempo de lectura":"6 minutos"},"schema":{"@context":"https:\/\/schema.org","@graph":[{"@type":"Organization","@id":"https:\/\/www.2twentyscooters.com\/en\/#organization","name":"2twentyscooters","url":"https:\/\/www.2twentyscooters.com\/en\/","sameAs":[],"logo":{"@type":"ImageObject","@id":"https:\/\/www.2twentyscooters.com\/en\/#logo","inLanguage":"es","url":"https:\/\/www.2twentyscooters.com\/wp-content\/uploads\/2022\/03\/2twenty-scooters-logo.png","contentUrl":"https:\/\/www.2twentyscooters.com\/wp-content\/uploads\/2022\/03\/2twenty-scooters-logo.png","width":342,"height":55,"caption":"2twentyscooters"},"image":{"@id":"https:\/\/www.2twentyscooters.com\/en\/#logo"}},{"@type":"WebSite","@id":"https:\/\/www.2twentyscooters.com\/en\/#website","url":"https:\/\/www.2twentyscooters.com\/en\/","name":"2Twenty Scooter \u00e9lectrique","description":"","publisher":{"@id":"https:\/\/www.2twentyscooters.com\/en\/#organization"},"potentialAction":[{"@type":"SearchAction","target":{"@type":"EntryPoint","urlTemplate":"https:\/\/www.2twentyscooters.com\/en\/?s={search_term_string}"},"query-input":"required name=search_term_string"}],"inLanguage":"es"},{"@type":"WebPage","@id":"https:\/\/www.2twentyscooters.com\/es\/menciones-legales\/#webpage","url":"https:\/\/www.2twentyscooters.com\/es\/menciones-legales\/","name":"Menciones legales","isPartOf":{"@id":"https:\/\/www.2twentyscooters.com\/en\/#website"},"datePublished":"2018-01-25T15:40:59+00:00","dateModified":"2021-03-04T23:32:13+00:00","breadcrumb":{"@id":"https:\/\/www.2twentyscooters.com\/es\/menciones-legales\/#breadcrumb"},"inLanguage":"es","potentialAction":[{"@type":"ReadAction","target":["https:\/\/www.2twentyscooters.com\/es\/menciones-legales\/"]}]},{"@type":"BreadcrumbList","@id":"https:\/\/www.2twentyscooters.com\/es\/menciones-legales\/#breadcrumb","itemListElement":[{"@type":"ListItem","position":1,"name":"Home","item":"https:\/\/www.2twentyscooters.com\/es\/"},{"@type":"ListItem","position":2,"name":"Menciones legales"}]}]}},"_links":{"self":[{"href":"https:\/\/www.2twentyscooters.com\/es\/wp-json\/wp\/v2\/pages\/37433"}],"collection":[{"href":"https:\/\/www.2twentyscooters.com\/es\/wp-json\/wp\/v2\/pages"}],"about":[{"href":"https:\/\/www.2twentyscooters.com\/es\/wp-json\/wp\/v2\/types\/page"}],"author":[{"embeddable":true,"href":"https:\/\/www.2twentyscooters.com\/es\/wp-json\/wp\/v2\/users\/1"}],"replies":[{"embeddable":true,"href":"https:\/\/www.2twentyscooters.com\/es\/wp-json\/wp\/v2\/comments?post=37433"}],"version-history":[{"count":0,"href":"https:\/\/www.2twentyscooters.com\/es\/wp-json\/wp\/v2\/pages\/37433\/revisions"}],"wp:attachment":[{"href":"https:\/\/www.2twentyscooters.com\/es\/wp-json\/wp\/v2\/media?parent=37433"}],"curies":[{"name":"wp","href":"https:\/\/api.w.org\/{rel}","templated":true}]}}