{"id":44040,"date":"2021-06-02T18:14:27","date_gmt":"2021-06-02T16:35:47","guid":{"rendered":"https:\/\/www.2twentyscooters.com\/produit\/2twenty-roma-4800-roller-rot\/"},"modified":"2022-04-08T10:59:54","modified_gmt":"2022-04-08T08:59:54","slug":"roller-2twenty-roma-4800-rot","status":"publish","type":"product","link":"https:\/\/www.2twentyscooters.com\/de\/produit\/roller-2twenty-roma-4800-rot\/","title":{"rendered":"2Twenty Roma 4800 Roller &#8211; Rot"},"content":{"rendered":"<p>Wir sind stolz, das neueste Mitglied der 2Twenty-Familie pr\u00e4sentieren zu k\u00f6nnen: den Roma 4800, unseren ersten 125 ccm-\u00e4quivalenten Elektroroller!<br \/>\nWir finden die gleiche Karosserie im zeitlosen Retro-Design wie beim <a href=\"https:\/\/www.2twentyscooters.com\/produit\/scooter-electrique-2twenty-roma-argente\/\">Roma 2900<\/a> sowie alle Innovationen der 3er-Reihe (zwei Beschleunigungsmodi, TRIP-Funktion, LED-Scheinwerfer usw.) getragen von einem neuen 4.800-Motor bis 80 km\/h zu fahren. Und das ist noch nicht alles, der Roma 4800 enth\u00e4lt folgende weitere Neuerungen gegen\u00fcber dem 2900:<br \/>\n&#8211; 12 Zoll R\u00e4der statt 10<br \/>\n&#8211; Verst\u00e4rkte Sto\u00dfd\u00e4mpfer vorne und hinten<br \/>\n&#8211; CBS-Bremsen (Combined Braking System) Bremsverteilung<br \/>\n&#8211; Dual-Controller (einer pro Batterie)<br \/>\n&#8211; Verkauft mit einem klassischen 6h-Ladeger\u00e4t und einem 2h-Schnellladeger\u00e4t<\/p>\n<p>Der Roma 4800 ben\u00f6tigt zum Fahren zwei parallel montierte Batterien. Wie beim 2900 handelt es sich um herausnehmbare 72V \/ 20Ah Lithium-Batterien mit einem Gewicht von jeweils ca. 10kg, die unter dem Sattel untergebracht sind und an jeder handels\u00fcblichen 220-V-Steckdose aufgeladen werden.Sie bieten eine Reichweite von ca. 80km und verf\u00fcgen jeweils \u00fcber eine LED-Ladeanzeige direkt auf die Batterie sowie ein eigenes GFCI im Inneren des Rollers.<br \/>\nAufgrund der Kraft des Motors ist zum Fahren des Roma 4800 ein A1-Zweirad-F\u00fchrerschein (ab 16 Jahren zug\u00e4nglich) erforderlich.<br \/>\nWenn Sie einen Roller suchen, der die Leistung eines 125-ccm-\u00c4quivalents mit dem Komfort eines Elektrorollers kombiniert und gleichzeitig die Umwelt respektiert und keine Wartung erfordert, ist der Roma 4800 genau das Richtige f\u00fcr Sie!<\/p>\n<p><a href=\"https:\/\/www.2twentyscooters.com\/wp-content\/uploads\/2021\/05\/Manuel-utilisation-4800-17-09-20.pdf\" target=\"_blank\" rel=\"noopener noreferrer\"><span style=\"color: #339966;\"><strong>Fax<\/strong><\/span><span style=\"color: #339966;\"><strong> bedienungsanleitung f\u00fcr harger:<\/strong><\/span> Bedienungsanleitung 2Twenty Roma 4800 <\/a><br \/>\n<span style=\"color: #339966;\"><strong>T.<\/strong><\/span><a href=\"https:\/\/www.2twentyscooters.com\/tutoriels-dinstallation-et-reparation\/\" target=\"_blank\" rel=\"noopener noreferrer\"><span style=\"color: #339966;\"><strong> Installations- und Reparaturwerkzeuge<\/strong> ::<\/span> Tutorials<\/a><\/p>\n<p><strong>TECHNISCHE INFORMATIONEN :<\/strong><\/p>\n<p>&#8211; H\u00f6chstgeschwindigkeit: 80 km \/ h<br \/>\n&#8211; Autonomie: 80 km<br \/>\n&#8211; Garantie: 2 Jahre (Roller und Batterie)<br \/>\n&#8211; 2 Beschleunigungsmodi: Sport (starke Beschleunigung) oder Energieeinsparung (sanfte Beschleunigung) &#8211;<a href=\"https:\/\/youtu.be\/g5Cn0TvuDmk\"> Klicken Sie hier, um den Vorgang zu sehen<\/a> . Der Roller wird standardm\u00e4\u00dfig im Eco-Modus geliefert.<br \/>\n&#8211; 2 herausnehmbare 72V \/ 20 Ah Lithium-Akkus mit integrierter LED-Ladeanzeige. Erfordert beide parallel zum Antrieb.<br \/>\n&#8211; Pr\u00e4zise Ladezustandsanzeige in % auf dem Messger\u00e4t (kommunizierendes BMS) f\u00fcr jede Batterie<br \/>\n&#8211; TRIP-Funktion mit rechter Taste am Lenker<br \/>\n&#8211; Ladezeit: 50% in 2 h und 100% in 6 h. Das Ladeger\u00e4t kann direkt an den Akku oder an die Buchse im seitlichen Handschuhfach angeschlossen werden.<br \/>\n&#8211; Zyklenzahl: 900 (d.h. ca. 60.000 km f\u00fcr die beiden Batterien)<br \/>\n&#8211; Motorleistung: 4.800 Watt<br \/>\n&#8211; Motordrehmoment: 67,6 Nm<br \/>\n&#8211; Verbrauch \/ 100 km: 3,5 kWh<br \/>\n&#8211; Scheibenbremse vorne und hinten mit hydraulischem Doppelkolbensattel, CBS-Technologie (Bremsverteiler)<br \/>\n&#8211; Verchromte vordere Sto\u00dfd\u00e4mpfer mit Feder und Kolben<br \/>\n&#8211; Verbrauchsarme LED-Scheinwerfer vorne und hinten<br \/>\n&#8211; Reifen: 110\/70-12 &#8222;Tubeless<br \/>\n&#8211; Reifendruck: vorne 2,8 bar \/ hinten 2,8 bar<br \/>\n&#8211; Gewicht (mit Batterien): 90 kg<br \/>\n&#8211; Batteriegewicht: 10 kg<br \/>\n&#8211; Maximales Gewicht an Bord: 150 kg<br \/>\n&#8211; L\u00e4nge 189 cm<br \/>\n&#8211; Breite: 78,5 cm<br \/>\n&#8211; H\u00f6he: 111 cm (beigef\u00fcgtes Diagramm)<br \/>\n&#8211; Sitzh\u00f6he: 82 cm<\/p>\n<p><strong>Wichtig<\/strong> : Reifendruck sorgf\u00e4ltig pr\u00fcfen: 2,8 bar vorne und hinten. Wenn die Reifen nicht ausreichend aufgepumpt sind, verringert dies die H\u00f6chstgeschwindigkeit sowie die Reichweite.<\/p>\n","protected":false},"excerpt":{"rendered":"<p>Zweisitzer Elektroroller, erfordert A1-Lizenz (zwei R\u00e4der), 125 ccm \u00c4quivalent<br \/>\n&#8211; H\u00f6chstgeschwindigkeit: 80 km\/h<br \/>\n&#8211; Leistung: 4.800 Watt<br \/>\n&#8211; Autonomie: 80 km mit 2 Batterien<br \/>\n&#8211; Herausnehmbare Lithiumbatterien 10 kg<br \/>\n&#8211; Batterielebensdauer: 900 Zyklen (ca. 60.000 km f\u00fcr zwei Batterien)<br \/>\n&#8211; Zwei Jahre Garantie (Roller und Batterie)<\/p>\n","protected":false},"featured_media":45318,"comment_status":"closed","ping_status":"closed","template":"","meta":[],"product_cat":[376],"product_tag":[],"yoast_head":"<!-- This site is optimized with the Yoast SEO plugin v18.4.1 - https:\/\/yoast.com\/wordpress\/plugins\/seo\/ -->\n<title>Kaufen Sie einen Elektroroller im Retro-Look. 2Twenty ist ein franz\u00f6sisches Zweirad<\/title>\n<meta name=\"description\" content=\"Kaufen Sie einen 2Twenty Elektroroller im Retro-Look. 2900 Watt Motor, 65 oder 130 km Autonomie mit 1 oder 2 austauschbaren Batterien. Wir garantieren alles f\u00fcr 2 Jahre\" \/>\n<meta name=\"robots\" content=\"index, follow, max-snippet:-1, max-image-preview:large, max-video-preview:-1\" \/>\n<link rel=\"canonical\" href=\"https:\/\/www.2twentyscooters.com\/de\/produit\/roller-2twenty-roma-4800-rot\/\" \/>\n<meta property=\"og:locale\" content=\"de_DE\" \/>\n<meta property=\"og:type\" content=\"article\" \/>\n<meta property=\"og:title\" content=\"Kaufen Sie einen Elektroroller im Retro-Look. 2Twenty ist ein franz\u00f6sisches Zweirad\" \/>\n<meta property=\"og:description\" content=\"Kaufen Sie einen 2Twenty Elektroroller im Retro-Look. 2900 Watt Motor, 65 oder 130 km Autonomie mit 1 oder 2 austauschbaren Batterien. Wir garantieren alles f\u00fcr 2 Jahre\" \/>\n<meta property=\"og:url\" content=\"https:\/\/www.2twentyscooters.com\/de\/produit\/roller-2twenty-roma-4800-rot\/\" \/>\n<meta property=\"og:site_name\" content=\"2Twenty Scooter \u00e9lectrique\" \/>\n<meta property=\"article:modified_time\" content=\"2022-04-08T08:59:54+00:00\" \/>\n<meta property=\"og:image\" content=\"https:\/\/www.2twentyscooters.com\/wp-content\/uploads\/2021\/06\/Roma-4800-rouge-1.jpg\" \/>\n\t<meta property=\"og:image:width\" content=\"800\" \/>\n\t<meta property=\"og:image:height\" content=\"600\" \/>\n\t<meta property=\"og:image:type\" content=\"image\/jpeg\" \/>\n<meta name=\"twitter:card\" content=\"summary\" \/>\n<meta name=\"twitter:label1\" content=\"Gesch\u00e4tzte Lesezeit\" \/>\n\t<meta name=\"twitter:data1\" content=\"3\u00a0Minuten\" \/>\n<script type=\"application\/ld+json\" class=\"yoast-schema-graph\">{\"@context\":\"https:\/\/schema.org\",\"@graph\":[{\"@type\":\"Organization\",\"@id\":\"https:\/\/www.2twentyscooters.com\/en\/#organization\",\"name\":\"2twentyscooters\",\"url\":\"https:\/\/www.2twentyscooters.com\/en\/\",\"sameAs\":[],\"logo\":{\"@type\":\"ImageObject\",\"@id\":\"https:\/\/www.2twentyscooters.com\/en\/#logo\",\"inLanguage\":\"de\",\"url\":\"https:\/\/www.2twentyscooters.com\/wp-content\/uploads\/2022\/03\/2twenty-scooters-logo.png\",\"contentUrl\":\"https:\/\/www.2twentyscooters.com\/wp-content\/uploads\/2022\/03\/2twenty-scooters-logo.png\",\"width\":342,\"height\":55,\"caption\":\"2twentyscooters\"},\"image\":{\"@id\":\"https:\/\/www.2twentyscooters.com\/en\/#logo\"}},{\"@type\":\"WebSite\",\"@id\":\"https:\/\/www.2twentyscooters.com\/en\/#website\",\"url\":\"https:\/\/www.2twentyscooters.com\/en\/\",\"name\":\"2Twenty Scooter \u00e9lectrique\",\"description\":\"\",\"publisher\":{\"@id\":\"https:\/\/www.2twentyscooters.com\/en\/#organization\"},\"potentialAction\":[{\"@type\":\"SearchAction\",\"target\":{\"@type\":\"EntryPoint\",\"urlTemplate\":\"https:\/\/www.2twentyscooters.com\/en\/?s={search_term_string}\"},\"query-input\":\"required name=search_term_string\"}],\"inLanguage\":\"de\"},{\"@type\":\"ImageObject\",\"@id\":\"https:\/\/www.2twentyscooters.com\/de\/produit\/roller-2twenty-roma-4800-rot\/#primaryimage\",\"inLanguage\":\"de\",\"url\":\"https:\/\/www.2twentyscooters.com\/wp-content\/uploads\/2021\/06\/Roma-4800-rouge-1.jpg\",\"contentUrl\":\"https:\/\/www.2twentyscooters.com\/wp-content\/uploads\/2021\/06\/Roma-4800-rouge-1.jpg\",\"width\":800,\"height\":600,\"caption\":\"Scooter 125 Roma 4800 rouge\"},{\"@type\":\"WebPage\",\"@id\":\"https:\/\/www.2twentyscooters.com\/de\/produit\/roller-2twenty-roma-4800-rot\/#webpage\",\"url\":\"https:\/\/www.2twentyscooters.com\/de\/produit\/roller-2twenty-roma-4800-rot\/\",\"name\":\"Kaufen Sie einen Elektroroller im Retro-Look. 2Twenty ist ein franz\u00f6sisches Zweirad\",\"isPartOf\":{\"@id\":\"https:\/\/www.2twentyscooters.com\/en\/#website\"},\"primaryImageOfPage\":{\"@id\":\"https:\/\/www.2twentyscooters.com\/de\/produit\/roller-2twenty-roma-4800-rot\/#primaryimage\"},\"datePublished\":\"2021-06-02T16:35:47+00:00\",\"dateModified\":\"2022-04-08T08:59:54+00:00\",\"description\":\"Kaufen Sie einen 2Twenty Elektroroller im Retro-Look. 2900 Watt Motor, 65 oder 130 km Autonomie mit 1 oder 2 austauschbaren Batterien. Wir garantieren alles f\u00fcr 2 Jahre\",\"breadcrumb\":{\"@id\":\"https:\/\/www.2twentyscooters.com\/de\/produit\/roller-2twenty-roma-4800-rot\/#breadcrumb\"},\"inLanguage\":\"de\",\"potentialAction\":[{\"@type\":\"ReadAction\",\"target\":[\"https:\/\/www.2twentyscooters.com\/de\/produit\/roller-2twenty-roma-4800-rot\/\"]}]},{\"@type\":\"BreadcrumbList\",\"@id\":\"https:\/\/www.2twentyscooters.com\/de\/produit\/roller-2twenty-roma-4800-rot\/#breadcrumb\",\"itemListElement\":[{\"@type\":\"ListItem\",\"position\":1,\"name\":\"Home\",\"item\":\"https:\/\/www.2twentyscooters.com\/de\/\"},{\"@type\":\"ListItem\",\"position\":2,\"name\":\"Boutique\",\"item\":\"https:\/\/www.2twentyscooters.com\/boutique\/\"},{\"@type\":\"ListItem\",\"position\":3,\"name\":\"Scooters\",\"item\":\"https:\/\/www.2twentyscooters.com\/de\/categorie-produit\/scooters-de\/\"},{\"@type\":\"ListItem\",\"position\":4,\"name\":\"2Twenty Roma 4800 Roller &#8211; Rot\"}]}]}<\/script>\n<!-- \/ Yoast SEO plugin. -->","yoast_head_json":{"title":"Kaufen Sie einen Elektroroller im Retro-Look. 2Twenty ist ein franz\u00f6sisches Zweirad","description":"Kaufen Sie einen 2Twenty Elektroroller im Retro-Look. 2900 Watt Motor, 65 oder 130 km Autonomie mit 1 oder 2 austauschbaren Batterien. Wir garantieren alles f\u00fcr 2 Jahre","robots":{"index":"index","follow":"follow","max-snippet":"max-snippet:-1","max-image-preview":"max-image-preview:large","max-video-preview":"max-video-preview:-1"},"canonical":"https:\/\/www.2twentyscooters.com\/de\/produit\/roller-2twenty-roma-4800-rot\/","og_locale":"de_DE","og_type":"article","og_title":"Kaufen Sie einen Elektroroller im Retro-Look. 2Twenty ist ein franz\u00f6sisches Zweirad","og_description":"Kaufen Sie einen 2Twenty Elektroroller im Retro-Look. 2900 Watt Motor, 65 oder 130 km Autonomie mit 1 oder 2 austauschbaren Batterien. Wir garantieren alles f\u00fcr 2 Jahre","og_url":"https:\/\/www.2twentyscooters.com\/de\/produit\/roller-2twenty-roma-4800-rot\/","og_site_name":"2Twenty Scooter \u00e9lectrique","article_modified_time":"2022-04-08T08:59:54+00:00","og_image":[{"width":800,"height":600,"url":"https:\/\/www.2twentyscooters.com\/wp-content\/uploads\/2021\/06\/Roma-4800-rouge-1.jpg","type":"image\/jpeg"}],"twitter_card":"summary","twitter_misc":{"Gesch\u00e4tzte Lesezeit":"3\u00a0Minuten"},"schema":{"@context":"https:\/\/schema.org","@graph":[{"@type":"Organization","@id":"https:\/\/www.2twentyscooters.com\/en\/#organization","name":"2twentyscooters","url":"https:\/\/www.2twentyscooters.com\/en\/","sameAs":[],"logo":{"@type":"ImageObject","@id":"https:\/\/www.2twentyscooters.com\/en\/#logo","inLanguage":"de","url":"https:\/\/www.2twentyscooters.com\/wp-content\/uploads\/2022\/03\/2twenty-scooters-logo.png","contentUrl":"https:\/\/www.2twentyscooters.com\/wp-content\/uploads\/2022\/03\/2twenty-scooters-logo.png","width":342,"height":55,"caption":"2twentyscooters"},"image":{"@id":"https:\/\/www.2twentyscooters.com\/en\/#logo"}},{"@type":"WebSite","@id":"https:\/\/www.2twentyscooters.com\/en\/#website","url":"https:\/\/www.2twentyscooters.com\/en\/","name":"2Twenty Scooter \u00e9lectrique","description":"","publisher":{"@id":"https:\/\/www.2twentyscooters.com\/en\/#organization"},"potentialAction":[{"@type":"SearchAction","target":{"@type":"EntryPoint","urlTemplate":"https:\/\/www.2twentyscooters.com\/en\/?s={search_term_string}"},"query-input":"required name=search_term_string"}],"inLanguage":"de"},{"@type":"ImageObject","@id":"https:\/\/www.2twentyscooters.com\/de\/produit\/roller-2twenty-roma-4800-rot\/#primaryimage","inLanguage":"de","url":"https:\/\/www.2twentyscooters.com\/wp-content\/uploads\/2021\/06\/Roma-4800-rouge-1.jpg","contentUrl":"https:\/\/www.2twentyscooters.com\/wp-content\/uploads\/2021\/06\/Roma-4800-rouge-1.jpg","width":800,"height":600,"caption":"Scooter 125 Roma 4800 rouge"},{"@type":"WebPage","@id":"https:\/\/www.2twentyscooters.com\/de\/produit\/roller-2twenty-roma-4800-rot\/#webpage","url":"https:\/\/www.2twentyscooters.com\/de\/produit\/roller-2twenty-roma-4800-rot\/","name":"Kaufen Sie einen Elektroroller im Retro-Look. 2Twenty ist ein franz\u00f6sisches Zweirad","isPartOf":{"@id":"https:\/\/www.2twentyscooters.com\/en\/#website"},"primaryImageOfPage":{"@id":"https:\/\/www.2twentyscooters.com\/de\/produit\/roller-2twenty-roma-4800-rot\/#primaryimage"},"datePublished":"2021-06-02T16:35:47+00:00","dateModified":"2022-04-08T08:59:54+00:00","description":"Kaufen Sie einen 2Twenty Elektroroller im Retro-Look. 2900 Watt Motor, 65 oder 130 km Autonomie mit 1 oder 2 austauschbaren Batterien. Wir garantieren alles f\u00fcr 2 Jahre","breadcrumb":{"@id":"https:\/\/www.2twentyscooters.com\/de\/produit\/roller-2twenty-roma-4800-rot\/#breadcrumb"},"inLanguage":"de","potentialAction":[{"@type":"ReadAction","target":["https:\/\/www.2twentyscooters.com\/de\/produit\/roller-2twenty-roma-4800-rot\/"]}]},{"@type":"BreadcrumbList","@id":"https:\/\/www.2twentyscooters.com\/de\/produit\/roller-2twenty-roma-4800-rot\/#breadcrumb","itemListElement":[{"@type":"ListItem","position":1,"name":"Home","item":"https:\/\/www.2twentyscooters.com\/de\/"},{"@type":"ListItem","position":2,"name":"Boutique","item":"https:\/\/www.2twentyscooters.com\/boutique\/"},{"@type":"ListItem","position":3,"name":"Scooters","item":"https:\/\/www.2twentyscooters.com\/de\/categorie-produit\/scooters-de\/"},{"@type":"ListItem","position":4,"name":"2Twenty Roma 4800 Roller &#8211; Rot"}]}]}},"_links":{"self":[{"href":"https:\/\/www.2twentyscooters.com\/de\/wp-json\/wp\/v2\/product\/44040"}],"collection":[{"href":"https:\/\/www.2twentyscooters.com\/de\/wp-json\/wp\/v2\/product"}],"about":[{"href":"https:\/\/www.2twentyscooters.com\/de\/wp-json\/wp\/v2\/types\/product"}],"replies":[{"embeddable":true,"href":"https:\/\/www.2twentyscooters.com\/de\/wp-json\/wp\/v2\/comments?post=44040"}],"version-history":[{"count":0,"href":"https:\/\/www.2twentyscooters.com\/de\/wp-json\/wp\/v2\/product\/44040\/revisions"}],"wp:featuredmedia":[{"embeddable":true,"href":"https:\/\/www.2twentyscooters.com\/de\/wp-json\/wp\/v2\/media\/45318"}],"wp:attachment":[{"href":"https:\/\/www.2twentyscooters.com\/de\/wp-json\/wp\/v2\/media?parent=44040"}],"wp:term":[{"taxonomy":"product_cat","embeddable":true,"href":"https:\/\/www.2twentyscooters.com\/de\/wp-json\/wp\/v2\/product_cat?post=44040"},{"taxonomy":"product_tag","embeddable":true,"href":"https:\/\/www.2twentyscooters.com\/de\/wp-json\/wp\/v2\/product_tag?post=44040"}],"curies":[{"name":"wp","href":"https:\/\/api.w.org\/{rel}","templated":true}]}}