{"id":37891,"date":"2018-11-21T18:17:30","date_gmt":"2021-03-11T13:00:04","guid":{"rendered":"https:\/\/www.2twentyscooters.com\/produit\/s2-digitaler-zaehler\/"},"modified":"2021-03-11T14:00:04","modified_gmt":"2021-03-11T13:00:04","slug":"digital-counter-s2","status":"publish","type":"product","link":"https:\/\/www.2twentyscooters.com\/de\/produit\/digital-counter-s2\/","title":{"rendered":"S2 digitaler Z\u00e4hler"},"content":{"rendered":"<p>Digitaler Tachometer S2 f\u00fcr das Modell 2Twenty Roma<\/p>\n<p>&nbsp;<\/p>\n","protected":false},"excerpt":{"rendered":"<p>S2 digitaler Z\u00e4hler f\u00fcr 2Twenty Roma Modell<\/p>\n","protected":false},"featured_media":37892,"comment_status":"closed","ping_status":"closed","template":"","meta":[],"product_cat":[374],"product_tag":[],"yoast_head":"<!-- This site is optimized with the Yoast SEO plugin v18.4.1 - https:\/\/yoast.com\/wordpress\/plugins\/seo\/ -->\n<title>S2 digitaler Z\u00e4hler<\/title>\n<meta name=\"robots\" content=\"index, follow, max-snippet:-1, max-image-preview:large, max-video-preview:-1\" \/>\n<link rel=\"canonical\" href=\"https:\/\/www.2twentyscooters.com\/de\/produit\/digital-counter-s2\/\" \/>\n<meta property=\"og:locale\" content=\"de_DE\" \/>\n<meta property=\"og:type\" content=\"article\" \/>\n<meta property=\"og:title\" content=\"S2 digitaler Z\u00e4hler\" \/>\n<meta property=\"og:description\" content=\"S2 digitaler Z\u00e4hler f\u00fcr 2Twenty Roma Modell\" \/>\n<meta property=\"og:url\" content=\"https:\/\/www.2twentyscooters.com\/de\/produit\/digital-counter-s2\/\" \/>\n<meta property=\"og:site_name\" content=\"2Twenty Scooter \u00e9lectrique\" \/>\n<meta property=\"og:image\" content=\"https:\/\/www.2twentyscooters.com\/wp-content\/uploads\/2021\/01\/compteur-digital.jpg\" \/>\n\t<meta property=\"og:image:width\" content=\"1120\" \/>\n\t<meta property=\"og:image:height\" content=\"830\" \/>\n\t<meta property=\"og:image:type\" content=\"image\/jpeg\" \/>\n<meta name=\"twitter:card\" content=\"summary\" \/>\n<script type=\"application\/ld+json\" class=\"yoast-schema-graph\">{\"@context\":\"https:\/\/schema.org\",\"@graph\":[{\"@type\":\"Organization\",\"@id\":\"https:\/\/www.2twentyscooters.com\/en\/#organization\",\"name\":\"2twentyscooters\",\"url\":\"https:\/\/www.2twentyscooters.com\/en\/\",\"sameAs\":[],\"logo\":{\"@type\":\"ImageObject\",\"@id\":\"https:\/\/www.2twentyscooters.com\/en\/#logo\",\"inLanguage\":\"de\",\"url\":\"https:\/\/www.2twentyscooters.com\/wp-content\/uploads\/2022\/03\/2twenty-scooters-logo.png\",\"contentUrl\":\"https:\/\/www.2twentyscooters.com\/wp-content\/uploads\/2022\/03\/2twenty-scooters-logo.png\",\"width\":342,\"height\":55,\"caption\":\"2twentyscooters\"},\"image\":{\"@id\":\"https:\/\/www.2twentyscooters.com\/en\/#logo\"}},{\"@type\":\"WebSite\",\"@id\":\"https:\/\/www.2twentyscooters.com\/en\/#website\",\"url\":\"https:\/\/www.2twentyscooters.com\/en\/\",\"name\":\"2Twenty Scooter \u00e9lectrique\",\"description\":\"\",\"publisher\":{\"@id\":\"https:\/\/www.2twentyscooters.com\/en\/#organization\"},\"potentialAction\":[{\"@type\":\"SearchAction\",\"target\":{\"@type\":\"EntryPoint\",\"urlTemplate\":\"https:\/\/www.2twentyscooters.com\/en\/?s={search_term_string}\"},\"query-input\":\"required name=search_term_string\"}],\"inLanguage\":\"de\"},{\"@type\":\"ImageObject\",\"@id\":\"https:\/\/www.2twentyscooters.com\/de\/produit\/digital-counter-s2\/#primaryimage\",\"inLanguage\":\"de\",\"url\":\"https:\/\/www.2twentyscooters.com\/wp-content\/uploads\/2021\/01\/compteur-digital.jpg\",\"contentUrl\":\"https:\/\/www.2twentyscooters.com\/wp-content\/uploads\/2021\/01\/compteur-digital.jpg\",\"width\":1120,\"height\":830},{\"@type\":\"WebPage\",\"@id\":\"https:\/\/www.2twentyscooters.com\/de\/produit\/digital-counter-s2\/#webpage\",\"url\":\"https:\/\/www.2twentyscooters.com\/de\/produit\/digital-counter-s2\/\",\"name\":\"S2 digitaler Z\u00e4hler\",\"isPartOf\":{\"@id\":\"https:\/\/www.2twentyscooters.com\/en\/#website\"},\"primaryImageOfPage\":{\"@id\":\"https:\/\/www.2twentyscooters.com\/de\/produit\/digital-counter-s2\/#primaryimage\"},\"datePublished\":\"2021-03-11T13:00:04+00:00\",\"dateModified\":\"2021-03-11T13:00:04+00:00\",\"breadcrumb\":{\"@id\":\"https:\/\/www.2twentyscooters.com\/de\/produit\/digital-counter-s2\/#breadcrumb\"},\"inLanguage\":\"de\",\"potentialAction\":[{\"@type\":\"ReadAction\",\"target\":[\"https:\/\/www.2twentyscooters.com\/de\/produit\/digital-counter-s2\/\"]}]},{\"@type\":\"BreadcrumbList\",\"@id\":\"https:\/\/www.2twentyscooters.com\/de\/produit\/digital-counter-s2\/#breadcrumb\",\"itemListElement\":[{\"@type\":\"ListItem\",\"position\":1,\"name\":\"Home\",\"item\":\"https:\/\/www.2twentyscooters.com\/de\/\"},{\"@type\":\"ListItem\",\"position\":2,\"name\":\"Boutique\",\"item\":\"https:\/\/www.2twentyscooters.com\/boutique\/\"},{\"@type\":\"ListItem\",\"position\":3,\"name\":\"EINZELTEILE\",\"item\":\"https:\/\/www.2twentyscooters.com\/de\/categorie-produit\/einzelteile\/\"},{\"@type\":\"ListItem\",\"position\":4,\"name\":\"S2 digitaler Z\u00e4hler\"}]}]}<\/script>\n<!-- \/ Yoast SEO plugin. -->","yoast_head_json":{"title":"S2 digitaler Z\u00e4hler","robots":{"index":"index","follow":"follow","max-snippet":"max-snippet:-1","max-image-preview":"max-image-preview:large","max-video-preview":"max-video-preview:-1"},"canonical":"https:\/\/www.2twentyscooters.com\/de\/produit\/digital-counter-s2\/","og_locale":"de_DE","og_type":"article","og_title":"S2 digitaler Z\u00e4hler","og_description":"S2 digitaler Z\u00e4hler f\u00fcr 2Twenty Roma Modell","og_url":"https:\/\/www.2twentyscooters.com\/de\/produit\/digital-counter-s2\/","og_site_name":"2Twenty Scooter \u00e9lectrique","og_image":[{"width":1120,"height":830,"url":"https:\/\/www.2twentyscooters.com\/wp-content\/uploads\/2021\/01\/compteur-digital.jpg","type":"image\/jpeg"}],"twitter_card":"summary","schema":{"@context":"https:\/\/schema.org","@graph":[{"@type":"Organization","@id":"https:\/\/www.2twentyscooters.com\/en\/#organization","name":"2twentyscooters","url":"https:\/\/www.2twentyscooters.com\/en\/","sameAs":[],"logo":{"@type":"ImageObject","@id":"https:\/\/www.2twentyscooters.com\/en\/#logo","inLanguage":"de","url":"https:\/\/www.2twentyscooters.com\/wp-content\/uploads\/2022\/03\/2twenty-scooters-logo.png","contentUrl":"https:\/\/www.2twentyscooters.com\/wp-content\/uploads\/2022\/03\/2twenty-scooters-logo.png","width":342,"height":55,"caption":"2twentyscooters"},"image":{"@id":"https:\/\/www.2twentyscooters.com\/en\/#logo"}},{"@type":"WebSite","@id":"https:\/\/www.2twentyscooters.com\/en\/#website","url":"https:\/\/www.2twentyscooters.com\/en\/","name":"2Twenty Scooter \u00e9lectrique","description":"","publisher":{"@id":"https:\/\/www.2twentyscooters.com\/en\/#organization"},"potentialAction":[{"@type":"SearchAction","target":{"@type":"EntryPoint","urlTemplate":"https:\/\/www.2twentyscooters.com\/en\/?s={search_term_string}"},"query-input":"required name=search_term_string"}],"inLanguage":"de"},{"@type":"ImageObject","@id":"https:\/\/www.2twentyscooters.com\/de\/produit\/digital-counter-s2\/#primaryimage","inLanguage":"de","url":"https:\/\/www.2twentyscooters.com\/wp-content\/uploads\/2021\/01\/compteur-digital.jpg","contentUrl":"https:\/\/www.2twentyscooters.com\/wp-content\/uploads\/2021\/01\/compteur-digital.jpg","width":1120,"height":830},{"@type":"WebPage","@id":"https:\/\/www.2twentyscooters.com\/de\/produit\/digital-counter-s2\/#webpage","url":"https:\/\/www.2twentyscooters.com\/de\/produit\/digital-counter-s2\/","name":"S2 digitaler Z\u00e4hler","isPartOf":{"@id":"https:\/\/www.2twentyscooters.com\/en\/#website"},"primaryImageOfPage":{"@id":"https:\/\/www.2twentyscooters.com\/de\/produit\/digital-counter-s2\/#primaryimage"},"datePublished":"2021-03-11T13:00:04+00:00","dateModified":"2021-03-11T13:00:04+00:00","breadcrumb":{"@id":"https:\/\/www.2twentyscooters.com\/de\/produit\/digital-counter-s2\/#breadcrumb"},"inLanguage":"de","potentialAction":[{"@type":"ReadAction","target":["https:\/\/www.2twentyscooters.com\/de\/produit\/digital-counter-s2\/"]}]},{"@type":"BreadcrumbList","@id":"https:\/\/www.2twentyscooters.com\/de\/produit\/digital-counter-s2\/#breadcrumb","itemListElement":[{"@type":"ListItem","position":1,"name":"Home","item":"https:\/\/www.2twentyscooters.com\/de\/"},{"@type":"ListItem","position":2,"name":"Boutique","item":"https:\/\/www.2twentyscooters.com\/boutique\/"},{"@type":"ListItem","position":3,"name":"EINZELTEILE","item":"https:\/\/www.2twentyscooters.com\/de\/categorie-produit\/einzelteile\/"},{"@type":"ListItem","position":4,"name":"S2 digitaler Z\u00e4hler"}]}]}},"_links":{"self":[{"href":"https:\/\/www.2twentyscooters.com\/de\/wp-json\/wp\/v2\/product\/37891"}],"collection":[{"href":"https:\/\/www.2twentyscooters.com\/de\/wp-json\/wp\/v2\/product"}],"about":[{"href":"https:\/\/www.2twentyscooters.com\/de\/wp-json\/wp\/v2\/types\/product"}],"replies":[{"embeddable":true,"href":"https:\/\/www.2twentyscooters.com\/de\/wp-json\/wp\/v2\/comments?post=37891"}],"version-history":[{"count":0,"href":"https:\/\/www.2twentyscooters.com\/de\/wp-json\/wp\/v2\/product\/37891\/revisions"}],"wp:featuredmedia":[{"embeddable":true,"href":"https:\/\/www.2twentyscooters.com\/de\/wp-json\/wp\/v2\/media\/37892"}],"wp:attachment":[{"href":"https:\/\/www.2twentyscooters.com\/de\/wp-json\/wp\/v2\/media?parent=37891"}],"wp:term":[{"taxonomy":"product_cat","embeddable":true,"href":"https:\/\/www.2twentyscooters.com\/de\/wp-json\/wp\/v2\/product_cat?post=37891"},{"taxonomy":"product_tag","embeddable":true,"href":"https:\/\/www.2twentyscooters.com\/de\/wp-json\/wp\/v2\/product_tag?post=37891"}],"curies":[{"name":"wp","href":"https:\/\/api.w.org\/{rel}","templated":true}]}}