{"id":37806,"date":"2018-05-17T00:30:26","date_gmt":"2021-03-11T12:33:23","guid":{"rendered":"https:\/\/www.2twentyscooters.com\/produit\/registrierungsservice\/"},"modified":"2021-03-11T13:33:29","modified_gmt":"2021-03-11T12:33:29","slug":"registrierungsservice","status":"publish","type":"product","link":"https:\/\/www.2twentyscooters.com\/de\/produit\/registrierungsservice\/","title":{"rendered":"Registrierungsservice"},"content":{"rendered":"<p>Wir unternehmen die notwendigen Schritte, um das Fahrzeug zu registrieren und das Fahrzeugregistrierungsdokument zu erhalten.<\/p>\n<p>Notwendige Dokumente :<\/p>\n<p><strong>F\u00dcR EINEN EINZELNEN:<\/strong><\/p>\n<p>1- Kopie beider Seiten des Personalausweises (oder Reisepasses)<br \/>\n2- Adressnachweis (Strom- oder Telefonrechnung, Mietbeleg usw.)<br \/>\n3- Versicherungszertifikat (geben Sie der Versicherung hierf\u00fcr die ersten 8 Zeichen des Fahrzeugs: LXRBE1GY)<br \/>\n4- F\u00fcr Personen, die 1988 oder sp\u00e4ter geboren wurden: Kopie beider Seiten des F\u00fchrerscheins oder des BSR (Road Safety Certificate)<br \/>\n5- Scan des Europ\u00e4ischen Fahrzeugzertifikats (gelbes Dokument) &gt;&gt; mit dem Roller geliefert und unter den Sattel gelegt<br \/>\n6- Mandat Cerfa 13757 * 03, nur die ersten 3 Zeilen, Name, Adresse, Name des Auftraggebers und Zeichen ausf\u00fcllen. Laden Sie das Mandat herunter &gt;&gt; <a href=\"https:\/\/www.formulaires.modernisation.gouv.fr\/gf\/cerfa_13757.do\">Hier<\/a><br \/>\n7- Cerfa 13750 * 05 Antragsformular f\u00fcr Registrierungszertifikate, f\u00fcllen Sie nur die ersten beiden Abs\u00e4tze Fahrzeug und Inhaber aus. Laden Sie das Formular herunter &gt;&gt; <a href=\"https:\/\/www.formulaires.modernisation.gouv.fr\/gf\/cerfa_13750.do\">Hier<\/a><\/p>\n<p><strong>F\u00dcR EINE FIRMA :<\/strong><\/p>\n<p>1- Kopie des Kbis oder SIREN des Unternehmens f\u00fcr Fachkr\u00e4fte und Selbstst\u00e4ndige (+ Adressnachweis, wenn nur SIREN)<br \/>\n2- Kopie beider Seiten des Personalausweises (oder des Reisepasses) des Managers<br \/>\n3- Versicherungszertifikat (geben Sie der Versicherung hierf\u00fcr die ersten 8 Zeichen des Fahrzeugs: LXRBE1GY)<br \/>\n4- Scan des europ\u00e4ischen Fahrzeugzertifikats (gelbes Dokument des Scooters) &gt;&gt; mit dem Roller geliefert und unter den Sattel gelegt<br \/>\n5- Mandat Cerfa 13757 * 03, nur die ersten 3 Zeilen ausf\u00fcllen: Firmenname, Adresse (mit Stempel zu unterschreiben). Laden Sie das Mandat herunter: &gt;&gt; <a href=\"https:\/\/www.formulaires.modernisation.gouv.fr\/gf\/cerfa_13757.do\">Hier<\/a><br \/>\n6- Cerfa 13750 * 05 Antragsformular f\u00fcr das Registrierungszertifikat, f\u00fcllen Sie nur die ersten beiden Abs\u00e4tze Fahrzeug und Inhaber aus. Laden Sie das Formular herunter &gt;&gt; <a href=\"https:\/\/www.formulaires.modernisation.gouv.fr\/gf\/cerfa_13750.do\">Hier<\/a><\/p>\n<p><strong>Administrative Informationen zur Registrierung:<\/strong><br \/>\n&#8211; (D.1) Marke: 2 20<br \/>\n&#8211; (D.2) Typ-Varianten-Version: LMJR01<br \/>\n&#8211; (D.2.1) Nationaler Typidentifikationscode (CNIT): L1EGJBCL000D003<br \/>\n&#8211; (D.3) Handelsname: LMJR<br \/>\n&#8211; (E) Fahrzeugidentifikationsnummer (VIN): erscheint auf dem mit dem Roller gelieferten Zertifikat (gelbes Dokument), beginnt mit LXRBE1GY &#8230;<br \/>\n&#8211; (F.1) Technisch zul\u00e4ssige maximal beladene Masse (in kg): 238<br \/>\n&#8211; (F.2) Maximal zul\u00e4ssige beladene Masse des verwendeten Fahrzeugs (in kg): 238<br \/>\n&#8211; (G) Masse des in Betrieb befindlichen Fahrzeugs (in kg): 71<br \/>\n&#8211; (G.1) Nationales Leergewicht: 71<br \/>\n&#8211; (J) CE-Fahrzeugkategorie: L1e-B<br \/>\n&#8211; (J.1) Nationales Geschlecht: CL<br \/>\n&#8211; (J.3) Karosserie (nationale Bezeichnung): SOLO<br \/>\n&#8211; (S.1) Anzahl der Sitze einschlie\u00dflich der des Fahrers: 2<br \/>\n&#8211; (K) Typgenehmigungsnummer: e13 * 168\/2013 * 00372 * 00<br \/>\n&#8211; (S.3) Kraftstofftyp: EL<\/p>\n<p>Info zur Versicherung (um das vorl\u00e4ufige Versicherungszertifikat zu erhalten):<br \/>\n&#8211; Die ersten 8 Zeichen der VIN-Seriennummer: LXRBE1GY<\/p>\n<p>Sie senden uns alle oben aufgef\u00fchrten Dokumente und wir k\u00fcmmern uns um den Registrierungsprozess. Wir stehen Ihnen zur Verf\u00fcgung, um Sie beim Sammeln von Dokumenten zu unterst\u00fctzen.<br \/>\nSobald der Service ausgef\u00fchrt wurde, senden wir Ihnen das vorl\u00e4ufige Registrierungszertifikat per E-Mail.<br \/>\nEinige Tage sp\u00e4ter erhalten Sie das Registrierungsdokument per Einschreiben bei Ihnen zu Hause. Die Graukarte wird direkt von der Pr\u00e4fektur verschickt.<br \/>\nEs ist wichtig, dass Ihre Privatadresse g\u00fcltig ist und Ihr Name in Ihrer Mailbox angezeigt wird.<\/p>\n","protected":false},"excerpt":{"rendered":"<p>Scooter-Registrierungsservice<\/p>\n","protected":false},"featured_media":37807,"comment_status":"closed","ping_status":"closed","template":"","meta":[],"product_cat":[370],"product_tag":[],"yoast_head":"<!-- This site is optimized with the Yoast SEO plugin v18.4.1 - https:\/\/yoast.com\/wordpress\/plugins\/seo\/ -->\n<title>Registrierungsservice<\/title>\n<meta name=\"robots\" content=\"index, follow, max-snippet:-1, max-image-preview:large, max-video-preview:-1\" \/>\n<link rel=\"canonical\" href=\"https:\/\/www.2twentyscooters.com\/de\/produit\/registrierungsservice\/\" \/>\n<meta property=\"og:locale\" content=\"de_DE\" \/>\n<meta property=\"og:type\" content=\"article\" \/>\n<meta property=\"og:title\" content=\"Registrierungsservice\" \/>\n<meta property=\"og:description\" content=\"Scooter-Registrierungsservice\" \/>\n<meta property=\"og:url\" content=\"https:\/\/www.2twentyscooters.com\/de\/produit\/registrierungsservice\/\" \/>\n<meta property=\"og:site_name\" content=\"2Twenty Scooter \u00e9lectrique\" \/>\n<meta property=\"article:modified_time\" content=\"2021-03-11T12:33:29+00:00\" \/>\n<meta property=\"og:image\" content=\"https:\/\/www.2twentyscooters.com\/wp-content\/uploads\/2021\/01\/carte-grise.jpg\" \/>\n\t<meta property=\"og:image:width\" content=\"1120\" \/>\n\t<meta property=\"og:image:height\" content=\"830\" \/>\n\t<meta property=\"og:image:type\" content=\"image\/jpeg\" \/>\n<meta name=\"twitter:card\" content=\"summary\" \/>\n<meta name=\"twitter:label1\" content=\"Gesch\u00e4tzte Lesezeit\" \/>\n\t<meta name=\"twitter:data1\" content=\"2\u00a0Minuten\" \/>\n<script type=\"application\/ld+json\" class=\"yoast-schema-graph\">{\"@context\":\"https:\/\/schema.org\",\"@graph\":[{\"@type\":\"Organization\",\"@id\":\"https:\/\/www.2twentyscooters.com\/en\/#organization\",\"name\":\"2twentyscooters\",\"url\":\"https:\/\/www.2twentyscooters.com\/en\/\",\"sameAs\":[],\"logo\":{\"@type\":\"ImageObject\",\"@id\":\"https:\/\/www.2twentyscooters.com\/en\/#logo\",\"inLanguage\":\"de\",\"url\":\"https:\/\/www.2twentyscooters.com\/wp-content\/uploads\/2022\/03\/2twenty-scooters-logo.png\",\"contentUrl\":\"https:\/\/www.2twentyscooters.com\/wp-content\/uploads\/2022\/03\/2twenty-scooters-logo.png\",\"width\":342,\"height\":55,\"caption\":\"2twentyscooters\"},\"image\":{\"@id\":\"https:\/\/www.2twentyscooters.com\/en\/#logo\"}},{\"@type\":\"WebSite\",\"@id\":\"https:\/\/www.2twentyscooters.com\/en\/#website\",\"url\":\"https:\/\/www.2twentyscooters.com\/en\/\",\"name\":\"2Twenty Scooter \u00e9lectrique\",\"description\":\"\",\"publisher\":{\"@id\":\"https:\/\/www.2twentyscooters.com\/en\/#organization\"},\"potentialAction\":[{\"@type\":\"SearchAction\",\"target\":{\"@type\":\"EntryPoint\",\"urlTemplate\":\"https:\/\/www.2twentyscooters.com\/en\/?s={search_term_string}\"},\"query-input\":\"required name=search_term_string\"}],\"inLanguage\":\"de\"},{\"@type\":\"ImageObject\",\"@id\":\"https:\/\/www.2twentyscooters.com\/de\/produit\/registrierungsservice\/#primaryimage\",\"inLanguage\":\"de\",\"url\":\"https:\/\/www.2twentyscooters.com\/wp-content\/uploads\/2021\/01\/carte-grise.jpg\",\"contentUrl\":\"https:\/\/www.2twentyscooters.com\/wp-content\/uploads\/2021\/01\/carte-grise.jpg\",\"width\":1120,\"height\":830},{\"@type\":\"WebPage\",\"@id\":\"https:\/\/www.2twentyscooters.com\/de\/produit\/registrierungsservice\/#webpage\",\"url\":\"https:\/\/www.2twentyscooters.com\/de\/produit\/registrierungsservice\/\",\"name\":\"Registrierungsservice\",\"isPartOf\":{\"@id\":\"https:\/\/www.2twentyscooters.com\/en\/#website\"},\"primaryImageOfPage\":{\"@id\":\"https:\/\/www.2twentyscooters.com\/de\/produit\/registrierungsservice\/#primaryimage\"},\"datePublished\":\"2021-03-11T12:33:23+00:00\",\"dateModified\":\"2021-03-11T12:33:29+00:00\",\"breadcrumb\":{\"@id\":\"https:\/\/www.2twentyscooters.com\/de\/produit\/registrierungsservice\/#breadcrumb\"},\"inLanguage\":\"de\",\"potentialAction\":[{\"@type\":\"ReadAction\",\"target\":[\"https:\/\/www.2twentyscooters.com\/de\/produit\/registrierungsservice\/\"]}]},{\"@type\":\"BreadcrumbList\",\"@id\":\"https:\/\/www.2twentyscooters.com\/de\/produit\/registrierungsservice\/#breadcrumb\",\"itemListElement\":[{\"@type\":\"ListItem\",\"position\":1,\"name\":\"Home\",\"item\":\"https:\/\/www.2twentyscooters.com\/de\/\"},{\"@type\":\"ListItem\",\"position\":2,\"name\":\"Boutique\",\"item\":\"https:\/\/www.2twentyscooters.com\/boutique\/\"},{\"@type\":\"ListItem\",\"position\":3,\"name\":\"Zubeh\u00f6r\",\"item\":\"https:\/\/www.2twentyscooters.com\/de\/categorie-produit\/zubehor\/\"},{\"@type\":\"ListItem\",\"position\":4,\"name\":\"Registrierungsservice\"}]}]}<\/script>\n<!-- \/ Yoast SEO plugin. -->","yoast_head_json":{"title":"Registrierungsservice","robots":{"index":"index","follow":"follow","max-snippet":"max-snippet:-1","max-image-preview":"max-image-preview:large","max-video-preview":"max-video-preview:-1"},"canonical":"https:\/\/www.2twentyscooters.com\/de\/produit\/registrierungsservice\/","og_locale":"de_DE","og_type":"article","og_title":"Registrierungsservice","og_description":"Scooter-Registrierungsservice","og_url":"https:\/\/www.2twentyscooters.com\/de\/produit\/registrierungsservice\/","og_site_name":"2Twenty Scooter \u00e9lectrique","article_modified_time":"2021-03-11T12:33:29+00:00","og_image":[{"width":1120,"height":830,"url":"https:\/\/www.2twentyscooters.com\/wp-content\/uploads\/2021\/01\/carte-grise.jpg","type":"image\/jpeg"}],"twitter_card":"summary","twitter_misc":{"Gesch\u00e4tzte Lesezeit":"2\u00a0Minuten"},"schema":{"@context":"https:\/\/schema.org","@graph":[{"@type":"Organization","@id":"https:\/\/www.2twentyscooters.com\/en\/#organization","name":"2twentyscooters","url":"https:\/\/www.2twentyscooters.com\/en\/","sameAs":[],"logo":{"@type":"ImageObject","@id":"https:\/\/www.2twentyscooters.com\/en\/#logo","inLanguage":"de","url":"https:\/\/www.2twentyscooters.com\/wp-content\/uploads\/2022\/03\/2twenty-scooters-logo.png","contentUrl":"https:\/\/www.2twentyscooters.com\/wp-content\/uploads\/2022\/03\/2twenty-scooters-logo.png","width":342,"height":55,"caption":"2twentyscooters"},"image":{"@id":"https:\/\/www.2twentyscooters.com\/en\/#logo"}},{"@type":"WebSite","@id":"https:\/\/www.2twentyscooters.com\/en\/#website","url":"https:\/\/www.2twentyscooters.com\/en\/","name":"2Twenty Scooter \u00e9lectrique","description":"","publisher":{"@id":"https:\/\/www.2twentyscooters.com\/en\/#organization"},"potentialAction":[{"@type":"SearchAction","target":{"@type":"EntryPoint","urlTemplate":"https:\/\/www.2twentyscooters.com\/en\/?s={search_term_string}"},"query-input":"required name=search_term_string"}],"inLanguage":"de"},{"@type":"ImageObject","@id":"https:\/\/www.2twentyscooters.com\/de\/produit\/registrierungsservice\/#primaryimage","inLanguage":"de","url":"https:\/\/www.2twentyscooters.com\/wp-content\/uploads\/2021\/01\/carte-grise.jpg","contentUrl":"https:\/\/www.2twentyscooters.com\/wp-content\/uploads\/2021\/01\/carte-grise.jpg","width":1120,"height":830},{"@type":"WebPage","@id":"https:\/\/www.2twentyscooters.com\/de\/produit\/registrierungsservice\/#webpage","url":"https:\/\/www.2twentyscooters.com\/de\/produit\/registrierungsservice\/","name":"Registrierungsservice","isPartOf":{"@id":"https:\/\/www.2twentyscooters.com\/en\/#website"},"primaryImageOfPage":{"@id":"https:\/\/www.2twentyscooters.com\/de\/produit\/registrierungsservice\/#primaryimage"},"datePublished":"2021-03-11T12:33:23+00:00","dateModified":"2021-03-11T12:33:29+00:00","breadcrumb":{"@id":"https:\/\/www.2twentyscooters.com\/de\/produit\/registrierungsservice\/#breadcrumb"},"inLanguage":"de","potentialAction":[{"@type":"ReadAction","target":["https:\/\/www.2twentyscooters.com\/de\/produit\/registrierungsservice\/"]}]},{"@type":"BreadcrumbList","@id":"https:\/\/www.2twentyscooters.com\/de\/produit\/registrierungsservice\/#breadcrumb","itemListElement":[{"@type":"ListItem","position":1,"name":"Home","item":"https:\/\/www.2twentyscooters.com\/de\/"},{"@type":"ListItem","position":2,"name":"Boutique","item":"https:\/\/www.2twentyscooters.com\/boutique\/"},{"@type":"ListItem","position":3,"name":"Zubeh\u00f6r","item":"https:\/\/www.2twentyscooters.com\/de\/categorie-produit\/zubehor\/"},{"@type":"ListItem","position":4,"name":"Registrierungsservice"}]}]}},"_links":{"self":[{"href":"https:\/\/www.2twentyscooters.com\/de\/wp-json\/wp\/v2\/product\/37806"}],"collection":[{"href":"https:\/\/www.2twentyscooters.com\/de\/wp-json\/wp\/v2\/product"}],"about":[{"href":"https:\/\/www.2twentyscooters.com\/de\/wp-json\/wp\/v2\/types\/product"}],"replies":[{"embeddable":true,"href":"https:\/\/www.2twentyscooters.com\/de\/wp-json\/wp\/v2\/comments?post=37806"}],"version-history":[{"count":0,"href":"https:\/\/www.2twentyscooters.com\/de\/wp-json\/wp\/v2\/product\/37806\/revisions"}],"wp:featuredmedia":[{"embeddable":true,"href":"https:\/\/www.2twentyscooters.com\/de\/wp-json\/wp\/v2\/media\/37807"}],"wp:attachment":[{"href":"https:\/\/www.2twentyscooters.com\/de\/wp-json\/wp\/v2\/media?parent=37806"}],"wp:term":[{"taxonomy":"product_cat","embeddable":true,"href":"https:\/\/www.2twentyscooters.com\/de\/wp-json\/wp\/v2\/product_cat?post=37806"},{"taxonomy":"product_tag","embeddable":true,"href":"https:\/\/www.2twentyscooters.com\/de\/wp-json\/wp\/v2\/product_tag?post=37806"}],"curies":[{"name":"wp","href":"https:\/\/api.w.org\/{rel}","templated":true}]}}