{"id":37642,"date":"2018-03-05T11:01:37","date_gmt":"2021-03-11T12:31:26","guid":{"rendered":"https:\/\/www.2twentyscooters.com\/produit\/gepaeckablage-vorne\/"},"modified":"2021-03-11T13:31:26","modified_gmt":"2021-03-11T12:31:26","slug":"gepackablage-vorne","status":"publish","type":"product","link":"https:\/\/www.2twentyscooters.com\/de\/produit\/gepackablage-vorne\/","title":{"rendered":"Gep\u00e4ckablage vorne"},"content":{"rendered":"<p>Gep\u00e4cktr\u00e4ger vorne f\u00fcr 2Twenty Roma Retro Elektroroller.<\/p>\n<p>Um es zu installieren, m\u00fcssen Sie 2 L\u00f6cher in die Frontverkleidung bohren, um die 2 Befestigungsschrauben zu setzen.<br \/>\nDie Position der L\u00f6cher finden Sie auf dem Foto.<\/p>\n<ul>\n<li>Farbe: Chrom<\/li>\n<li>Material: Stahl<\/li>\n<li>Kompatibilit\u00e4t: Roma Scooter<\/li>\n<\/ul>\n<p>Beachten Sie, dass die vordere Gep\u00e4ckablage bei Lieferung mit dem Roller geliefert wird (nicht montiert).<\/p>\n<p><iframe src=\"https:\/\/www.youtube.com\/embed\/oeiuvZ3RkO4\" width=\"560\" height=\"315\" frameborder=\"0\" allowfullscreen=\"allowfullscreen\"><\/iframe><\/p>\n","protected":false},"excerpt":{"rendered":"<p>Gep\u00e4cktr\u00e4ger vorne f\u00fcr 2Twenty Roma Retro Elektroroller.<\/p>\n","protected":false},"featured_media":37643,"comment_status":"closed","ping_status":"closed","template":"","meta":[],"product_cat":[374],"product_tag":[],"yoast_head":"<!-- This site is optimized with the Yoast SEO plugin v18.4.1 - https:\/\/yoast.com\/wordpress\/plugins\/seo\/ -->\n<title>Gep\u00e4ckablage vorne<\/title>\n<meta name=\"robots\" content=\"index, follow, max-snippet:-1, max-image-preview:large, max-video-preview:-1\" \/>\n<link rel=\"canonical\" href=\"https:\/\/www.2twentyscooters.com\/de\/produit\/gepackablage-vorne\/\" \/>\n<meta property=\"og:locale\" content=\"de_DE\" \/>\n<meta property=\"og:type\" content=\"article\" \/>\n<meta property=\"og:title\" content=\"Gep\u00e4ckablage vorne\" \/>\n<meta property=\"og:description\" content=\"Gep\u00e4cktr\u00e4ger vorne f\u00fcr 2Twenty Roma Retro Elektroroller.\" \/>\n<meta property=\"og:url\" content=\"https:\/\/www.2twentyscooters.com\/de\/produit\/gepackablage-vorne\/\" \/>\n<meta property=\"og:site_name\" content=\"2Twenty Scooter \u00e9lectrique\" \/>\n<meta property=\"og:image\" content=\"https:\/\/www.2twentyscooters.com\/wp-content\/uploads\/2021\/01\/porte-bagage-avant-1.jpg\" \/>\n\t<meta property=\"og:image:width\" content=\"1120\" \/>\n\t<meta property=\"og:image:height\" content=\"830\" \/>\n\t<meta property=\"og:image:type\" content=\"image\/jpeg\" \/>\n<meta name=\"twitter:card\" content=\"summary\" \/>\n<script type=\"application\/ld+json\" class=\"yoast-schema-graph\">{\"@context\":\"https:\/\/schema.org\",\"@graph\":[{\"@type\":\"Organization\",\"@id\":\"https:\/\/www.2twentyscooters.com\/en\/#organization\",\"name\":\"2twentyscooters\",\"url\":\"https:\/\/www.2twentyscooters.com\/en\/\",\"sameAs\":[],\"logo\":{\"@type\":\"ImageObject\",\"@id\":\"https:\/\/www.2twentyscooters.com\/en\/#logo\",\"inLanguage\":\"de\",\"url\":\"https:\/\/www.2twentyscooters.com\/wp-content\/uploads\/2022\/03\/2twenty-scooters-logo.png\",\"contentUrl\":\"https:\/\/www.2twentyscooters.com\/wp-content\/uploads\/2022\/03\/2twenty-scooters-logo.png\",\"width\":342,\"height\":55,\"caption\":\"2twentyscooters\"},\"image\":{\"@id\":\"https:\/\/www.2twentyscooters.com\/en\/#logo\"}},{\"@type\":\"WebSite\",\"@id\":\"https:\/\/www.2twentyscooters.com\/en\/#website\",\"url\":\"https:\/\/www.2twentyscooters.com\/en\/\",\"name\":\"2Twenty Scooter \u00e9lectrique\",\"description\":\"\",\"publisher\":{\"@id\":\"https:\/\/www.2twentyscooters.com\/en\/#organization\"},\"potentialAction\":[{\"@type\":\"SearchAction\",\"target\":{\"@type\":\"EntryPoint\",\"urlTemplate\":\"https:\/\/www.2twentyscooters.com\/en\/?s={search_term_string}\"},\"query-input\":\"required name=search_term_string\"}],\"inLanguage\":\"de\"},{\"@type\":\"ImageObject\",\"@id\":\"https:\/\/www.2twentyscooters.com\/de\/produit\/gepackablage-vorne\/#primaryimage\",\"inLanguage\":\"de\",\"url\":\"https:\/\/www.2twentyscooters.com\/wp-content\/uploads\/2021\/01\/porte-bagage-avant-1.jpg\",\"contentUrl\":\"https:\/\/www.2twentyscooters.com\/wp-content\/uploads\/2021\/01\/porte-bagage-avant-1.jpg\",\"width\":1120,\"height\":830},{\"@type\":\"WebPage\",\"@id\":\"https:\/\/www.2twentyscooters.com\/de\/produit\/gepackablage-vorne\/#webpage\",\"url\":\"https:\/\/www.2twentyscooters.com\/de\/produit\/gepackablage-vorne\/\",\"name\":\"Gep\u00e4ckablage vorne\",\"isPartOf\":{\"@id\":\"https:\/\/www.2twentyscooters.com\/en\/#website\"},\"primaryImageOfPage\":{\"@id\":\"https:\/\/www.2twentyscooters.com\/de\/produit\/gepackablage-vorne\/#primaryimage\"},\"datePublished\":\"2021-03-11T12:31:26+00:00\",\"dateModified\":\"2021-03-11T12:31:26+00:00\",\"breadcrumb\":{\"@id\":\"https:\/\/www.2twentyscooters.com\/de\/produit\/gepackablage-vorne\/#breadcrumb\"},\"inLanguage\":\"de\",\"potentialAction\":[{\"@type\":\"ReadAction\",\"target\":[\"https:\/\/www.2twentyscooters.com\/de\/produit\/gepackablage-vorne\/\"]}]},{\"@type\":\"BreadcrumbList\",\"@id\":\"https:\/\/www.2twentyscooters.com\/de\/produit\/gepackablage-vorne\/#breadcrumb\",\"itemListElement\":[{\"@type\":\"ListItem\",\"position\":1,\"name\":\"Home\",\"item\":\"https:\/\/www.2twentyscooters.com\/de\/\"},{\"@type\":\"ListItem\",\"position\":2,\"name\":\"Boutique\",\"item\":\"https:\/\/www.2twentyscooters.com\/boutique\/\"},{\"@type\":\"ListItem\",\"position\":3,\"name\":\"EINZELTEILE\",\"item\":\"https:\/\/www.2twentyscooters.com\/de\/categorie-produit\/einzelteile\/\"},{\"@type\":\"ListItem\",\"position\":4,\"name\":\"Gep\u00e4ckablage vorne\"}]}]}<\/script>\n<!-- \/ Yoast SEO plugin. -->","yoast_head_json":{"title":"Gep\u00e4ckablage vorne","robots":{"index":"index","follow":"follow","max-snippet":"max-snippet:-1","max-image-preview":"max-image-preview:large","max-video-preview":"max-video-preview:-1"},"canonical":"https:\/\/www.2twentyscooters.com\/de\/produit\/gepackablage-vorne\/","og_locale":"de_DE","og_type":"article","og_title":"Gep\u00e4ckablage vorne","og_description":"Gep\u00e4cktr\u00e4ger vorne f\u00fcr 2Twenty Roma Retro Elektroroller.","og_url":"https:\/\/www.2twentyscooters.com\/de\/produit\/gepackablage-vorne\/","og_site_name":"2Twenty Scooter \u00e9lectrique","og_image":[{"width":1120,"height":830,"url":"https:\/\/www.2twentyscooters.com\/wp-content\/uploads\/2021\/01\/porte-bagage-avant-1.jpg","type":"image\/jpeg"}],"twitter_card":"summary","schema":{"@context":"https:\/\/schema.org","@graph":[{"@type":"Organization","@id":"https:\/\/www.2twentyscooters.com\/en\/#organization","name":"2twentyscooters","url":"https:\/\/www.2twentyscooters.com\/en\/","sameAs":[],"logo":{"@type":"ImageObject","@id":"https:\/\/www.2twentyscooters.com\/en\/#logo","inLanguage":"de","url":"https:\/\/www.2twentyscooters.com\/wp-content\/uploads\/2022\/03\/2twenty-scooters-logo.png","contentUrl":"https:\/\/www.2twentyscooters.com\/wp-content\/uploads\/2022\/03\/2twenty-scooters-logo.png","width":342,"height":55,"caption":"2twentyscooters"},"image":{"@id":"https:\/\/www.2twentyscooters.com\/en\/#logo"}},{"@type":"WebSite","@id":"https:\/\/www.2twentyscooters.com\/en\/#website","url":"https:\/\/www.2twentyscooters.com\/en\/","name":"2Twenty Scooter \u00e9lectrique","description":"","publisher":{"@id":"https:\/\/www.2twentyscooters.com\/en\/#organization"},"potentialAction":[{"@type":"SearchAction","target":{"@type":"EntryPoint","urlTemplate":"https:\/\/www.2twentyscooters.com\/en\/?s={search_term_string}"},"query-input":"required name=search_term_string"}],"inLanguage":"de"},{"@type":"ImageObject","@id":"https:\/\/www.2twentyscooters.com\/de\/produit\/gepackablage-vorne\/#primaryimage","inLanguage":"de","url":"https:\/\/www.2twentyscooters.com\/wp-content\/uploads\/2021\/01\/porte-bagage-avant-1.jpg","contentUrl":"https:\/\/www.2twentyscooters.com\/wp-content\/uploads\/2021\/01\/porte-bagage-avant-1.jpg","width":1120,"height":830},{"@type":"WebPage","@id":"https:\/\/www.2twentyscooters.com\/de\/produit\/gepackablage-vorne\/#webpage","url":"https:\/\/www.2twentyscooters.com\/de\/produit\/gepackablage-vorne\/","name":"Gep\u00e4ckablage vorne","isPartOf":{"@id":"https:\/\/www.2twentyscooters.com\/en\/#website"},"primaryImageOfPage":{"@id":"https:\/\/www.2twentyscooters.com\/de\/produit\/gepackablage-vorne\/#primaryimage"},"datePublished":"2021-03-11T12:31:26+00:00","dateModified":"2021-03-11T12:31:26+00:00","breadcrumb":{"@id":"https:\/\/www.2twentyscooters.com\/de\/produit\/gepackablage-vorne\/#breadcrumb"},"inLanguage":"de","potentialAction":[{"@type":"ReadAction","target":["https:\/\/www.2twentyscooters.com\/de\/produit\/gepackablage-vorne\/"]}]},{"@type":"BreadcrumbList","@id":"https:\/\/www.2twentyscooters.com\/de\/produit\/gepackablage-vorne\/#breadcrumb","itemListElement":[{"@type":"ListItem","position":1,"name":"Home","item":"https:\/\/www.2twentyscooters.com\/de\/"},{"@type":"ListItem","position":2,"name":"Boutique","item":"https:\/\/www.2twentyscooters.com\/boutique\/"},{"@type":"ListItem","position":3,"name":"EINZELTEILE","item":"https:\/\/www.2twentyscooters.com\/de\/categorie-produit\/einzelteile\/"},{"@type":"ListItem","position":4,"name":"Gep\u00e4ckablage vorne"}]}]}},"_links":{"self":[{"href":"https:\/\/www.2twentyscooters.com\/de\/wp-json\/wp\/v2\/product\/37642"}],"collection":[{"href":"https:\/\/www.2twentyscooters.com\/de\/wp-json\/wp\/v2\/product"}],"about":[{"href":"https:\/\/www.2twentyscooters.com\/de\/wp-json\/wp\/v2\/types\/product"}],"replies":[{"embeddable":true,"href":"https:\/\/www.2twentyscooters.com\/de\/wp-json\/wp\/v2\/comments?post=37642"}],"version-history":[{"count":0,"href":"https:\/\/www.2twentyscooters.com\/de\/wp-json\/wp\/v2\/product\/37642\/revisions"}],"wp:featuredmedia":[{"embeddable":true,"href":"https:\/\/www.2twentyscooters.com\/de\/wp-json\/wp\/v2\/media\/37643"}],"wp:attachment":[{"href":"https:\/\/www.2twentyscooters.com\/de\/wp-json\/wp\/v2\/media?parent=37642"}],"wp:term":[{"taxonomy":"product_cat","embeddable":true,"href":"https:\/\/www.2twentyscooters.com\/de\/wp-json\/wp\/v2\/product_cat?post=37642"},{"taxonomy":"product_tag","embeddable":true,"href":"https:\/\/www.2twentyscooters.com\/de\/wp-json\/wp\/v2\/product_tag?post=37642"}],"curies":[{"name":"wp","href":"https:\/\/api.w.org\/{rel}","templated":true}]}}