{"id":37601,"date":"2019-07-26T08:30:05","date_gmt":"2021-03-10T20:45:05","guid":{"rendered":"https:\/\/www.2twentyscooters.com\/?post_type=product&#038;p=37601"},"modified":"2021-03-11T14:26:43","modified_gmt":"2021-03-11T13:26:43","slug":"schnellladegerat-72v-2h","status":"publish","type":"product","link":"https:\/\/www.2twentyscooters.com\/de\/produit\/schnellladegerat-72v-2h\/","title":{"rendered":"Schnellladeger\u00e4t (2h) 72V-S3"},"content":{"rendered":"<p>2Twenty Lithium Akku 72V-S3 Schnellladeger\u00e4t (2h), f\u00fcr s<span class=\"a-list-item\">elektrischer Cooter Roma. Wird an eine Standard-220-V-Steckdose angeschlossen. <\/span><\/p>\n<ul>\n<li><span data-spm-anchor-id=\"a2g0w.12010108.1000023.i1.50a61dc56QBqvS\">Lademodell: AC \/ DC<\/span><\/li>\n<li><span data-spm-anchor-id=\"a2g0w.12010108.1000023.i3.50a61dc56QBqvS\">EINGANG: Wechselstrom 180-240 V ~ 10 A 50 \u2500 60 Hz (Standard-220-V-Buchse) <\/span><\/li>\n<li>AUSGANG: 84,0 V \u2500 3,0 A.<\/li>\n<li>Abmessungen: 205 x 100 x 50 mm<\/li>\n<li>LED-Ladeanzeigen. LED leuchtet rot: Laden. LED leuchtet gr\u00fcn: 100% geladen oder getrennt.<\/li>\n<li>Ladezeit: 2 Stunden<\/li>\n<\/ul>\n<p>&nbsp;<\/p>\n","protected":false},"excerpt":{"rendered":"<p>2Twenty Lithium Batterie 72V-S3 Schnellladeger\u00e4t (2h) f\u00fcr Roma Elektroroller.<\/p>\n","protected":false},"featured_media":37611,"comment_status":"closed","ping_status":"closed","template":"","meta":[],"product_cat":[114],"product_tag":[],"yoast_head":"<!-- This site is optimized with the Yoast SEO plugin v18.4.1 - https:\/\/yoast.com\/wordpress\/plugins\/seo\/ -->\n<title>Schnellladeger\u00e4t (2h) 72V-S3<\/title>\n<meta name=\"robots\" content=\"index, follow, max-snippet:-1, max-image-preview:large, max-video-preview:-1\" \/>\n<link rel=\"canonical\" href=\"https:\/\/www.2twentyscooters.com\/de\/produit\/schnellladegerat-72v-2h\/\" \/>\n<meta property=\"og:locale\" content=\"de_DE\" \/>\n<meta property=\"og:type\" content=\"article\" \/>\n<meta property=\"og:title\" content=\"Schnellladeger\u00e4t (2h) 72V-S3\" \/>\n<meta property=\"og:description\" content=\"2Twenty Lithium Batterie 72V-S3 Schnellladeger\u00e4t (2h) f\u00fcr Roma Elektroroller.\" \/>\n<meta property=\"og:url\" content=\"https:\/\/www.2twentyscooters.com\/de\/produit\/schnellladegerat-72v-2h\/\" \/>\n<meta property=\"og:site_name\" content=\"2Twenty Scooter \u00e9lectrique\" \/>\n<meta property=\"article:modified_time\" content=\"2021-03-11T13:26:43+00:00\" \/>\n<meta property=\"og:image\" content=\"https:\/\/www.2twentyscooters.com\/wp-content\/uploads\/2021\/03\/Chargeur-rapide-1.jpg\" \/>\n\t<meta property=\"og:image:width\" content=\"800\" \/>\n\t<meta property=\"og:image:height\" content=\"600\" \/>\n\t<meta property=\"og:image:type\" content=\"image\/jpeg\" \/>\n<meta name=\"twitter:card\" content=\"summary\" \/>\n<script type=\"application\/ld+json\" class=\"yoast-schema-graph\">{\"@context\":\"https:\/\/schema.org\",\"@graph\":[{\"@type\":\"Organization\",\"@id\":\"https:\/\/www.2twentyscooters.com\/en\/#organization\",\"name\":\"2twentyscooters\",\"url\":\"https:\/\/www.2twentyscooters.com\/en\/\",\"sameAs\":[],\"logo\":{\"@type\":\"ImageObject\",\"@id\":\"https:\/\/www.2twentyscooters.com\/en\/#logo\",\"inLanguage\":\"de\",\"url\":\"https:\/\/www.2twentyscooters.com\/wp-content\/uploads\/2022\/03\/2twenty-scooters-logo.png\",\"contentUrl\":\"https:\/\/www.2twentyscooters.com\/wp-content\/uploads\/2022\/03\/2twenty-scooters-logo.png\",\"width\":342,\"height\":55,\"caption\":\"2twentyscooters\"},\"image\":{\"@id\":\"https:\/\/www.2twentyscooters.com\/en\/#logo\"}},{\"@type\":\"WebSite\",\"@id\":\"https:\/\/www.2twentyscooters.com\/en\/#website\",\"url\":\"https:\/\/www.2twentyscooters.com\/en\/\",\"name\":\"2Twenty Scooter \u00e9lectrique\",\"description\":\"\",\"publisher\":{\"@id\":\"https:\/\/www.2twentyscooters.com\/en\/#organization\"},\"potentialAction\":[{\"@type\":\"SearchAction\",\"target\":{\"@type\":\"EntryPoint\",\"urlTemplate\":\"https:\/\/www.2twentyscooters.com\/en\/?s={search_term_string}\"},\"query-input\":\"required name=search_term_string\"}],\"inLanguage\":\"de\"},{\"@type\":\"ImageObject\",\"@id\":\"https:\/\/www.2twentyscooters.com\/de\/produit\/schnellladegerat-72v-2h\/#primaryimage\",\"inLanguage\":\"de\",\"url\":\"https:\/\/www.2twentyscooters.com\/wp-content\/uploads\/2021\/03\/Chargeur-rapide-1.jpg\",\"contentUrl\":\"https:\/\/www.2twentyscooters.com\/wp-content\/uploads\/2021\/03\/Chargeur-rapide-1.jpg\",\"width\":800,\"height\":600},{\"@type\":\"WebPage\",\"@id\":\"https:\/\/www.2twentyscooters.com\/de\/produit\/schnellladegerat-72v-2h\/#webpage\",\"url\":\"https:\/\/www.2twentyscooters.com\/de\/produit\/schnellladegerat-72v-2h\/\",\"name\":\"Schnellladeger\u00e4t (2h) 72V-S3\",\"isPartOf\":{\"@id\":\"https:\/\/www.2twentyscooters.com\/en\/#website\"},\"primaryImageOfPage\":{\"@id\":\"https:\/\/www.2twentyscooters.com\/de\/produit\/schnellladegerat-72v-2h\/#primaryimage\"},\"datePublished\":\"2021-03-10T20:45:05+00:00\",\"dateModified\":\"2021-03-11T13:26:43+00:00\",\"breadcrumb\":{\"@id\":\"https:\/\/www.2twentyscooters.com\/de\/produit\/schnellladegerat-72v-2h\/#breadcrumb\"},\"inLanguage\":\"de\",\"potentialAction\":[{\"@type\":\"ReadAction\",\"target\":[\"https:\/\/www.2twentyscooters.com\/de\/produit\/schnellladegerat-72v-2h\/\"]}]},{\"@type\":\"BreadcrumbList\",\"@id\":\"https:\/\/www.2twentyscooters.com\/de\/produit\/schnellladegerat-72v-2h\/#breadcrumb\",\"itemListElement\":[{\"@type\":\"ListItem\",\"position\":1,\"name\":\"Home\",\"item\":\"https:\/\/www.2twentyscooters.com\/de\/\"},{\"@type\":\"ListItem\",\"position\":2,\"name\":\"Boutique\",\"item\":\"https:\/\/www.2twentyscooters.com\/boutique\/\"},{\"@type\":\"ListItem\",\"position\":3,\"name\":\"Zubeh\u00f6r\",\"item\":\"https:\/\/www.2twentyscooters.com\/de\/categorie-produit\/zubehor\/\"},{\"@type\":\"ListItem\",\"position\":4,\"name\":\"Schnellladeger\u00e4t (2h) 72V-S3\"}]}]}<\/script>\n<!-- \/ Yoast SEO plugin. -->","yoast_head_json":{"title":"Schnellladeger\u00e4t (2h) 72V-S3","robots":{"index":"index","follow":"follow","max-snippet":"max-snippet:-1","max-image-preview":"max-image-preview:large","max-video-preview":"max-video-preview:-1"},"canonical":"https:\/\/www.2twentyscooters.com\/de\/produit\/schnellladegerat-72v-2h\/","og_locale":"de_DE","og_type":"article","og_title":"Schnellladeger\u00e4t (2h) 72V-S3","og_description":"2Twenty Lithium Batterie 72V-S3 Schnellladeger\u00e4t (2h) f\u00fcr Roma Elektroroller.","og_url":"https:\/\/www.2twentyscooters.com\/de\/produit\/schnellladegerat-72v-2h\/","og_site_name":"2Twenty Scooter \u00e9lectrique","article_modified_time":"2021-03-11T13:26:43+00:00","og_image":[{"width":800,"height":600,"url":"https:\/\/www.2twentyscooters.com\/wp-content\/uploads\/2021\/03\/Chargeur-rapide-1.jpg","type":"image\/jpeg"}],"twitter_card":"summary","schema":{"@context":"https:\/\/schema.org","@graph":[{"@type":"Organization","@id":"https:\/\/www.2twentyscooters.com\/en\/#organization","name":"2twentyscooters","url":"https:\/\/www.2twentyscooters.com\/en\/","sameAs":[],"logo":{"@type":"ImageObject","@id":"https:\/\/www.2twentyscooters.com\/en\/#logo","inLanguage":"de","url":"https:\/\/www.2twentyscooters.com\/wp-content\/uploads\/2022\/03\/2twenty-scooters-logo.png","contentUrl":"https:\/\/www.2twentyscooters.com\/wp-content\/uploads\/2022\/03\/2twenty-scooters-logo.png","width":342,"height":55,"caption":"2twentyscooters"},"image":{"@id":"https:\/\/www.2twentyscooters.com\/en\/#logo"}},{"@type":"WebSite","@id":"https:\/\/www.2twentyscooters.com\/en\/#website","url":"https:\/\/www.2twentyscooters.com\/en\/","name":"2Twenty Scooter \u00e9lectrique","description":"","publisher":{"@id":"https:\/\/www.2twentyscooters.com\/en\/#organization"},"potentialAction":[{"@type":"SearchAction","target":{"@type":"EntryPoint","urlTemplate":"https:\/\/www.2twentyscooters.com\/en\/?s={search_term_string}"},"query-input":"required name=search_term_string"}],"inLanguage":"de"},{"@type":"ImageObject","@id":"https:\/\/www.2twentyscooters.com\/de\/produit\/schnellladegerat-72v-2h\/#primaryimage","inLanguage":"de","url":"https:\/\/www.2twentyscooters.com\/wp-content\/uploads\/2021\/03\/Chargeur-rapide-1.jpg","contentUrl":"https:\/\/www.2twentyscooters.com\/wp-content\/uploads\/2021\/03\/Chargeur-rapide-1.jpg","width":800,"height":600},{"@type":"WebPage","@id":"https:\/\/www.2twentyscooters.com\/de\/produit\/schnellladegerat-72v-2h\/#webpage","url":"https:\/\/www.2twentyscooters.com\/de\/produit\/schnellladegerat-72v-2h\/","name":"Schnellladeger\u00e4t (2h) 72V-S3","isPartOf":{"@id":"https:\/\/www.2twentyscooters.com\/en\/#website"},"primaryImageOfPage":{"@id":"https:\/\/www.2twentyscooters.com\/de\/produit\/schnellladegerat-72v-2h\/#primaryimage"},"datePublished":"2021-03-10T20:45:05+00:00","dateModified":"2021-03-11T13:26:43+00:00","breadcrumb":{"@id":"https:\/\/www.2twentyscooters.com\/de\/produit\/schnellladegerat-72v-2h\/#breadcrumb"},"inLanguage":"de","potentialAction":[{"@type":"ReadAction","target":["https:\/\/www.2twentyscooters.com\/de\/produit\/schnellladegerat-72v-2h\/"]}]},{"@type":"BreadcrumbList","@id":"https:\/\/www.2twentyscooters.com\/de\/produit\/schnellladegerat-72v-2h\/#breadcrumb","itemListElement":[{"@type":"ListItem","position":1,"name":"Home","item":"https:\/\/www.2twentyscooters.com\/de\/"},{"@type":"ListItem","position":2,"name":"Boutique","item":"https:\/\/www.2twentyscooters.com\/boutique\/"},{"@type":"ListItem","position":3,"name":"Zubeh\u00f6r","item":"https:\/\/www.2twentyscooters.com\/de\/categorie-produit\/zubehor\/"},{"@type":"ListItem","position":4,"name":"Schnellladeger\u00e4t (2h) 72V-S3"}]}]}},"_links":{"self":[{"href":"https:\/\/www.2twentyscooters.com\/de\/wp-json\/wp\/v2\/product\/37601"}],"collection":[{"href":"https:\/\/www.2twentyscooters.com\/de\/wp-json\/wp\/v2\/product"}],"about":[{"href":"https:\/\/www.2twentyscooters.com\/de\/wp-json\/wp\/v2\/types\/product"}],"replies":[{"embeddable":true,"href":"https:\/\/www.2twentyscooters.com\/de\/wp-json\/wp\/v2\/comments?post=37601"}],"version-history":[{"count":0,"href":"https:\/\/www.2twentyscooters.com\/de\/wp-json\/wp\/v2\/product\/37601\/revisions"}],"wp:featuredmedia":[{"embeddable":true,"href":"https:\/\/www.2twentyscooters.com\/de\/wp-json\/wp\/v2\/media\/37611"}],"wp:attachment":[{"href":"https:\/\/www.2twentyscooters.com\/de\/wp-json\/wp\/v2\/media?parent=37601"}],"wp:term":[{"taxonomy":"product_cat","embeddable":true,"href":"https:\/\/www.2twentyscooters.com\/de\/wp-json\/wp\/v2\/product_cat?post=37601"},{"taxonomy":"product_tag","embeddable":true,"href":"https:\/\/www.2twentyscooters.com\/de\/wp-json\/wp\/v2\/product_tag?post=37601"}],"curies":[{"name":"wp","href":"https:\/\/api.w.org\/{rel}","templated":true}]}}