{"id":36530,"date":"2017-04-17T16:07:43","date_gmt":"2021-03-04T22:36:18","guid":{"rendered":"https:\/\/www.2twentyscooters.com\/produit\/2twenty-roma-2900-scooter-silbergrau\/"},"modified":"2022-04-08T12:06:44","modified_gmt":"2022-04-08T10:06:44","slug":"elektro-scooter-2twenty-roma-silber","status":"publish","type":"product","link":"https:\/\/www.2twentyscooters.com\/de\/produit\/elektro-scooter-2twenty-roma-silber\/","title":{"rendered":"2Twenty Roma 2900 Scooter &#8211; Silbergrau"},"content":{"rendered":"<p>Hier ist unser neues Modell Roma 2900, Serie 3 (S3). Wir haben viele Verbesserungen vorgenommen:<br \/>\n&#8211; Leichter Akku (10 kg) mit LED-Ladeanzeige<br \/>\n&#8211; Farb-Dashboard mit genauem Ladezustand in%,<br \/>\n&#8211; Neue Chromfeder &amp; Kolbensto\u00dfd\u00e4mpfer<br \/>\n&#8211; Verbrauchsarme LED-Scheinwerfer vorne und hinten<br \/>\n&#8211; Fu\u00dfst\u00fctze aus eloxiertem Aluminium<br \/>\n&#8211; Zwei Beschleunigungsmodi: Sport und \u00d6ko<br \/>\nDie Motorleistung wurde auf 2.900 Watt erh\u00f6ht, was eine sehr gute R\u00fcckgewinnung und ein erh\u00f6htes Drehmoment bietet. Die Bremse besteht aus 2 Doppelkolben-Scheibenbremsen, die eine Notbremsung in absoluter Sicherheit erm\u00f6glichen. Andererseits haben wir an seinem Retro-Look der 50er Jahre nichts ge\u00e4ndert, was seinen ganzen Charme ausmacht!<br \/>\nUnd nach wie vor m\u00fcssen keine \u00c4nderungen vorgenommen werden. Lithiumbatterien sind unter dem Sattel untergebracht. Schalten Sie einfach die Z\u00fcndung ein und Sie k\u00f6nnen fahren. Der Akku kann zu Hause oder anderswo \u00fcber eine Standard-220-V-Steckdose aufgeladen werden.<br \/>\nSie k\u00f6nnen 1 oder 2 austauschbare 72V \/ 20Ah-Batterien verwenden, die eine Reichweite von 50 km mit einer Batterie oder 100 km mit beiden erm\u00f6glichen. Wir haben eine TRIP-Funktion installiert, die mit einem Druckknopf am rechten Griff auf 0 zur\u00fcckgesetzt wird.<\/p>\n<p><a href=\"https:\/\/www.2twentyscooters.com\/wp-content\/uploads\/2019\/11\/Manuel-Utilisation-2Twenty-Roma-2900-10-5-2020.pdf\" target=\"_blank\" rel=\"noopener noreferrer\"><span style=\"color: #339966;\"><strong>Fax<\/strong><\/span><span style=\"color: #339966;\"><strong> Gebrauchsanweisung des Hargers:<\/strong><\/span> Benutzerhandbuch 2Twenty Roma 2900 &#8211; S3<\/a><br \/>\n<span style=\"color: #339966;\"><strong>T.<\/strong><\/span><a href=\"https:\/\/www.2twentyscooters.com\/tutoriels-dinstallation-et-reparation\/\" target=\"_blank\" rel=\"noopener noreferrer\"><span style=\"color: #339966;\"><strong> Installations- und Reparaturwerkzeuge<\/strong> ::<\/span> Tutorials<\/a><\/p>\n<p><strong>TECHNISCHE INFORMATION:<\/strong><\/p>\n<p>&#8211; H\u00f6chstgeschwindigkeit: 45 km \/ h<br \/>\n&#8211; Reichweite: 50 km mit einer Batterie, 100 km mit zwei Batterien<br \/>\n&#8211; Garantie: 2 Jahre (Roller und Batterie)<br \/>\n&#8211; 2 Beschleunigungsmodi: Sport (starke Beschleunigung) oder Energieeinsparung (sanfte Beschleunigung) &#8211;<a href=\"https:\/\/youtu.be\/g5Cn0TvuDmk\"> Klicken Sie hier, um den Vorgang zu sehen<\/a> . Der Roller wird standardm\u00e4\u00dfig im Eco-Modus geliefert.<br \/>\n&#8211; Herausnehmbare 72V \/ 20 Ah Lithiumbatterie mit integrierter LED-Ladeanzeige. M\u00f6glichkeit, zwei nebeneinander zu stellen.<br \/>\n&#8211; Pr\u00e4ziser Ladezustand in% am Messger\u00e4t (BMS-Kommunikation) + TRIP-Funktion mit rechter Taste am Lenker<br \/>\n&#8211; Ladezeit: 50% in 2 h und 100% in 6 h. Das Ladeger\u00e4t kann direkt an den Akku oder an die Buchse im seitlichen Handschuhfach angeschlossen werden.<br \/>\n&#8211; Anzahl der Fahrr\u00e4der: 900 (ca. 40.000 km)<br \/>\n&#8211; Motorleistung: 2.900 Watt<br \/>\n&#8211; Verbrauch \/ 100 km: 2,8 kWh<br \/>\n&#8211; Vordere und hintere Scheibenbremse mit hydraulischem Doppelkolbensattel<br \/>\n&#8211; Verchromte vordere Sto\u00dfd\u00e4mpfer mit Feder und Kolben<br \/>\n&#8211; Verbrauchsarme LED-Scheinwerfer vorne und hinten<br \/>\n&#8211; Reifen: 3,5-10 &#8222;Tubeless<br \/>\n&#8211; Reifendruck: vorne 2,3 bar \/ hinten 2,5 bar<br \/>\n&#8211; Gewicht (mit Batterie): 80 kg<br \/>\n&#8211; Batteriegewicht: 10 kg<br \/>\n&#8211; Maximales Gewicht an Bord: 150 kg<br \/>\n&#8211; L\u00e4nge 187 cm<br \/>\n&#8211; Breite: 75 cm<br \/>\n&#8211; H\u00f6he: 108,5 cm (beigef\u00fcgtes Diagramm)<br \/>\n&#8211; Sitzh\u00f6he: 81 cm<br \/>\n&#8211; Farbe: silbergrau &#8211; Pantone-Code: Cool Grey 10C<\/p>\n<p><strong>Wichtig<\/strong> : \u00dcberpr\u00fcfen Sie den Reifendruck sorgf\u00e4ltig: 2,3 bar vorne und 2,5 bar hinten. Wenn die Reifen nicht ausreichend aufgepumpt sind, verringert dies die H\u00f6chstgeschwindigkeit sowie die Reichweite.<\/p>\n","protected":false},"excerpt":{"rendered":"<p>Zweisitzer-Elektroroller, keine Lizenz erforderlich, 50 ccm \u00c4quivalent<br \/>\n&#8211; H\u00f6chstgeschwindigkeit: 45 km \/ h<br \/>\n&#8211; Leistung: 2.900 Watt<br \/>\n&#8211; Autonomie: 50 km mit 1 Batterie, 100 km mit 2 Batterien<br \/>\n&#8211; Herausnehmbare Lithiumbatterie 10 kg<br \/>\n&#8211; Akkulaufzeit: 900 Zyklen (ca. 40.000 km)<br \/>\n&#8211; Zwei Jahre Garantie (Roller und Batterie)<\/p>\n","protected":false},"featured_media":36557,"comment_status":"closed","ping_status":"closed","template":"","meta":[],"product_cat":[376],"product_tag":[],"yoast_head":"<!-- This site is optimized with the Yoast SEO plugin v18.4.1 - https:\/\/yoast.com\/wordpress\/plugins\/seo\/ -->\n<title>Kaufen Sie einen Elektroroller im Retro-Look. 2Twenty ist ein franz\u00f6sisches Zweirad<\/title>\n<meta name=\"description\" content=\"Kaufen Sie einen 2Twenty Elektroroller im Retro-Look. 2900 Watt Motor, 65 oder 130 km Autonomie mit 1 oder 2 austauschbaren Batterien. Wir garantieren alles f\u00fcr 2 Jahre\" \/>\n<meta name=\"robots\" content=\"index, follow, max-snippet:-1, max-image-preview:large, max-video-preview:-1\" \/>\n<link rel=\"canonical\" href=\"https:\/\/www.2twentyscooters.com\/de\/produit\/elektro-scooter-2twenty-roma-silber\/\" \/>\n<meta property=\"og:locale\" content=\"de_DE\" \/>\n<meta property=\"og:type\" content=\"article\" \/>\n<meta property=\"og:title\" content=\"Kaufen Sie einen Elektroroller im Retro-Look. 2Twenty ist ein franz\u00f6sisches Zweirad\" \/>\n<meta property=\"og:description\" content=\"Kaufen Sie einen 2Twenty Elektroroller im Retro-Look. 2900 Watt Motor, 65 oder 130 km Autonomie mit 1 oder 2 austauschbaren Batterien. Wir garantieren alles f\u00fcr 2 Jahre\" \/>\n<meta property=\"og:url\" content=\"https:\/\/www.2twentyscooters.com\/de\/produit\/elektro-scooter-2twenty-roma-silber\/\" \/>\n<meta property=\"og:site_name\" content=\"2Twenty Scooter \u00e9lectrique\" \/>\n<meta property=\"article:modified_time\" content=\"2022-04-08T10:06:44+00:00\" \/>\n<meta property=\"og:image\" content=\"https:\/\/www.2twentyscooters.com\/wp-content\/uploads\/2021\/01\/Scooter-gris-B-800x600-optimisee.jpg\" \/>\n\t<meta property=\"og:image:width\" content=\"800\" \/>\n\t<meta property=\"og:image:height\" content=\"600\" \/>\n\t<meta property=\"og:image:type\" content=\"image\/jpeg\" \/>\n<meta name=\"twitter:card\" content=\"summary\" \/>\n<meta name=\"twitter:label1\" content=\"Gesch\u00e4tzte Lesezeit\" \/>\n\t<meta name=\"twitter:data1\" content=\"2\u00a0Minuten\" \/>\n<script type=\"application\/ld+json\" class=\"yoast-schema-graph\">{\"@context\":\"https:\/\/schema.org\",\"@graph\":[{\"@type\":\"Organization\",\"@id\":\"https:\/\/www.2twentyscooters.com\/en\/#organization\",\"name\":\"2twentyscooters\",\"url\":\"https:\/\/www.2twentyscooters.com\/en\/\",\"sameAs\":[],\"logo\":{\"@type\":\"ImageObject\",\"@id\":\"https:\/\/www.2twentyscooters.com\/en\/#logo\",\"inLanguage\":\"de\",\"url\":\"https:\/\/www.2twentyscooters.com\/wp-content\/uploads\/2022\/03\/2twenty-scooters-logo.png\",\"contentUrl\":\"https:\/\/www.2twentyscooters.com\/wp-content\/uploads\/2022\/03\/2twenty-scooters-logo.png\",\"width\":342,\"height\":55,\"caption\":\"2twentyscooters\"},\"image\":{\"@id\":\"https:\/\/www.2twentyscooters.com\/en\/#logo\"}},{\"@type\":\"WebSite\",\"@id\":\"https:\/\/www.2twentyscooters.com\/en\/#website\",\"url\":\"https:\/\/www.2twentyscooters.com\/en\/\",\"name\":\"2Twenty Scooter \u00e9lectrique\",\"description\":\"\",\"publisher\":{\"@id\":\"https:\/\/www.2twentyscooters.com\/en\/#organization\"},\"potentialAction\":[{\"@type\":\"SearchAction\",\"target\":{\"@type\":\"EntryPoint\",\"urlTemplate\":\"https:\/\/www.2twentyscooters.com\/en\/?s={search_term_string}\"},\"query-input\":\"required name=search_term_string\"}],\"inLanguage\":\"de\"},{\"@type\":\"ImageObject\",\"@id\":\"https:\/\/www.2twentyscooters.com\/de\/produit\/elektro-scooter-2twenty-roma-silber\/#primaryimage\",\"inLanguage\":\"de\",\"url\":\"https:\/\/www.2twentyscooters.com\/wp-content\/uploads\/2021\/01\/Scooter-gris-B-800x600-optimisee.jpg\",\"contentUrl\":\"https:\/\/www.2twentyscooters.com\/wp-content\/uploads\/2021\/01\/Scooter-gris-B-800x600-optimisee.jpg\",\"width\":800,\"height\":600},{\"@type\":\"WebPage\",\"@id\":\"https:\/\/www.2twentyscooters.com\/de\/produit\/elektro-scooter-2twenty-roma-silber\/#webpage\",\"url\":\"https:\/\/www.2twentyscooters.com\/de\/produit\/elektro-scooter-2twenty-roma-silber\/\",\"name\":\"Kaufen Sie einen Elektroroller im Retro-Look. 2Twenty ist ein franz\u00f6sisches Zweirad\",\"isPartOf\":{\"@id\":\"https:\/\/www.2twentyscooters.com\/en\/#website\"},\"primaryImageOfPage\":{\"@id\":\"https:\/\/www.2twentyscooters.com\/de\/produit\/elektro-scooter-2twenty-roma-silber\/#primaryimage\"},\"datePublished\":\"2021-03-04T22:36:18+00:00\",\"dateModified\":\"2022-04-08T10:06:44+00:00\",\"description\":\"Kaufen Sie einen 2Twenty Elektroroller im Retro-Look. 2900 Watt Motor, 65 oder 130 km Autonomie mit 1 oder 2 austauschbaren Batterien. Wir garantieren alles f\u00fcr 2 Jahre\",\"breadcrumb\":{\"@id\":\"https:\/\/www.2twentyscooters.com\/de\/produit\/elektro-scooter-2twenty-roma-silber\/#breadcrumb\"},\"inLanguage\":\"de\",\"potentialAction\":[{\"@type\":\"ReadAction\",\"target\":[\"https:\/\/www.2twentyscooters.com\/de\/produit\/elektro-scooter-2twenty-roma-silber\/\"]}]},{\"@type\":\"BreadcrumbList\",\"@id\":\"https:\/\/www.2twentyscooters.com\/de\/produit\/elektro-scooter-2twenty-roma-silber\/#breadcrumb\",\"itemListElement\":[{\"@type\":\"ListItem\",\"position\":1,\"name\":\"Home\",\"item\":\"https:\/\/www.2twentyscooters.com\/de\/\"},{\"@type\":\"ListItem\",\"position\":2,\"name\":\"Boutique\",\"item\":\"https:\/\/www.2twentyscooters.com\/boutique\/\"},{\"@type\":\"ListItem\",\"position\":3,\"name\":\"Scooters\",\"item\":\"https:\/\/www.2twentyscooters.com\/de\/categorie-produit\/scooters-de\/\"},{\"@type\":\"ListItem\",\"position\":4,\"name\":\"2Twenty Roma 2900 Scooter &#8211; Silbergrau\"}]}]}<\/script>\n<!-- \/ Yoast SEO plugin. -->","yoast_head_json":{"title":"Kaufen Sie einen Elektroroller im Retro-Look. 2Twenty ist ein franz\u00f6sisches Zweirad","description":"Kaufen Sie einen 2Twenty Elektroroller im Retro-Look. 2900 Watt Motor, 65 oder 130 km Autonomie mit 1 oder 2 austauschbaren Batterien. Wir garantieren alles f\u00fcr 2 Jahre","robots":{"index":"index","follow":"follow","max-snippet":"max-snippet:-1","max-image-preview":"max-image-preview:large","max-video-preview":"max-video-preview:-1"},"canonical":"https:\/\/www.2twentyscooters.com\/de\/produit\/elektro-scooter-2twenty-roma-silber\/","og_locale":"de_DE","og_type":"article","og_title":"Kaufen Sie einen Elektroroller im Retro-Look. 2Twenty ist ein franz\u00f6sisches Zweirad","og_description":"Kaufen Sie einen 2Twenty Elektroroller im Retro-Look. 2900 Watt Motor, 65 oder 130 km Autonomie mit 1 oder 2 austauschbaren Batterien. Wir garantieren alles f\u00fcr 2 Jahre","og_url":"https:\/\/www.2twentyscooters.com\/de\/produit\/elektro-scooter-2twenty-roma-silber\/","og_site_name":"2Twenty Scooter \u00e9lectrique","article_modified_time":"2022-04-08T10:06:44+00:00","og_image":[{"width":800,"height":600,"url":"https:\/\/www.2twentyscooters.com\/wp-content\/uploads\/2021\/01\/Scooter-gris-B-800x600-optimisee.jpg","type":"image\/jpeg"}],"twitter_card":"summary","twitter_misc":{"Gesch\u00e4tzte Lesezeit":"2\u00a0Minuten"},"schema":{"@context":"https:\/\/schema.org","@graph":[{"@type":"Organization","@id":"https:\/\/www.2twentyscooters.com\/en\/#organization","name":"2twentyscooters","url":"https:\/\/www.2twentyscooters.com\/en\/","sameAs":[],"logo":{"@type":"ImageObject","@id":"https:\/\/www.2twentyscooters.com\/en\/#logo","inLanguage":"de","url":"https:\/\/www.2twentyscooters.com\/wp-content\/uploads\/2022\/03\/2twenty-scooters-logo.png","contentUrl":"https:\/\/www.2twentyscooters.com\/wp-content\/uploads\/2022\/03\/2twenty-scooters-logo.png","width":342,"height":55,"caption":"2twentyscooters"},"image":{"@id":"https:\/\/www.2twentyscooters.com\/en\/#logo"}},{"@type":"WebSite","@id":"https:\/\/www.2twentyscooters.com\/en\/#website","url":"https:\/\/www.2twentyscooters.com\/en\/","name":"2Twenty Scooter \u00e9lectrique","description":"","publisher":{"@id":"https:\/\/www.2twentyscooters.com\/en\/#organization"},"potentialAction":[{"@type":"SearchAction","target":{"@type":"EntryPoint","urlTemplate":"https:\/\/www.2twentyscooters.com\/en\/?s={search_term_string}"},"query-input":"required name=search_term_string"}],"inLanguage":"de"},{"@type":"ImageObject","@id":"https:\/\/www.2twentyscooters.com\/de\/produit\/elektro-scooter-2twenty-roma-silber\/#primaryimage","inLanguage":"de","url":"https:\/\/www.2twentyscooters.com\/wp-content\/uploads\/2021\/01\/Scooter-gris-B-800x600-optimisee.jpg","contentUrl":"https:\/\/www.2twentyscooters.com\/wp-content\/uploads\/2021\/01\/Scooter-gris-B-800x600-optimisee.jpg","width":800,"height":600},{"@type":"WebPage","@id":"https:\/\/www.2twentyscooters.com\/de\/produit\/elektro-scooter-2twenty-roma-silber\/#webpage","url":"https:\/\/www.2twentyscooters.com\/de\/produit\/elektro-scooter-2twenty-roma-silber\/","name":"Kaufen Sie einen Elektroroller im Retro-Look. 2Twenty ist ein franz\u00f6sisches Zweirad","isPartOf":{"@id":"https:\/\/www.2twentyscooters.com\/en\/#website"},"primaryImageOfPage":{"@id":"https:\/\/www.2twentyscooters.com\/de\/produit\/elektro-scooter-2twenty-roma-silber\/#primaryimage"},"datePublished":"2021-03-04T22:36:18+00:00","dateModified":"2022-04-08T10:06:44+00:00","description":"Kaufen Sie einen 2Twenty Elektroroller im Retro-Look. 2900 Watt Motor, 65 oder 130 km Autonomie mit 1 oder 2 austauschbaren Batterien. Wir garantieren alles f\u00fcr 2 Jahre","breadcrumb":{"@id":"https:\/\/www.2twentyscooters.com\/de\/produit\/elektro-scooter-2twenty-roma-silber\/#breadcrumb"},"inLanguage":"de","potentialAction":[{"@type":"ReadAction","target":["https:\/\/www.2twentyscooters.com\/de\/produit\/elektro-scooter-2twenty-roma-silber\/"]}]},{"@type":"BreadcrumbList","@id":"https:\/\/www.2twentyscooters.com\/de\/produit\/elektro-scooter-2twenty-roma-silber\/#breadcrumb","itemListElement":[{"@type":"ListItem","position":1,"name":"Home","item":"https:\/\/www.2twentyscooters.com\/de\/"},{"@type":"ListItem","position":2,"name":"Boutique","item":"https:\/\/www.2twentyscooters.com\/boutique\/"},{"@type":"ListItem","position":3,"name":"Scooters","item":"https:\/\/www.2twentyscooters.com\/de\/categorie-produit\/scooters-de\/"},{"@type":"ListItem","position":4,"name":"2Twenty Roma 2900 Scooter &#8211; Silbergrau"}]}]}},"_links":{"self":[{"href":"https:\/\/www.2twentyscooters.com\/de\/wp-json\/wp\/v2\/product\/36530"}],"collection":[{"href":"https:\/\/www.2twentyscooters.com\/de\/wp-json\/wp\/v2\/product"}],"about":[{"href":"https:\/\/www.2twentyscooters.com\/de\/wp-json\/wp\/v2\/types\/product"}],"replies":[{"embeddable":true,"href":"https:\/\/www.2twentyscooters.com\/de\/wp-json\/wp\/v2\/comments?post=36530"}],"version-history":[{"count":0,"href":"https:\/\/www.2twentyscooters.com\/de\/wp-json\/wp\/v2\/product\/36530\/revisions"}],"wp:featuredmedia":[{"embeddable":true,"href":"https:\/\/www.2twentyscooters.com\/de\/wp-json\/wp\/v2\/media\/36557"}],"wp:attachment":[{"href":"https:\/\/www.2twentyscooters.com\/de\/wp-json\/wp\/v2\/media?parent=36530"}],"wp:term":[{"taxonomy":"product_cat","embeddable":true,"href":"https:\/\/www.2twentyscooters.com\/de\/wp-json\/wp\/v2\/product_cat?post=36530"},{"taxonomy":"product_tag","embeddable":true,"href":"https:\/\/www.2twentyscooters.com\/de\/wp-json\/wp\/v2\/product_tag?post=36530"}],"curies":[{"name":"wp","href":"https:\/\/api.w.org\/{rel}","templated":true}]}}