{"id":36008,"date":"2019-11-25T14:48:07","date_gmt":"2021-03-04T22:36:03","guid":{"rendered":"https:\/\/www.2twentyscooters.com\/produit\/2twenty-roma-2900-scooter-rot\/"},"modified":"2022-04-08T12:28:27","modified_gmt":"2022-04-08T10:28:27","slug":"elektro-scooter-2twenty-roma-rot","status":"publish","type":"product","link":"https:\/\/www.2twentyscooters.com\/de\/produit\/elektro-scooter-2twenty-roma-rot\/","title":{"rendered":"2Twenty Roma 2900 Scooter &#8211; Rot"},"content":{"rendered":"<p>Hier ist unser neues Modell Roma 2900, Serie 3 (S3). Wir haben hart gearbeitet, um die Oberfl\u00e4chen und den Komfort weiter zu verbessern: neue leichtere Batterie (10 kg) mit LED-Ladeanzeige, neue Sto\u00dfd\u00e4mpfer, neues Messger\u00e4t mit genauerem Ladezustand in%, verbrauchsarme LED-Scheinwerfer vorne und hinten, eloxierte Aluminiumfu\u00dfst\u00fctze.<br \/>\nDer 2900-Watt-Motor mit unglaublicher Kartoffel ist mit 2 Doppelkolben-Scheibenbremsen verbunden, um diese Leistung sicher zu nutzen.<br \/>\nWir bleiben auf dem gleichen Retro-Look, den wir f\u00fcr die Welt nicht \u00e4ndern w\u00fcrden. Und wie immer besteht keine Notwendigkeit zur \u00dcberarbeitung. Lithiumbatterien sind unter dem Sattel integriert. Einfach einstecken und los geht&#8217;s! Zum Aufladen k\u00f6nnte nichts einfacher sein: Schlie\u00dfen Sie es einfach zu Hause oder anderswo an einer normalen Steckdose an.<br \/>\nSie k\u00f6nnen 2 Batterien (72 V \/ 20 Ah) f\u00fcr eine Reichweite von jeweils 50 km, d. H. Insgesamt 100 km, verwenden. Genug, um die l\u00e4ngsten Fahrten zu machen und dabei ruhig zu bleiben (wir haben eine TRIP-Funktion hinzugef\u00fcgt).<br \/>\nDer Roller wird mit einem verst\u00e4rkten hinteren Gep\u00e4cktr\u00e4ger (bereits montiert) und einem vorderen Gep\u00e4cktr\u00e4ger (nicht montiert) geliefert.<br \/>\nDieser Roller entspricht 50ccm und ben\u00f6tigt daher keinen F\u00fchrerschein.<\/p>\n<p><a href=\"https:\/\/www.2twentyscooters.com\/wp-content\/uploads\/2019\/11\/Manuel-Utilisation-2Twenty-Roma-2900-10-5-2020.pdf\" target=\"_blank\" rel=\"noopener noreferrer\"><span style=\"color: #339966;\"><strong>Fax<\/strong><strong> Gebrauchsanweisung des Hargers:<\/strong><\/span> Benutzerhandbuch 2Twenty Roma 2900 &#8211; S3<\/a><br \/>\n<a href=\"https:\/\/www.2twentyscooters.com\/tutoriels-dinstallation-et-reparation\/\" target=\"_blank\" rel=\"noopener noreferrer\"><strong><span style=\"color: #339966;\">Installations- und Reparaturanleitungen<\/span><\/strong> : Tutorials<\/a><\/p>\n<p><strong>TECHNISCHE INFORMATION:<\/strong><\/p>\n<p>&#8211; H\u00f6chstgeschwindigkeit: 45 km \/ h<br \/>\n&#8211; Reichweite: 50 km mit einer Batterie, 100 km mit zwei Batterien<br \/>\n&#8211; Garantie: 2 Jahre (Roller und Batterie)<br \/>\n&#8211; 2 Modi: Sport (starke Beschleunigung) oder Energieeinsparung (sanfte Beschleunigung) &#8211;<a href=\"https:\/\/youtu.be\/g5Cn0TvuDmk\"> Klicken Sie hier, um den Vorgang zu sehen<\/a><br \/>\n&#8211; Herausnehmbare 72V \/ 20 Ah Lithiumbatterie mit integrierter LED-Ladeanzeige. M\u00f6glichkeit, zwei nebeneinander zu stellen.<br \/>\n&#8211; Pr\u00e4ziser Ladezustand in% am Messger\u00e4t (BMS-Kommunikation) + TRIP-Funktion mit rechter Taste am Lenker<br \/>\n&#8211; Ladezeit: 50% in 2 h und 100% in 6 h. Das Ladeger\u00e4t kann direkt an den Akku oder an die Buchse im seitlichen Handschuhfach angeschlossen werden.<br \/>\n&#8211; Anzahl der Fahrr\u00e4der: 900 (ca. 40.000 km)<br \/>\n&#8211; Motorleistung: 2.900 Watt<br \/>\n&#8211; Verbrauch \/ 100 km: 2,8 kWh<br \/>\n&#8211; Vordere und hintere Scheibenbremse mit hydraulischem Doppelkolbensattel<br \/>\n&#8211; Verchromte vordere Sto\u00dfd\u00e4mpfer mit Feder und Kolben<br \/>\n&#8211; Verbrauchsarme LED-Scheinwerfer vorne und hinten<br \/>\n&#8211; Reifen: 3,5-10 &#8222;Tubeless<br \/>\n&#8211; Reifendruck: vorne 2,3 bar \/ hinten 2,5 bar<br \/>\n&#8211; Gewicht (mit Batterie): 80 kg<br \/>\n&#8211; Batteriegewicht: 10 kg<br \/>\n&#8211; Maximales Gewicht an Bord: 150 kg<br \/>\n&#8211; L\u00e4nge 187 cm<br \/>\n&#8211; Breite: 75 cm<br \/>\n&#8211; H\u00f6he: 108,5 cm (beigef\u00fcgtes Diagramm)<br \/>\n&#8211; Sitzh\u00f6he: 81 cm<\/p>\n<p><strong>Wichtig<\/strong> : \u00dcberpr\u00fcfen Sie den Reifendruck sorgf\u00e4ltig: 2,3 bar vorne und 2,5 bar hinten. Wenn die Reifen nicht ausreichend aufgepumpt sind, verringert dies die H\u00f6chstgeschwindigkeit sowie die Reichweite.<\/p>\n","protected":false},"excerpt":{"rendered":"<p>Zweisitzer-Elektroroller, keine Lizenz erforderlich, 50 ccm \u00c4quivalent<br \/>\n&#8211; H\u00f6chstgeschwindigkeit: 45 km \/ h<br \/>\n&#8211; Leistung: 2.900 Watt<br \/>\n&#8211; Autonomie: 50 km mit 1 Batterie, 100 km mit 2 Batterien<br \/>\n&#8211; Herausnehmbare Lithiumbatterie 10 kg<br \/>\n&#8211; Akkulaufzeit: 900 Zyklen (ca. 40.000 km)<br \/>\n&#8211; Zwei Jahre Garantie (Roller und Batterie)<\/p>\n","protected":false},"featured_media":36009,"comment_status":"closed","ping_status":"closed","template":"","meta":[],"product_cat":[376],"product_tag":[],"yoast_head":"<!-- This site is optimized with the Yoast SEO plugin v18.4.1 - https:\/\/yoast.com\/wordpress\/plugins\/seo\/ -->\n<title>Garantierter 2Twenty Roma Elektroroller ohne gleichwertige 50cc Lizenz<\/title>\n<meta name=\"description\" content=\"Kaufen Sie einen 2Twenty Elektroroller im Retro-Look. 2900 Watt Motor, 65 oder 130 km Autonomie mit 1 oder 2 austauschbaren Batterien. Wir garantieren alles f\u00fcr 2 Jahre\" \/>\n<meta name=\"robots\" content=\"index, follow, max-snippet:-1, max-image-preview:large, max-video-preview:-1\" \/>\n<link rel=\"canonical\" href=\"https:\/\/www.2twentyscooters.com\/de\/produit\/elektro-scooter-2twenty-roma-rot\/\" \/>\n<meta property=\"og:locale\" content=\"de_DE\" \/>\n<meta property=\"og:type\" content=\"article\" \/>\n<meta property=\"og:title\" content=\"Garantierter 2Twenty Roma Elektroroller ohne gleichwertige 50cc Lizenz\" \/>\n<meta property=\"og:description\" content=\"Kaufen Sie einen 2Twenty Elektroroller im Retro-Look. 2900 Watt Motor, 65 oder 130 km Autonomie mit 1 oder 2 austauschbaren Batterien. Wir garantieren alles f\u00fcr 2 Jahre\" \/>\n<meta property=\"og:url\" content=\"https:\/\/www.2twentyscooters.com\/de\/produit\/elektro-scooter-2twenty-roma-rot\/\" \/>\n<meta property=\"og:site_name\" content=\"2Twenty Scooter \u00e9lectrique\" \/>\n<meta property=\"article:modified_time\" content=\"2022-04-08T10:28:27+00:00\" \/>\n<meta property=\"og:image\" content=\"https:\/\/www.2twentyscooters.com\/wp-content\/uploads\/2021\/01\/Scooter-Rouge-de\u0301toure\u0301-1e.jpg\" \/>\n\t<meta property=\"og:image:width\" content=\"800\" \/>\n\t<meta property=\"og:image:height\" content=\"600\" \/>\n\t<meta property=\"og:image:type\" content=\"image\/jpeg\" \/>\n<meta name=\"twitter:card\" content=\"summary\" \/>\n<meta name=\"twitter:label1\" content=\"Gesch\u00e4tzte Lesezeit\" \/>\n\t<meta name=\"twitter:data1\" content=\"2\u00a0Minuten\" \/>\n<script type=\"application\/ld+json\" class=\"yoast-schema-graph\">{\"@context\":\"https:\/\/schema.org\",\"@graph\":[{\"@type\":\"Organization\",\"@id\":\"https:\/\/www.2twentyscooters.com\/en\/#organization\",\"name\":\"2twentyscooters\",\"url\":\"https:\/\/www.2twentyscooters.com\/en\/\",\"sameAs\":[],\"logo\":{\"@type\":\"ImageObject\",\"@id\":\"https:\/\/www.2twentyscooters.com\/en\/#logo\",\"inLanguage\":\"de\",\"url\":\"https:\/\/www.2twentyscooters.com\/wp-content\/uploads\/2022\/03\/2twenty-scooters-logo.png\",\"contentUrl\":\"https:\/\/www.2twentyscooters.com\/wp-content\/uploads\/2022\/03\/2twenty-scooters-logo.png\",\"width\":342,\"height\":55,\"caption\":\"2twentyscooters\"},\"image\":{\"@id\":\"https:\/\/www.2twentyscooters.com\/en\/#logo\"}},{\"@type\":\"WebSite\",\"@id\":\"https:\/\/www.2twentyscooters.com\/en\/#website\",\"url\":\"https:\/\/www.2twentyscooters.com\/en\/\",\"name\":\"2Twenty Scooter \u00e9lectrique\",\"description\":\"\",\"publisher\":{\"@id\":\"https:\/\/www.2twentyscooters.com\/en\/#organization\"},\"potentialAction\":[{\"@type\":\"SearchAction\",\"target\":{\"@type\":\"EntryPoint\",\"urlTemplate\":\"https:\/\/www.2twentyscooters.com\/en\/?s={search_term_string}\"},\"query-input\":\"required name=search_term_string\"}],\"inLanguage\":\"de\"},{\"@type\":\"ImageObject\",\"@id\":\"https:\/\/www.2twentyscooters.com\/de\/produit\/elektro-scooter-2twenty-roma-rot\/#primaryimage\",\"inLanguage\":\"de\",\"url\":\"https:\/\/www.2twentyscooters.com\/wp-content\/uploads\/2021\/01\/Scooter-Rouge-de\u0301toure\u0301-1e.jpg\",\"contentUrl\":\"https:\/\/www.2twentyscooters.com\/wp-content\/uploads\/2021\/01\/Scooter-Rouge-de\u0301toure\u0301-1e.jpg\",\"width\":800,\"height\":600},{\"@type\":\"WebPage\",\"@id\":\"https:\/\/www.2twentyscooters.com\/de\/produit\/elektro-scooter-2twenty-roma-rot\/#webpage\",\"url\":\"https:\/\/www.2twentyscooters.com\/de\/produit\/elektro-scooter-2twenty-roma-rot\/\",\"name\":\"Garantierter 2Twenty Roma Elektroroller ohne gleichwertige 50cc Lizenz\",\"isPartOf\":{\"@id\":\"https:\/\/www.2twentyscooters.com\/en\/#website\"},\"primaryImageOfPage\":{\"@id\":\"https:\/\/www.2twentyscooters.com\/de\/produit\/elektro-scooter-2twenty-roma-rot\/#primaryimage\"},\"datePublished\":\"2021-03-04T22:36:03+00:00\",\"dateModified\":\"2022-04-08T10:28:27+00:00\",\"description\":\"Kaufen Sie einen 2Twenty Elektroroller im Retro-Look. 2900 Watt Motor, 65 oder 130 km Autonomie mit 1 oder 2 austauschbaren Batterien. Wir garantieren alles f\u00fcr 2 Jahre\",\"breadcrumb\":{\"@id\":\"https:\/\/www.2twentyscooters.com\/de\/produit\/elektro-scooter-2twenty-roma-rot\/#breadcrumb\"},\"inLanguage\":\"de\",\"potentialAction\":[{\"@type\":\"ReadAction\",\"target\":[\"https:\/\/www.2twentyscooters.com\/de\/produit\/elektro-scooter-2twenty-roma-rot\/\"]}]},{\"@type\":\"BreadcrumbList\",\"@id\":\"https:\/\/www.2twentyscooters.com\/de\/produit\/elektro-scooter-2twenty-roma-rot\/#breadcrumb\",\"itemListElement\":[{\"@type\":\"ListItem\",\"position\":1,\"name\":\"Home\",\"item\":\"https:\/\/www.2twentyscooters.com\/de\/\"},{\"@type\":\"ListItem\",\"position\":2,\"name\":\"Boutique\",\"item\":\"https:\/\/www.2twentyscooters.com\/boutique\/\"},{\"@type\":\"ListItem\",\"position\":3,\"name\":\"Scooters\",\"item\":\"https:\/\/www.2twentyscooters.com\/de\/categorie-produit\/scooters-de\/\"},{\"@type\":\"ListItem\",\"position\":4,\"name\":\"2Twenty Roma 2900 Scooter &#8211; Rot\"}]}]}<\/script>\n<!-- \/ Yoast SEO plugin. -->","yoast_head_json":{"title":"Garantierter 2Twenty Roma Elektroroller ohne gleichwertige 50cc Lizenz","description":"Kaufen Sie einen 2Twenty Elektroroller im Retro-Look. 2900 Watt Motor, 65 oder 130 km Autonomie mit 1 oder 2 austauschbaren Batterien. Wir garantieren alles f\u00fcr 2 Jahre","robots":{"index":"index","follow":"follow","max-snippet":"max-snippet:-1","max-image-preview":"max-image-preview:large","max-video-preview":"max-video-preview:-1"},"canonical":"https:\/\/www.2twentyscooters.com\/de\/produit\/elektro-scooter-2twenty-roma-rot\/","og_locale":"de_DE","og_type":"article","og_title":"Garantierter 2Twenty Roma Elektroroller ohne gleichwertige 50cc Lizenz","og_description":"Kaufen Sie einen 2Twenty Elektroroller im Retro-Look. 2900 Watt Motor, 65 oder 130 km Autonomie mit 1 oder 2 austauschbaren Batterien. Wir garantieren alles f\u00fcr 2 Jahre","og_url":"https:\/\/www.2twentyscooters.com\/de\/produit\/elektro-scooter-2twenty-roma-rot\/","og_site_name":"2Twenty Scooter \u00e9lectrique","article_modified_time":"2022-04-08T10:28:27+00:00","og_image":[{"width":800,"height":600,"url":"https:\/\/www.2twentyscooters.com\/wp-content\/uploads\/2021\/01\/Scooter-Rouge-de\u0301toure\u0301-1e.jpg","type":"image\/jpeg"}],"twitter_card":"summary","twitter_misc":{"Gesch\u00e4tzte Lesezeit":"2\u00a0Minuten"},"schema":{"@context":"https:\/\/schema.org","@graph":[{"@type":"Organization","@id":"https:\/\/www.2twentyscooters.com\/en\/#organization","name":"2twentyscooters","url":"https:\/\/www.2twentyscooters.com\/en\/","sameAs":[],"logo":{"@type":"ImageObject","@id":"https:\/\/www.2twentyscooters.com\/en\/#logo","inLanguage":"de","url":"https:\/\/www.2twentyscooters.com\/wp-content\/uploads\/2022\/03\/2twenty-scooters-logo.png","contentUrl":"https:\/\/www.2twentyscooters.com\/wp-content\/uploads\/2022\/03\/2twenty-scooters-logo.png","width":342,"height":55,"caption":"2twentyscooters"},"image":{"@id":"https:\/\/www.2twentyscooters.com\/en\/#logo"}},{"@type":"WebSite","@id":"https:\/\/www.2twentyscooters.com\/en\/#website","url":"https:\/\/www.2twentyscooters.com\/en\/","name":"2Twenty Scooter \u00e9lectrique","description":"","publisher":{"@id":"https:\/\/www.2twentyscooters.com\/en\/#organization"},"potentialAction":[{"@type":"SearchAction","target":{"@type":"EntryPoint","urlTemplate":"https:\/\/www.2twentyscooters.com\/en\/?s={search_term_string}"},"query-input":"required name=search_term_string"}],"inLanguage":"de"},{"@type":"ImageObject","@id":"https:\/\/www.2twentyscooters.com\/de\/produit\/elektro-scooter-2twenty-roma-rot\/#primaryimage","inLanguage":"de","url":"https:\/\/www.2twentyscooters.com\/wp-content\/uploads\/2021\/01\/Scooter-Rouge-de\u0301toure\u0301-1e.jpg","contentUrl":"https:\/\/www.2twentyscooters.com\/wp-content\/uploads\/2021\/01\/Scooter-Rouge-de\u0301toure\u0301-1e.jpg","width":800,"height":600},{"@type":"WebPage","@id":"https:\/\/www.2twentyscooters.com\/de\/produit\/elektro-scooter-2twenty-roma-rot\/#webpage","url":"https:\/\/www.2twentyscooters.com\/de\/produit\/elektro-scooter-2twenty-roma-rot\/","name":"Garantierter 2Twenty Roma Elektroroller ohne gleichwertige 50cc Lizenz","isPartOf":{"@id":"https:\/\/www.2twentyscooters.com\/en\/#website"},"primaryImageOfPage":{"@id":"https:\/\/www.2twentyscooters.com\/de\/produit\/elektro-scooter-2twenty-roma-rot\/#primaryimage"},"datePublished":"2021-03-04T22:36:03+00:00","dateModified":"2022-04-08T10:28:27+00:00","description":"Kaufen Sie einen 2Twenty Elektroroller im Retro-Look. 2900 Watt Motor, 65 oder 130 km Autonomie mit 1 oder 2 austauschbaren Batterien. Wir garantieren alles f\u00fcr 2 Jahre","breadcrumb":{"@id":"https:\/\/www.2twentyscooters.com\/de\/produit\/elektro-scooter-2twenty-roma-rot\/#breadcrumb"},"inLanguage":"de","potentialAction":[{"@type":"ReadAction","target":["https:\/\/www.2twentyscooters.com\/de\/produit\/elektro-scooter-2twenty-roma-rot\/"]}]},{"@type":"BreadcrumbList","@id":"https:\/\/www.2twentyscooters.com\/de\/produit\/elektro-scooter-2twenty-roma-rot\/#breadcrumb","itemListElement":[{"@type":"ListItem","position":1,"name":"Home","item":"https:\/\/www.2twentyscooters.com\/de\/"},{"@type":"ListItem","position":2,"name":"Boutique","item":"https:\/\/www.2twentyscooters.com\/boutique\/"},{"@type":"ListItem","position":3,"name":"Scooters","item":"https:\/\/www.2twentyscooters.com\/de\/categorie-produit\/scooters-de\/"},{"@type":"ListItem","position":4,"name":"2Twenty Roma 2900 Scooter &#8211; Rot"}]}]}},"_links":{"self":[{"href":"https:\/\/www.2twentyscooters.com\/de\/wp-json\/wp\/v2\/product\/36008"}],"collection":[{"href":"https:\/\/www.2twentyscooters.com\/de\/wp-json\/wp\/v2\/product"}],"about":[{"href":"https:\/\/www.2twentyscooters.com\/de\/wp-json\/wp\/v2\/types\/product"}],"replies":[{"embeddable":true,"href":"https:\/\/www.2twentyscooters.com\/de\/wp-json\/wp\/v2\/comments?post=36008"}],"version-history":[{"count":0,"href":"https:\/\/www.2twentyscooters.com\/de\/wp-json\/wp\/v2\/product\/36008\/revisions"}],"wp:featuredmedia":[{"embeddable":true,"href":"https:\/\/www.2twentyscooters.com\/de\/wp-json\/wp\/v2\/media\/36009"}],"wp:attachment":[{"href":"https:\/\/www.2twentyscooters.com\/de\/wp-json\/wp\/v2\/media?parent=36008"}],"wp:term":[{"taxonomy":"product_cat","embeddable":true,"href":"https:\/\/www.2twentyscooters.com\/de\/wp-json\/wp\/v2\/product_cat?post=36008"},{"taxonomy":"product_tag","embeddable":true,"href":"https:\/\/www.2twentyscooters.com\/de\/wp-json\/wp\/v2\/product_tag?post=36008"}],"curies":[{"name":"wp","href":"https:\/\/api.w.org\/{rel}","templated":true}]}}