{"id":34634,"date":"2020-05-17T16:05:58","date_gmt":"2021-03-03T21:48:24","guid":{"rendered":"https:\/\/www.2twentyscooters.com\/produit\/premium-gestreifter-sattel-made-in-france\/"},"modified":"2021-03-11T12:58:53","modified_gmt":"2021-03-11T11:58:53","slug":"sattel-premium-pink-made-in-france","status":"publish","type":"product","link":"https:\/\/www.2twentyscooters.com\/de\/produit\/sattel-premium-pink-made-in-france\/","title":{"rendered":"Premium gestreifter Sattel &#8211; Made in France"},"content":{"rendered":"<p>Premium gestreifter Sattel made in France.<\/p>\n<p>Verf\u00fcgbar in Standard-Rendering:<\/p>\n<ul>\n<li>Bordeaux<\/li>\n<li>Puderrosa<\/li>\n<li>Hellbraun<\/li>\n<li>Dunkelbraun<\/li>\n<li>Kamel<\/li>\n<li>Schwarz<\/li>\n<\/ul>\n<p>Oder gebr\u00e4unt gemacht:<\/p>\n<ul>\n<li>Braun<\/li>\n<li>Beige<\/li>\n<li>Sand<\/li>\n<li>Anthrazit<\/li>\n<li>Gr\u00fcn<\/li>\n<\/ul>\n<p>Gepolstert mit sichtbaren N\u00e4hten. Der Sattel ist mit einem hochwertigen Kunstleder bezogen.<br \/>\nZu Ihrer Information, echtes Leder ist nicht f\u00fcr Rollers\u00e4ttel geeignet, da es zu viel Regen und Sonne ausgesetzt ist. Es m\u00fcsste h\u00e4ufig mit Wachs behandelt werden, was f\u00fcr einen Sattel nicht ideal ist (Gefahr von Flecken auf der Kleidung). Aus diesem Grund haben wir uns f\u00fcr ein hochwertiges Kunstleder entschieden.<\/p>\n<p>Empfohlen: Tragen Sie an einem regnerischen Tag eine Sattelabdeckung, wenn der Roller geparkt ist, um zu verhindern, dass Wasser durch die N\u00e4hte in die Polsterung eindringt.<\/p>\n<p>M\u00f6glichkeit, einen Namen oder ein Logo in die Stickerei einzuf\u00fcgen (kontaktieren Sie uns).<\/p>\n<p>Verkauft mit passenden Griffen.<\/p>\n","protected":false},"excerpt":{"rendered":"<p>Premium Sattel made in France f\u00fcr 2Twenty Elektroroller<\/p>\n","protected":false},"featured_media":34635,"comment_status":"closed","ping_status":"closed","template":"","meta":[],"product_cat":[370],"product_tag":[],"yoast_head":"<!-- This site is optimized with the Yoast SEO plugin v18.4.1 - https:\/\/yoast.com\/wordpress\/plugins\/seo\/ -->\n<title>Premium gestreifter Sattel - Made in France<\/title>\n<meta name=\"robots\" content=\"index, follow, max-snippet:-1, max-image-preview:large, max-video-preview:-1\" \/>\n<link rel=\"canonical\" href=\"https:\/\/www.2twentyscooters.com\/de\/produit\/sattel-premium-pink-made-in-france\/\" \/>\n<meta property=\"og:locale\" content=\"de_DE\" \/>\n<meta property=\"og:type\" content=\"article\" \/>\n<meta property=\"og:title\" content=\"Premium gestreifter Sattel - Made in France\" \/>\n<meta property=\"og:description\" content=\"Premium Sattel made in France f\u00fcr 2Twenty Elektroroller\" \/>\n<meta property=\"og:url\" content=\"https:\/\/www.2twentyscooters.com\/de\/produit\/sattel-premium-pink-made-in-france\/\" \/>\n<meta property=\"og:site_name\" content=\"2Twenty Scooter \u00e9lectrique\" \/>\n<meta property=\"article:modified_time\" content=\"2021-03-11T11:58:53+00:00\" \/>\n<meta property=\"og:image\" content=\"https:\/\/www.2twentyscooters.com\/wp-content\/uploads\/2021\/01\/camel-1.jpg\" \/>\n\t<meta property=\"og:image:width\" content=\"800\" \/>\n\t<meta property=\"og:image:height\" content=\"600\" \/>\n\t<meta property=\"og:image:type\" content=\"image\/jpeg\" \/>\n<meta name=\"twitter:card\" content=\"summary\" \/>\n<meta name=\"twitter:label1\" content=\"Gesch\u00e4tzte Lesezeit\" \/>\n\t<meta name=\"twitter:data1\" content=\"1\u00a0Minute\" \/>\n<script type=\"application\/ld+json\" class=\"yoast-schema-graph\">{\"@context\":\"https:\/\/schema.org\",\"@graph\":[{\"@type\":\"Organization\",\"@id\":\"https:\/\/www.2twentyscooters.com\/en\/#organization\",\"name\":\"2twentyscooters\",\"url\":\"https:\/\/www.2twentyscooters.com\/en\/\",\"sameAs\":[],\"logo\":{\"@type\":\"ImageObject\",\"@id\":\"https:\/\/www.2twentyscooters.com\/en\/#logo\",\"inLanguage\":\"de\",\"url\":\"https:\/\/www.2twentyscooters.com\/wp-content\/uploads\/2022\/03\/2twenty-scooters-logo.png\",\"contentUrl\":\"https:\/\/www.2twentyscooters.com\/wp-content\/uploads\/2022\/03\/2twenty-scooters-logo.png\",\"width\":342,\"height\":55,\"caption\":\"2twentyscooters\"},\"image\":{\"@id\":\"https:\/\/www.2twentyscooters.com\/en\/#logo\"}},{\"@type\":\"WebSite\",\"@id\":\"https:\/\/www.2twentyscooters.com\/en\/#website\",\"url\":\"https:\/\/www.2twentyscooters.com\/en\/\",\"name\":\"2Twenty Scooter \u00e9lectrique\",\"description\":\"\",\"publisher\":{\"@id\":\"https:\/\/www.2twentyscooters.com\/en\/#organization\"},\"potentialAction\":[{\"@type\":\"SearchAction\",\"target\":{\"@type\":\"EntryPoint\",\"urlTemplate\":\"https:\/\/www.2twentyscooters.com\/en\/?s={search_term_string}\"},\"query-input\":\"required name=search_term_string\"}],\"inLanguage\":\"de\"},{\"@type\":\"ImageObject\",\"@id\":\"https:\/\/www.2twentyscooters.com\/de\/produit\/sattel-premium-pink-made-in-france\/#primaryimage\",\"inLanguage\":\"de\",\"url\":\"https:\/\/www.2twentyscooters.com\/wp-content\/uploads\/2021\/01\/camel-1.jpg\",\"contentUrl\":\"https:\/\/www.2twentyscooters.com\/wp-content\/uploads\/2021\/01\/camel-1.jpg\",\"width\":800,\"height\":600},{\"@type\":\"WebPage\",\"@id\":\"https:\/\/www.2twentyscooters.com\/de\/produit\/sattel-premium-pink-made-in-france\/#webpage\",\"url\":\"https:\/\/www.2twentyscooters.com\/de\/produit\/sattel-premium-pink-made-in-france\/\",\"name\":\"Premium gestreifter Sattel - Made in France\",\"isPartOf\":{\"@id\":\"https:\/\/www.2twentyscooters.com\/en\/#website\"},\"primaryImageOfPage\":{\"@id\":\"https:\/\/www.2twentyscooters.com\/de\/produit\/sattel-premium-pink-made-in-france\/#primaryimage\"},\"datePublished\":\"2021-03-03T21:48:24+00:00\",\"dateModified\":\"2021-03-11T11:58:53+00:00\",\"breadcrumb\":{\"@id\":\"https:\/\/www.2twentyscooters.com\/de\/produit\/sattel-premium-pink-made-in-france\/#breadcrumb\"},\"inLanguage\":\"de\",\"potentialAction\":[{\"@type\":\"ReadAction\",\"target\":[\"https:\/\/www.2twentyscooters.com\/de\/produit\/sattel-premium-pink-made-in-france\/\"]}]},{\"@type\":\"BreadcrumbList\",\"@id\":\"https:\/\/www.2twentyscooters.com\/de\/produit\/sattel-premium-pink-made-in-france\/#breadcrumb\",\"itemListElement\":[{\"@type\":\"ListItem\",\"position\":1,\"name\":\"Home\",\"item\":\"https:\/\/www.2twentyscooters.com\/de\/\"},{\"@type\":\"ListItem\",\"position\":2,\"name\":\"Boutique\",\"item\":\"https:\/\/www.2twentyscooters.com\/boutique\/\"},{\"@type\":\"ListItem\",\"position\":3,\"name\":\"Zubeh\u00f6r\",\"item\":\"https:\/\/www.2twentyscooters.com\/categorie-produit\/accessoires\/\"},{\"@type\":\"ListItem\",\"position\":4,\"name\":\"Premium gestreifter Sattel &#8211; Made in France\"}]}]}<\/script>\n<!-- \/ Yoast SEO plugin. -->","yoast_head_json":{"title":"Premium gestreifter Sattel - Made in France","robots":{"index":"index","follow":"follow","max-snippet":"max-snippet:-1","max-image-preview":"max-image-preview:large","max-video-preview":"max-video-preview:-1"},"canonical":"https:\/\/www.2twentyscooters.com\/de\/produit\/sattel-premium-pink-made-in-france\/","og_locale":"de_DE","og_type":"article","og_title":"Premium gestreifter Sattel - Made in France","og_description":"Premium Sattel made in France f\u00fcr 2Twenty Elektroroller","og_url":"https:\/\/www.2twentyscooters.com\/de\/produit\/sattel-premium-pink-made-in-france\/","og_site_name":"2Twenty Scooter \u00e9lectrique","article_modified_time":"2021-03-11T11:58:53+00:00","og_image":[{"width":800,"height":600,"url":"https:\/\/www.2twentyscooters.com\/wp-content\/uploads\/2021\/01\/camel-1.jpg","type":"image\/jpeg"}],"twitter_card":"summary","twitter_misc":{"Gesch\u00e4tzte Lesezeit":"1\u00a0Minute"},"schema":{"@context":"https:\/\/schema.org","@graph":[{"@type":"Organization","@id":"https:\/\/www.2twentyscooters.com\/en\/#organization","name":"2twentyscooters","url":"https:\/\/www.2twentyscooters.com\/en\/","sameAs":[],"logo":{"@type":"ImageObject","@id":"https:\/\/www.2twentyscooters.com\/en\/#logo","inLanguage":"de","url":"https:\/\/www.2twentyscooters.com\/wp-content\/uploads\/2022\/03\/2twenty-scooters-logo.png","contentUrl":"https:\/\/www.2twentyscooters.com\/wp-content\/uploads\/2022\/03\/2twenty-scooters-logo.png","width":342,"height":55,"caption":"2twentyscooters"},"image":{"@id":"https:\/\/www.2twentyscooters.com\/en\/#logo"}},{"@type":"WebSite","@id":"https:\/\/www.2twentyscooters.com\/en\/#website","url":"https:\/\/www.2twentyscooters.com\/en\/","name":"2Twenty Scooter \u00e9lectrique","description":"","publisher":{"@id":"https:\/\/www.2twentyscooters.com\/en\/#organization"},"potentialAction":[{"@type":"SearchAction","target":{"@type":"EntryPoint","urlTemplate":"https:\/\/www.2twentyscooters.com\/en\/?s={search_term_string}"},"query-input":"required name=search_term_string"}],"inLanguage":"de"},{"@type":"ImageObject","@id":"https:\/\/www.2twentyscooters.com\/de\/produit\/sattel-premium-pink-made-in-france\/#primaryimage","inLanguage":"de","url":"https:\/\/www.2twentyscooters.com\/wp-content\/uploads\/2021\/01\/camel-1.jpg","contentUrl":"https:\/\/www.2twentyscooters.com\/wp-content\/uploads\/2021\/01\/camel-1.jpg","width":800,"height":600},{"@type":"WebPage","@id":"https:\/\/www.2twentyscooters.com\/de\/produit\/sattel-premium-pink-made-in-france\/#webpage","url":"https:\/\/www.2twentyscooters.com\/de\/produit\/sattel-premium-pink-made-in-france\/","name":"Premium gestreifter Sattel - Made in France","isPartOf":{"@id":"https:\/\/www.2twentyscooters.com\/en\/#website"},"primaryImageOfPage":{"@id":"https:\/\/www.2twentyscooters.com\/de\/produit\/sattel-premium-pink-made-in-france\/#primaryimage"},"datePublished":"2021-03-03T21:48:24+00:00","dateModified":"2021-03-11T11:58:53+00:00","breadcrumb":{"@id":"https:\/\/www.2twentyscooters.com\/de\/produit\/sattel-premium-pink-made-in-france\/#breadcrumb"},"inLanguage":"de","potentialAction":[{"@type":"ReadAction","target":["https:\/\/www.2twentyscooters.com\/de\/produit\/sattel-premium-pink-made-in-france\/"]}]},{"@type":"BreadcrumbList","@id":"https:\/\/www.2twentyscooters.com\/de\/produit\/sattel-premium-pink-made-in-france\/#breadcrumb","itemListElement":[{"@type":"ListItem","position":1,"name":"Home","item":"https:\/\/www.2twentyscooters.com\/de\/"},{"@type":"ListItem","position":2,"name":"Boutique","item":"https:\/\/www.2twentyscooters.com\/boutique\/"},{"@type":"ListItem","position":3,"name":"Zubeh\u00f6r","item":"https:\/\/www.2twentyscooters.com\/categorie-produit\/accessoires\/"},{"@type":"ListItem","position":4,"name":"Premium gestreifter Sattel &#8211; Made in France"}]}]}},"_links":{"self":[{"href":"https:\/\/www.2twentyscooters.com\/de\/wp-json\/wp\/v2\/product\/34634"}],"collection":[{"href":"https:\/\/www.2twentyscooters.com\/de\/wp-json\/wp\/v2\/product"}],"about":[{"href":"https:\/\/www.2twentyscooters.com\/de\/wp-json\/wp\/v2\/types\/product"}],"replies":[{"embeddable":true,"href":"https:\/\/www.2twentyscooters.com\/de\/wp-json\/wp\/v2\/comments?post=34634"}],"version-history":[{"count":0,"href":"https:\/\/www.2twentyscooters.com\/de\/wp-json\/wp\/v2\/product\/34634\/revisions"}],"wp:featuredmedia":[{"embeddable":true,"href":"https:\/\/www.2twentyscooters.com\/de\/wp-json\/wp\/v2\/media\/34635"}],"wp:attachment":[{"href":"https:\/\/www.2twentyscooters.com\/de\/wp-json\/wp\/v2\/media?parent=34634"}],"wp:term":[{"taxonomy":"product_cat","embeddable":true,"href":"https:\/\/www.2twentyscooters.com\/de\/wp-json\/wp\/v2\/product_cat?post=34634"},{"taxonomy":"product_tag","embeddable":true,"href":"https:\/\/www.2twentyscooters.com\/de\/wp-json\/wp\/v2\/product_tag?post=34634"}],"curies":[{"name":"wp","href":"https:\/\/api.w.org\/{rel}","templated":true}]}}