{"id":34283,"date":"2021-01-20T20:57:07","date_gmt":"2021-03-03T21:29:08","guid":{"rendered":"https:\/\/www.2twentyscooters.com\/produit\/jet-challenge-retro-helm-matte-cream\/"},"modified":"2021-04-03T12:06:25","modified_gmt":"2021-04-03T10:06:25","slug":"jet-helm-challenge-retro-creme-matte","status":"publish","type":"product","link":"https:\/\/www.2twentyscooters.com\/de\/produit\/jet-helm-challenge-retro-creme-matte\/","title":{"rendered":"Jet Challenge Retro Helm Matte Cream"},"content":{"rendered":"<p>JET CHALLENGE HELM mit Innenvisier<\/p>\n<p>&#8211; Schale aus eingespritztem thermoplastischem Harz<br \/>\n&#8211; herausnehmbarer und waschbarer Innenraum<br \/>\n&#8211; Mikrometrischer Kinnriemen zum Klicken<br \/>\n&#8211; Interner Sonnenschutz mit Kratz- und Antibeschlagbehandlung<br \/>\n&#8211; mit einer Schutzh\u00fclle geliefert<br \/>\n&#8211; Gewicht 1150 g (+\/- 50 g)<\/p>\n<p>Erh\u00e4ltlich in 5 Gr\u00f6\u00dfen *:<br \/>\nXS (53-54 cm) S (55-56 cm) M (57-58 cm)<br \/>\nL (59-60 cm) XL (61-62 cm)<\/p>\n","protected":false},"excerpt":{"rendered":"<p>JET CHALLENGE HELM mit Innenvisier<\/p>\n<p>R2205 zugelassener Standard<\/p>\n<p>Erh\u00e4ltlich in 5 Gr\u00f6\u00dfen<\/p>\n","protected":false},"featured_media":34284,"comment_status":"open","ping_status":"closed","template":"","meta":[],"product_cat":[114],"product_tag":[],"yoast_head":"<!-- This site is optimized with the Yoast SEO plugin v18.4.1 - https:\/\/yoast.com\/wordpress\/plugins\/seo\/ -->\n<title>Jet Challenge Retro Helm Matte Cream<\/title>\n<meta name=\"robots\" content=\"index, follow, max-snippet:-1, max-image-preview:large, max-video-preview:-1\" \/>\n<link rel=\"canonical\" href=\"https:\/\/www.2twentyscooters.com\/de\/produit\/jet-helm-challenge-retro-creme-matte\/\" \/>\n<meta property=\"og:locale\" content=\"de_DE\" \/>\n<meta property=\"og:type\" content=\"article\" \/>\n<meta property=\"og:title\" content=\"Jet Challenge Retro Helm Matte Cream\" \/>\n<meta property=\"og:description\" content=\"JET CHALLENGE HELM mit Innenvisier R2205 zugelassener Standard Erh\u00e4ltlich in 5 Gr\u00f6\u00dfen\" \/>\n<meta property=\"og:url\" content=\"https:\/\/www.2twentyscooters.com\/de\/produit\/jet-helm-challenge-retro-creme-matte\/\" \/>\n<meta property=\"og:site_name\" content=\"2Twenty Scooter \u00e9lectrique\" \/>\n<meta property=\"article:modified_time\" content=\"2021-04-03T10:06:25+00:00\" \/>\n<meta property=\"og:image\" content=\"https:\/\/www.2twentyscooters.com\/wp-content\/uploads\/2021\/01\/casques2.jpg\" \/>\n\t<meta property=\"og:image:width\" content=\"800\" \/>\n\t<meta property=\"og:image:height\" content=\"600\" \/>\n\t<meta property=\"og:image:type\" content=\"image\/jpeg\" \/>\n<meta name=\"twitter:card\" content=\"summary\" \/>\n<script type=\"application\/ld+json\" class=\"yoast-schema-graph\">{\"@context\":\"https:\/\/schema.org\",\"@graph\":[{\"@type\":\"Organization\",\"@id\":\"https:\/\/www.2twentyscooters.com\/en\/#organization\",\"name\":\"2twentyscooters\",\"url\":\"https:\/\/www.2twentyscooters.com\/en\/\",\"sameAs\":[],\"logo\":{\"@type\":\"ImageObject\",\"@id\":\"https:\/\/www.2twentyscooters.com\/en\/#logo\",\"inLanguage\":\"de\",\"url\":\"https:\/\/www.2twentyscooters.com\/wp-content\/uploads\/2022\/03\/2twenty-scooters-logo.png\",\"contentUrl\":\"https:\/\/www.2twentyscooters.com\/wp-content\/uploads\/2022\/03\/2twenty-scooters-logo.png\",\"width\":342,\"height\":55,\"caption\":\"2twentyscooters\"},\"image\":{\"@id\":\"https:\/\/www.2twentyscooters.com\/en\/#logo\"}},{\"@type\":\"WebSite\",\"@id\":\"https:\/\/www.2twentyscooters.com\/en\/#website\",\"url\":\"https:\/\/www.2twentyscooters.com\/en\/\",\"name\":\"2Twenty Scooter \u00e9lectrique\",\"description\":\"\",\"publisher\":{\"@id\":\"https:\/\/www.2twentyscooters.com\/en\/#organization\"},\"potentialAction\":[{\"@type\":\"SearchAction\",\"target\":{\"@type\":\"EntryPoint\",\"urlTemplate\":\"https:\/\/www.2twentyscooters.com\/en\/?s={search_term_string}\"},\"query-input\":\"required name=search_term_string\"}],\"inLanguage\":\"de\"},{\"@type\":\"ImageObject\",\"@id\":\"https:\/\/www.2twentyscooters.com\/de\/produit\/jet-helm-challenge-retro-creme-matte\/#primaryimage\",\"inLanguage\":\"de\",\"url\":\"https:\/\/www.2twentyscooters.com\/wp-content\/uploads\/2021\/01\/casques2.jpg\",\"contentUrl\":\"https:\/\/www.2twentyscooters.com\/wp-content\/uploads\/2021\/01\/casques2.jpg\",\"width\":800,\"height\":600},{\"@type\":\"WebPage\",\"@id\":\"https:\/\/www.2twentyscooters.com\/de\/produit\/jet-helm-challenge-retro-creme-matte\/#webpage\",\"url\":\"https:\/\/www.2twentyscooters.com\/de\/produit\/jet-helm-challenge-retro-creme-matte\/\",\"name\":\"Jet Challenge Retro Helm Matte Cream\",\"isPartOf\":{\"@id\":\"https:\/\/www.2twentyscooters.com\/en\/#website\"},\"primaryImageOfPage\":{\"@id\":\"https:\/\/www.2twentyscooters.com\/de\/produit\/jet-helm-challenge-retro-creme-matte\/#primaryimage\"},\"datePublished\":\"2021-03-03T21:29:08+00:00\",\"dateModified\":\"2021-04-03T10:06:25+00:00\",\"breadcrumb\":{\"@id\":\"https:\/\/www.2twentyscooters.com\/de\/produit\/jet-helm-challenge-retro-creme-matte\/#breadcrumb\"},\"inLanguage\":\"de\",\"potentialAction\":[{\"@type\":\"ReadAction\",\"target\":[\"https:\/\/www.2twentyscooters.com\/de\/produit\/jet-helm-challenge-retro-creme-matte\/\"]}]},{\"@type\":\"BreadcrumbList\",\"@id\":\"https:\/\/www.2twentyscooters.com\/de\/produit\/jet-helm-challenge-retro-creme-matte\/#breadcrumb\",\"itemListElement\":[{\"@type\":\"ListItem\",\"position\":1,\"name\":\"Home\",\"item\":\"https:\/\/www.2twentyscooters.com\/de\/\"},{\"@type\":\"ListItem\",\"position\":2,\"name\":\"Boutique\",\"item\":\"https:\/\/www.2twentyscooters.com\/boutique\/\"},{\"@type\":\"ListItem\",\"position\":3,\"name\":\"Non classifi\u00e9(e)\",\"item\":\"https:\/\/www.2twentyscooters.com\/it\/categoria-prodotto\/non-classifiee\/\"},{\"@type\":\"ListItem\",\"position\":4,\"name\":\"Jet Challenge Retro Helm Matte Cream\"}]}]}<\/script>\n<!-- \/ Yoast SEO plugin. -->","yoast_head_json":{"title":"Jet Challenge Retro Helm Matte Cream","robots":{"index":"index","follow":"follow","max-snippet":"max-snippet:-1","max-image-preview":"max-image-preview:large","max-video-preview":"max-video-preview:-1"},"canonical":"https:\/\/www.2twentyscooters.com\/de\/produit\/jet-helm-challenge-retro-creme-matte\/","og_locale":"de_DE","og_type":"article","og_title":"Jet Challenge Retro Helm Matte Cream","og_description":"JET CHALLENGE HELM mit Innenvisier R2205 zugelassener Standard Erh\u00e4ltlich in 5 Gr\u00f6\u00dfen","og_url":"https:\/\/www.2twentyscooters.com\/de\/produit\/jet-helm-challenge-retro-creme-matte\/","og_site_name":"2Twenty Scooter \u00e9lectrique","article_modified_time":"2021-04-03T10:06:25+00:00","og_image":[{"width":800,"height":600,"url":"https:\/\/www.2twentyscooters.com\/wp-content\/uploads\/2021\/01\/casques2.jpg","type":"image\/jpeg"}],"twitter_card":"summary","schema":{"@context":"https:\/\/schema.org","@graph":[{"@type":"Organization","@id":"https:\/\/www.2twentyscooters.com\/en\/#organization","name":"2twentyscooters","url":"https:\/\/www.2twentyscooters.com\/en\/","sameAs":[],"logo":{"@type":"ImageObject","@id":"https:\/\/www.2twentyscooters.com\/en\/#logo","inLanguage":"de","url":"https:\/\/www.2twentyscooters.com\/wp-content\/uploads\/2022\/03\/2twenty-scooters-logo.png","contentUrl":"https:\/\/www.2twentyscooters.com\/wp-content\/uploads\/2022\/03\/2twenty-scooters-logo.png","width":342,"height":55,"caption":"2twentyscooters"},"image":{"@id":"https:\/\/www.2twentyscooters.com\/en\/#logo"}},{"@type":"WebSite","@id":"https:\/\/www.2twentyscooters.com\/en\/#website","url":"https:\/\/www.2twentyscooters.com\/en\/","name":"2Twenty Scooter \u00e9lectrique","description":"","publisher":{"@id":"https:\/\/www.2twentyscooters.com\/en\/#organization"},"potentialAction":[{"@type":"SearchAction","target":{"@type":"EntryPoint","urlTemplate":"https:\/\/www.2twentyscooters.com\/en\/?s={search_term_string}"},"query-input":"required name=search_term_string"}],"inLanguage":"de"},{"@type":"ImageObject","@id":"https:\/\/www.2twentyscooters.com\/de\/produit\/jet-helm-challenge-retro-creme-matte\/#primaryimage","inLanguage":"de","url":"https:\/\/www.2twentyscooters.com\/wp-content\/uploads\/2021\/01\/casques2.jpg","contentUrl":"https:\/\/www.2twentyscooters.com\/wp-content\/uploads\/2021\/01\/casques2.jpg","width":800,"height":600},{"@type":"WebPage","@id":"https:\/\/www.2twentyscooters.com\/de\/produit\/jet-helm-challenge-retro-creme-matte\/#webpage","url":"https:\/\/www.2twentyscooters.com\/de\/produit\/jet-helm-challenge-retro-creme-matte\/","name":"Jet Challenge Retro Helm Matte Cream","isPartOf":{"@id":"https:\/\/www.2twentyscooters.com\/en\/#website"},"primaryImageOfPage":{"@id":"https:\/\/www.2twentyscooters.com\/de\/produit\/jet-helm-challenge-retro-creme-matte\/#primaryimage"},"datePublished":"2021-03-03T21:29:08+00:00","dateModified":"2021-04-03T10:06:25+00:00","breadcrumb":{"@id":"https:\/\/www.2twentyscooters.com\/de\/produit\/jet-helm-challenge-retro-creme-matte\/#breadcrumb"},"inLanguage":"de","potentialAction":[{"@type":"ReadAction","target":["https:\/\/www.2twentyscooters.com\/de\/produit\/jet-helm-challenge-retro-creme-matte\/"]}]},{"@type":"BreadcrumbList","@id":"https:\/\/www.2twentyscooters.com\/de\/produit\/jet-helm-challenge-retro-creme-matte\/#breadcrumb","itemListElement":[{"@type":"ListItem","position":1,"name":"Home","item":"https:\/\/www.2twentyscooters.com\/de\/"},{"@type":"ListItem","position":2,"name":"Boutique","item":"https:\/\/www.2twentyscooters.com\/boutique\/"},{"@type":"ListItem","position":3,"name":"Non classifi\u00e9(e)","item":"https:\/\/www.2twentyscooters.com\/it\/categoria-prodotto\/non-classifiee\/"},{"@type":"ListItem","position":4,"name":"Jet Challenge Retro Helm Matte Cream"}]}]}},"_links":{"self":[{"href":"https:\/\/www.2twentyscooters.com\/de\/wp-json\/wp\/v2\/product\/34283"}],"collection":[{"href":"https:\/\/www.2twentyscooters.com\/de\/wp-json\/wp\/v2\/product"}],"about":[{"href":"https:\/\/www.2twentyscooters.com\/de\/wp-json\/wp\/v2\/types\/product"}],"replies":[{"embeddable":true,"href":"https:\/\/www.2twentyscooters.com\/de\/wp-json\/wp\/v2\/comments?post=34283"}],"version-history":[{"count":0,"href":"https:\/\/www.2twentyscooters.com\/de\/wp-json\/wp\/v2\/product\/34283\/revisions"}],"wp:featuredmedia":[{"embeddable":true,"href":"https:\/\/www.2twentyscooters.com\/de\/wp-json\/wp\/v2\/media\/34284"}],"wp:attachment":[{"href":"https:\/\/www.2twentyscooters.com\/de\/wp-json\/wp\/v2\/media?parent=34283"}],"wp:term":[{"taxonomy":"product_cat","embeddable":true,"href":"https:\/\/www.2twentyscooters.com\/de\/wp-json\/wp\/v2\/product_cat?post=34283"},{"taxonomy":"product_tag","embeddable":true,"href":"https:\/\/www.2twentyscooters.com\/de\/wp-json\/wp\/v2\/product_tag?post=34283"}],"curies":[{"name":"wp","href":"https:\/\/api.w.org\/{rel}","templated":true}]}}