{"id":47538,"date":"2021-08-12T00:07:31","date_gmt":"2021-08-11T22:07:31","guid":{"rendered":"https:\/\/www.2twentyscooters.com\/sie-waehlten-2twenty\/"},"modified":"2021-09-08T11:17:46","modified_gmt":"2021-09-08T09:17:46","slug":"sie-wahlten-2twenty","status":"publish","type":"page","link":"https:\/\/www.2twentyscooters.com\/de\/sie-wahlten-2twenty\/","title":{"rendered":"Sie w\u00e4hlten 2Twenty"},"content":{"rendered":"\t\t<div data-elementor-type=\"wp-page\" data-elementor-id=\"47538\" class=\"elementor elementor-47538 elementor-46279\" data-elementor-settings=\"[]\">\n\t\t\t\t\t\t<div class=\"elementor-inner\">\n\t\t\t\t\t\t\t<div class=\"elementor-section-wrap\">\n\t\t\t\t\t\t\t<section class=\"elementor-section elementor-top-section elementor-element elementor-element-d3ad7f4 elementor-section-boxed elementor-section-height-default elementor-section-height-default\" data-id=\"d3ad7f4\" data-element_type=\"section\">\n\t\t\t\t\t\t<div class=\"elementor-container elementor-column-gap-default\">\n\t\t\t\t\t\t\t<div class=\"elementor-row\">\n\t\t\t\t\t<div class=\"elementor-column elementor-col-100 elementor-top-column elementor-element elementor-element-77ff494\" data-id=\"77ff494\" data-element_type=\"column\">\n\t\t\t<div class=\"elementor-column-wrap elementor-element-populated\">\n\t\t\t\t\t\t\t<div class=\"elementor-widget-wrap\">\n\t\t\t\t\t\t<div class=\"elementor-element elementor-element-748c98d elementor-widget elementor-widget-heading\" data-id=\"748c98d\" data-element_type=\"widget\" data-widget_type=\"heading.default\">\n\t\t\t\t<div class=\"elementor-widget-container\">\n\t\t\t<h1 class=\"elementor-heading-title elementor-size-default\">Sie w\u00e4hlten 2Twenty <\/h1>\t\t<\/div>\n\t\t\t\t<\/div>\n\t\t\t\t\t\t<\/div>\n\t\t\t\t\t<\/div>\n\t\t<\/div>\n\t\t\t\t\t\t\t\t<\/div>\n\t\t\t\t\t<\/div>\n\t\t<\/section>\n\t\t\t\t<section class=\"elementor-section elementor-top-section elementor-element elementor-element-90ae174 elementor-section-boxed elementor-section-height-default elementor-section-height-default\" data-id=\"90ae174\" data-element_type=\"section\">\n\t\t\t\t\t\t<div class=\"elementor-container elementor-column-gap-default\">\n\t\t\t\t\t\t\t<div class=\"elementor-row\">\n\t\t\t\t\t<div class=\"elementor-column elementor-col-50 elementor-top-column elementor-element elementor-element-9899233\" data-id=\"9899233\" data-element_type=\"column\">\n\t\t\t<div class=\"elementor-column-wrap elementor-element-populated\">\n\t\t\t\t\t\t\t<div class=\"elementor-widget-wrap\">\n\t\t\t\t\t\t<div class=\"elementor-element elementor-element-0208361 elementor-widget elementor-widget-image\" data-id=\"0208361\" data-element_type=\"widget\" data-widget_type=\"image.default\">\n\t\t\t\t<div class=\"elementor-widget-container\">\n\t\t\t\t\t\t\t\t<div class=\"elementor-image\">\n\t\t\t\t\t\t\t\t\t<figure class=\"wp-caption\">\n\t\t\t\t\t\t\t\t\t\t\t<a href=\"https:\/\/www.2twentyscooters.com\/wp-content\/uploads\/2021\/07\/Michel-Boujenah.jpg\" data-elementor-open-lightbox=\"yes\" data-elementor-lightbox-title=\"Michel-Boujenah\">\n\t\t\t\t\t\t\t<img width=\"600\" height=\"800\" src=\"https:\/\/www.2twentyscooters.com\/wp-content\/uploads\/2021\/07\/Michel-Boujenah.jpg\" class=\"attachment-medium_large size-medium_large\" alt=\"\" srcset=\"https:\/\/www.2twentyscooters.com\/wp-content\/uploads\/2021\/07\/Michel-Boujenah.jpg 600w, https:\/\/www.2twentyscooters.com\/wp-content\/uploads\/2021\/07\/Michel-Boujenah-225x300.jpg 225w, https:\/\/www.2twentyscooters.com\/wp-content\/uploads\/2021\/07\/Michel-Boujenah-60x80.jpg 60w, https:\/\/www.2twentyscooters.com\/wp-content\/uploads\/2021\/07\/Michel-Boujenah-110x147.jpg 110w, https:\/\/www.2twentyscooters.com\/wp-content\/uploads\/2021\/07\/Michel-Boujenah-38x50.jpg 38w, https:\/\/www.2twentyscooters.com\/wp-content\/uploads\/2021\/07\/Michel-Boujenah-500x667.jpg 500w\" sizes=\"(max-width: 600px) 100vw, 600px\" \/>\t\t\t\t\t\t\t\t<\/a>\n\t\t\t\t\t\t\t\t\t\t\t<figcaption class=\"widget-image-caption wp-caption-text\">Michel Boujenat, Schauspieler, Regisseur und Humorist <\/figcaption>\n\t\t\t\t\t\t\t\t\t\t<\/figure>\n\t\t\t\t\t\t\t\t<\/div>\n\t\t\t\t\t\t<\/div>\n\t\t\t\t<\/div>\n\t\t\t\t\t\t<\/div>\n\t\t\t\t\t<\/div>\n\t\t<\/div>\n\t\t\t\t<div class=\"elementor-column elementor-col-50 elementor-top-column elementor-element elementor-element-b96ab49\" data-id=\"b96ab49\" data-element_type=\"column\">\n\t\t\t<div class=\"elementor-column-wrap elementor-element-populated\">\n\t\t\t\t\t\t\t<div class=\"elementor-widget-wrap\">\n\t\t\t\t\t\t<div class=\"elementor-element elementor-element-0b3733d elementor-widget elementor-widget-image\" data-id=\"0b3733d\" data-element_type=\"widget\" data-widget_type=\"image.default\">\n\t\t\t\t<div class=\"elementor-widget-container\">\n\t\t\t\t\t\t\t\t<div class=\"elementor-image\">\n\t\t\t\t\t\t\t\t\t<figure class=\"wp-caption\">\n\t\t\t\t\t\t\t\t\t\t\t<a href=\"https:\/\/www.2twentyscooters.com\/wp-content\/uploads\/2021\/07\/Alexandra-Rosenfield.jpg\" data-elementor-open-lightbox=\"yes\" data-elementor-lightbox-title=\"Alexandra-Rosenfield\">\n\t\t\t\t\t\t\t<img width=\"634\" height=\"800\" src=\"https:\/\/www.2twentyscooters.com\/wp-content\/uploads\/2021\/07\/Alexandra-Rosenfield.jpg\" class=\"attachment-medium_large size-medium_large\" alt=\"\" srcset=\"https:\/\/www.2twentyscooters.com\/wp-content\/uploads\/2021\/07\/Alexandra-Rosenfield.jpg 634w, https:\/\/www.2twentyscooters.com\/wp-content\/uploads\/2021\/07\/Alexandra-Rosenfield-238x300.jpg 238w, https:\/\/www.2twentyscooters.com\/wp-content\/uploads\/2021\/07\/Alexandra-Rosenfield-60x76.jpg 60w, https:\/\/www.2twentyscooters.com\/wp-content\/uploads\/2021\/07\/Alexandra-Rosenfield-110x139.jpg 110w, https:\/\/www.2twentyscooters.com\/wp-content\/uploads\/2021\/07\/Alexandra-Rosenfield-40x50.jpg 40w, https:\/\/www.2twentyscooters.com\/wp-content\/uploads\/2021\/07\/Alexandra-Rosenfield-500x631.jpg 500w\" sizes=\"(max-width: 634px) 100vw, 634px\" \/>\t\t\t\t\t\t\t\t<\/a>\n\t\t\t\t\t\t\t\t\t\t\t<figcaption class=\"widget-image-caption wp-caption-text\">Alexandra Rosenfled, Miss France, Miss Europe und Yogalehrerin<\/figcaption>\n\t\t\t\t\t\t\t\t\t\t<\/figure>\n\t\t\t\t\t\t\t\t<\/div>\n\t\t\t\t\t\t<\/div>\n\t\t\t\t<\/div>\n\t\t\t\t\t\t<\/div>\n\t\t\t\t\t<\/div>\n\t\t<\/div>\n\t\t\t\t\t\t\t\t<\/div>\n\t\t\t\t\t<\/div>\n\t\t<\/section>\n\t\t\t\t<section class=\"elementor-section elementor-top-section elementor-element elementor-element-8d96882 elementor-section-boxed elementor-section-height-default elementor-section-height-default\" data-id=\"8d96882\" data-element_type=\"section\">\n\t\t\t\t\t\t<div class=\"elementor-container elementor-column-gap-default\">\n\t\t\t\t\t\t\t<div class=\"elementor-row\">\n\t\t\t\t\t<div class=\"elementor-column elementor-col-50 elementor-top-column elementor-element elementor-element-444bf59\" data-id=\"444bf59\" data-element_type=\"column\">\n\t\t\t<div class=\"elementor-column-wrap elementor-element-populated\">\n\t\t\t\t\t\t\t<div class=\"elementor-widget-wrap\">\n\t\t\t\t\t\t<div class=\"elementor-element elementor-element-9836a0a elementor-widget elementor-widget-image\" data-id=\"9836a0a\" data-element_type=\"widget\" data-widget_type=\"image.default\">\n\t\t\t\t<div class=\"elementor-widget-container\">\n\t\t\t\t\t\t\t\t<div class=\"elementor-image\">\n\t\t\t\t\t\t\t\t\t<figure class=\"wp-caption\">\n\t\t\t\t\t\t\t\t\t\t\t<a href=\"https:\/\/www.2twentyscooters.com\/wp-content\/uploads\/2021\/07\/Ce\u0301dric-Grand.jpg\" data-elementor-open-lightbox=\"yes\" data-elementor-lightbox-title=\"Cedric-Grand\">\n\t\t\t\t\t\t\t<img width=\"554\" height=\"800\" src=\"https:\/\/www.2twentyscooters.com\/wp-content\/uploads\/2021\/07\/Ce\u0301dric-Grand.jpg\" class=\"attachment-medium_large size-medium_large\" alt=\"\" srcset=\"https:\/\/www.2twentyscooters.com\/wp-content\/uploads\/2021\/07\/Ce\u0301dric-Grand.jpg 554w, https:\/\/www.2twentyscooters.com\/wp-content\/uploads\/2021\/07\/Ce\u0301dric-Grand-208x300.jpg 208w, https:\/\/www.2twentyscooters.com\/wp-content\/uploads\/2021\/07\/Ce\u0301dric-Grand-60x87.jpg 60w, https:\/\/www.2twentyscooters.com\/wp-content\/uploads\/2021\/07\/Ce\u0301dric-Grand-110x159.jpg 110w, https:\/\/www.2twentyscooters.com\/wp-content\/uploads\/2021\/07\/Ce\u0301dric-Grand-35x50.jpg 35w, https:\/\/www.2twentyscooters.com\/wp-content\/uploads\/2021\/07\/Ce\u0301dric-Grand-500x722.jpg 500w\" sizes=\"(max-width: 554px) 100vw, 554px\" \/>\t\t\t\t\t\t\t\t<\/a>\n\t\t\t\t\t\t\t\t\t\t\t<figcaption class=\"widget-image-caption wp-caption-text\">C\u00e9dric Grand, Skiakrobatik, ehemaliges Mitglied des franz\u00f6sischen Teams, Hochgebirgsf\u00fchrer<\/figcaption>\n\t\t\t\t\t\t\t\t\t\t<\/figure>\n\t\t\t\t\t\t\t\t<\/div>\n\t\t\t\t\t\t<\/div>\n\t\t\t\t<\/div>\n\t\t\t\t\t\t<\/div>\n\t\t\t\t\t<\/div>\n\t\t<\/div>\n\t\t\t\t<div class=\"elementor-column elementor-col-50 elementor-top-column elementor-element elementor-element-eabe7c6\" data-id=\"eabe7c6\" data-element_type=\"column\">\n\t\t\t<div class=\"elementor-column-wrap elementor-element-populated\">\n\t\t\t\t\t\t\t<div class=\"elementor-widget-wrap\">\n\t\t\t\t\t\t<div class=\"elementor-element elementor-element-2cb778b elementor-widget elementor-widget-image\" data-id=\"2cb778b\" data-element_type=\"widget\" data-widget_type=\"image.default\">\n\t\t\t\t<div class=\"elementor-widget-container\">\n\t\t\t\t\t\t\t\t<div class=\"elementor-image\">\n\t\t\t\t\t\t\t\t\t<figure class=\"wp-caption\">\n\t\t\t\t\t\t\t\t\t\t\t<a href=\"https:\/\/www.2twentyscooters.com\/wp-content\/uploads\/2021\/07\/Fred-Houzelle.jpg\" data-elementor-open-lightbox=\"yes\" data-elementor-lightbox-title=\"Fred-houzelle\">\n\t\t\t\t\t\t\t<img width=\"600\" height=\"800\" src=\"https:\/\/www.2twentyscooters.com\/wp-content\/uploads\/2021\/07\/Fred-Houzelle.jpg\" class=\"attachment-medium_large size-medium_large\" alt=\"\" srcset=\"https:\/\/www.2twentyscooters.com\/wp-content\/uploads\/2021\/07\/Fred-Houzelle.jpg 600w, https:\/\/www.2twentyscooters.com\/wp-content\/uploads\/2021\/07\/Fred-Houzelle-225x300.jpg 225w, https:\/\/www.2twentyscooters.com\/wp-content\/uploads\/2021\/07\/Fred-Houzelle-60x80.jpg 60w, https:\/\/www.2twentyscooters.com\/wp-content\/uploads\/2021\/07\/Fred-Houzelle-110x147.jpg 110w, https:\/\/www.2twentyscooters.com\/wp-content\/uploads\/2021\/07\/Fred-Houzelle-38x50.jpg 38w, https:\/\/www.2twentyscooters.com\/wp-content\/uploads\/2021\/07\/Fred-Houzelle-500x667.jpg 500w\" sizes=\"(max-width: 600px) 100vw, 600px\" \/>\t\t\t\t\t\t\t\t<\/a>\n\t\t\t\t\t\t\t\t\t\t\t<figcaption class=\"widget-image-caption wp-caption-text\">Fred Houzelle, Produzent und Pr\u00e4sident von Atlantis Television<\/figcaption>\n\t\t\t\t\t\t\t\t\t\t<\/figure>\n\t\t\t\t\t\t\t\t<\/div>\n\t\t\t\t\t\t<\/div>\n\t\t\t\t<\/div>\n\t\t\t\t\t\t<\/div>\n\t\t\t\t\t<\/div>\n\t\t<\/div>\n\t\t\t\t\t\t\t\t<\/div>\n\t\t\t\t\t<\/div>\n\t\t<\/section>\n\t\t\t\t<section class=\"elementor-section elementor-top-section elementor-element elementor-element-05ee2e5 elementor-section-boxed elementor-section-height-default elementor-section-height-default\" data-id=\"05ee2e5\" data-element_type=\"section\">\n\t\t\t\t\t\t<div class=\"elementor-container elementor-column-gap-default\">\n\t\t\t\t\t\t\t<div class=\"elementor-row\">\n\t\t\t\t\t<div class=\"elementor-column elementor-col-50 elementor-top-column elementor-element elementor-element-3ca3eab\" data-id=\"3ca3eab\" data-element_type=\"column\">\n\t\t\t<div class=\"elementor-column-wrap elementor-element-populated\">\n\t\t\t\t\t\t\t<div class=\"elementor-widget-wrap\">\n\t\t\t\t\t\t<div class=\"elementor-element elementor-element-dfc00d5 elementor-widget elementor-widget-image\" data-id=\"dfc00d5\" data-element_type=\"widget\" data-widget_type=\"image.default\">\n\t\t\t\t<div class=\"elementor-widget-container\">\n\t\t\t\t\t\t\t\t<div class=\"elementor-image\">\n\t\t\t\t\t\t\t\t\t<figure class=\"wp-caption\">\n\t\t\t\t\t\t\t\t\t\t\t<a href=\"https:\/\/www.2twentyscooters.com\/wp-content\/uploads\/2021\/08\/Lorene-2.jpg\" data-elementor-open-lightbox=\"yes\" data-elementor-lightbox-title=\"Lorene-2\">\n\t\t\t\t\t\t\t<img width=\"527\" height=\"800\" src=\"https:\/\/www.2twentyscooters.com\/wp-content\/uploads\/2021\/08\/Lorene-2.jpg\" class=\"attachment-medium_large size-medium_large\" alt=\"\" srcset=\"https:\/\/www.2twentyscooters.com\/wp-content\/uploads\/2021\/08\/Lorene-2.jpg 527w, https:\/\/www.2twentyscooters.com\/wp-content\/uploads\/2021\/08\/Lorene-2-198x300.jpg 198w, https:\/\/www.2twentyscooters.com\/wp-content\/uploads\/2021\/08\/Lorene-2-60x91.jpg 60w, https:\/\/www.2twentyscooters.com\/wp-content\/uploads\/2021\/08\/Lorene-2-110x167.jpg 110w, https:\/\/www.2twentyscooters.com\/wp-content\/uploads\/2021\/08\/Lorene-2-33x50.jpg 33w, https:\/\/www.2twentyscooters.com\/wp-content\/uploads\/2021\/08\/Lorene-2-500x759.jpg 500w\" sizes=\"(max-width: 527px) 100vw, 527px\" \/>\t\t\t\t\t\t\t\t<\/a>\n\t\t\t\t\t\t\t\t\t\t\t<figcaption class=\"widget-image-caption wp-caption-text\">Lor\u00e8ne Devienne, Songwriterin, S\u00e4ngerin, Schauspielerin<\/figcaption>\n\t\t\t\t\t\t\t\t\t\t<\/figure>\n\t\t\t\t\t\t\t\t<\/div>\n\t\t\t\t\t\t<\/div>\n\t\t\t\t<\/div>\n\t\t\t\t\t\t<\/div>\n\t\t\t\t\t<\/div>\n\t\t<\/div>\n\t\t\t\t<div class=\"elementor-column elementor-col-50 elementor-top-column elementor-element elementor-element-87004f5\" data-id=\"87004f5\" data-element_type=\"column\">\n\t\t\t<div class=\"elementor-column-wrap elementor-element-populated\">\n\t\t\t\t\t\t\t<div class=\"elementor-widget-wrap\">\n\t\t\t\t\t\t<div class=\"elementor-element elementor-element-1b36174 elementor-widget elementor-widget-image\" data-id=\"1b36174\" data-element_type=\"widget\" data-widget_type=\"image.default\">\n\t\t\t\t<div class=\"elementor-widget-container\">\n\t\t\t\t\t\t\t\t<div class=\"elementor-image\">\n\t\t\t\t\t\t\t\t\t<figure class=\"wp-caption\">\n\t\t\t\t\t\t\t\t\t\t\t<a href=\"https:\/\/www.2twentyscooters.com\/wp-content\/uploads\/2021\/09\/faute-a-rousseau-1.jpg\" data-elementor-open-lightbox=\"yes\" data-elementor-lightbox-title=\"faute-a-rousseau-1\">\n\t\t\t\t\t\t\t<img width=\"768\" height=\"495\" src=\"https:\/\/www.2twentyscooters.com\/wp-content\/uploads\/2021\/09\/faute-a-rousseau-1-768x495.jpg\" class=\"attachment-medium_large size-medium_large\" alt=\"\" srcset=\"https:\/\/www.2twentyscooters.com\/wp-content\/uploads\/2021\/09\/faute-a-rousseau-1-768x495.jpg 768w, https:\/\/www.2twentyscooters.com\/wp-content\/uploads\/2021\/09\/faute-a-rousseau-1-300x194.jpg 300w, https:\/\/www.2twentyscooters.com\/wp-content\/uploads\/2021\/09\/faute-a-rousseau-1-60x39.jpg 60w, https:\/\/www.2twentyscooters.com\/wp-content\/uploads\/2021\/09\/faute-a-rousseau-1-110x71.jpg 110w, https:\/\/www.2twentyscooters.com\/wp-content\/uploads\/2021\/09\/faute-a-rousseau-1-500x323.jpg 500w, https:\/\/www.2twentyscooters.com\/wp-content\/uploads\/2021\/09\/faute-a-rousseau-1-700x452.jpg 700w, https:\/\/www.2twentyscooters.com\/wp-content\/uploads\/2021\/09\/faute-a-rousseau-1.jpg 800w\" sizes=\"(max-width: 768px) 100vw, 768px\" \/>\t\t\t\t\t\t\t\t<\/a>\n\t\t\t\t\t\t\t\t\t\t\t<figcaption class=\"widget-image-caption wp-caption-text\">DEMD PRODUCTIONS f\u00fcr die Serie zu Frankreich 2: La fault \u00e0 Rousseau mit Emilie Faure und Gr\u00e9goire Paturel<\/figcaption>\n\t\t\t\t\t\t\t\t\t\t<\/figure>\n\t\t\t\t\t\t\t\t<\/div>\n\t\t\t\t\t\t<\/div>\n\t\t\t\t<\/div>\n\t\t\t\t<div class=\"elementor-element elementor-element-4b344d2 elementor-widget elementor-widget-image\" data-id=\"4b344d2\" data-element_type=\"widget\" data-widget_type=\"image.default\">\n\t\t\t\t<div class=\"elementor-widget-container\">\n\t\t\t\t\t\t\t\t<div class=\"elementor-image\">\n\t\t\t\t\t\t\t\t\t<figure class=\"wp-caption\">\n\t\t\t\t\t\t\t\t\t\t\t<a href=\"https:\/\/www.2twentyscooters.com\/wp-content\/uploads\/2021\/09\/faute-a-rousseau-2.jpg\" data-elementor-open-lightbox=\"yes\" data-elementor-lightbox-title=\"faute-a-rousseau-2\">\n\t\t\t\t\t\t\t<img width=\"768\" height=\"429\" src=\"https:\/\/www.2twentyscooters.com\/wp-content\/uploads\/2021\/09\/faute-a-rousseau-2-768x429.jpg\" class=\"attachment-medium_large size-medium_large\" alt=\"\" srcset=\"https:\/\/www.2twentyscooters.com\/wp-content\/uploads\/2021\/09\/faute-a-rousseau-2-768x429.jpg 768w, https:\/\/www.2twentyscooters.com\/wp-content\/uploads\/2021\/09\/faute-a-rousseau-2-300x168.jpg 300w, https:\/\/www.2twentyscooters.com\/wp-content\/uploads\/2021\/09\/faute-a-rousseau-2-60x34.jpg 60w, https:\/\/www.2twentyscooters.com\/wp-content\/uploads\/2021\/09\/faute-a-rousseau-2-110x61.jpg 110w, https:\/\/www.2twentyscooters.com\/wp-content\/uploads\/2021\/09\/faute-a-rousseau-2-500x279.jpg 500w, https:\/\/www.2twentyscooters.com\/wp-content\/uploads\/2021\/09\/faute-a-rousseau-2-700x391.jpg 700w, https:\/\/www.2twentyscooters.com\/wp-content\/uploads\/2021\/09\/faute-a-rousseau-2.jpg 800w\" sizes=\"(max-width: 768px) 100vw, 768px\" \/>\t\t\t\t\t\t\t\t<\/a>\n\t\t\t\t\t\t\t\t\t\t\t<figcaption class=\"widget-image-caption wp-caption-text\"><\/figcaption>\n\t\t\t\t\t\t\t\t\t\t<\/figure>\n\t\t\t\t\t\t\t\t<\/div>\n\t\t\t\t\t\t<\/div>\n\t\t\t\t<\/div>\n\t\t\t\t\t\t<\/div>\n\t\t\t\t\t<\/div>\n\t\t<\/div>\n\t\t\t\t\t\t\t\t<\/div>\n\t\t\t\t\t<\/div>\n\t\t<\/section>\n\t\t\t\t\t\t<\/div>\n\t\t\t\t\t\t<\/div>\n\t\t\t\t\t<\/div>\n\t\t","protected":false},"excerpt":{"rendered":"<p>Sie w\u00e4hlten 2Twenty Michel Boujenat, Schauspieler, Regisseur und Humorist Alexandra Rosenfled, Miss France, Miss Europe und Yogalehrerin C\u00e9dric Grand, Skiakrobatik, ehemaliges Mitglied des franz\u00f6sischen Teams, Hochgebirgsf\u00fchrer Fred Houzelle, Produzent und Pr\u00e4sident von Atlantis Television Lor\u00e8ne Devienne, Songwriterin, S\u00e4ngerin, Schauspielerin DEMD PRODUCTIONS f\u00fcr die Serie zu Frankreich 2: La fault \u00e0 Rousseau mit Emilie Faure und&hellip;&nbsp;<a href=\"https:\/\/www.2twentyscooters.com\/de\/sie-wahlten-2twenty\/\" class=\"\" rel=\"bookmark\">Weiterlesen &raquo;<span class=\"screen-reader-text\">Sie w\u00e4hlten 2Twenty<\/span><\/a><\/p>\n","protected":false},"author":1,"featured_media":46597,"parent":0,"menu_order":0,"comment_status":"closed","ping_status":"closed","template":"elementor_header_footer","meta":[],"yoast_head":"<!-- This site is optimized with the Yoast SEO plugin v18.4.1 - https:\/\/yoast.com\/wordpress\/plugins\/seo\/ -->\n<title>Sie w\u00e4hlten 2Twenty<\/title>\n<meta name=\"robots\" content=\"index, follow, max-snippet:-1, max-image-preview:large, max-video-preview:-1\" \/>\n<link rel=\"canonical\" href=\"https:\/\/www.2twentyscooters.com\/de\/sie-wahlten-2twenty\/\" \/>\n<meta property=\"og:locale\" content=\"de_DE\" \/>\n<meta property=\"og:type\" content=\"article\" \/>\n<meta property=\"og:title\" content=\"Sie w\u00e4hlten 2Twenty\" \/>\n<meta property=\"og:description\" content=\"Sie w\u00e4hlten 2Twenty Michel Boujenat, Schauspieler, Regisseur und Humorist Alexandra Rosenfled, Miss France, Miss Europe und Yogalehrerin C\u00e9dric Grand, Skiakrobatik, ehemaliges Mitglied des franz\u00f6sischen Teams, Hochgebirgsf\u00fchrer Fred Houzelle, Produzent und Pr\u00e4sident von Atlantis Television Lor\u00e8ne Devienne, Songwriterin, S\u00e4ngerin, Schauspielerin DEMD PRODUCTIONS f\u00fcr die Serie zu Frankreich 2: La fault \u00e0 Rousseau mit Emilie Faure und&hellip;&nbsp;Weiterlesen &raquo;Sie w\u00e4hlten 2Twenty\" \/>\n<meta property=\"og:url\" content=\"https:\/\/www.2twentyscooters.com\/de\/sie-wahlten-2twenty\/\" \/>\n<meta property=\"og:site_name\" content=\"2Twenty Scooter \u00e9lectrique\" \/>\n<meta property=\"article:modified_time\" content=\"2021-09-08T09:17:46+00:00\" \/>\n<meta property=\"og:image\" content=\"https:\/\/www.2twentyscooters.com\/wp-content\/uploads\/2021\/08\/1-Ils-ont-choisi-2Twenty-scooters.jpg\" \/>\n\t<meta property=\"og:image:width\" content=\"432\" \/>\n\t<meta property=\"og:image:height\" content=\"286\" \/>\n\t<meta property=\"og:image:type\" content=\"image\/jpeg\" \/>\n<meta name=\"twitter:card\" content=\"summary\" \/>\n<meta name=\"twitter:label1\" content=\"Gesch\u00e4tzte Lesezeit\" \/>\n\t<meta name=\"twitter:data1\" content=\"2\u00a0Minuten\" \/>\n<script type=\"application\/ld+json\" class=\"yoast-schema-graph\">{\"@context\":\"https:\/\/schema.org\",\"@graph\":[{\"@type\":\"Organization\",\"@id\":\"https:\/\/www.2twentyscooters.com\/en\/#organization\",\"name\":\"2twentyscooters\",\"url\":\"https:\/\/www.2twentyscooters.com\/en\/\",\"sameAs\":[],\"logo\":{\"@type\":\"ImageObject\",\"@id\":\"https:\/\/www.2twentyscooters.com\/en\/#logo\",\"inLanguage\":\"de\",\"url\":\"https:\/\/www.2twentyscooters.com\/wp-content\/uploads\/2022\/03\/2twenty-scooters-logo.png\",\"contentUrl\":\"https:\/\/www.2twentyscooters.com\/wp-content\/uploads\/2022\/03\/2twenty-scooters-logo.png\",\"width\":342,\"height\":55,\"caption\":\"2twentyscooters\"},\"image\":{\"@id\":\"https:\/\/www.2twentyscooters.com\/en\/#logo\"}},{\"@type\":\"WebSite\",\"@id\":\"https:\/\/www.2twentyscooters.com\/en\/#website\",\"url\":\"https:\/\/www.2twentyscooters.com\/en\/\",\"name\":\"2Twenty Scooter \u00e9lectrique\",\"description\":\"\",\"publisher\":{\"@id\":\"https:\/\/www.2twentyscooters.com\/en\/#organization\"},\"potentialAction\":[{\"@type\":\"SearchAction\",\"target\":{\"@type\":\"EntryPoint\",\"urlTemplate\":\"https:\/\/www.2twentyscooters.com\/en\/?s={search_term_string}\"},\"query-input\":\"required name=search_term_string\"}],\"inLanguage\":\"de\"},{\"@type\":\"ImageObject\",\"@id\":\"https:\/\/www.2twentyscooters.com\/de\/sie-wahlten-2twenty\/#primaryimage\",\"inLanguage\":\"de\",\"url\":\"https:\/\/www.2twentyscooters.com\/wp-content\/uploads\/2021\/08\/1-Ils-ont-choisi-2Twenty-scooters.jpg\",\"contentUrl\":\"https:\/\/www.2twentyscooters.com\/wp-content\/uploads\/2021\/08\/1-Ils-ont-choisi-2Twenty-scooters.jpg\",\"width\":432,\"height\":286},{\"@type\":\"WebPage\",\"@id\":\"https:\/\/www.2twentyscooters.com\/de\/sie-wahlten-2twenty\/#webpage\",\"url\":\"https:\/\/www.2twentyscooters.com\/de\/sie-wahlten-2twenty\/\",\"name\":\"Sie w\u00e4hlten 2Twenty\",\"isPartOf\":{\"@id\":\"https:\/\/www.2twentyscooters.com\/en\/#website\"},\"primaryImageOfPage\":{\"@id\":\"https:\/\/www.2twentyscooters.com\/de\/sie-wahlten-2twenty\/#primaryimage\"},\"datePublished\":\"2021-08-11T22:07:31+00:00\",\"dateModified\":\"2021-09-08T09:17:46+00:00\",\"breadcrumb\":{\"@id\":\"https:\/\/www.2twentyscooters.com\/de\/sie-wahlten-2twenty\/#breadcrumb\"},\"inLanguage\":\"de\",\"potentialAction\":[{\"@type\":\"ReadAction\",\"target\":[\"https:\/\/www.2twentyscooters.com\/de\/sie-wahlten-2twenty\/\"]}]},{\"@type\":\"BreadcrumbList\",\"@id\":\"https:\/\/www.2twentyscooters.com\/de\/sie-wahlten-2twenty\/#breadcrumb\",\"itemListElement\":[{\"@type\":\"ListItem\",\"position\":1,\"name\":\"Home\",\"item\":\"https:\/\/www.2twentyscooters.com\/de\/\"},{\"@type\":\"ListItem\",\"position\":2,\"name\":\"Sie w\u00e4hlten 2Twenty\"}]}]}<\/script>\n<!-- \/ Yoast SEO plugin. -->","yoast_head_json":{"title":"Sie w\u00e4hlten 2Twenty","robots":{"index":"index","follow":"follow","max-snippet":"max-snippet:-1","max-image-preview":"max-image-preview:large","max-video-preview":"max-video-preview:-1"},"canonical":"https:\/\/www.2twentyscooters.com\/de\/sie-wahlten-2twenty\/","og_locale":"de_DE","og_type":"article","og_title":"Sie w\u00e4hlten 2Twenty","og_description":"Sie w\u00e4hlten 2Twenty Michel Boujenat, Schauspieler, Regisseur und Humorist Alexandra Rosenfled, Miss France, Miss Europe und Yogalehrerin C\u00e9dric Grand, Skiakrobatik, ehemaliges Mitglied des franz\u00f6sischen Teams, Hochgebirgsf\u00fchrer Fred Houzelle, Produzent und Pr\u00e4sident von Atlantis Television Lor\u00e8ne Devienne, Songwriterin, S\u00e4ngerin, Schauspielerin DEMD PRODUCTIONS f\u00fcr die Serie zu Frankreich 2: La fault \u00e0 Rousseau mit Emilie Faure und&hellip;&nbsp;Weiterlesen &raquo;Sie w\u00e4hlten 2Twenty","og_url":"https:\/\/www.2twentyscooters.com\/de\/sie-wahlten-2twenty\/","og_site_name":"2Twenty Scooter \u00e9lectrique","article_modified_time":"2021-09-08T09:17:46+00:00","og_image":[{"width":432,"height":286,"url":"https:\/\/www.2twentyscooters.com\/wp-content\/uploads\/2021\/08\/1-Ils-ont-choisi-2Twenty-scooters.jpg","type":"image\/jpeg"}],"twitter_card":"summary","twitter_misc":{"Gesch\u00e4tzte Lesezeit":"2\u00a0Minuten"},"schema":{"@context":"https:\/\/schema.org","@graph":[{"@type":"Organization","@id":"https:\/\/www.2twentyscooters.com\/en\/#organization","name":"2twentyscooters","url":"https:\/\/www.2twentyscooters.com\/en\/","sameAs":[],"logo":{"@type":"ImageObject","@id":"https:\/\/www.2twentyscooters.com\/en\/#logo","inLanguage":"de","url":"https:\/\/www.2twentyscooters.com\/wp-content\/uploads\/2022\/03\/2twenty-scooters-logo.png","contentUrl":"https:\/\/www.2twentyscooters.com\/wp-content\/uploads\/2022\/03\/2twenty-scooters-logo.png","width":342,"height":55,"caption":"2twentyscooters"},"image":{"@id":"https:\/\/www.2twentyscooters.com\/en\/#logo"}},{"@type":"WebSite","@id":"https:\/\/www.2twentyscooters.com\/en\/#website","url":"https:\/\/www.2twentyscooters.com\/en\/","name":"2Twenty Scooter \u00e9lectrique","description":"","publisher":{"@id":"https:\/\/www.2twentyscooters.com\/en\/#organization"},"potentialAction":[{"@type":"SearchAction","target":{"@type":"EntryPoint","urlTemplate":"https:\/\/www.2twentyscooters.com\/en\/?s={search_term_string}"},"query-input":"required name=search_term_string"}],"inLanguage":"de"},{"@type":"ImageObject","@id":"https:\/\/www.2twentyscooters.com\/de\/sie-wahlten-2twenty\/#primaryimage","inLanguage":"de","url":"https:\/\/www.2twentyscooters.com\/wp-content\/uploads\/2021\/08\/1-Ils-ont-choisi-2Twenty-scooters.jpg","contentUrl":"https:\/\/www.2twentyscooters.com\/wp-content\/uploads\/2021\/08\/1-Ils-ont-choisi-2Twenty-scooters.jpg","width":432,"height":286},{"@type":"WebPage","@id":"https:\/\/www.2twentyscooters.com\/de\/sie-wahlten-2twenty\/#webpage","url":"https:\/\/www.2twentyscooters.com\/de\/sie-wahlten-2twenty\/","name":"Sie w\u00e4hlten 2Twenty","isPartOf":{"@id":"https:\/\/www.2twentyscooters.com\/en\/#website"},"primaryImageOfPage":{"@id":"https:\/\/www.2twentyscooters.com\/de\/sie-wahlten-2twenty\/#primaryimage"},"datePublished":"2021-08-11T22:07:31+00:00","dateModified":"2021-09-08T09:17:46+00:00","breadcrumb":{"@id":"https:\/\/www.2twentyscooters.com\/de\/sie-wahlten-2twenty\/#breadcrumb"},"inLanguage":"de","potentialAction":[{"@type":"ReadAction","target":["https:\/\/www.2twentyscooters.com\/de\/sie-wahlten-2twenty\/"]}]},{"@type":"BreadcrumbList","@id":"https:\/\/www.2twentyscooters.com\/de\/sie-wahlten-2twenty\/#breadcrumb","itemListElement":[{"@type":"ListItem","position":1,"name":"Home","item":"https:\/\/www.2twentyscooters.com\/de\/"},{"@type":"ListItem","position":2,"name":"Sie w\u00e4hlten 2Twenty"}]}]}},"_links":{"self":[{"href":"https:\/\/www.2twentyscooters.com\/de\/wp-json\/wp\/v2\/pages\/47538"}],"collection":[{"href":"https:\/\/www.2twentyscooters.com\/de\/wp-json\/wp\/v2\/pages"}],"about":[{"href":"https:\/\/www.2twentyscooters.com\/de\/wp-json\/wp\/v2\/types\/page"}],"author":[{"embeddable":true,"href":"https:\/\/www.2twentyscooters.com\/de\/wp-json\/wp\/v2\/users\/1"}],"replies":[{"embeddable":true,"href":"https:\/\/www.2twentyscooters.com\/de\/wp-json\/wp\/v2\/comments?post=47538"}],"version-history":[{"count":0,"href":"https:\/\/www.2twentyscooters.com\/de\/wp-json\/wp\/v2\/pages\/47538\/revisions"}],"wp:featuredmedia":[{"embeddable":true,"href":"https:\/\/www.2twentyscooters.com\/de\/wp-json\/wp\/v2\/media\/46597"}],"wp:attachment":[{"href":"https:\/\/www.2twentyscooters.com\/de\/wp-json\/wp\/v2\/media?parent=47538"}],"curies":[{"name":"wp","href":"https:\/\/api.w.org\/{rel}","templated":true}]}}