{"id":34206,"date":"2017-09-26T10:23:11","date_gmt":"2017-09-26T08:23:11","guid":{"rendered":"https:\/\/www.2twentyscooters.com\/qui-sommes-nous\/"},"modified":"2021-03-02T10:00:45","modified_gmt":"2021-03-02T09:00:45","slug":"uber-uns","status":"publish","type":"page","link":"https:\/\/www.2twentyscooters.com\/de\/uber-uns\/","title":{"rendered":"\u00dcBER UNS"},"content":{"rendered":"\t\t<div data-elementor-type=\"wp-page\" data-elementor-id=\"34206\" class=\"elementor elementor-34206 elementor-12964\" data-elementor-settings=\"[]\">\n\t\t\t\t\t\t<div class=\"elementor-inner\">\n\t\t\t\t\t\t\t<div class=\"elementor-section-wrap\">\n\t\t\t\t\t\t\t<section class=\"elementor-section elementor-top-section elementor-element elementor-element-35fc838 elementor-section-boxed elementor-section-height-default elementor-section-height-default\" data-id=\"35fc838\" data-element_type=\"section\">\n\t\t\t\t\t\t<div class=\"elementor-container elementor-column-gap-default\">\n\t\t\t\t\t\t\t<div class=\"elementor-row\">\n\t\t\t\t\t<div class=\"elementor-column elementor-col-100 elementor-top-column elementor-element elementor-element-32b9794\" data-id=\"32b9794\" data-element_type=\"column\">\n\t\t\t<div class=\"elementor-column-wrap elementor-element-populated\">\n\t\t\t\t\t\t\t<div class=\"elementor-widget-wrap\">\n\t\t\t\t\t\t<div class=\"elementor-element elementor-element-35f98ab elementor-widget elementor-widget-heading\" data-id=\"35f98ab\" data-element_type=\"widget\" data-widget_type=\"heading.default\">\n\t\t\t\t<div class=\"elementor-widget-container\">\n\t\t\t<h1 class=\"elementor-heading-title elementor-size-default\">\u00dcBER UNS<\/h1>\t\t<\/div>\n\t\t\t\t<\/div>\n\t\t\t\t<div class=\"elementor-element elementor-element-518bb7f2 elementor-widget elementor-widget-text-editor\" data-id=\"518bb7f2\" data-element_type=\"widget\" data-widget_type=\"text-editor.default\">\n\t\t\t\t<div class=\"elementor-widget-container\">\n\t\t\t\t\t\t\t\t<div class=\"elementor-text-editor elementor-clearfix\">\n\t\t\t\t<div class=\"fusion-title title fusion-title-center fusion-title-size-one\"><p>Die Marke <strong>2Twenty<\/strong> ist das Eigentum der Firma <strong>E-Mobility Service.<\/strong><\/p><p>Wir produzieren, importieren und vertreiben 2Twenty E-Scooter. Daf\u00fcr bieten wir 2 Jahre Garantie und ein sehr wirksamer und reaktiver\u00a0 Kundendienst. Unsere Kunden haben somit einen einzigen Gespr\u00e4chspartner, der die gesamte Verantwortungskette sicherstellt.<\/p><p>Das 2Twenty-Projekt entstand 2016 aus dem Wunsch heraus, Elektroroller f\u00fcr alle zu demokratisieren, um den \u00f6kologischen \u00dcbergang zu unterst\u00fctzen. Unser Ziel ist es, sch\u00f6ne Retro-Roller zu bauen und zu einem fairen Preis anzubieten. Somit wird es f\u00fcr jeden endlich rentabel,\u00a0 Thermoroller oder Autos in dem Stadtverkehr zu vergessen.<\/p><p>Wir sind vor allem kundenorientiert, achten sehr auf die Qualit\u00e4t des Kundenservice um absolute Gelassenheit zu gew\u00e4hrleisten. Bei 2twenty k\u00f6nnen Sie mit vertrauen bestellen.<\/p><p>Nach vielen Iterationen haben wir 2017 unser erstes Modell ver\u00f6ffentlicht. Der \u00ab\u00a0Roma\u00a0\u00bb hat einen herrlichen Retro-Look, da er auf einem legend\u00e4ren Modell aus den 1950er Jahren basiert ist. Abgesehen davon, dass wir hart daran gearbeitet haben, alle M\u00e4ngel des Originalmodells zu beseitigen und somit einen sehr zuverl\u00e4ssigen und stabilen Roller zu haben. Und was beim R\u00fcckz\u00fcnden offensichtlich nicht in einer Rauchwolke verschwindet!<\/p><p><strong>E-Mobility Service<\/strong><\/p><p>Eine franz\u00f6sische Firma, vor den Toren von Paris<\/p><p>SAS E-Mobility Service &#8211; Nanterre RCS 824 238 711 \u2013 Ust-Id.: FR 02 824 238 711<\/p><p>Adresse: 7 rue des Quatre Chemin\u00e9es 92100 Boulogne Billancourt (Frankreich)<\/p><p>Ge\u00f6ffnet: Dienstag bis Samstag von 10 bis 19 Uhr (Sonntag und Montag geschlossen)<\/p><p>Telefon: +33 1 46 89 15 01<\/p><\/div>\t\t\t\t\t<\/div>\n\t\t\t\t\t\t<\/div>\n\t\t\t\t<\/div>\n\t\t\t\t\t\t<\/div>\n\t\t\t\t\t<\/div>\n\t\t<\/div>\n\t\t\t\t\t\t\t\t<\/div>\n\t\t\t\t\t<\/div>\n\t\t<\/section>\n\t\t\t\t\t\t<\/div>\n\t\t\t\t\t\t<\/div>\n\t\t\t\t\t<\/div>\n\t\t","protected":false},"excerpt":{"rendered":"<p>\u00dcBER UNS Die Marke 2Twenty ist das Eigentum der Firma E-Mobility Service. Wir produzieren, importieren und vertreiben 2Twenty E-Scooter. Daf\u00fcr bieten wir 2 Jahre Garantie und ein sehr wirksamer und reaktiver\u00a0 Kundendienst. Unsere Kunden haben somit einen einzigen Gespr\u00e4chspartner, der die gesamte Verantwortungskette sicherstellt. Das 2Twenty-Projekt entstand 2016 aus dem Wunsch heraus, Elektroroller f\u00fcr alle&hellip;&nbsp;<a href=\"https:\/\/www.2twentyscooters.com\/de\/uber-uns\/\" class=\"\" rel=\"bookmark\">Weiterlesen &raquo;<span class=\"screen-reader-text\">\u00dcBER UNS<\/span><\/a><\/p>\n","protected":false},"author":1,"featured_media":0,"parent":0,"menu_order":0,"comment_status":"closed","ping_status":"closed","template":"elementor_header_footer","meta":[],"yoast_head":"<!-- This site is optimized with the Yoast SEO plugin v18.4.1 - https:\/\/yoast.com\/wordpress\/plugins\/seo\/ -->\n<title>\u00dcBER UNS<\/title>\n<meta name=\"robots\" content=\"index, follow, max-snippet:-1, max-image-preview:large, max-video-preview:-1\" \/>\n<link rel=\"canonical\" href=\"https:\/\/www.2twentyscooters.com\/de\/uber-uns\/\" \/>\n<meta property=\"og:locale\" content=\"de_DE\" \/>\n<meta property=\"og:type\" content=\"article\" \/>\n<meta property=\"og:title\" content=\"\u00dcBER UNS\" \/>\n<meta property=\"og:description\" content=\"\u00dcBER UNS Die Marke 2Twenty ist das Eigentum der Firma E-Mobility Service. Wir produzieren, importieren und vertreiben 2Twenty E-Scooter. Daf\u00fcr bieten wir 2 Jahre Garantie und ein sehr wirksamer und reaktiver\u00a0 Kundendienst. Unsere Kunden haben somit einen einzigen Gespr\u00e4chspartner, der die gesamte Verantwortungskette sicherstellt. Das 2Twenty-Projekt entstand 2016 aus dem Wunsch heraus, Elektroroller f\u00fcr alle&hellip;&nbsp;Weiterlesen &raquo;\u00dcBER UNS\" \/>\n<meta property=\"og:url\" content=\"https:\/\/www.2twentyscooters.com\/de\/uber-uns\/\" \/>\n<meta property=\"og:site_name\" content=\"2Twenty Scooter \u00e9lectrique\" \/>\n<meta property=\"article:modified_time\" content=\"2021-03-02T09:00:45+00:00\" \/>\n<meta name=\"twitter:card\" content=\"summary\" \/>\n<meta name=\"twitter:label1\" content=\"Gesch\u00e4tzte Lesezeit\" \/>\n\t<meta name=\"twitter:data1\" content=\"2\u00a0Minuten\" \/>\n<script type=\"application\/ld+json\" class=\"yoast-schema-graph\">{\"@context\":\"https:\/\/schema.org\",\"@graph\":[{\"@type\":\"Organization\",\"@id\":\"https:\/\/www.2twentyscooters.com\/en\/#organization\",\"name\":\"2twentyscooters\",\"url\":\"https:\/\/www.2twentyscooters.com\/en\/\",\"sameAs\":[],\"logo\":{\"@type\":\"ImageObject\",\"@id\":\"https:\/\/www.2twentyscooters.com\/en\/#logo\",\"inLanguage\":\"de\",\"url\":\"https:\/\/www.2twentyscooters.com\/wp-content\/uploads\/2022\/03\/2twenty-scooters-logo.png\",\"contentUrl\":\"https:\/\/www.2twentyscooters.com\/wp-content\/uploads\/2022\/03\/2twenty-scooters-logo.png\",\"width\":342,\"height\":55,\"caption\":\"2twentyscooters\"},\"image\":{\"@id\":\"https:\/\/www.2twentyscooters.com\/en\/#logo\"}},{\"@type\":\"WebSite\",\"@id\":\"https:\/\/www.2twentyscooters.com\/en\/#website\",\"url\":\"https:\/\/www.2twentyscooters.com\/en\/\",\"name\":\"2Twenty Scooter \u00e9lectrique\",\"description\":\"\",\"publisher\":{\"@id\":\"https:\/\/www.2twentyscooters.com\/en\/#organization\"},\"potentialAction\":[{\"@type\":\"SearchAction\",\"target\":{\"@type\":\"EntryPoint\",\"urlTemplate\":\"https:\/\/www.2twentyscooters.com\/en\/?s={search_term_string}\"},\"query-input\":\"required name=search_term_string\"}],\"inLanguage\":\"de\"},{\"@type\":\"WebPage\",\"@id\":\"https:\/\/www.2twentyscooters.com\/de\/uber-uns\/#webpage\",\"url\":\"https:\/\/www.2twentyscooters.com\/de\/uber-uns\/\",\"name\":\"\u00dcBER UNS\",\"isPartOf\":{\"@id\":\"https:\/\/www.2twentyscooters.com\/en\/#website\"},\"datePublished\":\"2017-09-26T08:23:11+00:00\",\"dateModified\":\"2021-03-02T09:00:45+00:00\",\"breadcrumb\":{\"@id\":\"https:\/\/www.2twentyscooters.com\/de\/uber-uns\/#breadcrumb\"},\"inLanguage\":\"de\",\"potentialAction\":[{\"@type\":\"ReadAction\",\"target\":[\"https:\/\/www.2twentyscooters.com\/de\/uber-uns\/\"]}]},{\"@type\":\"BreadcrumbList\",\"@id\":\"https:\/\/www.2twentyscooters.com\/de\/uber-uns\/#breadcrumb\",\"itemListElement\":[{\"@type\":\"ListItem\",\"position\":1,\"name\":\"Home\",\"item\":\"https:\/\/www.2twentyscooters.com\/de\/\"},{\"@type\":\"ListItem\",\"position\":2,\"name\":\"\u00dcBER UNS\"}]}]}<\/script>\n<!-- \/ Yoast SEO plugin. -->","yoast_head_json":{"title":"\u00dcBER UNS","robots":{"index":"index","follow":"follow","max-snippet":"max-snippet:-1","max-image-preview":"max-image-preview:large","max-video-preview":"max-video-preview:-1"},"canonical":"https:\/\/www.2twentyscooters.com\/de\/uber-uns\/","og_locale":"de_DE","og_type":"article","og_title":"\u00dcBER UNS","og_description":"\u00dcBER UNS Die Marke 2Twenty ist das Eigentum der Firma E-Mobility Service. Wir produzieren, importieren und vertreiben 2Twenty E-Scooter. Daf\u00fcr bieten wir 2 Jahre Garantie und ein sehr wirksamer und reaktiver\u00a0 Kundendienst. Unsere Kunden haben somit einen einzigen Gespr\u00e4chspartner, der die gesamte Verantwortungskette sicherstellt. Das 2Twenty-Projekt entstand 2016 aus dem Wunsch heraus, Elektroroller f\u00fcr alle&hellip;&nbsp;Weiterlesen &raquo;\u00dcBER UNS","og_url":"https:\/\/www.2twentyscooters.com\/de\/uber-uns\/","og_site_name":"2Twenty Scooter \u00e9lectrique","article_modified_time":"2021-03-02T09:00:45+00:00","twitter_card":"summary","twitter_misc":{"Gesch\u00e4tzte Lesezeit":"2\u00a0Minuten"},"schema":{"@context":"https:\/\/schema.org","@graph":[{"@type":"Organization","@id":"https:\/\/www.2twentyscooters.com\/en\/#organization","name":"2twentyscooters","url":"https:\/\/www.2twentyscooters.com\/en\/","sameAs":[],"logo":{"@type":"ImageObject","@id":"https:\/\/www.2twentyscooters.com\/en\/#logo","inLanguage":"de","url":"https:\/\/www.2twentyscooters.com\/wp-content\/uploads\/2022\/03\/2twenty-scooters-logo.png","contentUrl":"https:\/\/www.2twentyscooters.com\/wp-content\/uploads\/2022\/03\/2twenty-scooters-logo.png","width":342,"height":55,"caption":"2twentyscooters"},"image":{"@id":"https:\/\/www.2twentyscooters.com\/en\/#logo"}},{"@type":"WebSite","@id":"https:\/\/www.2twentyscooters.com\/en\/#website","url":"https:\/\/www.2twentyscooters.com\/en\/","name":"2Twenty Scooter \u00e9lectrique","description":"","publisher":{"@id":"https:\/\/www.2twentyscooters.com\/en\/#organization"},"potentialAction":[{"@type":"SearchAction","target":{"@type":"EntryPoint","urlTemplate":"https:\/\/www.2twentyscooters.com\/en\/?s={search_term_string}"},"query-input":"required name=search_term_string"}],"inLanguage":"de"},{"@type":"WebPage","@id":"https:\/\/www.2twentyscooters.com\/de\/uber-uns\/#webpage","url":"https:\/\/www.2twentyscooters.com\/de\/uber-uns\/","name":"\u00dcBER UNS","isPartOf":{"@id":"https:\/\/www.2twentyscooters.com\/en\/#website"},"datePublished":"2017-09-26T08:23:11+00:00","dateModified":"2021-03-02T09:00:45+00:00","breadcrumb":{"@id":"https:\/\/www.2twentyscooters.com\/de\/uber-uns\/#breadcrumb"},"inLanguage":"de","potentialAction":[{"@type":"ReadAction","target":["https:\/\/www.2twentyscooters.com\/de\/uber-uns\/"]}]},{"@type":"BreadcrumbList","@id":"https:\/\/www.2twentyscooters.com\/de\/uber-uns\/#breadcrumb","itemListElement":[{"@type":"ListItem","position":1,"name":"Home","item":"https:\/\/www.2twentyscooters.com\/de\/"},{"@type":"ListItem","position":2,"name":"\u00dcBER UNS"}]}]}},"_links":{"self":[{"href":"https:\/\/www.2twentyscooters.com\/de\/wp-json\/wp\/v2\/pages\/34206"}],"collection":[{"href":"https:\/\/www.2twentyscooters.com\/de\/wp-json\/wp\/v2\/pages"}],"about":[{"href":"https:\/\/www.2twentyscooters.com\/de\/wp-json\/wp\/v2\/types\/page"}],"author":[{"embeddable":true,"href":"https:\/\/www.2twentyscooters.com\/de\/wp-json\/wp\/v2\/users\/1"}],"replies":[{"embeddable":true,"href":"https:\/\/www.2twentyscooters.com\/de\/wp-json\/wp\/v2\/comments?post=34206"}],"version-history":[{"count":0,"href":"https:\/\/www.2twentyscooters.com\/de\/wp-json\/wp\/v2\/pages\/34206\/revisions"}],"wp:attachment":[{"href":"https:\/\/www.2twentyscooters.com\/de\/wp-json\/wp\/v2\/media?parent=34206"}],"curies":[{"name":"wp","href":"https:\/\/api.w.org\/{rel}","templated":true}]}}