{"id":34204,"date":"2018-01-25T16:40:59","date_gmt":"2018-01-25T15:40:59","guid":{"rendered":"https:\/\/www.2twentyscooters.com\/mentions-legales\/"},"modified":"2021-03-02T09:57:08","modified_gmt":"2021-03-02T08:57:08","slug":"impressum","status":"publish","type":"page","link":"https:\/\/www.2twentyscooters.com\/de\/impressum\/","title":{"rendered":"IMPRESSUM"},"content":{"rendered":"<h1><strong>IMPRESSUM<\/strong><\/h1>\n<p>Bitte lesen Sie die verschiedenen Nutzungsbedingungen dieser Website sorgf\u00e4ltig durch, bevor Sie die Seiten durchsuchen. Wenn Sie eine Verbindung zu dieser Website herstellen, akzeptieren Sie diese Bedingungen vollst\u00e4ndig. Gem\u00e4\u00df Artikel 6 des Gesetzes Nr. 2004-575 vom 21. Juni 2004 f\u00fcr das Vertrauen in die digitale Wirtschaft haben die Manager dieser Website<a href=\"https:\/\/www.2twentyscooters.com\/\">www.2twentyscooters.com<\/a> sind :<\/p>\n<p><strong>Besitzer: E-Mobility Service<\/strong><\/p>\n<p>7 rue des Quatre Chemin\u00e9es, 92100 Boulogne Billancourt SIRET-Nummer: 82423871100017 E-Mail: <a href=\"mailto:contact@2twentyscooters.com\">contact@2twentyscooters.com<\/a><\/p>\n<p><strong>Redaktionsleiter &amp; Webmaster: E-Mobility Service<\/strong><\/p>\n<p>7 rue des Quatre Chemin\u00e9es, 92100 Boulogne Billancourt SIRET-Nummer: 82423871100017 E-Mail: <a href=\"mailto:contact@2twentyscooters.com\">contact@2twentyscooters.com<\/a><\/p>\n<p><strong>Host<br \/>\n<\/strong>OVH &#8211; SAS mit einem Kapital von 10.069.020 \u20ac RCS Lille M\u00e9tropole 424 761 419 00045 Code APE 2620Z Umsatzsteuer-Identifikationsnummer: FR 22 424 761 419 Hauptsitz, 2 rue Kellermann &#8211; 59100 Roubaix &#8211; Frankreich Website: <a href=\"https:\/\/www.ovh.com\/\">www.ovh.com<\/a><\/p>\n<p>Diese Website ist in verschiedenen Web-Sprachen (HTML, HTML5, Javascript, CSS usw.) verf\u00fcgbar. F\u00fcr einen besseren Benutzerkomfort und angenehmere Grafiken empfehlen wir die Verwendung moderner Browser wie Internet Explorer, Safari, Firefox und Google Chrome, etc &#8230;<\/p>\n<p>Der E-Mobility Service setzt alle ihm zur Verf\u00fcgung stehenden Mittel ein, um zuverl\u00e4ssige Informationen und eine zuverl\u00e4ssige Aktualisierung seiner Websites zu gew\u00e4hrleisten. Es k\u00f6nnen jedoch Fehler oder Auslassungen auftreten. Der Internetnutzer muss daher die Richtigkeit der Informationen bei unserer Verkaufsabteilung sicherstellen und alle \u00c4nderungen an der Website melden, die er f\u00fcr n\u00fctzlich h\u00e4lt. Der E-Mobility Service ist in keiner Weise verantwortlich f\u00fcr die Verwendung dieser Informationen und f\u00fcr direkte oder indirekte Sch\u00e4den, die daraus entstehen k\u00f6nnen. Die Website fordert Sie m\u00f6glicherweise auf, Cookies f\u00fcr statistische Zwecke und zur Anzeige zu akzeptieren. Ein Cookie ist eine Information, die der Server der Site, die Sie besuchen, auf Ihrer Festplatte abgelegt hat. Es enth\u00e4lt mehrere Daten, die auf Ihrem Computer in einer einfachen Textdatei gespeichert sind, auf die ein Server zugreift, um Informationen zu lesen und zu speichern. Einige Teile dieser Website k\u00f6nnen ohne die Annahme von Cookies nicht funktionieren.<\/p>\n<p>Websites k\u00f6nnen Links zu anderen Websites oder anderen im Internet verf\u00fcgbaren Ressourcen enthalten. Der E-Mobility Service hat keine M\u00f6glichkeit, die Websites im Zusammenhang mit seinen Websites zu kontrollieren, und \u00fcbernimmt keine Verantwortung f\u00fcr die Verf\u00fcgbarkeit solcher Websites und externer Quellen und garantiert dies auch nicht. Es kann nicht f\u00fcr Sch\u00e4den jeglicher Art verantwortlich gemacht werden, die sich aus dem Inhalt dieser Websites oder externen Quellen ergeben, insbesondere aus den von ihnen angebotenen Informationen, Produkten oder Dienstleistungen oder aus einer Verwendung dieser Elemente. Die mit dieser Nutzung verbundenen Risiken liegen in der alleinigen Verantwortung des Internetnutzers, der seine Nutzungsbedingungen einhalten muss.<\/p>\n<p>Benutzer, Abonnenten und Besucher von Websites d\u00fcrfen ohne die ausdr\u00fcckliche vorherige Genehmigung des E-Mobility Service keinen Hyperlink zu dieser Website einrichten.<\/p>\n<p>F\u00fcr den Fall, dass ein Benutzer oder Besucher einen Hyperlink zu einer der Websites des E-Mobility Service einrichten m\u00f6chte, muss er eine auf der Website zug\u00e4ngliche E-Mail senden, um seine Anfrage zur Implementierung zu formulieren. Einen Hyperlink. E-Mobility Service beh\u00e4lt sich das Recht vor, einen Hyperlink zu akzeptieren oder abzulehnen, ohne seine Entscheidung begr\u00fcnden zu m\u00fcssen.<\/p>\n<p><strong>Dienstleistungen erbracht<\/strong><\/p>\n<p>Alle Aktivit\u00e4ten des Unternehmens sowie seine Informationen werden auf unserer Website vorgestellt <a href=\"https:\/\/www.2twentyscooters.com\/\">www.2twentyscooters.com<\/a>. E-Mobility Service ist bestrebt, der Website so genaue Informationen wie m\u00f6glich zur Verf\u00fcgung zu stellen. Die Informationen auf der Website sind nicht vollst\u00e4ndig und die Fotos sind nicht vertraglich. Sie unterliegen \u00c4nderungen, die seit ihrer Online-Bereitstellung vorgenommen wurden. Dar\u00fcber hinaus werden alle auf der Website angegebenen Informationen als Hinweis angegeben und k\u00f6nnen sich ohne vorherige Ank\u00fcndigung \u00e4ndern oder weiterentwickeln.<\/p>\n<p>Die auf dieser Website enthaltenen Informationen sind so genau wie m\u00f6glich und die Website wird zu verschiedenen Jahreszeiten aktualisiert. Sie k\u00f6nnen jedoch Ungenauigkeiten oder Auslassungen enthalten. Wenn Sie eine L\u00fccke, einen Fehler oder eine Fehlfunktion bemerken, melden Sie diese bitte per E-Mail an die Adresse<a href=\"mailto:contact@2twentyscooters.com\">contact@2twentyscooters.com<\/a>, indem Sie das Problem so genau wie m\u00f6glich beschreiben (Seite, die das Problem verursacht, Art des verwendeten Computers und Browsers usw.).<\/p>\n<p>Alle heruntergeladenen Inhalte werden auf eigenes Risiko und unter seiner alleinigen Verantwortung erstellt. Infolgedessen kann keine Verantwortung f\u00fcr Sch\u00e4den am Computer des Benutzers oder f\u00fcr Datenverluste aufgrund des Downloads \u00fcbernommen werden. Dar\u00fcber hinaus verpflichtet sich der Benutzer der Website, mit aktuellen Ger\u00e4ten, die keine Viren enthalten, und mit einem aktuellen Browser der neuesten Generation auf die Website zuzugreifen.<\/p>\n<p>Die im Rahmen dieser Website eingerichteten Hypertext-Links zu anderen im Internet vorhandenen Ressourcen unterliegen nicht der Verantwortung des E-Mobility Service.<\/p>\n<p><strong><br \/>\nGeistigen Eigentums<\/strong><\/p>\n<p>Der gesamte Inhalt davon auf der Website <a href=\"https:\/\/www.2twentyscooters.com\/\">www.2twentyscooters.com<\/a>, einschlie\u00dflich, aber nicht beschr\u00e4nkt auf Grafiken, Bilder, Texte, Videos, Animationen, Sounds, Logos, Gifs und Symbole sowie deren Formatierung, sind das ausschlie\u00dfliche Eigentum des Unternehmens mit Ausnahme von Marken, Logos oder Inhalten anderer Partnerunternehmen oder Autoren.<\/p>\n<p>Jegliche Vervielf\u00e4ltigung, Verbreitung, \u00c4nderung, Anpassung, Weiterverbreitung oder Ver\u00f6ffentlichung dieser verschiedenen Elemente, auch nur teilweise, ist ohne die ausdr\u00fcckliche schriftliche Zustimmung des E-Mobility Service strengstens untersagt. Diese Darstellung oder Reproduktion stellt in irgendeiner Weise eine Verletzung dar, die mit den Artikeln L.335-2 und den Bestimmungen des Kodex f\u00fcr geistiges Eigentum geahndet werden kann. Die Nichteinhaltung dieses Verbots stellt einen Versto\u00df dar, der die zivil- und strafrechtliche Haftung des Verletzers beeintr\u00e4chtigen kann. Dar\u00fcber hinaus k\u00f6nnen die Eigent\u00fcmer des kopierten Inhalts rechtliche Schritte gegen Sie einleiten.<br \/>\n<strong><br \/>\nCNIL Erkl\u00e4rung<\/strong><\/p>\n<p>In \u00dcbereinstimmung mit dem Gesetz 78-17 vom 6. Januar 1978 (ge\u00e4ndert durch das Gesetz 2004-801 vom 6. August 2004 \u00fcber den Schutz von Personen bei der Verarbeitung personenbezogener Daten) in Bezug auf Computer, Dateien und Freiheiten hat diese Website war Gegenstand einer Erkl\u00e4rung Nr. &amp; \u200b\u200bG42439842N an die Nationale Kommission f\u00fcr Informatik und Freiheiten <a href=\"http:\/\/www.cnil.fr\/\">www.cnil.fr\/<\/a><\/p>\n<p><strong>Streitigkeiten<\/strong><\/p>\n<p>Diese Standortbedingungen <a href=\"http:\/\/www.2twentyscooters.com\/\">www.2twentyscooters.com<\/a> unterliegen dem franz\u00f6sischem Recht, und alle Streitigkeiten oder Rechtsstreitigkeiten, die sich aus der Auslegung oder Ausf\u00fchrung dieser Streitigkeiten ergeben, sind ausschlie\u00dflich den Gerichten vorbehalten, von denen der Hauptsitz des Unternehmens abh\u00e4ngt. Die Referenzsprache f\u00fcr die Beilegung m\u00f6glicher Streitigkeiten ist Franz\u00f6sisch.<\/p>\n<p><strong>pers\u00f6nliche Daten<\/strong><\/p>\n<p>Im Allgemeinen sind Sie nicht verpflichtet, uns Ihre pers\u00f6nlichen Daten mitzuteilen, wenn Sie unsere Website besuchen. <a href=\"https:\/\/www.2twentyscooters.com\/\">www.2twentyscooters.com<\/a>.<\/p>\n<p>Dieses Prinzip hat jedoch bestimmte Ausnahmen. F\u00fcr bestimmte auf unserer Website angebotene Dienste m\u00fcssen Sie uns m\u00f6glicherweise bestimmte Daten wie Ihren Namen, Ihre Funktion, den Namen Ihres Unternehmens, Ihre E-Mail-Adresse und Ihre Telefonnummer mitteilen. Dies ist der Fall, wenn Sie das Formular ausf\u00fcllen, das Ihnen online im Bereich &#8222;Kontakt&#8220; angeboten wird. In jedem Fall k\u00f6nnen Sie die Angabe Ihrer pers\u00f6nlichen Daten verweigern. In diesem Fall k\u00f6nnen Sie die Dienste der Website nicht nutzen, insbesondere nicht, um Informationen \u00fcber unser Unternehmen anzufordern oder Newsletter zu erhalten.<\/p>\n<p>Schlie\u00dflich erfassen wir m\u00f6glicherweise automatisch bestimmte Informationen \u00fcber Sie, wenn Sie einfach auf unserer Website surfen, insbesondere Informationen \u00fcber die Nutzung unserer Website, z. B. die von Ihnen besuchten Bereiche und die Dienste, auf die Sie zugreifen, Ihre Adress-IP, Ihren Browsertyp und Ihre Zugriffszeiten . Diese Informationen werden ausschlie\u00dflich zu internen statistischen Zwecken verwendet, um die Qualit\u00e4t der Ihnen angebotenen Dienstleistungen zu verbessern. Die Datenbanken sind durch die Bestimmungen des Gesetzes vom 1. Juli 1998 zur Umsetzung der Richtlinie 96\/9 vom 11. M\u00e4rz 1996 \u00fcber den rechtlichen Schutz von Datenbanken gesch\u00fctzt.<\/p>\n","protected":false},"excerpt":{"rendered":"<p>IMPRESSUM Bitte lesen Sie die verschiedenen Nutzungsbedingungen dieser Website sorgf\u00e4ltig durch, bevor Sie die Seiten durchsuchen. Wenn Sie eine Verbindung zu dieser Website herstellen, akzeptieren Sie diese Bedingungen vollst\u00e4ndig. Gem\u00e4\u00df Artikel 6 des Gesetzes Nr. 2004-575 vom 21. Juni 2004 f\u00fcr das Vertrauen in die digitale Wirtschaft haben die Manager dieser Websitewww.2twentyscooters.com sind : Besitzer:&hellip;&nbsp;<a href=\"https:\/\/www.2twentyscooters.com\/de\/impressum\/\" class=\"\" rel=\"bookmark\">Weiterlesen &raquo;<span class=\"screen-reader-text\">IMPRESSUM<\/span><\/a><\/p>\n","protected":false},"author":1,"featured_media":0,"parent":0,"menu_order":0,"comment_status":"closed","ping_status":"closed","template":"elementor_header_footer","meta":[],"yoast_head":"<!-- This site is optimized with the Yoast SEO plugin v18.4.1 - https:\/\/yoast.com\/wordpress\/plugins\/seo\/ -->\n<title>IMPRESSUM<\/title>\n<meta name=\"robots\" content=\"noindex, nofollow\" \/>\n<meta property=\"og:locale\" content=\"de_DE\" \/>\n<meta property=\"og:type\" content=\"article\" \/>\n<meta property=\"og:title\" content=\"IMPRESSUM\" \/>\n<meta property=\"og:description\" content=\"IMPRESSUM Bitte lesen Sie die verschiedenen Nutzungsbedingungen dieser Website sorgf\u00e4ltig durch, bevor Sie die Seiten durchsuchen. Wenn Sie eine Verbindung zu dieser Website herstellen, akzeptieren Sie diese Bedingungen vollst\u00e4ndig. Gem\u00e4\u00df Artikel 6 des Gesetzes Nr. 2004-575 vom 21. Juni 2004 f\u00fcr das Vertrauen in die digitale Wirtschaft haben die Manager dieser Websitewww.2twentyscooters.com sind : Besitzer:&hellip;&nbsp;Weiterlesen &raquo;IMPRESSUM\" \/>\n<meta property=\"og:url\" content=\"https:\/\/www.2twentyscooters.com\/de\/impressum\/\" \/>\n<meta property=\"og:site_name\" content=\"2Twenty Scooter \u00e9lectrique\" \/>\n<meta property=\"article:modified_time\" content=\"2021-03-02T08:57:08+00:00\" \/>\n<meta name=\"twitter:card\" content=\"summary\" \/>\n<meta name=\"twitter:label1\" content=\"Gesch\u00e4tzte Lesezeit\" \/>\n\t<meta name=\"twitter:data1\" content=\"5\u00a0Minuten\" \/>\n<script type=\"application\/ld+json\" class=\"yoast-schema-graph\">{\"@context\":\"https:\/\/schema.org\",\"@graph\":[{\"@type\":\"Organization\",\"@id\":\"https:\/\/www.2twentyscooters.com\/en\/#organization\",\"name\":\"2twentyscooters\",\"url\":\"https:\/\/www.2twentyscooters.com\/en\/\",\"sameAs\":[],\"logo\":{\"@type\":\"ImageObject\",\"@id\":\"https:\/\/www.2twentyscooters.com\/en\/#logo\",\"inLanguage\":\"de\",\"url\":\"https:\/\/www.2twentyscooters.com\/wp-content\/uploads\/2022\/03\/2twenty-scooters-logo.png\",\"contentUrl\":\"https:\/\/www.2twentyscooters.com\/wp-content\/uploads\/2022\/03\/2twenty-scooters-logo.png\",\"width\":342,\"height\":55,\"caption\":\"2twentyscooters\"},\"image\":{\"@id\":\"https:\/\/www.2twentyscooters.com\/en\/#logo\"}},{\"@type\":\"WebSite\",\"@id\":\"https:\/\/www.2twentyscooters.com\/en\/#website\",\"url\":\"https:\/\/www.2twentyscooters.com\/en\/\",\"name\":\"2Twenty Scooter \u00e9lectrique\",\"description\":\"\",\"publisher\":{\"@id\":\"https:\/\/www.2twentyscooters.com\/en\/#organization\"},\"potentialAction\":[{\"@type\":\"SearchAction\",\"target\":{\"@type\":\"EntryPoint\",\"urlTemplate\":\"https:\/\/www.2twentyscooters.com\/en\/?s={search_term_string}\"},\"query-input\":\"required name=search_term_string\"}],\"inLanguage\":\"de\"},{\"@type\":\"WebPage\",\"@id\":\"https:\/\/www.2twentyscooters.com\/de\/impressum\/#webpage\",\"url\":\"https:\/\/www.2twentyscooters.com\/de\/impressum\/\",\"name\":\"IMPRESSUM\",\"isPartOf\":{\"@id\":\"https:\/\/www.2twentyscooters.com\/en\/#website\"},\"datePublished\":\"2018-01-25T15:40:59+00:00\",\"dateModified\":\"2021-03-02T08:57:08+00:00\",\"breadcrumb\":{\"@id\":\"https:\/\/www.2twentyscooters.com\/de\/impressum\/#breadcrumb\"},\"inLanguage\":\"de\",\"potentialAction\":[{\"@type\":\"ReadAction\",\"target\":[\"https:\/\/www.2twentyscooters.com\/de\/impressum\/\"]}]},{\"@type\":\"BreadcrumbList\",\"@id\":\"https:\/\/www.2twentyscooters.com\/de\/impressum\/#breadcrumb\",\"itemListElement\":[{\"@type\":\"ListItem\",\"position\":1,\"name\":\"Home\",\"item\":\"https:\/\/www.2twentyscooters.com\/de\/\"},{\"@type\":\"ListItem\",\"position\":2,\"name\":\"IMPRESSUM\"}]}]}<\/script>\n<!-- \/ Yoast SEO plugin. -->","yoast_head_json":{"title":"IMPRESSUM","robots":{"index":"noindex","follow":"nofollow"},"og_locale":"de_DE","og_type":"article","og_title":"IMPRESSUM","og_description":"IMPRESSUM Bitte lesen Sie die verschiedenen Nutzungsbedingungen dieser Website sorgf\u00e4ltig durch, bevor Sie die Seiten durchsuchen. Wenn Sie eine Verbindung zu dieser Website herstellen, akzeptieren Sie diese Bedingungen vollst\u00e4ndig. Gem\u00e4\u00df Artikel 6 des Gesetzes Nr. 2004-575 vom 21. Juni 2004 f\u00fcr das Vertrauen in die digitale Wirtschaft haben die Manager dieser Websitewww.2twentyscooters.com sind : Besitzer:&hellip;&nbsp;Weiterlesen &raquo;IMPRESSUM","og_url":"https:\/\/www.2twentyscooters.com\/de\/impressum\/","og_site_name":"2Twenty Scooter \u00e9lectrique","article_modified_time":"2021-03-02T08:57:08+00:00","twitter_card":"summary","twitter_misc":{"Gesch\u00e4tzte Lesezeit":"5\u00a0Minuten"},"schema":{"@context":"https:\/\/schema.org","@graph":[{"@type":"Organization","@id":"https:\/\/www.2twentyscooters.com\/en\/#organization","name":"2twentyscooters","url":"https:\/\/www.2twentyscooters.com\/en\/","sameAs":[],"logo":{"@type":"ImageObject","@id":"https:\/\/www.2twentyscooters.com\/en\/#logo","inLanguage":"de","url":"https:\/\/www.2twentyscooters.com\/wp-content\/uploads\/2022\/03\/2twenty-scooters-logo.png","contentUrl":"https:\/\/www.2twentyscooters.com\/wp-content\/uploads\/2022\/03\/2twenty-scooters-logo.png","width":342,"height":55,"caption":"2twentyscooters"},"image":{"@id":"https:\/\/www.2twentyscooters.com\/en\/#logo"}},{"@type":"WebSite","@id":"https:\/\/www.2twentyscooters.com\/en\/#website","url":"https:\/\/www.2twentyscooters.com\/en\/","name":"2Twenty Scooter \u00e9lectrique","description":"","publisher":{"@id":"https:\/\/www.2twentyscooters.com\/en\/#organization"},"potentialAction":[{"@type":"SearchAction","target":{"@type":"EntryPoint","urlTemplate":"https:\/\/www.2twentyscooters.com\/en\/?s={search_term_string}"},"query-input":"required name=search_term_string"}],"inLanguage":"de"},{"@type":"WebPage","@id":"https:\/\/www.2twentyscooters.com\/de\/impressum\/#webpage","url":"https:\/\/www.2twentyscooters.com\/de\/impressum\/","name":"IMPRESSUM","isPartOf":{"@id":"https:\/\/www.2twentyscooters.com\/en\/#website"},"datePublished":"2018-01-25T15:40:59+00:00","dateModified":"2021-03-02T08:57:08+00:00","breadcrumb":{"@id":"https:\/\/www.2twentyscooters.com\/de\/impressum\/#breadcrumb"},"inLanguage":"de","potentialAction":[{"@type":"ReadAction","target":["https:\/\/www.2twentyscooters.com\/de\/impressum\/"]}]},{"@type":"BreadcrumbList","@id":"https:\/\/www.2twentyscooters.com\/de\/impressum\/#breadcrumb","itemListElement":[{"@type":"ListItem","position":1,"name":"Home","item":"https:\/\/www.2twentyscooters.com\/de\/"},{"@type":"ListItem","position":2,"name":"IMPRESSUM"}]}]}},"_links":{"self":[{"href":"https:\/\/www.2twentyscooters.com\/de\/wp-json\/wp\/v2\/pages\/34204"}],"collection":[{"href":"https:\/\/www.2twentyscooters.com\/de\/wp-json\/wp\/v2\/pages"}],"about":[{"href":"https:\/\/www.2twentyscooters.com\/de\/wp-json\/wp\/v2\/types\/page"}],"author":[{"embeddable":true,"href":"https:\/\/www.2twentyscooters.com\/de\/wp-json\/wp\/v2\/users\/1"}],"replies":[{"embeddable":true,"href":"https:\/\/www.2twentyscooters.com\/de\/wp-json\/wp\/v2\/comments?post=34204"}],"version-history":[{"count":0,"href":"https:\/\/www.2twentyscooters.com\/de\/wp-json\/wp\/v2\/pages\/34204\/revisions"}],"wp:attachment":[{"href":"https:\/\/www.2twentyscooters.com\/de\/wp-json\/wp\/v2\/media?parent=34204"}],"curies":[{"name":"wp","href":"https:\/\/api.w.org\/{rel}","templated":true}]}}