{"id":34202,"date":"2018-01-25T16:47:49","date_gmt":"2018-01-25T15:47:49","guid":{"rendered":"https:\/\/www.2twentyscooters.com\/cgv\/"},"modified":"2021-03-02T09:58:03","modified_gmt":"2021-03-02T08:58:03","slug":"agb","status":"publish","type":"page","link":"https:\/\/www.2twentyscooters.com\/de\/agb\/","title":{"rendered":"AGB"},"content":{"rendered":"<h1>AGB<\/h1>\n<p><strong>Pr\u00e4ambel<\/strong><\/p>\n<p><strong>2 20 <\/strong>ist eine Marke des Unternehmens E-MOBILITY SERVICE.<\/p>\n<p>Die Website ist Eigentum des Unternehmens E-MOBILITY in seiner Gesamtheit sowie aller damit verbundenen Rechte. Jede Reproduktion, ganz oder teilweise, unterliegt systematisch der Genehmigung der Eigent\u00fcmer. Hypertext-Links zur Site werden jedoch ohne besondere Anforderung autorisiert.<\/p>\n<ol>\n<li><strong>Akzeptanz von Bedingungen<\/strong><\/li>\n<\/ol>\n<p>Der Kunde best\u00e4tigt, zum Zeitpunkt der Bestellung die auf diesem Bildschirm angegebenen besonderen Verkaufsbedingungen gelesen zu haben und erkl\u00e4rt sich ausdr\u00fccklich damit einverstanden, diese vorbehaltlos anzunehmen. Diese allgemeinen Verkaufsbedingungen regeln die vertraglichen Beziehungen zwischen dem Unternehmen E-MOBILITY SERVICE und seinem Kunden, die beide Parteien vorbehaltlos annehmen. Diese allgemeinen Verkaufsbedingungen haben Vorrang vor allen anderen Bedingungen, die in anderen Dokumenten aufgef\u00fchrt sind, mit Ausnahme der vorherigen ausdr\u00fccklichen und schriftlichen Ausnahme.<\/p>\n<ol start=\"2\">\n<li><strong>Bestellt<\/strong><\/li>\n<\/ol>\n<p>Die automatischen Registrierungssysteme gelten als Nachweis f\u00fcr Art, Inhalt und Datum der Bestellung. E-MOBILITY SERVICE best\u00e4tigt dem Kunden die Annahme seiner Bestellung unter der E-Mail-Adresse, die er mitgeteilt hat. Der Verkauf wird erst mit der Best\u00e4tigung der Bestellung abgeschlossen. E-MOBILITY SERVICE beh\u00e4lt sich das Recht vor, Bestellungen von Kunden zu stornieren, bei denen es zu Streitigkeiten \u00fcber die Zahlung einer fr\u00fcheren Bestellung kommt. Die Angaben des K\u00e4ufers bei der Bestellung verpflichten sich zu letzterem: Im Falle eines Fehlers im Wortlaut der Kontaktdaten des Empf\u00e4ngers kann der Verk\u00e4ufer nicht f\u00fcr die Unm\u00f6glichkeit verantwortlich gemacht werden, in der er das Produkt liefern k\u00f6nnte.<\/p>\n<ol start=\"3\">\n<li><strong>Lieferung<\/strong><\/li>\n<\/ol>\n<p>Nach Best\u00e4tigung der Bestellung verpflichtet sich E-MOBILITY SERVICE, alle vom K\u00e4ufer bestellten Referenzen innerhalb des auf dem Artikelblatt im Feld &#8222;Lieferzeitraum&#8220; angegebenen Zeitraums an seinen Spediteur zu liefern. Der Spediteur verpflichtet sich vertraglich mit E-MOBILITY SERVICE, die Bestellung an die von E-MOBILITY SERVICE angegebene Adresse des K\u00e4ufers zu liefern. Verz\u00f6gerungen berechtigen den K\u00e4ufer nicht zum Schadensersatz. Im Falle einer zu sp\u00e4ten Lieferzeit kann der Kunde seine Bestellung jedoch jederzeit stornieren und eine Erstattung beim E-MOBILITY SERVICE beantragen. Im Falle eines offensichtlichen Mangels profitiert der K\u00e4ufer von dem R\u00fcckgaberecht unter den in diesem Dokument vorgesehenen Bedingungen (Artikelentzug).<\/p>\n<ol start=\"4\">\n<li><strong>Widerrufs- und R\u00fcckgaberecht<\/strong><\/li>\n<\/ol>\n<p>Der Kunde hat 15 Tage (ab Erhalt des Artikels) Zeit, sich eine Meinung zu bilden und bei Unzufriedenheit die Ware zur\u00fcckzusenden. Um einen Umtausch oder eine R\u00fcckerstattung zu erhalten, muss er den Roller wieder in die Lieferverpackung (Metallstruktur mit Karton) legen und uns kontaktieren, damit wir das Paket abholen k\u00f6nnen. Um von der vollen R\u00fcckerstattung zu profitieren, muss der Roller nicht registriert worden sein. R\u00fccksendekosten gehen zu unseren Lasten<\/p>\n<p><strong>Absender :<\/strong><br \/>\n2TWENTY SCOOTERS7 rue des Quatre Chemin\u00e9es92100 Boulogne BillancourtFrance<\/p>\n<p>Im Falle einer Registrierung (die von der Pr\u00e4fektur nicht storniert werden kann) ist die R\u00fccksendung m\u00f6glich, aber die R\u00fccksendekosten gehen zu Lasten des Kunden und die R\u00fcckerstattung deckt weder die Registrierungskosten noch die Subventionen, die m\u00f6glicherweise nicht nur anfallen vom urspr\u00fcnglichen K\u00e4ufer abgeholt. Dar\u00fcber hinaus muss das Eigentum an dem registrierten Fahrzeug auf den Elektromobilit\u00e4tsdienst des Unternehmens \u00fcbertragen werden, um die Erstattung zu erhalten.<\/p>\n<p>Beispielsweise k\u00f6nnen 2019 der von der Regierung gezahlte \u00f6kologische Bonus sowie der Pariser Zuschuss nicht erst nach der ersten Registrierung auf einem neuen Roller erhalten werden. Ein Kunde au\u00dferhalb von Paris, der einen Roller mit nur einer 72V20ah-Batterie gekauft und (seinerseits) registriert hat, kann daher eine Erstattung von 2890-360 (H\u00f6he des Zuschusses) = 2.530 \u20ac einschlie\u00dflich Steuern erhalten. F\u00fcr einen Pariser, der (\u00fcber unseren Service) einen Roller mit nur einer Batterie registriert hat, betr\u00e4gt der erstattete Betrag 2890-360-400-95 = 2.035 \u20ac inkl. Gesetzl.<\/p>\n<p>Bei Aus\u00fcbung des Widerrufsrechts vor der Zulassung des Fahrzeugs ist E-MOBILITY SERVICE verpflichtet, die vom Kunden gezahlten Betr\u00e4ge zu erstatten. Die R\u00fcckerstattung ist innerhalb von maximal 15 Tagen f\u00e4llig.<\/p>\n<ol start=\"5\">\n<li><strong>Preis<\/strong><\/li>\n<\/ol>\n<p>Die genannten Preise sind in Euro angegeben. Die Transportpreise sind auf den Produktbl\u00e4ttern angegeben. Dieser Preis beinhaltet den Preis der Produkte, die Kosten f\u00fcr Handhabung, Verpackung und Konservierung der Produkte sowie die Transportkosten.<\/p>\n<ol start=\"6\">\n<li><strong>Zahlung<\/strong><\/li>\n<\/ol>\n<p>Der dem Kunden in Rechnung gestellte Preis ist der Preis, der auf der von E-MOBILITY SERVICE gesendeten Auftragsbest\u00e4tigung angegeben ist. Der Preis der Produkte ist am Tag der tats\u00e4chlichen Bestellung in bar zu zahlen. Die Zahlung kann per Kreditkarte oder per \u00dcberweisung erfolgen.<\/p>\n<ol start=\"7\">\n<li><strong>Streitigkeiten<\/strong><\/li>\n<\/ol>\n<p>Dieser Vertrag unterliegt belgischem Recht. E-MOBILITY SERVICE kann nicht f\u00fcr materielle, immaterielle oder k\u00f6rperliche Sch\u00e4den jeglicher Art verantwortlich gemacht werden, die aus einer Fehlfunktion oder der unsachgem\u00e4\u00dfen Verwendung der verkauften Produkte resultieren k\u00f6nnten. Gleiches gilt f\u00fcr m\u00f6gliche Modifikationen der Produkte durch die Hersteller. Die Verantwortung von E-MOBILITY SERVICE ist in jedem Fall auf den Bestellbetrag beschr\u00e4nkt und kann nicht f\u00fcr einfache Fehler oder Auslassungen verantwortlich gemacht werden, die trotz aller Vorsichtsma\u00dfnahmen bei der Pr\u00e4sentation der Produkte m\u00f6glicherweise bestehen geblieben sind. Bei Schwierigkeiten bei der Anwendung dieses Vertrages hat der K\u00e4ufer die M\u00f6glichkeit, vor rechtlichen Schritten insbesondere mit Hilfe eines Berufsverbandes eine g\u00fctliche L\u00f6sung zu suchen, ein Verbraucherverband oder ein anderer Rat seiner Wahl. Es wird daran erinnert, dass die Suche nach einer g\u00fctlichen L\u00f6sung weder die &#8222;kurze Frist&#8220; der gesetzlichen Garantie noch die Dauer der vertraglichen Garantie unterbricht.<\/p>\n<p>Es wird daran erinnert, dass die Einhaltung der Bestimmungen dieses Vertrages in Bezug auf die vertragliche Garantie in der Regel und vorbehaltlich des Urteils der Gerichte davon ausgeht, dass der K\u00e4ufer seinen finanziellen Verpflichtungen gegen\u00fcber dem Verk\u00e4ufer nachkommt. Beschwerden oder Streitigkeiten werden immer mit aufmerksamer G\u00fcte aufgenommen, wobei bei denen, die sich die M\u00fche machen, ihre Situation zu erkl\u00e4ren, immer Treu und Glauben vorausgesetzt wird.<\/p>\n<ol start=\"8\">\n<li><strong>Garantie<\/strong><\/li>\n<\/ol>\n<p>Alle unsere Artikel haben eine Garantie von 2 Jahren oder 20.000 km (einschlie\u00dflich Batterien).<\/p>\n<p>In jedem Fall kann E-MOBILITY SERVICE nicht f\u00fcr die Nichteinhaltung der im Empfangsland geltenden gesetzlichen und beh\u00f6rdlichen Bestimmungen verantwortlich gemacht werden. Die Verantwortung von E-MOBILITY SERVICE ist systematisch auf den Wert des betreffenden Produkts beschr\u00e4nkt zum Zeitpunkt des Verkaufs und ohne R\u00fcckgriff auf die Marke oder das Unternehmen, das das Produkt herstellt.<\/p>\n","protected":false},"excerpt":{"rendered":"<p>AGB Pr\u00e4ambel 2 20 ist eine Marke des Unternehmens E-MOBILITY SERVICE. Die Website ist Eigentum des Unternehmens E-MOBILITY in seiner Gesamtheit sowie aller damit verbundenen Rechte. Jede Reproduktion, ganz oder teilweise, unterliegt systematisch der Genehmigung der Eigent\u00fcmer. Hypertext-Links zur Site werden jedoch ohne besondere Anforderung autorisiert. Akzeptanz von Bedingungen Der Kunde best\u00e4tigt, zum Zeitpunkt der&hellip;&nbsp;<a href=\"https:\/\/www.2twentyscooters.com\/de\/agb\/\" class=\"\" rel=\"bookmark\">Weiterlesen &raquo;<span class=\"screen-reader-text\">AGB<\/span><\/a><\/p>\n","protected":false},"author":1,"featured_media":0,"parent":0,"menu_order":0,"comment_status":"closed","ping_status":"closed","template":"elementor_header_footer","meta":[],"yoast_head":"<!-- This site is optimized with the Yoast SEO plugin v18.4.1 - https:\/\/yoast.com\/wordpress\/plugins\/seo\/ -->\n<title>AGB<\/title>\n<meta name=\"robots\" content=\"noindex, nofollow\" \/>\n<meta property=\"og:locale\" content=\"de_DE\" \/>\n<meta property=\"og:type\" content=\"article\" \/>\n<meta property=\"og:title\" content=\"AGB\" \/>\n<meta property=\"og:description\" content=\"AGB Pr\u00e4ambel 2 20 ist eine Marke des Unternehmens E-MOBILITY SERVICE. Die Website ist Eigentum des Unternehmens E-MOBILITY in seiner Gesamtheit sowie aller damit verbundenen Rechte. Jede Reproduktion, ganz oder teilweise, unterliegt systematisch der Genehmigung der Eigent\u00fcmer. Hypertext-Links zur Site werden jedoch ohne besondere Anforderung autorisiert. Akzeptanz von Bedingungen Der Kunde best\u00e4tigt, zum Zeitpunkt der&hellip;&nbsp;Weiterlesen &raquo;AGB\" \/>\n<meta property=\"og:url\" content=\"https:\/\/www.2twentyscooters.com\/de\/agb\/\" \/>\n<meta property=\"og:site_name\" content=\"2Twenty Scooter \u00e9lectrique\" \/>\n<meta property=\"article:modified_time\" content=\"2021-03-02T08:58:03+00:00\" \/>\n<meta name=\"twitter:card\" content=\"summary\" \/>\n<meta name=\"twitter:label1\" content=\"Gesch\u00e4tzte Lesezeit\" \/>\n\t<meta name=\"twitter:data1\" content=\"5\u00a0Minuten\" \/>\n<script type=\"application\/ld+json\" class=\"yoast-schema-graph\">{\"@context\":\"https:\/\/schema.org\",\"@graph\":[{\"@type\":\"Organization\",\"@id\":\"https:\/\/www.2twentyscooters.com\/en\/#organization\",\"name\":\"2twentyscooters\",\"url\":\"https:\/\/www.2twentyscooters.com\/en\/\",\"sameAs\":[],\"logo\":{\"@type\":\"ImageObject\",\"@id\":\"https:\/\/www.2twentyscooters.com\/en\/#logo\",\"inLanguage\":\"de\",\"url\":\"https:\/\/www.2twentyscooters.com\/wp-content\/uploads\/2022\/03\/2twenty-scooters-logo.png\",\"contentUrl\":\"https:\/\/www.2twentyscooters.com\/wp-content\/uploads\/2022\/03\/2twenty-scooters-logo.png\",\"width\":342,\"height\":55,\"caption\":\"2twentyscooters\"},\"image\":{\"@id\":\"https:\/\/www.2twentyscooters.com\/en\/#logo\"}},{\"@type\":\"WebSite\",\"@id\":\"https:\/\/www.2twentyscooters.com\/en\/#website\",\"url\":\"https:\/\/www.2twentyscooters.com\/en\/\",\"name\":\"2Twenty Scooter \u00e9lectrique\",\"description\":\"\",\"publisher\":{\"@id\":\"https:\/\/www.2twentyscooters.com\/en\/#organization\"},\"potentialAction\":[{\"@type\":\"SearchAction\",\"target\":{\"@type\":\"EntryPoint\",\"urlTemplate\":\"https:\/\/www.2twentyscooters.com\/en\/?s={search_term_string}\"},\"query-input\":\"required name=search_term_string\"}],\"inLanguage\":\"de\"},{\"@type\":\"WebPage\",\"@id\":\"https:\/\/www.2twentyscooters.com\/de\/agb\/#webpage\",\"url\":\"https:\/\/www.2twentyscooters.com\/de\/agb\/\",\"name\":\"AGB\",\"isPartOf\":{\"@id\":\"https:\/\/www.2twentyscooters.com\/en\/#website\"},\"datePublished\":\"2018-01-25T15:47:49+00:00\",\"dateModified\":\"2021-03-02T08:58:03+00:00\",\"breadcrumb\":{\"@id\":\"https:\/\/www.2twentyscooters.com\/de\/agb\/#breadcrumb\"},\"inLanguage\":\"de\",\"potentialAction\":[{\"@type\":\"ReadAction\",\"target\":[\"https:\/\/www.2twentyscooters.com\/de\/agb\/\"]}]},{\"@type\":\"BreadcrumbList\",\"@id\":\"https:\/\/www.2twentyscooters.com\/de\/agb\/#breadcrumb\",\"itemListElement\":[{\"@type\":\"ListItem\",\"position\":1,\"name\":\"Home\",\"item\":\"https:\/\/www.2twentyscooters.com\/de\/\"},{\"@type\":\"ListItem\",\"position\":2,\"name\":\"AGB\"}]}]}<\/script>\n<!-- \/ Yoast SEO plugin. -->","yoast_head_json":{"title":"AGB","robots":{"index":"noindex","follow":"nofollow"},"og_locale":"de_DE","og_type":"article","og_title":"AGB","og_description":"AGB Pr\u00e4ambel 2 20 ist eine Marke des Unternehmens E-MOBILITY SERVICE. Die Website ist Eigentum des Unternehmens E-MOBILITY in seiner Gesamtheit sowie aller damit verbundenen Rechte. Jede Reproduktion, ganz oder teilweise, unterliegt systematisch der Genehmigung der Eigent\u00fcmer. Hypertext-Links zur Site werden jedoch ohne besondere Anforderung autorisiert. Akzeptanz von Bedingungen Der Kunde best\u00e4tigt, zum Zeitpunkt der&hellip;&nbsp;Weiterlesen &raquo;AGB","og_url":"https:\/\/www.2twentyscooters.com\/de\/agb\/","og_site_name":"2Twenty Scooter \u00e9lectrique","article_modified_time":"2021-03-02T08:58:03+00:00","twitter_card":"summary","twitter_misc":{"Gesch\u00e4tzte Lesezeit":"5\u00a0Minuten"},"schema":{"@context":"https:\/\/schema.org","@graph":[{"@type":"Organization","@id":"https:\/\/www.2twentyscooters.com\/en\/#organization","name":"2twentyscooters","url":"https:\/\/www.2twentyscooters.com\/en\/","sameAs":[],"logo":{"@type":"ImageObject","@id":"https:\/\/www.2twentyscooters.com\/en\/#logo","inLanguage":"de","url":"https:\/\/www.2twentyscooters.com\/wp-content\/uploads\/2022\/03\/2twenty-scooters-logo.png","contentUrl":"https:\/\/www.2twentyscooters.com\/wp-content\/uploads\/2022\/03\/2twenty-scooters-logo.png","width":342,"height":55,"caption":"2twentyscooters"},"image":{"@id":"https:\/\/www.2twentyscooters.com\/en\/#logo"}},{"@type":"WebSite","@id":"https:\/\/www.2twentyscooters.com\/en\/#website","url":"https:\/\/www.2twentyscooters.com\/en\/","name":"2Twenty Scooter \u00e9lectrique","description":"","publisher":{"@id":"https:\/\/www.2twentyscooters.com\/en\/#organization"},"potentialAction":[{"@type":"SearchAction","target":{"@type":"EntryPoint","urlTemplate":"https:\/\/www.2twentyscooters.com\/en\/?s={search_term_string}"},"query-input":"required name=search_term_string"}],"inLanguage":"de"},{"@type":"WebPage","@id":"https:\/\/www.2twentyscooters.com\/de\/agb\/#webpage","url":"https:\/\/www.2twentyscooters.com\/de\/agb\/","name":"AGB","isPartOf":{"@id":"https:\/\/www.2twentyscooters.com\/en\/#website"},"datePublished":"2018-01-25T15:47:49+00:00","dateModified":"2021-03-02T08:58:03+00:00","breadcrumb":{"@id":"https:\/\/www.2twentyscooters.com\/de\/agb\/#breadcrumb"},"inLanguage":"de","potentialAction":[{"@type":"ReadAction","target":["https:\/\/www.2twentyscooters.com\/de\/agb\/"]}]},{"@type":"BreadcrumbList","@id":"https:\/\/www.2twentyscooters.com\/de\/agb\/#breadcrumb","itemListElement":[{"@type":"ListItem","position":1,"name":"Home","item":"https:\/\/www.2twentyscooters.com\/de\/"},{"@type":"ListItem","position":2,"name":"AGB"}]}]}},"_links":{"self":[{"href":"https:\/\/www.2twentyscooters.com\/de\/wp-json\/wp\/v2\/pages\/34202"}],"collection":[{"href":"https:\/\/www.2twentyscooters.com\/de\/wp-json\/wp\/v2\/pages"}],"about":[{"href":"https:\/\/www.2twentyscooters.com\/de\/wp-json\/wp\/v2\/types\/page"}],"author":[{"embeddable":true,"href":"https:\/\/www.2twentyscooters.com\/de\/wp-json\/wp\/v2\/users\/1"}],"replies":[{"embeddable":true,"href":"https:\/\/www.2twentyscooters.com\/de\/wp-json\/wp\/v2\/comments?post=34202"}],"version-history":[{"count":0,"href":"https:\/\/www.2twentyscooters.com\/de\/wp-json\/wp\/v2\/pages\/34202\/revisions"}],"wp:attachment":[{"href":"https:\/\/www.2twentyscooters.com\/de\/wp-json\/wp\/v2\/media?parent=34202"}],"curies":[{"name":"wp","href":"https:\/\/api.w.org\/{rel}","templated":true}]}}